{"id":90335,"date":"2020-12-24T11:42:43","date_gmt":"2020-12-24T10:42:44","guid":{"rendered":"https:\/\/tourtravelandmore.com\/?post_type=product&#038;p=90335"},"modified":"2023-12-04T09:46:02","modified_gmt":"2023-12-04T08:46:02","slug":"teotihuacan-y-santuario-de-guadalupe-tour-privado","status":"publish","type":"product","link":"https:\/\/tourtravelandmore.com\/es\/tours\/mexico-es\/mexico-df-es\/mexico-df-actividades-es\/teotihuacan-y-santuario-de-guadalupe-tour-privado\/","title":{"rendered":"Teotihuac\u00e1n y Santuario de Guadalupe Tour Privado"},"content":{"rendered":"<h2 id=\"tw-target-text\" class=\"tw-data-text tw-text-large XcVN5d tw-ta\" dir=\"ltr\" data-placeholder=\"Traducci\u00f3n\"><span lang=\"es\">Descripci\u00f3n del tour a Teotihuac\u00e1n y Santuario de Guadalupe<\/span><\/h2>\n<p>Si eres un apasionado de la historia y las ruinas antiguas, \u00a1esta es la excursi\u00f3n perfecta para ti!. Avent\u00farese en este <strong>Teotihuac\u00e1n y Santuario de Guadalupe Tour Privado<\/strong> con un equipo local profesional. Admire la <strong>Bas\u00edlica de Nuestra Se\u00f1ora de Guadalupe<\/strong> y las <strong>pir\u00e1mides de Teotihuac\u00e1n<\/strong>.<\/p>\n<p>Luego de una c\u00f3moda recogida en su hotel o lugar de elecci\u00f3n en la Ciudad de M\u00e9xico, se dirigir\u00e1 hacia San Juan Teotihuac\u00e1n de Arista. Disfrutar\u00e1s de esta experiencia \u00fanica, c\u00f3modamente, en un veh\u00edculo privado de lujo.<\/p>\n<p><strong>Teotihuac\u00e1n<\/strong> es un gran complejo arqueol\u00f3gico mexicano ubicado al noreste de la Ciudad de M\u00e9xico. Este complejo, tambi\u00e9n conocido como la \u201cCiudad de los Dioses\u201d, fue declarado <strong>Patrimonio de la Humanidad por la UNESCO<\/strong> en 1987. Este lugar es muy famoso, no solo por la historia que esconde, sino tambi\u00e9n por su gran valor espiritual para los mexicanos. Es considerado el sitio arqueol\u00f3gico m\u00e1s importante de todo M\u00e9xico.<\/p>\n<p>T\u00f3mese un d\u00eda libre de la ruidosa Ciudad de M\u00e9xico y tenga la oportunidad de admirar una arquitectura \u00fanica. Con nuestro Teotihuac\u00e1n y Santuario de Guadalupe, tour privado, aprender\u00e1 mucho sobre la historia antigua.<\/p>\n<h2>Puntos emblem\u00e1ticos y de inter\u00e9s en el tour a Teotihuac\u00e1n y Santuario de Guadalupe<\/h2>\n<p>En primer lugar, su conductor privado y gu\u00eda tur\u00edstico oficial lo recoger\u00e1n en el lugar que elija en la Ciudad de M\u00e9xico. El viaje hasta Teotihuac\u00e1n es de aproximadamente 45 minutos.<\/p>\n<p>Durante este recorrido privado, su gu\u00eda tur\u00edstico oficial lo iluminar\u00e1 con los or\u00edgenes de este sitio arqueol\u00f3gico. Tambi\u00e9n explicar\u00e1 historias sobre sus antiguos residentes y teor\u00edas sobre el declive de la ciudad. Tendr\u00e1s a tu total disposici\u00f3n un gu\u00eda tur\u00edstico con gran conocimiento sobre la arqueolog\u00eda y la historia de este fant\u00e1stico lugar.<\/p>\n<p>En <a href=\"https:\/\/www.inah.gob.mx\/zonas\/23-zona-arqueologica-de-teotihuacan\">Teotihuac\u00e1n<\/a>, visitar\u00e1 todo el complejo, incluyendo el sitio arqueol\u00f3gico y las pir\u00e1mides. Aqu\u00ed encontrar\u00e1s la pir\u00e1mide del Sol y la Luna. La <strong>Pir\u00e1mide del Sol<\/strong> es el edificio m\u00e1s grande de Teotihuac\u00e1n y uno de los m\u00e1s grandes de Mesoam\u00e9rica. Por otro lado, la <strong>Pir\u00e1mide de la Luna<\/strong> es un poco m\u00e1s peque\u00f1a y est\u00e1 ubicada en la parte norte de Teotihuac\u00e1n. Durante esta excursi\u00f3n privada podr\u00e1s escalar las pir\u00e1mides y disfrutar de sus incre\u00edbles vistas.<\/p>\n<p>M\u00e1s tarde, continuar\u00e1 hasta el <strong>Santuario de Guadalupe<\/strong>, donde su gu\u00eda le explicar\u00e1 la importancia de Guadalupe para la historia y la cultura mexicana. Es un santuario de la Iglesia Cat\u00f3lica, dedicado a la Virgen Mar\u00eda en su advocaci\u00f3n de Guadalupe, ubicado al pie del Cerro del Tepeyac.<\/p>\n<p>Finalmente, al finalizar la visita, regresar\u00e1 a su hotel o lugar de elecci\u00f3n en la Ciudad de M\u00e9xico.<\/p>\n","protected":false},"excerpt":{"rendered":"<p id=\"tw-target-text\" class=\"tw-data-text tw-text-large XcVN5d tw-ta\" dir=\"ltr\" data-placeholder=\"Traducci\u00f3n\">Aproveche la oportunidad de visitar uno de los lugares m\u00e1s incre\u00edbles y \u00fanicos de M\u00e9xico: Teotihuac\u00e1n. <span class=\"JLqJ4b ChMk0b\" data-language-for-alternatives=\"es\" data-language-to-translate-into=\"en\" data-phrase-index=\"1\">Lo acompa\u00f1ar\u00e1 un equipo local profesional en un veh\u00edculo de lujo.<\/span><\/p>\n","protected":false},"featured_media":90348,"comment_status":"open","ping_status":"closed","template":"","meta":{"_acf_changed":false},"product_brand":[],"product_cat":[3203,3378,3385,3388],"product_tag":[],"class_list":{"0":"post-90335","1":"product","2":"type-product","3":"status-publish","4":"has-post-thumbnail","6":"product_cat-mexico-es","7":"product_cat-mexico-df-es","8":"product_cat-mexico-df-actividades-es","9":"product_cat-mexico-df-tours-privados-es","11":"first","12":"instock","13":"shipping-taxable","14":"purchasable","15":"product-type-simple"},"acf":[],"yoast_head":"<!-- This site is optimized with the Yoast SEO Premium plugin v25.3.1 (Yoast SEO v25.3.1) - https:\/\/yoast.com\/wordpress\/plugins\/seo\/ -->\n<title>\u27a1\ufe0f Teotihuac\u00e1n y Santuario de Guadalupe Tour Privado con gu\u00eda local | Tour Travel &amp; More<\/title>\n<meta name=\"description\" content=\"\u00danase a Tour Travel &amp; More con este Teotihuac\u00e1n y Santuario de Guadalupe Tour Privado. Disfrute de una arquitectura \u00fanica con un profesional\" \/>\n<meta name=\"robots\" content=\"index, follow, max-snippet:-1, max-image-preview:large, max-video-preview:-1\" \/>\n<link rel=\"canonical\" href=\"https:\/\/tourtravelandmore.com\/es\/tours\/mexico-es\/mexico-df-es\/mexico-df-actividades-es\/teotihuacan-y-santuario-de-guadalupe-tour-privado\/\" \/>\n<meta property=\"og:locale\" content=\"es_ES\" \/>\n<meta property=\"og:type\" content=\"article\" \/>\n<meta property=\"og:title\" content=\"Teotihuac\u00e1n y Santuario de Guadalupe Tour Privado\" \/>\n<meta property=\"og:description\" content=\"\u00danase a Tour Travel &amp; More con este Teotihuac\u00e1n y Santuario de Guadalupe Tour Privado. Disfrute de una arquitectura \u00fanica con un profesional\" \/>\n<meta property=\"og:url\" content=\"https:\/\/tourtravelandmore.com\/es\/tours\/mexico-es\/mexico-df-es\/mexico-df-actividades-es\/teotihuacan-y-santuario-de-guadalupe-tour-privado\/\" \/>\n<meta property=\"og:site_name\" content=\"Tour Travel And More\" \/>\n<meta property=\"article:publisher\" content=\"https:\/\/www.facebook.com\/tourtravelandmore\/\" \/>\n<meta property=\"article:modified_time\" content=\"2023-12-04T08:46:02+00:00\" \/>\n<meta property=\"og:image\" content=\"https:\/\/tourtravelandmore.com\/wp-content\/uploads\/2020\/12\/teo-scaled.jpg\" \/>\n\t<meta property=\"og:image:width\" content=\"2560\" \/>\n\t<meta property=\"og:image:height\" content=\"1707\" \/>\n\t<meta property=\"og:image:type\" content=\"image\/jpeg\" \/>\n<meta name=\"twitter:card\" content=\"summary_large_image\" \/>\n<meta name=\"twitter:site\" content=\"@TourTravel_More\" \/>\n<meta name=\"twitter:label1\" content=\"Tiempo de lectura\" \/>\n\t<meta name=\"twitter:data1\" content=\"2 minutos\" \/>\n<script type=\"application\/ld+json\" class=\"yoast-schema-graph\">{\"@context\":\"https:\/\/schema.org\",\"@graph\":[{\"@type\":\"WebPage\",\"@id\":\"https:\/\/tourtravelandmore.com\/es\/tours\/mexico-es\/mexico-df-es\/mexico-df-actividades-es\/teotihuacan-y-santuario-de-guadalupe-tour-privado\/\",\"url\":\"https:\/\/tourtravelandmore.com\/es\/tours\/mexico-es\/mexico-df-es\/mexico-df-actividades-es\/teotihuacan-y-santuario-de-guadalupe-tour-privado\/\",\"name\":\"\u27a1\ufe0f Teotihuac\u00e1n y Santuario de Guadalupe Tour Privado con gu\u00eda local | Tour Travel & More\",\"isPartOf\":{\"@id\":\"https:\/\/tourtravelandmore.com\/es\/#website\"},\"primaryImageOfPage\":{\"@id\":\"https:\/\/tourtravelandmore.com\/es\/tours\/mexico-es\/mexico-df-es\/mexico-df-actividades-es\/teotihuacan-y-santuario-de-guadalupe-tour-privado\/#primaryimage\"},\"image\":{\"@id\":\"https:\/\/tourtravelandmore.com\/es\/tours\/mexico-es\/mexico-df-es\/mexico-df-actividades-es\/teotihuacan-y-santuario-de-guadalupe-tour-privado\/#primaryimage\"},\"thumbnailUrl\":\"https:\/\/tourtravelandmore.com\/wp-content\/uploads\/2020\/12\/teo-scaled.jpg\",\"datePublished\":\"2020-12-24T10:42:44+00:00\",\"dateModified\":\"2023-12-04T08:46:02+00:00\",\"description\":\"\u00danase a Tour Travel & More con este Teotihuac\u00e1n y Santuario de Guadalupe Tour Privado. Disfrute de una arquitectura \u00fanica con un profesional\",\"breadcrumb\":{\"@id\":\"https:\/\/tourtravelandmore.com\/es\/tours\/mexico-es\/mexico-df-es\/mexico-df-actividades-es\/teotihuacan-y-santuario-de-guadalupe-tour-privado\/#breadcrumb\"},\"inLanguage\":\"es\",\"potentialAction\":[{\"@type\":\"ReadAction\",\"target\":[\"https:\/\/tourtravelandmore.com\/es\/tours\/mexico-es\/mexico-df-es\/mexico-df-actividades-es\/teotihuacan-y-santuario-de-guadalupe-tour-privado\/\"]}]},{\"@type\":\"ImageObject\",\"inLanguage\":\"es\",\"@id\":\"https:\/\/tourtravelandmore.com\/es\/tours\/mexico-es\/mexico-df-es\/mexico-df-actividades-es\/teotihuacan-y-santuario-de-guadalupe-tour-privado\/#primaryimage\",\"url\":\"https:\/\/tourtravelandmore.com\/wp-content\/uploads\/2020\/12\/teo-scaled.jpg\",\"contentUrl\":\"https:\/\/tourtravelandmore.com\/wp-content\/uploads\/2020\/12\/teo-scaled.jpg\",\"width\":2560,\"height\":1707},{\"@type\":\"BreadcrumbList\",\"@id\":\"https:\/\/tourtravelandmore.com\/es\/tours\/mexico-es\/mexico-df-es\/mexico-df-actividades-es\/teotihuacan-y-santuario-de-guadalupe-tour-privado\/#breadcrumb\",\"itemListElement\":[{\"@type\":\"ListItem\",\"position\":1,\"name\":\"Home\",\"item\":\"https:\/\/tourtravelandmore.com\/es\/\"},{\"@type\":\"ListItem\",\"position\":2,\"name\":\"Tours\",\"item\":\"https:\/\/tourtravelandmore.com\/es\/tours\/\"},{\"@type\":\"ListItem\",\"position\":3,\"name\":\"Teotihuac\u00e1n y Santuario de Guadalupe Tour Privado\"}]},{\"@type\":\"WebSite\",\"@id\":\"https:\/\/tourtravelandmore.com\/es\/#website\",\"url\":\"https:\/\/tourtravelandmore.com\/es\/\",\"name\":\"Tour Travel And More\",\"description\":\"Private sightseeing tours and luxury transfers in Spain\",\"publisher\":{\"@id\":\"https:\/\/tourtravelandmore.com\/es\/#organization\"},\"potentialAction\":[{\"@type\":\"SearchAction\",\"target\":{\"@type\":\"EntryPoint\",\"urlTemplate\":\"https:\/\/tourtravelandmore.com\/es\/?s={search_term_string}\"},\"query-input\":{\"@type\":\"PropertyValueSpecification\",\"valueRequired\":true,\"valueName\":\"search_term_string\"}}],\"inLanguage\":\"es\"},{\"@type\":\"Organization\",\"@id\":\"https:\/\/tourtravelandmore.com\/es\/#organization\",\"name\":\"Tour Travel And More\",\"url\":\"https:\/\/tourtravelandmore.com\/es\/\",\"logo\":{\"@type\":\"ImageObject\",\"inLanguage\":\"es\",\"@id\":\"https:\/\/tourtravelandmore.com\/es\/#\/schema\/logo\/image\/\",\"url\":\"https:\/\/tourtravelandmore.com\/wp-content\/uploads\/2022\/12\/cropped-logo-cabecera-new.png\",\"contentUrl\":\"https:\/\/tourtravelandmore.com\/wp-content\/uploads\/2022\/12\/cropped-logo-cabecera-new.png\",\"width\":430,\"height\":61,\"caption\":\"Tour Travel And More\"},\"image\":{\"@id\":\"https:\/\/tourtravelandmore.com\/es\/#\/schema\/logo\/image\/\"},\"sameAs\":[\"https:\/\/www.facebook.com\/tourtravelandmore\/\",\"https:\/\/x.com\/TourTravel_More\"]}]}<\/script>\n<!-- \/ Yoast SEO Premium plugin. -->","yoast_head_json":{"title":"\u27a1\ufe0f Teotihuac\u00e1n y Santuario de Guadalupe Tour Privado con gu\u00eda local | Tour Travel & More","description":"\u00danase a Tour Travel & More con este Teotihuac\u00e1n y Santuario de Guadalupe Tour Privado. Disfrute de una arquitectura \u00fanica con un profesional","robots":{"index":"index","follow":"follow","max-snippet":"max-snippet:-1","max-image-preview":"max-image-preview:large","max-video-preview":"max-video-preview:-1"},"canonical":"https:\/\/tourtravelandmore.com\/es\/tours\/mexico-es\/mexico-df-es\/mexico-df-actividades-es\/teotihuacan-y-santuario-de-guadalupe-tour-privado\/","og_locale":"es_ES","og_type":"article","og_title":"Teotihuac\u00e1n y Santuario de Guadalupe Tour Privado","og_description":"\u00danase a Tour Travel & More con este Teotihuac\u00e1n y Santuario de Guadalupe Tour Privado. Disfrute de una arquitectura \u00fanica con un profesional","og_url":"https:\/\/tourtravelandmore.com\/es\/tours\/mexico-es\/mexico-df-es\/mexico-df-actividades-es\/teotihuacan-y-santuario-de-guadalupe-tour-privado\/","og_site_name":"Tour Travel And More","article_publisher":"https:\/\/www.facebook.com\/tourtravelandmore\/","article_modified_time":"2023-12-04T08:46:02+00:00","og_image":[{"width":2560,"height":1707,"url":"https:\/\/tourtravelandmore.com\/wp-content\/uploads\/2020\/12\/teo-scaled.jpg","type":"image\/jpeg"}],"twitter_card":"summary_large_image","twitter_site":"@TourTravel_More","twitter_misc":{"Tiempo de lectura":"2 minutos"},"schema":{"@context":"https:\/\/schema.org","@graph":[{"@type":"WebPage","@id":"https:\/\/tourtravelandmore.com\/es\/tours\/mexico-es\/mexico-df-es\/mexico-df-actividades-es\/teotihuacan-y-santuario-de-guadalupe-tour-privado\/","url":"https:\/\/tourtravelandmore.com\/es\/tours\/mexico-es\/mexico-df-es\/mexico-df-actividades-es\/teotihuacan-y-santuario-de-guadalupe-tour-privado\/","name":"\u27a1\ufe0f Teotihuac\u00e1n y Santuario de Guadalupe Tour Privado con gu\u00eda local | Tour Travel & More","isPartOf":{"@id":"https:\/\/tourtravelandmore.com\/es\/#website"},"primaryImageOfPage":{"@id":"https:\/\/tourtravelandmore.com\/es\/tours\/mexico-es\/mexico-df-es\/mexico-df-actividades-es\/teotihuacan-y-santuario-de-guadalupe-tour-privado\/#primaryimage"},"image":{"@id":"https:\/\/tourtravelandmore.com\/es\/tours\/mexico-es\/mexico-df-es\/mexico-df-actividades-es\/teotihuacan-y-santuario-de-guadalupe-tour-privado\/#primaryimage"},"thumbnailUrl":"https:\/\/tourtravelandmore.com\/wp-content\/uploads\/2020\/12\/teo-scaled.jpg","datePublished":"2020-12-24T10:42:44+00:00","dateModified":"2023-12-04T08:46:02+00:00","description":"\u00danase a Tour Travel & More con este Teotihuac\u00e1n y Santuario de Guadalupe Tour Privado. Disfrute de una arquitectura \u00fanica con un profesional","breadcrumb":{"@id":"https:\/\/tourtravelandmore.com\/es\/tours\/mexico-es\/mexico-df-es\/mexico-df-actividades-es\/teotihuacan-y-santuario-de-guadalupe-tour-privado\/#breadcrumb"},"inLanguage":"es","potentialAction":[{"@type":"ReadAction","target":["https:\/\/tourtravelandmore.com\/es\/tours\/mexico-es\/mexico-df-es\/mexico-df-actividades-es\/teotihuacan-y-santuario-de-guadalupe-tour-privado\/"]}]},{"@type":"ImageObject","inLanguage":"es","@id":"https:\/\/tourtravelandmore.com\/es\/tours\/mexico-es\/mexico-df-es\/mexico-df-actividades-es\/teotihuacan-y-santuario-de-guadalupe-tour-privado\/#primaryimage","url":"https:\/\/tourtravelandmore.com\/wp-content\/uploads\/2020\/12\/teo-scaled.jpg","contentUrl":"https:\/\/tourtravelandmore.com\/wp-content\/uploads\/2020\/12\/teo-scaled.jpg","width":2560,"height":1707},{"@type":"BreadcrumbList","@id":"https:\/\/tourtravelandmore.com\/es\/tours\/mexico-es\/mexico-df-es\/mexico-df-actividades-es\/teotihuacan-y-santuario-de-guadalupe-tour-privado\/#breadcrumb","itemListElement":[{"@type":"ListItem","position":1,"name":"Home","item":"https:\/\/tourtravelandmore.com\/es\/"},{"@type":"ListItem","position":2,"name":"Tours","item":"https:\/\/tourtravelandmore.com\/es\/tours\/"},{"@type":"ListItem","position":3,"name":"Teotihuac\u00e1n y Santuario de Guadalupe Tour Privado"}]},{"@type":"WebSite","@id":"https:\/\/tourtravelandmore.com\/es\/#website","url":"https:\/\/tourtravelandmore.com\/es\/","name":"Tour Travel And More","description":"Private sightseeing tours and luxury transfers in Spain","publisher":{"@id":"https:\/\/tourtravelandmore.com\/es\/#organization"},"potentialAction":[{"@type":"SearchAction","target":{"@type":"EntryPoint","urlTemplate":"https:\/\/tourtravelandmore.com\/es\/?s={search_term_string}"},"query-input":{"@type":"PropertyValueSpecification","valueRequired":true,"valueName":"search_term_string"}}],"inLanguage":"es"},{"@type":"Organization","@id":"https:\/\/tourtravelandmore.com\/es\/#organization","name":"Tour Travel And More","url":"https:\/\/tourtravelandmore.com\/es\/","logo":{"@type":"ImageObject","inLanguage":"es","@id":"https:\/\/tourtravelandmore.com\/es\/#\/schema\/logo\/image\/","url":"https:\/\/tourtravelandmore.com\/wp-content\/uploads\/2022\/12\/cropped-logo-cabecera-new.png","contentUrl":"https:\/\/tourtravelandmore.com\/wp-content\/uploads\/2022\/12\/cropped-logo-cabecera-new.png","width":430,"height":61,"caption":"Tour Travel And More"},"image":{"@id":"https:\/\/tourtravelandmore.com\/es\/#\/schema\/logo\/image\/"},"sameAs":["https:\/\/www.facebook.com\/tourtravelandmore\/","https:\/\/x.com\/TourTravel_More"]}]}},"_links":{"self":[{"href":"https:\/\/tourtravelandmore.com\/es\/wp-json\/wp\/v2\/product\/90335","targetHints":{"allow":["GET"]}}],"collection":[{"href":"https:\/\/tourtravelandmore.com\/es\/wp-json\/wp\/v2\/product"}],"about":[{"href":"https:\/\/tourtravelandmore.com\/es\/wp-json\/wp\/v2\/types\/product"}],"replies":[{"embeddable":true,"href":"https:\/\/tourtravelandmore.com\/es\/wp-json\/wp\/v2\/comments?post=90335"}],"wp:featuredmedia":[{"embeddable":true,"href":"https:\/\/tourtravelandmore.com\/es\/wp-json\/wp\/v2\/media\/90348"}],"wp:attachment":[{"href":"https:\/\/tourtravelandmore.com\/es\/wp-json\/wp\/v2\/media?parent=90335"}],"wp:term":[{"taxonomy":"product_brand","embeddable":true,"href":"https:\/\/tourtravelandmore.com\/es\/wp-json\/wp\/v2\/product_brand?post=90335"},{"taxonomy":"product_cat","embeddable":true,"href":"https:\/\/tourtravelandmore.com\/es\/wp-json\/wp\/v2\/product_cat?post=90335"},{"taxonomy":"product_tag","embeddable":true,"href":"https:\/\/tourtravelandmore.com\/es\/wp-json\/wp\/v2\/product_tag?post=90335"}],"curies":[{"name":"wp","href":"https:\/\/api.w.org\/{rel}","templated":true}]}}