{"id":90300,"date":"2020-12-24T10:34:07","date_gmt":"2020-12-24T09:34:08","guid":{"rendered":"https:\/\/tourtravelandmore.com\/?post_type=product&#038;p=90300"},"modified":"2021-09-06T14:34:17","modified_gmt":"2021-09-06T12:34:17","slug":"tour-privado-al-viejo-oeste-desde-phoenix","status":"publish","type":"product","link":"https:\/\/tourtravelandmore.com\/es\/tours\/eeuu-es\/phoenix-es\/phoenix-actividades-es\/tour-privado-al-viejo-oeste-desde-phoenix\/","title":{"rendered":"Tour Privado al Viejo Oeste"},"content":{"rendered":"<h2><strong>Descripci\u00f3n del Tour Privado al Viejo Oeste<\/strong><\/h2>\n<p>Dentro del Estado, el Viejo Oeste vive en Arizona. Con diversos hoteles, tiendas, restaurantes y sitios hist\u00f3ricos, el Viejo Oeste est\u00e1 presente en Arizona. Aprovecha tu visita a Phoenix y disfruta nuestro <b>tour privado al Viejo Oeste desde Phoenix.<\/b><\/p>\n<p>Ofrecemos dos opciones para el itinerario de este tour. Podr\u00e1s visitar el centro o la regi\u00f3n sur de Arizona. Es tambi\u00e9n posible visitar ambos en un d\u00eda, pero ello incluir\u00eda una mayor duraci\u00f3n y viaje en coche. Podemos dividir las visita en dos d\u00edas tambi\u00e9n si lo desea.<\/p>\n<p>Luego de que su chofer y gu\u00eda le recojan, comenzar\u00e1 su excursi\u00f3n hacia el Viejo Oeste. Todos nuestros tours son privados y organizados a medida. Por favor no dude en consultarnos, nuestro equipo de expertos le ayudar\u00e1 a coordinar una experiencia privada a medida.<\/p>\n<h2><strong>Puntos de inter\u00e9s en Tour Privado al Viejo Oeste<\/strong><\/h2>\n<p>Quiz\u00e1s conozcas a Arthur Morgan y sus excursiones por el Viejo Oeste?<\/p>\n<p>Durante nuestro <b>tour privado al Viejo Oeste desde Phoenix<\/b><strong>\u00a0<\/strong>podr\u00e1 usted descubrir los sitios hist\u00f3ricos que representan el Viejo Oeste. Su gu\u00eda local le iluminar\u00e1 con las historias y leyendas de estos maravillosos pueblos. El tour podr\u00e1 estar enfocado en la regi\u00f3n Sur o Centro de Arizona.<\/p>\n<p>En la regi\u00f3n <strong>Sur de Arizona<\/strong> podr\u00e1 visitar <a href=\"https:\/\/www.visitarizona.com\/places\/cities\/tombstone\/\">Tombstone<\/a>,\u00a0<a href=\"https:\/\/www.visitarizona.com\/places\/cities\/bisbee\/\">Bisbee<\/a>\u00a0y <a href=\"https:\/\/www.visitarizona.com\/places\/cities\/douglas\/\">Douglas<\/a>.<\/p>\n<p>Si eres un fan\u00e1tico de las pel\u00edculas del Viejo Oeste definitivamente ya conoces <strong>Tombstone<\/strong>! A partir del crecimiento de las minas de platas en los 1870 su poblaci\u00f3n creci\u00f3, siendo una de las m\u00e1s grandes de la regi\u00f3n. Tombstone ofreci\u00f3 muchas opciones de entretenimiento para los trabajadores de las minas. Podr\u00e1s ver los teatros, operas y restaurantes antiguos!<\/p>\n<p>Bisbee era tambi\u00e9n una ciudad creada para los trabajadores de las minas. Descubre y explora su colorido centro hist\u00f3rico. Votado como \u201cMejor ciudad hist\u00f3rica de USA\u201d por los lectores de USA Today y \u201cUno de los mejores lugares para visitar en 2018 por Frommer\u2019s\u201d,\u00a0 Bisbee es un maravilloso sitio donde el pasado y \u00e9l presenta se encuentran y conviven.<\/p>\n<p>Llamada por el pionero de las minas James Douglas, el pueblo Douglas fue tambi\u00e9n donde los mineros que trabajaban en Bisbee. Pero la historia de este pueblo se extiende al Siglo 17, donde los espa\u00f1oles establecieron el presidio San Bernardino.<\/p>\n<p>En <strong>Arizona Central<\/strong> podr\u00e1s visitar <a href=\"https:\/\/www.visitarizona.com\/places\/cities\/wickenburg\/\">Wickenburg<\/a>, <a href=\"https:\/\/www.visitarizona.com\/places\/cities\/jerome\/\">Jerome<\/a> y\u00a0<a href=\"https:\/\/www.visitarizona.com\/places\/cities\/prescott\/\">Prescott.<\/a><\/p>\n<p>Situada a tan solo 50 minutos al noroeste de Phoenix, en el r\u00edo Hassayampa, Wickenburg se enorgullece de ser la ciudad m\u00e1s al Oeste de Arizona. Explora su centro hist\u00f3rico y camina a trav\u00e9s de sus edificios hist\u00f3ricos, visitando sus galer\u00edas de arte y negocios decorados al estilo Viejo Oeste.<\/p>\n<p>Jerome fue fundada en 1876 y nombrada U.S. Centennial City en el a\u00f1o 1976. La ciudad alberg\u00f3 una de las minas m\u00e1s ricas de la regi\u00f3n. Jerome fue declarada patrimonio nacional hist\u00f3rico en el a\u00f1o 1967.<\/p>\n<p>Situado en el Bosque Nacional de Ponderosa Pines, Prescott alberga otro maravilloso centro hist\u00f3rico con casas victorianas. Visita el maravilloso palacio de justicia y disfruta la maravillosa gastronom\u00eda de Prescott.<\/p>\n","protected":false},"excerpt":{"rendered":"<p>Explora el <strong>Viejo Oeste de Arizona<\/strong> y sus hist\u00f3ricos pueblos junto a uno de nuestros gu\u00edas locales expertos.<\/p>\n","protected":false},"featured_media":90324,"comment_status":"open","ping_status":"closed","template":"","meta":{"_acf_changed":false},"product_brand":[],"product_cat":[1602,3141,3162,3165],"product_tag":[],"class_list":{"0":"post-90300","1":"product","2":"type-product","3":"status-publish","4":"has-post-thumbnail","6":"product_cat-eeuu-es","7":"product_cat-phoenix-es","8":"product_cat-phoenix-actividades-es","9":"product_cat-phoenix-tours-es","11":"first","12":"instock","13":"shipping-taxable","14":"purchasable","15":"product-type-simple"},"acf":[],"yoast_head":"<!-- This site is optimized with the Yoast SEO Premium plugin v25.3.1 (Yoast SEO v25.3.1) - https:\/\/yoast.com\/wordpress\/plugins\/seo\/ -->\n<title>Tour privado al Viejo Oeste desde Phoenix con gu\u00eda local | TTM<\/title>\n<meta name=\"description\" content=\"\u2192 Reserve este tour privado al Viejo Oeste desde Phoenix en un veh\u00edculo privado con chofer\/gu\u00eda que lo llevar\u00e1 a explorar el Viejo Oeste \u2705\" \/>\n<meta name=\"robots\" content=\"index, follow, max-snippet:-1, max-image-preview:large, max-video-preview:-1\" \/>\n<link rel=\"canonical\" href=\"https:\/\/tourtravelandmore.com\/es\/tours\/eeuu-es\/phoenix-es\/phoenix-actividades-es\/tour-privado-al-viejo-oeste-desde-phoenix\/\" \/>\n<meta property=\"og:locale\" content=\"es_ES\" \/>\n<meta property=\"og:type\" content=\"article\" \/>\n<meta property=\"og:title\" content=\"Tour Privado al Viejo Oeste\" \/>\n<meta property=\"og:description\" content=\"\u2192 Reserve este tour privado al Viejo Oeste desde Phoenix en un veh\u00edculo privado con chofer\/gu\u00eda que lo llevar\u00e1 a explorar el Viejo Oeste \u2705\" \/>\n<meta property=\"og:url\" content=\"https:\/\/tourtravelandmore.com\/es\/tours\/eeuu-es\/phoenix-es\/phoenix-actividades-es\/tour-privado-al-viejo-oeste-desde-phoenix\/\" \/>\n<meta property=\"og:site_name\" content=\"Tour Travel And More\" \/>\n<meta property=\"article:publisher\" content=\"https:\/\/www.facebook.com\/tourtravelandmore\/\" \/>\n<meta property=\"article:modified_time\" content=\"2021-09-06T12:34:17+00:00\" \/>\n<meta property=\"og:image\" content=\"https:\/\/tourtravelandmore.com\/wp-content\/uploads\/2020\/12\/old-tomstone.jpeg\" \/>\n\t<meta property=\"og:image:width\" content=\"1114\" \/>\n\t<meta property=\"og:image:height\" content=\"685\" \/>\n\t<meta property=\"og:image:type\" content=\"image\/jpeg\" \/>\n<meta name=\"twitter:card\" content=\"summary_large_image\" \/>\n<meta name=\"twitter:site\" content=\"@TourTravel_More\" \/>\n<meta name=\"twitter:label1\" content=\"Tiempo de lectura\" \/>\n\t<meta name=\"twitter:data1\" content=\"3 minutos\" \/>\n<script type=\"application\/ld+json\" class=\"yoast-schema-graph\">{\"@context\":\"https:\/\/schema.org\",\"@graph\":[{\"@type\":\"WebPage\",\"@id\":\"https:\/\/tourtravelandmore.com\/es\/tours\/eeuu-es\/phoenix-es\/phoenix-actividades-es\/tour-privado-al-viejo-oeste-desde-phoenix\/\",\"url\":\"https:\/\/tourtravelandmore.com\/es\/tours\/eeuu-es\/phoenix-es\/phoenix-actividades-es\/tour-privado-al-viejo-oeste-desde-phoenix\/\",\"name\":\"Tour privado al Viejo Oeste desde Phoenix con gu\u00eda local | TTM\",\"isPartOf\":{\"@id\":\"https:\/\/tourtravelandmore.com\/es\/#website\"},\"primaryImageOfPage\":{\"@id\":\"https:\/\/tourtravelandmore.com\/es\/tours\/eeuu-es\/phoenix-es\/phoenix-actividades-es\/tour-privado-al-viejo-oeste-desde-phoenix\/#primaryimage\"},\"image\":{\"@id\":\"https:\/\/tourtravelandmore.com\/es\/tours\/eeuu-es\/phoenix-es\/phoenix-actividades-es\/tour-privado-al-viejo-oeste-desde-phoenix\/#primaryimage\"},\"thumbnailUrl\":\"https:\/\/tourtravelandmore.com\/wp-content\/uploads\/2020\/12\/old-tomstone.jpeg\",\"datePublished\":\"2020-12-24T09:34:08+00:00\",\"dateModified\":\"2021-09-06T12:34:17+00:00\",\"description\":\"\u2192 Reserve este tour privado al Viejo Oeste desde Phoenix en un veh\u00edculo privado con chofer\/gu\u00eda que lo llevar\u00e1 a explorar el Viejo Oeste \u2705\",\"breadcrumb\":{\"@id\":\"https:\/\/tourtravelandmore.com\/es\/tours\/eeuu-es\/phoenix-es\/phoenix-actividades-es\/tour-privado-al-viejo-oeste-desde-phoenix\/#breadcrumb\"},\"inLanguage\":\"es\",\"potentialAction\":[{\"@type\":\"ReadAction\",\"target\":[\"https:\/\/tourtravelandmore.com\/es\/tours\/eeuu-es\/phoenix-es\/phoenix-actividades-es\/tour-privado-al-viejo-oeste-desde-phoenix\/\"]}]},{\"@type\":\"ImageObject\",\"inLanguage\":\"es\",\"@id\":\"https:\/\/tourtravelandmore.com\/es\/tours\/eeuu-es\/phoenix-es\/phoenix-actividades-es\/tour-privado-al-viejo-oeste-desde-phoenix\/#primaryimage\",\"url\":\"https:\/\/tourtravelandmore.com\/wp-content\/uploads\/2020\/12\/old-tomstone.jpeg\",\"contentUrl\":\"https:\/\/tourtravelandmore.com\/wp-content\/uploads\/2020\/12\/old-tomstone.jpeg\",\"width\":1114,\"height\":685,\"caption\":\"Old Tombstone\"},{\"@type\":\"BreadcrumbList\",\"@id\":\"https:\/\/tourtravelandmore.com\/es\/tours\/eeuu-es\/phoenix-es\/phoenix-actividades-es\/tour-privado-al-viejo-oeste-desde-phoenix\/#breadcrumb\",\"itemListElement\":[{\"@type\":\"ListItem\",\"position\":1,\"name\":\"Home\",\"item\":\"https:\/\/tourtravelandmore.com\/es\/\"},{\"@type\":\"ListItem\",\"position\":2,\"name\":\"Tours\",\"item\":\"https:\/\/tourtravelandmore.com\/es\/tours\/\"},{\"@type\":\"ListItem\",\"position\":3,\"name\":\"Tour Privado al Viejo Oeste\"}]},{\"@type\":\"WebSite\",\"@id\":\"https:\/\/tourtravelandmore.com\/es\/#website\",\"url\":\"https:\/\/tourtravelandmore.com\/es\/\",\"name\":\"Tour Travel And More\",\"description\":\"Private sightseeing tours and luxury transfers in Spain\",\"publisher\":{\"@id\":\"https:\/\/tourtravelandmore.com\/es\/#organization\"},\"potentialAction\":[{\"@type\":\"SearchAction\",\"target\":{\"@type\":\"EntryPoint\",\"urlTemplate\":\"https:\/\/tourtravelandmore.com\/es\/?s={search_term_string}\"},\"query-input\":{\"@type\":\"PropertyValueSpecification\",\"valueRequired\":true,\"valueName\":\"search_term_string\"}}],\"inLanguage\":\"es\"},{\"@type\":\"Organization\",\"@id\":\"https:\/\/tourtravelandmore.com\/es\/#organization\",\"name\":\"Tour Travel And More\",\"url\":\"https:\/\/tourtravelandmore.com\/es\/\",\"logo\":{\"@type\":\"ImageObject\",\"inLanguage\":\"es\",\"@id\":\"https:\/\/tourtravelandmore.com\/es\/#\/schema\/logo\/image\/\",\"url\":\"https:\/\/tourtravelandmore.com\/wp-content\/uploads\/2022\/12\/cropped-logo-cabecera-new.png\",\"contentUrl\":\"https:\/\/tourtravelandmore.com\/wp-content\/uploads\/2022\/12\/cropped-logo-cabecera-new.png\",\"width\":430,\"height\":61,\"caption\":\"Tour Travel And More\"},\"image\":{\"@id\":\"https:\/\/tourtravelandmore.com\/es\/#\/schema\/logo\/image\/\"},\"sameAs\":[\"https:\/\/www.facebook.com\/tourtravelandmore\/\",\"https:\/\/x.com\/TourTravel_More\"]}]}<\/script>\n<!-- \/ Yoast SEO Premium plugin. -->","yoast_head_json":{"title":"Tour privado al Viejo Oeste desde Phoenix con gu\u00eda local | TTM","description":"\u2192 Reserve este tour privado al Viejo Oeste desde Phoenix en un veh\u00edculo privado con chofer\/gu\u00eda que lo llevar\u00e1 a explorar el Viejo Oeste \u2705","robots":{"index":"index","follow":"follow","max-snippet":"max-snippet:-1","max-image-preview":"max-image-preview:large","max-video-preview":"max-video-preview:-1"},"canonical":"https:\/\/tourtravelandmore.com\/es\/tours\/eeuu-es\/phoenix-es\/phoenix-actividades-es\/tour-privado-al-viejo-oeste-desde-phoenix\/","og_locale":"es_ES","og_type":"article","og_title":"Tour Privado al Viejo Oeste","og_description":"\u2192 Reserve este tour privado al Viejo Oeste desde Phoenix en un veh\u00edculo privado con chofer\/gu\u00eda que lo llevar\u00e1 a explorar el Viejo Oeste \u2705","og_url":"https:\/\/tourtravelandmore.com\/es\/tours\/eeuu-es\/phoenix-es\/phoenix-actividades-es\/tour-privado-al-viejo-oeste-desde-phoenix\/","og_site_name":"Tour Travel And More","article_publisher":"https:\/\/www.facebook.com\/tourtravelandmore\/","article_modified_time":"2021-09-06T12:34:17+00:00","og_image":[{"width":1114,"height":685,"url":"https:\/\/tourtravelandmore.com\/wp-content\/uploads\/2020\/12\/old-tomstone.jpeg","type":"image\/jpeg"}],"twitter_card":"summary_large_image","twitter_site":"@TourTravel_More","twitter_misc":{"Tiempo de lectura":"3 minutos"},"schema":{"@context":"https:\/\/schema.org","@graph":[{"@type":"WebPage","@id":"https:\/\/tourtravelandmore.com\/es\/tours\/eeuu-es\/phoenix-es\/phoenix-actividades-es\/tour-privado-al-viejo-oeste-desde-phoenix\/","url":"https:\/\/tourtravelandmore.com\/es\/tours\/eeuu-es\/phoenix-es\/phoenix-actividades-es\/tour-privado-al-viejo-oeste-desde-phoenix\/","name":"Tour privado al Viejo Oeste desde Phoenix con gu\u00eda local | TTM","isPartOf":{"@id":"https:\/\/tourtravelandmore.com\/es\/#website"},"primaryImageOfPage":{"@id":"https:\/\/tourtravelandmore.com\/es\/tours\/eeuu-es\/phoenix-es\/phoenix-actividades-es\/tour-privado-al-viejo-oeste-desde-phoenix\/#primaryimage"},"image":{"@id":"https:\/\/tourtravelandmore.com\/es\/tours\/eeuu-es\/phoenix-es\/phoenix-actividades-es\/tour-privado-al-viejo-oeste-desde-phoenix\/#primaryimage"},"thumbnailUrl":"https:\/\/tourtravelandmore.com\/wp-content\/uploads\/2020\/12\/old-tomstone.jpeg","datePublished":"2020-12-24T09:34:08+00:00","dateModified":"2021-09-06T12:34:17+00:00","description":"\u2192 Reserve este tour privado al Viejo Oeste desde Phoenix en un veh\u00edculo privado con chofer\/gu\u00eda que lo llevar\u00e1 a explorar el Viejo Oeste \u2705","breadcrumb":{"@id":"https:\/\/tourtravelandmore.com\/es\/tours\/eeuu-es\/phoenix-es\/phoenix-actividades-es\/tour-privado-al-viejo-oeste-desde-phoenix\/#breadcrumb"},"inLanguage":"es","potentialAction":[{"@type":"ReadAction","target":["https:\/\/tourtravelandmore.com\/es\/tours\/eeuu-es\/phoenix-es\/phoenix-actividades-es\/tour-privado-al-viejo-oeste-desde-phoenix\/"]}]},{"@type":"ImageObject","inLanguage":"es","@id":"https:\/\/tourtravelandmore.com\/es\/tours\/eeuu-es\/phoenix-es\/phoenix-actividades-es\/tour-privado-al-viejo-oeste-desde-phoenix\/#primaryimage","url":"https:\/\/tourtravelandmore.com\/wp-content\/uploads\/2020\/12\/old-tomstone.jpeg","contentUrl":"https:\/\/tourtravelandmore.com\/wp-content\/uploads\/2020\/12\/old-tomstone.jpeg","width":1114,"height":685,"caption":"Old Tombstone"},{"@type":"BreadcrumbList","@id":"https:\/\/tourtravelandmore.com\/es\/tours\/eeuu-es\/phoenix-es\/phoenix-actividades-es\/tour-privado-al-viejo-oeste-desde-phoenix\/#breadcrumb","itemListElement":[{"@type":"ListItem","position":1,"name":"Home","item":"https:\/\/tourtravelandmore.com\/es\/"},{"@type":"ListItem","position":2,"name":"Tours","item":"https:\/\/tourtravelandmore.com\/es\/tours\/"},{"@type":"ListItem","position":3,"name":"Tour Privado al Viejo Oeste"}]},{"@type":"WebSite","@id":"https:\/\/tourtravelandmore.com\/es\/#website","url":"https:\/\/tourtravelandmore.com\/es\/","name":"Tour Travel And More","description":"Private sightseeing tours and luxury transfers in Spain","publisher":{"@id":"https:\/\/tourtravelandmore.com\/es\/#organization"},"potentialAction":[{"@type":"SearchAction","target":{"@type":"EntryPoint","urlTemplate":"https:\/\/tourtravelandmore.com\/es\/?s={search_term_string}"},"query-input":{"@type":"PropertyValueSpecification","valueRequired":true,"valueName":"search_term_string"}}],"inLanguage":"es"},{"@type":"Organization","@id":"https:\/\/tourtravelandmore.com\/es\/#organization","name":"Tour Travel And More","url":"https:\/\/tourtravelandmore.com\/es\/","logo":{"@type":"ImageObject","inLanguage":"es","@id":"https:\/\/tourtravelandmore.com\/es\/#\/schema\/logo\/image\/","url":"https:\/\/tourtravelandmore.com\/wp-content\/uploads\/2022\/12\/cropped-logo-cabecera-new.png","contentUrl":"https:\/\/tourtravelandmore.com\/wp-content\/uploads\/2022\/12\/cropped-logo-cabecera-new.png","width":430,"height":61,"caption":"Tour Travel And More"},"image":{"@id":"https:\/\/tourtravelandmore.com\/es\/#\/schema\/logo\/image\/"},"sameAs":["https:\/\/www.facebook.com\/tourtravelandmore\/","https:\/\/x.com\/TourTravel_More"]}]}},"_links":{"self":[{"href":"https:\/\/tourtravelandmore.com\/es\/wp-json\/wp\/v2\/product\/90300","targetHints":{"allow":["GET"]}}],"collection":[{"href":"https:\/\/tourtravelandmore.com\/es\/wp-json\/wp\/v2\/product"}],"about":[{"href":"https:\/\/tourtravelandmore.com\/es\/wp-json\/wp\/v2\/types\/product"}],"replies":[{"embeddable":true,"href":"https:\/\/tourtravelandmore.com\/es\/wp-json\/wp\/v2\/comments?post=90300"}],"wp:featuredmedia":[{"embeddable":true,"href":"https:\/\/tourtravelandmore.com\/es\/wp-json\/wp\/v2\/media\/90324"}],"wp:attachment":[{"href":"https:\/\/tourtravelandmore.com\/es\/wp-json\/wp\/v2\/media?parent=90300"}],"wp:term":[{"taxonomy":"product_brand","embeddable":true,"href":"https:\/\/tourtravelandmore.com\/es\/wp-json\/wp\/v2\/product_brand?post=90300"},{"taxonomy":"product_cat","embeddable":true,"href":"https:\/\/tourtravelandmore.com\/es\/wp-json\/wp\/v2\/product_cat?post=90300"},{"taxonomy":"product_tag","embeddable":true,"href":"https:\/\/tourtravelandmore.com\/es\/wp-json\/wp\/v2\/product_tag?post=90300"}],"curies":[{"name":"wp","href":"https:\/\/api.w.org\/{rel}","templated":true}]}}