{"id":90222,"date":"2020-12-23T17:34:54","date_gmt":"2020-12-23T16:34:56","guid":{"rendered":"https:\/\/tourtravelandmore.com\/?post_type=product&#038;p=90222"},"modified":"2021-09-06T14:31:58","modified_gmt":"2021-09-06T12:31:58","slug":"paseo-en-globo-aerostatico-desde-phoenix","status":"publish","type":"product","link":"https:\/\/tourtravelandmore.com\/es\/tours\/eeuu-es\/phoenix-es\/phoenix-actividades-es\/paseo-en-globo-aerostatico-desde-phoenix\/","title":{"rendered":"Paseo privado en globo aerost\u00e1tico"},"content":{"rendered":"<h2><strong>Descripci\u00f3n de nuestro Paseo privado en globo aerost\u00e1tico<\/strong><\/h2>\n<p>Phoenix es el sitio ideal para un paseo en globo aerost\u00e1tico. Disfruta los maravillosos amaneceres y atardeceres en el desierto con nuestro paseo en globo aerost\u00e1tico desde Phoenix.<\/p>\n<p>Su chofer privado le recoger\u00e1 dos horas antes de su vuelo en su sitio deseado en Phoenix. A continuaci\u00f3n emprender\u00e1n su viaje hacia el desierto de Sonora. Podr\u00e1 elegir entre una experiencia al amanecer o atardecer.<\/p>\n<p>Las condiciones clim\u00e1ticas de Phoenix son ideales para vuelos en globo aerost\u00e1tico. El desierto ofrece m\u00e1s de 300 d\u00edas de sol al d\u00eda. Admira la maravillosa cadena monta\u00f1osa y observa los animales silvestres que viven en el desierto (coyotes, burros y m\u00e1s).<\/p>\n<p>Nuestro paseo en globo aerost\u00e1tico desde Phoenix es privado y organizado a medida. Todas nuestras actividades y tours son personalizadas. Puede ver aqu\u00ed nuestra <a href=\"https:\/\/tourtravelandmore.com\/es\/ciudad\/eeuu-es\/phoenix-es\/phoenix-actividades-es\/\">oferta de actividades desde Phoenix<\/a>.<\/p>\n<h2><strong>Puntos de inter\u00e9s en nuestro Paseo Privado<\/strong><\/h2>\n<p>Durante su vuelo en el desierto llegar\u00e1 a los 2.000 a 5.000 pies de altura. Desde all\u00ed podr\u00e1 admirar el espectacular desierto de Sonora y su captivante paisaje. Podr\u00e1s disfrutar vistas panor\u00e1micas del centro hist\u00f3rico de Phoenix, la monta\u00f1a Camelback, el Lago Pleasant y el State Farm Stadium (hogar de los Arizona Cardinals).<\/p>\n<p>Su piloto le contar\u00e1 detalles de la ciudad y el desierto, indic\u00e1ndole tambi\u00e9n la fauna que se puede ver desde lo alto. El vuelo tiene una duraci\u00f3n aproximada de 1 hora, culminando con un brindis de champagne al finalizar el mismo. Su chofer privado le recoger\u00e1 en su sitio deseado en Phoenix aproximadamente 2 horas antes de su vuelo. El sitio de inicio de su vuelo depender\u00e1 de las condiciones clim\u00e1ticas del d\u00eda.<\/p>\n<p>Disfrute al m\u00e1ximo su visita a Phoenix con este vuelo privado en globo aerost\u00e1tico. Phoenix es uno de los mejores lugares del mundo para disfrutar de esta inolvidable experiencia.<\/p>\n","protected":false},"excerpt":{"rendered":"<p>Disfrute un paseo en <strong>globo aerost\u00e1tico desde Phoenix<\/strong> y admire el espectacular desierto de Sonora desde la altura.<\/p>\n","protected":false},"featured_media":90246,"comment_status":"open","ping_status":"closed","template":"","meta":{"_acf_changed":false},"product_brand":[],"product_cat":[1602,3141,3162,3165],"product_tag":[],"class_list":{"0":"post-90222","1":"product","2":"type-product","3":"status-publish","4":"has-post-thumbnail","6":"product_cat-eeuu-es","7":"product_cat-phoenix-es","8":"product_cat-phoenix-actividades-es","9":"product_cat-phoenix-tours-es","11":"first","12":"instock","13":"shipping-taxable","14":"purchasable","15":"product-type-simple"},"acf":[],"yoast_head":"<!-- This site is optimized with the Yoast SEO Premium plugin v25.3.1 (Yoast SEO v25.3.1) - https:\/\/yoast.com\/wordpress\/plugins\/seo\/ -->\n<title>Paseo en globo aerostatico desde Phoenix - Experiencia privada a medida<\/title>\n<meta name=\"description\" content=\"\u2192 Disfrute un paseo en globo aerostatico desde Phoenix y admire el espectacular desierto de Sonora desde la altura. \u2705\" \/>\n<meta name=\"robots\" content=\"index, follow, max-snippet:-1, max-image-preview:large, max-video-preview:-1\" \/>\n<link rel=\"canonical\" href=\"https:\/\/tourtravelandmore.com\/es\/tours\/eeuu-es\/phoenix-es\/phoenix-actividades-es\/paseo-en-globo-aerostatico-desde-phoenix\/\" \/>\n<meta property=\"og:locale\" content=\"es_ES\" \/>\n<meta property=\"og:type\" content=\"article\" \/>\n<meta property=\"og:title\" content=\"Paseo privado en globo aerost\u00e1tico\" \/>\n<meta property=\"og:description\" content=\"\u2192 Disfrute un paseo en globo aerostatico desde Phoenix y admire el espectacular desierto de Sonora desde la altura. \u2705\" \/>\n<meta property=\"og:url\" content=\"https:\/\/tourtravelandmore.com\/es\/tours\/eeuu-es\/phoenix-es\/phoenix-actividades-es\/paseo-en-globo-aerostatico-desde-phoenix\/\" \/>\n<meta property=\"og:site_name\" content=\"Tour Travel And More\" \/>\n<meta property=\"article:publisher\" content=\"https:\/\/www.facebook.com\/tourtravelandmore\/\" \/>\n<meta property=\"article:modified_time\" content=\"2021-09-06T12:31:58+00:00\" \/>\n<meta property=\"og:image\" content=\"https:\/\/tourtravelandmore.com\/wp-content\/uploads\/2020\/12\/phoenix-ballooon.jpeg\" \/>\n\t<meta property=\"og:image:width\" content=\"1350\" \/>\n\t<meta property=\"og:image:height\" content=\"900\" \/>\n\t<meta property=\"og:image:type\" content=\"image\/jpeg\" \/>\n<meta name=\"twitter:card\" content=\"summary_large_image\" \/>\n<meta name=\"twitter:site\" content=\"@TourTravel_More\" \/>\n<meta name=\"twitter:label1\" content=\"Tiempo de lectura\" \/>\n\t<meta name=\"twitter:data1\" content=\"2 minutos\" \/>\n<script type=\"application\/ld+json\" class=\"yoast-schema-graph\">{\"@context\":\"https:\/\/schema.org\",\"@graph\":[{\"@type\":\"WebPage\",\"@id\":\"https:\/\/tourtravelandmore.com\/es\/tours\/eeuu-es\/phoenix-es\/phoenix-actividades-es\/paseo-en-globo-aerostatico-desde-phoenix\/\",\"url\":\"https:\/\/tourtravelandmore.com\/es\/tours\/eeuu-es\/phoenix-es\/phoenix-actividades-es\/paseo-en-globo-aerostatico-desde-phoenix\/\",\"name\":\"Paseo en globo aerostatico desde Phoenix - Experiencia privada a medida\",\"isPartOf\":{\"@id\":\"https:\/\/tourtravelandmore.com\/es\/#website\"},\"primaryImageOfPage\":{\"@id\":\"https:\/\/tourtravelandmore.com\/es\/tours\/eeuu-es\/phoenix-es\/phoenix-actividades-es\/paseo-en-globo-aerostatico-desde-phoenix\/#primaryimage\"},\"image\":{\"@id\":\"https:\/\/tourtravelandmore.com\/es\/tours\/eeuu-es\/phoenix-es\/phoenix-actividades-es\/paseo-en-globo-aerostatico-desde-phoenix\/#primaryimage\"},\"thumbnailUrl\":\"https:\/\/tourtravelandmore.com\/wp-content\/uploads\/2020\/12\/phoenix-ballooon.jpeg\",\"datePublished\":\"2020-12-23T16:34:56+00:00\",\"dateModified\":\"2021-09-06T12:31:58+00:00\",\"description\":\"\u2192 Disfrute un paseo en globo aerostatico desde Phoenix y admire el espectacular desierto de Sonora desde la altura. \u2705\",\"breadcrumb\":{\"@id\":\"https:\/\/tourtravelandmore.com\/es\/tours\/eeuu-es\/phoenix-es\/phoenix-actividades-es\/paseo-en-globo-aerostatico-desde-phoenix\/#breadcrumb\"},\"inLanguage\":\"es\",\"potentialAction\":[{\"@type\":\"ReadAction\",\"target\":[\"https:\/\/tourtravelandmore.com\/es\/tours\/eeuu-es\/phoenix-es\/phoenix-actividades-es\/paseo-en-globo-aerostatico-desde-phoenix\/\"]}]},{\"@type\":\"ImageObject\",\"inLanguage\":\"es\",\"@id\":\"https:\/\/tourtravelandmore.com\/es\/tours\/eeuu-es\/phoenix-es\/phoenix-actividades-es\/paseo-en-globo-aerostatico-desde-phoenix\/#primaryimage\",\"url\":\"https:\/\/tourtravelandmore.com\/wp-content\/uploads\/2020\/12\/phoenix-ballooon.jpeg\",\"contentUrl\":\"https:\/\/tourtravelandmore.com\/wp-content\/uploads\/2020\/12\/phoenix-ballooon.jpeg\",\"width\":1350,\"height\":900,\"caption\":\"Phoenix balloon 2\"},{\"@type\":\"BreadcrumbList\",\"@id\":\"https:\/\/tourtravelandmore.com\/es\/tours\/eeuu-es\/phoenix-es\/phoenix-actividades-es\/paseo-en-globo-aerostatico-desde-phoenix\/#breadcrumb\",\"itemListElement\":[{\"@type\":\"ListItem\",\"position\":1,\"name\":\"Home\",\"item\":\"https:\/\/tourtravelandmore.com\/es\/\"},{\"@type\":\"ListItem\",\"position\":2,\"name\":\"Tours\",\"item\":\"https:\/\/tourtravelandmore.com\/es\/tours\/\"},{\"@type\":\"ListItem\",\"position\":3,\"name\":\"Paseo privado en globo aerost\u00e1tico\"}]},{\"@type\":\"WebSite\",\"@id\":\"https:\/\/tourtravelandmore.com\/es\/#website\",\"url\":\"https:\/\/tourtravelandmore.com\/es\/\",\"name\":\"Tour Travel And More\",\"description\":\"Private sightseeing tours and luxury transfers in Spain\",\"publisher\":{\"@id\":\"https:\/\/tourtravelandmore.com\/es\/#organization\"},\"potentialAction\":[{\"@type\":\"SearchAction\",\"target\":{\"@type\":\"EntryPoint\",\"urlTemplate\":\"https:\/\/tourtravelandmore.com\/es\/?s={search_term_string}\"},\"query-input\":{\"@type\":\"PropertyValueSpecification\",\"valueRequired\":true,\"valueName\":\"search_term_string\"}}],\"inLanguage\":\"es\"},{\"@type\":\"Organization\",\"@id\":\"https:\/\/tourtravelandmore.com\/es\/#organization\",\"name\":\"Tour Travel And More\",\"url\":\"https:\/\/tourtravelandmore.com\/es\/\",\"logo\":{\"@type\":\"ImageObject\",\"inLanguage\":\"es\",\"@id\":\"https:\/\/tourtravelandmore.com\/es\/#\/schema\/logo\/image\/\",\"url\":\"https:\/\/tourtravelandmore.com\/wp-content\/uploads\/2022\/12\/cropped-logo-cabecera-new.png\",\"contentUrl\":\"https:\/\/tourtravelandmore.com\/wp-content\/uploads\/2022\/12\/cropped-logo-cabecera-new.png\",\"width\":430,\"height\":61,\"caption\":\"Tour Travel And More\"},\"image\":{\"@id\":\"https:\/\/tourtravelandmore.com\/es\/#\/schema\/logo\/image\/\"},\"sameAs\":[\"https:\/\/www.facebook.com\/tourtravelandmore\/\",\"https:\/\/x.com\/TourTravel_More\"]}]}<\/script>\n<!-- \/ Yoast SEO Premium plugin. -->","yoast_head_json":{"title":"Paseo en globo aerostatico desde Phoenix - Experiencia privada a medida","description":"\u2192 Disfrute un paseo en globo aerostatico desde Phoenix y admire el espectacular desierto de Sonora desde la altura. \u2705","robots":{"index":"index","follow":"follow","max-snippet":"max-snippet:-1","max-image-preview":"max-image-preview:large","max-video-preview":"max-video-preview:-1"},"canonical":"https:\/\/tourtravelandmore.com\/es\/tours\/eeuu-es\/phoenix-es\/phoenix-actividades-es\/paseo-en-globo-aerostatico-desde-phoenix\/","og_locale":"es_ES","og_type":"article","og_title":"Paseo privado en globo aerost\u00e1tico","og_description":"\u2192 Disfrute un paseo en globo aerostatico desde Phoenix y admire el espectacular desierto de Sonora desde la altura. \u2705","og_url":"https:\/\/tourtravelandmore.com\/es\/tours\/eeuu-es\/phoenix-es\/phoenix-actividades-es\/paseo-en-globo-aerostatico-desde-phoenix\/","og_site_name":"Tour Travel And More","article_publisher":"https:\/\/www.facebook.com\/tourtravelandmore\/","article_modified_time":"2021-09-06T12:31:58+00:00","og_image":[{"width":1350,"height":900,"url":"https:\/\/tourtravelandmore.com\/wp-content\/uploads\/2020\/12\/phoenix-ballooon.jpeg","type":"image\/jpeg"}],"twitter_card":"summary_large_image","twitter_site":"@TourTravel_More","twitter_misc":{"Tiempo de lectura":"2 minutos"},"schema":{"@context":"https:\/\/schema.org","@graph":[{"@type":"WebPage","@id":"https:\/\/tourtravelandmore.com\/es\/tours\/eeuu-es\/phoenix-es\/phoenix-actividades-es\/paseo-en-globo-aerostatico-desde-phoenix\/","url":"https:\/\/tourtravelandmore.com\/es\/tours\/eeuu-es\/phoenix-es\/phoenix-actividades-es\/paseo-en-globo-aerostatico-desde-phoenix\/","name":"Paseo en globo aerostatico desde Phoenix - Experiencia privada a medida","isPartOf":{"@id":"https:\/\/tourtravelandmore.com\/es\/#website"},"primaryImageOfPage":{"@id":"https:\/\/tourtravelandmore.com\/es\/tours\/eeuu-es\/phoenix-es\/phoenix-actividades-es\/paseo-en-globo-aerostatico-desde-phoenix\/#primaryimage"},"image":{"@id":"https:\/\/tourtravelandmore.com\/es\/tours\/eeuu-es\/phoenix-es\/phoenix-actividades-es\/paseo-en-globo-aerostatico-desde-phoenix\/#primaryimage"},"thumbnailUrl":"https:\/\/tourtravelandmore.com\/wp-content\/uploads\/2020\/12\/phoenix-ballooon.jpeg","datePublished":"2020-12-23T16:34:56+00:00","dateModified":"2021-09-06T12:31:58+00:00","description":"\u2192 Disfrute un paseo en globo aerostatico desde Phoenix y admire el espectacular desierto de Sonora desde la altura. \u2705","breadcrumb":{"@id":"https:\/\/tourtravelandmore.com\/es\/tours\/eeuu-es\/phoenix-es\/phoenix-actividades-es\/paseo-en-globo-aerostatico-desde-phoenix\/#breadcrumb"},"inLanguage":"es","potentialAction":[{"@type":"ReadAction","target":["https:\/\/tourtravelandmore.com\/es\/tours\/eeuu-es\/phoenix-es\/phoenix-actividades-es\/paseo-en-globo-aerostatico-desde-phoenix\/"]}]},{"@type":"ImageObject","inLanguage":"es","@id":"https:\/\/tourtravelandmore.com\/es\/tours\/eeuu-es\/phoenix-es\/phoenix-actividades-es\/paseo-en-globo-aerostatico-desde-phoenix\/#primaryimage","url":"https:\/\/tourtravelandmore.com\/wp-content\/uploads\/2020\/12\/phoenix-ballooon.jpeg","contentUrl":"https:\/\/tourtravelandmore.com\/wp-content\/uploads\/2020\/12\/phoenix-ballooon.jpeg","width":1350,"height":900,"caption":"Phoenix balloon 2"},{"@type":"BreadcrumbList","@id":"https:\/\/tourtravelandmore.com\/es\/tours\/eeuu-es\/phoenix-es\/phoenix-actividades-es\/paseo-en-globo-aerostatico-desde-phoenix\/#breadcrumb","itemListElement":[{"@type":"ListItem","position":1,"name":"Home","item":"https:\/\/tourtravelandmore.com\/es\/"},{"@type":"ListItem","position":2,"name":"Tours","item":"https:\/\/tourtravelandmore.com\/es\/tours\/"},{"@type":"ListItem","position":3,"name":"Paseo privado en globo aerost\u00e1tico"}]},{"@type":"WebSite","@id":"https:\/\/tourtravelandmore.com\/es\/#website","url":"https:\/\/tourtravelandmore.com\/es\/","name":"Tour Travel And More","description":"Private sightseeing tours and luxury transfers in Spain","publisher":{"@id":"https:\/\/tourtravelandmore.com\/es\/#organization"},"potentialAction":[{"@type":"SearchAction","target":{"@type":"EntryPoint","urlTemplate":"https:\/\/tourtravelandmore.com\/es\/?s={search_term_string}"},"query-input":{"@type":"PropertyValueSpecification","valueRequired":true,"valueName":"search_term_string"}}],"inLanguage":"es"},{"@type":"Organization","@id":"https:\/\/tourtravelandmore.com\/es\/#organization","name":"Tour Travel And More","url":"https:\/\/tourtravelandmore.com\/es\/","logo":{"@type":"ImageObject","inLanguage":"es","@id":"https:\/\/tourtravelandmore.com\/es\/#\/schema\/logo\/image\/","url":"https:\/\/tourtravelandmore.com\/wp-content\/uploads\/2022\/12\/cropped-logo-cabecera-new.png","contentUrl":"https:\/\/tourtravelandmore.com\/wp-content\/uploads\/2022\/12\/cropped-logo-cabecera-new.png","width":430,"height":61,"caption":"Tour Travel And More"},"image":{"@id":"https:\/\/tourtravelandmore.com\/es\/#\/schema\/logo\/image\/"},"sameAs":["https:\/\/www.facebook.com\/tourtravelandmore\/","https:\/\/x.com\/TourTravel_More"]}]}},"_links":{"self":[{"href":"https:\/\/tourtravelandmore.com\/es\/wp-json\/wp\/v2\/product\/90222","targetHints":{"allow":["GET"]}}],"collection":[{"href":"https:\/\/tourtravelandmore.com\/es\/wp-json\/wp\/v2\/product"}],"about":[{"href":"https:\/\/tourtravelandmore.com\/es\/wp-json\/wp\/v2\/types\/product"}],"replies":[{"embeddable":true,"href":"https:\/\/tourtravelandmore.com\/es\/wp-json\/wp\/v2\/comments?post=90222"}],"wp:featuredmedia":[{"embeddable":true,"href":"https:\/\/tourtravelandmore.com\/es\/wp-json\/wp\/v2\/media\/90246"}],"wp:attachment":[{"href":"https:\/\/tourtravelandmore.com\/es\/wp-json\/wp\/v2\/media?parent=90222"}],"wp:term":[{"taxonomy":"product_brand","embeddable":true,"href":"https:\/\/tourtravelandmore.com\/es\/wp-json\/wp\/v2\/product_brand?post=90222"},{"taxonomy":"product_cat","embeddable":true,"href":"https:\/\/tourtravelandmore.com\/es\/wp-json\/wp\/v2\/product_cat?post=90222"},{"taxonomy":"product_tag","embeddable":true,"href":"https:\/\/tourtravelandmore.com\/es\/wp-json\/wp\/v2\/product_tag?post=90222"}],"curies":[{"name":"wp","href":"https:\/\/api.w.org\/{rel}","templated":true}]}}