{"id":902,"date":"2016-03-10T17:07:08","date_gmt":"2016-04-15T17:09:07","guid":{"rendered":"http:\/\/tourtravelandmore.com\/?post_type=product&#038;p=902&#038;lang=es"},"modified":"2023-01-10T02:48:20","modified_gmt":"2023-01-10T01:48:20","slug":"tour-privado-cordoba-a-pie-guia-oficial-y-entradas-incluidas","status":"publish","type":"product","link":"https:\/\/tourtravelandmore.com\/es\/tours\/espana-es\/cordoba-es\/tour-privado-cordoba-a-pie-guia-oficial-y-entradas-incluidas\/","title":{"rendered":"Tour Privado Cordoba a pie"},"content":{"rendered":"<h2>Descripci\u00f3n del Tour Privado C\u00f3rdoba a pie<\/h2>\n<p>Disfrute de este <strong>tour privado, C\u00f3rdoba a pie<\/strong> con su<strong> gu\u00eda oficial privado<\/strong> y conoce los lugares m\u00e1s emblem\u00e1ticos de la ciudad.<\/p>\n<p>El punto de salida puede ser su Hotel, si est\u00e1 en un sitio c\u00e9ntrico, si no quedaremos en un sitio cercano del centro de la ciudad.<\/p>\n<p>La duraci\u00f3n del tour privado C\u00f3rdoba a pie son 3 horas.<\/p>\n<p>Las entradas est\u00e1n incluidas: La Mezquita\/Catedral de C\u00f3rdoba, La Sinagoga y el Alcazar.<\/p>\n<p>Este tour privado C\u00f3rdoba es completamente personalizable y pod\u00e9is organizarlo como quer\u00e1is y lo que busc\u00e1is<\/p>\n<h2>Puntos de inter\u00e9s del Tour Privado C\u00f3rdoba a pie<\/h2>\n<p>La ciudad de C\u00f3rdoba posee uno de los centros hist\u00f3ricos m\u00e1s bonitos de Espa\u00f1a. Ha sido declarado Patrimonio de la Humanidad por la UNESCO, y alberga uno de los monumentos isl\u00e1micos m\u00e1s representativos y bonitos de todo Occidente, <strong>la Catedral\/Gran Mezquita de C\u00f3rdoba.<\/strong><\/p>\n<p>La Mezquita de C\u00f3rdoba, es una obra impresionante. Se comenz\u00f3 a construir a finales siglo VIII. <strong>Durante el punto \u00e1lgido del poder del Califato de C\u00f3rdoba, la mezquita lleg\u00f3 a ser la segunda m\u00e1s grande del mundo<\/strong>, solo superada por la de la Meca. En el a\u00f1o 1238 cuando el lugar pasar\u00eda a ser usado para el culto cristiano, aunque la bas\u00edlica no se levantar\u00eda hasta tres siglos m\u00e1s tarde.<\/p>\n<p>Adem\u00e1s de la Mezquita\/Catedral, recorremos las principales calles del centro hist\u00f3rico de la ciudad, haremos un recorrido junto a nuestro gu\u00eda y conoceremos lo m\u00e1s importante:<\/p>\n<ul>\n<li><strong>Mezquita de C\u00f3rdoba (entrada incluida en el precio del tour)<\/strong><\/li>\n<li><strong>Puente Romano<\/strong><\/li>\n<li><strong>Templo Romano<\/strong><\/li>\n<li><strong>Sinagoga de C\u00f3rdoba (entrada incluida en el precio del tour)<\/strong><\/li>\n<li><strong>Alcazar de C\u00f3rdoba (entrada incluida en el precio del tour)<\/strong><\/li>\n<li><strong>Teatro<\/strong><\/li>\n<li><strong>Mausoleum<\/strong><\/li>\n<li><strong>Barrio Jud\u00edo<\/strong><\/li>\n<li><strong>Millas del Guadalquivir<\/strong><\/li>\n<li><strong>Muralla Romana<\/strong><\/li>\n<li><strong>\u00a1Mucho m\u00e1s!<\/strong><\/li>\n<\/ul>\n<p>Este tour os permitir\u00e1 conocer la ciudad en un d\u00eda y disfrutar de una experiencia \u00fanica de la ciudad junto a su gu\u00eda oficial privado.<\/p>\n<p>Puede consultar <a href=\"https:\/\/tourtravelandmore.com\/es\/ciudad\/espana-es\/cordoba-es\/\">aqu\u00ed<\/a><strong>, <\/strong>el resto de los tours que ofrecemos en la ciudad de C\u00f3rdoba.<\/p>\n<p>A trav\u00e9s del formulario de contacto puede consultar con nosotros y r\u00e1pidamente recibir\u00e1 un email con la informaci\u00f3n detallada.<\/p>\n","protected":false},"excerpt":{"rendered":"<p>Disfrute de la ciudad de Cordoba junto a nuestro guia oficial privado y recorre las principales calles del centro historico. Entra en los principales monumentos de la ciudad: Mezquita\/Catedral, La Sinagoga y el Alcazar.<\/p>\n","protected":false},"featured_media":16679,"comment_status":"open","ping_status":"closed","template":"","meta":{"_acf_changed":false},"product_brand":[],"product_cat":[76,77,80],"product_tag":[],"class_list":{"0":"post-902","1":"product","2":"type-product","3":"status-publish","4":"has-post-thumbnail","6":"product_cat-cordoba-es","7":"product_cat-cordoba-actividades-es","8":"product_cat-cordoba-tours-privados-pie-es","10":"first","11":"instock","12":"shipping-taxable","13":"purchasable","14":"product-type-simple"},"acf":[],"yoast_head":"<!-- This site is optimized with the Yoast SEO Premium plugin v25.3.1 (Yoast SEO v25.3.1) - https:\/\/yoast.com\/wordpress\/plugins\/seo\/ -->\n<title>\u27a1\ufe0f Tour Privado Cordoba a pie | Tour Travel &amp; More<\/title>\n<meta name=\"description\" content=\"Disfruta de este tour privado Cordoba a pie y conoce las principales calles del centro historico de la ciudad y sus monumentos: Mezquita, Sinagoga y Alcazar \u2705\" \/>\n<meta name=\"robots\" content=\"index, follow, max-snippet:-1, max-image-preview:large, max-video-preview:-1\" \/>\n<link rel=\"canonical\" href=\"https:\/\/tourtravelandmore.com\/es\/tours\/espana-es\/cordoba-es\/tour-privado-cordoba-a-pie-guia-oficial-y-entradas-incluidas\/\" \/>\n<meta property=\"og:locale\" content=\"es_ES\" \/>\n<meta property=\"og:type\" content=\"article\" \/>\n<meta property=\"og:title\" content=\"Tour Privado Cordoba a pie\" \/>\n<meta property=\"og:description\" content=\"Disfruta de este tour privado Cordoba a pie y conoce las principales calles del centro historico de la ciudad y sus monumentos: Mezquita, Sinagoga y Alcazar \u2705\" \/>\n<meta property=\"og:url\" content=\"https:\/\/tourtravelandmore.com\/es\/tours\/espana-es\/cordoba-es\/tour-privado-cordoba-a-pie-guia-oficial-y-entradas-incluidas\/\" \/>\n<meta property=\"og:site_name\" content=\"Tour Travel And More\" \/>\n<meta property=\"article:publisher\" content=\"https:\/\/www.facebook.com\/tourtravelandmore\/\" \/>\n<meta property=\"article:modified_time\" content=\"2023-01-10T01:48:20+00:00\" \/>\n<meta property=\"og:image\" content=\"https:\/\/tourtravelandmore.com\/wp-content\/uploads\/2016\/03\/alcazar-cordoba-scaled.jpg\" \/>\n\t<meta property=\"og:image:width\" content=\"4244\" \/>\n\t<meta property=\"og:image:height\" content=\"2794\" \/>\n\t<meta property=\"og:image:type\" content=\"image\/jpeg\" \/>\n<meta name=\"twitter:card\" content=\"summary_large_image\" \/>\n<meta name=\"twitter:site\" content=\"@TourTravel_More\" \/>\n<meta name=\"twitter:label1\" content=\"Tiempo de lectura\" \/>\n\t<meta name=\"twitter:data1\" content=\"2 minutos\" \/>\n<script type=\"application\/ld+json\" class=\"yoast-schema-graph\">{\"@context\":\"https:\/\/schema.org\",\"@graph\":[{\"@type\":\"WebPage\",\"@id\":\"https:\/\/tourtravelandmore.com\/es\/tours\/espana-es\/cordoba-es\/tour-privado-cordoba-a-pie-guia-oficial-y-entradas-incluidas\/\",\"url\":\"https:\/\/tourtravelandmore.com\/es\/tours\/espana-es\/cordoba-es\/tour-privado-cordoba-a-pie-guia-oficial-y-entradas-incluidas\/\",\"name\":\"\u27a1\ufe0f Tour Privado Cordoba a pie | Tour Travel & More\",\"isPartOf\":{\"@id\":\"https:\/\/tourtravelandmore.com\/es\/#website\"},\"primaryImageOfPage\":{\"@id\":\"https:\/\/tourtravelandmore.com\/es\/tours\/espana-es\/cordoba-es\/tour-privado-cordoba-a-pie-guia-oficial-y-entradas-incluidas\/#primaryimage\"},\"image\":{\"@id\":\"https:\/\/tourtravelandmore.com\/es\/tours\/espana-es\/cordoba-es\/tour-privado-cordoba-a-pie-guia-oficial-y-entradas-incluidas\/#primaryimage\"},\"thumbnailUrl\":\"https:\/\/tourtravelandmore.com\/wp-content\/uploads\/2016\/03\/alcazar-cordoba-scaled.jpg\",\"datePublished\":\"2016-04-15T17:09:07+00:00\",\"dateModified\":\"2023-01-10T01:48:20+00:00\",\"description\":\"Disfruta de este tour privado Cordoba a pie y conoce las principales calles del centro historico de la ciudad y sus monumentos: Mezquita, Sinagoga y Alcazar \u2705\",\"breadcrumb\":{\"@id\":\"https:\/\/tourtravelandmore.com\/es\/tours\/espana-es\/cordoba-es\/tour-privado-cordoba-a-pie-guia-oficial-y-entradas-incluidas\/#breadcrumb\"},\"inLanguage\":\"es\",\"potentialAction\":[{\"@type\":\"ReadAction\",\"target\":[\"https:\/\/tourtravelandmore.com\/es\/tours\/espana-es\/cordoba-es\/tour-privado-cordoba-a-pie-guia-oficial-y-entradas-incluidas\/\"]}]},{\"@type\":\"ImageObject\",\"inLanguage\":\"es\",\"@id\":\"https:\/\/tourtravelandmore.com\/es\/tours\/espana-es\/cordoba-es\/tour-privado-cordoba-a-pie-guia-oficial-y-entradas-incluidas\/#primaryimage\",\"url\":\"https:\/\/tourtravelandmore.com\/wp-content\/uploads\/2016\/03\/alcazar-cordoba-scaled.jpg\",\"contentUrl\":\"https:\/\/tourtravelandmore.com\/wp-content\/uploads\/2016\/03\/alcazar-cordoba-scaled.jpg\",\"width\":4244,\"height\":2794},{\"@type\":\"BreadcrumbList\",\"@id\":\"https:\/\/tourtravelandmore.com\/es\/tours\/espana-es\/cordoba-es\/tour-privado-cordoba-a-pie-guia-oficial-y-entradas-incluidas\/#breadcrumb\",\"itemListElement\":[{\"@type\":\"ListItem\",\"position\":1,\"name\":\"Home\",\"item\":\"https:\/\/tourtravelandmore.com\/es\/\"},{\"@type\":\"ListItem\",\"position\":2,\"name\":\"Tours\",\"item\":\"https:\/\/tourtravelandmore.com\/es\/tours\/\"},{\"@type\":\"ListItem\",\"position\":3,\"name\":\"Tour Privado Cordoba a pie\"}]},{\"@type\":\"WebSite\",\"@id\":\"https:\/\/tourtravelandmore.com\/es\/#website\",\"url\":\"https:\/\/tourtravelandmore.com\/es\/\",\"name\":\"Tour Travel And More\",\"description\":\"Private sightseeing tours and luxury transfers in Spain\",\"publisher\":{\"@id\":\"https:\/\/tourtravelandmore.com\/es\/#organization\"},\"potentialAction\":[{\"@type\":\"SearchAction\",\"target\":{\"@type\":\"EntryPoint\",\"urlTemplate\":\"https:\/\/tourtravelandmore.com\/es\/?s={search_term_string}\"},\"query-input\":{\"@type\":\"PropertyValueSpecification\",\"valueRequired\":true,\"valueName\":\"search_term_string\"}}],\"inLanguage\":\"es\"},{\"@type\":\"Organization\",\"@id\":\"https:\/\/tourtravelandmore.com\/es\/#organization\",\"name\":\"Tour Travel And More\",\"url\":\"https:\/\/tourtravelandmore.com\/es\/\",\"logo\":{\"@type\":\"ImageObject\",\"inLanguage\":\"es\",\"@id\":\"https:\/\/tourtravelandmore.com\/es\/#\/schema\/logo\/image\/\",\"url\":\"https:\/\/tourtravelandmore.com\/wp-content\/uploads\/2022\/12\/cropped-logo-cabecera-new.png\",\"contentUrl\":\"https:\/\/tourtravelandmore.com\/wp-content\/uploads\/2022\/12\/cropped-logo-cabecera-new.png\",\"width\":430,\"height\":61,\"caption\":\"Tour Travel And More\"},\"image\":{\"@id\":\"https:\/\/tourtravelandmore.com\/es\/#\/schema\/logo\/image\/\"},\"sameAs\":[\"https:\/\/www.facebook.com\/tourtravelandmore\/\",\"https:\/\/x.com\/TourTravel_More\"]}]}<\/script>\n<!-- \/ Yoast SEO Premium plugin. -->","yoast_head_json":{"title":"\u27a1\ufe0f Tour Privado Cordoba a pie | Tour Travel & More","description":"Disfruta de este tour privado Cordoba a pie y conoce las principales calles del centro historico de la ciudad y sus monumentos: Mezquita, Sinagoga y Alcazar \u2705","robots":{"index":"index","follow":"follow","max-snippet":"max-snippet:-1","max-image-preview":"max-image-preview:large","max-video-preview":"max-video-preview:-1"},"canonical":"https:\/\/tourtravelandmore.com\/es\/tours\/espana-es\/cordoba-es\/tour-privado-cordoba-a-pie-guia-oficial-y-entradas-incluidas\/","og_locale":"es_ES","og_type":"article","og_title":"Tour Privado Cordoba a pie","og_description":"Disfruta de este tour privado Cordoba a pie y conoce las principales calles del centro historico de la ciudad y sus monumentos: Mezquita, Sinagoga y Alcazar \u2705","og_url":"https:\/\/tourtravelandmore.com\/es\/tours\/espana-es\/cordoba-es\/tour-privado-cordoba-a-pie-guia-oficial-y-entradas-incluidas\/","og_site_name":"Tour Travel And More","article_publisher":"https:\/\/www.facebook.com\/tourtravelandmore\/","article_modified_time":"2023-01-10T01:48:20+00:00","og_image":[{"width":4244,"height":2794,"url":"https:\/\/tourtravelandmore.com\/wp-content\/uploads\/2016\/03\/alcazar-cordoba-scaled.jpg","type":"image\/jpeg"}],"twitter_card":"summary_large_image","twitter_site":"@TourTravel_More","twitter_misc":{"Tiempo de lectura":"2 minutos"},"schema":{"@context":"https:\/\/schema.org","@graph":[{"@type":"WebPage","@id":"https:\/\/tourtravelandmore.com\/es\/tours\/espana-es\/cordoba-es\/tour-privado-cordoba-a-pie-guia-oficial-y-entradas-incluidas\/","url":"https:\/\/tourtravelandmore.com\/es\/tours\/espana-es\/cordoba-es\/tour-privado-cordoba-a-pie-guia-oficial-y-entradas-incluidas\/","name":"\u27a1\ufe0f Tour Privado Cordoba a pie | Tour Travel & More","isPartOf":{"@id":"https:\/\/tourtravelandmore.com\/es\/#website"},"primaryImageOfPage":{"@id":"https:\/\/tourtravelandmore.com\/es\/tours\/espana-es\/cordoba-es\/tour-privado-cordoba-a-pie-guia-oficial-y-entradas-incluidas\/#primaryimage"},"image":{"@id":"https:\/\/tourtravelandmore.com\/es\/tours\/espana-es\/cordoba-es\/tour-privado-cordoba-a-pie-guia-oficial-y-entradas-incluidas\/#primaryimage"},"thumbnailUrl":"https:\/\/tourtravelandmore.com\/wp-content\/uploads\/2016\/03\/alcazar-cordoba-scaled.jpg","datePublished":"2016-04-15T17:09:07+00:00","dateModified":"2023-01-10T01:48:20+00:00","description":"Disfruta de este tour privado Cordoba a pie y conoce las principales calles del centro historico de la ciudad y sus monumentos: Mezquita, Sinagoga y Alcazar \u2705","breadcrumb":{"@id":"https:\/\/tourtravelandmore.com\/es\/tours\/espana-es\/cordoba-es\/tour-privado-cordoba-a-pie-guia-oficial-y-entradas-incluidas\/#breadcrumb"},"inLanguage":"es","potentialAction":[{"@type":"ReadAction","target":["https:\/\/tourtravelandmore.com\/es\/tours\/espana-es\/cordoba-es\/tour-privado-cordoba-a-pie-guia-oficial-y-entradas-incluidas\/"]}]},{"@type":"ImageObject","inLanguage":"es","@id":"https:\/\/tourtravelandmore.com\/es\/tours\/espana-es\/cordoba-es\/tour-privado-cordoba-a-pie-guia-oficial-y-entradas-incluidas\/#primaryimage","url":"https:\/\/tourtravelandmore.com\/wp-content\/uploads\/2016\/03\/alcazar-cordoba-scaled.jpg","contentUrl":"https:\/\/tourtravelandmore.com\/wp-content\/uploads\/2016\/03\/alcazar-cordoba-scaled.jpg","width":4244,"height":2794},{"@type":"BreadcrumbList","@id":"https:\/\/tourtravelandmore.com\/es\/tours\/espana-es\/cordoba-es\/tour-privado-cordoba-a-pie-guia-oficial-y-entradas-incluidas\/#breadcrumb","itemListElement":[{"@type":"ListItem","position":1,"name":"Home","item":"https:\/\/tourtravelandmore.com\/es\/"},{"@type":"ListItem","position":2,"name":"Tours","item":"https:\/\/tourtravelandmore.com\/es\/tours\/"},{"@type":"ListItem","position":3,"name":"Tour Privado Cordoba a pie"}]},{"@type":"WebSite","@id":"https:\/\/tourtravelandmore.com\/es\/#website","url":"https:\/\/tourtravelandmore.com\/es\/","name":"Tour Travel And More","description":"Private sightseeing tours and luxury transfers in Spain","publisher":{"@id":"https:\/\/tourtravelandmore.com\/es\/#organization"},"potentialAction":[{"@type":"SearchAction","target":{"@type":"EntryPoint","urlTemplate":"https:\/\/tourtravelandmore.com\/es\/?s={search_term_string}"},"query-input":{"@type":"PropertyValueSpecification","valueRequired":true,"valueName":"search_term_string"}}],"inLanguage":"es"},{"@type":"Organization","@id":"https:\/\/tourtravelandmore.com\/es\/#organization","name":"Tour Travel And More","url":"https:\/\/tourtravelandmore.com\/es\/","logo":{"@type":"ImageObject","inLanguage":"es","@id":"https:\/\/tourtravelandmore.com\/es\/#\/schema\/logo\/image\/","url":"https:\/\/tourtravelandmore.com\/wp-content\/uploads\/2022\/12\/cropped-logo-cabecera-new.png","contentUrl":"https:\/\/tourtravelandmore.com\/wp-content\/uploads\/2022\/12\/cropped-logo-cabecera-new.png","width":430,"height":61,"caption":"Tour Travel And More"},"image":{"@id":"https:\/\/tourtravelandmore.com\/es\/#\/schema\/logo\/image\/"},"sameAs":["https:\/\/www.facebook.com\/tourtravelandmore\/","https:\/\/x.com\/TourTravel_More"]}]}},"_links":{"self":[{"href":"https:\/\/tourtravelandmore.com\/es\/wp-json\/wp\/v2\/product\/902","targetHints":{"allow":["GET"]}}],"collection":[{"href":"https:\/\/tourtravelandmore.com\/es\/wp-json\/wp\/v2\/product"}],"about":[{"href":"https:\/\/tourtravelandmore.com\/es\/wp-json\/wp\/v2\/types\/product"}],"replies":[{"embeddable":true,"href":"https:\/\/tourtravelandmore.com\/es\/wp-json\/wp\/v2\/comments?post=902"}],"wp:featuredmedia":[{"embeddable":true,"href":"https:\/\/tourtravelandmore.com\/es\/wp-json\/wp\/v2\/media\/16679"}],"wp:attachment":[{"href":"https:\/\/tourtravelandmore.com\/es\/wp-json\/wp\/v2\/media?parent=902"}],"wp:term":[{"taxonomy":"product_brand","embeddable":true,"href":"https:\/\/tourtravelandmore.com\/es\/wp-json\/wp\/v2\/product_brand?post=902"},{"taxonomy":"product_cat","embeddable":true,"href":"https:\/\/tourtravelandmore.com\/es\/wp-json\/wp\/v2\/product_cat?post=902"},{"taxonomy":"product_tag","embeddable":true,"href":"https:\/\/tourtravelandmore.com\/es\/wp-json\/wp\/v2\/product_tag?post=902"}],"curies":[{"name":"wp","href":"https:\/\/api.w.org\/{rel}","templated":true}]}}