{"id":90166,"date":"2020-12-21T09:52:15","date_gmt":"2020-12-21T08:52:16","guid":{"rendered":"https:\/\/tourtravelandmore.com\/?post_type=product&#038;p=90166"},"modified":"2021-09-06T14:29:18","modified_gmt":"2021-09-06T12:29:18","slug":"tour-privado-al-gran-canon-desde-phoenix","status":"publish","type":"product","link":"https:\/\/tourtravelandmore.com\/es\/tours\/eeuu-es\/phoenix-es\/phoenix-actividades-es\/tour-privado-al-gran-canon-desde-phoenix\/","title":{"rendered":"Tour Privado al Gran Ca\u00f1\u00f3n"},"content":{"rendered":"<h2><strong>Descripci\u00f3n del Tour Privado al Gran Ca\u00f1\u00f3n<\/strong><\/h2>\n<p>Una de las excursiones que debes hacer estando en <strong>Phoenix<\/strong> es visitar el maravilloso Gran Ca\u00f1\u00f3n. Disfruta al m\u00e1ximo tu visita a Phoenix y disfrutar este <strong>tour privado al Gran Ca\u00f1\u00f3n desde Phoenix<\/strong>.<\/p>\n<p>Para dar comienzo a su tour su chofer y gu\u00eda privado le recoger\u00e1n en su sitio deseado en Phoenix. A continuaci\u00f3n comenzar\u00e1n su viaje hacia el Gran Ca\u00f1\u00f3n. El viaje tiene una duraci\u00f3n aproximada de 3 horas y 30 minutos.<\/p>\n<p>Descubre el maravilloso Parque Nacional del Gran Ca\u00f1\u00f3n, incluyendo una parada en la Reserva de Navajo. Todos nuestros tours son privados y organizados a medida.<\/p>\n<p>Cont\u00e1ctanos y un miembro de nuestro equipo de expertos le ayudar\u00e1 a coordinar una experiencia privada a medida.<\/p>\n<h2><strong>Puntos de inter\u00e9s en el Tour Privado al Gran Ca\u00f1\u00f3n<\/strong><\/h2>\n<p>El <a href=\"https:\/\/www.nps.gov\/grca\/index.htm\">Gran Ca\u00f1\u00f3n de Arizona<\/a> es un sitio reconocido mundialmente. El Parque Nacional es una de las siete maravillas del mundo. All\u00ed podr\u00e1s apreciar espectaculares vistas panor\u00e1micas de ca\u00f1\u00f3n y sus paredes rojas.<\/p>\n<p>Luego de salir de Phoenix cruzaremos el desierto de Sonora hasta el Colorado Plateau, adonde podr\u00e1s ver los majestuosos Pinos Ponderosa. En el camino al Gran Ca\u00f1\u00f3n disfrutar\u00e1s de diversas paradas para disfrutar el paisaje y recuperar energ\u00edas. Algunas de ellas podr\u00edas ser en Verde valley y la emblem\u00e1tica Ruta 66.<\/p>\n<p>Su siguiente parada ser\u00e1 en la Reserva Navajo. Aqu\u00ed tendr\u00e1s tiempo libre para almorzar y apreciar el Peque\u00f1o r\u00edo Colorado. Luego seguir\u00e1n viaje hasta el Gran Ca\u00f1\u00f3n. Su gu\u00eda le llevar\u00e1 a trav\u00e9s de South Rim del Gran Ca\u00f1\u00f3n. All\u00ed se detendr\u00e1n en diversos puntos panor\u00e1micos donde podr\u00e1n tomar inolvidables fotos. Algunos de los puntos ser\u00e1n: Desert View Watchtower y Grand Canyon Village.<\/p>\n<p>Disfrutar\u00e1s alrededor de 3 horas y 30 minutos en el parque. Podr\u00e1s ver tambi\u00e9n la fauna del parque. El parque nacional alberga diversos mam\u00edferos, reptiles, anfibios y pajaros.<\/p>\n<p>Una vez su visita al parque nacional culmin\u00e9, su gu\u00eda le llevar\u00e1 de vuelta a Phoenix.<\/p>\n<p>En caso de que desee visitar el Gran Ca\u00f1\u00f3n en helic\u00f3ptero privado no dude en contactarnos, podemos ayudarle. <span class=\"Apple-converted-space\">Recuerde que nuestro <strong>tour privado al Gran Ca\u00f1\u00f3n desde Phoenix<\/strong> es completamente ajustable a sus deseos personales.<\/span><\/p>\n","protected":false},"excerpt":{"rendered":"<p>Visite una de las siete maravillas del mundo en este <strong>tour privado desde Phoenix.<\/strong> Disfrute una experiencia privada a medida!<\/p>\n","protected":false},"featured_media":90215,"comment_status":"open","ping_status":"closed","template":"","meta":{"_acf_changed":false},"product_brand":[],"product_cat":[1602,3141,3162,3165],"product_tag":[],"class_list":{"0":"post-90166","1":"product","2":"type-product","3":"status-publish","4":"has-post-thumbnail","6":"product_cat-eeuu-es","7":"product_cat-phoenix-es","8":"product_cat-phoenix-actividades-es","9":"product_cat-phoenix-tours-es","11":"first","12":"instock","13":"shipping-taxable","14":"purchasable","15":"product-type-simple"},"acf":[],"yoast_head":"<!-- This site is optimized with the Yoast SEO Premium plugin v25.3.1 (Yoast SEO v25.3.1) - https:\/\/yoast.com\/wordpress\/plugins\/seo\/ -->\n<title>Tour Privado al Gran Ca\u00f1\u00f3n desde Phoenix con gu\u00eda local | TTM<\/title>\n<meta name=\"description\" content=\"\u2192 Reserve este Tour Privado al Gran Ca\u00f1\u00f3n desde Phoenix en un veh\u00edculo privado con chofer\/gu\u00eda que lo llevar\u00e1 a recorrer este magn\u00edfico lugar \u2705\" \/>\n<meta name=\"robots\" content=\"index, follow, max-snippet:-1, max-image-preview:large, max-video-preview:-1\" \/>\n<link rel=\"canonical\" href=\"https:\/\/tourtravelandmore.com\/es\/tours\/eeuu-es\/phoenix-es\/phoenix-actividades-es\/tour-privado-al-gran-canon-desde-phoenix\/\" \/>\n<meta property=\"og:locale\" content=\"es_ES\" \/>\n<meta property=\"og:type\" content=\"article\" \/>\n<meta property=\"og:title\" content=\"Tour Privado al Gran Ca\u00f1\u00f3n\" \/>\n<meta property=\"og:description\" content=\"\u2192 Reserve este Tour Privado al Gran Ca\u00f1\u00f3n desde Phoenix en un veh\u00edculo privado con chofer\/gu\u00eda que lo llevar\u00e1 a recorrer este magn\u00edfico lugar \u2705\" \/>\n<meta property=\"og:url\" content=\"https:\/\/tourtravelandmore.com\/es\/tours\/eeuu-es\/phoenix-es\/phoenix-actividades-es\/tour-privado-al-gran-canon-desde-phoenix\/\" \/>\n<meta property=\"og:site_name\" content=\"Tour Travel And More\" \/>\n<meta property=\"article:publisher\" content=\"https:\/\/www.facebook.com\/tourtravelandmore\/\" \/>\n<meta property=\"article:modified_time\" content=\"2021-09-06T12:29:18+00:00\" \/>\n<meta property=\"og:image\" content=\"https:\/\/tourtravelandmore.com\/wp-content\/uploads\/2020\/12\/Grand-canyon.jpeg\" \/>\n\t<meta property=\"og:image:width\" content=\"1351\" \/>\n\t<meta property=\"og:image:height\" content=\"901\" \/>\n\t<meta property=\"og:image:type\" content=\"image\/jpeg\" \/>\n<meta name=\"twitter:card\" content=\"summary_large_image\" \/>\n<meta name=\"twitter:site\" content=\"@TourTravel_More\" \/>\n<meta name=\"twitter:label1\" content=\"Tiempo de lectura\" \/>\n\t<meta name=\"twitter:data1\" content=\"2 minutos\" \/>\n<script type=\"application\/ld+json\" class=\"yoast-schema-graph\">{\"@context\":\"https:\/\/schema.org\",\"@graph\":[{\"@type\":\"WebPage\",\"@id\":\"https:\/\/tourtravelandmore.com\/es\/tours\/eeuu-es\/phoenix-es\/phoenix-actividades-es\/tour-privado-al-gran-canon-desde-phoenix\/\",\"url\":\"https:\/\/tourtravelandmore.com\/es\/tours\/eeuu-es\/phoenix-es\/phoenix-actividades-es\/tour-privado-al-gran-canon-desde-phoenix\/\",\"name\":\"Tour Privado al Gran Ca\u00f1\u00f3n desde Phoenix con gu\u00eda local | TTM\",\"isPartOf\":{\"@id\":\"https:\/\/tourtravelandmore.com\/es\/#website\"},\"primaryImageOfPage\":{\"@id\":\"https:\/\/tourtravelandmore.com\/es\/tours\/eeuu-es\/phoenix-es\/phoenix-actividades-es\/tour-privado-al-gran-canon-desde-phoenix\/#primaryimage\"},\"image\":{\"@id\":\"https:\/\/tourtravelandmore.com\/es\/tours\/eeuu-es\/phoenix-es\/phoenix-actividades-es\/tour-privado-al-gran-canon-desde-phoenix\/#primaryimage\"},\"thumbnailUrl\":\"https:\/\/tourtravelandmore.com\/wp-content\/uploads\/2020\/12\/Grand-canyon.jpeg\",\"datePublished\":\"2020-12-21T08:52:16+00:00\",\"dateModified\":\"2021-09-06T12:29:18+00:00\",\"description\":\"\u2192 Reserve este Tour Privado al Gran Ca\u00f1\u00f3n desde Phoenix en un veh\u00edculo privado con chofer\/gu\u00eda que lo llevar\u00e1 a recorrer este magn\u00edfico lugar \u2705\",\"breadcrumb\":{\"@id\":\"https:\/\/tourtravelandmore.com\/es\/tours\/eeuu-es\/phoenix-es\/phoenix-actividades-es\/tour-privado-al-gran-canon-desde-phoenix\/#breadcrumb\"},\"inLanguage\":\"es\",\"potentialAction\":[{\"@type\":\"ReadAction\",\"target\":[\"https:\/\/tourtravelandmore.com\/es\/tours\/eeuu-es\/phoenix-es\/phoenix-actividades-es\/tour-privado-al-gran-canon-desde-phoenix\/\"]}]},{\"@type\":\"ImageObject\",\"inLanguage\":\"es\",\"@id\":\"https:\/\/tourtravelandmore.com\/es\/tours\/eeuu-es\/phoenix-es\/phoenix-actividades-es\/tour-privado-al-gran-canon-desde-phoenix\/#primaryimage\",\"url\":\"https:\/\/tourtravelandmore.com\/wp-content\/uploads\/2020\/12\/Grand-canyon.jpeg\",\"contentUrl\":\"https:\/\/tourtravelandmore.com\/wp-content\/uploads\/2020\/12\/Grand-canyon.jpeg\",\"width\":1351,\"height\":901,\"caption\":\"Grand canyon\"},{\"@type\":\"BreadcrumbList\",\"@id\":\"https:\/\/tourtravelandmore.com\/es\/tours\/eeuu-es\/phoenix-es\/phoenix-actividades-es\/tour-privado-al-gran-canon-desde-phoenix\/#breadcrumb\",\"itemListElement\":[{\"@type\":\"ListItem\",\"position\":1,\"name\":\"Home\",\"item\":\"https:\/\/tourtravelandmore.com\/es\/\"},{\"@type\":\"ListItem\",\"position\":2,\"name\":\"Tours\",\"item\":\"https:\/\/tourtravelandmore.com\/es\/tours\/\"},{\"@type\":\"ListItem\",\"position\":3,\"name\":\"Tour Privado al Gran Ca\u00f1\u00f3n\"}]},{\"@type\":\"WebSite\",\"@id\":\"https:\/\/tourtravelandmore.com\/es\/#website\",\"url\":\"https:\/\/tourtravelandmore.com\/es\/\",\"name\":\"Tour Travel And More\",\"description\":\"Private sightseeing tours and luxury transfers in Spain\",\"publisher\":{\"@id\":\"https:\/\/tourtravelandmore.com\/es\/#organization\"},\"potentialAction\":[{\"@type\":\"SearchAction\",\"target\":{\"@type\":\"EntryPoint\",\"urlTemplate\":\"https:\/\/tourtravelandmore.com\/es\/?s={search_term_string}\"},\"query-input\":{\"@type\":\"PropertyValueSpecification\",\"valueRequired\":true,\"valueName\":\"search_term_string\"}}],\"inLanguage\":\"es\"},{\"@type\":\"Organization\",\"@id\":\"https:\/\/tourtravelandmore.com\/es\/#organization\",\"name\":\"Tour Travel And More\",\"url\":\"https:\/\/tourtravelandmore.com\/es\/\",\"logo\":{\"@type\":\"ImageObject\",\"inLanguage\":\"es\",\"@id\":\"https:\/\/tourtravelandmore.com\/es\/#\/schema\/logo\/image\/\",\"url\":\"https:\/\/tourtravelandmore.com\/wp-content\/uploads\/2022\/12\/cropped-logo-cabecera-new.png\",\"contentUrl\":\"https:\/\/tourtravelandmore.com\/wp-content\/uploads\/2022\/12\/cropped-logo-cabecera-new.png\",\"width\":430,\"height\":61,\"caption\":\"Tour Travel And More\"},\"image\":{\"@id\":\"https:\/\/tourtravelandmore.com\/es\/#\/schema\/logo\/image\/\"},\"sameAs\":[\"https:\/\/www.facebook.com\/tourtravelandmore\/\",\"https:\/\/x.com\/TourTravel_More\"]}]}<\/script>\n<!-- \/ Yoast SEO Premium plugin. -->","yoast_head_json":{"title":"Tour Privado al Gran Ca\u00f1\u00f3n desde Phoenix con gu\u00eda local | TTM","description":"\u2192 Reserve este Tour Privado al Gran Ca\u00f1\u00f3n desde Phoenix en un veh\u00edculo privado con chofer\/gu\u00eda que lo llevar\u00e1 a recorrer este magn\u00edfico lugar \u2705","robots":{"index":"index","follow":"follow","max-snippet":"max-snippet:-1","max-image-preview":"max-image-preview:large","max-video-preview":"max-video-preview:-1"},"canonical":"https:\/\/tourtravelandmore.com\/es\/tours\/eeuu-es\/phoenix-es\/phoenix-actividades-es\/tour-privado-al-gran-canon-desde-phoenix\/","og_locale":"es_ES","og_type":"article","og_title":"Tour Privado al Gran Ca\u00f1\u00f3n","og_description":"\u2192 Reserve este Tour Privado al Gran Ca\u00f1\u00f3n desde Phoenix en un veh\u00edculo privado con chofer\/gu\u00eda que lo llevar\u00e1 a recorrer este magn\u00edfico lugar \u2705","og_url":"https:\/\/tourtravelandmore.com\/es\/tours\/eeuu-es\/phoenix-es\/phoenix-actividades-es\/tour-privado-al-gran-canon-desde-phoenix\/","og_site_name":"Tour Travel And More","article_publisher":"https:\/\/www.facebook.com\/tourtravelandmore\/","article_modified_time":"2021-09-06T12:29:18+00:00","og_image":[{"width":1351,"height":901,"url":"https:\/\/tourtravelandmore.com\/wp-content\/uploads\/2020\/12\/Grand-canyon.jpeg","type":"image\/jpeg"}],"twitter_card":"summary_large_image","twitter_site":"@TourTravel_More","twitter_misc":{"Tiempo de lectura":"2 minutos"},"schema":{"@context":"https:\/\/schema.org","@graph":[{"@type":"WebPage","@id":"https:\/\/tourtravelandmore.com\/es\/tours\/eeuu-es\/phoenix-es\/phoenix-actividades-es\/tour-privado-al-gran-canon-desde-phoenix\/","url":"https:\/\/tourtravelandmore.com\/es\/tours\/eeuu-es\/phoenix-es\/phoenix-actividades-es\/tour-privado-al-gran-canon-desde-phoenix\/","name":"Tour Privado al Gran Ca\u00f1\u00f3n desde Phoenix con gu\u00eda local | TTM","isPartOf":{"@id":"https:\/\/tourtravelandmore.com\/es\/#website"},"primaryImageOfPage":{"@id":"https:\/\/tourtravelandmore.com\/es\/tours\/eeuu-es\/phoenix-es\/phoenix-actividades-es\/tour-privado-al-gran-canon-desde-phoenix\/#primaryimage"},"image":{"@id":"https:\/\/tourtravelandmore.com\/es\/tours\/eeuu-es\/phoenix-es\/phoenix-actividades-es\/tour-privado-al-gran-canon-desde-phoenix\/#primaryimage"},"thumbnailUrl":"https:\/\/tourtravelandmore.com\/wp-content\/uploads\/2020\/12\/Grand-canyon.jpeg","datePublished":"2020-12-21T08:52:16+00:00","dateModified":"2021-09-06T12:29:18+00:00","description":"\u2192 Reserve este Tour Privado al Gran Ca\u00f1\u00f3n desde Phoenix en un veh\u00edculo privado con chofer\/gu\u00eda que lo llevar\u00e1 a recorrer este magn\u00edfico lugar \u2705","breadcrumb":{"@id":"https:\/\/tourtravelandmore.com\/es\/tours\/eeuu-es\/phoenix-es\/phoenix-actividades-es\/tour-privado-al-gran-canon-desde-phoenix\/#breadcrumb"},"inLanguage":"es","potentialAction":[{"@type":"ReadAction","target":["https:\/\/tourtravelandmore.com\/es\/tours\/eeuu-es\/phoenix-es\/phoenix-actividades-es\/tour-privado-al-gran-canon-desde-phoenix\/"]}]},{"@type":"ImageObject","inLanguage":"es","@id":"https:\/\/tourtravelandmore.com\/es\/tours\/eeuu-es\/phoenix-es\/phoenix-actividades-es\/tour-privado-al-gran-canon-desde-phoenix\/#primaryimage","url":"https:\/\/tourtravelandmore.com\/wp-content\/uploads\/2020\/12\/Grand-canyon.jpeg","contentUrl":"https:\/\/tourtravelandmore.com\/wp-content\/uploads\/2020\/12\/Grand-canyon.jpeg","width":1351,"height":901,"caption":"Grand canyon"},{"@type":"BreadcrumbList","@id":"https:\/\/tourtravelandmore.com\/es\/tours\/eeuu-es\/phoenix-es\/phoenix-actividades-es\/tour-privado-al-gran-canon-desde-phoenix\/#breadcrumb","itemListElement":[{"@type":"ListItem","position":1,"name":"Home","item":"https:\/\/tourtravelandmore.com\/es\/"},{"@type":"ListItem","position":2,"name":"Tours","item":"https:\/\/tourtravelandmore.com\/es\/tours\/"},{"@type":"ListItem","position":3,"name":"Tour Privado al Gran Ca\u00f1\u00f3n"}]},{"@type":"WebSite","@id":"https:\/\/tourtravelandmore.com\/es\/#website","url":"https:\/\/tourtravelandmore.com\/es\/","name":"Tour Travel And More","description":"Private sightseeing tours and luxury transfers in Spain","publisher":{"@id":"https:\/\/tourtravelandmore.com\/es\/#organization"},"potentialAction":[{"@type":"SearchAction","target":{"@type":"EntryPoint","urlTemplate":"https:\/\/tourtravelandmore.com\/es\/?s={search_term_string}"},"query-input":{"@type":"PropertyValueSpecification","valueRequired":true,"valueName":"search_term_string"}}],"inLanguage":"es"},{"@type":"Organization","@id":"https:\/\/tourtravelandmore.com\/es\/#organization","name":"Tour Travel And More","url":"https:\/\/tourtravelandmore.com\/es\/","logo":{"@type":"ImageObject","inLanguage":"es","@id":"https:\/\/tourtravelandmore.com\/es\/#\/schema\/logo\/image\/","url":"https:\/\/tourtravelandmore.com\/wp-content\/uploads\/2022\/12\/cropped-logo-cabecera-new.png","contentUrl":"https:\/\/tourtravelandmore.com\/wp-content\/uploads\/2022\/12\/cropped-logo-cabecera-new.png","width":430,"height":61,"caption":"Tour Travel And More"},"image":{"@id":"https:\/\/tourtravelandmore.com\/es\/#\/schema\/logo\/image\/"},"sameAs":["https:\/\/www.facebook.com\/tourtravelandmore\/","https:\/\/x.com\/TourTravel_More"]}]}},"_links":{"self":[{"href":"https:\/\/tourtravelandmore.com\/es\/wp-json\/wp\/v2\/product\/90166","targetHints":{"allow":["GET"]}}],"collection":[{"href":"https:\/\/tourtravelandmore.com\/es\/wp-json\/wp\/v2\/product"}],"about":[{"href":"https:\/\/tourtravelandmore.com\/es\/wp-json\/wp\/v2\/types\/product"}],"replies":[{"embeddable":true,"href":"https:\/\/tourtravelandmore.com\/es\/wp-json\/wp\/v2\/comments?post=90166"}],"wp:featuredmedia":[{"embeddable":true,"href":"https:\/\/tourtravelandmore.com\/es\/wp-json\/wp\/v2\/media\/90215"}],"wp:attachment":[{"href":"https:\/\/tourtravelandmore.com\/es\/wp-json\/wp\/v2\/media?parent=90166"}],"wp:term":[{"taxonomy":"product_brand","embeddable":true,"href":"https:\/\/tourtravelandmore.com\/es\/wp-json\/wp\/v2\/product_brand?post=90166"},{"taxonomy":"product_cat","embeddable":true,"href":"https:\/\/tourtravelandmore.com\/es\/wp-json\/wp\/v2\/product_cat?post=90166"},{"taxonomy":"product_tag","embeddable":true,"href":"https:\/\/tourtravelandmore.com\/es\/wp-json\/wp\/v2\/product_tag?post=90166"}],"curies":[{"name":"wp","href":"https:\/\/api.w.org\/{rel}","templated":true}]}}