{"id":90154,"date":"2020-12-21T09:49:38","date_gmt":"2020-12-21T08:49:41","guid":{"rendered":"https:\/\/tourtravelandmore.com\/?post_type=product&#038;p=90154"},"modified":"2023-11-10T10:24:20","modified_gmt":"2023-11-10T09:24:20","slug":"tour-privado-a-la-perla","status":"publish","type":"product","link":"https:\/\/tourtravelandmore.com\/es\/tours\/mexico-es\/acapulco-en-es\/acapulco-actividades-es\/tour-privado-a-la-perla\/","title":{"rendered":"Tour Privado a La Perla &#8211; Show de Clavadista con cena"},"content":{"rendered":"<h2 id=\"tw-target-text\" class=\"tw-data-text tw-text-large XcVN5d tw-ta\" dir=\"ltr\" data-placeholder=\"Traducci\u00f3n\"><span lang=\"es\">Descripci\u00f3n del Tour Privado a La Perla &#8211; Show de Clavadista con cena<\/span><\/h2>\n<p>Si esta interesado en ver un incre\u00edble show con cena incluida, este es el tour perfecto para usted. <span class=\"JLqJ4b ChMk0b\" data-language-for-alternatives=\"es\" data-language-to-translate-into=\"en\" data-phrase-index=\"1\">Ven con nosotros en este <strong>tour privado a La Perla<\/strong> y disfruta de un asombroso espect\u00e1culo de clavadista desde <strong>La Quebrada<\/strong>. Tenga la oportunidad de admirar un espect\u00e1culo incre\u00edble y \u00fanico mientras disfruta de una exquisita cena bajo la luz de la luna.<\/span><\/p>\n<p><span class=\"JLqJ4b ChMk0b\" data-language-for-alternatives=\"es\" data-language-to-translate-into=\"en\" data-phrase-index=\"1\"><span class=\"JLqJ4b\" data-language-for-alternatives=\"es\" data-language-to-translate-into=\"en\" data-phrase-index=\"3\">Podemos organizar una recogida privada en su hotel o lugar de elecci\u00f3n en Acapulco. La hora exacta de inicio ser\u00e1 determinada por la hora del espect\u00e1culo, pero solo se podr\u00e1 realizar por la noche. <\/span><\/span><\/p>\n<p><span class=\"JLqJ4b ChMk0b\" data-language-for-alternatives=\"es\" data-language-to-translate-into=\"en\" data-phrase-index=\"1\"><span class=\"JLqJ4b\" data-language-for-alternatives=\"es\" data-language-to-translate-into=\"en\" data-phrase-index=\"3\">Este es uno de los deportes acu\u00e1ticos m\u00e1s famosos y extremos de Acapulco. Mucha gente viene de todo el mundo para ver este incre\u00edble espect\u00e1culo. \u00a1Realmente es algo que no imaginas ver hasta que est\u00e1s all\u00ed! <\/span><\/span><\/p>\n<p><span class=\"JLqJ4b ChMk0b\" data-language-for-alternatives=\"es\" data-language-to-translate-into=\"en\" data-phrase-index=\"1\"><span class=\"JLqJ4b\" data-language-for-alternatives=\"es\" data-language-to-translate-into=\"en\" data-phrase-index=\"3\">Este tour privado a La Perla incluye un conductor privado en un veh\u00edculo de lujo. La duraci\u00f3n total de la experiencia es de aproximadamente 3 horas desde el momento de la recogida hasta el momento de la entrega.<\/span><\/span><\/p>\n<h2>Puntos emblem\u00e1ticos y de inter\u00e9s en el Tour Privado a La Perla &#8211; Show de Clavadista con cena<\/h2>\n<p>En primer lugar, su conductor privado lo recoger\u00e1 en su hotel en Acapulco. La recogida ser\u00e1 aproximadamente a las 8\/8:30 pm.<\/p>\n<p><strong>La Quebrada<\/strong> es un acantilado de 45 metros de altura, con un canal de siete metros de ancho y cuatro metros de profundidad, ubicado en el puerto de Acapulco.<\/p>\n<p>Durante este recorrido, podr\u00e1 ver a los clavadistas desde el acantilado La Quebrada que se sumerge en el agua desde alturas de hasta 35 metros. Lo mejor, es que admirar\u00e1s este espect\u00e1culo desde la terraza del restaurante La Perla del <strong>hotel El Mirador<\/strong>.<\/p>\n<p>En esta excursi\u00f3n privada tambi\u00e9n se incluye la cena. Tendr\u00e1s la oportunidad de degustar platos locales incre\u00edbles mientras te deslumbras con la luz de la luna.<\/p>\n<p>Vive una experiencia \u00fanica con un profesional local y disfruta de una incre\u00edble cena al aire libre. Este tour es algo que siempre recordar\u00e1s.<\/p>\n<p>Finalmente, al finalizar la cena y el espect\u00e1culo, su conductor privado lo llevar\u00e1 de regreso a su hotel.<\/p>\n<p>Echa un vistazo a nuestro <a href=\"https:\/\/tourtravelandmore.com\/es\/tours\/mexico-es\/acapulco-en-es\/acapulco-actividades-es\/tour-privado-a-la-laguna-coyuca\/\">tour privado a la laguna de Coyuca desde Acapulco<\/a>, es otro de nuestros tours m\u00e1s vendidos.<\/p>\n","protected":false},"excerpt":{"rendered":"<p id=\"tw-target-text\" class=\"tw-data-text tw-text-large XcVN5d tw-ta\" dir=\"ltr\" data-placeholder=\"Traducci\u00f3n\">Tour Travel &amp; More te invita a este Tour Privado a La Perla desde Acapulco. <span class=\"JLqJ4b ChMk0b\" data-language-for-alternatives=\"es\" data-language-to-translate-into=\"en\" data-phrase-index=\"1\">Su conductor privado lo llevar\u00e1 hacia La Quebrada para ver uno de los espect\u00e1culos m\u00e1s famosos y exclusivos de M\u00e9xico.<\/span><\/p>\n","protected":false},"featured_media":90184,"comment_status":"open","ping_status":"closed","template":"","meta":{"_acf_changed":false},"product_brand":[],"product_cat":[3203,3365,3368,3371],"product_tag":[],"class_list":{"0":"post-90154","1":"product","2":"type-product","3":"status-publish","4":"has-post-thumbnail","6":"product_cat-mexico-es","7":"product_cat-acapulco-en-es","8":"product_cat-acapulco-actividades-es","9":"product_cat-acapulco-tours-es","11":"first","12":"instock","13":"shipping-taxable","14":"purchasable","15":"product-type-simple"},"acf":[],"yoast_head":"<!-- This site is optimized with the Yoast SEO Premium plugin v25.3.1 (Yoast SEO v25.3.1) - https:\/\/yoast.com\/wordpress\/plugins\/seo\/ -->\n<title>Tour Privado a La Perla con Show de Clavadistas y Cena | Tour Travel &amp; More<\/title>\n<meta name=\"description\" content=\"Acomp\u00e1\u00f1enos en este Tour Privado a La Perla desde Acapulco y disfrute de un show exclusivo de clavadistas con cena al aire libre \u2705\" \/>\n<meta name=\"robots\" content=\"index, follow, max-snippet:-1, max-image-preview:large, max-video-preview:-1\" \/>\n<link rel=\"canonical\" href=\"https:\/\/tourtravelandmore.com\/es\/tours\/mexico-es\/acapulco-en-es\/acapulco-actividades-es\/tour-privado-a-la-perla\/\" \/>\n<meta property=\"og:locale\" content=\"es_ES\" \/>\n<meta property=\"og:type\" content=\"article\" \/>\n<meta property=\"og:title\" content=\"Tour Privado a La Perla - Show de Clavadista con cena\" \/>\n<meta property=\"og:description\" content=\"Acomp\u00e1\u00f1enos en este Tour Privado a La Perla desde Acapulco y disfrute de un show exclusivo de clavadistas con cena al aire libre \u2705\" \/>\n<meta property=\"og:url\" content=\"https:\/\/tourtravelandmore.com\/es\/tours\/mexico-es\/acapulco-en-es\/acapulco-actividades-es\/tour-privado-a-la-perla\/\" \/>\n<meta property=\"og:site_name\" content=\"Tour Travel And More\" \/>\n<meta property=\"article:publisher\" content=\"https:\/\/www.facebook.com\/tourtravelandmore\/\" \/>\n<meta property=\"article:modified_time\" content=\"2023-11-10T09:24:20+00:00\" \/>\n<meta property=\"og:image\" content=\"https:\/\/tourtravelandmore.com\/wp-content\/uploads\/2020\/12\/la-perla-scaled.jpg\" \/>\n\t<meta property=\"og:image:width\" content=\"2560\" \/>\n\t<meta property=\"og:image:height\" content=\"1920\" \/>\n\t<meta property=\"og:image:type\" content=\"image\/jpeg\" \/>\n<meta name=\"twitter:card\" content=\"summary_large_image\" \/>\n<meta name=\"twitter:site\" content=\"@TourTravel_More\" \/>\n<meta name=\"twitter:label1\" content=\"Tiempo de lectura\" \/>\n\t<meta name=\"twitter:data1\" content=\"2 minutos\" \/>\n<script type=\"application\/ld+json\" class=\"yoast-schema-graph\">{\"@context\":\"https:\/\/schema.org\",\"@graph\":[{\"@type\":\"WebPage\",\"@id\":\"https:\/\/tourtravelandmore.com\/es\/tours\/mexico-es\/acapulco-en-es\/acapulco-actividades-es\/tour-privado-a-la-perla\/\",\"url\":\"https:\/\/tourtravelandmore.com\/es\/tours\/mexico-es\/acapulco-en-es\/acapulco-actividades-es\/tour-privado-a-la-perla\/\",\"name\":\"Tour Privado a La Perla con Show de Clavadistas y Cena | Tour Travel & More\",\"isPartOf\":{\"@id\":\"https:\/\/tourtravelandmore.com\/es\/#website\"},\"primaryImageOfPage\":{\"@id\":\"https:\/\/tourtravelandmore.com\/es\/tours\/mexico-es\/acapulco-en-es\/acapulco-actividades-es\/tour-privado-a-la-perla\/#primaryimage\"},\"image\":{\"@id\":\"https:\/\/tourtravelandmore.com\/es\/tours\/mexico-es\/acapulco-en-es\/acapulco-actividades-es\/tour-privado-a-la-perla\/#primaryimage\"},\"thumbnailUrl\":\"https:\/\/tourtravelandmore.com\/wp-content\/uploads\/2020\/12\/la-perla-scaled.jpg\",\"datePublished\":\"2020-12-21T08:49:41+00:00\",\"dateModified\":\"2023-11-10T09:24:20+00:00\",\"description\":\"Acomp\u00e1\u00f1enos en este Tour Privado a La Perla desde Acapulco y disfrute de un show exclusivo de clavadistas con cena al aire libre \u2705\",\"breadcrumb\":{\"@id\":\"https:\/\/tourtravelandmore.com\/es\/tours\/mexico-es\/acapulco-en-es\/acapulco-actividades-es\/tour-privado-a-la-perla\/#breadcrumb\"},\"inLanguage\":\"es\",\"potentialAction\":[{\"@type\":\"ReadAction\",\"target\":[\"https:\/\/tourtravelandmore.com\/es\/tours\/mexico-es\/acapulco-en-es\/acapulco-actividades-es\/tour-privado-a-la-perla\/\"]}]},{\"@type\":\"ImageObject\",\"inLanguage\":\"es\",\"@id\":\"https:\/\/tourtravelandmore.com\/es\/tours\/mexico-es\/acapulco-en-es\/acapulco-actividades-es\/tour-privado-a-la-perla\/#primaryimage\",\"url\":\"https:\/\/tourtravelandmore.com\/wp-content\/uploads\/2020\/12\/la-perla-scaled.jpg\",\"contentUrl\":\"https:\/\/tourtravelandmore.com\/wp-content\/uploads\/2020\/12\/la-perla-scaled.jpg\",\"width\":2560,\"height\":1920},{\"@type\":\"BreadcrumbList\",\"@id\":\"https:\/\/tourtravelandmore.com\/es\/tours\/mexico-es\/acapulco-en-es\/acapulco-actividades-es\/tour-privado-a-la-perla\/#breadcrumb\",\"itemListElement\":[{\"@type\":\"ListItem\",\"position\":1,\"name\":\"Home\",\"item\":\"https:\/\/tourtravelandmore.com\/es\/\"},{\"@type\":\"ListItem\",\"position\":2,\"name\":\"Tours\",\"item\":\"https:\/\/tourtravelandmore.com\/es\/tours\/\"},{\"@type\":\"ListItem\",\"position\":3,\"name\":\"Tour Privado a La Perla &#8211; Show de Clavadista con cena\"}]},{\"@type\":\"WebSite\",\"@id\":\"https:\/\/tourtravelandmore.com\/es\/#website\",\"url\":\"https:\/\/tourtravelandmore.com\/es\/\",\"name\":\"Tour Travel And More\",\"description\":\"Private sightseeing tours and luxury transfers in Spain\",\"publisher\":{\"@id\":\"https:\/\/tourtravelandmore.com\/es\/#organization\"},\"potentialAction\":[{\"@type\":\"SearchAction\",\"target\":{\"@type\":\"EntryPoint\",\"urlTemplate\":\"https:\/\/tourtravelandmore.com\/es\/?s={search_term_string}\"},\"query-input\":{\"@type\":\"PropertyValueSpecification\",\"valueRequired\":true,\"valueName\":\"search_term_string\"}}],\"inLanguage\":\"es\"},{\"@type\":\"Organization\",\"@id\":\"https:\/\/tourtravelandmore.com\/es\/#organization\",\"name\":\"Tour Travel And More\",\"url\":\"https:\/\/tourtravelandmore.com\/es\/\",\"logo\":{\"@type\":\"ImageObject\",\"inLanguage\":\"es\",\"@id\":\"https:\/\/tourtravelandmore.com\/es\/#\/schema\/logo\/image\/\",\"url\":\"https:\/\/tourtravelandmore.com\/wp-content\/uploads\/2022\/12\/cropped-logo-cabecera-new.png\",\"contentUrl\":\"https:\/\/tourtravelandmore.com\/wp-content\/uploads\/2022\/12\/cropped-logo-cabecera-new.png\",\"width\":430,\"height\":61,\"caption\":\"Tour Travel And More\"},\"image\":{\"@id\":\"https:\/\/tourtravelandmore.com\/es\/#\/schema\/logo\/image\/\"},\"sameAs\":[\"https:\/\/www.facebook.com\/tourtravelandmore\/\",\"https:\/\/x.com\/TourTravel_More\"]}]}<\/script>\n<!-- \/ Yoast SEO Premium plugin. -->","yoast_head_json":{"title":"Tour Privado a La Perla con Show de Clavadistas y Cena | Tour Travel & More","description":"Acomp\u00e1\u00f1enos en este Tour Privado a La Perla desde Acapulco y disfrute de un show exclusivo de clavadistas con cena al aire libre \u2705","robots":{"index":"index","follow":"follow","max-snippet":"max-snippet:-1","max-image-preview":"max-image-preview:large","max-video-preview":"max-video-preview:-1"},"canonical":"https:\/\/tourtravelandmore.com\/es\/tours\/mexico-es\/acapulco-en-es\/acapulco-actividades-es\/tour-privado-a-la-perla\/","og_locale":"es_ES","og_type":"article","og_title":"Tour Privado a La Perla - Show de Clavadista con cena","og_description":"Acomp\u00e1\u00f1enos en este Tour Privado a La Perla desde Acapulco y disfrute de un show exclusivo de clavadistas con cena al aire libre \u2705","og_url":"https:\/\/tourtravelandmore.com\/es\/tours\/mexico-es\/acapulco-en-es\/acapulco-actividades-es\/tour-privado-a-la-perla\/","og_site_name":"Tour Travel And More","article_publisher":"https:\/\/www.facebook.com\/tourtravelandmore\/","article_modified_time":"2023-11-10T09:24:20+00:00","og_image":[{"width":2560,"height":1920,"url":"https:\/\/tourtravelandmore.com\/wp-content\/uploads\/2020\/12\/la-perla-scaled.jpg","type":"image\/jpeg"}],"twitter_card":"summary_large_image","twitter_site":"@TourTravel_More","twitter_misc":{"Tiempo de lectura":"2 minutos"},"schema":{"@context":"https:\/\/schema.org","@graph":[{"@type":"WebPage","@id":"https:\/\/tourtravelandmore.com\/es\/tours\/mexico-es\/acapulco-en-es\/acapulco-actividades-es\/tour-privado-a-la-perla\/","url":"https:\/\/tourtravelandmore.com\/es\/tours\/mexico-es\/acapulco-en-es\/acapulco-actividades-es\/tour-privado-a-la-perla\/","name":"Tour Privado a La Perla con Show de Clavadistas y Cena | Tour Travel & More","isPartOf":{"@id":"https:\/\/tourtravelandmore.com\/es\/#website"},"primaryImageOfPage":{"@id":"https:\/\/tourtravelandmore.com\/es\/tours\/mexico-es\/acapulco-en-es\/acapulco-actividades-es\/tour-privado-a-la-perla\/#primaryimage"},"image":{"@id":"https:\/\/tourtravelandmore.com\/es\/tours\/mexico-es\/acapulco-en-es\/acapulco-actividades-es\/tour-privado-a-la-perla\/#primaryimage"},"thumbnailUrl":"https:\/\/tourtravelandmore.com\/wp-content\/uploads\/2020\/12\/la-perla-scaled.jpg","datePublished":"2020-12-21T08:49:41+00:00","dateModified":"2023-11-10T09:24:20+00:00","description":"Acomp\u00e1\u00f1enos en este Tour Privado a La Perla desde Acapulco y disfrute de un show exclusivo de clavadistas con cena al aire libre \u2705","breadcrumb":{"@id":"https:\/\/tourtravelandmore.com\/es\/tours\/mexico-es\/acapulco-en-es\/acapulco-actividades-es\/tour-privado-a-la-perla\/#breadcrumb"},"inLanguage":"es","potentialAction":[{"@type":"ReadAction","target":["https:\/\/tourtravelandmore.com\/es\/tours\/mexico-es\/acapulco-en-es\/acapulco-actividades-es\/tour-privado-a-la-perla\/"]}]},{"@type":"ImageObject","inLanguage":"es","@id":"https:\/\/tourtravelandmore.com\/es\/tours\/mexico-es\/acapulco-en-es\/acapulco-actividades-es\/tour-privado-a-la-perla\/#primaryimage","url":"https:\/\/tourtravelandmore.com\/wp-content\/uploads\/2020\/12\/la-perla-scaled.jpg","contentUrl":"https:\/\/tourtravelandmore.com\/wp-content\/uploads\/2020\/12\/la-perla-scaled.jpg","width":2560,"height":1920},{"@type":"BreadcrumbList","@id":"https:\/\/tourtravelandmore.com\/es\/tours\/mexico-es\/acapulco-en-es\/acapulco-actividades-es\/tour-privado-a-la-perla\/#breadcrumb","itemListElement":[{"@type":"ListItem","position":1,"name":"Home","item":"https:\/\/tourtravelandmore.com\/es\/"},{"@type":"ListItem","position":2,"name":"Tours","item":"https:\/\/tourtravelandmore.com\/es\/tours\/"},{"@type":"ListItem","position":3,"name":"Tour Privado a La Perla &#8211; Show de Clavadista con cena"}]},{"@type":"WebSite","@id":"https:\/\/tourtravelandmore.com\/es\/#website","url":"https:\/\/tourtravelandmore.com\/es\/","name":"Tour Travel And More","description":"Private sightseeing tours and luxury transfers in Spain","publisher":{"@id":"https:\/\/tourtravelandmore.com\/es\/#organization"},"potentialAction":[{"@type":"SearchAction","target":{"@type":"EntryPoint","urlTemplate":"https:\/\/tourtravelandmore.com\/es\/?s={search_term_string}"},"query-input":{"@type":"PropertyValueSpecification","valueRequired":true,"valueName":"search_term_string"}}],"inLanguage":"es"},{"@type":"Organization","@id":"https:\/\/tourtravelandmore.com\/es\/#organization","name":"Tour Travel And More","url":"https:\/\/tourtravelandmore.com\/es\/","logo":{"@type":"ImageObject","inLanguage":"es","@id":"https:\/\/tourtravelandmore.com\/es\/#\/schema\/logo\/image\/","url":"https:\/\/tourtravelandmore.com\/wp-content\/uploads\/2022\/12\/cropped-logo-cabecera-new.png","contentUrl":"https:\/\/tourtravelandmore.com\/wp-content\/uploads\/2022\/12\/cropped-logo-cabecera-new.png","width":430,"height":61,"caption":"Tour Travel And More"},"image":{"@id":"https:\/\/tourtravelandmore.com\/es\/#\/schema\/logo\/image\/"},"sameAs":["https:\/\/www.facebook.com\/tourtravelandmore\/","https:\/\/x.com\/TourTravel_More"]}]}},"_links":{"self":[{"href":"https:\/\/tourtravelandmore.com\/es\/wp-json\/wp\/v2\/product\/90154","targetHints":{"allow":["GET"]}}],"collection":[{"href":"https:\/\/tourtravelandmore.com\/es\/wp-json\/wp\/v2\/product"}],"about":[{"href":"https:\/\/tourtravelandmore.com\/es\/wp-json\/wp\/v2\/types\/product"}],"replies":[{"embeddable":true,"href":"https:\/\/tourtravelandmore.com\/es\/wp-json\/wp\/v2\/comments?post=90154"}],"wp:featuredmedia":[{"embeddable":true,"href":"https:\/\/tourtravelandmore.com\/es\/wp-json\/wp\/v2\/media\/90184"}],"wp:attachment":[{"href":"https:\/\/tourtravelandmore.com\/es\/wp-json\/wp\/v2\/media?parent=90154"}],"wp:term":[{"taxonomy":"product_brand","embeddable":true,"href":"https:\/\/tourtravelandmore.com\/es\/wp-json\/wp\/v2\/product_brand?post=90154"},{"taxonomy":"product_cat","embeddable":true,"href":"https:\/\/tourtravelandmore.com\/es\/wp-json\/wp\/v2\/product_cat?post=90154"},{"taxonomy":"product_tag","embeddable":true,"href":"https:\/\/tourtravelandmore.com\/es\/wp-json\/wp\/v2\/product_tag?post=90154"}],"curies":[{"name":"wp","href":"https:\/\/api.w.org\/{rel}","templated":true}]}}