{"id":90115,"date":"2020-12-18T12:44:32","date_gmt":"2020-12-18T11:44:33","guid":{"rendered":"https:\/\/tourtravelandmore.com\/?post_type=product&#038;p=90115"},"modified":"2021-08-02T12:53:33","modified_gmt":"2021-08-02T10:53:33","slug":"tour-privado-de-detroit","status":"publish","type":"product","link":"https:\/\/tourtravelandmore.com\/es\/tours\/eeuu-es\/detroit-en-es\/detroit-actividades-es\/tour-privado-de-detroit\/","title":{"rendered":"Tour Privado por Detroit"},"content":{"rendered":"<h2 class=\"p1\"><span class=\"s1\"><b>Descripci\u00f3n de nuestro Tour Privado por Detroit<\/b><\/span><\/h2>\n<p>Aprovecha al m\u00e1ximo tu visita a la ciudad del motor y disfruta nuestro <strong>tour privado de Detroit<\/strong>. Descubre la ciudad, su historia y sitios m\u00e1s emblem\u00e1ticos junto a un gu\u00eda local experto. Durante este tour podr\u00e1s explorar la ciudad y conocer su historia y leyenda.<\/p>\n<p>Para dar comienzo a su tour su chofer y gu\u00eda le recoger\u00e1 en su sitio deseado en Detroit. En caso de que necesite, le podemos recoger en el aeropuerto de la ciudad. Solo tiene que contactarnos y nuestro equipo de expertos le ayudar\u00e1 a coordinar una experiencia personalizada.<\/p>\n<p>Aprovecha esta maravillosa oportunidad y disfruta nuestro <strong>tour privado de Detroit<\/strong>. Su chofer privado y gu\u00eda oficial estar\u00e1n a su disposici\u00f3n para ayudarle a disfrutar una experiencia personalizada.<\/p>\n<h2 class=\"p3\"><span class=\"s1\"><b>Puntos de inter\u00e9s en nuestro Tour Privado en Detroit<\/b><\/span><\/h2>\n<p><strong>Detroit<\/strong> est\u00e1 ubicada al sureste de Michigan, sobre el r\u00edo Detroit (el cual conecta los lagos Erie y St. Clair), en frente de Ontario, Canada. La ciudad fue fundada en 1701 por un ciudadano de origen franc\u00e9s, quien edific\u00f3 un fuerte en el r\u00edo y lo llam\u00f3 Fort Pontchartrain du D\u00e9troit en honor a su patr\u00f3n.<\/p>\n<p>Como sabr\u00e1, <strong>Detroit<\/strong> es una ciudad llena de historia y sitio emblem\u00e1ticos. Durante su tour privado podr\u00e1 descubrir la ciudad y visitar aquellos sitios que m\u00e1s le interesen. Junto a su gu\u00eda se adentrar\u00e1n en la historia de Detroit, su rol en la industria automobilistica y mucho m\u00e1s!<\/p>\n<p>Entre diversos sitios hist\u00f3ricos podr\u00e1 visitar:<\/p>\n<ul>\n<li><strong>Paradas fotogr\u00e1ficas en Motown, Giant Tiger, Fuente Scott<\/strong><\/li>\n<li><strong>Parque Belle isle: Desarrollado a fines del Siglo 19, este parque\/isla de 982-acre es uno de los puntos m\u00e1s bonitos de la ciudad.<\/strong><\/li>\n<li><strong>Museo Henry Ford<\/strong><\/li>\n<li><strong>Estaci\u00f3n central Michigan<\/strong><\/li>\n<li><strong>Murales y mercados outdoor en Eastern Market<\/strong><\/li>\n<li><strong>Centro hist\u00f3rico de Detroit: Edificio guardian, centro c\u00edvico y m\u00e1s!<\/strong><\/li>\n<li><strong>Explora los barrios hist\u00f3ricos donde se encuentran las mansiones y casas de trabajadores, previos al boom de la industria automotriz.<\/strong><\/li>\n<li><strong>Mucho m\u00e1s!<\/strong><\/li>\n<\/ul>\n<p>Nuestra propuesta de <strong>tour privado de Detroit<\/strong> tiene una duraci\u00f3n de 4 horas. Es posible coordinar un tour de mayor duraci\u00f3n, por favor no dude en ponerse en contacto con nosotros.<\/p>\n<p>Finalmente su chofer y gu\u00eda le dejar\u00e1n en el punto de inicio de su tour privado.<\/p>\n<p>Ofrecemos otros tours privados en Detroit, puede verlos en nuestro <a href=\"https:\/\/tourtravelandmore.com\/es\/ciudad\/eeuu-es\/detroit-en-es\/\">listado de tours privados.<\/a><\/p>\n","protected":false},"excerpt":{"rendered":"<p>\u00danase a nosotros y explora la ciudad y sus sitios m\u00e1s emblem\u00e1ticos durante un <strong>tour privado de Detroit con chofer y gu\u00eda oficial.<\/strong><\/p>\n","protected":false},"featured_media":90044,"comment_status":"open","ping_status":"closed","template":"","meta":{"_acf_changed":false},"product_brand":[],"product_cat":[1602,2995,2998,3000],"product_tag":[],"class_list":{"0":"post-90115","1":"product","2":"type-product","3":"status-publish","4":"has-post-thumbnail","6":"product_cat-eeuu-es","7":"product_cat-detroit-en-es","8":"product_cat-detroit-actividades-es","9":"product_cat-detroit-tours-es","11":"first","12":"instock","13":"shipping-taxable","14":"purchasable","15":"product-type-simple"},"acf":[],"yoast_head":"<!-- This site is optimized with the Yoast SEO Premium plugin v25.3.1 (Yoast SEO v25.3.1) - https:\/\/yoast.com\/wordpress\/plugins\/seo\/ -->\n<title>Tour privado de Detroit con chofer y gu\u00eda oficial local | TTM<\/title>\n<meta name=\"description\" content=\"\u2192 Explore la ciudad y sus sitios m\u00e1s emblem\u00e1ticos durante un tour privado de Detroit con chofer y gu\u00eda oficial. \u2705\" \/>\n<meta name=\"robots\" content=\"index, follow, max-snippet:-1, max-image-preview:large, max-video-preview:-1\" \/>\n<link rel=\"canonical\" href=\"https:\/\/tourtravelandmore.com\/es\/tours\/eeuu-es\/detroit-en-es\/detroit-actividades-es\/tour-privado-de-detroit\/\" \/>\n<meta property=\"og:locale\" content=\"es_ES\" \/>\n<meta property=\"og:type\" content=\"article\" \/>\n<meta property=\"og:title\" content=\"Tour Privado por Detroit\" \/>\n<meta property=\"og:description\" content=\"\u2192 Explore la ciudad y sus sitios m\u00e1s emblem\u00e1ticos durante un tour privado de Detroit con chofer y gu\u00eda oficial. \u2705\" \/>\n<meta property=\"og:url\" content=\"https:\/\/tourtravelandmore.com\/es\/tours\/eeuu-es\/detroit-en-es\/detroit-actividades-es\/tour-privado-de-detroit\/\" \/>\n<meta property=\"og:site_name\" content=\"Tour Travel And More\" \/>\n<meta property=\"article:publisher\" content=\"https:\/\/www.facebook.com\/tourtravelandmore\/\" \/>\n<meta property=\"article:modified_time\" content=\"2021-08-02T10:53:33+00:00\" \/>\n<meta property=\"og:image\" content=\"https:\/\/tourtravelandmore.com\/wp-content\/uploads\/2020\/12\/Detroit-panorama.jpeg\" \/>\n\t<meta property=\"og:image:width\" content=\"1267\" \/>\n\t<meta property=\"og:image:height\" content=\"950\" \/>\n\t<meta property=\"og:image:type\" content=\"image\/jpeg\" \/>\n<meta name=\"twitter:card\" content=\"summary_large_image\" \/>\n<meta name=\"twitter:site\" content=\"@TourTravel_More\" \/>\n<meta name=\"twitter:label1\" content=\"Tiempo de lectura\" \/>\n\t<meta name=\"twitter:data1\" content=\"2 minutos\" \/>\n<script type=\"application\/ld+json\" class=\"yoast-schema-graph\">{\"@context\":\"https:\/\/schema.org\",\"@graph\":[{\"@type\":\"WebPage\",\"@id\":\"https:\/\/tourtravelandmore.com\/es\/tours\/eeuu-es\/detroit-en-es\/detroit-actividades-es\/tour-privado-de-detroit\/\",\"url\":\"https:\/\/tourtravelandmore.com\/es\/tours\/eeuu-es\/detroit-en-es\/detroit-actividades-es\/tour-privado-de-detroit\/\",\"name\":\"Tour privado de Detroit con chofer y gu\u00eda oficial local | TTM\",\"isPartOf\":{\"@id\":\"https:\/\/tourtravelandmore.com\/es\/#website\"},\"primaryImageOfPage\":{\"@id\":\"https:\/\/tourtravelandmore.com\/es\/tours\/eeuu-es\/detroit-en-es\/detroit-actividades-es\/tour-privado-de-detroit\/#primaryimage\"},\"image\":{\"@id\":\"https:\/\/tourtravelandmore.com\/es\/tours\/eeuu-es\/detroit-en-es\/detroit-actividades-es\/tour-privado-de-detroit\/#primaryimage\"},\"thumbnailUrl\":\"https:\/\/tourtravelandmore.com\/wp-content\/uploads\/2020\/12\/Detroit-panorama.jpeg\",\"datePublished\":\"2020-12-18T11:44:33+00:00\",\"dateModified\":\"2021-08-02T10:53:33+00:00\",\"description\":\"\u2192 Explore la ciudad y sus sitios m\u00e1s emblem\u00e1ticos durante un tour privado de Detroit con chofer y gu\u00eda oficial. \u2705\",\"breadcrumb\":{\"@id\":\"https:\/\/tourtravelandmore.com\/es\/tours\/eeuu-es\/detroit-en-es\/detroit-actividades-es\/tour-privado-de-detroit\/#breadcrumb\"},\"inLanguage\":\"es\",\"potentialAction\":[{\"@type\":\"ReadAction\",\"target\":[\"https:\/\/tourtravelandmore.com\/es\/tours\/eeuu-es\/detroit-en-es\/detroit-actividades-es\/tour-privado-de-detroit\/\"]}]},{\"@type\":\"ImageObject\",\"inLanguage\":\"es\",\"@id\":\"https:\/\/tourtravelandmore.com\/es\/tours\/eeuu-es\/detroit-en-es\/detroit-actividades-es\/tour-privado-de-detroit\/#primaryimage\",\"url\":\"https:\/\/tourtravelandmore.com\/wp-content\/uploads\/2020\/12\/Detroit-panorama.jpeg\",\"contentUrl\":\"https:\/\/tourtravelandmore.com\/wp-content\/uploads\/2020\/12\/Detroit-panorama.jpeg\",\"width\":1267,\"height\":950,\"caption\":\"detroit panorama 2\"},{\"@type\":\"BreadcrumbList\",\"@id\":\"https:\/\/tourtravelandmore.com\/es\/tours\/eeuu-es\/detroit-en-es\/detroit-actividades-es\/tour-privado-de-detroit\/#breadcrumb\",\"itemListElement\":[{\"@type\":\"ListItem\",\"position\":1,\"name\":\"Home\",\"item\":\"https:\/\/tourtravelandmore.com\/es\/\"},{\"@type\":\"ListItem\",\"position\":2,\"name\":\"Tours\",\"item\":\"https:\/\/tourtravelandmore.com\/es\/tours\/\"},{\"@type\":\"ListItem\",\"position\":3,\"name\":\"Tour Privado por Detroit\"}]},{\"@type\":\"WebSite\",\"@id\":\"https:\/\/tourtravelandmore.com\/es\/#website\",\"url\":\"https:\/\/tourtravelandmore.com\/es\/\",\"name\":\"Tour Travel And More\",\"description\":\"Private sightseeing tours and luxury transfers in Spain\",\"publisher\":{\"@id\":\"https:\/\/tourtravelandmore.com\/es\/#organization\"},\"potentialAction\":[{\"@type\":\"SearchAction\",\"target\":{\"@type\":\"EntryPoint\",\"urlTemplate\":\"https:\/\/tourtravelandmore.com\/es\/?s={search_term_string}\"},\"query-input\":{\"@type\":\"PropertyValueSpecification\",\"valueRequired\":true,\"valueName\":\"search_term_string\"}}],\"inLanguage\":\"es\"},{\"@type\":\"Organization\",\"@id\":\"https:\/\/tourtravelandmore.com\/es\/#organization\",\"name\":\"Tour Travel And More\",\"url\":\"https:\/\/tourtravelandmore.com\/es\/\",\"logo\":{\"@type\":\"ImageObject\",\"inLanguage\":\"es\",\"@id\":\"https:\/\/tourtravelandmore.com\/es\/#\/schema\/logo\/image\/\",\"url\":\"https:\/\/tourtravelandmore.com\/wp-content\/uploads\/2022\/12\/cropped-logo-cabecera-new.png\",\"contentUrl\":\"https:\/\/tourtravelandmore.com\/wp-content\/uploads\/2022\/12\/cropped-logo-cabecera-new.png\",\"width\":430,\"height\":61,\"caption\":\"Tour Travel And More\"},\"image\":{\"@id\":\"https:\/\/tourtravelandmore.com\/es\/#\/schema\/logo\/image\/\"},\"sameAs\":[\"https:\/\/www.facebook.com\/tourtravelandmore\/\",\"https:\/\/x.com\/TourTravel_More\"]}]}<\/script>\n<!-- \/ Yoast SEO Premium plugin. -->","yoast_head_json":{"title":"Tour privado de Detroit con chofer y gu\u00eda oficial local | TTM","description":"\u2192 Explore la ciudad y sus sitios m\u00e1s emblem\u00e1ticos durante un tour privado de Detroit con chofer y gu\u00eda oficial. \u2705","robots":{"index":"index","follow":"follow","max-snippet":"max-snippet:-1","max-image-preview":"max-image-preview:large","max-video-preview":"max-video-preview:-1"},"canonical":"https:\/\/tourtravelandmore.com\/es\/tours\/eeuu-es\/detroit-en-es\/detroit-actividades-es\/tour-privado-de-detroit\/","og_locale":"es_ES","og_type":"article","og_title":"Tour Privado por Detroit","og_description":"\u2192 Explore la ciudad y sus sitios m\u00e1s emblem\u00e1ticos durante un tour privado de Detroit con chofer y gu\u00eda oficial. \u2705","og_url":"https:\/\/tourtravelandmore.com\/es\/tours\/eeuu-es\/detroit-en-es\/detroit-actividades-es\/tour-privado-de-detroit\/","og_site_name":"Tour Travel And More","article_publisher":"https:\/\/www.facebook.com\/tourtravelandmore\/","article_modified_time":"2021-08-02T10:53:33+00:00","og_image":[{"width":1267,"height":950,"url":"https:\/\/tourtravelandmore.com\/wp-content\/uploads\/2020\/12\/Detroit-panorama.jpeg","type":"image\/jpeg"}],"twitter_card":"summary_large_image","twitter_site":"@TourTravel_More","twitter_misc":{"Tiempo de lectura":"2 minutos"},"schema":{"@context":"https:\/\/schema.org","@graph":[{"@type":"WebPage","@id":"https:\/\/tourtravelandmore.com\/es\/tours\/eeuu-es\/detroit-en-es\/detroit-actividades-es\/tour-privado-de-detroit\/","url":"https:\/\/tourtravelandmore.com\/es\/tours\/eeuu-es\/detroit-en-es\/detroit-actividades-es\/tour-privado-de-detroit\/","name":"Tour privado de Detroit con chofer y gu\u00eda oficial local | TTM","isPartOf":{"@id":"https:\/\/tourtravelandmore.com\/es\/#website"},"primaryImageOfPage":{"@id":"https:\/\/tourtravelandmore.com\/es\/tours\/eeuu-es\/detroit-en-es\/detroit-actividades-es\/tour-privado-de-detroit\/#primaryimage"},"image":{"@id":"https:\/\/tourtravelandmore.com\/es\/tours\/eeuu-es\/detroit-en-es\/detroit-actividades-es\/tour-privado-de-detroit\/#primaryimage"},"thumbnailUrl":"https:\/\/tourtravelandmore.com\/wp-content\/uploads\/2020\/12\/Detroit-panorama.jpeg","datePublished":"2020-12-18T11:44:33+00:00","dateModified":"2021-08-02T10:53:33+00:00","description":"\u2192 Explore la ciudad y sus sitios m\u00e1s emblem\u00e1ticos durante un tour privado de Detroit con chofer y gu\u00eda oficial. \u2705","breadcrumb":{"@id":"https:\/\/tourtravelandmore.com\/es\/tours\/eeuu-es\/detroit-en-es\/detroit-actividades-es\/tour-privado-de-detroit\/#breadcrumb"},"inLanguage":"es","potentialAction":[{"@type":"ReadAction","target":["https:\/\/tourtravelandmore.com\/es\/tours\/eeuu-es\/detroit-en-es\/detroit-actividades-es\/tour-privado-de-detroit\/"]}]},{"@type":"ImageObject","inLanguage":"es","@id":"https:\/\/tourtravelandmore.com\/es\/tours\/eeuu-es\/detroit-en-es\/detroit-actividades-es\/tour-privado-de-detroit\/#primaryimage","url":"https:\/\/tourtravelandmore.com\/wp-content\/uploads\/2020\/12\/Detroit-panorama.jpeg","contentUrl":"https:\/\/tourtravelandmore.com\/wp-content\/uploads\/2020\/12\/Detroit-panorama.jpeg","width":1267,"height":950,"caption":"detroit panorama 2"},{"@type":"BreadcrumbList","@id":"https:\/\/tourtravelandmore.com\/es\/tours\/eeuu-es\/detroit-en-es\/detroit-actividades-es\/tour-privado-de-detroit\/#breadcrumb","itemListElement":[{"@type":"ListItem","position":1,"name":"Home","item":"https:\/\/tourtravelandmore.com\/es\/"},{"@type":"ListItem","position":2,"name":"Tours","item":"https:\/\/tourtravelandmore.com\/es\/tours\/"},{"@type":"ListItem","position":3,"name":"Tour Privado por Detroit"}]},{"@type":"WebSite","@id":"https:\/\/tourtravelandmore.com\/es\/#website","url":"https:\/\/tourtravelandmore.com\/es\/","name":"Tour Travel And More","description":"Private sightseeing tours and luxury transfers in Spain","publisher":{"@id":"https:\/\/tourtravelandmore.com\/es\/#organization"},"potentialAction":[{"@type":"SearchAction","target":{"@type":"EntryPoint","urlTemplate":"https:\/\/tourtravelandmore.com\/es\/?s={search_term_string}"},"query-input":{"@type":"PropertyValueSpecification","valueRequired":true,"valueName":"search_term_string"}}],"inLanguage":"es"},{"@type":"Organization","@id":"https:\/\/tourtravelandmore.com\/es\/#organization","name":"Tour Travel And More","url":"https:\/\/tourtravelandmore.com\/es\/","logo":{"@type":"ImageObject","inLanguage":"es","@id":"https:\/\/tourtravelandmore.com\/es\/#\/schema\/logo\/image\/","url":"https:\/\/tourtravelandmore.com\/wp-content\/uploads\/2022\/12\/cropped-logo-cabecera-new.png","contentUrl":"https:\/\/tourtravelandmore.com\/wp-content\/uploads\/2022\/12\/cropped-logo-cabecera-new.png","width":430,"height":61,"caption":"Tour Travel And More"},"image":{"@id":"https:\/\/tourtravelandmore.com\/es\/#\/schema\/logo\/image\/"},"sameAs":["https:\/\/www.facebook.com\/tourtravelandmore\/","https:\/\/x.com\/TourTravel_More"]}]}},"_links":{"self":[{"href":"https:\/\/tourtravelandmore.com\/es\/wp-json\/wp\/v2\/product\/90115","targetHints":{"allow":["GET"]}}],"collection":[{"href":"https:\/\/tourtravelandmore.com\/es\/wp-json\/wp\/v2\/product"}],"about":[{"href":"https:\/\/tourtravelandmore.com\/es\/wp-json\/wp\/v2\/types\/product"}],"replies":[{"embeddable":true,"href":"https:\/\/tourtravelandmore.com\/es\/wp-json\/wp\/v2\/comments?post=90115"}],"wp:featuredmedia":[{"embeddable":true,"href":"https:\/\/tourtravelandmore.com\/es\/wp-json\/wp\/v2\/media\/90044"}],"wp:attachment":[{"href":"https:\/\/tourtravelandmore.com\/es\/wp-json\/wp\/v2\/media?parent=90115"}],"wp:term":[{"taxonomy":"product_brand","embeddable":true,"href":"https:\/\/tourtravelandmore.com\/es\/wp-json\/wp\/v2\/product_brand?post=90115"},{"taxonomy":"product_cat","embeddable":true,"href":"https:\/\/tourtravelandmore.com\/es\/wp-json\/wp\/v2\/product_cat?post=90115"},{"taxonomy":"product_tag","embeddable":true,"href":"https:\/\/tourtravelandmore.com\/es\/wp-json\/wp\/v2\/product_tag?post=90115"}],"curies":[{"name":"wp","href":"https:\/\/api.w.org\/{rel}","templated":true}]}}