{"id":90072,"date":"2020-12-18T10:05:38","date_gmt":"2020-12-18T09:05:39","guid":{"rendered":"https:\/\/tourtravelandmore.com\/?post_type=product&#038;p=90072"},"modified":"2023-11-10T10:17:32","modified_gmt":"2023-11-10T09:17:32","slug":"tour-privado-a-la-laguna-coyuca","status":"publish","type":"product","link":"https:\/\/tourtravelandmore.com\/es\/tours\/mexico-es\/acapulco-en-es\/acapulco-actividades-es\/tour-privado-a-la-laguna-coyuca\/","title":{"rendered":"Tour Privado a la Laguna Coyuca"},"content":{"rendered":"<h2 id=\"tw-target-text\" class=\"tw-data-text tw-text-large XcVN5d tw-ta\" dir=\"ltr\" data-placeholder=\"Traducci\u00f3n\"><span lang=\"es\">Descripci\u00f3n del Tour Privado a la Laguna Coyuca<\/span><\/h2>\n<p>D\u00e9jate admirar por una de las lagunas m\u00e1s hermosas de M\u00e9xico. <span class=\"JLqJ4b ChMk0b\" data-language-for-alternatives=\"es\" data-language-to-translate-into=\"en\" data-phrase-index=\"1\">Ven con nosotros en este <strong>tour privado a la Laguna Coyuca<\/strong> <strong>desde Acapulco<\/strong> con un equipo local profesional. Disfrute de una experiencia como ninguna otra, sum\u00e9rjase en un lugar natural rodeado de una gran variedad de flora y fauna tropical. <\/span><\/p>\n<p><span class=\"JLqJ4b ChMk0b\" data-language-for-alternatives=\"es\" data-language-to-translate-into=\"en\" data-phrase-index=\"1\"><span class=\"JLqJ4b\" data-language-for-alternatives=\"es\" data-language-to-translate-into=\"en\" data-phrase-index=\"3\">Su conductor privado y gu\u00eda tur\u00edstico oficial lo recoger\u00e1n en su hotel o lugar de elecci\u00f3n en Acapulco. Este servicio se realizar\u00e1 en un <strong>veh\u00edculo privado de lujo<\/strong> para una experiencia m\u00e1s c\u00f3moda. <\/span><\/span><\/p>\n<p><span class=\"JLqJ4b ChMk0b\" data-language-for-alternatives=\"es\" data-language-to-translate-into=\"en\" data-phrase-index=\"1\"><span class=\"JLqJ4b\" data-language-for-alternatives=\"es\" data-language-to-translate-into=\"en\" data-phrase-index=\"3\"><strong>La Laguna Coyuca<\/strong> es una hermosa laguna de agua dulce ubicada a 10 kil\u00f3metros al norte de Acapulco. En esta laguna encontrar\u00e1s dos islas diferentes: Isla de los P\u00e1jaros e Isla Montoya. En ambas islas encontrar\u00e1s diferentes tipos de aves que emigran desde Canad\u00e1. Un dato muy interesante es que aqu\u00ed se filmaron las pel\u00edculas Rambo II y Tarz\u00e1n. <\/span><\/span><\/p>\n<p><span class=\"JLqJ4b ChMk0b\" data-language-for-alternatives=\"es\" data-language-to-translate-into=\"en\" data-phrase-index=\"1\"><span class=\"JLqJ4b\" data-language-for-alternatives=\"es\" data-language-to-translate-into=\"en\" data-phrase-index=\"3\">Este tour privado a la laguna Coyuca es perfecto para aquellos que aman la naturaleza y la vida silvestre. Haga su sue\u00f1o realidad con <strong>Tour Travel &amp; More<\/strong>.<\/span><\/span><\/p>\n<h2>Puntos emblem\u00e1ticos y de inter\u00e9s en el Tour Privado a la Laguna Coyuca<\/h2>\n<p>En primer lugar, su conductor privado y gu\u00eda tur\u00edstico oficial lo recoger\u00e1n en su hotel temprano en la ma\u00f1ana. Disfrutar\u00e1s de un tour al aire libre rodeado de naturaleza salvaje, \u00a1una experiencia verdaderamente \u00fanica!<\/p>\n<p>Durante este tour privado podr\u00e1s visitar uno de los lugares m\u00e1s pintorescos de Acapulco. Disfrutar\u00e1s de impresionantes vistas del agua y de la incre\u00edble naturaleza que caracteriza a este lugar.<\/p>\n<p>Esta laguna de agua dulce alberga diferentes especies de aves como garzas, cig\u00fce\u00f1as y pel\u00edcanos. Tambi\u00e9n es el lugar natural donde se realiza la liberaci\u00f3n de las cr\u00edas de tortuga, si tienes suerte, es posible que tengas la posibilidad de ver este maravilloso espect\u00e1culo.<\/p>\n<p>Tambi\u00e9n experimentar\u00e1 un paseo en bote para navegar por los acantilados. Admirar\u00e1s la incre\u00edble laguna desde otra perspectiva con un equipo profesional muy bien equipado.<\/p>\n<p>Antes de regresar a Acapulco, disfrutar\u00e1 de un almuerzo \u00fanico en la playa. Tambi\u00e9n puede degustar bebidas locales mientras contempla el mar.<\/p>\n<p>Finalmente, al finalizar la visita, su equipo privado lo llevar\u00e1 de regreso a su hotel en Acapulco.<\/p>\n<p>Tambi\u00e9n brindamos<a href=\"https:\/\/tourtravelandmore.com\/es\/ciudad\/mexico-es\/\"> tours y experiencias privadas en cualquier ciudad de M\u00e9xico<\/a>, \u00a1\u00e9chale un vistazo!<\/p>\n","protected":false},"excerpt":{"rendered":"<p id=\"tw-target-text\" class=\"tw-data-text tw-text-large XcVN5d tw-ta\" dir=\"ltr\" data-placeholder=\"Traducci\u00f3n\">Disfrute de una experiencia \u00fanica con Tour Travel &amp; More y \u00fanase a nosotros en este Tour Privado a la Laguna de Coyuca. <span class=\"JLqJ4b ChMk0b\" data-language-for-alternatives=\"es\" data-language-to-translate-into=\"en\" data-phrase-index=\"1\">Conozca el lugar donde se filmaron las pel\u00edculas de Rambo II y Tarz\u00e1n con un equipo profesional local.<\/span><\/p>\n","protected":false},"featured_media":90085,"comment_status":"open","ping_status":"closed","template":"","meta":{"_acf_changed":false},"product_brand":[],"product_cat":[3203,3365,3368,3371],"product_tag":[],"class_list":{"0":"post-90072","1":"product","2":"type-product","3":"status-publish","4":"has-post-thumbnail","6":"product_cat-mexico-es","7":"product_cat-acapulco-en-es","8":"product_cat-acapulco-actividades-es","9":"product_cat-acapulco-tours-es","11":"first","12":"instock","13":"shipping-taxable","14":"purchasable","15":"product-type-simple"},"acf":[],"yoast_head":"<!-- This site is optimized with the Yoast SEO Premium plugin v25.3.1 (Yoast SEO v25.3.1) - https:\/\/yoast.com\/wordpress\/plugins\/seo\/ -->\n<title>Tour Privado a la Laguna Coyuca desde Acapulco con gu\u00eda oficial | Tour Travel &amp; More<\/title>\n<meta name=\"description\" content=\"Avent\u00farese en ese Tour Privado a la Laguna Coyuca desde Acapulco y disfrute de un d\u00eda al aire libre redeado de naturaleza salvaje \u2705\" \/>\n<meta name=\"robots\" content=\"index, follow, max-snippet:-1, max-image-preview:large, max-video-preview:-1\" \/>\n<link rel=\"canonical\" href=\"https:\/\/tourtravelandmore.com\/es\/tours\/mexico-es\/acapulco-en-es\/acapulco-actividades-es\/tour-privado-a-la-laguna-coyuca\/\" \/>\n<meta property=\"og:locale\" content=\"es_ES\" \/>\n<meta property=\"og:type\" content=\"article\" \/>\n<meta property=\"og:title\" content=\"Tour Privado a la Laguna Coyuca\" \/>\n<meta property=\"og:description\" content=\"Avent\u00farese en ese Tour Privado a la Laguna Coyuca desde Acapulco y disfrute de un d\u00eda al aire libre redeado de naturaleza salvaje \u2705\" \/>\n<meta property=\"og:url\" content=\"https:\/\/tourtravelandmore.com\/es\/tours\/mexico-es\/acapulco-en-es\/acapulco-actividades-es\/tour-privado-a-la-laguna-coyuca\/\" \/>\n<meta property=\"og:site_name\" content=\"Tour Travel And More\" \/>\n<meta property=\"article:publisher\" content=\"https:\/\/www.facebook.com\/tourtravelandmore\/\" \/>\n<meta property=\"article:modified_time\" content=\"2023-11-10T09:17:32+00:00\" \/>\n<meta property=\"og:image\" content=\"https:\/\/tourtravelandmore.com\/wp-content\/uploads\/2020\/12\/coyuca-2.jpg\" \/>\n\t<meta property=\"og:image:width\" content=\"780\" \/>\n\t<meta property=\"og:image:height\" content=\"521\" \/>\n\t<meta property=\"og:image:type\" content=\"image\/jpeg\" \/>\n<meta name=\"twitter:card\" content=\"summary_large_image\" \/>\n<meta name=\"twitter:site\" content=\"@TourTravel_More\" \/>\n<meta name=\"twitter:label1\" content=\"Tiempo de lectura\" \/>\n\t<meta name=\"twitter:data1\" content=\"2 minutos\" \/>\n<script type=\"application\/ld+json\" class=\"yoast-schema-graph\">{\"@context\":\"https:\/\/schema.org\",\"@graph\":[{\"@type\":\"WebPage\",\"@id\":\"https:\/\/tourtravelandmore.com\/es\/tours\/mexico-es\/acapulco-en-es\/acapulco-actividades-es\/tour-privado-a-la-laguna-coyuca\/\",\"url\":\"https:\/\/tourtravelandmore.com\/es\/tours\/mexico-es\/acapulco-en-es\/acapulco-actividades-es\/tour-privado-a-la-laguna-coyuca\/\",\"name\":\"Tour Privado a la Laguna Coyuca desde Acapulco con gu\u00eda oficial | Tour Travel & More\",\"isPartOf\":{\"@id\":\"https:\/\/tourtravelandmore.com\/es\/#website\"},\"primaryImageOfPage\":{\"@id\":\"https:\/\/tourtravelandmore.com\/es\/tours\/mexico-es\/acapulco-en-es\/acapulco-actividades-es\/tour-privado-a-la-laguna-coyuca\/#primaryimage\"},\"image\":{\"@id\":\"https:\/\/tourtravelandmore.com\/es\/tours\/mexico-es\/acapulco-en-es\/acapulco-actividades-es\/tour-privado-a-la-laguna-coyuca\/#primaryimage\"},\"thumbnailUrl\":\"https:\/\/tourtravelandmore.com\/wp-content\/uploads\/2020\/12\/coyuca-2.jpg\",\"datePublished\":\"2020-12-18T09:05:39+00:00\",\"dateModified\":\"2023-11-10T09:17:32+00:00\",\"description\":\"Avent\u00farese en ese Tour Privado a la Laguna Coyuca desde Acapulco y disfrute de un d\u00eda al aire libre redeado de naturaleza salvaje \u2705\",\"breadcrumb\":{\"@id\":\"https:\/\/tourtravelandmore.com\/es\/tours\/mexico-es\/acapulco-en-es\/acapulco-actividades-es\/tour-privado-a-la-laguna-coyuca\/#breadcrumb\"},\"inLanguage\":\"es\",\"potentialAction\":[{\"@type\":\"ReadAction\",\"target\":[\"https:\/\/tourtravelandmore.com\/es\/tours\/mexico-es\/acapulco-en-es\/acapulco-actividades-es\/tour-privado-a-la-laguna-coyuca\/\"]}]},{\"@type\":\"ImageObject\",\"inLanguage\":\"es\",\"@id\":\"https:\/\/tourtravelandmore.com\/es\/tours\/mexico-es\/acapulco-en-es\/acapulco-actividades-es\/tour-privado-a-la-laguna-coyuca\/#primaryimage\",\"url\":\"https:\/\/tourtravelandmore.com\/wp-content\/uploads\/2020\/12\/coyuca-2.jpg\",\"contentUrl\":\"https:\/\/tourtravelandmore.com\/wp-content\/uploads\/2020\/12\/coyuca-2.jpg\",\"width\":780,\"height\":521},{\"@type\":\"BreadcrumbList\",\"@id\":\"https:\/\/tourtravelandmore.com\/es\/tours\/mexico-es\/acapulco-en-es\/acapulco-actividades-es\/tour-privado-a-la-laguna-coyuca\/#breadcrumb\",\"itemListElement\":[{\"@type\":\"ListItem\",\"position\":1,\"name\":\"Home\",\"item\":\"https:\/\/tourtravelandmore.com\/es\/\"},{\"@type\":\"ListItem\",\"position\":2,\"name\":\"Tours\",\"item\":\"https:\/\/tourtravelandmore.com\/es\/tours\/\"},{\"@type\":\"ListItem\",\"position\":3,\"name\":\"Tour Privado a la Laguna Coyuca\"}]},{\"@type\":\"WebSite\",\"@id\":\"https:\/\/tourtravelandmore.com\/es\/#website\",\"url\":\"https:\/\/tourtravelandmore.com\/es\/\",\"name\":\"Tour Travel And More\",\"description\":\"Private sightseeing tours and luxury transfers in Spain\",\"publisher\":{\"@id\":\"https:\/\/tourtravelandmore.com\/es\/#organization\"},\"potentialAction\":[{\"@type\":\"SearchAction\",\"target\":{\"@type\":\"EntryPoint\",\"urlTemplate\":\"https:\/\/tourtravelandmore.com\/es\/?s={search_term_string}\"},\"query-input\":{\"@type\":\"PropertyValueSpecification\",\"valueRequired\":true,\"valueName\":\"search_term_string\"}}],\"inLanguage\":\"es\"},{\"@type\":\"Organization\",\"@id\":\"https:\/\/tourtravelandmore.com\/es\/#organization\",\"name\":\"Tour Travel And More\",\"url\":\"https:\/\/tourtravelandmore.com\/es\/\",\"logo\":{\"@type\":\"ImageObject\",\"inLanguage\":\"es\",\"@id\":\"https:\/\/tourtravelandmore.com\/es\/#\/schema\/logo\/image\/\",\"url\":\"https:\/\/tourtravelandmore.com\/wp-content\/uploads\/2022\/12\/cropped-logo-cabecera-new.png\",\"contentUrl\":\"https:\/\/tourtravelandmore.com\/wp-content\/uploads\/2022\/12\/cropped-logo-cabecera-new.png\",\"width\":430,\"height\":61,\"caption\":\"Tour Travel And More\"},\"image\":{\"@id\":\"https:\/\/tourtravelandmore.com\/es\/#\/schema\/logo\/image\/\"},\"sameAs\":[\"https:\/\/www.facebook.com\/tourtravelandmore\/\",\"https:\/\/x.com\/TourTravel_More\"]}]}<\/script>\n<!-- \/ Yoast SEO Premium plugin. -->","yoast_head_json":{"title":"Tour Privado a la Laguna Coyuca desde Acapulco con gu\u00eda oficial | Tour Travel & More","description":"Avent\u00farese en ese Tour Privado a la Laguna Coyuca desde Acapulco y disfrute de un d\u00eda al aire libre redeado de naturaleza salvaje \u2705","robots":{"index":"index","follow":"follow","max-snippet":"max-snippet:-1","max-image-preview":"max-image-preview:large","max-video-preview":"max-video-preview:-1"},"canonical":"https:\/\/tourtravelandmore.com\/es\/tours\/mexico-es\/acapulco-en-es\/acapulco-actividades-es\/tour-privado-a-la-laguna-coyuca\/","og_locale":"es_ES","og_type":"article","og_title":"Tour Privado a la Laguna Coyuca","og_description":"Avent\u00farese en ese Tour Privado a la Laguna Coyuca desde Acapulco y disfrute de un d\u00eda al aire libre redeado de naturaleza salvaje \u2705","og_url":"https:\/\/tourtravelandmore.com\/es\/tours\/mexico-es\/acapulco-en-es\/acapulco-actividades-es\/tour-privado-a-la-laguna-coyuca\/","og_site_name":"Tour Travel And More","article_publisher":"https:\/\/www.facebook.com\/tourtravelandmore\/","article_modified_time":"2023-11-10T09:17:32+00:00","og_image":[{"width":780,"height":521,"url":"https:\/\/tourtravelandmore.com\/wp-content\/uploads\/2020\/12\/coyuca-2.jpg","type":"image\/jpeg"}],"twitter_card":"summary_large_image","twitter_site":"@TourTravel_More","twitter_misc":{"Tiempo de lectura":"2 minutos"},"schema":{"@context":"https:\/\/schema.org","@graph":[{"@type":"WebPage","@id":"https:\/\/tourtravelandmore.com\/es\/tours\/mexico-es\/acapulco-en-es\/acapulco-actividades-es\/tour-privado-a-la-laguna-coyuca\/","url":"https:\/\/tourtravelandmore.com\/es\/tours\/mexico-es\/acapulco-en-es\/acapulco-actividades-es\/tour-privado-a-la-laguna-coyuca\/","name":"Tour Privado a la Laguna Coyuca desde Acapulco con gu\u00eda oficial | Tour Travel & More","isPartOf":{"@id":"https:\/\/tourtravelandmore.com\/es\/#website"},"primaryImageOfPage":{"@id":"https:\/\/tourtravelandmore.com\/es\/tours\/mexico-es\/acapulco-en-es\/acapulco-actividades-es\/tour-privado-a-la-laguna-coyuca\/#primaryimage"},"image":{"@id":"https:\/\/tourtravelandmore.com\/es\/tours\/mexico-es\/acapulco-en-es\/acapulco-actividades-es\/tour-privado-a-la-laguna-coyuca\/#primaryimage"},"thumbnailUrl":"https:\/\/tourtravelandmore.com\/wp-content\/uploads\/2020\/12\/coyuca-2.jpg","datePublished":"2020-12-18T09:05:39+00:00","dateModified":"2023-11-10T09:17:32+00:00","description":"Avent\u00farese en ese Tour Privado a la Laguna Coyuca desde Acapulco y disfrute de un d\u00eda al aire libre redeado de naturaleza salvaje \u2705","breadcrumb":{"@id":"https:\/\/tourtravelandmore.com\/es\/tours\/mexico-es\/acapulco-en-es\/acapulco-actividades-es\/tour-privado-a-la-laguna-coyuca\/#breadcrumb"},"inLanguage":"es","potentialAction":[{"@type":"ReadAction","target":["https:\/\/tourtravelandmore.com\/es\/tours\/mexico-es\/acapulco-en-es\/acapulco-actividades-es\/tour-privado-a-la-laguna-coyuca\/"]}]},{"@type":"ImageObject","inLanguage":"es","@id":"https:\/\/tourtravelandmore.com\/es\/tours\/mexico-es\/acapulco-en-es\/acapulco-actividades-es\/tour-privado-a-la-laguna-coyuca\/#primaryimage","url":"https:\/\/tourtravelandmore.com\/wp-content\/uploads\/2020\/12\/coyuca-2.jpg","contentUrl":"https:\/\/tourtravelandmore.com\/wp-content\/uploads\/2020\/12\/coyuca-2.jpg","width":780,"height":521},{"@type":"BreadcrumbList","@id":"https:\/\/tourtravelandmore.com\/es\/tours\/mexico-es\/acapulco-en-es\/acapulco-actividades-es\/tour-privado-a-la-laguna-coyuca\/#breadcrumb","itemListElement":[{"@type":"ListItem","position":1,"name":"Home","item":"https:\/\/tourtravelandmore.com\/es\/"},{"@type":"ListItem","position":2,"name":"Tours","item":"https:\/\/tourtravelandmore.com\/es\/tours\/"},{"@type":"ListItem","position":3,"name":"Tour Privado a la Laguna Coyuca"}]},{"@type":"WebSite","@id":"https:\/\/tourtravelandmore.com\/es\/#website","url":"https:\/\/tourtravelandmore.com\/es\/","name":"Tour Travel And More","description":"Private sightseeing tours and luxury transfers in Spain","publisher":{"@id":"https:\/\/tourtravelandmore.com\/es\/#organization"},"potentialAction":[{"@type":"SearchAction","target":{"@type":"EntryPoint","urlTemplate":"https:\/\/tourtravelandmore.com\/es\/?s={search_term_string}"},"query-input":{"@type":"PropertyValueSpecification","valueRequired":true,"valueName":"search_term_string"}}],"inLanguage":"es"},{"@type":"Organization","@id":"https:\/\/tourtravelandmore.com\/es\/#organization","name":"Tour Travel And More","url":"https:\/\/tourtravelandmore.com\/es\/","logo":{"@type":"ImageObject","inLanguage":"es","@id":"https:\/\/tourtravelandmore.com\/es\/#\/schema\/logo\/image\/","url":"https:\/\/tourtravelandmore.com\/wp-content\/uploads\/2022\/12\/cropped-logo-cabecera-new.png","contentUrl":"https:\/\/tourtravelandmore.com\/wp-content\/uploads\/2022\/12\/cropped-logo-cabecera-new.png","width":430,"height":61,"caption":"Tour Travel And More"},"image":{"@id":"https:\/\/tourtravelandmore.com\/es\/#\/schema\/logo\/image\/"},"sameAs":["https:\/\/www.facebook.com\/tourtravelandmore\/","https:\/\/x.com\/TourTravel_More"]}]}},"_links":{"self":[{"href":"https:\/\/tourtravelandmore.com\/es\/wp-json\/wp\/v2\/product\/90072","targetHints":{"allow":["GET"]}}],"collection":[{"href":"https:\/\/tourtravelandmore.com\/es\/wp-json\/wp\/v2\/product"}],"about":[{"href":"https:\/\/tourtravelandmore.com\/es\/wp-json\/wp\/v2\/types\/product"}],"replies":[{"embeddable":true,"href":"https:\/\/tourtravelandmore.com\/es\/wp-json\/wp\/v2\/comments?post=90072"}],"wp:featuredmedia":[{"embeddable":true,"href":"https:\/\/tourtravelandmore.com\/es\/wp-json\/wp\/v2\/media\/90085"}],"wp:attachment":[{"href":"https:\/\/tourtravelandmore.com\/es\/wp-json\/wp\/v2\/media?parent=90072"}],"wp:term":[{"taxonomy":"product_brand","embeddable":true,"href":"https:\/\/tourtravelandmore.com\/es\/wp-json\/wp\/v2\/product_brand?post=90072"},{"taxonomy":"product_cat","embeddable":true,"href":"https:\/\/tourtravelandmore.com\/es\/wp-json\/wp\/v2\/product_cat?post=90072"},{"taxonomy":"product_tag","embeddable":true,"href":"https:\/\/tourtravelandmore.com\/es\/wp-json\/wp\/v2\/product_tag?post=90072"}],"curies":[{"name":"wp","href":"https:\/\/api.w.org\/{rel}","templated":true}]}}