{"id":90062,"date":"2020-12-18T09:51:21","date_gmt":"2020-12-18T08:51:22","guid":{"rendered":"https:\/\/tourtravelandmore.com\/?post_type=product&#038;p=90062"},"modified":"2021-08-02T12:51:27","modified_gmt":"2021-08-02T10:51:27","slug":"tour-privado-de-detroit-a-pie","status":"publish","type":"product","link":"https:\/\/tourtravelandmore.com\/es\/tours\/eeuu-es\/detroit-en-es\/detroit-actividades-es\/tour-privado-de-detroit-a-pie\/","title":{"rendered":"Tour a pie del centro con el people mover"},"content":{"rendered":"<h2 class=\"p1\"><span class=\"s1\"><b>Descripci\u00f3n del Tour a pie del centro con el &#8220;People Mover&#8221;<\/b><\/span><\/h2>\n<p>La ciudad de Detroit cubre una superficie de 139 millas cuadradas, pero solo 2 de ellas son consideradas el centro de la ciudad. Esto hace a la ciudad un sitio ideal para descubrirlo en el emblem\u00e1tico people mover. Disfrute nuestro tour privado de Detroit a pie junto a uno de nuestros gu\u00edas expertos y descubra la historia de Detroit.<\/p>\n<p>Junto a su gu\u00eda local podr\u00e1 descubrir todo lo que el centro de Detroit tiene para ofrecer. El tour es completamente adaptable a sus deseos e intereses personales. Todos nuestros gu\u00edas son licenciados y expertos en cultura e historia de su ciudad. La movilidad durante su tour ser\u00e1 el m\u00edtico Detroit People Mover, un sistema autom\u00e1tico de rieles que opera en unas v\u00edas elevadas del distrito empresario de Detroit.<\/p>\n<p>Este tour privado de Detroit a pie will comenzar\u00e1 en un punto c\u00e9ntrico de la ciudad. Si su hotel o alojamiento se encuentra en el centro, su gu\u00eda podr\u00e1 recogerle all\u00ed.<\/p>\n<h2 class=\"p3\"><span class=\"s1\"><b>Puntos de inter\u00e9s en nuestro Tour a Pie<\/b><\/span><\/h2>\n<p>Para dar comienzo a su tour se encontrar\u00e1 con su gu\u00eda en un punto c\u00e9ntrico, o en su alojamiento c\u00e9ntrico. A continuaci\u00f3n comenzar\u00e1 su tour privado de Detroit a pie. Para este tour utilizamos el <a href=\"https:\/\/visitdetroit.com\/profile\/detroit-people-mover\/\">people mover<\/a>. Este tren en altura tiene 13 estaciones ubicadas en los lugares m\u00e1s tur\u00edsticos de <em>Detroit.<\/em><\/p>\n<p>Junto a su gu\u00eda podr\u00e1 descubrir los sitios m\u00e1s emblem\u00e1ticos de Detroit. Haciendo uso del people mover har\u00e1 paradas en diversos puntos de la ciudad. Visitar\u00e1\u00a0<a href=\"https:\/\/visitdetroit.com\/reasons-night-detroit-start-end-greektown\/\">Greektown<\/a>. Esta parte del centro hist\u00f3rico alberga el encanto antiguo de la ciudad con maravillosos restaurantes, salas de juegos y entretenimiento y vida nocturna. La constante evoluci\u00f3n del distrito hacer que sea un lugar frecuentado tanto por locales como por visitantes. Otras paradas obligadas durante su tour ser\u00e1n el Centro C\u00edvico y sus esculturas, y el para\u00edso de los hot dogs en Lafayette Coney Island.<\/p>\n<p>Hay muchos sitios que podr\u00e1 visitar durante su tour privado de Detroit a pie. Algunos de ellos son:<\/p>\n<ul>\n<li><strong>Foxtown<\/strong><\/li>\n<li><strong>Avenida Madison<\/strong><\/li>\n<li><strong>Paradise Valley<\/strong><\/li>\n<li><strong>Teatro Fox<\/strong><\/li>\n<li><strong>Comerica Park, hogar de los Detroit Tigers<\/strong><\/li>\n<li><strong>Detroit Opera House<\/strong><\/li>\n<li><strong>Esculturas del centro c\u00edvico: El esp\u00edritu de Detroit y el pu\u00f1o de Joe Louis<\/strong><\/li>\n<li><strong>Renaissance Center<\/strong><\/li>\n<li><strong>HQ de General Motors<\/strong><\/li>\n<li><strong>Edficio Guardian de estilo Art Deco. Su edificaci\u00f3n comenz\u00f3 en 1928 y culmin\u00f3 en 1929. El nombre original del edificio era Union Trust. Podr\u00e1s entrar y ver el maravilloso lobby y zona de bancos.<\/strong><\/li>\n<li><strong>Penobscot Building de 47 pisos<\/strong><\/li>\n<\/ul>\n<p>Este tour privado culminar\u00e1 en un punto c\u00e9ntrico, cercano al punto de encuentro. El itinerario y los sitios a visitar durante el tour son absolutamente adaptables a su deseo personal.<\/p>\n<p><a href=\"https:\/\/tourtravelandmore.com\/es\/ciudad\/eeuu-es\/\">No te pierdas nuestra oferta de tours privados en todo EEUU.<\/a><\/p>\n","protected":false},"excerpt":{"rendered":"<p>Explora el <strong>centro hist\u00f3rico de Detroit con nuestro tour privado<\/strong> de Detroit a pie y utilizando el m\u00edtico people mover. Descubre la historia de la ciudad junto a un gu\u00eda local experto.<\/p>\n","protected":false},"featured_media":90041,"comment_status":"open","ping_status":"closed","template":"","meta":{"_acf_changed":false},"product_brand":[],"product_cat":[1602,2995,2998,3004],"product_tag":[],"class_list":{"0":"post-90062","1":"product","2":"type-product","3":"status-publish","4":"has-post-thumbnail","6":"product_cat-eeuu-es","7":"product_cat-detroit-en-es","8":"product_cat-detroit-actividades-es","9":"product_cat-detroit-a-pie-es","11":"first","12":"instock","13":"shipping-taxable","14":"purchasable","15":"product-type-simple"},"acf":[],"yoast_head":"<!-- This site is optimized with the Yoast SEO Premium plugin v25.3.1 (Yoast SEO v25.3.1) - https:\/\/yoast.com\/wordpress\/plugins\/seo\/ -->\n<title>tour privado de Detroit a pie con gu\u00eda oficial experto<\/title>\n<meta name=\"description\" content=\"Explora el centro hist\u00f3rico de Detroit con nuestro tour privado de Detroit a pie y el m\u00edtico people mover. Descubre la historia de la ciudad\" \/>\n<meta name=\"robots\" content=\"index, follow, max-snippet:-1, max-image-preview:large, max-video-preview:-1\" \/>\n<link rel=\"canonical\" href=\"https:\/\/tourtravelandmore.com\/es\/tours\/eeuu-es\/detroit-en-es\/detroit-actividades-es\/tour-privado-de-detroit-a-pie\/\" \/>\n<meta property=\"og:locale\" content=\"es_ES\" \/>\n<meta property=\"og:type\" content=\"article\" \/>\n<meta property=\"og:title\" content=\"Tour a pie del centro con el people mover\" \/>\n<meta property=\"og:description\" content=\"Explora el centro hist\u00f3rico de Detroit con nuestro tour privado de Detroit a pie y el m\u00edtico people mover. Descubre la historia de la ciudad\" \/>\n<meta property=\"og:url\" content=\"https:\/\/tourtravelandmore.com\/es\/tours\/eeuu-es\/detroit-en-es\/detroit-actividades-es\/tour-privado-de-detroit-a-pie\/\" \/>\n<meta property=\"og:site_name\" content=\"Tour Travel And More\" \/>\n<meta property=\"article:publisher\" content=\"https:\/\/www.facebook.com\/tourtravelandmore\/\" \/>\n<meta property=\"article:modified_time\" content=\"2021-08-02T10:51:27+00:00\" \/>\n<meta property=\"og:image\" content=\"https:\/\/tourtravelandmore.com\/wp-content\/uploads\/2020\/12\/Detroit-panorama-2.jpeg\" \/>\n\t<meta property=\"og:image:width\" content=\"1268\" \/>\n\t<meta property=\"og:image:height\" content=\"950\" \/>\n\t<meta property=\"og:image:type\" content=\"image\/jpeg\" \/>\n<meta name=\"twitter:card\" content=\"summary_large_image\" \/>\n<meta name=\"twitter:site\" content=\"@TourTravel_More\" \/>\n<meta name=\"twitter:label1\" content=\"Tiempo de lectura\" \/>\n\t<meta name=\"twitter:data1\" content=\"2 minutos\" \/>\n<script type=\"application\/ld+json\" class=\"yoast-schema-graph\">{\"@context\":\"https:\/\/schema.org\",\"@graph\":[{\"@type\":\"WebPage\",\"@id\":\"https:\/\/tourtravelandmore.com\/es\/tours\/eeuu-es\/detroit-en-es\/detroit-actividades-es\/tour-privado-de-detroit-a-pie\/\",\"url\":\"https:\/\/tourtravelandmore.com\/es\/tours\/eeuu-es\/detroit-en-es\/detroit-actividades-es\/tour-privado-de-detroit-a-pie\/\",\"name\":\"tour privado de Detroit a pie con gu\u00eda oficial experto\",\"isPartOf\":{\"@id\":\"https:\/\/tourtravelandmore.com\/es\/#website\"},\"primaryImageOfPage\":{\"@id\":\"https:\/\/tourtravelandmore.com\/es\/tours\/eeuu-es\/detroit-en-es\/detroit-actividades-es\/tour-privado-de-detroit-a-pie\/#primaryimage\"},\"image\":{\"@id\":\"https:\/\/tourtravelandmore.com\/es\/tours\/eeuu-es\/detroit-en-es\/detroit-actividades-es\/tour-privado-de-detroit-a-pie\/#primaryimage\"},\"thumbnailUrl\":\"https:\/\/tourtravelandmore.com\/wp-content\/uploads\/2020\/12\/Detroit-panorama-2.jpeg\",\"datePublished\":\"2020-12-18T08:51:22+00:00\",\"dateModified\":\"2021-08-02T10:51:27+00:00\",\"description\":\"Explora el centro hist\u00f3rico de Detroit con nuestro tour privado de Detroit a pie y el m\u00edtico people mover. Descubre la historia de la ciudad\",\"breadcrumb\":{\"@id\":\"https:\/\/tourtravelandmore.com\/es\/tours\/eeuu-es\/detroit-en-es\/detroit-actividades-es\/tour-privado-de-detroit-a-pie\/#breadcrumb\"},\"inLanguage\":\"es\",\"potentialAction\":[{\"@type\":\"ReadAction\",\"target\":[\"https:\/\/tourtravelandmore.com\/es\/tours\/eeuu-es\/detroit-en-es\/detroit-actividades-es\/tour-privado-de-detroit-a-pie\/\"]}]},{\"@type\":\"ImageObject\",\"inLanguage\":\"es\",\"@id\":\"https:\/\/tourtravelandmore.com\/es\/tours\/eeuu-es\/detroit-en-es\/detroit-actividades-es\/tour-privado-de-detroit-a-pie\/#primaryimage\",\"url\":\"https:\/\/tourtravelandmore.com\/wp-content\/uploads\/2020\/12\/Detroit-panorama-2.jpeg\",\"contentUrl\":\"https:\/\/tourtravelandmore.com\/wp-content\/uploads\/2020\/12\/Detroit-panorama-2.jpeg\",\"width\":1268,\"height\":950,\"caption\":\"detroit lookout\"},{\"@type\":\"BreadcrumbList\",\"@id\":\"https:\/\/tourtravelandmore.com\/es\/tours\/eeuu-es\/detroit-en-es\/detroit-actividades-es\/tour-privado-de-detroit-a-pie\/#breadcrumb\",\"itemListElement\":[{\"@type\":\"ListItem\",\"position\":1,\"name\":\"Home\",\"item\":\"https:\/\/tourtravelandmore.com\/es\/\"},{\"@type\":\"ListItem\",\"position\":2,\"name\":\"Tours\",\"item\":\"https:\/\/tourtravelandmore.com\/es\/tours\/\"},{\"@type\":\"ListItem\",\"position\":3,\"name\":\"Tour a pie del centro con el people mover\"}]},{\"@type\":\"WebSite\",\"@id\":\"https:\/\/tourtravelandmore.com\/es\/#website\",\"url\":\"https:\/\/tourtravelandmore.com\/es\/\",\"name\":\"Tour Travel And More\",\"description\":\"Private sightseeing tours and luxury transfers in Spain\",\"publisher\":{\"@id\":\"https:\/\/tourtravelandmore.com\/es\/#organization\"},\"potentialAction\":[{\"@type\":\"SearchAction\",\"target\":{\"@type\":\"EntryPoint\",\"urlTemplate\":\"https:\/\/tourtravelandmore.com\/es\/?s={search_term_string}\"},\"query-input\":{\"@type\":\"PropertyValueSpecification\",\"valueRequired\":true,\"valueName\":\"search_term_string\"}}],\"inLanguage\":\"es\"},{\"@type\":\"Organization\",\"@id\":\"https:\/\/tourtravelandmore.com\/es\/#organization\",\"name\":\"Tour Travel And More\",\"url\":\"https:\/\/tourtravelandmore.com\/es\/\",\"logo\":{\"@type\":\"ImageObject\",\"inLanguage\":\"es\",\"@id\":\"https:\/\/tourtravelandmore.com\/es\/#\/schema\/logo\/image\/\",\"url\":\"https:\/\/tourtravelandmore.com\/wp-content\/uploads\/2022\/12\/cropped-logo-cabecera-new.png\",\"contentUrl\":\"https:\/\/tourtravelandmore.com\/wp-content\/uploads\/2022\/12\/cropped-logo-cabecera-new.png\",\"width\":430,\"height\":61,\"caption\":\"Tour Travel And More\"},\"image\":{\"@id\":\"https:\/\/tourtravelandmore.com\/es\/#\/schema\/logo\/image\/\"},\"sameAs\":[\"https:\/\/www.facebook.com\/tourtravelandmore\/\",\"https:\/\/x.com\/TourTravel_More\"]}]}<\/script>\n<!-- \/ Yoast SEO Premium plugin. -->","yoast_head_json":{"title":"tour privado de Detroit a pie con gu\u00eda oficial experto","description":"Explora el centro hist\u00f3rico de Detroit con nuestro tour privado de Detroit a pie y el m\u00edtico people mover. Descubre la historia de la ciudad","robots":{"index":"index","follow":"follow","max-snippet":"max-snippet:-1","max-image-preview":"max-image-preview:large","max-video-preview":"max-video-preview:-1"},"canonical":"https:\/\/tourtravelandmore.com\/es\/tours\/eeuu-es\/detroit-en-es\/detroit-actividades-es\/tour-privado-de-detroit-a-pie\/","og_locale":"es_ES","og_type":"article","og_title":"Tour a pie del centro con el people mover","og_description":"Explora el centro hist\u00f3rico de Detroit con nuestro tour privado de Detroit a pie y el m\u00edtico people mover. Descubre la historia de la ciudad","og_url":"https:\/\/tourtravelandmore.com\/es\/tours\/eeuu-es\/detroit-en-es\/detroit-actividades-es\/tour-privado-de-detroit-a-pie\/","og_site_name":"Tour Travel And More","article_publisher":"https:\/\/www.facebook.com\/tourtravelandmore\/","article_modified_time":"2021-08-02T10:51:27+00:00","og_image":[{"width":1268,"height":950,"url":"https:\/\/tourtravelandmore.com\/wp-content\/uploads\/2020\/12\/Detroit-panorama-2.jpeg","type":"image\/jpeg"}],"twitter_card":"summary_large_image","twitter_site":"@TourTravel_More","twitter_misc":{"Tiempo de lectura":"2 minutos"},"schema":{"@context":"https:\/\/schema.org","@graph":[{"@type":"WebPage","@id":"https:\/\/tourtravelandmore.com\/es\/tours\/eeuu-es\/detroit-en-es\/detroit-actividades-es\/tour-privado-de-detroit-a-pie\/","url":"https:\/\/tourtravelandmore.com\/es\/tours\/eeuu-es\/detroit-en-es\/detroit-actividades-es\/tour-privado-de-detroit-a-pie\/","name":"tour privado de Detroit a pie con gu\u00eda oficial experto","isPartOf":{"@id":"https:\/\/tourtravelandmore.com\/es\/#website"},"primaryImageOfPage":{"@id":"https:\/\/tourtravelandmore.com\/es\/tours\/eeuu-es\/detroit-en-es\/detroit-actividades-es\/tour-privado-de-detroit-a-pie\/#primaryimage"},"image":{"@id":"https:\/\/tourtravelandmore.com\/es\/tours\/eeuu-es\/detroit-en-es\/detroit-actividades-es\/tour-privado-de-detroit-a-pie\/#primaryimage"},"thumbnailUrl":"https:\/\/tourtravelandmore.com\/wp-content\/uploads\/2020\/12\/Detroit-panorama-2.jpeg","datePublished":"2020-12-18T08:51:22+00:00","dateModified":"2021-08-02T10:51:27+00:00","description":"Explora el centro hist\u00f3rico de Detroit con nuestro tour privado de Detroit a pie y el m\u00edtico people mover. Descubre la historia de la ciudad","breadcrumb":{"@id":"https:\/\/tourtravelandmore.com\/es\/tours\/eeuu-es\/detroit-en-es\/detroit-actividades-es\/tour-privado-de-detroit-a-pie\/#breadcrumb"},"inLanguage":"es","potentialAction":[{"@type":"ReadAction","target":["https:\/\/tourtravelandmore.com\/es\/tours\/eeuu-es\/detroit-en-es\/detroit-actividades-es\/tour-privado-de-detroit-a-pie\/"]}]},{"@type":"ImageObject","inLanguage":"es","@id":"https:\/\/tourtravelandmore.com\/es\/tours\/eeuu-es\/detroit-en-es\/detroit-actividades-es\/tour-privado-de-detroit-a-pie\/#primaryimage","url":"https:\/\/tourtravelandmore.com\/wp-content\/uploads\/2020\/12\/Detroit-panorama-2.jpeg","contentUrl":"https:\/\/tourtravelandmore.com\/wp-content\/uploads\/2020\/12\/Detroit-panorama-2.jpeg","width":1268,"height":950,"caption":"detroit lookout"},{"@type":"BreadcrumbList","@id":"https:\/\/tourtravelandmore.com\/es\/tours\/eeuu-es\/detroit-en-es\/detroit-actividades-es\/tour-privado-de-detroit-a-pie\/#breadcrumb","itemListElement":[{"@type":"ListItem","position":1,"name":"Home","item":"https:\/\/tourtravelandmore.com\/es\/"},{"@type":"ListItem","position":2,"name":"Tours","item":"https:\/\/tourtravelandmore.com\/es\/tours\/"},{"@type":"ListItem","position":3,"name":"Tour a pie del centro con el people mover"}]},{"@type":"WebSite","@id":"https:\/\/tourtravelandmore.com\/es\/#website","url":"https:\/\/tourtravelandmore.com\/es\/","name":"Tour Travel And More","description":"Private sightseeing tours and luxury transfers in Spain","publisher":{"@id":"https:\/\/tourtravelandmore.com\/es\/#organization"},"potentialAction":[{"@type":"SearchAction","target":{"@type":"EntryPoint","urlTemplate":"https:\/\/tourtravelandmore.com\/es\/?s={search_term_string}"},"query-input":{"@type":"PropertyValueSpecification","valueRequired":true,"valueName":"search_term_string"}}],"inLanguage":"es"},{"@type":"Organization","@id":"https:\/\/tourtravelandmore.com\/es\/#organization","name":"Tour Travel And More","url":"https:\/\/tourtravelandmore.com\/es\/","logo":{"@type":"ImageObject","inLanguage":"es","@id":"https:\/\/tourtravelandmore.com\/es\/#\/schema\/logo\/image\/","url":"https:\/\/tourtravelandmore.com\/wp-content\/uploads\/2022\/12\/cropped-logo-cabecera-new.png","contentUrl":"https:\/\/tourtravelandmore.com\/wp-content\/uploads\/2022\/12\/cropped-logo-cabecera-new.png","width":430,"height":61,"caption":"Tour Travel And More"},"image":{"@id":"https:\/\/tourtravelandmore.com\/es\/#\/schema\/logo\/image\/"},"sameAs":["https:\/\/www.facebook.com\/tourtravelandmore\/","https:\/\/x.com\/TourTravel_More"]}]}},"_links":{"self":[{"href":"https:\/\/tourtravelandmore.com\/es\/wp-json\/wp\/v2\/product\/90062","targetHints":{"allow":["GET"]}}],"collection":[{"href":"https:\/\/tourtravelandmore.com\/es\/wp-json\/wp\/v2\/product"}],"about":[{"href":"https:\/\/tourtravelandmore.com\/es\/wp-json\/wp\/v2\/types\/product"}],"replies":[{"embeddable":true,"href":"https:\/\/tourtravelandmore.com\/es\/wp-json\/wp\/v2\/comments?post=90062"}],"wp:featuredmedia":[{"embeddable":true,"href":"https:\/\/tourtravelandmore.com\/es\/wp-json\/wp\/v2\/media\/90041"}],"wp:attachment":[{"href":"https:\/\/tourtravelandmore.com\/es\/wp-json\/wp\/v2\/media?parent=90062"}],"wp:term":[{"taxonomy":"product_brand","embeddable":true,"href":"https:\/\/tourtravelandmore.com\/es\/wp-json\/wp\/v2\/product_brand?post=90062"},{"taxonomy":"product_cat","embeddable":true,"href":"https:\/\/tourtravelandmore.com\/es\/wp-json\/wp\/v2\/product_cat?post=90062"},{"taxonomy":"product_tag","embeddable":true,"href":"https:\/\/tourtravelandmore.com\/es\/wp-json\/wp\/v2\/product_tag?post=90062"}],"curies":[{"name":"wp","href":"https:\/\/api.w.org\/{rel}","templated":true}]}}