{"id":8993,"date":"2016-11-07T19:34:22","date_gmt":"2016-11-08T10:55:49","guid":{"rendered":"http:\/\/tourtravelandmore.com\/es\/?post_type=product&#038;p=8993"},"modified":"2022-01-31T08:53:23","modified_gmt":"2022-01-31T07:53:23","slug":"traslado-privado-valencia-con-chofer-y-vehiculo-de-lujo","status":"publish","type":"product","link":"https:\/\/tourtravelandmore.com\/es\/tours\/espana-es\/valencia-es\/traslado-privado-valencia-con-chofer-y-vehiculo-de-lujo\/","title":{"rendered":"Traslados privados Valencia a cualquier destino"},"content":{"rendered":"<h2>Descripci\u00f3n de los Traslados\u00a0privados Valencia a cualquier destino<\/h2>\n<p>Disfruta de un Traslado privado Valencia, y viaja de forma r\u00e1pida y sin esperas.<\/p>\n<p>Operamos en todo Valencia y comunidad Valencia, le podemos recoger desde cualquier lugar: Estaci\u00f3n de Tren, Aeropuertos, Terminal de Cruceros, o Cualquier ciudad.<\/p>\n<p>Disponemos de una gran flota de veh\u00edculos, formada por Mercedes E, Mercedes S, Mercedes Viano, Mercedes Vito, y Mini Bus.<\/p>\n<p>A trav\u00e9s del formulario de contacto puedes contactar con nosotros y nuestro equipo le enviar\u00e1 la informaci\u00f3n detallada. Es importante que indique el lugar de recogida y devoluci\u00f3n, as\u00ed como el n\u00famero de personas y equipaje, para calcular un veh\u00edculo con el espacio suficiente.<\/p>\n<p>Todos nuestro traslado privado Valencia son privados, con ch\u00f3feres uniformados. En los Aeropuertos y Terminales de Cruceros, siempre estar\u00e1n esperando con un cartel con su nombre.<\/p>\n<p>Si necesitas sillas de beb\u00e9 o alzadores, no hay problema, se lo podemos conseguir, es relevante que lo indique en el formulario para que nuestro equipo est\u00e9 informado.<\/p>\n<p>Si dispone de m\u00e1s d\u00edas en la ciudad, puedes consultar <a href=\"https:\/\/tourtravelandmore.com\/es\/ciudad\/espana-es\/valencia-es\/\"><strong>aqu\u00ed<\/strong> <\/a>nuestros tours privados de Valencia.<\/p>\n<h2>Puntos de inter\u00e9s de los Traslados\u00a0privados Valencia a cualquier destino<\/h2>\n<p>La ciudad portuaria de Valencia se ubica en la costa sureste de Espa\u00f1a, donde el r\u00edo Turia se une al mar Mediterr\u00e1neo. Es famosa por la<strong> Ciudad de las Artes y las Ciencias<\/strong>, con estructuras futur\u00edsticas, como el planetario, el oceanario y un museo interactivo. Valencia tambi\u00e9n tiene varias playas, incluidas algunas dentro del cercano Parque de la Albufera, una reserva de humedales con un lago y senderos.<\/p>\n<p>Uno de los Edificios m\u00e1s recientes y modernos es la<strong> Ciudad de las Artes y las Ciencias<\/strong>. Este parque cultural se extiende por 2 km y cinco edificios principales. Fue dise\u00f1ado por el legendario arquitecto Santiago Calatrava y los edificios blancos brillantes en formas extra\u00f1as y maravillosas se ven como la visi\u00f3n del futuro de un ni\u00f1o imaginativo.<\/p>\n<p>&nbsp;<\/p>\n","protected":false},"excerpt":{"rendered":"<p>Aproveche esta oportunidad para llegar a su destino en <strong>Valencia<\/strong> de la manera m\u00e1s c\u00f3moda y r\u00e1pida posible.<br \/>\nOrganizamos <strong>recogidas desde su hotel, aeropuerto, Terminal de cruceros o cualquier lugar de Valencia.<\/strong><\/p>\n<p>&nbsp;<\/p>\n","protected":false},"featured_media":8880,"comment_status":"open","ping_status":"closed","template":"","meta":{"_acf_changed":false},"product_brand":[],"product_cat":[321,322,326],"product_tag":[],"class_list":{"0":"post-8993","1":"product","2":"type-product","3":"status-publish","4":"has-post-thumbnail","6":"product_cat-valencia-es","7":"product_cat-valencia-actividades-es","8":"product_cat-valencia-traslados-es","10":"first","11":"instock","12":"shipping-taxable","13":"purchasable","14":"product-type-simple"},"acf":[],"yoast_head":"<!-- This site is optimized with the Yoast SEO Premium plugin v25.3.1 (Yoast SEO v25.3.1) - https:\/\/yoast.com\/wordpress\/plugins\/seo\/ -->\n<title>Traslado Privado Valencia con chofer y vehiculo de lujo | TTM<\/title>\n<meta name=\"description\" content=\"Disfruta de un Traslado privado Valencia con chofer y vehiculo de lujo, desde cualquier lugar: Aeropuerto, Estaci\u00f3n de Tren, Terminal de Cruceros \u2705\" \/>\n<meta name=\"robots\" content=\"index, follow, max-snippet:-1, max-image-preview:large, max-video-preview:-1\" \/>\n<link rel=\"canonical\" href=\"https:\/\/tourtravelandmore.com\/es\/tours\/espana-es\/valencia-es\/traslado-privado-valencia-con-chofer-y-vehiculo-de-lujo\/\" \/>\n<meta property=\"og:locale\" content=\"es_ES\" \/>\n<meta property=\"og:type\" content=\"article\" \/>\n<meta property=\"og:title\" content=\"Traslados privados Valencia a cualquier destino\" \/>\n<meta property=\"og:description\" content=\"Disfruta de un Traslado privado Valencia con chofer y vehiculo de lujo, desde cualquier lugar: Aeropuerto, Estaci\u00f3n de Tren, Terminal de Cruceros \u2705\" \/>\n<meta property=\"og:url\" content=\"https:\/\/tourtravelandmore.com\/es\/tours\/espana-es\/valencia-es\/traslado-privado-valencia-con-chofer-y-vehiculo-de-lujo\/\" \/>\n<meta property=\"og:site_name\" content=\"Tour Travel And More\" \/>\n<meta property=\"article:publisher\" content=\"https:\/\/www.facebook.com\/tourtravelandmore\/\" \/>\n<meta property=\"article:modified_time\" content=\"2022-01-31T07:53:23+00:00\" \/>\n<meta property=\"og:image\" content=\"https:\/\/tourtravelandmore.com\/wp-content\/uploads\/2016\/11\/CLASE-S-1-copia.png\" \/>\n\t<meta property=\"og:image:width\" content=\"640\" \/>\n\t<meta property=\"og:image:height\" content=\"425\" \/>\n\t<meta property=\"og:image:type\" content=\"image\/png\" \/>\n<meta name=\"twitter:card\" content=\"summary_large_image\" \/>\n<meta name=\"twitter:site\" content=\"@TourTravel_More\" \/>\n<meta name=\"twitter:label1\" content=\"Tiempo de lectura\" \/>\n\t<meta name=\"twitter:data1\" content=\"2 minutos\" \/>\n<script type=\"application\/ld+json\" class=\"yoast-schema-graph\">{\"@context\":\"https:\/\/schema.org\",\"@graph\":[{\"@type\":\"WebPage\",\"@id\":\"https:\/\/tourtravelandmore.com\/es\/tours\/espana-es\/valencia-es\/traslado-privado-valencia-con-chofer-y-vehiculo-de-lujo\/\",\"url\":\"https:\/\/tourtravelandmore.com\/es\/tours\/espana-es\/valencia-es\/traslado-privado-valencia-con-chofer-y-vehiculo-de-lujo\/\",\"name\":\"Traslado Privado Valencia con chofer y vehiculo de lujo | TTM\",\"isPartOf\":{\"@id\":\"https:\/\/tourtravelandmore.com\/es\/#website\"},\"primaryImageOfPage\":{\"@id\":\"https:\/\/tourtravelandmore.com\/es\/tours\/espana-es\/valencia-es\/traslado-privado-valencia-con-chofer-y-vehiculo-de-lujo\/#primaryimage\"},\"image\":{\"@id\":\"https:\/\/tourtravelandmore.com\/es\/tours\/espana-es\/valencia-es\/traslado-privado-valencia-con-chofer-y-vehiculo-de-lujo\/#primaryimage\"},\"thumbnailUrl\":\"https:\/\/tourtravelandmore.com\/wp-content\/uploads\/2016\/11\/CLASE-S-1-copia.png\",\"datePublished\":\"2016-11-08T10:55:49+00:00\",\"dateModified\":\"2022-01-31T07:53:23+00:00\",\"description\":\"Disfruta de un Traslado privado Valencia con chofer y vehiculo de lujo, desde cualquier lugar: Aeropuerto, Estaci\u00f3n de Tren, Terminal de Cruceros \u2705\",\"breadcrumb\":{\"@id\":\"https:\/\/tourtravelandmore.com\/es\/tours\/espana-es\/valencia-es\/traslado-privado-valencia-con-chofer-y-vehiculo-de-lujo\/#breadcrumb\"},\"inLanguage\":\"es\",\"potentialAction\":[{\"@type\":\"ReadAction\",\"target\":[\"https:\/\/tourtravelandmore.com\/es\/tours\/espana-es\/valencia-es\/traslado-privado-valencia-con-chofer-y-vehiculo-de-lujo\/\"]}]},{\"@type\":\"ImageObject\",\"inLanguage\":\"es\",\"@id\":\"https:\/\/tourtravelandmore.com\/es\/tours\/espana-es\/valencia-es\/traslado-privado-valencia-con-chofer-y-vehiculo-de-lujo\/#primaryimage\",\"url\":\"https:\/\/tourtravelandmore.com\/wp-content\/uploads\/2016\/11\/CLASE-S-1-copia.png\",\"contentUrl\":\"https:\/\/tourtravelandmore.com\/wp-content\/uploads\/2016\/11\/CLASE-S-1-copia.png\",\"width\":640,\"height\":425},{\"@type\":\"BreadcrumbList\",\"@id\":\"https:\/\/tourtravelandmore.com\/es\/tours\/espana-es\/valencia-es\/traslado-privado-valencia-con-chofer-y-vehiculo-de-lujo\/#breadcrumb\",\"itemListElement\":[{\"@type\":\"ListItem\",\"position\":1,\"name\":\"Home\",\"item\":\"https:\/\/tourtravelandmore.com\/es\/\"},{\"@type\":\"ListItem\",\"position\":2,\"name\":\"Tours\",\"item\":\"https:\/\/tourtravelandmore.com\/es\/tours\/\"},{\"@type\":\"ListItem\",\"position\":3,\"name\":\"Traslados privados Valencia a cualquier destino\"}]},{\"@type\":\"WebSite\",\"@id\":\"https:\/\/tourtravelandmore.com\/es\/#website\",\"url\":\"https:\/\/tourtravelandmore.com\/es\/\",\"name\":\"Tour Travel And More\",\"description\":\"Private sightseeing tours and luxury transfers in Spain\",\"publisher\":{\"@id\":\"https:\/\/tourtravelandmore.com\/es\/#organization\"},\"potentialAction\":[{\"@type\":\"SearchAction\",\"target\":{\"@type\":\"EntryPoint\",\"urlTemplate\":\"https:\/\/tourtravelandmore.com\/es\/?s={search_term_string}\"},\"query-input\":{\"@type\":\"PropertyValueSpecification\",\"valueRequired\":true,\"valueName\":\"search_term_string\"}}],\"inLanguage\":\"es\"},{\"@type\":\"Organization\",\"@id\":\"https:\/\/tourtravelandmore.com\/es\/#organization\",\"name\":\"Tour Travel And More\",\"url\":\"https:\/\/tourtravelandmore.com\/es\/\",\"logo\":{\"@type\":\"ImageObject\",\"inLanguage\":\"es\",\"@id\":\"https:\/\/tourtravelandmore.com\/es\/#\/schema\/logo\/image\/\",\"url\":\"https:\/\/tourtravelandmore.com\/wp-content\/uploads\/2022\/12\/cropped-logo-cabecera-new.png\",\"contentUrl\":\"https:\/\/tourtravelandmore.com\/wp-content\/uploads\/2022\/12\/cropped-logo-cabecera-new.png\",\"width\":430,\"height\":61,\"caption\":\"Tour Travel And More\"},\"image\":{\"@id\":\"https:\/\/tourtravelandmore.com\/es\/#\/schema\/logo\/image\/\"},\"sameAs\":[\"https:\/\/www.facebook.com\/tourtravelandmore\/\",\"https:\/\/x.com\/TourTravel_More\"]}]}<\/script>\n<!-- \/ Yoast SEO Premium plugin. -->","yoast_head_json":{"title":"Traslado Privado Valencia con chofer y vehiculo de lujo | TTM","description":"Disfruta de un Traslado privado Valencia con chofer y vehiculo de lujo, desde cualquier lugar: Aeropuerto, Estaci\u00f3n de Tren, Terminal de Cruceros \u2705","robots":{"index":"index","follow":"follow","max-snippet":"max-snippet:-1","max-image-preview":"max-image-preview:large","max-video-preview":"max-video-preview:-1"},"canonical":"https:\/\/tourtravelandmore.com\/es\/tours\/espana-es\/valencia-es\/traslado-privado-valencia-con-chofer-y-vehiculo-de-lujo\/","og_locale":"es_ES","og_type":"article","og_title":"Traslados privados Valencia a cualquier destino","og_description":"Disfruta de un Traslado privado Valencia con chofer y vehiculo de lujo, desde cualquier lugar: Aeropuerto, Estaci\u00f3n de Tren, Terminal de Cruceros \u2705","og_url":"https:\/\/tourtravelandmore.com\/es\/tours\/espana-es\/valencia-es\/traslado-privado-valencia-con-chofer-y-vehiculo-de-lujo\/","og_site_name":"Tour Travel And More","article_publisher":"https:\/\/www.facebook.com\/tourtravelandmore\/","article_modified_time":"2022-01-31T07:53:23+00:00","og_image":[{"width":640,"height":425,"url":"https:\/\/tourtravelandmore.com\/wp-content\/uploads\/2016\/11\/CLASE-S-1-copia.png","type":"image\/png"}],"twitter_card":"summary_large_image","twitter_site":"@TourTravel_More","twitter_misc":{"Tiempo de lectura":"2 minutos"},"schema":{"@context":"https:\/\/schema.org","@graph":[{"@type":"WebPage","@id":"https:\/\/tourtravelandmore.com\/es\/tours\/espana-es\/valencia-es\/traslado-privado-valencia-con-chofer-y-vehiculo-de-lujo\/","url":"https:\/\/tourtravelandmore.com\/es\/tours\/espana-es\/valencia-es\/traslado-privado-valencia-con-chofer-y-vehiculo-de-lujo\/","name":"Traslado Privado Valencia con chofer y vehiculo de lujo | TTM","isPartOf":{"@id":"https:\/\/tourtravelandmore.com\/es\/#website"},"primaryImageOfPage":{"@id":"https:\/\/tourtravelandmore.com\/es\/tours\/espana-es\/valencia-es\/traslado-privado-valencia-con-chofer-y-vehiculo-de-lujo\/#primaryimage"},"image":{"@id":"https:\/\/tourtravelandmore.com\/es\/tours\/espana-es\/valencia-es\/traslado-privado-valencia-con-chofer-y-vehiculo-de-lujo\/#primaryimage"},"thumbnailUrl":"https:\/\/tourtravelandmore.com\/wp-content\/uploads\/2016\/11\/CLASE-S-1-copia.png","datePublished":"2016-11-08T10:55:49+00:00","dateModified":"2022-01-31T07:53:23+00:00","description":"Disfruta de un Traslado privado Valencia con chofer y vehiculo de lujo, desde cualquier lugar: Aeropuerto, Estaci\u00f3n de Tren, Terminal de Cruceros \u2705","breadcrumb":{"@id":"https:\/\/tourtravelandmore.com\/es\/tours\/espana-es\/valencia-es\/traslado-privado-valencia-con-chofer-y-vehiculo-de-lujo\/#breadcrumb"},"inLanguage":"es","potentialAction":[{"@type":"ReadAction","target":["https:\/\/tourtravelandmore.com\/es\/tours\/espana-es\/valencia-es\/traslado-privado-valencia-con-chofer-y-vehiculo-de-lujo\/"]}]},{"@type":"ImageObject","inLanguage":"es","@id":"https:\/\/tourtravelandmore.com\/es\/tours\/espana-es\/valencia-es\/traslado-privado-valencia-con-chofer-y-vehiculo-de-lujo\/#primaryimage","url":"https:\/\/tourtravelandmore.com\/wp-content\/uploads\/2016\/11\/CLASE-S-1-copia.png","contentUrl":"https:\/\/tourtravelandmore.com\/wp-content\/uploads\/2016\/11\/CLASE-S-1-copia.png","width":640,"height":425},{"@type":"BreadcrumbList","@id":"https:\/\/tourtravelandmore.com\/es\/tours\/espana-es\/valencia-es\/traslado-privado-valencia-con-chofer-y-vehiculo-de-lujo\/#breadcrumb","itemListElement":[{"@type":"ListItem","position":1,"name":"Home","item":"https:\/\/tourtravelandmore.com\/es\/"},{"@type":"ListItem","position":2,"name":"Tours","item":"https:\/\/tourtravelandmore.com\/es\/tours\/"},{"@type":"ListItem","position":3,"name":"Traslados privados Valencia a cualquier destino"}]},{"@type":"WebSite","@id":"https:\/\/tourtravelandmore.com\/es\/#website","url":"https:\/\/tourtravelandmore.com\/es\/","name":"Tour Travel And More","description":"Private sightseeing tours and luxury transfers in Spain","publisher":{"@id":"https:\/\/tourtravelandmore.com\/es\/#organization"},"potentialAction":[{"@type":"SearchAction","target":{"@type":"EntryPoint","urlTemplate":"https:\/\/tourtravelandmore.com\/es\/?s={search_term_string}"},"query-input":{"@type":"PropertyValueSpecification","valueRequired":true,"valueName":"search_term_string"}}],"inLanguage":"es"},{"@type":"Organization","@id":"https:\/\/tourtravelandmore.com\/es\/#organization","name":"Tour Travel And More","url":"https:\/\/tourtravelandmore.com\/es\/","logo":{"@type":"ImageObject","inLanguage":"es","@id":"https:\/\/tourtravelandmore.com\/es\/#\/schema\/logo\/image\/","url":"https:\/\/tourtravelandmore.com\/wp-content\/uploads\/2022\/12\/cropped-logo-cabecera-new.png","contentUrl":"https:\/\/tourtravelandmore.com\/wp-content\/uploads\/2022\/12\/cropped-logo-cabecera-new.png","width":430,"height":61,"caption":"Tour Travel And More"},"image":{"@id":"https:\/\/tourtravelandmore.com\/es\/#\/schema\/logo\/image\/"},"sameAs":["https:\/\/www.facebook.com\/tourtravelandmore\/","https:\/\/x.com\/TourTravel_More"]}]}},"_links":{"self":[{"href":"https:\/\/tourtravelandmore.com\/es\/wp-json\/wp\/v2\/product\/8993","targetHints":{"allow":["GET"]}}],"collection":[{"href":"https:\/\/tourtravelandmore.com\/es\/wp-json\/wp\/v2\/product"}],"about":[{"href":"https:\/\/tourtravelandmore.com\/es\/wp-json\/wp\/v2\/types\/product"}],"replies":[{"embeddable":true,"href":"https:\/\/tourtravelandmore.com\/es\/wp-json\/wp\/v2\/comments?post=8993"}],"wp:featuredmedia":[{"embeddable":true,"href":"https:\/\/tourtravelandmore.com\/es\/wp-json\/wp\/v2\/media\/8880"}],"wp:attachment":[{"href":"https:\/\/tourtravelandmore.com\/es\/wp-json\/wp\/v2\/media?parent=8993"}],"wp:term":[{"taxonomy":"product_brand","embeddable":true,"href":"https:\/\/tourtravelandmore.com\/es\/wp-json\/wp\/v2\/product_brand?post=8993"},{"taxonomy":"product_cat","embeddable":true,"href":"https:\/\/tourtravelandmore.com\/es\/wp-json\/wp\/v2\/product_cat?post=8993"},{"taxonomy":"product_tag","embeddable":true,"href":"https:\/\/tourtravelandmore.com\/es\/wp-json\/wp\/v2\/product_tag?post=8993"}],"curies":[{"name":"wp","href":"https:\/\/api.w.org\/{rel}","templated":true}]}}