{"id":89898,"date":"2020-12-16T11:27:48","date_gmt":"2020-12-16T10:27:49","guid":{"rendered":"https:\/\/tourtravelandmore.com\/?post_type=product&#038;p=89898"},"modified":"2023-11-24T11:15:28","modified_gmt":"2023-11-24T10:15:28","slug":"experiencia-privada-de-snorkel","status":"publish","type":"product","link":"https:\/\/tourtravelandmore.com\/es\/tours\/mexico-es\/playa-carmen-es-es\/playa-carmen-actividades-es\/experiencia-privada-de-snorkel\/","title":{"rendered":"Experiencia privada de snorkel"},"content":{"rendered":"<h2 id=\"tw-target-text\" class=\"tw-data-text tw-text-large XcVN5d tw-ta\" dir=\"ltr\" data-placeholder=\"Traducci\u00f3n\"><span lang=\"es\">Descripci\u00f3n de la Experiencia privada de snorkel<\/span><\/h2>\n<p>Al visitar la Riviera Maya, no puede perderse un d\u00eda para hacer snorkel. Es por eso que nuestra experiencia privada de snorkel es perfecta para ti.<\/p>\n<p>Para este tour y para hacerlo m\u00e1s c\u00f3modo, organizaremos el recojo de su hotel en la Riviera Maya. Esta recogida puede ser desde Canc\u00fan, Playa del Carmen o incluso Tulum. Una vez que lo recojamos, lo llevaremos a esta experiencia de snorkel.<\/p>\n<p>Hay lugares incre\u00edbles para hacer snorkel como Cozumel, Playa del Carmen o incluso Tulum. Estos son algunos de los lugares m\u00e1s incre\u00edbles para bucear. Aqu\u00ed tienes un ejemplo de lo que puedes disfrutar durante la experiencia. Como todos nuestros tours, este es un tour privado que se puede personalizar. H\u00e1ganos saber lo que le gustar\u00eda y luego organizaremos la experiencia privada para satisfacer sus propias necesidades.<\/p>\n<p>Las posibilidades son muy diferentes y podemos organizar cualquier tipo de experiencia privada de snorkel para ti en la Riviera Maya.<\/p>\n<p>Nuestras actividades de snorkel est\u00e1n disponibles para familias y personas de todos los niveles. Si desea obtener m\u00e1s informaci\u00f3n, comun\u00edquese con nuestros expertos en viajes.<\/p>\n<h2>Puntos emblem\u00e1ticos y de inter\u00e9s en esta Experiencia privada de snorkel<\/h2>\n<p>Despu\u00e9s de que organicemos la recogida en el lugar de su elecci\u00f3n, nos dirigiremos hacia el \u00e1rea donde haremos snorkel. Podemos organizar el equipo para hacer snorkel (vidrio, tubo y m\u00e1scara) o puede traer el suyo.<\/p>\n<p>El arrecife de corral es uno de los lugares m\u00e1s interesantes donde podemos llevarte a hacer snorkel. Somos expertos en la organizaci\u00f3n de servicios privados personalizados, y este no es diferente.<\/p>\n<p>Tambi\u00e9n es muy popular en la Riviera Maya realizar la actividad de nado con tortugas. H\u00e1ganos saber si est\u00e1 interesado y tambi\u00e9n podemos incluirlo en la propuesta. Estas actividades se pueden realizar en Tulum &#8211; Cob\u00e1 y Akumal. Tambi\u00e9n se puede realizar en Nado con Tortugas y 2 cenotes.<\/p>\n<p>Estamos a su completa disposici\u00f3n para organizarle una experiencia personalizada. No se pierda nuestras experiencias privadas en M\u00e9xico y en todo el mundo.<\/p>\n","protected":false},"excerpt":{"rendered":"<p>Disfruta al m\u00e1ximo tu estad\u00eda en Tulum y la Riviera Maya y ven con nosotros en esta Experiencia Privada de Snorkel.<\/p>\n","protected":false},"featured_media":89911,"comment_status":"open","ping_status":"closed","template":"","meta":{"_acf_changed":false},"product_brand":[],"product_cat":[3203,3332,3335,3338,3344,3347,3350,3321,3356,3359,3230,3233,1602],"product_tag":[],"class_list":{"0":"post-89898","1":"product","2":"type-product","3":"status-publish","4":"has-post-thumbnail","6":"product_cat-mexico-es","7":"product_cat-cancun-es","8":"product_cat-cancun-actividades-es","9":"product_cat-cancun-tours-es","10":"product_cat-playa-carmen-es-es","11":"product_cat-playa-carmen-actividades-es","12":"product_cat-playa-carmen-tours-es","13":"product_cat-tulum-es","14":"product_cat-tulum-actividades-es","15":"product_cat-tulum-tours-es","16":"product_cat-cozumel-es","17":"product_cat-cozumel-actividades-es","18":"product_cat-eeuu-es","20":"first","21":"instock","22":"shipping-taxable","23":"purchasable","24":"product-type-simple"},"acf":[],"yoast_head":"<!-- This site is optimized with the Yoast SEO Premium plugin v25.3.1 (Yoast SEO v25.3.1) - https:\/\/yoast.com\/wordpress\/plugins\/seo\/ -->\n<title>\u27a1\ufe0f Experiencia privada de snorkel con gu\u00eda tur\u00edstico y veh\u00edculo | Tour Travel &amp; More<\/title>\n<meta name=\"description\" content=\"Disfruta al m\u00e1ximo tu estancia en Tulum y la Riviera Maya y ven con nosotros en esta Experiencia Privada de Snorkel. \u00a1Actividad divertida! \u2705\" \/>\n<meta name=\"robots\" content=\"index, follow, max-snippet:-1, max-image-preview:large, max-video-preview:-1\" \/>\n<link rel=\"canonical\" href=\"https:\/\/tourtravelandmore.com\/es\/tours\/mexico-es\/playa-carmen-es-es\/playa-carmen-actividades-es\/experiencia-privada-de-snorkel\/\" \/>\n<meta property=\"og:locale\" content=\"es_ES\" \/>\n<meta property=\"og:type\" content=\"article\" \/>\n<meta property=\"og:title\" content=\"Experiencia privada de snorkel\" \/>\n<meta property=\"og:description\" content=\"Disfruta al m\u00e1ximo tu estancia en Tulum y la Riviera Maya y ven con nosotros en esta Experiencia Privada de Snorkel. \u00a1Actividad divertida! \u2705\" \/>\n<meta property=\"og:url\" content=\"https:\/\/tourtravelandmore.com\/es\/tours\/mexico-es\/playa-carmen-es-es\/playa-carmen-actividades-es\/experiencia-privada-de-snorkel\/\" \/>\n<meta property=\"og:site_name\" content=\"Tour Travel And More\" \/>\n<meta property=\"article:publisher\" content=\"https:\/\/www.facebook.com\/tourtravelandmore\/\" \/>\n<meta property=\"article:modified_time\" content=\"2023-11-24T10:15:28+00:00\" \/>\n<meta property=\"og:image\" content=\"https:\/\/tourtravelandmore.com\/wp-content\/uploads\/2020\/12\/Snorkel-2-scaled.jpg\" \/>\n\t<meta property=\"og:image:width\" content=\"2560\" \/>\n\t<meta property=\"og:image:height\" content=\"1920\" \/>\n\t<meta property=\"og:image:type\" content=\"image\/jpeg\" \/>\n<meta name=\"twitter:card\" content=\"summary_large_image\" \/>\n<meta name=\"twitter:site\" content=\"@TourTravel_More\" \/>\n<meta name=\"twitter:label1\" content=\"Tiempo de lectura\" \/>\n\t<meta name=\"twitter:data1\" content=\"2 minutos\" \/>\n<script type=\"application\/ld+json\" class=\"yoast-schema-graph\">{\"@context\":\"https:\/\/schema.org\",\"@graph\":[{\"@type\":\"WebPage\",\"@id\":\"https:\/\/tourtravelandmore.com\/es\/tours\/mexico-es\/playa-carmen-es-es\/playa-carmen-actividades-es\/experiencia-privada-de-snorkel\/\",\"url\":\"https:\/\/tourtravelandmore.com\/es\/tours\/mexico-es\/playa-carmen-es-es\/playa-carmen-actividades-es\/experiencia-privada-de-snorkel\/\",\"name\":\"\u27a1\ufe0f Experiencia privada de snorkel con gu\u00eda tur\u00edstico y veh\u00edculo | Tour Travel & More\",\"isPartOf\":{\"@id\":\"https:\/\/tourtravelandmore.com\/es\/#website\"},\"primaryImageOfPage\":{\"@id\":\"https:\/\/tourtravelandmore.com\/es\/tours\/mexico-es\/playa-carmen-es-es\/playa-carmen-actividades-es\/experiencia-privada-de-snorkel\/#primaryimage\"},\"image\":{\"@id\":\"https:\/\/tourtravelandmore.com\/es\/tours\/mexico-es\/playa-carmen-es-es\/playa-carmen-actividades-es\/experiencia-privada-de-snorkel\/#primaryimage\"},\"thumbnailUrl\":\"https:\/\/tourtravelandmore.com\/wp-content\/uploads\/2020\/12\/Snorkel-2-scaled.jpg\",\"datePublished\":\"2020-12-16T10:27:49+00:00\",\"dateModified\":\"2023-11-24T10:15:28+00:00\",\"description\":\"Disfruta al m\u00e1ximo tu estancia en Tulum y la Riviera Maya y ven con nosotros en esta Experiencia Privada de Snorkel. \u00a1Actividad divertida! \u2705\",\"breadcrumb\":{\"@id\":\"https:\/\/tourtravelandmore.com\/es\/tours\/mexico-es\/playa-carmen-es-es\/playa-carmen-actividades-es\/experiencia-privada-de-snorkel\/#breadcrumb\"},\"inLanguage\":\"es\",\"potentialAction\":[{\"@type\":\"ReadAction\",\"target\":[\"https:\/\/tourtravelandmore.com\/es\/tours\/mexico-es\/playa-carmen-es-es\/playa-carmen-actividades-es\/experiencia-privada-de-snorkel\/\"]}]},{\"@type\":\"ImageObject\",\"inLanguage\":\"es\",\"@id\":\"https:\/\/tourtravelandmore.com\/es\/tours\/mexico-es\/playa-carmen-es-es\/playa-carmen-actividades-es\/experiencia-privada-de-snorkel\/#primaryimage\",\"url\":\"https:\/\/tourtravelandmore.com\/wp-content\/uploads\/2020\/12\/Snorkel-2-scaled.jpg\",\"contentUrl\":\"https:\/\/tourtravelandmore.com\/wp-content\/uploads\/2020\/12\/Snorkel-2-scaled.jpg\",\"width\":2560,\"height\":1920},{\"@type\":\"BreadcrumbList\",\"@id\":\"https:\/\/tourtravelandmore.com\/es\/tours\/mexico-es\/playa-carmen-es-es\/playa-carmen-actividades-es\/experiencia-privada-de-snorkel\/#breadcrumb\",\"itemListElement\":[{\"@type\":\"ListItem\",\"position\":1,\"name\":\"Home\",\"item\":\"https:\/\/tourtravelandmore.com\/es\/\"},{\"@type\":\"ListItem\",\"position\":2,\"name\":\"Tours\",\"item\":\"https:\/\/tourtravelandmore.com\/es\/tours\/\"},{\"@type\":\"ListItem\",\"position\":3,\"name\":\"Experiencia privada de snorkel\"}]},{\"@type\":\"WebSite\",\"@id\":\"https:\/\/tourtravelandmore.com\/es\/#website\",\"url\":\"https:\/\/tourtravelandmore.com\/es\/\",\"name\":\"Tour Travel And More\",\"description\":\"Private sightseeing tours and luxury transfers in Spain\",\"publisher\":{\"@id\":\"https:\/\/tourtravelandmore.com\/es\/#organization\"},\"potentialAction\":[{\"@type\":\"SearchAction\",\"target\":{\"@type\":\"EntryPoint\",\"urlTemplate\":\"https:\/\/tourtravelandmore.com\/es\/?s={search_term_string}\"},\"query-input\":{\"@type\":\"PropertyValueSpecification\",\"valueRequired\":true,\"valueName\":\"search_term_string\"}}],\"inLanguage\":\"es\"},{\"@type\":\"Organization\",\"@id\":\"https:\/\/tourtravelandmore.com\/es\/#organization\",\"name\":\"Tour Travel And More\",\"url\":\"https:\/\/tourtravelandmore.com\/es\/\",\"logo\":{\"@type\":\"ImageObject\",\"inLanguage\":\"es\",\"@id\":\"https:\/\/tourtravelandmore.com\/es\/#\/schema\/logo\/image\/\",\"url\":\"https:\/\/tourtravelandmore.com\/wp-content\/uploads\/2022\/12\/cropped-logo-cabecera-new.png\",\"contentUrl\":\"https:\/\/tourtravelandmore.com\/wp-content\/uploads\/2022\/12\/cropped-logo-cabecera-new.png\",\"width\":430,\"height\":61,\"caption\":\"Tour Travel And More\"},\"image\":{\"@id\":\"https:\/\/tourtravelandmore.com\/es\/#\/schema\/logo\/image\/\"},\"sameAs\":[\"https:\/\/www.facebook.com\/tourtravelandmore\/\",\"https:\/\/x.com\/TourTravel_More\"]}]}<\/script>\n<!-- \/ Yoast SEO Premium plugin. -->","yoast_head_json":{"title":"\u27a1\ufe0f Experiencia privada de snorkel con gu\u00eda tur\u00edstico y veh\u00edculo | Tour Travel & More","description":"Disfruta al m\u00e1ximo tu estancia en Tulum y la Riviera Maya y ven con nosotros en esta Experiencia Privada de Snorkel. \u00a1Actividad divertida! \u2705","robots":{"index":"index","follow":"follow","max-snippet":"max-snippet:-1","max-image-preview":"max-image-preview:large","max-video-preview":"max-video-preview:-1"},"canonical":"https:\/\/tourtravelandmore.com\/es\/tours\/mexico-es\/playa-carmen-es-es\/playa-carmen-actividades-es\/experiencia-privada-de-snorkel\/","og_locale":"es_ES","og_type":"article","og_title":"Experiencia privada de snorkel","og_description":"Disfruta al m\u00e1ximo tu estancia en Tulum y la Riviera Maya y ven con nosotros en esta Experiencia Privada de Snorkel. \u00a1Actividad divertida! \u2705","og_url":"https:\/\/tourtravelandmore.com\/es\/tours\/mexico-es\/playa-carmen-es-es\/playa-carmen-actividades-es\/experiencia-privada-de-snorkel\/","og_site_name":"Tour Travel And More","article_publisher":"https:\/\/www.facebook.com\/tourtravelandmore\/","article_modified_time":"2023-11-24T10:15:28+00:00","og_image":[{"width":2560,"height":1920,"url":"https:\/\/tourtravelandmore.com\/wp-content\/uploads\/2020\/12\/Snorkel-2-scaled.jpg","type":"image\/jpeg"}],"twitter_card":"summary_large_image","twitter_site":"@TourTravel_More","twitter_misc":{"Tiempo de lectura":"2 minutos"},"schema":{"@context":"https:\/\/schema.org","@graph":[{"@type":"WebPage","@id":"https:\/\/tourtravelandmore.com\/es\/tours\/mexico-es\/playa-carmen-es-es\/playa-carmen-actividades-es\/experiencia-privada-de-snorkel\/","url":"https:\/\/tourtravelandmore.com\/es\/tours\/mexico-es\/playa-carmen-es-es\/playa-carmen-actividades-es\/experiencia-privada-de-snorkel\/","name":"\u27a1\ufe0f Experiencia privada de snorkel con gu\u00eda tur\u00edstico y veh\u00edculo | Tour Travel & More","isPartOf":{"@id":"https:\/\/tourtravelandmore.com\/es\/#website"},"primaryImageOfPage":{"@id":"https:\/\/tourtravelandmore.com\/es\/tours\/mexico-es\/playa-carmen-es-es\/playa-carmen-actividades-es\/experiencia-privada-de-snorkel\/#primaryimage"},"image":{"@id":"https:\/\/tourtravelandmore.com\/es\/tours\/mexico-es\/playa-carmen-es-es\/playa-carmen-actividades-es\/experiencia-privada-de-snorkel\/#primaryimage"},"thumbnailUrl":"https:\/\/tourtravelandmore.com\/wp-content\/uploads\/2020\/12\/Snorkel-2-scaled.jpg","datePublished":"2020-12-16T10:27:49+00:00","dateModified":"2023-11-24T10:15:28+00:00","description":"Disfruta al m\u00e1ximo tu estancia en Tulum y la Riviera Maya y ven con nosotros en esta Experiencia Privada de Snorkel. \u00a1Actividad divertida! \u2705","breadcrumb":{"@id":"https:\/\/tourtravelandmore.com\/es\/tours\/mexico-es\/playa-carmen-es-es\/playa-carmen-actividades-es\/experiencia-privada-de-snorkel\/#breadcrumb"},"inLanguage":"es","potentialAction":[{"@type":"ReadAction","target":["https:\/\/tourtravelandmore.com\/es\/tours\/mexico-es\/playa-carmen-es-es\/playa-carmen-actividades-es\/experiencia-privada-de-snorkel\/"]}]},{"@type":"ImageObject","inLanguage":"es","@id":"https:\/\/tourtravelandmore.com\/es\/tours\/mexico-es\/playa-carmen-es-es\/playa-carmen-actividades-es\/experiencia-privada-de-snorkel\/#primaryimage","url":"https:\/\/tourtravelandmore.com\/wp-content\/uploads\/2020\/12\/Snorkel-2-scaled.jpg","contentUrl":"https:\/\/tourtravelandmore.com\/wp-content\/uploads\/2020\/12\/Snorkel-2-scaled.jpg","width":2560,"height":1920},{"@type":"BreadcrumbList","@id":"https:\/\/tourtravelandmore.com\/es\/tours\/mexico-es\/playa-carmen-es-es\/playa-carmen-actividades-es\/experiencia-privada-de-snorkel\/#breadcrumb","itemListElement":[{"@type":"ListItem","position":1,"name":"Home","item":"https:\/\/tourtravelandmore.com\/es\/"},{"@type":"ListItem","position":2,"name":"Tours","item":"https:\/\/tourtravelandmore.com\/es\/tours\/"},{"@type":"ListItem","position":3,"name":"Experiencia privada de snorkel"}]},{"@type":"WebSite","@id":"https:\/\/tourtravelandmore.com\/es\/#website","url":"https:\/\/tourtravelandmore.com\/es\/","name":"Tour Travel And More","description":"Private sightseeing tours and luxury transfers in Spain","publisher":{"@id":"https:\/\/tourtravelandmore.com\/es\/#organization"},"potentialAction":[{"@type":"SearchAction","target":{"@type":"EntryPoint","urlTemplate":"https:\/\/tourtravelandmore.com\/es\/?s={search_term_string}"},"query-input":{"@type":"PropertyValueSpecification","valueRequired":true,"valueName":"search_term_string"}}],"inLanguage":"es"},{"@type":"Organization","@id":"https:\/\/tourtravelandmore.com\/es\/#organization","name":"Tour Travel And More","url":"https:\/\/tourtravelandmore.com\/es\/","logo":{"@type":"ImageObject","inLanguage":"es","@id":"https:\/\/tourtravelandmore.com\/es\/#\/schema\/logo\/image\/","url":"https:\/\/tourtravelandmore.com\/wp-content\/uploads\/2022\/12\/cropped-logo-cabecera-new.png","contentUrl":"https:\/\/tourtravelandmore.com\/wp-content\/uploads\/2022\/12\/cropped-logo-cabecera-new.png","width":430,"height":61,"caption":"Tour Travel And More"},"image":{"@id":"https:\/\/tourtravelandmore.com\/es\/#\/schema\/logo\/image\/"},"sameAs":["https:\/\/www.facebook.com\/tourtravelandmore\/","https:\/\/x.com\/TourTravel_More"]}]}},"_links":{"self":[{"href":"https:\/\/tourtravelandmore.com\/es\/wp-json\/wp\/v2\/product\/89898","targetHints":{"allow":["GET"]}}],"collection":[{"href":"https:\/\/tourtravelandmore.com\/es\/wp-json\/wp\/v2\/product"}],"about":[{"href":"https:\/\/tourtravelandmore.com\/es\/wp-json\/wp\/v2\/types\/product"}],"replies":[{"embeddable":true,"href":"https:\/\/tourtravelandmore.com\/es\/wp-json\/wp\/v2\/comments?post=89898"}],"wp:featuredmedia":[{"embeddable":true,"href":"https:\/\/tourtravelandmore.com\/es\/wp-json\/wp\/v2\/media\/89911"}],"wp:attachment":[{"href":"https:\/\/tourtravelandmore.com\/es\/wp-json\/wp\/v2\/media?parent=89898"}],"wp:term":[{"taxonomy":"product_brand","embeddable":true,"href":"https:\/\/tourtravelandmore.com\/es\/wp-json\/wp\/v2\/product_brand?post=89898"},{"taxonomy":"product_cat","embeddable":true,"href":"https:\/\/tourtravelandmore.com\/es\/wp-json\/wp\/v2\/product_cat?post=89898"},{"taxonomy":"product_tag","embeddable":true,"href":"https:\/\/tourtravelandmore.com\/es\/wp-json\/wp\/v2\/product_tag?post=89898"}],"curies":[{"name":"wp","href":"https:\/\/api.w.org\/{rel}","templated":true}]}}