{"id":8987,"date":"2016-11-07T19:15:50","date_gmt":"2016-11-08T10:47:05","guid":{"rendered":"http:\/\/tourtravelandmore.com\/es\/?post_type=product&#038;p=8987"},"modified":"2023-02-28T07:20:10","modified_gmt":"2023-02-28T06:20:10","slug":"tour-privado-a-pie-por-valencia","status":"publish","type":"product","link":"https:\/\/tourtravelandmore.com\/es\/tours\/espana-es\/valencia-es\/tour-privado-a-pie-por-valencia\/","title":{"rendered":"Tour Privado a Pie por el casco viejo de Valencia"},"content":{"rendered":"<h2><b>Descripci\u00f3n del Tour privado a pie por Valencia<\/b><\/h2>\n<p><span style=\"font-weight: 400;\">Descubre cada rinc\u00f3n de la capital valenciana y vive una experiencia inolvidable en nuestro <\/span><b>tour privado a pie por Valencia<\/b><span style=\"font-weight: 400;\">.\u00a0<\/span><\/p>\n<p><b>En este recorrido vas a conocer el centro hist\u00f3rico de la ciudad<\/b><span style=\"font-weight: 400;\"> desde una perspectiva distinta, puesto que ir\u00e1s en compa\u00f1\u00eda de un gu\u00eda privado quien se encargar\u00e1 de darte la informaci\u00f3n m\u00e1s relevante de cada punto de inter\u00e9s que visites.\u00a0<\/span><\/p>\n<p><span style=\"font-weight: 400;\">No se trata de una excusi\u00f3n m\u00e1s. De hecho, <\/span><b>vas a explorar el patrimonio arquitect\u00f3nico<\/b><span style=\"font-weight: 400;\"> valenciano, en donde apreciar\u00e1s los antiguos restos dejados por el Imperio Romano.\u00a0<\/span><\/p>\n<p><span style=\"font-weight: 400;\">Tambi\u00e9n, descubrir\u00e1s las obras contempor\u00e1neas y los edificios m\u00e1s llamativos de la ciudad que es conocida como la cuna de la paella espa\u00f1ola.\u00a0<\/span><\/p>\n<p><span style=\"font-weight: 400;\">Es <\/span><b>un tour de 3 horas<\/b><span style=\"font-weight: 400;\"> en el que ver\u00e1s de cerca la Catedral de Valencia, el Miguelete, La Lonja de la Seda, entre muchos otros edificios y monumentos de incre\u00edble valor arquitect\u00f3nico y cultural.\u00a0<\/span><\/p>\n<p><span style=\"font-weight: 400;\">Asimismo, tendr\u00e1s la oportunidad de explorar con calma la Iglesia San Nicol\u00e1s de Bari, mejor conocida como \u201cla Capilla Sixtina de Valencia\u201d.\u00a0<\/span><\/p>\n<p><span style=\"font-weight: 400;\">Puedes <\/span><b>acordar con el gu\u00eda el sitio de encuentro<\/b><span style=\"font-weight: 400;\"> en un punto c\u00e9ntrico de la ciudad, para que tengas la mayor comodidad posible durante toda la excursi\u00f3n.\u00a0<\/span><\/p>\n<h2><b>Puntos de Inter\u00e9s del Tour Privado<\/b><\/h2>\n<p><span style=\"font-weight: 400;\">Este tour privado a pie por Valencia est\u00e1 planificado para evitar las multitudes y para que explores con calma el centro hist\u00f3rico de la ciudad, as\u00ed como los monumentos y edificios m\u00e1s importantes y representativos.\u00a0<\/span><\/p>\n<p><span style=\"font-weight: 400;\">Iniciaremos a la hora que nos indiques y en el lugar m\u00e1s conveniente para ti. Desde all\u00ed, empezaremos la visita guiada por los siguientes puntos de inter\u00e9s:\u00a0<\/span><\/p>\n<h3><span style=\"color: #d3af37;\"><b>Plaza de la Virgen\u00a0<\/b><\/span><\/h3>\n<p><span style=\"font-weight: 400;\">En pleno centro de Valencia se encuentra la Plaza de la Virgen. Seg\u00fan los historiadores, en este sitio se empez\u00f3 la construcci\u00f3n de la ciudad.\u00a0<\/span><\/p>\n<p><span style=\"font-weight: 400;\">A su alrededor est\u00e1n ubicados algunas de las construcciones m\u00e1s ic\u00f3nicas de la urbe, como la Catedral de Valencia, el Palacio de la Generalidad y la Iglesia de la Virgen de los Desamparados.\u00a0<\/span><\/p>\n<p><span style=\"font-weight: 400;\">En esta plaza se celebra una tradici\u00f3n que data de hace m\u00e1s de un milenio: el Tribunal de las aguas. Adem\u00e1s, cada a\u00f1o la Plaza de la Virgen es sede de la conocida fiesta de las Fallas, que ha sido reconocida por la UNESCO como patrimonio cultural de la humanidad.\u00a0<\/span><\/p>\n<p><span style=\"font-weight: 400;\">Todo el recorrido se har\u00e1 en compa\u00f1\u00eda de un gu\u00eda privado, quien no dejar\u00e1 por fuera ning\u00fan dato de inter\u00e9s sobre este majestuoso lugar.\u00a0<\/span><\/p>\n<h3><span style=\"color: #d3af37;\"><b>La Iglesia de San Nicol\u00e1s de Bari\u00a0<\/b><\/span><\/h3>\n<p><span style=\"font-weight: 400;\">Lo m\u00e1s llamativo de esta iglesia son los frescos que adornan sus techos, los cuales fueron pintados por el artista barroco nacido en Valencia, Dion\u00eds Vidal.\u00a0<\/span><\/p>\n<p><span style=\"font-weight: 400;\">Adem\u00e1s, el edificio tiene una fuerte influencia g\u00f3tica que se mezcla muy bien con el arte barroco.\u00a0<\/span><\/p>\n<p><span style=\"font-weight: 400;\">Su construcci\u00f3n se inici\u00f3 por parte de los romanos en el a\u00f1o 138 a.C., pero las distintas conquistas a lo largo de la historia le han heredado muchas caracter\u00edsticas musulmanas y cat\u00f3licas.\u00a0<\/span><\/p>\n<p><span style=\"font-weight: 400;\">En este tour admirar\u00e1s de cerca esta imponente construcci\u00f3n, puesto que incluye la entrada exclusiva al edificio.\u00a0<\/span><\/p>\n<h3><span style=\"color: #d3af37;\"><b>La Catedral de Valencia, El Miguelete y el Santo C\u00e1liz<\/b><\/span><\/h3>\n<p><span style=\"font-weight: 400;\">La Catedral de Valencia es una parada obligada en este recorrido. El gu\u00eda privado te llevar\u00e1 a conocer el sitio en el cual se encuentra el \u201cSanto C\u00e1liz\u201d y tambi\u00e9n descubrir\u00e1s la torre del campanario \u201cEl Miguelete\u201d.\u00a0<\/span><\/p>\n<p><span style=\"font-weight: 400;\">Asimismo, en la catedral se resguarda una amplia colecci\u00f3n de obras de arte y distintos tesoros hist\u00f3ricos del cristianismo, los cuales son dignos de admirar.\u00a0<\/span><\/p>\n<p><span style=\"font-weight: 400;\">Unido a esto, nuestro gu\u00eda oficial estar\u00e1 disponible para llevarte a conocer otros puntos de inter\u00e9s, como, por ejemplo:\u00a0<\/span><\/p>\n<ul>\n<li><b>Las Torres de Serranos<\/b><\/li>\n<li><b>La Lonja de la Seda o de los mercaderes<\/b><\/li>\n<li><b>Santa Catalina<\/b><\/li>\n<li><b>El Mercado Central de Valencia<\/b><\/li>\n<li><b>Calle Caballeros<\/b><\/li>\n<li><b>La Plaza Redonda y muchos puntos m\u00e1s.\u00a0<\/b><\/li>\n<\/ul>\n<p><span style=\"font-weight: 400;\">Ser\u00e1n 3 horas intensas de mucha emoci\u00f3n por la historia y lugares incre\u00edbles de Valencia. Todo pensando para no te quedes sin un sitio hist\u00f3rico de Valencia por conocer.\u00a0<\/span><\/p>\n<p><span style=\"font-weight: 400;\">Como recomendaci\u00f3n adicional, puedes considerar realizar un <\/span><b>tour privado a Xativa desde Valencia<\/b><span style=\"font-weight: 400;\"> para que complementes tu visita por la regi\u00f3n valenciana.<\/span><\/p>\n","protected":false},"excerpt":{"rendered":"<p><span style=\"font-weight: 400;\">\u00bfQuieres conocer la ciudad de Valencia de una manera \u00fanica y exclusiva? Este tour privado a pie por Valencia es una oportunidad imperdible para explorar de cerca los lugares m\u00e1s llamativos de esta ciudad. En esta excursi\u00f3n ir\u00e1s en compa\u00f1\u00eda de un gu\u00eda oficial para que descubras todos los datos hist\u00f3ricos y culturales que han convertido a esta imponente ciudad en una de las m\u00e1s visitadas de toda Europa.<\/span><\/p>\n","protected":false},"featured_media":119272,"comment_status":"open","ping_status":"closed","template":"","meta":{"_acf_changed":false},"product_brand":[],"product_cat":[321,322,325],"product_tag":[],"class_list":{"0":"post-8987","1":"product","2":"type-product","3":"status-publish","4":"has-post-thumbnail","6":"product_cat-valencia-es","7":"product_cat-valencia-actividades-es","8":"product_cat-valencia-tours-privados-pie-es","10":"first","11":"instock","12":"shipping-taxable","13":"purchasable","14":"product-type-simple"},"acf":[],"yoast_head":"<!-- This site is optimized with the Yoast SEO Premium plugin v25.3.1 (Yoast SEO v25.3.1) - https:\/\/yoast.com\/wordpress\/plugins\/seo\/ -->\n<title>\u27a1\ufe0f Tour privado a pie por Valencia con gu\u00eda privado incluido | Tour Travel &amp; More<\/title>\n<meta name=\"description\" content=\"Explora los monumentos y edificios m\u00e1s atractivos de Valencia de una forma personalizada en un tour privado a pie en compa\u00f1\u00eda de un gu\u00eda experto en historia, arte y cultura \u2705\" \/>\n<meta name=\"robots\" content=\"index, follow, max-snippet:-1, max-image-preview:large, max-video-preview:-1\" \/>\n<link rel=\"canonical\" href=\"https:\/\/tourtravelandmore.com\/es\/tours\/espana-es\/valencia-es\/tour-privado-a-pie-por-valencia\/\" \/>\n<meta property=\"og:locale\" content=\"es_ES\" \/>\n<meta property=\"og:type\" content=\"article\" \/>\n<meta property=\"og:title\" content=\"Tour Privado a Pie por el casco viejo de Valencia\" \/>\n<meta property=\"og:description\" content=\"Explora los monumentos y edificios m\u00e1s atractivos de Valencia de una forma personalizada en un tour privado a pie en compa\u00f1\u00eda de un gu\u00eda experto en historia, arte y cultura \u2705\" \/>\n<meta property=\"og:url\" content=\"https:\/\/tourtravelandmore.com\/es\/tours\/espana-es\/valencia-es\/tour-privado-a-pie-por-valencia\/\" \/>\n<meta property=\"og:site_name\" content=\"Tour Travel And More\" \/>\n<meta property=\"article:publisher\" content=\"https:\/\/www.facebook.com\/tourtravelandmore\/\" \/>\n<meta property=\"article:modified_time\" content=\"2023-02-28T06:20:10+00:00\" \/>\n<meta property=\"og:image\" content=\"https:\/\/tourtravelandmore.com\/wp-content\/uploads\/2016\/11\/Untitled-design-1.jpg\" \/>\n\t<meta property=\"og:image:width\" content=\"900\" \/>\n\t<meta property=\"og:image:height\" content=\"600\" \/>\n\t<meta property=\"og:image:type\" content=\"image\/jpeg\" \/>\n<meta name=\"twitter:card\" content=\"summary_large_image\" \/>\n<meta name=\"twitter:site\" content=\"@TourTravel_More\" \/>\n<meta name=\"twitter:label1\" content=\"Tiempo de lectura\" \/>\n\t<meta name=\"twitter:data1\" content=\"4 minutos\" \/>\n<script type=\"application\/ld+json\" class=\"yoast-schema-graph\">{\"@context\":\"https:\/\/schema.org\",\"@graph\":[{\"@type\":\"WebPage\",\"@id\":\"https:\/\/tourtravelandmore.com\/es\/tours\/espana-es\/valencia-es\/tour-privado-a-pie-por-valencia\/\",\"url\":\"https:\/\/tourtravelandmore.com\/es\/tours\/espana-es\/valencia-es\/tour-privado-a-pie-por-valencia\/\",\"name\":\"\u27a1\ufe0f Tour privado a pie por Valencia con gu\u00eda privado incluido | Tour Travel & More\",\"isPartOf\":{\"@id\":\"https:\/\/tourtravelandmore.com\/es\/#website\"},\"primaryImageOfPage\":{\"@id\":\"https:\/\/tourtravelandmore.com\/es\/tours\/espana-es\/valencia-es\/tour-privado-a-pie-por-valencia\/#primaryimage\"},\"image\":{\"@id\":\"https:\/\/tourtravelandmore.com\/es\/tours\/espana-es\/valencia-es\/tour-privado-a-pie-por-valencia\/#primaryimage\"},\"thumbnailUrl\":\"https:\/\/tourtravelandmore.com\/wp-content\/uploads\/2016\/11\/Untitled-design-1.jpg\",\"datePublished\":\"2016-11-08T10:47:05+00:00\",\"dateModified\":\"2023-02-28T06:20:10+00:00\",\"description\":\"Explora los monumentos y edificios m\u00e1s atractivos de Valencia de una forma personalizada en un tour privado a pie en compa\u00f1\u00eda de un gu\u00eda experto en historia, arte y cultura \u2705\",\"breadcrumb\":{\"@id\":\"https:\/\/tourtravelandmore.com\/es\/tours\/espana-es\/valencia-es\/tour-privado-a-pie-por-valencia\/#breadcrumb\"},\"inLanguage\":\"es\",\"potentialAction\":[{\"@type\":\"ReadAction\",\"target\":[\"https:\/\/tourtravelandmore.com\/es\/tours\/espana-es\/valencia-es\/tour-privado-a-pie-por-valencia\/\"]}]},{\"@type\":\"ImageObject\",\"inLanguage\":\"es\",\"@id\":\"https:\/\/tourtravelandmore.com\/es\/tours\/espana-es\/valencia-es\/tour-privado-a-pie-por-valencia\/#primaryimage\",\"url\":\"https:\/\/tourtravelandmore.com\/wp-content\/uploads\/2016\/11\/Untitled-design-1.jpg\",\"contentUrl\":\"https:\/\/tourtravelandmore.com\/wp-content\/uploads\/2016\/11\/Untitled-design-1.jpg\",\"width\":900,\"height\":600},{\"@type\":\"BreadcrumbList\",\"@id\":\"https:\/\/tourtravelandmore.com\/es\/tours\/espana-es\/valencia-es\/tour-privado-a-pie-por-valencia\/#breadcrumb\",\"itemListElement\":[{\"@type\":\"ListItem\",\"position\":1,\"name\":\"Home\",\"item\":\"https:\/\/tourtravelandmore.com\/es\/\"},{\"@type\":\"ListItem\",\"position\":2,\"name\":\"Tours\",\"item\":\"https:\/\/tourtravelandmore.com\/es\/tours\/\"},{\"@type\":\"ListItem\",\"position\":3,\"name\":\"Tour Privado a Pie por el casco viejo de Valencia\"}]},{\"@type\":\"WebSite\",\"@id\":\"https:\/\/tourtravelandmore.com\/es\/#website\",\"url\":\"https:\/\/tourtravelandmore.com\/es\/\",\"name\":\"Tour Travel And More\",\"description\":\"Private sightseeing tours and luxury transfers in Spain\",\"publisher\":{\"@id\":\"https:\/\/tourtravelandmore.com\/es\/#organization\"},\"potentialAction\":[{\"@type\":\"SearchAction\",\"target\":{\"@type\":\"EntryPoint\",\"urlTemplate\":\"https:\/\/tourtravelandmore.com\/es\/?s={search_term_string}\"},\"query-input\":{\"@type\":\"PropertyValueSpecification\",\"valueRequired\":true,\"valueName\":\"search_term_string\"}}],\"inLanguage\":\"es\"},{\"@type\":\"Organization\",\"@id\":\"https:\/\/tourtravelandmore.com\/es\/#organization\",\"name\":\"Tour Travel And More\",\"url\":\"https:\/\/tourtravelandmore.com\/es\/\",\"logo\":{\"@type\":\"ImageObject\",\"inLanguage\":\"es\",\"@id\":\"https:\/\/tourtravelandmore.com\/es\/#\/schema\/logo\/image\/\",\"url\":\"https:\/\/tourtravelandmore.com\/wp-content\/uploads\/2022\/12\/cropped-logo-cabecera-new.png\",\"contentUrl\":\"https:\/\/tourtravelandmore.com\/wp-content\/uploads\/2022\/12\/cropped-logo-cabecera-new.png\",\"width\":430,\"height\":61,\"caption\":\"Tour Travel And More\"},\"image\":{\"@id\":\"https:\/\/tourtravelandmore.com\/es\/#\/schema\/logo\/image\/\"},\"sameAs\":[\"https:\/\/www.facebook.com\/tourtravelandmore\/\",\"https:\/\/x.com\/TourTravel_More\"]}]}<\/script>\n<!-- \/ Yoast SEO Premium plugin. -->","yoast_head_json":{"title":"\u27a1\ufe0f Tour privado a pie por Valencia con gu\u00eda privado incluido | Tour Travel & More","description":"Explora los monumentos y edificios m\u00e1s atractivos de Valencia de una forma personalizada en un tour privado a pie en compa\u00f1\u00eda de un gu\u00eda experto en historia, arte y cultura \u2705","robots":{"index":"index","follow":"follow","max-snippet":"max-snippet:-1","max-image-preview":"max-image-preview:large","max-video-preview":"max-video-preview:-1"},"canonical":"https:\/\/tourtravelandmore.com\/es\/tours\/espana-es\/valencia-es\/tour-privado-a-pie-por-valencia\/","og_locale":"es_ES","og_type":"article","og_title":"Tour Privado a Pie por el casco viejo de Valencia","og_description":"Explora los monumentos y edificios m\u00e1s atractivos de Valencia de una forma personalizada en un tour privado a pie en compa\u00f1\u00eda de un gu\u00eda experto en historia, arte y cultura \u2705","og_url":"https:\/\/tourtravelandmore.com\/es\/tours\/espana-es\/valencia-es\/tour-privado-a-pie-por-valencia\/","og_site_name":"Tour Travel And More","article_publisher":"https:\/\/www.facebook.com\/tourtravelandmore\/","article_modified_time":"2023-02-28T06:20:10+00:00","og_image":[{"width":900,"height":600,"url":"https:\/\/tourtravelandmore.com\/wp-content\/uploads\/2016\/11\/Untitled-design-1.jpg","type":"image\/jpeg"}],"twitter_card":"summary_large_image","twitter_site":"@TourTravel_More","twitter_misc":{"Tiempo de lectura":"4 minutos"},"schema":{"@context":"https:\/\/schema.org","@graph":[{"@type":"WebPage","@id":"https:\/\/tourtravelandmore.com\/es\/tours\/espana-es\/valencia-es\/tour-privado-a-pie-por-valencia\/","url":"https:\/\/tourtravelandmore.com\/es\/tours\/espana-es\/valencia-es\/tour-privado-a-pie-por-valencia\/","name":"\u27a1\ufe0f Tour privado a pie por Valencia con gu\u00eda privado incluido | Tour Travel & More","isPartOf":{"@id":"https:\/\/tourtravelandmore.com\/es\/#website"},"primaryImageOfPage":{"@id":"https:\/\/tourtravelandmore.com\/es\/tours\/espana-es\/valencia-es\/tour-privado-a-pie-por-valencia\/#primaryimage"},"image":{"@id":"https:\/\/tourtravelandmore.com\/es\/tours\/espana-es\/valencia-es\/tour-privado-a-pie-por-valencia\/#primaryimage"},"thumbnailUrl":"https:\/\/tourtravelandmore.com\/wp-content\/uploads\/2016\/11\/Untitled-design-1.jpg","datePublished":"2016-11-08T10:47:05+00:00","dateModified":"2023-02-28T06:20:10+00:00","description":"Explora los monumentos y edificios m\u00e1s atractivos de Valencia de una forma personalizada en un tour privado a pie en compa\u00f1\u00eda de un gu\u00eda experto en historia, arte y cultura \u2705","breadcrumb":{"@id":"https:\/\/tourtravelandmore.com\/es\/tours\/espana-es\/valencia-es\/tour-privado-a-pie-por-valencia\/#breadcrumb"},"inLanguage":"es","potentialAction":[{"@type":"ReadAction","target":["https:\/\/tourtravelandmore.com\/es\/tours\/espana-es\/valencia-es\/tour-privado-a-pie-por-valencia\/"]}]},{"@type":"ImageObject","inLanguage":"es","@id":"https:\/\/tourtravelandmore.com\/es\/tours\/espana-es\/valencia-es\/tour-privado-a-pie-por-valencia\/#primaryimage","url":"https:\/\/tourtravelandmore.com\/wp-content\/uploads\/2016\/11\/Untitled-design-1.jpg","contentUrl":"https:\/\/tourtravelandmore.com\/wp-content\/uploads\/2016\/11\/Untitled-design-1.jpg","width":900,"height":600},{"@type":"BreadcrumbList","@id":"https:\/\/tourtravelandmore.com\/es\/tours\/espana-es\/valencia-es\/tour-privado-a-pie-por-valencia\/#breadcrumb","itemListElement":[{"@type":"ListItem","position":1,"name":"Home","item":"https:\/\/tourtravelandmore.com\/es\/"},{"@type":"ListItem","position":2,"name":"Tours","item":"https:\/\/tourtravelandmore.com\/es\/tours\/"},{"@type":"ListItem","position":3,"name":"Tour Privado a Pie por el casco viejo de Valencia"}]},{"@type":"WebSite","@id":"https:\/\/tourtravelandmore.com\/es\/#website","url":"https:\/\/tourtravelandmore.com\/es\/","name":"Tour Travel And More","description":"Private sightseeing tours and luxury transfers in Spain","publisher":{"@id":"https:\/\/tourtravelandmore.com\/es\/#organization"},"potentialAction":[{"@type":"SearchAction","target":{"@type":"EntryPoint","urlTemplate":"https:\/\/tourtravelandmore.com\/es\/?s={search_term_string}"},"query-input":{"@type":"PropertyValueSpecification","valueRequired":true,"valueName":"search_term_string"}}],"inLanguage":"es"},{"@type":"Organization","@id":"https:\/\/tourtravelandmore.com\/es\/#organization","name":"Tour Travel And More","url":"https:\/\/tourtravelandmore.com\/es\/","logo":{"@type":"ImageObject","inLanguage":"es","@id":"https:\/\/tourtravelandmore.com\/es\/#\/schema\/logo\/image\/","url":"https:\/\/tourtravelandmore.com\/wp-content\/uploads\/2022\/12\/cropped-logo-cabecera-new.png","contentUrl":"https:\/\/tourtravelandmore.com\/wp-content\/uploads\/2022\/12\/cropped-logo-cabecera-new.png","width":430,"height":61,"caption":"Tour Travel And More"},"image":{"@id":"https:\/\/tourtravelandmore.com\/es\/#\/schema\/logo\/image\/"},"sameAs":["https:\/\/www.facebook.com\/tourtravelandmore\/","https:\/\/x.com\/TourTravel_More"]}]}},"_links":{"self":[{"href":"https:\/\/tourtravelandmore.com\/es\/wp-json\/wp\/v2\/product\/8987","targetHints":{"allow":["GET"]}}],"collection":[{"href":"https:\/\/tourtravelandmore.com\/es\/wp-json\/wp\/v2\/product"}],"about":[{"href":"https:\/\/tourtravelandmore.com\/es\/wp-json\/wp\/v2\/types\/product"}],"replies":[{"embeddable":true,"href":"https:\/\/tourtravelandmore.com\/es\/wp-json\/wp\/v2\/comments?post=8987"}],"wp:featuredmedia":[{"embeddable":true,"href":"https:\/\/tourtravelandmore.com\/es\/wp-json\/wp\/v2\/media\/119272"}],"wp:attachment":[{"href":"https:\/\/tourtravelandmore.com\/es\/wp-json\/wp\/v2\/media?parent=8987"}],"wp:term":[{"taxonomy":"product_brand","embeddable":true,"href":"https:\/\/tourtravelandmore.com\/es\/wp-json\/wp\/v2\/product_brand?post=8987"},{"taxonomy":"product_cat","embeddable":true,"href":"https:\/\/tourtravelandmore.com\/es\/wp-json\/wp\/v2\/product_cat?post=8987"},{"taxonomy":"product_tag","embeddable":true,"href":"https:\/\/tourtravelandmore.com\/es\/wp-json\/wp\/v2\/product_tag?post=8987"}],"curies":[{"name":"wp","href":"https:\/\/api.w.org\/{rel}","templated":true}]}}