{"id":89860,"date":"2020-12-16T11:19:34","date_gmt":"2020-12-16T10:19:36","guid":{"rendered":"https:\/\/tourtravelandmore.com\/?post_type=product&#038;p=89860"},"modified":"2023-11-24T11:04:30","modified_gmt":"2023-11-24T10:04:30","slug":"tour-privado-de-cancun-y-playa-del-carmen","status":"publish","type":"product","link":"https:\/\/tourtravelandmore.com\/es\/tours\/mexico-es\/playa-carmen-es-es\/playa-carmen-actividades-es\/tour-privado-de-cancun-y-playa-del-carmen\/","title":{"rendered":"Tour privado de Canc\u00fan y Playa del Carmen"},"content":{"rendered":"<h2 id=\"tw-target-text\" class=\"tw-data-text tw-text-large XcVN5d tw-ta\" dir=\"ltr\" data-placeholder=\"Traducci\u00f3n\"><span lang=\"es\">Descripci\u00f3n del Tour privado de Canc\u00fan y Playa del Carmen<\/span><\/h2>\n<p>Disfruta de una gran experiencia de d\u00eda para disfrutar de Playa del Carmen y Canc\u00fan. Organizaremos un c\u00f3modo traslado desde su hotel o lugar de elecci\u00f3n en Riviera Maya.<\/p>\n<p>Esto significa que podemos organizar la recogida en Canc\u00fan, Playa del Carmen o incluso Tulum. Luego disfrutaremos de una excursi\u00f3n de un d\u00eda para conocer Canc\u00fan y Playa del Carmen. Este es un gran Tour Privado a Canc\u00fan y Playa del Carmen.<\/p>\n<p>Playa del Carmen se encuentra en el Mar Caribe. Es una zona tur\u00edstica muy popular. Hay muchas actividades para disfrutar en la Riviera Maya. Muchos cruceros tambi\u00e9n paran en Playa del Carmen en Calica. Esto est\u00e1 a s\u00f3lo 10 km de la ciudad. Por supuesto, podemos organizar la recogida en el puerto de cruceros si est\u00e1 aqu\u00ed por un d\u00eda y le gustar\u00eda experimentar ambas ciudades.<\/p>\n<p>Playa del Carmen era un peque\u00f1o pueblo de pescadores. Tambi\u00e9n hay un ferry que puede llevarlo hacia la isla de Cozumel. Disfrute de la Quinta Avenida. Esto es de Calle 1 norte a Calle 40.<\/p>\n<p>Tambi\u00e9n disfrutaremos Canc\u00fan. Canc\u00fan es una ciudad tambi\u00e9n en la Pen\u00ednsula de Yucutan. Lo llevaremos por esta zona y disfrutaremos de los numerosos hoteles ubicados en esta preciosa costa.<\/p>\n<h2>Puntos emblem\u00e1ticos y de inter\u00e9s en el Tour privado de Canc\u00fan y Playa del Carmen<\/h2>\n<p>Despu\u00e9s de una c\u00f3moda recogida en el lugar de su elecci\u00f3n, comenzaremos este Tour Privado a Canc\u00fan y Playa del Carmen.<\/p>\n<p>A continuaci\u00f3n, se muestran algunos ejemplos de lo que disfrutar\u00e1 una vez que lleguemos a cada una de las ciudades:<\/p>\n<ul>\n<li><strong>Calle Quinta Avenida<\/strong><\/li>\n<li><strong>Parque Los Fundadores<\/strong><\/li>\n<li><strong>Xcaret<\/strong><\/li>\n<li><strong>Portal Maya<\/strong><\/li>\n<li><strong>Playa de Playacar<\/strong><\/li>\n<li><strong>Sitio arqueol\u00f3gico de Playa del Carmen<\/strong><\/li>\n<li><strong>Playa norte<\/strong><\/li>\n<li><strong>Mercado 28<\/strong><\/li>\n<li><strong>Sitio arqueol\u00f3gico El Meco<\/strong><\/li>\n<li><strong>Mucho m\u00e1s<\/strong><\/li>\n<\/ul>\n<p>Como todos nuestros tours privados, este tour finalizar\u00e1 en su hotel en la Riviera Maya. \u00a1Te llevaremos a esta incre\u00edble experiencia y tomaremos un d\u00eda de tus vacaciones en la playa! P\u00f3ngase en contacto con nuestros expertos en viajes para obtener m\u00e1s informaci\u00f3n.<\/p>\n","protected":false},"excerpt":{"rendered":"<p>Disfruta al m\u00e1ximo tu estad\u00eda en Tulum y la Riviera Maya y ven con nosotros en este Tour Privado a Canc\u00fan y Playa del Carmen.<\/p>\n","protected":false},"featured_media":89882,"comment_status":"open","ping_status":"closed","template":"","meta":{"_acf_changed":false},"product_brand":[],"product_cat":[3203,3332,3335,3338,3344,3347,3350,3321,3356,3359,3230,3233,1602],"product_tag":[],"class_list":{"0":"post-89860","1":"product","2":"type-product","3":"status-publish","4":"has-post-thumbnail","6":"product_cat-mexico-es","7":"product_cat-cancun-es","8":"product_cat-cancun-actividades-es","9":"product_cat-cancun-tours-es","10":"product_cat-playa-carmen-es-es","11":"product_cat-playa-carmen-actividades-es","12":"product_cat-playa-carmen-tours-es","13":"product_cat-tulum-es","14":"product_cat-tulum-actividades-es","15":"product_cat-tulum-tours-es","16":"product_cat-cozumel-es","17":"product_cat-cozumel-actividades-es","18":"product_cat-eeuu-es","20":"first","21":"instock","22":"shipping-taxable","23":"purchasable","24":"product-type-simple"},"acf":[],"yoast_head":"<!-- This site is optimized with the Yoast SEO Premium plugin v25.3.1 (Yoast SEO v25.3.1) - https:\/\/yoast.com\/wordpress\/plugins\/seo\/ -->\n<title>\u27a1\ufe0f Tour privado de Canc\u00fan y Playa del Carmen con gu\u00eda y veh\u00edculo | Tour Travel &amp; More<\/title>\n<meta name=\"description\" content=\"Disfruta al m\u00e1ximo tu estad\u00eda en Tulum y la Riviera Maya y ven con nosotros en este Tour Privado a Canc\u00fan y Playa del Carmen \u2705\" \/>\n<meta name=\"robots\" content=\"index, follow, max-snippet:-1, max-image-preview:large, max-video-preview:-1\" \/>\n<link rel=\"canonical\" href=\"https:\/\/tourtravelandmore.com\/es\/tours\/mexico-es\/playa-carmen-es-es\/playa-carmen-actividades-es\/tour-privado-de-cancun-y-playa-del-carmen\/\" \/>\n<meta property=\"og:locale\" content=\"es_ES\" \/>\n<meta property=\"og:type\" content=\"article\" \/>\n<meta property=\"og:title\" content=\"Tour privado de Canc\u00fan y Playa del Carmen\" \/>\n<meta property=\"og:description\" content=\"Disfruta al m\u00e1ximo tu estad\u00eda en Tulum y la Riviera Maya y ven con nosotros en este Tour Privado a Canc\u00fan y Playa del Carmen \u2705\" \/>\n<meta property=\"og:url\" content=\"https:\/\/tourtravelandmore.com\/es\/tours\/mexico-es\/playa-carmen-es-es\/playa-carmen-actividades-es\/tour-privado-de-cancun-y-playa-del-carmen\/\" \/>\n<meta property=\"og:site_name\" content=\"Tour Travel And More\" \/>\n<meta property=\"article:publisher\" content=\"https:\/\/www.facebook.com\/tourtravelandmore\/\" \/>\n<meta property=\"article:modified_time\" content=\"2023-11-24T10:04:30+00:00\" \/>\n<meta property=\"og:image\" content=\"https:\/\/tourtravelandmore.com\/wp-content\/uploads\/2020\/12\/Cancun-4-scaled.jpg\" \/>\n\t<meta property=\"og:image:width\" content=\"2560\" \/>\n\t<meta property=\"og:image:height\" content=\"2167\" \/>\n\t<meta property=\"og:image:type\" content=\"image\/jpeg\" \/>\n<meta name=\"twitter:card\" content=\"summary_large_image\" \/>\n<meta name=\"twitter:site\" content=\"@TourTravel_More\" \/>\n<meta name=\"twitter:label1\" content=\"Tiempo de lectura\" \/>\n\t<meta name=\"twitter:data1\" content=\"2 minutos\" \/>\n<script type=\"application\/ld+json\" class=\"yoast-schema-graph\">{\"@context\":\"https:\/\/schema.org\",\"@graph\":[{\"@type\":\"WebPage\",\"@id\":\"https:\/\/tourtravelandmore.com\/es\/tours\/mexico-es\/playa-carmen-es-es\/playa-carmen-actividades-es\/tour-privado-de-cancun-y-playa-del-carmen\/\",\"url\":\"https:\/\/tourtravelandmore.com\/es\/tours\/mexico-es\/playa-carmen-es-es\/playa-carmen-actividades-es\/tour-privado-de-cancun-y-playa-del-carmen\/\",\"name\":\"\u27a1\ufe0f Tour privado de Canc\u00fan y Playa del Carmen con gu\u00eda y veh\u00edculo | Tour Travel & More\",\"isPartOf\":{\"@id\":\"https:\/\/tourtravelandmore.com\/es\/#website\"},\"primaryImageOfPage\":{\"@id\":\"https:\/\/tourtravelandmore.com\/es\/tours\/mexico-es\/playa-carmen-es-es\/playa-carmen-actividades-es\/tour-privado-de-cancun-y-playa-del-carmen\/#primaryimage\"},\"image\":{\"@id\":\"https:\/\/tourtravelandmore.com\/es\/tours\/mexico-es\/playa-carmen-es-es\/playa-carmen-actividades-es\/tour-privado-de-cancun-y-playa-del-carmen\/#primaryimage\"},\"thumbnailUrl\":\"https:\/\/tourtravelandmore.com\/wp-content\/uploads\/2020\/12\/Cancun-4-scaled.jpg\",\"datePublished\":\"2020-12-16T10:19:36+00:00\",\"dateModified\":\"2023-11-24T10:04:30+00:00\",\"description\":\"Disfruta al m\u00e1ximo tu estad\u00eda en Tulum y la Riviera Maya y ven con nosotros en este Tour Privado a Canc\u00fan y Playa del Carmen \u2705\",\"breadcrumb\":{\"@id\":\"https:\/\/tourtravelandmore.com\/es\/tours\/mexico-es\/playa-carmen-es-es\/playa-carmen-actividades-es\/tour-privado-de-cancun-y-playa-del-carmen\/#breadcrumb\"},\"inLanguage\":\"es\",\"potentialAction\":[{\"@type\":\"ReadAction\",\"target\":[\"https:\/\/tourtravelandmore.com\/es\/tours\/mexico-es\/playa-carmen-es-es\/playa-carmen-actividades-es\/tour-privado-de-cancun-y-playa-del-carmen\/\"]}]},{\"@type\":\"ImageObject\",\"inLanguage\":\"es\",\"@id\":\"https:\/\/tourtravelandmore.com\/es\/tours\/mexico-es\/playa-carmen-es-es\/playa-carmen-actividades-es\/tour-privado-de-cancun-y-playa-del-carmen\/#primaryimage\",\"url\":\"https:\/\/tourtravelandmore.com\/wp-content\/uploads\/2020\/12\/Cancun-4-scaled.jpg\",\"contentUrl\":\"https:\/\/tourtravelandmore.com\/wp-content\/uploads\/2020\/12\/Cancun-4-scaled.jpg\",\"width\":2560,\"height\":2167},{\"@type\":\"BreadcrumbList\",\"@id\":\"https:\/\/tourtravelandmore.com\/es\/tours\/mexico-es\/playa-carmen-es-es\/playa-carmen-actividades-es\/tour-privado-de-cancun-y-playa-del-carmen\/#breadcrumb\",\"itemListElement\":[{\"@type\":\"ListItem\",\"position\":1,\"name\":\"Home\",\"item\":\"https:\/\/tourtravelandmore.com\/es\/\"},{\"@type\":\"ListItem\",\"position\":2,\"name\":\"Tours\",\"item\":\"https:\/\/tourtravelandmore.com\/es\/tours\/\"},{\"@type\":\"ListItem\",\"position\":3,\"name\":\"Tour privado de Canc\u00fan y Playa del Carmen\"}]},{\"@type\":\"WebSite\",\"@id\":\"https:\/\/tourtravelandmore.com\/es\/#website\",\"url\":\"https:\/\/tourtravelandmore.com\/es\/\",\"name\":\"Tour Travel And More\",\"description\":\"Private sightseeing tours and luxury transfers in Spain\",\"publisher\":{\"@id\":\"https:\/\/tourtravelandmore.com\/es\/#organization\"},\"potentialAction\":[{\"@type\":\"SearchAction\",\"target\":{\"@type\":\"EntryPoint\",\"urlTemplate\":\"https:\/\/tourtravelandmore.com\/es\/?s={search_term_string}\"},\"query-input\":{\"@type\":\"PropertyValueSpecification\",\"valueRequired\":true,\"valueName\":\"search_term_string\"}}],\"inLanguage\":\"es\"},{\"@type\":\"Organization\",\"@id\":\"https:\/\/tourtravelandmore.com\/es\/#organization\",\"name\":\"Tour Travel And More\",\"url\":\"https:\/\/tourtravelandmore.com\/es\/\",\"logo\":{\"@type\":\"ImageObject\",\"inLanguage\":\"es\",\"@id\":\"https:\/\/tourtravelandmore.com\/es\/#\/schema\/logo\/image\/\",\"url\":\"https:\/\/tourtravelandmore.com\/wp-content\/uploads\/2022\/12\/cropped-logo-cabecera-new.png\",\"contentUrl\":\"https:\/\/tourtravelandmore.com\/wp-content\/uploads\/2022\/12\/cropped-logo-cabecera-new.png\",\"width\":430,\"height\":61,\"caption\":\"Tour Travel And More\"},\"image\":{\"@id\":\"https:\/\/tourtravelandmore.com\/es\/#\/schema\/logo\/image\/\"},\"sameAs\":[\"https:\/\/www.facebook.com\/tourtravelandmore\/\",\"https:\/\/x.com\/TourTravel_More\"]}]}<\/script>\n<!-- \/ Yoast SEO Premium plugin. -->","yoast_head_json":{"title":"\u27a1\ufe0f Tour privado de Canc\u00fan y Playa del Carmen con gu\u00eda y veh\u00edculo | Tour Travel & More","description":"Disfruta al m\u00e1ximo tu estad\u00eda en Tulum y la Riviera Maya y ven con nosotros en este Tour Privado a Canc\u00fan y Playa del Carmen \u2705","robots":{"index":"index","follow":"follow","max-snippet":"max-snippet:-1","max-image-preview":"max-image-preview:large","max-video-preview":"max-video-preview:-1"},"canonical":"https:\/\/tourtravelandmore.com\/es\/tours\/mexico-es\/playa-carmen-es-es\/playa-carmen-actividades-es\/tour-privado-de-cancun-y-playa-del-carmen\/","og_locale":"es_ES","og_type":"article","og_title":"Tour privado de Canc\u00fan y Playa del Carmen","og_description":"Disfruta al m\u00e1ximo tu estad\u00eda en Tulum y la Riviera Maya y ven con nosotros en este Tour Privado a Canc\u00fan y Playa del Carmen \u2705","og_url":"https:\/\/tourtravelandmore.com\/es\/tours\/mexico-es\/playa-carmen-es-es\/playa-carmen-actividades-es\/tour-privado-de-cancun-y-playa-del-carmen\/","og_site_name":"Tour Travel And More","article_publisher":"https:\/\/www.facebook.com\/tourtravelandmore\/","article_modified_time":"2023-11-24T10:04:30+00:00","og_image":[{"width":2560,"height":2167,"url":"https:\/\/tourtravelandmore.com\/wp-content\/uploads\/2020\/12\/Cancun-4-scaled.jpg","type":"image\/jpeg"}],"twitter_card":"summary_large_image","twitter_site":"@TourTravel_More","twitter_misc":{"Tiempo de lectura":"2 minutos"},"schema":{"@context":"https:\/\/schema.org","@graph":[{"@type":"WebPage","@id":"https:\/\/tourtravelandmore.com\/es\/tours\/mexico-es\/playa-carmen-es-es\/playa-carmen-actividades-es\/tour-privado-de-cancun-y-playa-del-carmen\/","url":"https:\/\/tourtravelandmore.com\/es\/tours\/mexico-es\/playa-carmen-es-es\/playa-carmen-actividades-es\/tour-privado-de-cancun-y-playa-del-carmen\/","name":"\u27a1\ufe0f Tour privado de Canc\u00fan y Playa del Carmen con gu\u00eda y veh\u00edculo | Tour Travel & More","isPartOf":{"@id":"https:\/\/tourtravelandmore.com\/es\/#website"},"primaryImageOfPage":{"@id":"https:\/\/tourtravelandmore.com\/es\/tours\/mexico-es\/playa-carmen-es-es\/playa-carmen-actividades-es\/tour-privado-de-cancun-y-playa-del-carmen\/#primaryimage"},"image":{"@id":"https:\/\/tourtravelandmore.com\/es\/tours\/mexico-es\/playa-carmen-es-es\/playa-carmen-actividades-es\/tour-privado-de-cancun-y-playa-del-carmen\/#primaryimage"},"thumbnailUrl":"https:\/\/tourtravelandmore.com\/wp-content\/uploads\/2020\/12\/Cancun-4-scaled.jpg","datePublished":"2020-12-16T10:19:36+00:00","dateModified":"2023-11-24T10:04:30+00:00","description":"Disfruta al m\u00e1ximo tu estad\u00eda en Tulum y la Riviera Maya y ven con nosotros en este Tour Privado a Canc\u00fan y Playa del Carmen \u2705","breadcrumb":{"@id":"https:\/\/tourtravelandmore.com\/es\/tours\/mexico-es\/playa-carmen-es-es\/playa-carmen-actividades-es\/tour-privado-de-cancun-y-playa-del-carmen\/#breadcrumb"},"inLanguage":"es","potentialAction":[{"@type":"ReadAction","target":["https:\/\/tourtravelandmore.com\/es\/tours\/mexico-es\/playa-carmen-es-es\/playa-carmen-actividades-es\/tour-privado-de-cancun-y-playa-del-carmen\/"]}]},{"@type":"ImageObject","inLanguage":"es","@id":"https:\/\/tourtravelandmore.com\/es\/tours\/mexico-es\/playa-carmen-es-es\/playa-carmen-actividades-es\/tour-privado-de-cancun-y-playa-del-carmen\/#primaryimage","url":"https:\/\/tourtravelandmore.com\/wp-content\/uploads\/2020\/12\/Cancun-4-scaled.jpg","contentUrl":"https:\/\/tourtravelandmore.com\/wp-content\/uploads\/2020\/12\/Cancun-4-scaled.jpg","width":2560,"height":2167},{"@type":"BreadcrumbList","@id":"https:\/\/tourtravelandmore.com\/es\/tours\/mexico-es\/playa-carmen-es-es\/playa-carmen-actividades-es\/tour-privado-de-cancun-y-playa-del-carmen\/#breadcrumb","itemListElement":[{"@type":"ListItem","position":1,"name":"Home","item":"https:\/\/tourtravelandmore.com\/es\/"},{"@type":"ListItem","position":2,"name":"Tours","item":"https:\/\/tourtravelandmore.com\/es\/tours\/"},{"@type":"ListItem","position":3,"name":"Tour privado de Canc\u00fan y Playa del Carmen"}]},{"@type":"WebSite","@id":"https:\/\/tourtravelandmore.com\/es\/#website","url":"https:\/\/tourtravelandmore.com\/es\/","name":"Tour Travel And More","description":"Private sightseeing tours and luxury transfers in Spain","publisher":{"@id":"https:\/\/tourtravelandmore.com\/es\/#organization"},"potentialAction":[{"@type":"SearchAction","target":{"@type":"EntryPoint","urlTemplate":"https:\/\/tourtravelandmore.com\/es\/?s={search_term_string}"},"query-input":{"@type":"PropertyValueSpecification","valueRequired":true,"valueName":"search_term_string"}}],"inLanguage":"es"},{"@type":"Organization","@id":"https:\/\/tourtravelandmore.com\/es\/#organization","name":"Tour Travel And More","url":"https:\/\/tourtravelandmore.com\/es\/","logo":{"@type":"ImageObject","inLanguage":"es","@id":"https:\/\/tourtravelandmore.com\/es\/#\/schema\/logo\/image\/","url":"https:\/\/tourtravelandmore.com\/wp-content\/uploads\/2022\/12\/cropped-logo-cabecera-new.png","contentUrl":"https:\/\/tourtravelandmore.com\/wp-content\/uploads\/2022\/12\/cropped-logo-cabecera-new.png","width":430,"height":61,"caption":"Tour Travel And More"},"image":{"@id":"https:\/\/tourtravelandmore.com\/es\/#\/schema\/logo\/image\/"},"sameAs":["https:\/\/www.facebook.com\/tourtravelandmore\/","https:\/\/x.com\/TourTravel_More"]}]}},"_links":{"self":[{"href":"https:\/\/tourtravelandmore.com\/es\/wp-json\/wp\/v2\/product\/89860","targetHints":{"allow":["GET"]}}],"collection":[{"href":"https:\/\/tourtravelandmore.com\/es\/wp-json\/wp\/v2\/product"}],"about":[{"href":"https:\/\/tourtravelandmore.com\/es\/wp-json\/wp\/v2\/types\/product"}],"replies":[{"embeddable":true,"href":"https:\/\/tourtravelandmore.com\/es\/wp-json\/wp\/v2\/comments?post=89860"}],"wp:featuredmedia":[{"embeddable":true,"href":"https:\/\/tourtravelandmore.com\/es\/wp-json\/wp\/v2\/media\/89882"}],"wp:attachment":[{"href":"https:\/\/tourtravelandmore.com\/es\/wp-json\/wp\/v2\/media?parent=89860"}],"wp:term":[{"taxonomy":"product_brand","embeddable":true,"href":"https:\/\/tourtravelandmore.com\/es\/wp-json\/wp\/v2\/product_brand?post=89860"},{"taxonomy":"product_cat","embeddable":true,"href":"https:\/\/tourtravelandmore.com\/es\/wp-json\/wp\/v2\/product_cat?post=89860"},{"taxonomy":"product_tag","embeddable":true,"href":"https:\/\/tourtravelandmore.com\/es\/wp-json\/wp\/v2\/product_tag?post=89860"}],"curies":[{"name":"wp","href":"https:\/\/api.w.org\/{rel}","templated":true}]}}