{"id":89822,"date":"2020-12-16T11:06:54","date_gmt":"2020-12-16T10:06:56","guid":{"rendered":"https:\/\/tourtravelandmore.com\/?post_type=product&#038;p=89822"},"modified":"2023-11-24T11:02:14","modified_gmt":"2023-11-24T10:02:14","slug":"tour-privado-a-chichen-itza","status":"publish","type":"product","link":"https:\/\/tourtravelandmore.com\/es\/tours\/mexico-es\/playa-carmen-es-es\/playa-carmen-actividades-es\/tour-privado-a-chichen-itza\/","title":{"rendered":"Tour privado a Chich\u00e9n Itz\u00e1"},"content":{"rendered":"<h2 id=\"tw-target-text\" class=\"tw-data-text tw-text-large XcVN5d tw-ta\" dir=\"ltr\" data-placeholder=\"Traducci\u00f3n\"><span lang=\"es\">Descripci\u00f3n del Tour privado a Chich\u00e9n Itz\u00e1<\/span><\/h2>\n<p>De la mano de nuestros expertos en viajes, realiza este tour privado a Chich\u00e9n Itz\u00e1. Estamos aqu\u00ed para hacer que su experiencia sea \u00fanica con este Tour Privado a Chich\u00e9n Itz\u00e1.<\/p>\n<p>Chich\u00e9n Itz\u00e1 es una ciudad precolombina. Fue construido por el pueblo maya. Encuentra este incre\u00edble sitio arqueol\u00f3gico en el estado de Yucutan. Chich\u00e9n Itz\u00e1 fue una de las ciudades mayas m\u00e1s grandes e incluso una gran ciudad m\u00edtica.<\/p>\n<p>Este es uno de los sitios m\u00e1s visitados de M\u00e9xico y es una verdadera maravilla visitarlo. T\u00f3mese un d\u00eda libre de nuestras relajantes vacaciones y disfrute de la cultura hist\u00f3rica visitando el sitio de Chich\u00e9n Itz\u00e1.<\/p>\n<p>El nombre Chich\u00e9n Itz\u00e1 significa \u201cEn el pozo del pozo de los Itz\u00e1\u201d.<\/p>\n<p>Para este Tour Privado a Chich\u00e9n Itz\u00e1, podemos organizar la recogida en el lugar de su elecci\u00f3n. Puede ser Canc\u00fan, Playa del Carmen o Tulum.<\/p>\n<h2>Puntos emblem\u00e1ticos y de inter\u00e9s en Tour privado a Chich\u00e9n Itz\u00e1<\/h2>\n<p>Despu\u00e9s de una c\u00f3moda recogida, comenzaremos este tour privado. Chich\u00e9n Itz\u00e1 era conocida como una de las ciudades mayas m\u00e1s grandes. Est\u00e1 ubicado en un \u00e1rea de 5 kil\u00f3metros cuadrados.<\/p>\n<p>Disfrute de incre\u00edbles edificios de piedra, entre otros, tenga una vista de lo que este incre\u00edble sitio tiene para ofrecer:<\/p>\n<ul>\n<li><strong>Templo de Kukulc\u00e1n<\/strong><\/li>\n<li><strong>El Gran Juego de Pelota. Est\u00e1 ubicado en el Templo del Norte. Tambi\u00e9n se le conoce como el Templo del Hombre Barbudo.<\/strong><\/li>\n<li><strong>Cenote sagrado<\/strong><\/li>\n<li><strong>Templo de los Guerreros. Aqu\u00ed encontrar\u00e1 una gran pir\u00e1mide escalonada. Este es verdaderamente un sitio \u00fanico para visitar.<\/strong><\/li>\n<li><strong>Grupo de las mil columnas<\/strong><\/li>\n<li><strong>El Mercado<\/strong><\/li>\n<li><strong>La pir\u00e1mide de Osario<\/strong><\/li>\n<li><strong>La escalera de Osario<\/strong><\/li>\n<li><strong>Complejo las Monjas<\/strong><\/li>\n<li><strong>El templo observatorio (El Caracol)<\/strong><\/li>\n<\/ul>\n<p>Como dijimos, hay mucho que ver y disfrutar aqu\u00ed en Chich\u00e9n Itz\u00e1. Es uno de los sitios arqueol\u00f3gicos m\u00e1s visitados de todo M\u00e9xico.<\/p>\n<p>Consulte todos nuestros tours privados que ofrecemos en M\u00e9xico y por supuesto en cualquier otra ciudad del mundo. En Tour Travel &amp; More, estamos aqu\u00ed para hacer que su experiencia sea \u00fanica.<\/p>\n","protected":false},"excerpt":{"rendered":"<p>Disfruta al m\u00e1ximo tu estad\u00eda en Tulum y la Riviera Maya y ven con nosotros en este Tour Privado a Chich\u00e9n Itz\u00e1.<\/p>\n","protected":false},"featured_media":89835,"comment_status":"open","ping_status":"closed","template":"","meta":{"_acf_changed":false},"product_brand":[],"product_cat":[3203,3332,3335,3338,3344,3347,3350,3321,3356,3359,1602],"product_tag":[],"class_list":{"0":"post-89822","1":"product","2":"type-product","3":"status-publish","4":"has-post-thumbnail","6":"product_cat-mexico-es","7":"product_cat-cancun-es","8":"product_cat-cancun-actividades-es","9":"product_cat-cancun-tours-es","10":"product_cat-playa-carmen-es-es","11":"product_cat-playa-carmen-actividades-es","12":"product_cat-playa-carmen-tours-es","13":"product_cat-tulum-es","14":"product_cat-tulum-actividades-es","15":"product_cat-tulum-tours-es","16":"product_cat-eeuu-es","18":"first","19":"instock","20":"shipping-taxable","21":"purchasable","22":"product-type-simple"},"acf":[],"yoast_head":"<!-- This site is optimized with the Yoast SEO Premium plugin v25.3.1 (Yoast SEO v25.3.1) - https:\/\/yoast.com\/wordpress\/plugins\/seo\/ -->\n<title>\u27a1\ufe0f Tour privado a Chich\u00e9n Itz\u00e1 con gu\u00eda oficial y veh\u00edculo privado | Tour Travel &amp; More<\/title>\n<meta name=\"description\" content=\"Disfruta al m\u00e1ximo tu estad\u00eda en Tulum y la Riviera Maya y ven con nosotros en este Tour Privado a Chich\u00e9n Itz\u00e1. Tour privado \u2705\" \/>\n<meta name=\"robots\" content=\"index, follow, max-snippet:-1, max-image-preview:large, max-video-preview:-1\" \/>\n<link rel=\"canonical\" href=\"https:\/\/tourtravelandmore.com\/es\/tours\/mexico-es\/playa-carmen-es-es\/playa-carmen-actividades-es\/tour-privado-a-chichen-itza\/\" \/>\n<meta property=\"og:locale\" content=\"es_ES\" \/>\n<meta property=\"og:type\" content=\"article\" \/>\n<meta property=\"og:title\" content=\"Tour privado a Chich\u00e9n Itz\u00e1\" \/>\n<meta property=\"og:description\" content=\"Disfruta al m\u00e1ximo tu estad\u00eda en Tulum y la Riviera Maya y ven con nosotros en este Tour Privado a Chich\u00e9n Itz\u00e1. Tour privado \u2705\" \/>\n<meta property=\"og:url\" content=\"https:\/\/tourtravelandmore.com\/es\/tours\/mexico-es\/playa-carmen-es-es\/playa-carmen-actividades-es\/tour-privado-a-chichen-itza\/\" \/>\n<meta property=\"og:site_name\" content=\"Tour Travel And More\" \/>\n<meta property=\"article:publisher\" content=\"https:\/\/www.facebook.com\/tourtravelandmore\/\" \/>\n<meta property=\"article:modified_time\" content=\"2023-11-24T10:02:14+00:00\" \/>\n<meta property=\"og:image\" content=\"https:\/\/tourtravelandmore.com\/wp-content\/uploads\/2020\/12\/Chichen-Itza-2-scaled.jpg\" \/>\n\t<meta property=\"og:image:width\" content=\"2560\" \/>\n\t<meta property=\"og:image:height\" content=\"1707\" \/>\n\t<meta property=\"og:image:type\" content=\"image\/jpeg\" \/>\n<meta name=\"twitter:card\" content=\"summary_large_image\" \/>\n<meta name=\"twitter:site\" content=\"@TourTravel_More\" \/>\n<meta name=\"twitter:label1\" content=\"Tiempo de lectura\" \/>\n\t<meta name=\"twitter:data1\" content=\"2 minutos\" \/>\n<script type=\"application\/ld+json\" class=\"yoast-schema-graph\">{\"@context\":\"https:\/\/schema.org\",\"@graph\":[{\"@type\":\"WebPage\",\"@id\":\"https:\/\/tourtravelandmore.com\/es\/tours\/mexico-es\/playa-carmen-es-es\/playa-carmen-actividades-es\/tour-privado-a-chichen-itza\/\",\"url\":\"https:\/\/tourtravelandmore.com\/es\/tours\/mexico-es\/playa-carmen-es-es\/playa-carmen-actividades-es\/tour-privado-a-chichen-itza\/\",\"name\":\"\u27a1\ufe0f Tour privado a Chich\u00e9n Itz\u00e1 con gu\u00eda oficial y veh\u00edculo privado | Tour Travel & More\",\"isPartOf\":{\"@id\":\"https:\/\/tourtravelandmore.com\/es\/#website\"},\"primaryImageOfPage\":{\"@id\":\"https:\/\/tourtravelandmore.com\/es\/tours\/mexico-es\/playa-carmen-es-es\/playa-carmen-actividades-es\/tour-privado-a-chichen-itza\/#primaryimage\"},\"image\":{\"@id\":\"https:\/\/tourtravelandmore.com\/es\/tours\/mexico-es\/playa-carmen-es-es\/playa-carmen-actividades-es\/tour-privado-a-chichen-itza\/#primaryimage\"},\"thumbnailUrl\":\"https:\/\/tourtravelandmore.com\/wp-content\/uploads\/2020\/12\/Chichen-Itza-2-scaled.jpg\",\"datePublished\":\"2020-12-16T10:06:56+00:00\",\"dateModified\":\"2023-11-24T10:02:14+00:00\",\"description\":\"Disfruta al m\u00e1ximo tu estad\u00eda en Tulum y la Riviera Maya y ven con nosotros en este Tour Privado a Chich\u00e9n Itz\u00e1. Tour privado \u2705\",\"breadcrumb\":{\"@id\":\"https:\/\/tourtravelandmore.com\/es\/tours\/mexico-es\/playa-carmen-es-es\/playa-carmen-actividades-es\/tour-privado-a-chichen-itza\/#breadcrumb\"},\"inLanguage\":\"es\",\"potentialAction\":[{\"@type\":\"ReadAction\",\"target\":[\"https:\/\/tourtravelandmore.com\/es\/tours\/mexico-es\/playa-carmen-es-es\/playa-carmen-actividades-es\/tour-privado-a-chichen-itza\/\"]}]},{\"@type\":\"ImageObject\",\"inLanguage\":\"es\",\"@id\":\"https:\/\/tourtravelandmore.com\/es\/tours\/mexico-es\/playa-carmen-es-es\/playa-carmen-actividades-es\/tour-privado-a-chichen-itza\/#primaryimage\",\"url\":\"https:\/\/tourtravelandmore.com\/wp-content\/uploads\/2020\/12\/Chichen-Itza-2-scaled.jpg\",\"contentUrl\":\"https:\/\/tourtravelandmore.com\/wp-content\/uploads\/2020\/12\/Chichen-Itza-2-scaled.jpg\",\"width\":2560,\"height\":1707},{\"@type\":\"BreadcrumbList\",\"@id\":\"https:\/\/tourtravelandmore.com\/es\/tours\/mexico-es\/playa-carmen-es-es\/playa-carmen-actividades-es\/tour-privado-a-chichen-itza\/#breadcrumb\",\"itemListElement\":[{\"@type\":\"ListItem\",\"position\":1,\"name\":\"Home\",\"item\":\"https:\/\/tourtravelandmore.com\/es\/\"},{\"@type\":\"ListItem\",\"position\":2,\"name\":\"Tours\",\"item\":\"https:\/\/tourtravelandmore.com\/es\/tours\/\"},{\"@type\":\"ListItem\",\"position\":3,\"name\":\"Tour privado a Chich\u00e9n Itz\u00e1\"}]},{\"@type\":\"WebSite\",\"@id\":\"https:\/\/tourtravelandmore.com\/es\/#website\",\"url\":\"https:\/\/tourtravelandmore.com\/es\/\",\"name\":\"Tour Travel And More\",\"description\":\"Private sightseeing tours and luxury transfers in Spain\",\"publisher\":{\"@id\":\"https:\/\/tourtravelandmore.com\/es\/#organization\"},\"potentialAction\":[{\"@type\":\"SearchAction\",\"target\":{\"@type\":\"EntryPoint\",\"urlTemplate\":\"https:\/\/tourtravelandmore.com\/es\/?s={search_term_string}\"},\"query-input\":{\"@type\":\"PropertyValueSpecification\",\"valueRequired\":true,\"valueName\":\"search_term_string\"}}],\"inLanguage\":\"es\"},{\"@type\":\"Organization\",\"@id\":\"https:\/\/tourtravelandmore.com\/es\/#organization\",\"name\":\"Tour Travel And More\",\"url\":\"https:\/\/tourtravelandmore.com\/es\/\",\"logo\":{\"@type\":\"ImageObject\",\"inLanguage\":\"es\",\"@id\":\"https:\/\/tourtravelandmore.com\/es\/#\/schema\/logo\/image\/\",\"url\":\"https:\/\/tourtravelandmore.com\/wp-content\/uploads\/2022\/12\/cropped-logo-cabecera-new.png\",\"contentUrl\":\"https:\/\/tourtravelandmore.com\/wp-content\/uploads\/2022\/12\/cropped-logo-cabecera-new.png\",\"width\":430,\"height\":61,\"caption\":\"Tour Travel And More\"},\"image\":{\"@id\":\"https:\/\/tourtravelandmore.com\/es\/#\/schema\/logo\/image\/\"},\"sameAs\":[\"https:\/\/www.facebook.com\/tourtravelandmore\/\",\"https:\/\/x.com\/TourTravel_More\"]}]}<\/script>\n<!-- \/ Yoast SEO Premium plugin. -->","yoast_head_json":{"title":"\u27a1\ufe0f Tour privado a Chich\u00e9n Itz\u00e1 con gu\u00eda oficial y veh\u00edculo privado | Tour Travel & More","description":"Disfruta al m\u00e1ximo tu estad\u00eda en Tulum y la Riviera Maya y ven con nosotros en este Tour Privado a Chich\u00e9n Itz\u00e1. Tour privado \u2705","robots":{"index":"index","follow":"follow","max-snippet":"max-snippet:-1","max-image-preview":"max-image-preview:large","max-video-preview":"max-video-preview:-1"},"canonical":"https:\/\/tourtravelandmore.com\/es\/tours\/mexico-es\/playa-carmen-es-es\/playa-carmen-actividades-es\/tour-privado-a-chichen-itza\/","og_locale":"es_ES","og_type":"article","og_title":"Tour privado a Chich\u00e9n Itz\u00e1","og_description":"Disfruta al m\u00e1ximo tu estad\u00eda en Tulum y la Riviera Maya y ven con nosotros en este Tour Privado a Chich\u00e9n Itz\u00e1. Tour privado \u2705","og_url":"https:\/\/tourtravelandmore.com\/es\/tours\/mexico-es\/playa-carmen-es-es\/playa-carmen-actividades-es\/tour-privado-a-chichen-itza\/","og_site_name":"Tour Travel And More","article_publisher":"https:\/\/www.facebook.com\/tourtravelandmore\/","article_modified_time":"2023-11-24T10:02:14+00:00","og_image":[{"width":2560,"height":1707,"url":"https:\/\/tourtravelandmore.com\/wp-content\/uploads\/2020\/12\/Chichen-Itza-2-scaled.jpg","type":"image\/jpeg"}],"twitter_card":"summary_large_image","twitter_site":"@TourTravel_More","twitter_misc":{"Tiempo de lectura":"2 minutos"},"schema":{"@context":"https:\/\/schema.org","@graph":[{"@type":"WebPage","@id":"https:\/\/tourtravelandmore.com\/es\/tours\/mexico-es\/playa-carmen-es-es\/playa-carmen-actividades-es\/tour-privado-a-chichen-itza\/","url":"https:\/\/tourtravelandmore.com\/es\/tours\/mexico-es\/playa-carmen-es-es\/playa-carmen-actividades-es\/tour-privado-a-chichen-itza\/","name":"\u27a1\ufe0f Tour privado a Chich\u00e9n Itz\u00e1 con gu\u00eda oficial y veh\u00edculo privado | Tour Travel & More","isPartOf":{"@id":"https:\/\/tourtravelandmore.com\/es\/#website"},"primaryImageOfPage":{"@id":"https:\/\/tourtravelandmore.com\/es\/tours\/mexico-es\/playa-carmen-es-es\/playa-carmen-actividades-es\/tour-privado-a-chichen-itza\/#primaryimage"},"image":{"@id":"https:\/\/tourtravelandmore.com\/es\/tours\/mexico-es\/playa-carmen-es-es\/playa-carmen-actividades-es\/tour-privado-a-chichen-itza\/#primaryimage"},"thumbnailUrl":"https:\/\/tourtravelandmore.com\/wp-content\/uploads\/2020\/12\/Chichen-Itza-2-scaled.jpg","datePublished":"2020-12-16T10:06:56+00:00","dateModified":"2023-11-24T10:02:14+00:00","description":"Disfruta al m\u00e1ximo tu estad\u00eda en Tulum y la Riviera Maya y ven con nosotros en este Tour Privado a Chich\u00e9n Itz\u00e1. Tour privado \u2705","breadcrumb":{"@id":"https:\/\/tourtravelandmore.com\/es\/tours\/mexico-es\/playa-carmen-es-es\/playa-carmen-actividades-es\/tour-privado-a-chichen-itza\/#breadcrumb"},"inLanguage":"es","potentialAction":[{"@type":"ReadAction","target":["https:\/\/tourtravelandmore.com\/es\/tours\/mexico-es\/playa-carmen-es-es\/playa-carmen-actividades-es\/tour-privado-a-chichen-itza\/"]}]},{"@type":"ImageObject","inLanguage":"es","@id":"https:\/\/tourtravelandmore.com\/es\/tours\/mexico-es\/playa-carmen-es-es\/playa-carmen-actividades-es\/tour-privado-a-chichen-itza\/#primaryimage","url":"https:\/\/tourtravelandmore.com\/wp-content\/uploads\/2020\/12\/Chichen-Itza-2-scaled.jpg","contentUrl":"https:\/\/tourtravelandmore.com\/wp-content\/uploads\/2020\/12\/Chichen-Itza-2-scaled.jpg","width":2560,"height":1707},{"@type":"BreadcrumbList","@id":"https:\/\/tourtravelandmore.com\/es\/tours\/mexico-es\/playa-carmen-es-es\/playa-carmen-actividades-es\/tour-privado-a-chichen-itza\/#breadcrumb","itemListElement":[{"@type":"ListItem","position":1,"name":"Home","item":"https:\/\/tourtravelandmore.com\/es\/"},{"@type":"ListItem","position":2,"name":"Tours","item":"https:\/\/tourtravelandmore.com\/es\/tours\/"},{"@type":"ListItem","position":3,"name":"Tour privado a Chich\u00e9n Itz\u00e1"}]},{"@type":"WebSite","@id":"https:\/\/tourtravelandmore.com\/es\/#website","url":"https:\/\/tourtravelandmore.com\/es\/","name":"Tour Travel And More","description":"Private sightseeing tours and luxury transfers in Spain","publisher":{"@id":"https:\/\/tourtravelandmore.com\/es\/#organization"},"potentialAction":[{"@type":"SearchAction","target":{"@type":"EntryPoint","urlTemplate":"https:\/\/tourtravelandmore.com\/es\/?s={search_term_string}"},"query-input":{"@type":"PropertyValueSpecification","valueRequired":true,"valueName":"search_term_string"}}],"inLanguage":"es"},{"@type":"Organization","@id":"https:\/\/tourtravelandmore.com\/es\/#organization","name":"Tour Travel And More","url":"https:\/\/tourtravelandmore.com\/es\/","logo":{"@type":"ImageObject","inLanguage":"es","@id":"https:\/\/tourtravelandmore.com\/es\/#\/schema\/logo\/image\/","url":"https:\/\/tourtravelandmore.com\/wp-content\/uploads\/2022\/12\/cropped-logo-cabecera-new.png","contentUrl":"https:\/\/tourtravelandmore.com\/wp-content\/uploads\/2022\/12\/cropped-logo-cabecera-new.png","width":430,"height":61,"caption":"Tour Travel And More"},"image":{"@id":"https:\/\/tourtravelandmore.com\/es\/#\/schema\/logo\/image\/"},"sameAs":["https:\/\/www.facebook.com\/tourtravelandmore\/","https:\/\/x.com\/TourTravel_More"]}]}},"_links":{"self":[{"href":"https:\/\/tourtravelandmore.com\/es\/wp-json\/wp\/v2\/product\/89822","targetHints":{"allow":["GET"]}}],"collection":[{"href":"https:\/\/tourtravelandmore.com\/es\/wp-json\/wp\/v2\/product"}],"about":[{"href":"https:\/\/tourtravelandmore.com\/es\/wp-json\/wp\/v2\/types\/product"}],"replies":[{"embeddable":true,"href":"https:\/\/tourtravelandmore.com\/es\/wp-json\/wp\/v2\/comments?post=89822"}],"wp:featuredmedia":[{"embeddable":true,"href":"https:\/\/tourtravelandmore.com\/es\/wp-json\/wp\/v2\/media\/89835"}],"wp:attachment":[{"href":"https:\/\/tourtravelandmore.com\/es\/wp-json\/wp\/v2\/media?parent=89822"}],"wp:term":[{"taxonomy":"product_brand","embeddable":true,"href":"https:\/\/tourtravelandmore.com\/es\/wp-json\/wp\/v2\/product_brand?post=89822"},{"taxonomy":"product_cat","embeddable":true,"href":"https:\/\/tourtravelandmore.com\/es\/wp-json\/wp\/v2\/product_cat?post=89822"},{"taxonomy":"product_tag","embeddable":true,"href":"https:\/\/tourtravelandmore.com\/es\/wp-json\/wp\/v2\/product_tag?post=89822"}],"curies":[{"name":"wp","href":"https:\/\/api.w.org\/{rel}","templated":true}]}}