{"id":8982,"date":"2016-11-07T19:10:25","date_gmt":"2016-11-08T10:41:23","guid":{"rendered":"http:\/\/tourtravelandmore.com\/es\/?post_type=product&#038;p=8982"},"modified":"2022-11-05T04:18:28","modified_gmt":"2022-11-05T03:18:28","slug":"tour-privado-valencia-desde-alicante-con-guia-oficial-y-vehiculo","status":"publish","type":"product","link":"https:\/\/tourtravelandmore.com\/es\/tours\/espana-es\/alicante-es\/tour-privado-valencia-desde-alicante-con-guia-oficial-y-vehiculo\/","title":{"rendered":"Tour Privado de Valencia desde Alicante"},"content":{"rendered":"<h2><strong>Descripci\u00f3n del Tour Privado de Valencia desde Alicante<\/strong><\/h2>\n<p><span lang=\"es\">En primer lugar, este tour privado Valencia desde Alicante, comenzar\u00e1 desde su hotel, puerto de cruceros o lugar de elecci\u00f3n en Alicante. Desde all\u00ed comenzaremos su Tour Privado Valencia desde Alicante.<\/span><\/p>\n<p>La duraci\u00f3n de este tour privado es de 8 horas. Podr\u00e1n escoger la hora y sitio de comienzo.<\/p>\n<p>Saldr\u00e1n desde Alicante con su veh\u00edculo privado con chofer, y nos dirigiremos a Valencia, d\u00f3nde esperar\u00e1 nuestro gu\u00eda oficial privado para realizar un tour de 4 horas de la ciudad.<\/p>\n<p><span lang=\"es\">Disfrute de este tour privado de d\u00eda completo con su gu\u00eda oficial y c\u00f3modamente en su veh\u00edculo privado de lujo con chofer para conocer los sitios m\u00e1s emblem\u00e1ticos de Valencia.<\/span><\/p>\n<h2>Puntos de inter\u00e9s en el Tour Privado de Valencia desde Alicante<\/h2>\n<p><span lang=\"es\">En primer lugar, le recogeremos desde su Hotel y nos dirigiremos hacia Valencia. Le llevaremos a conocer los lugares m\u00e1s emblem\u00e1ticos de Valencia. Conduciremos de forma segura hacia Valencia desde Alicante con nuestro veh\u00edculo privado de lujo y chofer. En Valencia esperar\u00e1 nuestro gu\u00eda para empezar un tour de la ciudad de 4 horas.<\/span><\/p>\n<p><span lang=\"es\">En segundo lugar, podremos disfrutar entre otros monumentos de los siguientes sitios. Adem\u00e1s, disfruta de los mejores sitios de Valencia junto a tu gu\u00eda tur\u00edstico oficial privado.<\/span><\/p>\n<ul>\n<li id=\"tw-target-text\" class=\"tw-data-text tw-text-large XcVN5d tw-ta\" dir=\"ltr\" data-placeholder=\"Traducci\u00f3n\"><strong><span lang=\"es\">Plaza de la virgen<\/span><\/strong><\/li>\n<li class=\"tw-data-text tw-text-large XcVN5d tw-ta\" dir=\"ltr\" data-placeholder=\"Traducci\u00f3n\"><strong><span lang=\"es\">La Valencia romana<\/span><\/strong><\/li>\n<li class=\"tw-data-text tw-text-large XcVN5d tw-ta\" dir=\"ltr\" data-placeholder=\"Traducci\u00f3n\"><strong><span lang=\"es\">Bas\u00edlica de la Virgen de los Desamparados<\/span><\/strong><\/li>\n<li class=\"tw-data-text tw-text-large XcVN5d tw-ta\" dir=\"ltr\" data-placeholder=\"Traducci\u00f3n\"><strong><span lang=\"es\">Catedral de Valencia<\/span><\/strong><\/li>\n<li class=\"tw-data-text tw-text-large XcVN5d tw-ta\" dir=\"ltr\" data-placeholder=\"Traducci\u00f3n\"><strong><span lang=\"es\">El Miguelete <\/span><\/strong><\/li>\n<li class=\"tw-data-text tw-text-large XcVN5d tw-ta\" dir=\"ltr\" data-placeholder=\"Traducci\u00f3n\"><strong><span lang=\"es\">Palacio de la Generalitat <\/span><\/strong><\/li>\n<li class=\"tw-data-text tw-text-large XcVN5d tw-ta\" dir=\"ltr\" data-placeholder=\"Traducci\u00f3n\"><strong><span lang=\"es\">Calle Caballeros <\/span><\/strong><\/li>\n<li class=\"tw-data-text tw-text-large XcVN5d tw-ta\" dir=\"ltr\" data-placeholder=\"Traducci\u00f3n\"><strong><span lang=\"es\">Mercado Central de Valencia<\/span><\/strong><\/li>\n<li class=\"tw-data-text tw-text-large XcVN5d tw-ta\" dir=\"ltr\" data-placeholder=\"Traducci\u00f3n\"><strong><span lang=\"es\">Plaza Redonda <\/span><\/strong><\/li>\n<li class=\"tw-data-text tw-text-large XcVN5d tw-ta\" dir=\"ltr\" data-placeholder=\"Traducci\u00f3n\"><strong><span lang=\"es\">Ciudad de las Artes de las Ciencias<\/span><\/strong><\/li>\n<li class=\"tw-data-text tw-text-large XcVN5d tw-ta\" dir=\"ltr\" data-placeholder=\"Traducci\u00f3n\"><strong><span lang=\"es\">La Lonja de la Seda <\/span><\/strong><\/li>\n<li class=\"tw-data-text tw-text-large XcVN5d tw-ta\" dir=\"ltr\" data-placeholder=\"Traducci\u00f3n\"><strong><span lang=\"es\">Santa catalina<\/span><\/strong><\/li>\n<li dir=\"ltr\" data-placeholder=\"Traducci\u00f3n\"><strong>Mucho m\u00e1s!<\/strong><\/li>\n<\/ul>\n<p>Si desea visitar la ciudad de las Artes de Valencia por dentro, podemos organizar la entrada sin colas ni tiempos de espera. Nos lo puede indicar en el formulario de contacto y nuestro equipo le enviar\u00e1 la informaci\u00f3n detallada.<\/p>\n<p>Una vez finalicemos su tour en Valencia, nos despediremos de su gu\u00eda oficial y volveremos con su veh\u00edculo con chofer a Alicante.<\/p>\n<p>Puede consultar <a href=\"https:\/\/tourtravelandmore.com\/es\/ciudad\/espana-es\/alicante-es\/\"><strong>aqu\u00ed<\/strong><\/a>, el resto de tours privados que ofrecemos en Alicante.<\/p>\n","protected":false},"excerpt":{"rendered":"<p>Descubre la ciudad de Valencia, gracias a este tour desde Alicante. Disfrutar\u00e1s de la ciudad junto a su gu\u00eda oficial y podr\u00e1 conocer la historia y los principales monumentos de la ciudad: Catedral, Ciudad de las Artes, Plaza de la Virgen, <span lang=\"es\">Bas\u00edlica de la Virgen de los Desamparados y mucho mas!<br \/>\n<\/span><\/p>\n<p>&nbsp;<\/p>\n","protected":false},"featured_media":59356,"comment_status":"open","ping_status":"closed","template":"","meta":{"_acf_changed":false},"product_brand":[],"product_cat":[309,310,311,312],"product_tag":[],"class_list":{"0":"post-8982","1":"product","2":"type-product","3":"status-publish","4":"has-post-thumbnail","6":"product_cat-alicante-es","7":"product_cat-alicante-actividades-es","8":"product_cat-alicante-rutas-turisticas-privadas-es","9":"product_cat-alicante-excursiones-es","11":"first","12":"instock","13":"shipping-taxable","14":"purchasable","15":"product-type-simple"},"acf":[],"yoast_head":"<!-- This site is optimized with the Yoast SEO Premium plugin v25.3.1 (Yoast SEO v25.3.1) - https:\/\/yoast.com\/wordpress\/plugins\/seo\/ -->\n<title>\u27a1\ufe0f Tour privado Valencia desde Alicante con gu\u00eda oficial y vehiculo | Tour Travel &amp; More<\/title>\n<meta name=\"description\" content=\"Disfruta de este tour privado Valencia desde Alicante con su gu\u00eda oficial y vehiculo con chofer. Conoce Valencia y la famosa ciudad de las Artes \u2705\" \/>\n<meta name=\"robots\" content=\"index, follow, max-snippet:-1, max-image-preview:large, max-video-preview:-1\" \/>\n<link rel=\"canonical\" href=\"https:\/\/tourtravelandmore.com\/es\/tours\/espana-es\/alicante-es\/tour-privado-valencia-desde-alicante-con-guia-oficial-y-vehiculo\/\" \/>\n<meta property=\"og:locale\" content=\"es_ES\" \/>\n<meta property=\"og:type\" content=\"article\" \/>\n<meta property=\"og:title\" content=\"Tour Privado de Valencia desde Alicante\" \/>\n<meta property=\"og:description\" content=\"Disfruta de este tour privado Valencia desde Alicante con su gu\u00eda oficial y vehiculo con chofer. Conoce Valencia y la famosa ciudad de las Artes \u2705\" \/>\n<meta property=\"og:url\" content=\"https:\/\/tourtravelandmore.com\/es\/tours\/espana-es\/alicante-es\/tour-privado-valencia-desde-alicante-con-guia-oficial-y-vehiculo\/\" \/>\n<meta property=\"og:site_name\" content=\"Tour Travel And More\" \/>\n<meta property=\"article:publisher\" content=\"https:\/\/www.facebook.com\/tourtravelandmore\/\" \/>\n<meta property=\"article:modified_time\" content=\"2022-11-05T03:18:28+00:00\" \/>\n<meta property=\"og:image\" content=\"https:\/\/tourtravelandmore.com\/wp-content\/uploads\/2016\/11\/Valencia-1.jpg\" \/>\n\t<meta property=\"og:image:width\" content=\"800\" \/>\n\t<meta property=\"og:image:height\" content=\"534\" \/>\n\t<meta property=\"og:image:type\" content=\"image\/jpeg\" \/>\n<meta name=\"twitter:card\" content=\"summary_large_image\" \/>\n<meta name=\"twitter:site\" content=\"@TourTravel_More\" \/>\n<meta name=\"twitter:label1\" content=\"Tiempo de lectura\" \/>\n\t<meta name=\"twitter:data1\" content=\"2 minutos\" \/>\n<script type=\"application\/ld+json\" class=\"yoast-schema-graph\">{\"@context\":\"https:\/\/schema.org\",\"@graph\":[{\"@type\":\"WebPage\",\"@id\":\"https:\/\/tourtravelandmore.com\/es\/tours\/espana-es\/alicante-es\/tour-privado-valencia-desde-alicante-con-guia-oficial-y-vehiculo\/\",\"url\":\"https:\/\/tourtravelandmore.com\/es\/tours\/espana-es\/alicante-es\/tour-privado-valencia-desde-alicante-con-guia-oficial-y-vehiculo\/\",\"name\":\"\u27a1\ufe0f Tour privado Valencia desde Alicante con gu\u00eda oficial y vehiculo | Tour Travel & More\",\"isPartOf\":{\"@id\":\"https:\/\/tourtravelandmore.com\/es\/#website\"},\"primaryImageOfPage\":{\"@id\":\"https:\/\/tourtravelandmore.com\/es\/tours\/espana-es\/alicante-es\/tour-privado-valencia-desde-alicante-con-guia-oficial-y-vehiculo\/#primaryimage\"},\"image\":{\"@id\":\"https:\/\/tourtravelandmore.com\/es\/tours\/espana-es\/alicante-es\/tour-privado-valencia-desde-alicante-con-guia-oficial-y-vehiculo\/#primaryimage\"},\"thumbnailUrl\":\"https:\/\/tourtravelandmore.com\/wp-content\/uploads\/2016\/11\/Valencia-1.jpg\",\"datePublished\":\"2016-11-08T10:41:23+00:00\",\"dateModified\":\"2022-11-05T03:18:28+00:00\",\"description\":\"Disfruta de este tour privado Valencia desde Alicante con su gu\u00eda oficial y vehiculo con chofer. Conoce Valencia y la famosa ciudad de las Artes \u2705\",\"breadcrumb\":{\"@id\":\"https:\/\/tourtravelandmore.com\/es\/tours\/espana-es\/alicante-es\/tour-privado-valencia-desde-alicante-con-guia-oficial-y-vehiculo\/#breadcrumb\"},\"inLanguage\":\"es\",\"potentialAction\":[{\"@type\":\"ReadAction\",\"target\":[\"https:\/\/tourtravelandmore.com\/es\/tours\/espana-es\/alicante-es\/tour-privado-valencia-desde-alicante-con-guia-oficial-y-vehiculo\/\"]}]},{\"@type\":\"ImageObject\",\"inLanguage\":\"es\",\"@id\":\"https:\/\/tourtravelandmore.com\/es\/tours\/espana-es\/alicante-es\/tour-privado-valencia-desde-alicante-con-guia-oficial-y-vehiculo\/#primaryimage\",\"url\":\"https:\/\/tourtravelandmore.com\/wp-content\/uploads\/2016\/11\/Valencia-1.jpg\",\"contentUrl\":\"https:\/\/tourtravelandmore.com\/wp-content\/uploads\/2016\/11\/Valencia-1.jpg\",\"width\":800,\"height\":534},{\"@type\":\"BreadcrumbList\",\"@id\":\"https:\/\/tourtravelandmore.com\/es\/tours\/espana-es\/alicante-es\/tour-privado-valencia-desde-alicante-con-guia-oficial-y-vehiculo\/#breadcrumb\",\"itemListElement\":[{\"@type\":\"ListItem\",\"position\":1,\"name\":\"Home\",\"item\":\"https:\/\/tourtravelandmore.com\/es\/\"},{\"@type\":\"ListItem\",\"position\":2,\"name\":\"Tours\",\"item\":\"https:\/\/tourtravelandmore.com\/es\/tours\/\"},{\"@type\":\"ListItem\",\"position\":3,\"name\":\"Tour Privado de Valencia desde Alicante\"}]},{\"@type\":\"WebSite\",\"@id\":\"https:\/\/tourtravelandmore.com\/es\/#website\",\"url\":\"https:\/\/tourtravelandmore.com\/es\/\",\"name\":\"Tour Travel And More\",\"description\":\"Private sightseeing tours and luxury transfers in Spain\",\"publisher\":{\"@id\":\"https:\/\/tourtravelandmore.com\/es\/#organization\"},\"potentialAction\":[{\"@type\":\"SearchAction\",\"target\":{\"@type\":\"EntryPoint\",\"urlTemplate\":\"https:\/\/tourtravelandmore.com\/es\/?s={search_term_string}\"},\"query-input\":{\"@type\":\"PropertyValueSpecification\",\"valueRequired\":true,\"valueName\":\"search_term_string\"}}],\"inLanguage\":\"es\"},{\"@type\":\"Organization\",\"@id\":\"https:\/\/tourtravelandmore.com\/es\/#organization\",\"name\":\"Tour Travel And More\",\"url\":\"https:\/\/tourtravelandmore.com\/es\/\",\"logo\":{\"@type\":\"ImageObject\",\"inLanguage\":\"es\",\"@id\":\"https:\/\/tourtravelandmore.com\/es\/#\/schema\/logo\/image\/\",\"url\":\"https:\/\/tourtravelandmore.com\/wp-content\/uploads\/2022\/12\/cropped-logo-cabecera-new.png\",\"contentUrl\":\"https:\/\/tourtravelandmore.com\/wp-content\/uploads\/2022\/12\/cropped-logo-cabecera-new.png\",\"width\":430,\"height\":61,\"caption\":\"Tour Travel And More\"},\"image\":{\"@id\":\"https:\/\/tourtravelandmore.com\/es\/#\/schema\/logo\/image\/\"},\"sameAs\":[\"https:\/\/www.facebook.com\/tourtravelandmore\/\",\"https:\/\/x.com\/TourTravel_More\"]}]}<\/script>\n<!-- \/ Yoast SEO Premium plugin. -->","yoast_head_json":{"title":"\u27a1\ufe0f Tour privado Valencia desde Alicante con gu\u00eda oficial y vehiculo | Tour Travel & More","description":"Disfruta de este tour privado Valencia desde Alicante con su gu\u00eda oficial y vehiculo con chofer. Conoce Valencia y la famosa ciudad de las Artes \u2705","robots":{"index":"index","follow":"follow","max-snippet":"max-snippet:-1","max-image-preview":"max-image-preview:large","max-video-preview":"max-video-preview:-1"},"canonical":"https:\/\/tourtravelandmore.com\/es\/tours\/espana-es\/alicante-es\/tour-privado-valencia-desde-alicante-con-guia-oficial-y-vehiculo\/","og_locale":"es_ES","og_type":"article","og_title":"Tour Privado de Valencia desde Alicante","og_description":"Disfruta de este tour privado Valencia desde Alicante con su gu\u00eda oficial y vehiculo con chofer. Conoce Valencia y la famosa ciudad de las Artes \u2705","og_url":"https:\/\/tourtravelandmore.com\/es\/tours\/espana-es\/alicante-es\/tour-privado-valencia-desde-alicante-con-guia-oficial-y-vehiculo\/","og_site_name":"Tour Travel And More","article_publisher":"https:\/\/www.facebook.com\/tourtravelandmore\/","article_modified_time":"2022-11-05T03:18:28+00:00","og_image":[{"width":800,"height":534,"url":"https:\/\/tourtravelandmore.com\/wp-content\/uploads\/2016\/11\/Valencia-1.jpg","type":"image\/jpeg"}],"twitter_card":"summary_large_image","twitter_site":"@TourTravel_More","twitter_misc":{"Tiempo de lectura":"2 minutos"},"schema":{"@context":"https:\/\/schema.org","@graph":[{"@type":"WebPage","@id":"https:\/\/tourtravelandmore.com\/es\/tours\/espana-es\/alicante-es\/tour-privado-valencia-desde-alicante-con-guia-oficial-y-vehiculo\/","url":"https:\/\/tourtravelandmore.com\/es\/tours\/espana-es\/alicante-es\/tour-privado-valencia-desde-alicante-con-guia-oficial-y-vehiculo\/","name":"\u27a1\ufe0f Tour privado Valencia desde Alicante con gu\u00eda oficial y vehiculo | Tour Travel & More","isPartOf":{"@id":"https:\/\/tourtravelandmore.com\/es\/#website"},"primaryImageOfPage":{"@id":"https:\/\/tourtravelandmore.com\/es\/tours\/espana-es\/alicante-es\/tour-privado-valencia-desde-alicante-con-guia-oficial-y-vehiculo\/#primaryimage"},"image":{"@id":"https:\/\/tourtravelandmore.com\/es\/tours\/espana-es\/alicante-es\/tour-privado-valencia-desde-alicante-con-guia-oficial-y-vehiculo\/#primaryimage"},"thumbnailUrl":"https:\/\/tourtravelandmore.com\/wp-content\/uploads\/2016\/11\/Valencia-1.jpg","datePublished":"2016-11-08T10:41:23+00:00","dateModified":"2022-11-05T03:18:28+00:00","description":"Disfruta de este tour privado Valencia desde Alicante con su gu\u00eda oficial y vehiculo con chofer. Conoce Valencia y la famosa ciudad de las Artes \u2705","breadcrumb":{"@id":"https:\/\/tourtravelandmore.com\/es\/tours\/espana-es\/alicante-es\/tour-privado-valencia-desde-alicante-con-guia-oficial-y-vehiculo\/#breadcrumb"},"inLanguage":"es","potentialAction":[{"@type":"ReadAction","target":["https:\/\/tourtravelandmore.com\/es\/tours\/espana-es\/alicante-es\/tour-privado-valencia-desde-alicante-con-guia-oficial-y-vehiculo\/"]}]},{"@type":"ImageObject","inLanguage":"es","@id":"https:\/\/tourtravelandmore.com\/es\/tours\/espana-es\/alicante-es\/tour-privado-valencia-desde-alicante-con-guia-oficial-y-vehiculo\/#primaryimage","url":"https:\/\/tourtravelandmore.com\/wp-content\/uploads\/2016\/11\/Valencia-1.jpg","contentUrl":"https:\/\/tourtravelandmore.com\/wp-content\/uploads\/2016\/11\/Valencia-1.jpg","width":800,"height":534},{"@type":"BreadcrumbList","@id":"https:\/\/tourtravelandmore.com\/es\/tours\/espana-es\/alicante-es\/tour-privado-valencia-desde-alicante-con-guia-oficial-y-vehiculo\/#breadcrumb","itemListElement":[{"@type":"ListItem","position":1,"name":"Home","item":"https:\/\/tourtravelandmore.com\/es\/"},{"@type":"ListItem","position":2,"name":"Tours","item":"https:\/\/tourtravelandmore.com\/es\/tours\/"},{"@type":"ListItem","position":3,"name":"Tour Privado de Valencia desde Alicante"}]},{"@type":"WebSite","@id":"https:\/\/tourtravelandmore.com\/es\/#website","url":"https:\/\/tourtravelandmore.com\/es\/","name":"Tour Travel And More","description":"Private sightseeing tours and luxury transfers in Spain","publisher":{"@id":"https:\/\/tourtravelandmore.com\/es\/#organization"},"potentialAction":[{"@type":"SearchAction","target":{"@type":"EntryPoint","urlTemplate":"https:\/\/tourtravelandmore.com\/es\/?s={search_term_string}"},"query-input":{"@type":"PropertyValueSpecification","valueRequired":true,"valueName":"search_term_string"}}],"inLanguage":"es"},{"@type":"Organization","@id":"https:\/\/tourtravelandmore.com\/es\/#organization","name":"Tour Travel And More","url":"https:\/\/tourtravelandmore.com\/es\/","logo":{"@type":"ImageObject","inLanguage":"es","@id":"https:\/\/tourtravelandmore.com\/es\/#\/schema\/logo\/image\/","url":"https:\/\/tourtravelandmore.com\/wp-content\/uploads\/2022\/12\/cropped-logo-cabecera-new.png","contentUrl":"https:\/\/tourtravelandmore.com\/wp-content\/uploads\/2022\/12\/cropped-logo-cabecera-new.png","width":430,"height":61,"caption":"Tour Travel And More"},"image":{"@id":"https:\/\/tourtravelandmore.com\/es\/#\/schema\/logo\/image\/"},"sameAs":["https:\/\/www.facebook.com\/tourtravelandmore\/","https:\/\/x.com\/TourTravel_More"]}]}},"_links":{"self":[{"href":"https:\/\/tourtravelandmore.com\/es\/wp-json\/wp\/v2\/product\/8982","targetHints":{"allow":["GET"]}}],"collection":[{"href":"https:\/\/tourtravelandmore.com\/es\/wp-json\/wp\/v2\/product"}],"about":[{"href":"https:\/\/tourtravelandmore.com\/es\/wp-json\/wp\/v2\/types\/product"}],"replies":[{"embeddable":true,"href":"https:\/\/tourtravelandmore.com\/es\/wp-json\/wp\/v2\/comments?post=8982"}],"wp:featuredmedia":[{"embeddable":true,"href":"https:\/\/tourtravelandmore.com\/es\/wp-json\/wp\/v2\/media\/59356"}],"wp:attachment":[{"href":"https:\/\/tourtravelandmore.com\/es\/wp-json\/wp\/v2\/media?parent=8982"}],"wp:term":[{"taxonomy":"product_brand","embeddable":true,"href":"https:\/\/tourtravelandmore.com\/es\/wp-json\/wp\/v2\/product_brand?post=8982"},{"taxonomy":"product_cat","embeddable":true,"href":"https:\/\/tourtravelandmore.com\/es\/wp-json\/wp\/v2\/product_cat?post=8982"},{"taxonomy":"product_tag","embeddable":true,"href":"https:\/\/tourtravelandmore.com\/es\/wp-json\/wp\/v2\/product_tag?post=8982"}],"curies":[{"name":"wp","href":"https:\/\/api.w.org\/{rel}","templated":true}]}}