{"id":89805,"date":"2020-12-16T10:59:11","date_gmt":"2020-12-16T09:59:13","guid":{"rendered":"https:\/\/tourtravelandmore.com\/?post_type=product&#038;p=89805"},"modified":"2023-11-24T11:01:18","modified_gmt":"2023-11-24T10:01:18","slug":"tour-privado-de-tulum","status":"publish","type":"product","link":"https:\/\/tourtravelandmore.com\/es\/tours\/mexico-es\/playa-carmen-es-es\/playa-carmen-actividades-es\/tour-privado-de-tulum\/","title":{"rendered":"Tour privado de Tulum"},"content":{"rendered":"<h2 id=\"tw-target-text\" class=\"tw-data-text tw-text-large XcVN5d tw-ta\" dir=\"ltr\" data-placeholder=\"Traducci\u00f3n\"><span lang=\"es\">Tour privado de Tulum Descripci\u00f3n<\/span><\/h2>\n<p>Tulum es verdaderamente un lugar \u00fanico para visitar. Es el sitio de una ciudad amurallada maya precolombina. Puedes encontrar las incre\u00edbles ruinas en un acantilado de 12 metros de altura en la Pen\u00ednsula de Yucut\u00e1n.<\/p>\n<p>Cuando visite el Caribe y especialmente Tulum, Playa del Carmen o Canc\u00fan, debe tomarse un tiempo en su relajante agenda para disfrutar de una visita a Tulum. Nuestro tour privado lo llevar\u00e1 a Tulum, una de las \u00faltimas ciudades construidas y que fue habitada por los mayas.<\/p>\n<p>\u00a1Tulum tiene una arquitectura t\u00edpica y te ayudaremos a disfrutar lo mejor de este sitio \u00fanico!<\/p>\n<p>Organizaremos una recogida privada para usted en el lugar que elija. Esto puede ser Canc\u00fan, Playa del Carmen o incluso Tulum. Solo h\u00e1ganos saber d\u00f3nde pasar\u00e1 sus relajantes vacaciones y estaremos all\u00ed para llevarlo en este tour privado de Tulum.<\/p>\n<p>A continuaci\u00f3n se muestra un ejemplo de un tour privado de 4 horas. Podemos organizar una experiencia personalizada para su viaje en Tulum.<\/p>\n<h2>Tour privado de Tulum | Puntos emblem\u00e1ticos y de inter\u00e9s<\/h2>\n<p>Luego de un c\u00f3modo recojo, nos dirigiremos hacia Tulum y la parte hist\u00f3rica de la ciudad. Disfruta de las impresionantes vistas que se pueden contemplar desde la cima de Tulum.<\/p>\n<p>Esta es una maravillosa experiencia de un d\u00eda para disfrutar de las partes hist\u00f3ricas de Tulum y la Pen\u00ednsula de Yucutan. \u00c9stos son la arquitectura t\u00edpica de los sitios mayas.<\/p>\n<p>Entre otros, disfrute de estos sitios siguientes:<\/p>\n<ul>\n<li><strong>Muralla de Tulum: Por un lado la ciudad estaba protegida con escarpados acantilados y por el otro la muralla que rondaba los 3-5 metros de altura.<\/strong><\/li>\n<li><strong>Templo de los Frescos. Esto se us\u00f3 como un observatorio para rastrear los movimientos del sol.<\/strong><\/li>\n<li><strong>Templo del Dios Descendente. Se trata de una habitaci\u00f3n individual con puerta al oeste y tambi\u00e9n una escalera que se construy\u00f3 sobre otro templo existente. Esto le sirvi\u00f3 de base.<\/strong><\/li>\n<li><strong>El Castillo<\/strong><\/li>\n<\/ul>\n<p>Una vez que hayamos terminado de disfrutar de estos sitios \u00fanicos, lo llevaremos de regreso a su hotel o lugar de elecci\u00f3n en la Riviera Maya.<\/p>\n<p>Vea todos nuestros otros tours privados en M\u00e9xico y tambi\u00e9n en todo el mundo. Nuestros expertos en viajes est\u00e1n aqu\u00ed para hacer que su experiencia sea memorable.<\/p>\n","protected":false},"excerpt":{"rendered":"<p>Disfruta al m\u00e1ximo tu estad\u00eda en Tulum y la Riviera Maya y ven con nosotros en este Tour Privado a Tulum.<\/p>\n","protected":false},"featured_media":89792,"comment_status":"open","ping_status":"closed","template":"","meta":{"_acf_changed":false},"product_brand":[],"product_cat":[3203,3332,3335,3338,3344,3347,3350,3321,3356,3359,1602],"product_tag":[],"class_list":{"0":"post-89805","1":"product","2":"type-product","3":"status-publish","4":"has-post-thumbnail","6":"product_cat-mexico-es","7":"product_cat-cancun-es","8":"product_cat-cancun-actividades-es","9":"product_cat-cancun-tours-es","10":"product_cat-playa-carmen-es-es","11":"product_cat-playa-carmen-actividades-es","12":"product_cat-playa-carmen-tours-es","13":"product_cat-tulum-es","14":"product_cat-tulum-actividades-es","15":"product_cat-tulum-tours-es","16":"product_cat-eeuu-es","18":"first","19":"instock","20":"shipping-taxable","21":"purchasable","22":"product-type-simple"},"acf":[],"yoast_head":"<!-- This site is optimized with the Yoast SEO Premium plugin v25.3.1 (Yoast SEO v25.3.1) - https:\/\/yoast.com\/wordpress\/plugins\/seo\/ -->\n<title>\u27a1\ufe0f Tour privado a Tulum con gu\u00eda oficial y veh\u00edculo privado | Tour Travel &amp; More<\/title>\n<meta name=\"description\" content=\"Disfruta al m\u00e1ximo tu estad\u00eda en Tulum y la Riviera Maya y ven con nosotros en este Tour Privado Tulum. Tour privado \u2705\" \/>\n<meta name=\"robots\" content=\"index, follow, max-snippet:-1, max-image-preview:large, max-video-preview:-1\" \/>\n<link rel=\"canonical\" href=\"https:\/\/tourtravelandmore.com\/es\/tours\/mexico-es\/playa-carmen-es-es\/playa-carmen-actividades-es\/tour-privado-de-tulum\/\" \/>\n<meta property=\"og:locale\" content=\"es_ES\" \/>\n<meta property=\"og:type\" content=\"article\" \/>\n<meta property=\"og:title\" content=\"Tour privado de Tulum\" \/>\n<meta property=\"og:description\" content=\"Disfruta al m\u00e1ximo tu estad\u00eda en Tulum y la Riviera Maya y ven con nosotros en este Tour Privado Tulum. Tour privado \u2705\" \/>\n<meta property=\"og:url\" content=\"https:\/\/tourtravelandmore.com\/es\/tours\/mexico-es\/playa-carmen-es-es\/playa-carmen-actividades-es\/tour-privado-de-tulum\/\" \/>\n<meta property=\"og:site_name\" content=\"Tour Travel And More\" \/>\n<meta property=\"article:publisher\" content=\"https:\/\/www.facebook.com\/tourtravelandmore\/\" \/>\n<meta property=\"article:modified_time\" content=\"2023-11-24T10:01:18+00:00\" \/>\n<meta property=\"og:image\" content=\"https:\/\/tourtravelandmore.com\/wp-content\/uploads\/2020\/12\/Tulum-5-scaled.jpg\" \/>\n\t<meta property=\"og:image:width\" content=\"2560\" \/>\n\t<meta property=\"og:image:height\" content=\"1710\" \/>\n\t<meta property=\"og:image:type\" content=\"image\/jpeg\" \/>\n<meta name=\"twitter:card\" content=\"summary_large_image\" \/>\n<meta name=\"twitter:site\" content=\"@TourTravel_More\" \/>\n<meta name=\"twitter:label1\" content=\"Tiempo de lectura\" \/>\n\t<meta name=\"twitter:data1\" content=\"2 minutos\" \/>\n<script type=\"application\/ld+json\" class=\"yoast-schema-graph\">{\"@context\":\"https:\/\/schema.org\",\"@graph\":[{\"@type\":\"WebPage\",\"@id\":\"https:\/\/tourtravelandmore.com\/es\/tours\/mexico-es\/playa-carmen-es-es\/playa-carmen-actividades-es\/tour-privado-de-tulum\/\",\"url\":\"https:\/\/tourtravelandmore.com\/es\/tours\/mexico-es\/playa-carmen-es-es\/playa-carmen-actividades-es\/tour-privado-de-tulum\/\",\"name\":\"\u27a1\ufe0f Tour privado a Tulum con gu\u00eda oficial y veh\u00edculo privado | Tour Travel & More\",\"isPartOf\":{\"@id\":\"https:\/\/tourtravelandmore.com\/es\/#website\"},\"primaryImageOfPage\":{\"@id\":\"https:\/\/tourtravelandmore.com\/es\/tours\/mexico-es\/playa-carmen-es-es\/playa-carmen-actividades-es\/tour-privado-de-tulum\/#primaryimage\"},\"image\":{\"@id\":\"https:\/\/tourtravelandmore.com\/es\/tours\/mexico-es\/playa-carmen-es-es\/playa-carmen-actividades-es\/tour-privado-de-tulum\/#primaryimage\"},\"thumbnailUrl\":\"https:\/\/tourtravelandmore.com\/wp-content\/uploads\/2020\/12\/Tulum-5-scaled.jpg\",\"datePublished\":\"2020-12-16T09:59:13+00:00\",\"dateModified\":\"2023-11-24T10:01:18+00:00\",\"description\":\"Disfruta al m\u00e1ximo tu estad\u00eda en Tulum y la Riviera Maya y ven con nosotros en este Tour Privado Tulum. Tour privado \u2705\",\"breadcrumb\":{\"@id\":\"https:\/\/tourtravelandmore.com\/es\/tours\/mexico-es\/playa-carmen-es-es\/playa-carmen-actividades-es\/tour-privado-de-tulum\/#breadcrumb\"},\"inLanguage\":\"es\",\"potentialAction\":[{\"@type\":\"ReadAction\",\"target\":[\"https:\/\/tourtravelandmore.com\/es\/tours\/mexico-es\/playa-carmen-es-es\/playa-carmen-actividades-es\/tour-privado-de-tulum\/\"]}]},{\"@type\":\"ImageObject\",\"inLanguage\":\"es\",\"@id\":\"https:\/\/tourtravelandmore.com\/es\/tours\/mexico-es\/playa-carmen-es-es\/playa-carmen-actividades-es\/tour-privado-de-tulum\/#primaryimage\",\"url\":\"https:\/\/tourtravelandmore.com\/wp-content\/uploads\/2020\/12\/Tulum-5-scaled.jpg\",\"contentUrl\":\"https:\/\/tourtravelandmore.com\/wp-content\/uploads\/2020\/12\/Tulum-5-scaled.jpg\",\"width\":2560,\"height\":1710},{\"@type\":\"BreadcrumbList\",\"@id\":\"https:\/\/tourtravelandmore.com\/es\/tours\/mexico-es\/playa-carmen-es-es\/playa-carmen-actividades-es\/tour-privado-de-tulum\/#breadcrumb\",\"itemListElement\":[{\"@type\":\"ListItem\",\"position\":1,\"name\":\"Home\",\"item\":\"https:\/\/tourtravelandmore.com\/es\/\"},{\"@type\":\"ListItem\",\"position\":2,\"name\":\"Tours\",\"item\":\"https:\/\/tourtravelandmore.com\/es\/tours\/\"},{\"@type\":\"ListItem\",\"position\":3,\"name\":\"Tour privado de Tulum\"}]},{\"@type\":\"WebSite\",\"@id\":\"https:\/\/tourtravelandmore.com\/es\/#website\",\"url\":\"https:\/\/tourtravelandmore.com\/es\/\",\"name\":\"Tour Travel And More\",\"description\":\"Private sightseeing tours and luxury transfers in Spain\",\"publisher\":{\"@id\":\"https:\/\/tourtravelandmore.com\/es\/#organization\"},\"potentialAction\":[{\"@type\":\"SearchAction\",\"target\":{\"@type\":\"EntryPoint\",\"urlTemplate\":\"https:\/\/tourtravelandmore.com\/es\/?s={search_term_string}\"},\"query-input\":{\"@type\":\"PropertyValueSpecification\",\"valueRequired\":true,\"valueName\":\"search_term_string\"}}],\"inLanguage\":\"es\"},{\"@type\":\"Organization\",\"@id\":\"https:\/\/tourtravelandmore.com\/es\/#organization\",\"name\":\"Tour Travel And More\",\"url\":\"https:\/\/tourtravelandmore.com\/es\/\",\"logo\":{\"@type\":\"ImageObject\",\"inLanguage\":\"es\",\"@id\":\"https:\/\/tourtravelandmore.com\/es\/#\/schema\/logo\/image\/\",\"url\":\"https:\/\/tourtravelandmore.com\/wp-content\/uploads\/2022\/12\/cropped-logo-cabecera-new.png\",\"contentUrl\":\"https:\/\/tourtravelandmore.com\/wp-content\/uploads\/2022\/12\/cropped-logo-cabecera-new.png\",\"width\":430,\"height\":61,\"caption\":\"Tour Travel And More\"},\"image\":{\"@id\":\"https:\/\/tourtravelandmore.com\/es\/#\/schema\/logo\/image\/\"},\"sameAs\":[\"https:\/\/www.facebook.com\/tourtravelandmore\/\",\"https:\/\/x.com\/TourTravel_More\"]}]}<\/script>\n<!-- \/ Yoast SEO Premium plugin. -->","yoast_head_json":{"title":"\u27a1\ufe0f Tour privado a Tulum con gu\u00eda oficial y veh\u00edculo privado | Tour Travel & More","description":"Disfruta al m\u00e1ximo tu estad\u00eda en Tulum y la Riviera Maya y ven con nosotros en este Tour Privado Tulum. Tour privado \u2705","robots":{"index":"index","follow":"follow","max-snippet":"max-snippet:-1","max-image-preview":"max-image-preview:large","max-video-preview":"max-video-preview:-1"},"canonical":"https:\/\/tourtravelandmore.com\/es\/tours\/mexico-es\/playa-carmen-es-es\/playa-carmen-actividades-es\/tour-privado-de-tulum\/","og_locale":"es_ES","og_type":"article","og_title":"Tour privado de Tulum","og_description":"Disfruta al m\u00e1ximo tu estad\u00eda en Tulum y la Riviera Maya y ven con nosotros en este Tour Privado Tulum. Tour privado \u2705","og_url":"https:\/\/tourtravelandmore.com\/es\/tours\/mexico-es\/playa-carmen-es-es\/playa-carmen-actividades-es\/tour-privado-de-tulum\/","og_site_name":"Tour Travel And More","article_publisher":"https:\/\/www.facebook.com\/tourtravelandmore\/","article_modified_time":"2023-11-24T10:01:18+00:00","og_image":[{"width":2560,"height":1710,"url":"https:\/\/tourtravelandmore.com\/wp-content\/uploads\/2020\/12\/Tulum-5-scaled.jpg","type":"image\/jpeg"}],"twitter_card":"summary_large_image","twitter_site":"@TourTravel_More","twitter_misc":{"Tiempo de lectura":"2 minutos"},"schema":{"@context":"https:\/\/schema.org","@graph":[{"@type":"WebPage","@id":"https:\/\/tourtravelandmore.com\/es\/tours\/mexico-es\/playa-carmen-es-es\/playa-carmen-actividades-es\/tour-privado-de-tulum\/","url":"https:\/\/tourtravelandmore.com\/es\/tours\/mexico-es\/playa-carmen-es-es\/playa-carmen-actividades-es\/tour-privado-de-tulum\/","name":"\u27a1\ufe0f Tour privado a Tulum con gu\u00eda oficial y veh\u00edculo privado | Tour Travel & More","isPartOf":{"@id":"https:\/\/tourtravelandmore.com\/es\/#website"},"primaryImageOfPage":{"@id":"https:\/\/tourtravelandmore.com\/es\/tours\/mexico-es\/playa-carmen-es-es\/playa-carmen-actividades-es\/tour-privado-de-tulum\/#primaryimage"},"image":{"@id":"https:\/\/tourtravelandmore.com\/es\/tours\/mexico-es\/playa-carmen-es-es\/playa-carmen-actividades-es\/tour-privado-de-tulum\/#primaryimage"},"thumbnailUrl":"https:\/\/tourtravelandmore.com\/wp-content\/uploads\/2020\/12\/Tulum-5-scaled.jpg","datePublished":"2020-12-16T09:59:13+00:00","dateModified":"2023-11-24T10:01:18+00:00","description":"Disfruta al m\u00e1ximo tu estad\u00eda en Tulum y la Riviera Maya y ven con nosotros en este Tour Privado Tulum. Tour privado \u2705","breadcrumb":{"@id":"https:\/\/tourtravelandmore.com\/es\/tours\/mexico-es\/playa-carmen-es-es\/playa-carmen-actividades-es\/tour-privado-de-tulum\/#breadcrumb"},"inLanguage":"es","potentialAction":[{"@type":"ReadAction","target":["https:\/\/tourtravelandmore.com\/es\/tours\/mexico-es\/playa-carmen-es-es\/playa-carmen-actividades-es\/tour-privado-de-tulum\/"]}]},{"@type":"ImageObject","inLanguage":"es","@id":"https:\/\/tourtravelandmore.com\/es\/tours\/mexico-es\/playa-carmen-es-es\/playa-carmen-actividades-es\/tour-privado-de-tulum\/#primaryimage","url":"https:\/\/tourtravelandmore.com\/wp-content\/uploads\/2020\/12\/Tulum-5-scaled.jpg","contentUrl":"https:\/\/tourtravelandmore.com\/wp-content\/uploads\/2020\/12\/Tulum-5-scaled.jpg","width":2560,"height":1710},{"@type":"BreadcrumbList","@id":"https:\/\/tourtravelandmore.com\/es\/tours\/mexico-es\/playa-carmen-es-es\/playa-carmen-actividades-es\/tour-privado-de-tulum\/#breadcrumb","itemListElement":[{"@type":"ListItem","position":1,"name":"Home","item":"https:\/\/tourtravelandmore.com\/es\/"},{"@type":"ListItem","position":2,"name":"Tours","item":"https:\/\/tourtravelandmore.com\/es\/tours\/"},{"@type":"ListItem","position":3,"name":"Tour privado de Tulum"}]},{"@type":"WebSite","@id":"https:\/\/tourtravelandmore.com\/es\/#website","url":"https:\/\/tourtravelandmore.com\/es\/","name":"Tour Travel And More","description":"Private sightseeing tours and luxury transfers in Spain","publisher":{"@id":"https:\/\/tourtravelandmore.com\/es\/#organization"},"potentialAction":[{"@type":"SearchAction","target":{"@type":"EntryPoint","urlTemplate":"https:\/\/tourtravelandmore.com\/es\/?s={search_term_string}"},"query-input":{"@type":"PropertyValueSpecification","valueRequired":true,"valueName":"search_term_string"}}],"inLanguage":"es"},{"@type":"Organization","@id":"https:\/\/tourtravelandmore.com\/es\/#organization","name":"Tour Travel And More","url":"https:\/\/tourtravelandmore.com\/es\/","logo":{"@type":"ImageObject","inLanguage":"es","@id":"https:\/\/tourtravelandmore.com\/es\/#\/schema\/logo\/image\/","url":"https:\/\/tourtravelandmore.com\/wp-content\/uploads\/2022\/12\/cropped-logo-cabecera-new.png","contentUrl":"https:\/\/tourtravelandmore.com\/wp-content\/uploads\/2022\/12\/cropped-logo-cabecera-new.png","width":430,"height":61,"caption":"Tour Travel And More"},"image":{"@id":"https:\/\/tourtravelandmore.com\/es\/#\/schema\/logo\/image\/"},"sameAs":["https:\/\/www.facebook.com\/tourtravelandmore\/","https:\/\/x.com\/TourTravel_More"]}]}},"_links":{"self":[{"href":"https:\/\/tourtravelandmore.com\/es\/wp-json\/wp\/v2\/product\/89805","targetHints":{"allow":["GET"]}}],"collection":[{"href":"https:\/\/tourtravelandmore.com\/es\/wp-json\/wp\/v2\/product"}],"about":[{"href":"https:\/\/tourtravelandmore.com\/es\/wp-json\/wp\/v2\/types\/product"}],"replies":[{"embeddable":true,"href":"https:\/\/tourtravelandmore.com\/es\/wp-json\/wp\/v2\/comments?post=89805"}],"wp:featuredmedia":[{"embeddable":true,"href":"https:\/\/tourtravelandmore.com\/es\/wp-json\/wp\/v2\/media\/89792"}],"wp:attachment":[{"href":"https:\/\/tourtravelandmore.com\/es\/wp-json\/wp\/v2\/media?parent=89805"}],"wp:term":[{"taxonomy":"product_brand","embeddable":true,"href":"https:\/\/tourtravelandmore.com\/es\/wp-json\/wp\/v2\/product_brand?post=89805"},{"taxonomy":"product_cat","embeddable":true,"href":"https:\/\/tourtravelandmore.com\/es\/wp-json\/wp\/v2\/product_cat?post=89805"},{"taxonomy":"product_tag","embeddable":true,"href":"https:\/\/tourtravelandmore.com\/es\/wp-json\/wp\/v2\/product_tag?post=89805"}],"curies":[{"name":"wp","href":"https:\/\/api.w.org\/{rel}","templated":true}]}}