{"id":89767,"date":"2020-12-16T10:47:29","date_gmt":"2020-12-16T09:47:31","guid":{"rendered":"https:\/\/tourtravelandmore.com\/?post_type=product&#038;p=89767"},"modified":"2023-11-24T11:03:18","modified_gmt":"2023-11-24T10:03:18","slug":"tour-privado-tulum-y-xel-ha","status":"publish","type":"product","link":"https:\/\/tourtravelandmore.com\/es\/tours\/mexico-es\/playa-carmen-es-es\/playa-carmen-actividades-es\/tour-privado-tulum-y-xel-ha\/","title":{"rendered":"Tour privado Tulum y Xel-H\u00e1"},"content":{"rendered":"<h2 id=\"tw-target-text\" class=\"tw-data-text tw-text-large XcVN5d tw-ta\" dir=\"ltr\" data-placeholder=\"Traducci\u00f3n\"><span lang=\"es\">Descripci\u00f3n del Tour privado Tulum y Xel-H\u00e1<\/span><\/h2>\n<p>Cuando visite la Riviera Maya, realice nuestra excursi\u00f3n de un d\u00eda para visitar Tulum y Xel-H\u00e1. Xel-H\u00e1 es un gran parque. Tulum es una incre\u00edble ciudad amurallada de los mayas.<\/p>\n<p>Ni siquiera est\u00e1n a 13 kil\u00f3metros el uno del otro. \u00a1Es una gran experiencia para toda la familia! Disfrute de un d\u00eda explorando sitios hist\u00f3ricos y disfrute de un d\u00eda divertido en el parque Xel Ha.<\/p>\n<p>Sabemos que la mayor\u00eda de la gente va al Caribe y la Riviera Maya para relajarse y disfrutar de las hermosas playas, pero recomendamos tomarse un d\u00eda de descanso para disfrutar de lo mejor de la arquitectura de Tulum y divertirse en Xel-H\u00e1.<\/p>\n<p>Informe a nuestros expertos en viajes d\u00f3nde se encuentra y organizaremos un servicio de recogida en su hotel o lugar de elecci\u00f3n en la Riviera Maya. Por supuesto, esto puede ser Canc\u00fan, Tulum o Playa del Carmen.<\/p>\n<p>Eche un vistazo a nuestra propuesta de d\u00eda completo aqu\u00ed abajo.<\/p>\n<h2>Puntos emblem\u00e1ticos y de inter\u00e9s en el Tour privado Tulum y Xel-H\u00e1<\/h2>\n<p>Para este tour privado, organizaremos una recogida en su hotel o lugar de elecci\u00f3n. Tan pronto como tengamos esto arreglado, modificaremos el itinerario y el horario para adaptarlo a sus propias necesidades.<\/p>\n<p>Tenga en cuenta que Tulum no es tan grande como Chichen Itz\u00e1, Tulum es realmente una maravilla para visitar y disfrutar. Es una ciudad ubicada cerca del mar y una ciudad de defensa en la cima de la colina.<\/p>\n<p>Organizaremos este tour privado para disfrutar de las mejores partes de Tulum y por supuesto de la Pen\u00ednsula de Yucut\u00e1n.<\/p>\n<p>A continuaci\u00f3n, se muestran algunos ejemplos de lo que puede disfrutar.<\/p>\n<ul>\n<li><strong>El Castillo de Tulum<\/strong><\/li>\n<li><strong>Templo del Dios Descendente<\/strong><\/li>\n<li><strong>Templo de los Frescos<\/strong><\/li>\n<li><strong>Muro de Tulum<\/strong><\/li>\n<\/ul>\n<p>\u00a1Organizaremos algo de tiempo libre para que usted tambi\u00e9n camine y explore esta maravilla arqueol\u00f3gica!<\/p>\n<p>Luego de visitar Tulum, nos dirigiremos hacia Xel Ha. Es la uni\u00f3n que significa la entrada del agua o lugar donde nace el agua. Disfruta de una gran visita a Xel-H\u00e1, un lugar verdaderamente \u00fanico para visitar.<\/p>\n<p>Este tour privado de Tulum y Xel-H\u00e1 terminar\u00e1 en su hotel o lugar de su elecci\u00f3n. Ofrecemos muchos tipos de servicios privados en M\u00e9xico y por supuesto alrededor del mundo. No pierda la oportunidad de ponerse en contacto con nuestros expertos en viajes.<\/p>\n","protected":false},"excerpt":{"rendered":"<p>Disfruta al m\u00e1ximo tu estad\u00eda en Tulum y la Riviera Maya y ven con nosotros en este Tour Privado Tulum &amp; Xel-H\u00e1.<\/p>\n","protected":false},"featured_media":89795,"comment_status":"open","ping_status":"closed","template":"","meta":{"_acf_changed":false},"product_brand":[],"product_cat":[3203,3332,3335,3338,3344,3347,3350,3321,3356,3359,1602],"product_tag":[],"class_list":{"0":"post-89767","1":"product","2":"type-product","3":"status-publish","4":"has-post-thumbnail","6":"product_cat-mexico-es","7":"product_cat-cancun-es","8":"product_cat-cancun-actividades-es","9":"product_cat-cancun-tours-es","10":"product_cat-playa-carmen-es-es","11":"product_cat-playa-carmen-actividades-es","12":"product_cat-playa-carmen-tours-es","13":"product_cat-tulum-es","14":"product_cat-tulum-actividades-es","15":"product_cat-tulum-tours-es","16":"product_cat-eeuu-es","18":"first","19":"instock","20":"shipping-taxable","21":"purchasable","22":"product-type-simple"},"acf":[],"yoast_head":"<!-- This site is optimized with the Yoast SEO Premium plugin v25.3.1 (Yoast SEO v25.3.1) - https:\/\/yoast.com\/wordpress\/plugins\/seo\/ -->\n<title>\u27a1\ufe0f Tour privado a Tulum y Xel-H\u00e1 con gu\u00eda oficial y veh\u00edculo privado | Tour Travel &amp; More<\/title>\n<meta name=\"description\" content=\"Disfruta al m\u00e1ximo tu estad\u00eda en Tulum y la Riviera Maya y ven con nosotros en este Tour Privado Tulum &amp; Xel-H\u00e1. Tour privado \u2705\" \/>\n<meta name=\"robots\" content=\"index, follow, max-snippet:-1, max-image-preview:large, max-video-preview:-1\" \/>\n<link rel=\"canonical\" href=\"https:\/\/tourtravelandmore.com\/es\/tours\/mexico-es\/playa-carmen-es-es\/playa-carmen-actividades-es\/tour-privado-tulum-y-xel-ha\/\" \/>\n<meta property=\"og:locale\" content=\"es_ES\" \/>\n<meta property=\"og:type\" content=\"article\" \/>\n<meta property=\"og:title\" content=\"Tour privado Tulum y Xel-H\u00e1\" \/>\n<meta property=\"og:description\" content=\"Disfruta al m\u00e1ximo tu estad\u00eda en Tulum y la Riviera Maya y ven con nosotros en este Tour Privado Tulum &amp; Xel-H\u00e1. Tour privado \u2705\" \/>\n<meta property=\"og:url\" content=\"https:\/\/tourtravelandmore.com\/es\/tours\/mexico-es\/playa-carmen-es-es\/playa-carmen-actividades-es\/tour-privado-tulum-y-xel-ha\/\" \/>\n<meta property=\"og:site_name\" content=\"Tour Travel And More\" \/>\n<meta property=\"article:publisher\" content=\"https:\/\/www.facebook.com\/tourtravelandmore\/\" \/>\n<meta property=\"article:modified_time\" content=\"2023-11-24T10:03:18+00:00\" \/>\n<meta property=\"og:image\" content=\"https:\/\/tourtravelandmore.com\/wp-content\/uploads\/2020\/12\/Tulum-6-scaled.jpg\" \/>\n\t<meta property=\"og:image:width\" content=\"2560\" \/>\n\t<meta property=\"og:image:height\" content=\"1710\" \/>\n\t<meta property=\"og:image:type\" content=\"image\/jpeg\" \/>\n<meta name=\"twitter:card\" content=\"summary_large_image\" \/>\n<meta name=\"twitter:site\" content=\"@TourTravel_More\" \/>\n<meta name=\"twitter:label1\" content=\"Tiempo de lectura\" \/>\n\t<meta name=\"twitter:data1\" content=\"2 minutos\" \/>\n<script type=\"application\/ld+json\" class=\"yoast-schema-graph\">{\"@context\":\"https:\/\/schema.org\",\"@graph\":[{\"@type\":\"WebPage\",\"@id\":\"https:\/\/tourtravelandmore.com\/es\/tours\/mexico-es\/playa-carmen-es-es\/playa-carmen-actividades-es\/tour-privado-tulum-y-xel-ha\/\",\"url\":\"https:\/\/tourtravelandmore.com\/es\/tours\/mexico-es\/playa-carmen-es-es\/playa-carmen-actividades-es\/tour-privado-tulum-y-xel-ha\/\",\"name\":\"\u27a1\ufe0f Tour privado a Tulum y Xel-H\u00e1 con gu\u00eda oficial y veh\u00edculo privado | Tour Travel & More\",\"isPartOf\":{\"@id\":\"https:\/\/tourtravelandmore.com\/es\/#website\"},\"primaryImageOfPage\":{\"@id\":\"https:\/\/tourtravelandmore.com\/es\/tours\/mexico-es\/playa-carmen-es-es\/playa-carmen-actividades-es\/tour-privado-tulum-y-xel-ha\/#primaryimage\"},\"image\":{\"@id\":\"https:\/\/tourtravelandmore.com\/es\/tours\/mexico-es\/playa-carmen-es-es\/playa-carmen-actividades-es\/tour-privado-tulum-y-xel-ha\/#primaryimage\"},\"thumbnailUrl\":\"https:\/\/tourtravelandmore.com\/wp-content\/uploads\/2020\/12\/Tulum-6-scaled.jpg\",\"datePublished\":\"2020-12-16T09:47:31+00:00\",\"dateModified\":\"2023-11-24T10:03:18+00:00\",\"description\":\"Disfruta al m\u00e1ximo tu estad\u00eda en Tulum y la Riviera Maya y ven con nosotros en este Tour Privado Tulum & Xel-H\u00e1. Tour privado \u2705\",\"breadcrumb\":{\"@id\":\"https:\/\/tourtravelandmore.com\/es\/tours\/mexico-es\/playa-carmen-es-es\/playa-carmen-actividades-es\/tour-privado-tulum-y-xel-ha\/#breadcrumb\"},\"inLanguage\":\"es\",\"potentialAction\":[{\"@type\":\"ReadAction\",\"target\":[\"https:\/\/tourtravelandmore.com\/es\/tours\/mexico-es\/playa-carmen-es-es\/playa-carmen-actividades-es\/tour-privado-tulum-y-xel-ha\/\"]}]},{\"@type\":\"ImageObject\",\"inLanguage\":\"es\",\"@id\":\"https:\/\/tourtravelandmore.com\/es\/tours\/mexico-es\/playa-carmen-es-es\/playa-carmen-actividades-es\/tour-privado-tulum-y-xel-ha\/#primaryimage\",\"url\":\"https:\/\/tourtravelandmore.com\/wp-content\/uploads\/2020\/12\/Tulum-6-scaled.jpg\",\"contentUrl\":\"https:\/\/tourtravelandmore.com\/wp-content\/uploads\/2020\/12\/Tulum-6-scaled.jpg\",\"width\":2560,\"height\":1710},{\"@type\":\"BreadcrumbList\",\"@id\":\"https:\/\/tourtravelandmore.com\/es\/tours\/mexico-es\/playa-carmen-es-es\/playa-carmen-actividades-es\/tour-privado-tulum-y-xel-ha\/#breadcrumb\",\"itemListElement\":[{\"@type\":\"ListItem\",\"position\":1,\"name\":\"Home\",\"item\":\"https:\/\/tourtravelandmore.com\/es\/\"},{\"@type\":\"ListItem\",\"position\":2,\"name\":\"Tours\",\"item\":\"https:\/\/tourtravelandmore.com\/es\/tours\/\"},{\"@type\":\"ListItem\",\"position\":3,\"name\":\"Tour privado Tulum y Xel-H\u00e1\"}]},{\"@type\":\"WebSite\",\"@id\":\"https:\/\/tourtravelandmore.com\/es\/#website\",\"url\":\"https:\/\/tourtravelandmore.com\/es\/\",\"name\":\"Tour Travel And More\",\"description\":\"Private sightseeing tours and luxury transfers in Spain\",\"publisher\":{\"@id\":\"https:\/\/tourtravelandmore.com\/es\/#organization\"},\"potentialAction\":[{\"@type\":\"SearchAction\",\"target\":{\"@type\":\"EntryPoint\",\"urlTemplate\":\"https:\/\/tourtravelandmore.com\/es\/?s={search_term_string}\"},\"query-input\":{\"@type\":\"PropertyValueSpecification\",\"valueRequired\":true,\"valueName\":\"search_term_string\"}}],\"inLanguage\":\"es\"},{\"@type\":\"Organization\",\"@id\":\"https:\/\/tourtravelandmore.com\/es\/#organization\",\"name\":\"Tour Travel And More\",\"url\":\"https:\/\/tourtravelandmore.com\/es\/\",\"logo\":{\"@type\":\"ImageObject\",\"inLanguage\":\"es\",\"@id\":\"https:\/\/tourtravelandmore.com\/es\/#\/schema\/logo\/image\/\",\"url\":\"https:\/\/tourtravelandmore.com\/wp-content\/uploads\/2022\/12\/cropped-logo-cabecera-new.png\",\"contentUrl\":\"https:\/\/tourtravelandmore.com\/wp-content\/uploads\/2022\/12\/cropped-logo-cabecera-new.png\",\"width\":430,\"height\":61,\"caption\":\"Tour Travel And More\"},\"image\":{\"@id\":\"https:\/\/tourtravelandmore.com\/es\/#\/schema\/logo\/image\/\"},\"sameAs\":[\"https:\/\/www.facebook.com\/tourtravelandmore\/\",\"https:\/\/x.com\/TourTravel_More\"]}]}<\/script>\n<!-- \/ Yoast SEO Premium plugin. -->","yoast_head_json":{"title":"\u27a1\ufe0f Tour privado a Tulum y Xel-H\u00e1 con gu\u00eda oficial y veh\u00edculo privado | Tour Travel & More","description":"Disfruta al m\u00e1ximo tu estad\u00eda en Tulum y la Riviera Maya y ven con nosotros en este Tour Privado Tulum & Xel-H\u00e1. Tour privado \u2705","robots":{"index":"index","follow":"follow","max-snippet":"max-snippet:-1","max-image-preview":"max-image-preview:large","max-video-preview":"max-video-preview:-1"},"canonical":"https:\/\/tourtravelandmore.com\/es\/tours\/mexico-es\/playa-carmen-es-es\/playa-carmen-actividades-es\/tour-privado-tulum-y-xel-ha\/","og_locale":"es_ES","og_type":"article","og_title":"Tour privado Tulum y Xel-H\u00e1","og_description":"Disfruta al m\u00e1ximo tu estad\u00eda en Tulum y la Riviera Maya y ven con nosotros en este Tour Privado Tulum & Xel-H\u00e1. Tour privado \u2705","og_url":"https:\/\/tourtravelandmore.com\/es\/tours\/mexico-es\/playa-carmen-es-es\/playa-carmen-actividades-es\/tour-privado-tulum-y-xel-ha\/","og_site_name":"Tour Travel And More","article_publisher":"https:\/\/www.facebook.com\/tourtravelandmore\/","article_modified_time":"2023-11-24T10:03:18+00:00","og_image":[{"width":2560,"height":1710,"url":"https:\/\/tourtravelandmore.com\/wp-content\/uploads\/2020\/12\/Tulum-6-scaled.jpg","type":"image\/jpeg"}],"twitter_card":"summary_large_image","twitter_site":"@TourTravel_More","twitter_misc":{"Tiempo de lectura":"2 minutos"},"schema":{"@context":"https:\/\/schema.org","@graph":[{"@type":"WebPage","@id":"https:\/\/tourtravelandmore.com\/es\/tours\/mexico-es\/playa-carmen-es-es\/playa-carmen-actividades-es\/tour-privado-tulum-y-xel-ha\/","url":"https:\/\/tourtravelandmore.com\/es\/tours\/mexico-es\/playa-carmen-es-es\/playa-carmen-actividades-es\/tour-privado-tulum-y-xel-ha\/","name":"\u27a1\ufe0f Tour privado a Tulum y Xel-H\u00e1 con gu\u00eda oficial y veh\u00edculo privado | Tour Travel & More","isPartOf":{"@id":"https:\/\/tourtravelandmore.com\/es\/#website"},"primaryImageOfPage":{"@id":"https:\/\/tourtravelandmore.com\/es\/tours\/mexico-es\/playa-carmen-es-es\/playa-carmen-actividades-es\/tour-privado-tulum-y-xel-ha\/#primaryimage"},"image":{"@id":"https:\/\/tourtravelandmore.com\/es\/tours\/mexico-es\/playa-carmen-es-es\/playa-carmen-actividades-es\/tour-privado-tulum-y-xel-ha\/#primaryimage"},"thumbnailUrl":"https:\/\/tourtravelandmore.com\/wp-content\/uploads\/2020\/12\/Tulum-6-scaled.jpg","datePublished":"2020-12-16T09:47:31+00:00","dateModified":"2023-11-24T10:03:18+00:00","description":"Disfruta al m\u00e1ximo tu estad\u00eda en Tulum y la Riviera Maya y ven con nosotros en este Tour Privado Tulum & Xel-H\u00e1. Tour privado \u2705","breadcrumb":{"@id":"https:\/\/tourtravelandmore.com\/es\/tours\/mexico-es\/playa-carmen-es-es\/playa-carmen-actividades-es\/tour-privado-tulum-y-xel-ha\/#breadcrumb"},"inLanguage":"es","potentialAction":[{"@type":"ReadAction","target":["https:\/\/tourtravelandmore.com\/es\/tours\/mexico-es\/playa-carmen-es-es\/playa-carmen-actividades-es\/tour-privado-tulum-y-xel-ha\/"]}]},{"@type":"ImageObject","inLanguage":"es","@id":"https:\/\/tourtravelandmore.com\/es\/tours\/mexico-es\/playa-carmen-es-es\/playa-carmen-actividades-es\/tour-privado-tulum-y-xel-ha\/#primaryimage","url":"https:\/\/tourtravelandmore.com\/wp-content\/uploads\/2020\/12\/Tulum-6-scaled.jpg","contentUrl":"https:\/\/tourtravelandmore.com\/wp-content\/uploads\/2020\/12\/Tulum-6-scaled.jpg","width":2560,"height":1710},{"@type":"BreadcrumbList","@id":"https:\/\/tourtravelandmore.com\/es\/tours\/mexico-es\/playa-carmen-es-es\/playa-carmen-actividades-es\/tour-privado-tulum-y-xel-ha\/#breadcrumb","itemListElement":[{"@type":"ListItem","position":1,"name":"Home","item":"https:\/\/tourtravelandmore.com\/es\/"},{"@type":"ListItem","position":2,"name":"Tours","item":"https:\/\/tourtravelandmore.com\/es\/tours\/"},{"@type":"ListItem","position":3,"name":"Tour privado Tulum y Xel-H\u00e1"}]},{"@type":"WebSite","@id":"https:\/\/tourtravelandmore.com\/es\/#website","url":"https:\/\/tourtravelandmore.com\/es\/","name":"Tour Travel And More","description":"Private sightseeing tours and luxury transfers in Spain","publisher":{"@id":"https:\/\/tourtravelandmore.com\/es\/#organization"},"potentialAction":[{"@type":"SearchAction","target":{"@type":"EntryPoint","urlTemplate":"https:\/\/tourtravelandmore.com\/es\/?s={search_term_string}"},"query-input":{"@type":"PropertyValueSpecification","valueRequired":true,"valueName":"search_term_string"}}],"inLanguage":"es"},{"@type":"Organization","@id":"https:\/\/tourtravelandmore.com\/es\/#organization","name":"Tour Travel And More","url":"https:\/\/tourtravelandmore.com\/es\/","logo":{"@type":"ImageObject","inLanguage":"es","@id":"https:\/\/tourtravelandmore.com\/es\/#\/schema\/logo\/image\/","url":"https:\/\/tourtravelandmore.com\/wp-content\/uploads\/2022\/12\/cropped-logo-cabecera-new.png","contentUrl":"https:\/\/tourtravelandmore.com\/wp-content\/uploads\/2022\/12\/cropped-logo-cabecera-new.png","width":430,"height":61,"caption":"Tour Travel And More"},"image":{"@id":"https:\/\/tourtravelandmore.com\/es\/#\/schema\/logo\/image\/"},"sameAs":["https:\/\/www.facebook.com\/tourtravelandmore\/","https:\/\/x.com\/TourTravel_More"]}]}},"_links":{"self":[{"href":"https:\/\/tourtravelandmore.com\/es\/wp-json\/wp\/v2\/product\/89767","targetHints":{"allow":["GET"]}}],"collection":[{"href":"https:\/\/tourtravelandmore.com\/es\/wp-json\/wp\/v2\/product"}],"about":[{"href":"https:\/\/tourtravelandmore.com\/es\/wp-json\/wp\/v2\/types\/product"}],"replies":[{"embeddable":true,"href":"https:\/\/tourtravelandmore.com\/es\/wp-json\/wp\/v2\/comments?post=89767"}],"wp:featuredmedia":[{"embeddable":true,"href":"https:\/\/tourtravelandmore.com\/es\/wp-json\/wp\/v2\/media\/89795"}],"wp:attachment":[{"href":"https:\/\/tourtravelandmore.com\/es\/wp-json\/wp\/v2\/media?parent=89767"}],"wp:term":[{"taxonomy":"product_brand","embeddable":true,"href":"https:\/\/tourtravelandmore.com\/es\/wp-json\/wp\/v2\/product_brand?post=89767"},{"taxonomy":"product_cat","embeddable":true,"href":"https:\/\/tourtravelandmore.com\/es\/wp-json\/wp\/v2\/product_cat?post=89767"},{"taxonomy":"product_tag","embeddable":true,"href":"https:\/\/tourtravelandmore.com\/es\/wp-json\/wp\/v2\/product_tag?post=89767"}],"curies":[{"name":"wp","href":"https:\/\/api.w.org\/{rel}","templated":true}]}}