{"id":89755,"date":"2020-12-16T10:46:40","date_gmt":"2020-12-16T09:46:42","guid":{"rendered":"https:\/\/tourtravelandmore.com\/?post_type=product&#038;p=89755"},"modified":"2023-12-01T11:13:34","modified_gmt":"2023-12-01T10:13:34","slug":"tour-privado-a-playa-las-gatas","status":"publish","type":"product","link":"https:\/\/tourtravelandmore.com\/es\/tours\/mexico-es\/ixtapa-es\/ixtapa-actividades-es\/tour-privado-a-playa-las-gatas\/","title":{"rendered":"Tour Privado a Playa Las Gatas"},"content":{"rendered":"<h2 id=\"tw-target-text\" class=\"tw-data-text tw-text-large XcVN5d tw-ta\" dir=\"ltr\" data-placeholder=\"Traducci\u00f3n\"><span lang=\"es\">Descripci\u00f3n del Tour Privado a Playa Las Gatas<\/span><\/h2>\n<p><strong>M\u00e9xico<\/strong> es sin\u00f3nimo de hermosas playas de aguas cristalinas y suave arena blanca, \u00bfverdad?. Por eso en esta ocasi\u00f3n te ofrecemos nuestro <strong>Tour Privado a Playa Las Gatas<\/strong>. Aprovecha la oportunidad de visitar una de las playas m\u00e1s exclusivas de Zihuatanejo. Te acompa\u00f1ar\u00e1 un <strong>conductor\/gu\u00eda privado<\/strong> que conoce muy bien la zona.<\/p>\n<p>Su primer contacto con <strong>Tour Travel &amp; More<\/strong> ser\u00e1 en su hotel o lugar de elecci\u00f3n en Ixtapa. Despu\u00e9s de una c\u00f3moda recogida en un <strong>veh\u00edculo privado de lujo<\/strong>, continuar\u00e1 hacia el muelle de Zihuatanejo. Desde all\u00ed, tomar\u00e1 un bote hasta la playa de Las Gatas.<\/p>\n<p><strong>La Playa Las Gatas<\/strong> se encuentra al final de la bah\u00eda de Zihuatanejo. No es posible llegar all\u00ed por tierra por seguridad, ya que no existe un camino formal, por esa raz\u00f3n, la mejor manera es ir en bote. Un dato interesante es que esta playa lleva el nombre de Las Gatas por un tibur\u00f3n inofensivo que vive all\u00ed.<\/p>\n<p>Ixtapa y Zihuatanejo ciertamente tienen hermosas playas, pero la Playa Las Gatas es una de las m\u00e1s alucinantes. Es muy tranquilo, con paisajes asombrosos y el lugar perfecto para bucear y hacer snorkel. \u00a1No te pierdas nuestro tour privado a playa Las Gatas!.<\/p>\n<h2>Puntos emblem\u00e1ticos y de inter\u00e9s en el Tour Privado a Playa Las Gatas<\/h2>\n<p>En primer lugar, lo recoger\u00e1n en su hotel o lugar de elecci\u00f3n en Ixtapa. Como se trata de un tour privado y personalizado, puede decidir la hora de inicio de la excursi\u00f3n.<\/p>\n<p>Una vez en la <strong>Playa de Las Gatas<\/strong>, experimentar\u00e1s lo que venimos hablando. Puedes nadar en sus tranquilas aguas mientras admiras el fondo marino. Descansar en una tumbona con el sol acariciando tu rostro.<\/p>\n<p>Tambi\u00e9n tendr\u00e1s la posibilidad de visitar la Estatua de Jes\u00fas de 5 metros bajo el agua si est\u00e1s dispuesto a incluir alg\u00fan deporte acu\u00e1tico durante el recorrido. Esta opci\u00f3n no est\u00e1 incluida, en caso de que est\u00e9 interesado, h\u00e1ganoslo saber y lo arreglaremos todo por usted.<\/p>\n<p>Tambi\u00e9n podemos incluir una barbacoa o almuerzo en tu excursi\u00f3n solo para ti y tu grupo, para que puedas tener una experiencia completa en la playa. Solo tienes que contactarnos en <strong>Tour Travel &amp; More<\/strong> y contarnos tus deseos para este viaje.<\/p>\n<p>Finalmente, al final del recorrido, su conductor\/gu\u00eda privado lo llevar\u00e1 de regreso a su hotel o lugar de elecci\u00f3n en Ixtapa.<\/p>\n<p>Otro posible tour desde Ixtapa es <a href=\"https:\/\/tourtravelandmore.com\/es\/tours\/mexico-es\/ixtapa-es\/ixtapa-actividades-es\/tour-privado-a-la-chole\/\">nuestro tour privado a La Chole<\/a>, \u00a1echa un vistazo!<\/p>\n","protected":false},"excerpt":{"rendered":"<p>M\u00e9xico es un pa\u00eds lleno de incre\u00edbles playas y resorts, ven con nosotros en este tour privado a la playa de Las Gatas y disfruta de un d\u00eda en una zona exclusiva con un experto local.<\/p>\n","protected":false},"featured_media":89922,"comment_status":"open","ping_status":"closed","template":"","meta":{"_acf_changed":false},"product_brand":[],"product_cat":[3203,3273,3276,3279],"product_tag":[],"class_list":{"0":"post-89755","1":"product","2":"type-product","3":"status-publish","4":"has-post-thumbnail","6":"product_cat-mexico-es","7":"product_cat-ixtapa-es","8":"product_cat-ixtapa-actividades-es","9":"product_cat-ixtapa-excursion-puerto-es","11":"first","12":"instock","13":"shipping-taxable","14":"purchasable","15":"product-type-simple"},"acf":[],"yoast_head":"<!-- This site is optimized with the Yoast SEO Premium plugin v25.3.1 (Yoast SEO v25.3.1) - https:\/\/yoast.com\/wordpress\/plugins\/seo\/ -->\n<title>\u27a1\ufe0f Tour Privado a Playa Las Gatas con un chofer\/gu\u00eda oficial Tour Privado a Playa Las Gatas<\/title>\n<meta name=\"description\" content=\"Disfrute de un d\u00eda de relax con nuestro Tour Privado a Playa Las Gatas. Conozca una de las zonas mas hermosas y exclusivas de M\u00e9xico \u2705\" \/>\n<meta name=\"robots\" content=\"index, follow, max-snippet:-1, max-image-preview:large, max-video-preview:-1\" \/>\n<link rel=\"canonical\" href=\"https:\/\/tourtravelandmore.com\/es\/tours\/mexico-es\/ixtapa-es\/ixtapa-actividades-es\/tour-privado-a-playa-las-gatas\/\" \/>\n<meta property=\"og:locale\" content=\"es_ES\" \/>\n<meta property=\"og:type\" content=\"article\" \/>\n<meta property=\"og:title\" content=\"Tour Privado a Playa Las Gatas\" \/>\n<meta property=\"og:description\" content=\"Disfrute de un d\u00eda de relax con nuestro Tour Privado a Playa Las Gatas. Conozca una de las zonas mas hermosas y exclusivas de M\u00e9xico \u2705\" \/>\n<meta property=\"og:url\" content=\"https:\/\/tourtravelandmore.com\/es\/tours\/mexico-es\/ixtapa-es\/ixtapa-actividades-es\/tour-privado-a-playa-las-gatas\/\" \/>\n<meta property=\"og:site_name\" content=\"Tour Travel And More\" \/>\n<meta property=\"article:publisher\" content=\"https:\/\/www.facebook.com\/tourtravelandmore\/\" \/>\n<meta property=\"article:modified_time\" content=\"2023-12-01T10:13:34+00:00\" \/>\n<meta property=\"og:image\" content=\"https:\/\/tourtravelandmore.com\/wp-content\/uploads\/2020\/12\/las-gatas-4.jpg\" \/>\n\t<meta property=\"og:image:width\" content=\"720\" \/>\n\t<meta property=\"og:image:height\" content=\"480\" \/>\n\t<meta property=\"og:image:type\" content=\"image\/jpeg\" \/>\n<meta name=\"twitter:card\" content=\"summary_large_image\" \/>\n<meta name=\"twitter:site\" content=\"@TourTravel_More\" \/>\n<meta name=\"twitter:label1\" content=\"Tiempo de lectura\" \/>\n\t<meta name=\"twitter:data1\" content=\"2 minutos\" \/>\n<script type=\"application\/ld+json\" class=\"yoast-schema-graph\">{\"@context\":\"https:\/\/schema.org\",\"@graph\":[{\"@type\":\"WebPage\",\"@id\":\"https:\/\/tourtravelandmore.com\/es\/tours\/mexico-es\/ixtapa-es\/ixtapa-actividades-es\/tour-privado-a-playa-las-gatas\/\",\"url\":\"https:\/\/tourtravelandmore.com\/es\/tours\/mexico-es\/ixtapa-es\/ixtapa-actividades-es\/tour-privado-a-playa-las-gatas\/\",\"name\":\"\u27a1\ufe0f Tour Privado a Playa Las Gatas con un chofer\/gu\u00eda oficial Tour Privado a Playa Las Gatas\",\"isPartOf\":{\"@id\":\"https:\/\/tourtravelandmore.com\/es\/#website\"},\"primaryImageOfPage\":{\"@id\":\"https:\/\/tourtravelandmore.com\/es\/tours\/mexico-es\/ixtapa-es\/ixtapa-actividades-es\/tour-privado-a-playa-las-gatas\/#primaryimage\"},\"image\":{\"@id\":\"https:\/\/tourtravelandmore.com\/es\/tours\/mexico-es\/ixtapa-es\/ixtapa-actividades-es\/tour-privado-a-playa-las-gatas\/#primaryimage\"},\"thumbnailUrl\":\"https:\/\/tourtravelandmore.com\/wp-content\/uploads\/2020\/12\/las-gatas-4.jpg\",\"datePublished\":\"2020-12-16T09:46:42+00:00\",\"dateModified\":\"2023-12-01T10:13:34+00:00\",\"description\":\"Disfrute de un d\u00eda de relax con nuestro Tour Privado a Playa Las Gatas. Conozca una de las zonas mas hermosas y exclusivas de M\u00e9xico \u2705\",\"breadcrumb\":{\"@id\":\"https:\/\/tourtravelandmore.com\/es\/tours\/mexico-es\/ixtapa-es\/ixtapa-actividades-es\/tour-privado-a-playa-las-gatas\/#breadcrumb\"},\"inLanguage\":\"es\",\"potentialAction\":[{\"@type\":\"ReadAction\",\"target\":[\"https:\/\/tourtravelandmore.com\/es\/tours\/mexico-es\/ixtapa-es\/ixtapa-actividades-es\/tour-privado-a-playa-las-gatas\/\"]}]},{\"@type\":\"ImageObject\",\"inLanguage\":\"es\",\"@id\":\"https:\/\/tourtravelandmore.com\/es\/tours\/mexico-es\/ixtapa-es\/ixtapa-actividades-es\/tour-privado-a-playa-las-gatas\/#primaryimage\",\"url\":\"https:\/\/tourtravelandmore.com\/wp-content\/uploads\/2020\/12\/las-gatas-4.jpg\",\"contentUrl\":\"https:\/\/tourtravelandmore.com\/wp-content\/uploads\/2020\/12\/las-gatas-4.jpg\",\"width\":720,\"height\":480},{\"@type\":\"BreadcrumbList\",\"@id\":\"https:\/\/tourtravelandmore.com\/es\/tours\/mexico-es\/ixtapa-es\/ixtapa-actividades-es\/tour-privado-a-playa-las-gatas\/#breadcrumb\",\"itemListElement\":[{\"@type\":\"ListItem\",\"position\":1,\"name\":\"Home\",\"item\":\"https:\/\/tourtravelandmore.com\/es\/\"},{\"@type\":\"ListItem\",\"position\":2,\"name\":\"Tours\",\"item\":\"https:\/\/tourtravelandmore.com\/es\/tours\/\"},{\"@type\":\"ListItem\",\"position\":3,\"name\":\"Tour Privado a Playa Las Gatas\"}]},{\"@type\":\"WebSite\",\"@id\":\"https:\/\/tourtravelandmore.com\/es\/#website\",\"url\":\"https:\/\/tourtravelandmore.com\/es\/\",\"name\":\"Tour Travel And More\",\"description\":\"Private sightseeing tours and luxury transfers in Spain\",\"publisher\":{\"@id\":\"https:\/\/tourtravelandmore.com\/es\/#organization\"},\"potentialAction\":[{\"@type\":\"SearchAction\",\"target\":{\"@type\":\"EntryPoint\",\"urlTemplate\":\"https:\/\/tourtravelandmore.com\/es\/?s={search_term_string}\"},\"query-input\":{\"@type\":\"PropertyValueSpecification\",\"valueRequired\":true,\"valueName\":\"search_term_string\"}}],\"inLanguage\":\"es\"},{\"@type\":\"Organization\",\"@id\":\"https:\/\/tourtravelandmore.com\/es\/#organization\",\"name\":\"Tour Travel And More\",\"url\":\"https:\/\/tourtravelandmore.com\/es\/\",\"logo\":{\"@type\":\"ImageObject\",\"inLanguage\":\"es\",\"@id\":\"https:\/\/tourtravelandmore.com\/es\/#\/schema\/logo\/image\/\",\"url\":\"https:\/\/tourtravelandmore.com\/wp-content\/uploads\/2022\/12\/cropped-logo-cabecera-new.png\",\"contentUrl\":\"https:\/\/tourtravelandmore.com\/wp-content\/uploads\/2022\/12\/cropped-logo-cabecera-new.png\",\"width\":430,\"height\":61,\"caption\":\"Tour Travel And More\"},\"image\":{\"@id\":\"https:\/\/tourtravelandmore.com\/es\/#\/schema\/logo\/image\/\"},\"sameAs\":[\"https:\/\/www.facebook.com\/tourtravelandmore\/\",\"https:\/\/x.com\/TourTravel_More\"]}]}<\/script>\n<!-- \/ Yoast SEO Premium plugin. -->","yoast_head_json":{"title":"\u27a1\ufe0f Tour Privado a Playa Las Gatas con un chofer\/gu\u00eda oficial Tour Privado a Playa Las Gatas","description":"Disfrute de un d\u00eda de relax con nuestro Tour Privado a Playa Las Gatas. Conozca una de las zonas mas hermosas y exclusivas de M\u00e9xico \u2705","robots":{"index":"index","follow":"follow","max-snippet":"max-snippet:-1","max-image-preview":"max-image-preview:large","max-video-preview":"max-video-preview:-1"},"canonical":"https:\/\/tourtravelandmore.com\/es\/tours\/mexico-es\/ixtapa-es\/ixtapa-actividades-es\/tour-privado-a-playa-las-gatas\/","og_locale":"es_ES","og_type":"article","og_title":"Tour Privado a Playa Las Gatas","og_description":"Disfrute de un d\u00eda de relax con nuestro Tour Privado a Playa Las Gatas. Conozca una de las zonas mas hermosas y exclusivas de M\u00e9xico \u2705","og_url":"https:\/\/tourtravelandmore.com\/es\/tours\/mexico-es\/ixtapa-es\/ixtapa-actividades-es\/tour-privado-a-playa-las-gatas\/","og_site_name":"Tour Travel And More","article_publisher":"https:\/\/www.facebook.com\/tourtravelandmore\/","article_modified_time":"2023-12-01T10:13:34+00:00","og_image":[{"width":720,"height":480,"url":"https:\/\/tourtravelandmore.com\/wp-content\/uploads\/2020\/12\/las-gatas-4.jpg","type":"image\/jpeg"}],"twitter_card":"summary_large_image","twitter_site":"@TourTravel_More","twitter_misc":{"Tiempo de lectura":"2 minutos"},"schema":{"@context":"https:\/\/schema.org","@graph":[{"@type":"WebPage","@id":"https:\/\/tourtravelandmore.com\/es\/tours\/mexico-es\/ixtapa-es\/ixtapa-actividades-es\/tour-privado-a-playa-las-gatas\/","url":"https:\/\/tourtravelandmore.com\/es\/tours\/mexico-es\/ixtapa-es\/ixtapa-actividades-es\/tour-privado-a-playa-las-gatas\/","name":"\u27a1\ufe0f Tour Privado a Playa Las Gatas con un chofer\/gu\u00eda oficial Tour Privado a Playa Las Gatas","isPartOf":{"@id":"https:\/\/tourtravelandmore.com\/es\/#website"},"primaryImageOfPage":{"@id":"https:\/\/tourtravelandmore.com\/es\/tours\/mexico-es\/ixtapa-es\/ixtapa-actividades-es\/tour-privado-a-playa-las-gatas\/#primaryimage"},"image":{"@id":"https:\/\/tourtravelandmore.com\/es\/tours\/mexico-es\/ixtapa-es\/ixtapa-actividades-es\/tour-privado-a-playa-las-gatas\/#primaryimage"},"thumbnailUrl":"https:\/\/tourtravelandmore.com\/wp-content\/uploads\/2020\/12\/las-gatas-4.jpg","datePublished":"2020-12-16T09:46:42+00:00","dateModified":"2023-12-01T10:13:34+00:00","description":"Disfrute de un d\u00eda de relax con nuestro Tour Privado a Playa Las Gatas. Conozca una de las zonas mas hermosas y exclusivas de M\u00e9xico \u2705","breadcrumb":{"@id":"https:\/\/tourtravelandmore.com\/es\/tours\/mexico-es\/ixtapa-es\/ixtapa-actividades-es\/tour-privado-a-playa-las-gatas\/#breadcrumb"},"inLanguage":"es","potentialAction":[{"@type":"ReadAction","target":["https:\/\/tourtravelandmore.com\/es\/tours\/mexico-es\/ixtapa-es\/ixtapa-actividades-es\/tour-privado-a-playa-las-gatas\/"]}]},{"@type":"ImageObject","inLanguage":"es","@id":"https:\/\/tourtravelandmore.com\/es\/tours\/mexico-es\/ixtapa-es\/ixtapa-actividades-es\/tour-privado-a-playa-las-gatas\/#primaryimage","url":"https:\/\/tourtravelandmore.com\/wp-content\/uploads\/2020\/12\/las-gatas-4.jpg","contentUrl":"https:\/\/tourtravelandmore.com\/wp-content\/uploads\/2020\/12\/las-gatas-4.jpg","width":720,"height":480},{"@type":"BreadcrumbList","@id":"https:\/\/tourtravelandmore.com\/es\/tours\/mexico-es\/ixtapa-es\/ixtapa-actividades-es\/tour-privado-a-playa-las-gatas\/#breadcrumb","itemListElement":[{"@type":"ListItem","position":1,"name":"Home","item":"https:\/\/tourtravelandmore.com\/es\/"},{"@type":"ListItem","position":2,"name":"Tours","item":"https:\/\/tourtravelandmore.com\/es\/tours\/"},{"@type":"ListItem","position":3,"name":"Tour Privado a Playa Las Gatas"}]},{"@type":"WebSite","@id":"https:\/\/tourtravelandmore.com\/es\/#website","url":"https:\/\/tourtravelandmore.com\/es\/","name":"Tour Travel And More","description":"Private sightseeing tours and luxury transfers in Spain","publisher":{"@id":"https:\/\/tourtravelandmore.com\/es\/#organization"},"potentialAction":[{"@type":"SearchAction","target":{"@type":"EntryPoint","urlTemplate":"https:\/\/tourtravelandmore.com\/es\/?s={search_term_string}"},"query-input":{"@type":"PropertyValueSpecification","valueRequired":true,"valueName":"search_term_string"}}],"inLanguage":"es"},{"@type":"Organization","@id":"https:\/\/tourtravelandmore.com\/es\/#organization","name":"Tour Travel And More","url":"https:\/\/tourtravelandmore.com\/es\/","logo":{"@type":"ImageObject","inLanguage":"es","@id":"https:\/\/tourtravelandmore.com\/es\/#\/schema\/logo\/image\/","url":"https:\/\/tourtravelandmore.com\/wp-content\/uploads\/2022\/12\/cropped-logo-cabecera-new.png","contentUrl":"https:\/\/tourtravelandmore.com\/wp-content\/uploads\/2022\/12\/cropped-logo-cabecera-new.png","width":430,"height":61,"caption":"Tour Travel And More"},"image":{"@id":"https:\/\/tourtravelandmore.com\/es\/#\/schema\/logo\/image\/"},"sameAs":["https:\/\/www.facebook.com\/tourtravelandmore\/","https:\/\/x.com\/TourTravel_More"]}]}},"_links":{"self":[{"href":"https:\/\/tourtravelandmore.com\/es\/wp-json\/wp\/v2\/product\/89755","targetHints":{"allow":["GET"]}}],"collection":[{"href":"https:\/\/tourtravelandmore.com\/es\/wp-json\/wp\/v2\/product"}],"about":[{"href":"https:\/\/tourtravelandmore.com\/es\/wp-json\/wp\/v2\/types\/product"}],"replies":[{"embeddable":true,"href":"https:\/\/tourtravelandmore.com\/es\/wp-json\/wp\/v2\/comments?post=89755"}],"wp:featuredmedia":[{"embeddable":true,"href":"https:\/\/tourtravelandmore.com\/es\/wp-json\/wp\/v2\/media\/89922"}],"wp:attachment":[{"href":"https:\/\/tourtravelandmore.com\/es\/wp-json\/wp\/v2\/media?parent=89755"}],"wp:term":[{"taxonomy":"product_brand","embeddable":true,"href":"https:\/\/tourtravelandmore.com\/es\/wp-json\/wp\/v2\/product_brand?post=89755"},{"taxonomy":"product_cat","embeddable":true,"href":"https:\/\/tourtravelandmore.com\/es\/wp-json\/wp\/v2\/product_cat?post=89755"},{"taxonomy":"product_tag","embeddable":true,"href":"https:\/\/tourtravelandmore.com\/es\/wp-json\/wp\/v2\/product_tag?post=89755"}],"curies":[{"name":"wp","href":"https:\/\/api.w.org\/{rel}","templated":true}]}}