{"id":89725,"date":"2020-12-16T09:40:47","date_gmt":"2020-12-16T08:40:52","guid":{"rendered":"https:\/\/tourtravelandmore.com\/?post_type=product&#038;p=89725"},"modified":"2023-12-01T11:14:38","modified_gmt":"2023-12-01T10:14:38","slug":"tour-privado-a-la-chole","status":"publish","type":"product","link":"https:\/\/tourtravelandmore.com\/es\/tours\/mexico-es\/ixtapa-es\/ixtapa-actividades-es\/tour-privado-a-la-chole\/","title":{"rendered":"Tour Privado a &#8220;La Chole&#8221; Sitio Arqueol\u00f3gico"},"content":{"rendered":"<h2 id=\"tw-target-text\" class=\"tw-data-text tw-text-large XcVN5d tw-ta\" dir=\"ltr\" data-placeholder=\"Traducci\u00f3n\"><span lang=\"es\">Descripci\u00f3n del Tour Privado a &#8220;La Chole&#8221; Sitio Arqueol\u00f3gico<\/span><\/h2>\n<p>Si eres apasionado de la historia antigua, las ruinas y los recorridos al aire libre, este tour ser\u00e1 perfecto para ti. <strong>Tour Travel &amp; More<\/strong> te invita a este <strong>tour privado a \u201cLa Chole\u201d<\/strong> desde la ciudad de Ixtapa. Este servicio incluye un <strong>veh\u00edculo privado de lujo con conductor<\/strong> y un <strong>gu\u00eda tur\u00edstico oficial<\/strong>. \u00a1Prep\u00e1rate para visitar uno de los sitios arqueol\u00f3gicos m\u00e1s antiguos de M\u00e9xico!.<\/p>\n<p>Organizaremos una recogida privada en su hotel o lugar de elecci\u00f3n en Ixtapa. Si llega en un crucero, no se preocupe, tambi\u00e9n podemos recogerlo desde all\u00ed.<\/p>\n<p><strong>El Sitio Arqueol\u00f3gico La Chole<\/strong> est\u00e1 ubicado en la comunidad de Soledad de Maciel o La Chole. Este sitio arqueol\u00f3gico y el museo incluye una amplia colecci\u00f3n de piezas de la \u00e9poca prehisp\u00e1nica, como figurillas, vasijas de obsidiana y trabajos en conchas. Tambi\u00e9n es muy famoso por sus pir\u00e1mides hechas de piedras de r\u00edo y arcilla, algo que no es muy com\u00fan en la arqueolog\u00eda mexicana.<\/p>\n<p>Este lugar es \u00fanico tanto en M\u00e9xico como en el mundo, por lo que no te perdonar\u00e1s si te pierdes nuestro tour privado a La Chole.<\/p>\n<h2>Puntos emblem\u00e1ticos y de inter\u00e9s en el Tour Privado a &#8220;La Chole&#8221; Sitio Arqueol\u00f3gico<\/h2>\n<p>En primer lugar, su conductor privado y gu\u00eda tur\u00edstico oficial lo recoger\u00e1n de su hotel o lugar de elecci\u00f3n en Ixtapa. Este tour privado tiene una duraci\u00f3n total de 4 horas desde el momento de la recogida hasta el momento de devoluci\u00f3n.<\/p>\n<p>Durante este tour privado, tendr\u00e1 acceso a las \u00e1reas exclusivas de la zona. Si tienes suerte, hasta quiz\u00e1s tengas la oportunidad de hablar con el arque\u00f3logo a cargo de la excavaci\u00f3n, \u00a1cruza los dedos!.<\/p>\n<p>Durante su visita podr\u00e1 visitar los siguientes lugares: <strong>Pir\u00e1mides<\/strong>, <strong>Cancha de Juego de Pelota<\/strong> y su <strong>museo<\/strong>. Aprender\u00e1 sobre la historia y los secretos que esconde este sitio mientras admira una arquitectura y ruinas \u00fanicas.<\/p>\n<p>Su gu\u00eda tur\u00edstico oficial privado es un profesional con gran conocimiento sobre el sitio arqueol\u00f3gico, su historia y valor. Aprovecha esta oportunidad y aprende sobre este m\u00e1gico lugar.<\/p>\n<p>Finalmente, su conductor privado y gu\u00eda tur\u00edstico lo llevar\u00e1n de regreso a su punto de partida en Ixtapa.<\/p>\n<p>Tambi\u00e9n ofrecemos tours privados y actividades en muchas ciudades de M\u00e9xico y en todo el mundo, \u00a1echa un vistazo <a href=\"https:\/\/tourtravelandmore.com\/es\/tours\/\">aqu\u00ed<\/a>!<\/p>\n","protected":false},"excerpt":{"rendered":"<p>Disfruta al m\u00e1ximo tu estad\u00eda en Ixtapa y ven con nosotros en este Tour Privado al Sitio Arqueol\u00f3gico &#8220;La Chole&#8221;. <span class=\"JLqJ4b ChMk0b\" data-language-for-alternatives=\"es\" data-language-to-translate-into=\"en\" data-phrase-index=\"1\">D\u00e9jate admirar por las ruinas \u00fanicas que caracterizan a este sitio con un equipo profesional.<\/span><\/p>\n","protected":false},"featured_media":89738,"comment_status":"open","ping_status":"closed","template":"","meta":{"_acf_changed":false},"product_brand":[],"product_cat":[3203,3273,3276,3279],"product_tag":[],"class_list":{"0":"post-89725","1":"product","2":"type-product","3":"status-publish","4":"has-post-thumbnail","6":"product_cat-mexico-es","7":"product_cat-ixtapa-es","8":"product_cat-ixtapa-actividades-es","9":"product_cat-ixtapa-excursion-puerto-es","11":"first","12":"instock","13":"shipping-taxable","14":"purchasable","15":"product-type-simple"},"acf":[],"yoast_head":"<!-- This site is optimized with the Yoast SEO Premium plugin v25.3.1 (Yoast SEO v25.3.1) - https:\/\/yoast.com\/wordpress\/plugins\/seo\/ -->\n<title>\u27a1\ufe0f Tour Privado a &quot;La Chole&quot; Sitio Arqueol\u00f3gico desde Ixtapa | Tour Travel &amp; More<\/title>\n<meta name=\"description\" content=\"Acomp\u00e1\u00f1enos en este Tour Privado a &quot;La Chole&quot; Sitio Arqueol\u00f3gico y disfrute de una excursi\u00f3n donde conocer\u00e1s una de las ruinas mas antiguas \u2705\" \/>\n<meta name=\"robots\" content=\"index, follow, max-snippet:-1, max-image-preview:large, max-video-preview:-1\" \/>\n<link rel=\"canonical\" href=\"https:\/\/tourtravelandmore.com\/es\/tours\/mexico-es\/ixtapa-es\/ixtapa-actividades-es\/tour-privado-a-la-chole\/\" \/>\n<meta property=\"og:locale\" content=\"es_ES\" \/>\n<meta property=\"og:type\" content=\"article\" \/>\n<meta property=\"og:title\" content=\"Tour Privado a &quot;La Chole&quot; Sitio Arqueol\u00f3gico\" \/>\n<meta property=\"og:description\" content=\"Acomp\u00e1\u00f1enos en este Tour Privado a &quot;La Chole&quot; Sitio Arqueol\u00f3gico y disfrute de una excursi\u00f3n donde conocer\u00e1s una de las ruinas mas antiguas \u2705\" \/>\n<meta property=\"og:url\" content=\"https:\/\/tourtravelandmore.com\/es\/tours\/mexico-es\/ixtapa-es\/ixtapa-actividades-es\/tour-privado-a-la-chole\/\" \/>\n<meta property=\"og:site_name\" content=\"Tour Travel And More\" \/>\n<meta property=\"article:publisher\" content=\"https:\/\/www.facebook.com\/tourtravelandmore\/\" \/>\n<meta property=\"article:modified_time\" content=\"2023-12-01T10:14:38+00:00\" \/>\n<meta property=\"og:image\" content=\"https:\/\/tourtravelandmore.com\/wp-content\/uploads\/2020\/12\/chole-5.jpg\" \/>\n\t<meta property=\"og:image:width\" content=\"670\" \/>\n\t<meta property=\"og:image:height\" content=\"446\" \/>\n\t<meta property=\"og:image:type\" content=\"image\/jpeg\" \/>\n<meta name=\"twitter:card\" content=\"summary_large_image\" \/>\n<meta name=\"twitter:site\" content=\"@TourTravel_More\" \/>\n<meta name=\"twitter:label1\" content=\"Tiempo de lectura\" \/>\n\t<meta name=\"twitter:data1\" content=\"2 minutos\" \/>\n<script type=\"application\/ld+json\" class=\"yoast-schema-graph\">{\"@context\":\"https:\/\/schema.org\",\"@graph\":[{\"@type\":\"WebPage\",\"@id\":\"https:\/\/tourtravelandmore.com\/es\/tours\/mexico-es\/ixtapa-es\/ixtapa-actividades-es\/tour-privado-a-la-chole\/\",\"url\":\"https:\/\/tourtravelandmore.com\/es\/tours\/mexico-es\/ixtapa-es\/ixtapa-actividades-es\/tour-privado-a-la-chole\/\",\"name\":\"\u27a1\ufe0f Tour Privado a \\\"La Chole\\\" Sitio Arqueol\u00f3gico desde Ixtapa | Tour Travel & More\",\"isPartOf\":{\"@id\":\"https:\/\/tourtravelandmore.com\/es\/#website\"},\"primaryImageOfPage\":{\"@id\":\"https:\/\/tourtravelandmore.com\/es\/tours\/mexico-es\/ixtapa-es\/ixtapa-actividades-es\/tour-privado-a-la-chole\/#primaryimage\"},\"image\":{\"@id\":\"https:\/\/tourtravelandmore.com\/es\/tours\/mexico-es\/ixtapa-es\/ixtapa-actividades-es\/tour-privado-a-la-chole\/#primaryimage\"},\"thumbnailUrl\":\"https:\/\/tourtravelandmore.com\/wp-content\/uploads\/2020\/12\/chole-5.jpg\",\"datePublished\":\"2020-12-16T08:40:52+00:00\",\"dateModified\":\"2023-12-01T10:14:38+00:00\",\"description\":\"Acomp\u00e1\u00f1enos en este Tour Privado a \\\"La Chole\\\" Sitio Arqueol\u00f3gico y disfrute de una excursi\u00f3n donde conocer\u00e1s una de las ruinas mas antiguas \u2705\",\"breadcrumb\":{\"@id\":\"https:\/\/tourtravelandmore.com\/es\/tours\/mexico-es\/ixtapa-es\/ixtapa-actividades-es\/tour-privado-a-la-chole\/#breadcrumb\"},\"inLanguage\":\"es\",\"potentialAction\":[{\"@type\":\"ReadAction\",\"target\":[\"https:\/\/tourtravelandmore.com\/es\/tours\/mexico-es\/ixtapa-es\/ixtapa-actividades-es\/tour-privado-a-la-chole\/\"]}]},{\"@type\":\"ImageObject\",\"inLanguage\":\"es\",\"@id\":\"https:\/\/tourtravelandmore.com\/es\/tours\/mexico-es\/ixtapa-es\/ixtapa-actividades-es\/tour-privado-a-la-chole\/#primaryimage\",\"url\":\"https:\/\/tourtravelandmore.com\/wp-content\/uploads\/2020\/12\/chole-5.jpg\",\"contentUrl\":\"https:\/\/tourtravelandmore.com\/wp-content\/uploads\/2020\/12\/chole-5.jpg\",\"width\":670,\"height\":446},{\"@type\":\"BreadcrumbList\",\"@id\":\"https:\/\/tourtravelandmore.com\/es\/tours\/mexico-es\/ixtapa-es\/ixtapa-actividades-es\/tour-privado-a-la-chole\/#breadcrumb\",\"itemListElement\":[{\"@type\":\"ListItem\",\"position\":1,\"name\":\"Home\",\"item\":\"https:\/\/tourtravelandmore.com\/es\/\"},{\"@type\":\"ListItem\",\"position\":2,\"name\":\"Tours\",\"item\":\"https:\/\/tourtravelandmore.com\/es\/tours\/\"},{\"@type\":\"ListItem\",\"position\":3,\"name\":\"Tour Privado a &#8220;La Chole&#8221; Sitio Arqueol\u00f3gico\"}]},{\"@type\":\"WebSite\",\"@id\":\"https:\/\/tourtravelandmore.com\/es\/#website\",\"url\":\"https:\/\/tourtravelandmore.com\/es\/\",\"name\":\"Tour Travel And More\",\"description\":\"Private sightseeing tours and luxury transfers in Spain\",\"publisher\":{\"@id\":\"https:\/\/tourtravelandmore.com\/es\/#organization\"},\"potentialAction\":[{\"@type\":\"SearchAction\",\"target\":{\"@type\":\"EntryPoint\",\"urlTemplate\":\"https:\/\/tourtravelandmore.com\/es\/?s={search_term_string}\"},\"query-input\":{\"@type\":\"PropertyValueSpecification\",\"valueRequired\":true,\"valueName\":\"search_term_string\"}}],\"inLanguage\":\"es\"},{\"@type\":\"Organization\",\"@id\":\"https:\/\/tourtravelandmore.com\/es\/#organization\",\"name\":\"Tour Travel And More\",\"url\":\"https:\/\/tourtravelandmore.com\/es\/\",\"logo\":{\"@type\":\"ImageObject\",\"inLanguage\":\"es\",\"@id\":\"https:\/\/tourtravelandmore.com\/es\/#\/schema\/logo\/image\/\",\"url\":\"https:\/\/tourtravelandmore.com\/wp-content\/uploads\/2022\/12\/cropped-logo-cabecera-new.png\",\"contentUrl\":\"https:\/\/tourtravelandmore.com\/wp-content\/uploads\/2022\/12\/cropped-logo-cabecera-new.png\",\"width\":430,\"height\":61,\"caption\":\"Tour Travel And More\"},\"image\":{\"@id\":\"https:\/\/tourtravelandmore.com\/es\/#\/schema\/logo\/image\/\"},\"sameAs\":[\"https:\/\/www.facebook.com\/tourtravelandmore\/\",\"https:\/\/x.com\/TourTravel_More\"]}]}<\/script>\n<!-- \/ Yoast SEO Premium plugin. -->","yoast_head_json":{"title":"\u27a1\ufe0f Tour Privado a \"La Chole\" Sitio Arqueol\u00f3gico desde Ixtapa | Tour Travel & More","description":"Acomp\u00e1\u00f1enos en este Tour Privado a \"La Chole\" Sitio Arqueol\u00f3gico y disfrute de una excursi\u00f3n donde conocer\u00e1s una de las ruinas mas antiguas \u2705","robots":{"index":"index","follow":"follow","max-snippet":"max-snippet:-1","max-image-preview":"max-image-preview:large","max-video-preview":"max-video-preview:-1"},"canonical":"https:\/\/tourtravelandmore.com\/es\/tours\/mexico-es\/ixtapa-es\/ixtapa-actividades-es\/tour-privado-a-la-chole\/","og_locale":"es_ES","og_type":"article","og_title":"Tour Privado a \"La Chole\" Sitio Arqueol\u00f3gico","og_description":"Acomp\u00e1\u00f1enos en este Tour Privado a \"La Chole\" Sitio Arqueol\u00f3gico y disfrute de una excursi\u00f3n donde conocer\u00e1s una de las ruinas mas antiguas \u2705","og_url":"https:\/\/tourtravelandmore.com\/es\/tours\/mexico-es\/ixtapa-es\/ixtapa-actividades-es\/tour-privado-a-la-chole\/","og_site_name":"Tour Travel And More","article_publisher":"https:\/\/www.facebook.com\/tourtravelandmore\/","article_modified_time":"2023-12-01T10:14:38+00:00","og_image":[{"width":670,"height":446,"url":"https:\/\/tourtravelandmore.com\/wp-content\/uploads\/2020\/12\/chole-5.jpg","type":"image\/jpeg"}],"twitter_card":"summary_large_image","twitter_site":"@TourTravel_More","twitter_misc":{"Tiempo de lectura":"2 minutos"},"schema":{"@context":"https:\/\/schema.org","@graph":[{"@type":"WebPage","@id":"https:\/\/tourtravelandmore.com\/es\/tours\/mexico-es\/ixtapa-es\/ixtapa-actividades-es\/tour-privado-a-la-chole\/","url":"https:\/\/tourtravelandmore.com\/es\/tours\/mexico-es\/ixtapa-es\/ixtapa-actividades-es\/tour-privado-a-la-chole\/","name":"\u27a1\ufe0f Tour Privado a \"La Chole\" Sitio Arqueol\u00f3gico desde Ixtapa | Tour Travel & More","isPartOf":{"@id":"https:\/\/tourtravelandmore.com\/es\/#website"},"primaryImageOfPage":{"@id":"https:\/\/tourtravelandmore.com\/es\/tours\/mexico-es\/ixtapa-es\/ixtapa-actividades-es\/tour-privado-a-la-chole\/#primaryimage"},"image":{"@id":"https:\/\/tourtravelandmore.com\/es\/tours\/mexico-es\/ixtapa-es\/ixtapa-actividades-es\/tour-privado-a-la-chole\/#primaryimage"},"thumbnailUrl":"https:\/\/tourtravelandmore.com\/wp-content\/uploads\/2020\/12\/chole-5.jpg","datePublished":"2020-12-16T08:40:52+00:00","dateModified":"2023-12-01T10:14:38+00:00","description":"Acomp\u00e1\u00f1enos en este Tour Privado a \"La Chole\" Sitio Arqueol\u00f3gico y disfrute de una excursi\u00f3n donde conocer\u00e1s una de las ruinas mas antiguas \u2705","breadcrumb":{"@id":"https:\/\/tourtravelandmore.com\/es\/tours\/mexico-es\/ixtapa-es\/ixtapa-actividades-es\/tour-privado-a-la-chole\/#breadcrumb"},"inLanguage":"es","potentialAction":[{"@type":"ReadAction","target":["https:\/\/tourtravelandmore.com\/es\/tours\/mexico-es\/ixtapa-es\/ixtapa-actividades-es\/tour-privado-a-la-chole\/"]}]},{"@type":"ImageObject","inLanguage":"es","@id":"https:\/\/tourtravelandmore.com\/es\/tours\/mexico-es\/ixtapa-es\/ixtapa-actividades-es\/tour-privado-a-la-chole\/#primaryimage","url":"https:\/\/tourtravelandmore.com\/wp-content\/uploads\/2020\/12\/chole-5.jpg","contentUrl":"https:\/\/tourtravelandmore.com\/wp-content\/uploads\/2020\/12\/chole-5.jpg","width":670,"height":446},{"@type":"BreadcrumbList","@id":"https:\/\/tourtravelandmore.com\/es\/tours\/mexico-es\/ixtapa-es\/ixtapa-actividades-es\/tour-privado-a-la-chole\/#breadcrumb","itemListElement":[{"@type":"ListItem","position":1,"name":"Home","item":"https:\/\/tourtravelandmore.com\/es\/"},{"@type":"ListItem","position":2,"name":"Tours","item":"https:\/\/tourtravelandmore.com\/es\/tours\/"},{"@type":"ListItem","position":3,"name":"Tour Privado a &#8220;La Chole&#8221; Sitio Arqueol\u00f3gico"}]},{"@type":"WebSite","@id":"https:\/\/tourtravelandmore.com\/es\/#website","url":"https:\/\/tourtravelandmore.com\/es\/","name":"Tour Travel And More","description":"Private sightseeing tours and luxury transfers in Spain","publisher":{"@id":"https:\/\/tourtravelandmore.com\/es\/#organization"},"potentialAction":[{"@type":"SearchAction","target":{"@type":"EntryPoint","urlTemplate":"https:\/\/tourtravelandmore.com\/es\/?s={search_term_string}"},"query-input":{"@type":"PropertyValueSpecification","valueRequired":true,"valueName":"search_term_string"}}],"inLanguage":"es"},{"@type":"Organization","@id":"https:\/\/tourtravelandmore.com\/es\/#organization","name":"Tour Travel And More","url":"https:\/\/tourtravelandmore.com\/es\/","logo":{"@type":"ImageObject","inLanguage":"es","@id":"https:\/\/tourtravelandmore.com\/es\/#\/schema\/logo\/image\/","url":"https:\/\/tourtravelandmore.com\/wp-content\/uploads\/2022\/12\/cropped-logo-cabecera-new.png","contentUrl":"https:\/\/tourtravelandmore.com\/wp-content\/uploads\/2022\/12\/cropped-logo-cabecera-new.png","width":430,"height":61,"caption":"Tour Travel And More"},"image":{"@id":"https:\/\/tourtravelandmore.com\/es\/#\/schema\/logo\/image\/"},"sameAs":["https:\/\/www.facebook.com\/tourtravelandmore\/","https:\/\/x.com\/TourTravel_More"]}]}},"_links":{"self":[{"href":"https:\/\/tourtravelandmore.com\/es\/wp-json\/wp\/v2\/product\/89725","targetHints":{"allow":["GET"]}}],"collection":[{"href":"https:\/\/tourtravelandmore.com\/es\/wp-json\/wp\/v2\/product"}],"about":[{"href":"https:\/\/tourtravelandmore.com\/es\/wp-json\/wp\/v2\/types\/product"}],"replies":[{"embeddable":true,"href":"https:\/\/tourtravelandmore.com\/es\/wp-json\/wp\/v2\/comments?post=89725"}],"wp:featuredmedia":[{"embeddable":true,"href":"https:\/\/tourtravelandmore.com\/es\/wp-json\/wp\/v2\/media\/89738"}],"wp:attachment":[{"href":"https:\/\/tourtravelandmore.com\/es\/wp-json\/wp\/v2\/media?parent=89725"}],"wp:term":[{"taxonomy":"product_brand","embeddable":true,"href":"https:\/\/tourtravelandmore.com\/es\/wp-json\/wp\/v2\/product_brand?post=89725"},{"taxonomy":"product_cat","embeddable":true,"href":"https:\/\/tourtravelandmore.com\/es\/wp-json\/wp\/v2\/product_cat?post=89725"},{"taxonomy":"product_tag","embeddable":true,"href":"https:\/\/tourtravelandmore.com\/es\/wp-json\/wp\/v2\/product_tag?post=89725"}],"curies":[{"name":"wp","href":"https:\/\/api.w.org\/{rel}","templated":true}]}}