{"id":8972,"date":"2016-11-07T18:54:50","date_gmt":"2016-11-08T10:30:08","guid":{"rendered":"http:\/\/tourtravelandmore.com\/es\/?post_type=product&#038;p=8972"},"modified":"2023-02-28T07:20:28","modified_gmt":"2023-02-28T06:20:28","slug":"tour-privado-valencia-con-guia-oficial-vehiculo-y-entradas","status":"publish","type":"product","link":"https:\/\/tourtravelandmore.com\/es\/tours\/espana-es\/valencia-es\/tour-privado-valencia-con-guia-oficial-vehiculo-y-entradas\/","title":{"rendered":"Tour Privado de Valencia con gu\u00eda y veh\u00edculo"},"content":{"rendered":"<h2><b>Descripci\u00f3n del Tour privado por Valencia<\/b><\/h2>\n<p><span style=\"font-weight: 400;\">A orillas del r\u00edo Turia se encuentra la monumental ciudad de Valencia, la cual ofrece un sinf\u00edn de maravillas para conocer y descubrir.\u00a0<\/span><\/p>\n<p><span style=\"font-weight: 400;\">Con nuestro <\/span><b>tour privado por Valencia,<\/b><span style=\"font-weight: 400;\"> vivir\u00e1s una experiencia inolvidable, porque nos encargaremos de llevarte por los lugares m\u00e1s atractivos y representativos de esta incre\u00edble regi\u00f3n.\u00a0\u00a0<\/span><\/p>\n<p><span style=\"font-weight: 400;\">Es una <\/span><b>visita guiada de 4 horas<\/b><span style=\"font-weight: 400;\"> para ver de cerca cada rinc\u00f3n de esta espl\u00e9ndida ciudad. Explorar\u00e1s su enigm\u00e1tico puerto, las playas mediterr\u00e1neas m\u00e1s conocidas y todos los monumentos de mayor <\/span><b>valor hist\u00f3rico y cultural.<\/b><span style=\"font-weight: 400;\">\u00a0<\/span><\/p>\n<p><span style=\"font-weight: 400;\">Caminar\u00e1s por el centro hist\u00f3rico de Valencia, el cual es el m\u00e1s grande de toda Espa\u00f1a y cuenta con una exquisita mezcla entre la arquitectura medieval y los edificios m\u00e1s futuristas de Europa.\u00a0<\/span><\/p>\n<p><span style=\"font-weight: 400;\">Explorar\u00e1s de cerca el Miguelete, las Torres de Serrano, la Plaza de la Virgen y descubrir\u00e1s todos los secretos de <\/span><b>la conocida fiesta de las Fallas,<\/b><span style=\"font-weight: 400;\"> es un Patrimonio Cultural Inmaterial de la Humanidad.\u00a0<\/span><\/p>\n<p><span style=\"font-weight: 400;\">Tambi\u00e9n, conocer\u00e1s sobre el Tribunal de las aguas, una tradici\u00f3n que se celebra en la ciudad desde hace m\u00e1s de 1.000 a\u00f1os.\u00a0<\/span><\/p>\n<p><b>Durante todo el recorrido, el gu\u00eda privado te acompa\u00f1ar\u00e1<\/b><span style=\"font-weight: 400;\"> y te contar\u00e1 todos los datos m\u00e1s importantes de cada punto de inter\u00e9s, con la finalidad de que aproveches cada minuto de la excursi\u00f3n.\u00a0<\/span><\/p>\n<p><span style=\"font-weight: 400;\">El tour privado por Valencia inicia en el punto de encuentro que selecciones, por el cual <\/span><b>te pasaremos buscando en un c\u00f3modo coche con chofer privado,<\/b><span style=\"font-weight: 400;\"> para que recorras con total comodidad los sitios m\u00e1s destacados y que te sorprender\u00e1n por completo.\u00a0<\/span><\/p>\n<p><span style=\"font-weight: 400;\">Al finalizar el paseo guiado por la capital valenciana, te llevaremos de vuelta hasta el punto que nos indiques. El objetivo es que aproveches al m\u00e1ximo tu visita por la ciudad de la horchata.\u00a0<\/span><\/p>\n<h2><span style=\"color: #d3af37;\"><b>Puntos de inter\u00e9s del tour privado<\/b><\/span><\/h2>\n<p><span style=\"font-weight: 400;\">Cada uno de los puntos de inter\u00e9s de Valencia que conocer\u00e1s en este tour privado est\u00e1 lleno de un gran valor hist\u00f3rico, arquitect\u00f3nico y cultural.\u00a0<\/span><\/p>\n<p><span style=\"font-weight: 400;\">Solo deber\u00e1s tomar tu c\u00e1mara fotogr\u00e1fica y relajarte para que descubras los lugares m\u00e1s emblem\u00e1ticos de Valencia, como, por ejemplo:\u00a0<\/span><\/p>\n<h3><span style=\"color: #d3af37;\"><b>La Catedral de Valencia y El Miguelete\u00a0<\/b><\/span><\/h3>\n<p><span style=\"font-weight: 400;\">La Catedral de Valencia, cuya torre de campanario es el emblem\u00e1tico Miguelete, es una de las paradas obligatorias en este tour privado por la capital valenciana.<\/span><\/p>\n<p><span style=\"font-weight: 400;\">Se trata de uno de los s\u00edmbolos inconfundibles de la ciudad y que a\u00f1o tras a\u00f1o recibe a miles de turistas, quienes se quedan maravillados por la imponente belleza de la catedral.\u00a0<\/span><\/p>\n<p><span style=\"font-weight: 400;\">Esta construcci\u00f3n se comenz\u00f3 a levantar a finales del siglo XIII, sobre una antigua mezquita. Sin embargo, recibi\u00f3 numerosos retoques en su fachada hasta mediados del siglo XVII.\u00a0<\/span><\/p>\n<p><span style=\"font-weight: 400;\">Es por eso, que en su estructura se mezclan distintos estilos arquitect\u00f3nicos, en el cual predomina el g\u00f3tico.\u00a0<\/span><\/p>\n<p><span style=\"font-weight: 400;\">En <\/span><b>el interior de la catedral se encuentra la joya del edificio: \u201cel Santo C\u00e1liz<\/b><span style=\"font-weight: 400;\">\u201d, el cual \u2013seg\u00fan relata la historia- fue el que utiliz\u00f3 Jes\u00fas de Nazaret en el siglo I d.C. para realizar la eucarist\u00eda.\u00a0<\/span><\/p>\n<p><span style=\"font-weight: 400;\">La Unesco declar\u00f3 a esta monumental construcci\u00f3n como un patrimonio hist\u00f3rico de la humanidad.\u00a0<\/span><\/p>\n<h3><span style=\"color: #d3af37;\"><b>El Puerto y las playas mediterr\u00e1neas valencianas<\/b><\/span><\/h3>\n<p><span style=\"font-weight: 400;\">Si algo destaca a Valencia, es su espl\u00e9ndido puerto mar\u00edtimo y las playas mediterr\u00e1neas que la rodean.<\/span><\/p>\n<p><span style=\"font-weight: 400;\">En este tour privado <\/span><b>ver\u00e1s de cerca algunas de las playas de agua color azul turquesa<\/b><span style=\"font-weight: 400;\"> que bordean la ciudad y que son ideales para desconectarse de la rutina.\u00a0<\/span><\/p>\n<h3><span style=\"color: #d3af37;\"><b>La Ciudad de las Artes y las Ciencias<\/b><\/span><\/h3>\n<p><span style=\"font-weight: 400;\">Se trata de un complejo de edificios que conforman una obra arquitect\u00f3nica de gran valor en toda Europa. Fue realizada por el arquitecto Santiago Calatrava y es un \u00edcono inconfundible de la capital.\u00a0<\/span><\/p>\n<p><span style=\"font-weight: 400;\">Descubrir\u00e1s su incre\u00edble fachada en la cual se encuentran los edificios de Oceanogr\u00e0fic, el Museu de les Ci\u00e8ncies, Palau de les Arts Reina Sof\u00eda, el Hemisf\u00e8ric, entre otros.<\/span><\/p>\n<h3><span style=\"color: #d3af37;\"><span style=\"font-weight: 400;\">\u00a0<\/span><b>La Lonja de la Seda<\/b><\/span><\/h3>\n<p><span style=\"font-weight: 400;\">La lonja de la Seda o de los mercaderes se ubica frente al mercado central. Esta es una de las obras maestras de la Valencia g\u00f3tica y que ha perdurado en el tiempo.\u00a0<\/span><\/p>\n<p><span style=\"font-weight: 400;\">Antiguamente, en el recinto se hac\u00edan las transacciones mercantiles de la ciudad. Pero por la creciente prosperidad de Valencia, se tuvo que ampliar el edificio posteriormente. Hoy en d\u00eda permanece como una joya arquitect\u00f3nica europea.\u00a0<\/span><\/p>\n<p><span style=\"font-weight: 400;\">Aparte de todos los puntos de inter\u00e9s que ya mencionamos, tambi\u00e9n vas a descubrir otros emblem\u00e1ticos lugares, como, por ejemplo:\u00a0<\/span><\/p>\n<ul>\n<li><b>Las Torres de Serranos<\/b><\/li>\n<li><b>La Plaza de la Virgen\u00a0<\/b><\/li>\n<li><b>Palacio de la Generalitat<\/b><\/li>\n<li><b>Santa Catalina<\/b><\/li>\n<li><b>El Mercado Central<\/b><\/li>\n<li><b>La Bas\u00edlica de la Virgen de los Desamparados<\/b><\/li>\n<li aria-level=\"1\"><b>Entre otros lugares m\u00e1s.\u00a0<\/b><\/li>\n<\/ul>\n<p><span style=\"font-weight: 400;\">Ser\u00e1 un paseo personalizado y agradable para coleccionar inolvidables recuerdos. Al finalizar, te llevaremos de regreso hasta el sitio acordado y el cual sea de tu mayor comodidad.\u00a0<\/span><\/p>\n<p><span style=\"font-weight: 400;\">Si quieres que tu visita por la regi\u00f3n de Valencia sea m\u00e1s placentera, te recomendamos que tomes el <\/span><b>tour privado a la Albufera de Valencia<\/b><span style=\"font-weight: 400;\">, para que tengas un d\u00eda relajante y fuera de lo com\u00fan. <\/span><\/p>\n","protected":false},"excerpt":{"rendered":"<p><span style=\"font-weight: 400;\">Disfruta de una manera exclusiva de la maravillosa ciudad de Valencia, mejor conocida como la cuna de la paella espa\u00f1ola. Recorre sus calles, monumentos y lugares m\u00e1s emblem\u00e1ticos, como la Ciudad de las Artes y las Ciencias, el Barrio del Carmen, la Lonja de la Seda, entre muchos otros sitios de inter\u00e9s, en este tour privado de 4 horas en compa\u00f1\u00eda de un gu\u00eda oficial y con traslado en un coche exclusivo<\/span><\/p>\n","protected":false},"featured_media":119781,"comment_status":"open","ping_status":"closed","template":"","meta":{"_acf_changed":false},"product_brand":[],"product_cat":[321,322,324,323],"product_tag":[],"class_list":{"0":"post-8972","1":"product","2":"type-product","3":"status-publish","4":"has-post-thumbnail","6":"product_cat-valencia-es","7":"product_cat-valencia-actividades-es","8":"product_cat-valencia-rutas-turisticas-privadas-es","9":"product_cat-valencia-excursiones-es","11":"first","12":"instock","13":"shipping-taxable","14":"purchasable","15":"product-type-simple"},"acf":[],"yoast_head":"<!-- This site is optimized with the Yoast SEO Premium plugin v25.3.1 (Yoast SEO v25.3.1) - https:\/\/yoast.com\/wordpress\/plugins\/seo\/ -->\n<title>\u27a1\ufe0f Tour privado por Valencia en un coche de lujo y con gu\u00eda incluido | Tour Travel &amp; More<\/title>\n<meta name=\"description\" content=\"Explora la ciudad de Valencia de una forma \u00fanica y personalizada en un tour privado en el que dispondr\u00e1s de un gu\u00eda oficial y de un coche exclusivo para tu traslado \u2705\" \/>\n<meta name=\"robots\" content=\"index, follow, max-snippet:-1, max-image-preview:large, max-video-preview:-1\" \/>\n<link rel=\"canonical\" href=\"https:\/\/tourtravelandmore.com\/es\/tours\/espana-es\/valencia-es\/tour-privado-valencia-con-guia-oficial-vehiculo-y-entradas\/\" \/>\n<meta property=\"og:locale\" content=\"es_ES\" \/>\n<meta property=\"og:type\" content=\"article\" \/>\n<meta property=\"og:title\" content=\"Tour Privado de Valencia con gu\u00eda y veh\u00edculo\" \/>\n<meta property=\"og:description\" content=\"Explora la ciudad de Valencia de una forma \u00fanica y personalizada en un tour privado en el que dispondr\u00e1s de un gu\u00eda oficial y de un coche exclusivo para tu traslado \u2705\" \/>\n<meta property=\"og:url\" content=\"https:\/\/tourtravelandmore.com\/es\/tours\/espana-es\/valencia-es\/tour-privado-valencia-con-guia-oficial-vehiculo-y-entradas\/\" \/>\n<meta property=\"og:site_name\" content=\"Tour Travel And More\" \/>\n<meta property=\"article:publisher\" content=\"https:\/\/www.facebook.com\/tourtravelandmore\/\" \/>\n<meta property=\"article:modified_time\" content=\"2023-02-28T06:20:28+00:00\" \/>\n<meta property=\"og:image\" content=\"https:\/\/tourtravelandmore.com\/wp-content\/uploads\/2022\/02\/reiseuhu-rBzEDEtdHSY-unsplash.jpg\" \/>\n\t<meta property=\"og:image:width\" content=\"1920\" \/>\n\t<meta property=\"og:image:height\" content=\"1440\" \/>\n\t<meta property=\"og:image:type\" content=\"image\/jpeg\" \/>\n<meta name=\"twitter:card\" content=\"summary_large_image\" \/>\n<meta name=\"twitter:site\" content=\"@TourTravel_More\" \/>\n<meta name=\"twitter:label1\" content=\"Tiempo de lectura\" \/>\n\t<meta name=\"twitter:data1\" content=\"4 minutos\" \/>\n<script type=\"application\/ld+json\" class=\"yoast-schema-graph\">{\"@context\":\"https:\/\/schema.org\",\"@graph\":[{\"@type\":\"WebPage\",\"@id\":\"https:\/\/tourtravelandmore.com\/es\/tours\/espana-es\/valencia-es\/tour-privado-valencia-con-guia-oficial-vehiculo-y-entradas\/\",\"url\":\"https:\/\/tourtravelandmore.com\/es\/tours\/espana-es\/valencia-es\/tour-privado-valencia-con-guia-oficial-vehiculo-y-entradas\/\",\"name\":\"\u27a1\ufe0f Tour privado por Valencia en un coche de lujo y con gu\u00eda incluido | Tour Travel & More\",\"isPartOf\":{\"@id\":\"https:\/\/tourtravelandmore.com\/es\/#website\"},\"primaryImageOfPage\":{\"@id\":\"https:\/\/tourtravelandmore.com\/es\/tours\/espana-es\/valencia-es\/tour-privado-valencia-con-guia-oficial-vehiculo-y-entradas\/#primaryimage\"},\"image\":{\"@id\":\"https:\/\/tourtravelandmore.com\/es\/tours\/espana-es\/valencia-es\/tour-privado-valencia-con-guia-oficial-vehiculo-y-entradas\/#primaryimage\"},\"thumbnailUrl\":\"https:\/\/tourtravelandmore.com\/wp-content\/uploads\/2022\/02\/reiseuhu-rBzEDEtdHSY-unsplash.jpg\",\"datePublished\":\"2016-11-08T10:30:08+00:00\",\"dateModified\":\"2023-02-28T06:20:28+00:00\",\"description\":\"Explora la ciudad de Valencia de una forma \u00fanica y personalizada en un tour privado en el que dispondr\u00e1s de un gu\u00eda oficial y de un coche exclusivo para tu traslado \u2705\",\"breadcrumb\":{\"@id\":\"https:\/\/tourtravelandmore.com\/es\/tours\/espana-es\/valencia-es\/tour-privado-valencia-con-guia-oficial-vehiculo-y-entradas\/#breadcrumb\"},\"inLanguage\":\"es\",\"potentialAction\":[{\"@type\":\"ReadAction\",\"target\":[\"https:\/\/tourtravelandmore.com\/es\/tours\/espana-es\/valencia-es\/tour-privado-valencia-con-guia-oficial-vehiculo-y-entradas\/\"]}]},{\"@type\":\"ImageObject\",\"inLanguage\":\"es\",\"@id\":\"https:\/\/tourtravelandmore.com\/es\/tours\/espana-es\/valencia-es\/tour-privado-valencia-con-guia-oficial-vehiculo-y-entradas\/#primaryimage\",\"url\":\"https:\/\/tourtravelandmore.com\/wp-content\/uploads\/2022\/02\/reiseuhu-rBzEDEtdHSY-unsplash.jpg\",\"contentUrl\":\"https:\/\/tourtravelandmore.com\/wp-content\/uploads\/2022\/02\/reiseuhu-rBzEDEtdHSY-unsplash.jpg\",\"width\":1920,\"height\":1440},{\"@type\":\"BreadcrumbList\",\"@id\":\"https:\/\/tourtravelandmore.com\/es\/tours\/espana-es\/valencia-es\/tour-privado-valencia-con-guia-oficial-vehiculo-y-entradas\/#breadcrumb\",\"itemListElement\":[{\"@type\":\"ListItem\",\"position\":1,\"name\":\"Home\",\"item\":\"https:\/\/tourtravelandmore.com\/es\/\"},{\"@type\":\"ListItem\",\"position\":2,\"name\":\"Tours\",\"item\":\"https:\/\/tourtravelandmore.com\/es\/tours\/\"},{\"@type\":\"ListItem\",\"position\":3,\"name\":\"Tour Privado de Valencia con gu\u00eda y veh\u00edculo\"}]},{\"@type\":\"WebSite\",\"@id\":\"https:\/\/tourtravelandmore.com\/es\/#website\",\"url\":\"https:\/\/tourtravelandmore.com\/es\/\",\"name\":\"Tour Travel And More\",\"description\":\"Private sightseeing tours and luxury transfers in Spain\",\"publisher\":{\"@id\":\"https:\/\/tourtravelandmore.com\/es\/#organization\"},\"potentialAction\":[{\"@type\":\"SearchAction\",\"target\":{\"@type\":\"EntryPoint\",\"urlTemplate\":\"https:\/\/tourtravelandmore.com\/es\/?s={search_term_string}\"},\"query-input\":{\"@type\":\"PropertyValueSpecification\",\"valueRequired\":true,\"valueName\":\"search_term_string\"}}],\"inLanguage\":\"es\"},{\"@type\":\"Organization\",\"@id\":\"https:\/\/tourtravelandmore.com\/es\/#organization\",\"name\":\"Tour Travel And More\",\"url\":\"https:\/\/tourtravelandmore.com\/es\/\",\"logo\":{\"@type\":\"ImageObject\",\"inLanguage\":\"es\",\"@id\":\"https:\/\/tourtravelandmore.com\/es\/#\/schema\/logo\/image\/\",\"url\":\"https:\/\/tourtravelandmore.com\/wp-content\/uploads\/2022\/12\/cropped-logo-cabecera-new.png\",\"contentUrl\":\"https:\/\/tourtravelandmore.com\/wp-content\/uploads\/2022\/12\/cropped-logo-cabecera-new.png\",\"width\":430,\"height\":61,\"caption\":\"Tour Travel And More\"},\"image\":{\"@id\":\"https:\/\/tourtravelandmore.com\/es\/#\/schema\/logo\/image\/\"},\"sameAs\":[\"https:\/\/www.facebook.com\/tourtravelandmore\/\",\"https:\/\/x.com\/TourTravel_More\"]}]}<\/script>\n<!-- \/ Yoast SEO Premium plugin. -->","yoast_head_json":{"title":"\u27a1\ufe0f Tour privado por Valencia en un coche de lujo y con gu\u00eda incluido | Tour Travel & More","description":"Explora la ciudad de Valencia de una forma \u00fanica y personalizada en un tour privado en el que dispondr\u00e1s de un gu\u00eda oficial y de un coche exclusivo para tu traslado \u2705","robots":{"index":"index","follow":"follow","max-snippet":"max-snippet:-1","max-image-preview":"max-image-preview:large","max-video-preview":"max-video-preview:-1"},"canonical":"https:\/\/tourtravelandmore.com\/es\/tours\/espana-es\/valencia-es\/tour-privado-valencia-con-guia-oficial-vehiculo-y-entradas\/","og_locale":"es_ES","og_type":"article","og_title":"Tour Privado de Valencia con gu\u00eda y veh\u00edculo","og_description":"Explora la ciudad de Valencia de una forma \u00fanica y personalizada en un tour privado en el que dispondr\u00e1s de un gu\u00eda oficial y de un coche exclusivo para tu traslado \u2705","og_url":"https:\/\/tourtravelandmore.com\/es\/tours\/espana-es\/valencia-es\/tour-privado-valencia-con-guia-oficial-vehiculo-y-entradas\/","og_site_name":"Tour Travel And More","article_publisher":"https:\/\/www.facebook.com\/tourtravelandmore\/","article_modified_time":"2023-02-28T06:20:28+00:00","og_image":[{"width":1920,"height":1440,"url":"https:\/\/tourtravelandmore.com\/wp-content\/uploads\/2022\/02\/reiseuhu-rBzEDEtdHSY-unsplash.jpg","type":"image\/jpeg"}],"twitter_card":"summary_large_image","twitter_site":"@TourTravel_More","twitter_misc":{"Tiempo de lectura":"4 minutos"},"schema":{"@context":"https:\/\/schema.org","@graph":[{"@type":"WebPage","@id":"https:\/\/tourtravelandmore.com\/es\/tours\/espana-es\/valencia-es\/tour-privado-valencia-con-guia-oficial-vehiculo-y-entradas\/","url":"https:\/\/tourtravelandmore.com\/es\/tours\/espana-es\/valencia-es\/tour-privado-valencia-con-guia-oficial-vehiculo-y-entradas\/","name":"\u27a1\ufe0f Tour privado por Valencia en un coche de lujo y con gu\u00eda incluido | Tour Travel & More","isPartOf":{"@id":"https:\/\/tourtravelandmore.com\/es\/#website"},"primaryImageOfPage":{"@id":"https:\/\/tourtravelandmore.com\/es\/tours\/espana-es\/valencia-es\/tour-privado-valencia-con-guia-oficial-vehiculo-y-entradas\/#primaryimage"},"image":{"@id":"https:\/\/tourtravelandmore.com\/es\/tours\/espana-es\/valencia-es\/tour-privado-valencia-con-guia-oficial-vehiculo-y-entradas\/#primaryimage"},"thumbnailUrl":"https:\/\/tourtravelandmore.com\/wp-content\/uploads\/2022\/02\/reiseuhu-rBzEDEtdHSY-unsplash.jpg","datePublished":"2016-11-08T10:30:08+00:00","dateModified":"2023-02-28T06:20:28+00:00","description":"Explora la ciudad de Valencia de una forma \u00fanica y personalizada en un tour privado en el que dispondr\u00e1s de un gu\u00eda oficial y de un coche exclusivo para tu traslado \u2705","breadcrumb":{"@id":"https:\/\/tourtravelandmore.com\/es\/tours\/espana-es\/valencia-es\/tour-privado-valencia-con-guia-oficial-vehiculo-y-entradas\/#breadcrumb"},"inLanguage":"es","potentialAction":[{"@type":"ReadAction","target":["https:\/\/tourtravelandmore.com\/es\/tours\/espana-es\/valencia-es\/tour-privado-valencia-con-guia-oficial-vehiculo-y-entradas\/"]}]},{"@type":"ImageObject","inLanguage":"es","@id":"https:\/\/tourtravelandmore.com\/es\/tours\/espana-es\/valencia-es\/tour-privado-valencia-con-guia-oficial-vehiculo-y-entradas\/#primaryimage","url":"https:\/\/tourtravelandmore.com\/wp-content\/uploads\/2022\/02\/reiseuhu-rBzEDEtdHSY-unsplash.jpg","contentUrl":"https:\/\/tourtravelandmore.com\/wp-content\/uploads\/2022\/02\/reiseuhu-rBzEDEtdHSY-unsplash.jpg","width":1920,"height":1440},{"@type":"BreadcrumbList","@id":"https:\/\/tourtravelandmore.com\/es\/tours\/espana-es\/valencia-es\/tour-privado-valencia-con-guia-oficial-vehiculo-y-entradas\/#breadcrumb","itemListElement":[{"@type":"ListItem","position":1,"name":"Home","item":"https:\/\/tourtravelandmore.com\/es\/"},{"@type":"ListItem","position":2,"name":"Tours","item":"https:\/\/tourtravelandmore.com\/es\/tours\/"},{"@type":"ListItem","position":3,"name":"Tour Privado de Valencia con gu\u00eda y veh\u00edculo"}]},{"@type":"WebSite","@id":"https:\/\/tourtravelandmore.com\/es\/#website","url":"https:\/\/tourtravelandmore.com\/es\/","name":"Tour Travel And More","description":"Private sightseeing tours and luxury transfers in Spain","publisher":{"@id":"https:\/\/tourtravelandmore.com\/es\/#organization"},"potentialAction":[{"@type":"SearchAction","target":{"@type":"EntryPoint","urlTemplate":"https:\/\/tourtravelandmore.com\/es\/?s={search_term_string}"},"query-input":{"@type":"PropertyValueSpecification","valueRequired":true,"valueName":"search_term_string"}}],"inLanguage":"es"},{"@type":"Organization","@id":"https:\/\/tourtravelandmore.com\/es\/#organization","name":"Tour Travel And More","url":"https:\/\/tourtravelandmore.com\/es\/","logo":{"@type":"ImageObject","inLanguage":"es","@id":"https:\/\/tourtravelandmore.com\/es\/#\/schema\/logo\/image\/","url":"https:\/\/tourtravelandmore.com\/wp-content\/uploads\/2022\/12\/cropped-logo-cabecera-new.png","contentUrl":"https:\/\/tourtravelandmore.com\/wp-content\/uploads\/2022\/12\/cropped-logo-cabecera-new.png","width":430,"height":61,"caption":"Tour Travel And More"},"image":{"@id":"https:\/\/tourtravelandmore.com\/es\/#\/schema\/logo\/image\/"},"sameAs":["https:\/\/www.facebook.com\/tourtravelandmore\/","https:\/\/x.com\/TourTravel_More"]}]}},"_links":{"self":[{"href":"https:\/\/tourtravelandmore.com\/es\/wp-json\/wp\/v2\/product\/8972","targetHints":{"allow":["GET"]}}],"collection":[{"href":"https:\/\/tourtravelandmore.com\/es\/wp-json\/wp\/v2\/product"}],"about":[{"href":"https:\/\/tourtravelandmore.com\/es\/wp-json\/wp\/v2\/types\/product"}],"replies":[{"embeddable":true,"href":"https:\/\/tourtravelandmore.com\/es\/wp-json\/wp\/v2\/comments?post=8972"}],"wp:featuredmedia":[{"embeddable":true,"href":"https:\/\/tourtravelandmore.com\/es\/wp-json\/wp\/v2\/media\/119781"}],"wp:attachment":[{"href":"https:\/\/tourtravelandmore.com\/es\/wp-json\/wp\/v2\/media?parent=8972"}],"wp:term":[{"taxonomy":"product_brand","embeddable":true,"href":"https:\/\/tourtravelandmore.com\/es\/wp-json\/wp\/v2\/product_brand?post=8972"},{"taxonomy":"product_cat","embeddable":true,"href":"https:\/\/tourtravelandmore.com\/es\/wp-json\/wp\/v2\/product_cat?post=8972"},{"taxonomy":"product_tag","embeddable":true,"href":"https:\/\/tourtravelandmore.com\/es\/wp-json\/wp\/v2\/product_tag?post=8972"}],"curies":[{"name":"wp","href":"https:\/\/api.w.org\/{rel}","templated":true}]}}