{"id":89678,"date":"2020-12-15T12:30:30","date_gmt":"2020-12-15T11:30:32","guid":{"rendered":"https:\/\/tourtravelandmore.com\/?post_type=product&#038;p=89678"},"modified":"2022-01-18T19:18:08","modified_gmt":"2022-01-18T18:18:08","slug":"tour-privado-de-texas-hill-country","status":"publish","type":"product","link":"https:\/\/tourtravelandmore.com\/es\/tours\/eeuu-es\/austin-es\/austin-actividades-es\/tour-privado-de-texas-hill-country\/","title":{"rendered":"Tour privado de Texas Hill Country"},"content":{"rendered":"<h2 id=\"tw-target-text\" class=\"tw-data-text tw-text-large XcVN5d tw-ta\" dir=\"ltr\" data-placeholder=\"Traducci\u00f3n\"><span lang=\"es\">Descripci\u00f3n del Tour privado de Texas Hill Country<\/span><\/h2>\n<p>Realice nuestro viaje de un d\u00eda para conocer Texas Hill Country. Es por eso que debe tomar nuestro tour privado de Texas Hill Country para una experiencia completamente \u00fanica.<\/p>\n<p>Este tour privado comenzar\u00e1 en su hotel o lugar de elecci\u00f3n en Austin. El pa\u00eds de Texas Hill se encuentra en el centro y sur de Texas. \u00a1Es un campo completamente remoto que se puede experimentar con uno de nuestros gu\u00edas privados!<\/p>\n<p>Es una de las \u00e1reas m\u00e1s hermosas de Texas.<\/p>\n<p>Despu\u00e9s de una c\u00f3moda recogida, nos dirigiremos hacia esta parte \u00fanica del estado de Texas. En primavera disfruta de las incre\u00edbles flores silvestres y de todo lo que esta zona tiene para ofrecer.<\/p>\n<p>Este tour privado terminar\u00e1 en su hotel o lugar de elecci\u00f3n en Austin.<\/p>\n<h2>Puntos emblem\u00e1ticos y de inter\u00e9s en Texas Hill Country<\/h2>\n<p>Antes de comenzar este tour privado de Texas Hill Country, lo recogeremos de su hotel o apartamento en Austin.<\/p>\n<p>Luego nos dirigiremos hacia Texas Hill Country.<\/p>\n<p>En primer lugar, conduciremos c\u00f3modamente hasta all\u00ed con nuestro recorrido privado por el campo de Texas Hill. Luego nos dirigiremos hacia el Parque Hist\u00f3rico Nacional Lyndon B Johnson. Aqu\u00ed descubriremos la ciudad de Johnson. Aqu\u00ed es donde naci\u00f3 el expresidente Lyndon B Johnson. Conoceremos hechos hist\u00f3ricos importantes sobre el expresidente.<\/p>\n<p>No podemos perdernos Fredericksburg durante esta visita. Esta fue una colonia alemana. Organizaremos algo de tiempo libre para conocer las tiendas locales e incluso algunos recuerdos. Despu\u00e9s de Fredericksburg, nos dirigiremos hacia Luckenbach. Esta es una peque\u00f1a ciudad famosa por la m\u00fasica country.<\/p>\n<p>Despu\u00e9s de visitar toda esta experiencia de Texas Hill Country, lo llevaremos de regreso a su hotel o lugar de elecci\u00f3n en Austin.<\/p>\n<p>\u00a1Vea nuestros tours privados en Austin <a href=\"https:\/\/tourtravelandmore.com\/es\/ciudad\/eeuu-es\/austin-es\/\">aqu\u00ed!<\/a><\/p>\n<p><strong>Ofrecemos tours privados en cualquier lugar de su elecci\u00f3n, en todo Austin y, por supuesto, en los Estados Unidos.<\/strong><\/p>\n","protected":false},"excerpt":{"rendered":"<p>\u00a1Disfruta al m\u00e1ximo tu estad\u00eda en Austin y ven con nosotros en este <strong>Tour Privado por Texas Hill Country<\/strong> y disfr\u00fatalo c\u00f3modamente en un veh\u00edculo privado!<\/p>\n","protected":false},"featured_media":89706,"comment_status":"open","ping_status":"closed","template":"","meta":{"_acf_changed":false},"product_brand":[],"product_cat":[1602,3083,3086,3089],"product_tag":[],"class_list":{"0":"post-89678","1":"product","2":"type-product","3":"status-publish","4":"has-post-thumbnail","6":"product_cat-eeuu-es","7":"product_cat-austin-es","8":"product_cat-austin-actividades-es","9":"product_cat-austin-tours-es","11":"first","12":"instock","13":"shipping-taxable","14":"purchasable","15":"product-type-simple"},"acf":[],"yoast_head":"<!-- This site is optimized with the Yoast SEO Premium plugin v25.3.1 (Yoast SEO v25.3.1) - https:\/\/yoast.com\/wordpress\/plugins\/seo\/ -->\n<title>Tour privado de Texas Hill Country con gu\u00eda tur\u00edstico y un veh\u00edculo privado<\/title>\n<meta name=\"description\" content=\"\u00a1Disfruta al m\u00e1ximo tu estad\u00eda en Austin y reserva con nosotros en este Tour Privado por Texas Hill Country con veh\u00edculo privado!\" \/>\n<meta name=\"robots\" content=\"index, follow, max-snippet:-1, max-image-preview:large, max-video-preview:-1\" \/>\n<link rel=\"canonical\" href=\"https:\/\/tourtravelandmore.com\/es\/tours\/eeuu-es\/austin-es\/austin-actividades-es\/tour-privado-de-texas-hill-country\/\" \/>\n<meta property=\"og:locale\" content=\"es_ES\" \/>\n<meta property=\"og:type\" content=\"article\" \/>\n<meta property=\"og:title\" content=\"Tour privado de Texas Hill Country\" \/>\n<meta property=\"og:description\" content=\"\u00a1Disfruta al m\u00e1ximo tu estad\u00eda en Austin y reserva con nosotros en este Tour Privado por Texas Hill Country con veh\u00edculo privado!\" \/>\n<meta property=\"og:url\" content=\"https:\/\/tourtravelandmore.com\/es\/tours\/eeuu-es\/austin-es\/austin-actividades-es\/tour-privado-de-texas-hill-country\/\" \/>\n<meta property=\"og:site_name\" content=\"Tour Travel And More\" \/>\n<meta property=\"article:publisher\" content=\"https:\/\/www.facebook.com\/tourtravelandmore\/\" \/>\n<meta property=\"article:modified_time\" content=\"2022-01-18T18:18:08+00:00\" \/>\n<meta property=\"og:image\" content=\"https:\/\/tourtravelandmore.com\/wp-content\/uploads\/2020\/12\/Austin-11-scaled.jpg\" \/>\n\t<meta property=\"og:image:width\" content=\"2560\" \/>\n\t<meta property=\"og:image:height\" content=\"1707\" \/>\n\t<meta property=\"og:image:type\" content=\"image\/jpeg\" \/>\n<meta name=\"twitter:card\" content=\"summary_large_image\" \/>\n<meta name=\"twitter:site\" content=\"@TourTravel_More\" \/>\n<meta name=\"twitter:label1\" content=\"Tiempo de lectura\" \/>\n\t<meta name=\"twitter:data1\" content=\"2 minutos\" \/>\n<script type=\"application\/ld+json\" class=\"yoast-schema-graph\">{\"@context\":\"https:\/\/schema.org\",\"@graph\":[{\"@type\":\"WebPage\",\"@id\":\"https:\/\/tourtravelandmore.com\/es\/tours\/eeuu-es\/austin-es\/austin-actividades-es\/tour-privado-de-texas-hill-country\/\",\"url\":\"https:\/\/tourtravelandmore.com\/es\/tours\/eeuu-es\/austin-es\/austin-actividades-es\/tour-privado-de-texas-hill-country\/\",\"name\":\"Tour privado de Texas Hill Country con gu\u00eda tur\u00edstico y un veh\u00edculo privado\",\"isPartOf\":{\"@id\":\"https:\/\/tourtravelandmore.com\/es\/#website\"},\"primaryImageOfPage\":{\"@id\":\"https:\/\/tourtravelandmore.com\/es\/tours\/eeuu-es\/austin-es\/austin-actividades-es\/tour-privado-de-texas-hill-country\/#primaryimage\"},\"image\":{\"@id\":\"https:\/\/tourtravelandmore.com\/es\/tours\/eeuu-es\/austin-es\/austin-actividades-es\/tour-privado-de-texas-hill-country\/#primaryimage\"},\"thumbnailUrl\":\"https:\/\/tourtravelandmore.com\/wp-content\/uploads\/2020\/12\/Austin-11-scaled.jpg\",\"datePublished\":\"2020-12-15T11:30:32+00:00\",\"dateModified\":\"2022-01-18T18:18:08+00:00\",\"description\":\"\u00a1Disfruta al m\u00e1ximo tu estad\u00eda en Austin y reserva con nosotros en este Tour Privado por Texas Hill Country con veh\u00edculo privado!\",\"breadcrumb\":{\"@id\":\"https:\/\/tourtravelandmore.com\/es\/tours\/eeuu-es\/austin-es\/austin-actividades-es\/tour-privado-de-texas-hill-country\/#breadcrumb\"},\"inLanguage\":\"es\",\"potentialAction\":[{\"@type\":\"ReadAction\",\"target\":[\"https:\/\/tourtravelandmore.com\/es\/tours\/eeuu-es\/austin-es\/austin-actividades-es\/tour-privado-de-texas-hill-country\/\"]}]},{\"@type\":\"ImageObject\",\"inLanguage\":\"es\",\"@id\":\"https:\/\/tourtravelandmore.com\/es\/tours\/eeuu-es\/austin-es\/austin-actividades-es\/tour-privado-de-texas-hill-country\/#primaryimage\",\"url\":\"https:\/\/tourtravelandmore.com\/wp-content\/uploads\/2020\/12\/Austin-11-scaled.jpg\",\"contentUrl\":\"https:\/\/tourtravelandmore.com\/wp-content\/uploads\/2020\/12\/Austin-11-scaled.jpg\",\"width\":2560,\"height\":1707},{\"@type\":\"BreadcrumbList\",\"@id\":\"https:\/\/tourtravelandmore.com\/es\/tours\/eeuu-es\/austin-es\/austin-actividades-es\/tour-privado-de-texas-hill-country\/#breadcrumb\",\"itemListElement\":[{\"@type\":\"ListItem\",\"position\":1,\"name\":\"Home\",\"item\":\"https:\/\/tourtravelandmore.com\/es\/\"},{\"@type\":\"ListItem\",\"position\":2,\"name\":\"Tours\",\"item\":\"https:\/\/tourtravelandmore.com\/es\/tours\/\"},{\"@type\":\"ListItem\",\"position\":3,\"name\":\"Tour privado de Texas Hill Country\"}]},{\"@type\":\"WebSite\",\"@id\":\"https:\/\/tourtravelandmore.com\/es\/#website\",\"url\":\"https:\/\/tourtravelandmore.com\/es\/\",\"name\":\"Tour Travel And More\",\"description\":\"Private sightseeing tours and luxury transfers in Spain\",\"publisher\":{\"@id\":\"https:\/\/tourtravelandmore.com\/es\/#organization\"},\"potentialAction\":[{\"@type\":\"SearchAction\",\"target\":{\"@type\":\"EntryPoint\",\"urlTemplate\":\"https:\/\/tourtravelandmore.com\/es\/?s={search_term_string}\"},\"query-input\":{\"@type\":\"PropertyValueSpecification\",\"valueRequired\":true,\"valueName\":\"search_term_string\"}}],\"inLanguage\":\"es\"},{\"@type\":\"Organization\",\"@id\":\"https:\/\/tourtravelandmore.com\/es\/#organization\",\"name\":\"Tour Travel And More\",\"url\":\"https:\/\/tourtravelandmore.com\/es\/\",\"logo\":{\"@type\":\"ImageObject\",\"inLanguage\":\"es\",\"@id\":\"https:\/\/tourtravelandmore.com\/es\/#\/schema\/logo\/image\/\",\"url\":\"https:\/\/tourtravelandmore.com\/wp-content\/uploads\/2022\/12\/cropped-logo-cabecera-new.png\",\"contentUrl\":\"https:\/\/tourtravelandmore.com\/wp-content\/uploads\/2022\/12\/cropped-logo-cabecera-new.png\",\"width\":430,\"height\":61,\"caption\":\"Tour Travel And More\"},\"image\":{\"@id\":\"https:\/\/tourtravelandmore.com\/es\/#\/schema\/logo\/image\/\"},\"sameAs\":[\"https:\/\/www.facebook.com\/tourtravelandmore\/\",\"https:\/\/x.com\/TourTravel_More\"]}]}<\/script>\n<!-- \/ Yoast SEO Premium plugin. -->","yoast_head_json":{"title":"Tour privado de Texas Hill Country con gu\u00eda tur\u00edstico y un veh\u00edculo privado","description":"\u00a1Disfruta al m\u00e1ximo tu estad\u00eda en Austin y reserva con nosotros en este Tour Privado por Texas Hill Country con veh\u00edculo privado!","robots":{"index":"index","follow":"follow","max-snippet":"max-snippet:-1","max-image-preview":"max-image-preview:large","max-video-preview":"max-video-preview:-1"},"canonical":"https:\/\/tourtravelandmore.com\/es\/tours\/eeuu-es\/austin-es\/austin-actividades-es\/tour-privado-de-texas-hill-country\/","og_locale":"es_ES","og_type":"article","og_title":"Tour privado de Texas Hill Country","og_description":"\u00a1Disfruta al m\u00e1ximo tu estad\u00eda en Austin y reserva con nosotros en este Tour Privado por Texas Hill Country con veh\u00edculo privado!","og_url":"https:\/\/tourtravelandmore.com\/es\/tours\/eeuu-es\/austin-es\/austin-actividades-es\/tour-privado-de-texas-hill-country\/","og_site_name":"Tour Travel And More","article_publisher":"https:\/\/www.facebook.com\/tourtravelandmore\/","article_modified_time":"2022-01-18T18:18:08+00:00","og_image":[{"width":2560,"height":1707,"url":"https:\/\/tourtravelandmore.com\/wp-content\/uploads\/2020\/12\/Austin-11-scaled.jpg","type":"image\/jpeg"}],"twitter_card":"summary_large_image","twitter_site":"@TourTravel_More","twitter_misc":{"Tiempo de lectura":"2 minutos"},"schema":{"@context":"https:\/\/schema.org","@graph":[{"@type":"WebPage","@id":"https:\/\/tourtravelandmore.com\/es\/tours\/eeuu-es\/austin-es\/austin-actividades-es\/tour-privado-de-texas-hill-country\/","url":"https:\/\/tourtravelandmore.com\/es\/tours\/eeuu-es\/austin-es\/austin-actividades-es\/tour-privado-de-texas-hill-country\/","name":"Tour privado de Texas Hill Country con gu\u00eda tur\u00edstico y un veh\u00edculo privado","isPartOf":{"@id":"https:\/\/tourtravelandmore.com\/es\/#website"},"primaryImageOfPage":{"@id":"https:\/\/tourtravelandmore.com\/es\/tours\/eeuu-es\/austin-es\/austin-actividades-es\/tour-privado-de-texas-hill-country\/#primaryimage"},"image":{"@id":"https:\/\/tourtravelandmore.com\/es\/tours\/eeuu-es\/austin-es\/austin-actividades-es\/tour-privado-de-texas-hill-country\/#primaryimage"},"thumbnailUrl":"https:\/\/tourtravelandmore.com\/wp-content\/uploads\/2020\/12\/Austin-11-scaled.jpg","datePublished":"2020-12-15T11:30:32+00:00","dateModified":"2022-01-18T18:18:08+00:00","description":"\u00a1Disfruta al m\u00e1ximo tu estad\u00eda en Austin y reserva con nosotros en este Tour Privado por Texas Hill Country con veh\u00edculo privado!","breadcrumb":{"@id":"https:\/\/tourtravelandmore.com\/es\/tours\/eeuu-es\/austin-es\/austin-actividades-es\/tour-privado-de-texas-hill-country\/#breadcrumb"},"inLanguage":"es","potentialAction":[{"@type":"ReadAction","target":["https:\/\/tourtravelandmore.com\/es\/tours\/eeuu-es\/austin-es\/austin-actividades-es\/tour-privado-de-texas-hill-country\/"]}]},{"@type":"ImageObject","inLanguage":"es","@id":"https:\/\/tourtravelandmore.com\/es\/tours\/eeuu-es\/austin-es\/austin-actividades-es\/tour-privado-de-texas-hill-country\/#primaryimage","url":"https:\/\/tourtravelandmore.com\/wp-content\/uploads\/2020\/12\/Austin-11-scaled.jpg","contentUrl":"https:\/\/tourtravelandmore.com\/wp-content\/uploads\/2020\/12\/Austin-11-scaled.jpg","width":2560,"height":1707},{"@type":"BreadcrumbList","@id":"https:\/\/tourtravelandmore.com\/es\/tours\/eeuu-es\/austin-es\/austin-actividades-es\/tour-privado-de-texas-hill-country\/#breadcrumb","itemListElement":[{"@type":"ListItem","position":1,"name":"Home","item":"https:\/\/tourtravelandmore.com\/es\/"},{"@type":"ListItem","position":2,"name":"Tours","item":"https:\/\/tourtravelandmore.com\/es\/tours\/"},{"@type":"ListItem","position":3,"name":"Tour privado de Texas Hill Country"}]},{"@type":"WebSite","@id":"https:\/\/tourtravelandmore.com\/es\/#website","url":"https:\/\/tourtravelandmore.com\/es\/","name":"Tour Travel And More","description":"Private sightseeing tours and luxury transfers in Spain","publisher":{"@id":"https:\/\/tourtravelandmore.com\/es\/#organization"},"potentialAction":[{"@type":"SearchAction","target":{"@type":"EntryPoint","urlTemplate":"https:\/\/tourtravelandmore.com\/es\/?s={search_term_string}"},"query-input":{"@type":"PropertyValueSpecification","valueRequired":true,"valueName":"search_term_string"}}],"inLanguage":"es"},{"@type":"Organization","@id":"https:\/\/tourtravelandmore.com\/es\/#organization","name":"Tour Travel And More","url":"https:\/\/tourtravelandmore.com\/es\/","logo":{"@type":"ImageObject","inLanguage":"es","@id":"https:\/\/tourtravelandmore.com\/es\/#\/schema\/logo\/image\/","url":"https:\/\/tourtravelandmore.com\/wp-content\/uploads\/2022\/12\/cropped-logo-cabecera-new.png","contentUrl":"https:\/\/tourtravelandmore.com\/wp-content\/uploads\/2022\/12\/cropped-logo-cabecera-new.png","width":430,"height":61,"caption":"Tour Travel And More"},"image":{"@id":"https:\/\/tourtravelandmore.com\/es\/#\/schema\/logo\/image\/"},"sameAs":["https:\/\/www.facebook.com\/tourtravelandmore\/","https:\/\/x.com\/TourTravel_More"]}]}},"_links":{"self":[{"href":"https:\/\/tourtravelandmore.com\/es\/wp-json\/wp\/v2\/product\/89678","targetHints":{"allow":["GET"]}}],"collection":[{"href":"https:\/\/tourtravelandmore.com\/es\/wp-json\/wp\/v2\/product"}],"about":[{"href":"https:\/\/tourtravelandmore.com\/es\/wp-json\/wp\/v2\/types\/product"}],"replies":[{"embeddable":true,"href":"https:\/\/tourtravelandmore.com\/es\/wp-json\/wp\/v2\/comments?post=89678"}],"wp:featuredmedia":[{"embeddable":true,"href":"https:\/\/tourtravelandmore.com\/es\/wp-json\/wp\/v2\/media\/89706"}],"wp:attachment":[{"href":"https:\/\/tourtravelandmore.com\/es\/wp-json\/wp\/v2\/media?parent=89678"}],"wp:term":[{"taxonomy":"product_brand","embeddable":true,"href":"https:\/\/tourtravelandmore.com\/es\/wp-json\/wp\/v2\/product_brand?post=89678"},{"taxonomy":"product_cat","embeddable":true,"href":"https:\/\/tourtravelandmore.com\/es\/wp-json\/wp\/v2\/product_cat?post=89678"},{"taxonomy":"product_tag","embeddable":true,"href":"https:\/\/tourtravelandmore.com\/es\/wp-json\/wp\/v2\/product_tag?post=89678"}],"curies":[{"name":"wp","href":"https:\/\/api.w.org\/{rel}","templated":true}]}}