{"id":89637,"date":"2020-12-15T11:54:25","date_gmt":"2020-12-15T10:54:27","guid":{"rendered":"https:\/\/tourtravelandmore.com\/?post_type=product&#038;p=89637"},"modified":"2022-01-18T19:18:01","modified_gmt":"2022-01-18T18:18:01","slug":"tour-privado-de-austin-a-pie","status":"publish","type":"product","link":"https:\/\/tourtravelandmore.com\/es\/tours\/eeuu-es\/austin-es\/austin-actividades-es\/tour-privado-de-austin-a-pie\/","title":{"rendered":"Tour privado de Austin a pie"},"content":{"rendered":"<h2 id=\"tw-target-text\" class=\"tw-data-text tw-text-large XcVN5d tw-ta\" dir=\"ltr\" data-placeholder=\"Traducci\u00f3n\"><span lang=\"es\">Descripci\u00f3n Del Tour Privado a pie en Austin<\/span><\/h2>\n<p>Siempre decimos que un recorrido a pie te brindar\u00e1 una de las mejores experiencias de una ciudad. Nuestro tour privado a pie por Austin no es diferente. Es por eso que recomendamos esta experiencia no solo para principiantes sino para todo aquel que quiera conocer las joyas escondidas de la ciudad.<\/p>\n<p>Para este recorrido a pie privado por Austin, organizaremos un servicio de recogida en un punto de encuentro ubicado en el centro de la ciudad. H\u00e1ganos saber d\u00f3nde se encuentra su hotel y, si podemos, organizaremos una recogida a pie. Si no es as\u00ed, no te preocupes, organizaremos un punto de encuentro perfecto y sencillo donde iniciaremos el tour.<\/p>\n<p>Te llevaremos a los sitios m\u00e1s emblem\u00e1ticos y te llevaremos a lugares fant\u00e1sticos con nuestro paseo por Austin.<\/p>\n<p>Disfrute conociendo algunos de los sitios m\u00e1s emblem\u00e1ticos de Austin, incluido Jo&#8217;s Coffee, y deje que nuestro gu\u00eda le ense\u00f1e todo sobre lo que la ciudad tiene para ofrecer.<\/p>\n<h2>Puntos emblem\u00e1ticos y de inter\u00e9s de Austin:<\/h2>\n<p>Despu\u00e9s de reunirse con nuestro gu\u00eda tur\u00edstico, comenzaremos este recorrido privado a pie de 3 horas por Austin.<\/p>\n<p>Aqu\u00ed hay un ejemplo de lo que puede ver y disfrutar durante este tour privado:<\/p>\n<ul>\n<li><strong>\u00c1rea del Capitolio<\/strong><\/li>\n<li><strong>Lugares de inter\u00e9s del centro<\/strong><\/li>\n<li><strong>Avenida baja del congreso<\/strong><\/li>\n<li><strong>Willie Nelson Boulevard<\/strong><\/li>\n<li><strong>Lado oeste del centro<\/strong><\/li>\n<\/ul>\n<p>Este recorrido terminar\u00e1 en un punto de encuentro ubicado en el centro de la ciudad y el centro.<\/p>\n<p>Consulte nuestros tours privados en el resto de Austin y tambi\u00e9n en cualquier lugar de los Estados Unidos.<\/p>\n<p>Por supuesto, tambi\u00e9n organizamos excursiones privadas alrededor del mundo. Todo lo que necesita hacer es contactar a nuestros expertos en viajes para vivir una experiencia \u00fanica.<\/p>\n","protected":false},"excerpt":{"rendered":"<p>Disfrute de su estad\u00eda en Austin al m\u00e1ximo y venga con nosotros en este <strong>tour privado a pie por Austin.<\/strong><\/p>\n","protected":false},"featured_media":89618,"comment_status":"open","ping_status":"closed","template":"","meta":{"_acf_changed":false},"product_brand":[],"product_cat":[1602,3083,3086,3089,3092],"product_tag":[],"class_list":{"0":"post-89637","1":"product","2":"type-product","3":"status-publish","4":"has-post-thumbnail","6":"product_cat-eeuu-es","7":"product_cat-austin-es","8":"product_cat-austin-actividades-es","9":"product_cat-austin-tours-es","10":"product_cat-austin-a-pie-es","12":"first","13":"instock","14":"shipping-taxable","15":"purchasable","16":"product-type-simple"},"acf":[],"yoast_head":"<!-- This site is optimized with the Yoast SEO Premium plugin v25.3.1 (Yoast SEO v25.3.1) - https:\/\/yoast.com\/wordpress\/plugins\/seo\/ -->\n<title>Tour privado a pie por Austin con un gu\u00eda tur\u00edstico | Tour Travel &amp; More<\/title>\n<meta name=\"description\" content=\"\u2192 Disfrute de su estad\u00eda en Austin al m\u00e1ximo y venga con nosotros en este tour privado a pie por Austin. Esta es una experiencia \u2705\" \/>\n<meta name=\"robots\" content=\"index, follow, max-snippet:-1, max-image-preview:large, max-video-preview:-1\" \/>\n<link rel=\"canonical\" href=\"https:\/\/tourtravelandmore.com\/es\/tours\/eeuu-es\/austin-es\/austin-actividades-es\/tour-privado-de-austin-a-pie\/\" \/>\n<meta property=\"og:locale\" content=\"es_ES\" \/>\n<meta property=\"og:type\" content=\"article\" \/>\n<meta property=\"og:title\" content=\"Tour privado de Austin a pie\" \/>\n<meta property=\"og:description\" content=\"\u2192 Disfrute de su estad\u00eda en Austin al m\u00e1ximo y venga con nosotros en este tour privado a pie por Austin. Esta es una experiencia \u2705\" \/>\n<meta property=\"og:url\" content=\"https:\/\/tourtravelandmore.com\/es\/tours\/eeuu-es\/austin-es\/austin-actividades-es\/tour-privado-de-austin-a-pie\/\" \/>\n<meta property=\"og:site_name\" content=\"Tour Travel And More\" \/>\n<meta property=\"article:publisher\" content=\"https:\/\/www.facebook.com\/tourtravelandmore\/\" \/>\n<meta property=\"article:modified_time\" content=\"2022-01-18T18:18:01+00:00\" \/>\n<meta property=\"og:image\" content=\"https:\/\/tourtravelandmore.com\/wp-content\/uploads\/2020\/12\/Austin-5-scaled.jpg\" \/>\n\t<meta property=\"og:image:width\" content=\"1734\" \/>\n\t<meta property=\"og:image:height\" content=\"2560\" \/>\n\t<meta property=\"og:image:type\" content=\"image\/jpeg\" \/>\n<meta name=\"twitter:card\" content=\"summary_large_image\" \/>\n<meta name=\"twitter:site\" content=\"@TourTravel_More\" \/>\n<meta name=\"twitter:label1\" content=\"Tiempo de lectura\" \/>\n\t<meta name=\"twitter:data1\" content=\"2 minutos\" \/>\n<script type=\"application\/ld+json\" class=\"yoast-schema-graph\">{\"@context\":\"https:\/\/schema.org\",\"@graph\":[{\"@type\":\"WebPage\",\"@id\":\"https:\/\/tourtravelandmore.com\/es\/tours\/eeuu-es\/austin-es\/austin-actividades-es\/tour-privado-de-austin-a-pie\/\",\"url\":\"https:\/\/tourtravelandmore.com\/es\/tours\/eeuu-es\/austin-es\/austin-actividades-es\/tour-privado-de-austin-a-pie\/\",\"name\":\"Tour privado a pie por Austin con un gu\u00eda tur\u00edstico | Tour Travel & More\",\"isPartOf\":{\"@id\":\"https:\/\/tourtravelandmore.com\/es\/#website\"},\"primaryImageOfPage\":{\"@id\":\"https:\/\/tourtravelandmore.com\/es\/tours\/eeuu-es\/austin-es\/austin-actividades-es\/tour-privado-de-austin-a-pie\/#primaryimage\"},\"image\":{\"@id\":\"https:\/\/tourtravelandmore.com\/es\/tours\/eeuu-es\/austin-es\/austin-actividades-es\/tour-privado-de-austin-a-pie\/#primaryimage\"},\"thumbnailUrl\":\"https:\/\/tourtravelandmore.com\/wp-content\/uploads\/2020\/12\/Austin-5-scaled.jpg\",\"datePublished\":\"2020-12-15T10:54:27+00:00\",\"dateModified\":\"2022-01-18T18:18:01+00:00\",\"description\":\"\u2192 Disfrute de su estad\u00eda en Austin al m\u00e1ximo y venga con nosotros en este tour privado a pie por Austin. Esta es una experiencia \u2705\",\"breadcrumb\":{\"@id\":\"https:\/\/tourtravelandmore.com\/es\/tours\/eeuu-es\/austin-es\/austin-actividades-es\/tour-privado-de-austin-a-pie\/#breadcrumb\"},\"inLanguage\":\"es\",\"potentialAction\":[{\"@type\":\"ReadAction\",\"target\":[\"https:\/\/tourtravelandmore.com\/es\/tours\/eeuu-es\/austin-es\/austin-actividades-es\/tour-privado-de-austin-a-pie\/\"]}]},{\"@type\":\"ImageObject\",\"inLanguage\":\"es\",\"@id\":\"https:\/\/tourtravelandmore.com\/es\/tours\/eeuu-es\/austin-es\/austin-actividades-es\/tour-privado-de-austin-a-pie\/#primaryimage\",\"url\":\"https:\/\/tourtravelandmore.com\/wp-content\/uploads\/2020\/12\/Austin-5-scaled.jpg\",\"contentUrl\":\"https:\/\/tourtravelandmore.com\/wp-content\/uploads\/2020\/12\/Austin-5-scaled.jpg\",\"width\":1734,\"height\":2560},{\"@type\":\"BreadcrumbList\",\"@id\":\"https:\/\/tourtravelandmore.com\/es\/tours\/eeuu-es\/austin-es\/austin-actividades-es\/tour-privado-de-austin-a-pie\/#breadcrumb\",\"itemListElement\":[{\"@type\":\"ListItem\",\"position\":1,\"name\":\"Home\",\"item\":\"https:\/\/tourtravelandmore.com\/es\/\"},{\"@type\":\"ListItem\",\"position\":2,\"name\":\"Tours\",\"item\":\"https:\/\/tourtravelandmore.com\/es\/tours\/\"},{\"@type\":\"ListItem\",\"position\":3,\"name\":\"Tour privado de Austin a pie\"}]},{\"@type\":\"WebSite\",\"@id\":\"https:\/\/tourtravelandmore.com\/es\/#website\",\"url\":\"https:\/\/tourtravelandmore.com\/es\/\",\"name\":\"Tour Travel And More\",\"description\":\"Private sightseeing tours and luxury transfers in Spain\",\"publisher\":{\"@id\":\"https:\/\/tourtravelandmore.com\/es\/#organization\"},\"potentialAction\":[{\"@type\":\"SearchAction\",\"target\":{\"@type\":\"EntryPoint\",\"urlTemplate\":\"https:\/\/tourtravelandmore.com\/es\/?s={search_term_string}\"},\"query-input\":{\"@type\":\"PropertyValueSpecification\",\"valueRequired\":true,\"valueName\":\"search_term_string\"}}],\"inLanguage\":\"es\"},{\"@type\":\"Organization\",\"@id\":\"https:\/\/tourtravelandmore.com\/es\/#organization\",\"name\":\"Tour Travel And More\",\"url\":\"https:\/\/tourtravelandmore.com\/es\/\",\"logo\":{\"@type\":\"ImageObject\",\"inLanguage\":\"es\",\"@id\":\"https:\/\/tourtravelandmore.com\/es\/#\/schema\/logo\/image\/\",\"url\":\"https:\/\/tourtravelandmore.com\/wp-content\/uploads\/2022\/12\/cropped-logo-cabecera-new.png\",\"contentUrl\":\"https:\/\/tourtravelandmore.com\/wp-content\/uploads\/2022\/12\/cropped-logo-cabecera-new.png\",\"width\":430,\"height\":61,\"caption\":\"Tour Travel And More\"},\"image\":{\"@id\":\"https:\/\/tourtravelandmore.com\/es\/#\/schema\/logo\/image\/\"},\"sameAs\":[\"https:\/\/www.facebook.com\/tourtravelandmore\/\",\"https:\/\/x.com\/TourTravel_More\"]}]}<\/script>\n<!-- \/ Yoast SEO Premium plugin. -->","yoast_head_json":{"title":"Tour privado a pie por Austin con un gu\u00eda tur\u00edstico | Tour Travel & More","description":"\u2192 Disfrute de su estad\u00eda en Austin al m\u00e1ximo y venga con nosotros en este tour privado a pie por Austin. Esta es una experiencia \u2705","robots":{"index":"index","follow":"follow","max-snippet":"max-snippet:-1","max-image-preview":"max-image-preview:large","max-video-preview":"max-video-preview:-1"},"canonical":"https:\/\/tourtravelandmore.com\/es\/tours\/eeuu-es\/austin-es\/austin-actividades-es\/tour-privado-de-austin-a-pie\/","og_locale":"es_ES","og_type":"article","og_title":"Tour privado de Austin a pie","og_description":"\u2192 Disfrute de su estad\u00eda en Austin al m\u00e1ximo y venga con nosotros en este tour privado a pie por Austin. Esta es una experiencia \u2705","og_url":"https:\/\/tourtravelandmore.com\/es\/tours\/eeuu-es\/austin-es\/austin-actividades-es\/tour-privado-de-austin-a-pie\/","og_site_name":"Tour Travel And More","article_publisher":"https:\/\/www.facebook.com\/tourtravelandmore\/","article_modified_time":"2022-01-18T18:18:01+00:00","og_image":[{"width":1734,"height":2560,"url":"https:\/\/tourtravelandmore.com\/wp-content\/uploads\/2020\/12\/Austin-5-scaled.jpg","type":"image\/jpeg"}],"twitter_card":"summary_large_image","twitter_site":"@TourTravel_More","twitter_misc":{"Tiempo de lectura":"2 minutos"},"schema":{"@context":"https:\/\/schema.org","@graph":[{"@type":"WebPage","@id":"https:\/\/tourtravelandmore.com\/es\/tours\/eeuu-es\/austin-es\/austin-actividades-es\/tour-privado-de-austin-a-pie\/","url":"https:\/\/tourtravelandmore.com\/es\/tours\/eeuu-es\/austin-es\/austin-actividades-es\/tour-privado-de-austin-a-pie\/","name":"Tour privado a pie por Austin con un gu\u00eda tur\u00edstico | Tour Travel & More","isPartOf":{"@id":"https:\/\/tourtravelandmore.com\/es\/#website"},"primaryImageOfPage":{"@id":"https:\/\/tourtravelandmore.com\/es\/tours\/eeuu-es\/austin-es\/austin-actividades-es\/tour-privado-de-austin-a-pie\/#primaryimage"},"image":{"@id":"https:\/\/tourtravelandmore.com\/es\/tours\/eeuu-es\/austin-es\/austin-actividades-es\/tour-privado-de-austin-a-pie\/#primaryimage"},"thumbnailUrl":"https:\/\/tourtravelandmore.com\/wp-content\/uploads\/2020\/12\/Austin-5-scaled.jpg","datePublished":"2020-12-15T10:54:27+00:00","dateModified":"2022-01-18T18:18:01+00:00","description":"\u2192 Disfrute de su estad\u00eda en Austin al m\u00e1ximo y venga con nosotros en este tour privado a pie por Austin. Esta es una experiencia \u2705","breadcrumb":{"@id":"https:\/\/tourtravelandmore.com\/es\/tours\/eeuu-es\/austin-es\/austin-actividades-es\/tour-privado-de-austin-a-pie\/#breadcrumb"},"inLanguage":"es","potentialAction":[{"@type":"ReadAction","target":["https:\/\/tourtravelandmore.com\/es\/tours\/eeuu-es\/austin-es\/austin-actividades-es\/tour-privado-de-austin-a-pie\/"]}]},{"@type":"ImageObject","inLanguage":"es","@id":"https:\/\/tourtravelandmore.com\/es\/tours\/eeuu-es\/austin-es\/austin-actividades-es\/tour-privado-de-austin-a-pie\/#primaryimage","url":"https:\/\/tourtravelandmore.com\/wp-content\/uploads\/2020\/12\/Austin-5-scaled.jpg","contentUrl":"https:\/\/tourtravelandmore.com\/wp-content\/uploads\/2020\/12\/Austin-5-scaled.jpg","width":1734,"height":2560},{"@type":"BreadcrumbList","@id":"https:\/\/tourtravelandmore.com\/es\/tours\/eeuu-es\/austin-es\/austin-actividades-es\/tour-privado-de-austin-a-pie\/#breadcrumb","itemListElement":[{"@type":"ListItem","position":1,"name":"Home","item":"https:\/\/tourtravelandmore.com\/es\/"},{"@type":"ListItem","position":2,"name":"Tours","item":"https:\/\/tourtravelandmore.com\/es\/tours\/"},{"@type":"ListItem","position":3,"name":"Tour privado de Austin a pie"}]},{"@type":"WebSite","@id":"https:\/\/tourtravelandmore.com\/es\/#website","url":"https:\/\/tourtravelandmore.com\/es\/","name":"Tour Travel And More","description":"Private sightseeing tours and luxury transfers in Spain","publisher":{"@id":"https:\/\/tourtravelandmore.com\/es\/#organization"},"potentialAction":[{"@type":"SearchAction","target":{"@type":"EntryPoint","urlTemplate":"https:\/\/tourtravelandmore.com\/es\/?s={search_term_string}"},"query-input":{"@type":"PropertyValueSpecification","valueRequired":true,"valueName":"search_term_string"}}],"inLanguage":"es"},{"@type":"Organization","@id":"https:\/\/tourtravelandmore.com\/es\/#organization","name":"Tour Travel And More","url":"https:\/\/tourtravelandmore.com\/es\/","logo":{"@type":"ImageObject","inLanguage":"es","@id":"https:\/\/tourtravelandmore.com\/es\/#\/schema\/logo\/image\/","url":"https:\/\/tourtravelandmore.com\/wp-content\/uploads\/2022\/12\/cropped-logo-cabecera-new.png","contentUrl":"https:\/\/tourtravelandmore.com\/wp-content\/uploads\/2022\/12\/cropped-logo-cabecera-new.png","width":430,"height":61,"caption":"Tour Travel And More"},"image":{"@id":"https:\/\/tourtravelandmore.com\/es\/#\/schema\/logo\/image\/"},"sameAs":["https:\/\/www.facebook.com\/tourtravelandmore\/","https:\/\/x.com\/TourTravel_More"]}]}},"_links":{"self":[{"href":"https:\/\/tourtravelandmore.com\/es\/wp-json\/wp\/v2\/product\/89637","targetHints":{"allow":["GET"]}}],"collection":[{"href":"https:\/\/tourtravelandmore.com\/es\/wp-json\/wp\/v2\/product"}],"about":[{"href":"https:\/\/tourtravelandmore.com\/es\/wp-json\/wp\/v2\/types\/product"}],"replies":[{"embeddable":true,"href":"https:\/\/tourtravelandmore.com\/es\/wp-json\/wp\/v2\/comments?post=89637"}],"wp:featuredmedia":[{"embeddable":true,"href":"https:\/\/tourtravelandmore.com\/es\/wp-json\/wp\/v2\/media\/89618"}],"wp:attachment":[{"href":"https:\/\/tourtravelandmore.com\/es\/wp-json\/wp\/v2\/media?parent=89637"}],"wp:term":[{"taxonomy":"product_brand","embeddable":true,"href":"https:\/\/tourtravelandmore.com\/es\/wp-json\/wp\/v2\/product_brand?post=89637"},{"taxonomy":"product_cat","embeddable":true,"href":"https:\/\/tourtravelandmore.com\/es\/wp-json\/wp\/v2\/product_cat?post=89637"},{"taxonomy":"product_tag","embeddable":true,"href":"https:\/\/tourtravelandmore.com\/es\/wp-json\/wp\/v2\/product_tag?post=89637"}],"curies":[{"name":"wp","href":"https:\/\/api.w.org\/{rel}","templated":true}]}}