{"id":89590,"date":"2020-12-15T11:36:48","date_gmt":"2020-12-15T10:36:49","guid":{"rendered":"https:\/\/tourtravelandmore.com\/?post_type=product&#038;p=89590"},"modified":"2022-01-18T19:17:53","modified_gmt":"2022-01-18T18:17:53","slug":"tour-privado-de-austin","status":"publish","type":"product","link":"https:\/\/tourtravelandmore.com\/es\/tours\/eeuu-es\/austin-es\/austin-actividades-es\/tour-privado-de-austin\/","title":{"rendered":"Tour privado de Austin"},"content":{"rendered":"<h2 id=\"tw-target-text\" class=\"tw-data-text tw-text-large XcVN5d tw-ta\" dir=\"ltr\" data-placeholder=\"Traducci\u00f3n\"><span lang=\"es\">Descripci\u00f3n del Tour privado en Austin:<\/span><\/h2>\n<p>Austin es una de las ciudades m\u00e1s grandes de Texas. Tambi\u00e9n es la capital del estado de Texas. Cuando visite Austin, no se pierda el cambio de disfrutar de un Tour privado de Austin con uno de nuestros gu\u00edas tur\u00edsticos profesionales.<\/p>\n<p>Para esta experiencia, organizaremos una c\u00f3moda recogida en su hotel o lugar de elecci\u00f3n en Austin. Luego comenzaremos este tour privado de 4 horas. Tenemos la opci\u00f3n de organizar un recorrido a pie privado si lo desea. Simplemente comun\u00edquese con nuestros agentes de viajes para obtener m\u00e1s informaci\u00f3n y una experiencia personalizada.<\/p>\n<p>Perm\u00edtanos llevarlo a los sitios m\u00e1s impotentes del centro de Austin y del Viejo Austin. Nuestro ch\u00f3fer privado y gu\u00eda tur\u00edstico estar\u00e1n a su disposici\u00f3n para que disfrute de lo mejor de la ciudad de Austin.<\/p>\n<p>Disfrute de excelentes sitios, como Lady Bird Lake, Barton Creek Greenbelt y mucho m\u00e1s. Este tour privado terminar\u00e1 en su hotel o lugar de elecci\u00f3n en Austin.<\/p>\n<h2>Puntos emblem\u00e1ticos y de inter\u00e9s en Austin:<\/h2>\n<p>Despu\u00e9s de que organicemos la recogida en su hotel en Austin, comenzaremos este recorrido privado de 4 horas por Austin.<\/p>\n<p>Disfrute de los mejores sitios que Austin tiene para ofrecer. Entre otros, disfruta:<\/p>\n<ul>\n<li><strong>Capitolio de Texas<\/strong><\/li>\n<li><strong>Lady Bird Lake<\/strong><\/li>\n<li><strong>Parque Xilker<\/strong><\/li>\n<li><strong>Piscina municipal de Barton Springs. Tenga una vista en esta piscina de una hect\u00e1rea en Zilker Park<\/strong><\/li>\n<li><strong>Monte Bonnell<\/strong><\/li>\n<li><strong>Vista exterior del Museo Bullok de Historia de Texas<\/strong><\/li>\n<li><strong>Puente de Congress Avenue<\/strong><\/li>\n<li><strong>Lago Austin<\/strong><\/li>\n<li><strong>Barton Creek<\/strong><\/li>\n<li><strong>\u00a1Mucho m\u00e1s!<\/strong><\/li>\n<\/ul>\n<p>Este tour privado terminar\u00e1 en su hotel o lugar de elecci\u00f3n en Austin. Estamos aqu\u00ed para personalizar su experiencia en Austin y hacerla memorable.<\/p>\n<p>Ofrecemos tours privados en todo Austin y, por supuesto, en todos los Estados Unidos. Tambi\u00e9n ofrecemos tours privados en cualquier ciudad del mundo. \u00a1P\u00f3ngase en contacto con nuestros expertos en viajes para obtener m\u00e1s informaci\u00f3n!<\/p>\n","protected":false},"excerpt":{"rendered":"<p>\u00a1Disfruta al m\u00e1ximo tu estad\u00eda en Austin y ven con nosotros en este<strong> Tour Privado por Austin<\/strong> y disfr\u00fatalo c\u00f3modamente en un veh\u00edculo privado!<\/p>\n","protected":false},"featured_media":89624,"comment_status":"open","ping_status":"closed","template":"","meta":{"_acf_changed":false},"product_brand":[],"product_cat":[1602,3083,3086,3089],"product_tag":[],"class_list":{"0":"post-89590","1":"product","2":"type-product","3":"status-publish","4":"has-post-thumbnail","6":"product_cat-eeuu-es","7":"product_cat-austin-es","8":"product_cat-austin-actividades-es","9":"product_cat-austin-tours-es","11":"first","12":"instock","13":"shipping-taxable","14":"purchasable","15":"product-type-simple"},"acf":[],"yoast_head":"<!-- This site is optimized with the Yoast SEO Premium plugin v25.3.1 (Yoast SEO v25.3.1) - https:\/\/yoast.com\/wordpress\/plugins\/seo\/ -->\n<title>Tour privado de Austin con gu\u00eda tur\u00edstico oficial y veh\u00edculo privado | TT&amp;M<\/title>\n<meta name=\"description\" content=\"\u2192 \u00a1Disfruta al m\u00e1ximo tu estad\u00eda en Austin y ven con nosotros en este Tour Privado por Austin y disfr\u00fatalo en un veh\u00edculo privado! \u2705\" \/>\n<meta name=\"robots\" content=\"index, follow, max-snippet:-1, max-image-preview:large, max-video-preview:-1\" \/>\n<link rel=\"canonical\" href=\"https:\/\/tourtravelandmore.com\/es\/tours\/eeuu-es\/austin-es\/austin-actividades-es\/tour-privado-de-austin\/\" \/>\n<meta property=\"og:locale\" content=\"es_ES\" \/>\n<meta property=\"og:type\" content=\"article\" \/>\n<meta property=\"og:title\" content=\"Tour privado de Austin\" \/>\n<meta property=\"og:description\" content=\"\u2192 \u00a1Disfruta al m\u00e1ximo tu estad\u00eda en Austin y ven con nosotros en este Tour Privado por Austin y disfr\u00fatalo en un veh\u00edculo privado! \u2705\" \/>\n<meta property=\"og:url\" content=\"https:\/\/tourtravelandmore.com\/es\/tours\/eeuu-es\/austin-es\/austin-actividades-es\/tour-privado-de-austin\/\" \/>\n<meta property=\"og:site_name\" content=\"Tour Travel And More\" \/>\n<meta property=\"article:publisher\" content=\"https:\/\/www.facebook.com\/tourtravelandmore\/\" \/>\n<meta property=\"article:modified_time\" content=\"2022-01-18T18:17:53+00:00\" \/>\n<meta property=\"og:image\" content=\"https:\/\/tourtravelandmore.com\/wp-content\/uploads\/2020\/12\/Austin-7-scaled.jpg\" \/>\n\t<meta property=\"og:image:width\" content=\"2560\" \/>\n\t<meta property=\"og:image:height\" content=\"1920\" \/>\n\t<meta property=\"og:image:type\" content=\"image\/jpeg\" \/>\n<meta name=\"twitter:card\" content=\"summary_large_image\" \/>\n<meta name=\"twitter:site\" content=\"@TourTravel_More\" \/>\n<meta name=\"twitter:label1\" content=\"Tiempo de lectura\" \/>\n\t<meta name=\"twitter:data1\" content=\"2 minutos\" \/>\n<script type=\"application\/ld+json\" class=\"yoast-schema-graph\">{\"@context\":\"https:\/\/schema.org\",\"@graph\":[{\"@type\":\"WebPage\",\"@id\":\"https:\/\/tourtravelandmore.com\/es\/tours\/eeuu-es\/austin-es\/austin-actividades-es\/tour-privado-de-austin\/\",\"url\":\"https:\/\/tourtravelandmore.com\/es\/tours\/eeuu-es\/austin-es\/austin-actividades-es\/tour-privado-de-austin\/\",\"name\":\"Tour privado de Austin con gu\u00eda tur\u00edstico oficial y veh\u00edculo privado | TT&M\",\"isPartOf\":{\"@id\":\"https:\/\/tourtravelandmore.com\/es\/#website\"},\"primaryImageOfPage\":{\"@id\":\"https:\/\/tourtravelandmore.com\/es\/tours\/eeuu-es\/austin-es\/austin-actividades-es\/tour-privado-de-austin\/#primaryimage\"},\"image\":{\"@id\":\"https:\/\/tourtravelandmore.com\/es\/tours\/eeuu-es\/austin-es\/austin-actividades-es\/tour-privado-de-austin\/#primaryimage\"},\"thumbnailUrl\":\"https:\/\/tourtravelandmore.com\/wp-content\/uploads\/2020\/12\/Austin-7-scaled.jpg\",\"datePublished\":\"2020-12-15T10:36:49+00:00\",\"dateModified\":\"2022-01-18T18:17:53+00:00\",\"description\":\"\u2192 \u00a1Disfruta al m\u00e1ximo tu estad\u00eda en Austin y ven con nosotros en este Tour Privado por Austin y disfr\u00fatalo en un veh\u00edculo privado! \u2705\",\"breadcrumb\":{\"@id\":\"https:\/\/tourtravelandmore.com\/es\/tours\/eeuu-es\/austin-es\/austin-actividades-es\/tour-privado-de-austin\/#breadcrumb\"},\"inLanguage\":\"es\",\"potentialAction\":[{\"@type\":\"ReadAction\",\"target\":[\"https:\/\/tourtravelandmore.com\/es\/tours\/eeuu-es\/austin-es\/austin-actividades-es\/tour-privado-de-austin\/\"]}]},{\"@type\":\"ImageObject\",\"inLanguage\":\"es\",\"@id\":\"https:\/\/tourtravelandmore.com\/es\/tours\/eeuu-es\/austin-es\/austin-actividades-es\/tour-privado-de-austin\/#primaryimage\",\"url\":\"https:\/\/tourtravelandmore.com\/wp-content\/uploads\/2020\/12\/Austin-7-scaled.jpg\",\"contentUrl\":\"https:\/\/tourtravelandmore.com\/wp-content\/uploads\/2020\/12\/Austin-7-scaled.jpg\",\"width\":2560,\"height\":1920},{\"@type\":\"BreadcrumbList\",\"@id\":\"https:\/\/tourtravelandmore.com\/es\/tours\/eeuu-es\/austin-es\/austin-actividades-es\/tour-privado-de-austin\/#breadcrumb\",\"itemListElement\":[{\"@type\":\"ListItem\",\"position\":1,\"name\":\"Home\",\"item\":\"https:\/\/tourtravelandmore.com\/es\/\"},{\"@type\":\"ListItem\",\"position\":2,\"name\":\"Tours\",\"item\":\"https:\/\/tourtravelandmore.com\/es\/tours\/\"},{\"@type\":\"ListItem\",\"position\":3,\"name\":\"Tour privado de Austin\"}]},{\"@type\":\"WebSite\",\"@id\":\"https:\/\/tourtravelandmore.com\/es\/#website\",\"url\":\"https:\/\/tourtravelandmore.com\/es\/\",\"name\":\"Tour Travel And More\",\"description\":\"Private sightseeing tours and luxury transfers in Spain\",\"publisher\":{\"@id\":\"https:\/\/tourtravelandmore.com\/es\/#organization\"},\"potentialAction\":[{\"@type\":\"SearchAction\",\"target\":{\"@type\":\"EntryPoint\",\"urlTemplate\":\"https:\/\/tourtravelandmore.com\/es\/?s={search_term_string}\"},\"query-input\":{\"@type\":\"PropertyValueSpecification\",\"valueRequired\":true,\"valueName\":\"search_term_string\"}}],\"inLanguage\":\"es\"},{\"@type\":\"Organization\",\"@id\":\"https:\/\/tourtravelandmore.com\/es\/#organization\",\"name\":\"Tour Travel And More\",\"url\":\"https:\/\/tourtravelandmore.com\/es\/\",\"logo\":{\"@type\":\"ImageObject\",\"inLanguage\":\"es\",\"@id\":\"https:\/\/tourtravelandmore.com\/es\/#\/schema\/logo\/image\/\",\"url\":\"https:\/\/tourtravelandmore.com\/wp-content\/uploads\/2022\/12\/cropped-logo-cabecera-new.png\",\"contentUrl\":\"https:\/\/tourtravelandmore.com\/wp-content\/uploads\/2022\/12\/cropped-logo-cabecera-new.png\",\"width\":430,\"height\":61,\"caption\":\"Tour Travel And More\"},\"image\":{\"@id\":\"https:\/\/tourtravelandmore.com\/es\/#\/schema\/logo\/image\/\"},\"sameAs\":[\"https:\/\/www.facebook.com\/tourtravelandmore\/\",\"https:\/\/x.com\/TourTravel_More\"]}]}<\/script>\n<!-- \/ Yoast SEO Premium plugin. -->","yoast_head_json":{"title":"Tour privado de Austin con gu\u00eda tur\u00edstico oficial y veh\u00edculo privado | TT&M","description":"\u2192 \u00a1Disfruta al m\u00e1ximo tu estad\u00eda en Austin y ven con nosotros en este Tour Privado por Austin y disfr\u00fatalo en un veh\u00edculo privado! \u2705","robots":{"index":"index","follow":"follow","max-snippet":"max-snippet:-1","max-image-preview":"max-image-preview:large","max-video-preview":"max-video-preview:-1"},"canonical":"https:\/\/tourtravelandmore.com\/es\/tours\/eeuu-es\/austin-es\/austin-actividades-es\/tour-privado-de-austin\/","og_locale":"es_ES","og_type":"article","og_title":"Tour privado de Austin","og_description":"\u2192 \u00a1Disfruta al m\u00e1ximo tu estad\u00eda en Austin y ven con nosotros en este Tour Privado por Austin y disfr\u00fatalo en un veh\u00edculo privado! \u2705","og_url":"https:\/\/tourtravelandmore.com\/es\/tours\/eeuu-es\/austin-es\/austin-actividades-es\/tour-privado-de-austin\/","og_site_name":"Tour Travel And More","article_publisher":"https:\/\/www.facebook.com\/tourtravelandmore\/","article_modified_time":"2022-01-18T18:17:53+00:00","og_image":[{"width":2560,"height":1920,"url":"https:\/\/tourtravelandmore.com\/wp-content\/uploads\/2020\/12\/Austin-7-scaled.jpg","type":"image\/jpeg"}],"twitter_card":"summary_large_image","twitter_site":"@TourTravel_More","twitter_misc":{"Tiempo de lectura":"2 minutos"},"schema":{"@context":"https:\/\/schema.org","@graph":[{"@type":"WebPage","@id":"https:\/\/tourtravelandmore.com\/es\/tours\/eeuu-es\/austin-es\/austin-actividades-es\/tour-privado-de-austin\/","url":"https:\/\/tourtravelandmore.com\/es\/tours\/eeuu-es\/austin-es\/austin-actividades-es\/tour-privado-de-austin\/","name":"Tour privado de Austin con gu\u00eda tur\u00edstico oficial y veh\u00edculo privado | TT&M","isPartOf":{"@id":"https:\/\/tourtravelandmore.com\/es\/#website"},"primaryImageOfPage":{"@id":"https:\/\/tourtravelandmore.com\/es\/tours\/eeuu-es\/austin-es\/austin-actividades-es\/tour-privado-de-austin\/#primaryimage"},"image":{"@id":"https:\/\/tourtravelandmore.com\/es\/tours\/eeuu-es\/austin-es\/austin-actividades-es\/tour-privado-de-austin\/#primaryimage"},"thumbnailUrl":"https:\/\/tourtravelandmore.com\/wp-content\/uploads\/2020\/12\/Austin-7-scaled.jpg","datePublished":"2020-12-15T10:36:49+00:00","dateModified":"2022-01-18T18:17:53+00:00","description":"\u2192 \u00a1Disfruta al m\u00e1ximo tu estad\u00eda en Austin y ven con nosotros en este Tour Privado por Austin y disfr\u00fatalo en un veh\u00edculo privado! \u2705","breadcrumb":{"@id":"https:\/\/tourtravelandmore.com\/es\/tours\/eeuu-es\/austin-es\/austin-actividades-es\/tour-privado-de-austin\/#breadcrumb"},"inLanguage":"es","potentialAction":[{"@type":"ReadAction","target":["https:\/\/tourtravelandmore.com\/es\/tours\/eeuu-es\/austin-es\/austin-actividades-es\/tour-privado-de-austin\/"]}]},{"@type":"ImageObject","inLanguage":"es","@id":"https:\/\/tourtravelandmore.com\/es\/tours\/eeuu-es\/austin-es\/austin-actividades-es\/tour-privado-de-austin\/#primaryimage","url":"https:\/\/tourtravelandmore.com\/wp-content\/uploads\/2020\/12\/Austin-7-scaled.jpg","contentUrl":"https:\/\/tourtravelandmore.com\/wp-content\/uploads\/2020\/12\/Austin-7-scaled.jpg","width":2560,"height":1920},{"@type":"BreadcrumbList","@id":"https:\/\/tourtravelandmore.com\/es\/tours\/eeuu-es\/austin-es\/austin-actividades-es\/tour-privado-de-austin\/#breadcrumb","itemListElement":[{"@type":"ListItem","position":1,"name":"Home","item":"https:\/\/tourtravelandmore.com\/es\/"},{"@type":"ListItem","position":2,"name":"Tours","item":"https:\/\/tourtravelandmore.com\/es\/tours\/"},{"@type":"ListItem","position":3,"name":"Tour privado de Austin"}]},{"@type":"WebSite","@id":"https:\/\/tourtravelandmore.com\/es\/#website","url":"https:\/\/tourtravelandmore.com\/es\/","name":"Tour Travel And More","description":"Private sightseeing tours and luxury transfers in Spain","publisher":{"@id":"https:\/\/tourtravelandmore.com\/es\/#organization"},"potentialAction":[{"@type":"SearchAction","target":{"@type":"EntryPoint","urlTemplate":"https:\/\/tourtravelandmore.com\/es\/?s={search_term_string}"},"query-input":{"@type":"PropertyValueSpecification","valueRequired":true,"valueName":"search_term_string"}}],"inLanguage":"es"},{"@type":"Organization","@id":"https:\/\/tourtravelandmore.com\/es\/#organization","name":"Tour Travel And More","url":"https:\/\/tourtravelandmore.com\/es\/","logo":{"@type":"ImageObject","inLanguage":"es","@id":"https:\/\/tourtravelandmore.com\/es\/#\/schema\/logo\/image\/","url":"https:\/\/tourtravelandmore.com\/wp-content\/uploads\/2022\/12\/cropped-logo-cabecera-new.png","contentUrl":"https:\/\/tourtravelandmore.com\/wp-content\/uploads\/2022\/12\/cropped-logo-cabecera-new.png","width":430,"height":61,"caption":"Tour Travel And More"},"image":{"@id":"https:\/\/tourtravelandmore.com\/es\/#\/schema\/logo\/image\/"},"sameAs":["https:\/\/www.facebook.com\/tourtravelandmore\/","https:\/\/x.com\/TourTravel_More"]}]}},"_links":{"self":[{"href":"https:\/\/tourtravelandmore.com\/es\/wp-json\/wp\/v2\/product\/89590","targetHints":{"allow":["GET"]}}],"collection":[{"href":"https:\/\/tourtravelandmore.com\/es\/wp-json\/wp\/v2\/product"}],"about":[{"href":"https:\/\/tourtravelandmore.com\/es\/wp-json\/wp\/v2\/types\/product"}],"replies":[{"embeddable":true,"href":"https:\/\/tourtravelandmore.com\/es\/wp-json\/wp\/v2\/comments?post=89590"}],"wp:featuredmedia":[{"embeddable":true,"href":"https:\/\/tourtravelandmore.com\/es\/wp-json\/wp\/v2\/media\/89624"}],"wp:attachment":[{"href":"https:\/\/tourtravelandmore.com\/es\/wp-json\/wp\/v2\/media?parent=89590"}],"wp:term":[{"taxonomy":"product_brand","embeddable":true,"href":"https:\/\/tourtravelandmore.com\/es\/wp-json\/wp\/v2\/product_brand?post=89590"},{"taxonomy":"product_cat","embeddable":true,"href":"https:\/\/tourtravelandmore.com\/es\/wp-json\/wp\/v2\/product_cat?post=89590"},{"taxonomy":"product_tag","embeddable":true,"href":"https:\/\/tourtravelandmore.com\/es\/wp-json\/wp\/v2\/product_tag?post=89590"}],"curies":[{"name":"wp","href":"https:\/\/api.w.org\/{rel}","templated":true}]}}