{"id":89574,"date":"2020-12-15T10:58:44","date_gmt":"2020-12-15T09:58:49","guid":{"rendered":"https:\/\/tourtravelandmore.com\/?post_type=product&#038;p=89574"},"modified":"2023-12-01T11:12:04","modified_gmt":"2023-12-01T10:12:04","slug":"tour-privado-a-la-isla-ixtapa","status":"publish","type":"product","link":"https:\/\/tourtravelandmore.com\/es\/tours\/mexico-es\/ixtapa-es\/ixtapa-actividades-es\/tour-privado-a-la-isla-ixtapa\/","title":{"rendered":"Tour Privado a la Isla Ixtapa"},"content":{"rendered":"<h2 id=\"tw-target-text\" class=\"tw-data-text tw-text-large XcVN5d tw-ta\" dir=\"ltr\" data-placeholder=\"Traducci\u00f3n\"><span lang=\"es\">Descripci\u00f3n del Tour Privado a la Isla Ixtapa<\/span><\/h2>\n<p>Si est\u00e1 buscando una verdadera aventura, definitivamente no debe perderse nuestro <strong>tour privado a la Isla de Ixtapa<\/strong>. <span class=\"JLqJ4b ChMk0b\" data-language-for-alternatives=\"es\" data-language-to-translate-into=\"en\" data-phrase-index=\"1\">Tendr\u00e1 un <strong>gu\u00eda tur\u00edstico oficial privado<\/strong> disponible para todo el recorrido. Tenga la oportunidad de admirar la belleza que ofrece esta incre\u00edble isla. <\/span><\/p>\n<p><span class=\"JLqJ4b ChMk0b\" data-language-for-alternatives=\"es\" data-language-to-translate-into=\"en\" data-phrase-index=\"1\"><span class=\"JLqJ4b\" data-language-for-alternatives=\"es\" data-language-to-translate-into=\"en\" data-phrase-index=\"3\">El recorrido comenzar\u00e1 en su hotel o lugar de elecci\u00f3n en Ixtapa. <\/span><\/span><span class=\"JLqJ4b ChMk0b\" data-language-for-alternatives=\"es\" data-language-to-translate-into=\"en\" data-phrase-index=\"1\"><span class=\"JLqJ4b\" data-language-for-alternatives=\"es\" data-language-to-translate-into=\"en\" data-phrase-index=\"3\">Lo recogeremos en un <strong>veh\u00edculo privado de lujo<\/strong> y lo llevaremos hacia el muelle de Playa Linda para tomar el ferry o taxi acu\u00e1tico hasta la isla de Ixtapa. Otra opci\u00f3n posible es reunirse con el gu\u00eda directamente en el muelle de Linda Beach.<\/span><\/span><\/p>\n<p>La <strong>Isla de Ixtapa o &#8220;Isla Grande&#8221;<\/strong> es una peque\u00f1a isla o islote cerca de Ixtapa en el estado mexicano de Guerrero. <span class=\"JLqJ4b ChMk0b\" data-language-for-alternatives=\"es\" data-language-to-translate-into=\"en\" data-phrase-index=\"9\">Es una isla muy hermosa donde muchos residentes y turistas practican buceo y\/o snorkel. Es muy famoso por sus aguas cristalinas, arena suave y hermosas vistas desde los acantilados. <\/span><\/p>\n<p><span class=\"JLqJ4b ChMk0b\" data-language-for-alternatives=\"es\" data-language-to-translate-into=\"en\" data-phrase-index=\"9\"><span class=\"JLqJ4b\" data-language-for-alternatives=\"es\" data-language-to-translate-into=\"en\" data-phrase-index=\"11\">Contamos con m\u00faltiples opciones de tours privados en y desde Ixtapa, \u00a1echa un vistazo <a href=\"https:\/\/tourtravelandmore.com\/es\/ciudad\/mexico-es\/ixtapa-es\/\">aqu\u00ed<\/a> y elige tu mejor opci\u00f3n!<\/span><\/span><\/p>\n<h2>Puntos emblem\u00e1ticos y de inter\u00e9s en el Tour Privado a la Isla Ixtapa<\/h2>\n<p>Una vez en la <strong>Isla de Ixtapa<\/strong>, su gu\u00eda tur\u00edstico oficial privado lo llevar\u00e1 a explorar los lugares y playas m\u00e1s incre\u00edbles. \u00a1Prepara tu c\u00e1mara porque querr\u00e1s inmortalizar esos momentos!<\/p>\n<p>Durante este tour privado a la isla de Ixtapa podr\u00e1 visitar <strong>Cuachalalate o Playa Coral<\/strong>. Aqu\u00ed encontrar\u00e1s fondos marinos llenos de arrecifes, estrellas de mar y tortugas, por esa raz\u00f3n, es una visita obligada en este tour privado.<\/p>\n<p>Luego, continuar\u00e1 hacia <strong>Playa Carey<\/strong>, es un entorno privilegiado un poco alejado de la civilizaci\u00f3n. Aqu\u00ed puedes tener un tiempo para descansar y admirar las incre\u00edbles vistas de la costa.<\/p>\n<p>Despu\u00e9s de eso, si tiene hambre, su gu\u00eda puede llevarlo a un restaurante muy agradable con vistas al mar. Recomendamos totalmente degustar el delicioso filete de pescado de la zona.<\/p>\n<p>Si est\u00e1s dispuesto a realizar alg\u00fan deporte acu\u00e1tico, la mejor playa para ello, ser\u00eda la de <strong>Varadero<\/strong>. Si no, es otra playa incre\u00edble para descansar y relajarse. Si est\u00e1s interesado en bucear o hacer snorkel, solo tienes que contactarnos y organizaremos todo por ti. Este es un tour privado y personalizado a la isla de Ixtapa.<\/p>\n<p>Finalmente, junto con su gu\u00eda tur\u00edstico oficial privado, tomar\u00e1 el ferry de regreso al muelle de Playa Linda, donde su conductor privado lo estar\u00e1 esperando para llevarlo de regreso a su hotel.<\/p>\n","protected":false},"excerpt":{"rendered":"<p id=\"tw-target-text\" class=\"tw-data-text tw-text-large XcVN5d tw-ta\" dir=\"ltr\" data-placeholder=\"Traducci\u00f3n\">D\u00e9jese admirar por la belleza de la Isla de Ixtapa. <span class=\"JLqJ4b ChMk0b\" data-language-for-alternatives=\"es\" data-language-to-translate-into=\"en\" data-phrase-index=\"1\">\u00danase a nosotros en este tour privado de medio d\u00eda desde su hotel o lugar de elecci\u00f3n y explore la naturaleza y las playas que ofrece este destino.<\/span><\/p>\n","protected":false},"featured_media":89661,"comment_status":"open","ping_status":"closed","template":"","meta":{"_acf_changed":false},"product_brand":[],"product_cat":[3203,3273,3276,3279],"product_tag":[],"class_list":{"0":"post-89574","1":"product","2":"type-product","3":"status-publish","4":"has-post-thumbnail","6":"product_cat-mexico-es","7":"product_cat-ixtapa-es","8":"product_cat-ixtapa-actividades-es","9":"product_cat-ixtapa-excursion-puerto-es","11":"first","12":"instock","13":"shipping-taxable","14":"purchasable","15":"product-type-simple"},"acf":[],"yoast_head":"<!-- This site is optimized with the Yoast SEO Premium plugin v25.3.1 (Yoast SEO v25.3.1) - https:\/\/yoast.com\/wordpress\/plugins\/seo\/ -->\n<title>\u27a1\ufe0f Tour Privado a la Isla Ixtapa con gu\u00eda oficial y tickets de ferry | Tour Travel &amp; More<\/title>\n<meta name=\"description\" content=\"Acomp\u00e1\u00f1enos en este Tour Privado a la Isla Ixtapa junto a un gu\u00eda oficial local y descubra los maravillosos rincones de este para\u00edso \u2705\" \/>\n<meta name=\"robots\" content=\"index, follow, max-snippet:-1, max-image-preview:large, max-video-preview:-1\" \/>\n<link rel=\"canonical\" href=\"https:\/\/tourtravelandmore.com\/es\/tours\/mexico-es\/ixtapa-es\/ixtapa-actividades-es\/tour-privado-a-la-isla-ixtapa\/\" \/>\n<meta property=\"og:locale\" content=\"es_ES\" \/>\n<meta property=\"og:type\" content=\"article\" \/>\n<meta property=\"og:title\" content=\"Tour Privado a la Isla Ixtapa\" \/>\n<meta property=\"og:description\" content=\"Acomp\u00e1\u00f1enos en este Tour Privado a la Isla Ixtapa junto a un gu\u00eda oficial local y descubra los maravillosos rincones de este para\u00edso \u2705\" \/>\n<meta property=\"og:url\" content=\"https:\/\/tourtravelandmore.com\/es\/tours\/mexico-es\/ixtapa-es\/ixtapa-actividades-es\/tour-privado-a-la-isla-ixtapa\/\" \/>\n<meta property=\"og:site_name\" content=\"Tour Travel And More\" \/>\n<meta property=\"article:publisher\" content=\"https:\/\/www.facebook.com\/tourtravelandmore\/\" \/>\n<meta property=\"article:modified_time\" content=\"2023-12-01T10:12:04+00:00\" \/>\n<meta property=\"og:image\" content=\"https:\/\/tourtravelandmore.com\/wp-content\/uploads\/2020\/12\/ixtapa-island-2-scaled.jpg\" \/>\n\t<meta property=\"og:image:width\" content=\"2560\" \/>\n\t<meta property=\"og:image:height\" content=\"1920\" \/>\n\t<meta property=\"og:image:type\" content=\"image\/jpeg\" \/>\n<meta name=\"twitter:card\" content=\"summary_large_image\" \/>\n<meta name=\"twitter:site\" content=\"@TourTravel_More\" \/>\n<meta name=\"twitter:label1\" content=\"Tiempo de lectura\" \/>\n\t<meta name=\"twitter:data1\" content=\"2 minutos\" \/>\n<script type=\"application\/ld+json\" class=\"yoast-schema-graph\">{\"@context\":\"https:\/\/schema.org\",\"@graph\":[{\"@type\":\"WebPage\",\"@id\":\"https:\/\/tourtravelandmore.com\/es\/tours\/mexico-es\/ixtapa-es\/ixtapa-actividades-es\/tour-privado-a-la-isla-ixtapa\/\",\"url\":\"https:\/\/tourtravelandmore.com\/es\/tours\/mexico-es\/ixtapa-es\/ixtapa-actividades-es\/tour-privado-a-la-isla-ixtapa\/\",\"name\":\"\u27a1\ufe0f Tour Privado a la Isla Ixtapa con gu\u00eda oficial y tickets de ferry | Tour Travel & More\",\"isPartOf\":{\"@id\":\"https:\/\/tourtravelandmore.com\/es\/#website\"},\"primaryImageOfPage\":{\"@id\":\"https:\/\/tourtravelandmore.com\/es\/tours\/mexico-es\/ixtapa-es\/ixtapa-actividades-es\/tour-privado-a-la-isla-ixtapa\/#primaryimage\"},\"image\":{\"@id\":\"https:\/\/tourtravelandmore.com\/es\/tours\/mexico-es\/ixtapa-es\/ixtapa-actividades-es\/tour-privado-a-la-isla-ixtapa\/#primaryimage\"},\"thumbnailUrl\":\"https:\/\/tourtravelandmore.com\/wp-content\/uploads\/2020\/12\/ixtapa-island-2-scaled.jpg\",\"datePublished\":\"2020-12-15T09:58:49+00:00\",\"dateModified\":\"2023-12-01T10:12:04+00:00\",\"description\":\"Acomp\u00e1\u00f1enos en este Tour Privado a la Isla Ixtapa junto a un gu\u00eda oficial local y descubra los maravillosos rincones de este para\u00edso \u2705\",\"breadcrumb\":{\"@id\":\"https:\/\/tourtravelandmore.com\/es\/tours\/mexico-es\/ixtapa-es\/ixtapa-actividades-es\/tour-privado-a-la-isla-ixtapa\/#breadcrumb\"},\"inLanguage\":\"es\",\"potentialAction\":[{\"@type\":\"ReadAction\",\"target\":[\"https:\/\/tourtravelandmore.com\/es\/tours\/mexico-es\/ixtapa-es\/ixtapa-actividades-es\/tour-privado-a-la-isla-ixtapa\/\"]}]},{\"@type\":\"ImageObject\",\"inLanguage\":\"es\",\"@id\":\"https:\/\/tourtravelandmore.com\/es\/tours\/mexico-es\/ixtapa-es\/ixtapa-actividades-es\/tour-privado-a-la-isla-ixtapa\/#primaryimage\",\"url\":\"https:\/\/tourtravelandmore.com\/wp-content\/uploads\/2020\/12\/ixtapa-island-2-scaled.jpg\",\"contentUrl\":\"https:\/\/tourtravelandmore.com\/wp-content\/uploads\/2020\/12\/ixtapa-island-2-scaled.jpg\",\"width\":2560,\"height\":1920},{\"@type\":\"BreadcrumbList\",\"@id\":\"https:\/\/tourtravelandmore.com\/es\/tours\/mexico-es\/ixtapa-es\/ixtapa-actividades-es\/tour-privado-a-la-isla-ixtapa\/#breadcrumb\",\"itemListElement\":[{\"@type\":\"ListItem\",\"position\":1,\"name\":\"Home\",\"item\":\"https:\/\/tourtravelandmore.com\/es\/\"},{\"@type\":\"ListItem\",\"position\":2,\"name\":\"Tours\",\"item\":\"https:\/\/tourtravelandmore.com\/es\/tours\/\"},{\"@type\":\"ListItem\",\"position\":3,\"name\":\"Tour Privado a la Isla Ixtapa\"}]},{\"@type\":\"WebSite\",\"@id\":\"https:\/\/tourtravelandmore.com\/es\/#website\",\"url\":\"https:\/\/tourtravelandmore.com\/es\/\",\"name\":\"Tour Travel And More\",\"description\":\"Private sightseeing tours and luxury transfers in Spain\",\"publisher\":{\"@id\":\"https:\/\/tourtravelandmore.com\/es\/#organization\"},\"potentialAction\":[{\"@type\":\"SearchAction\",\"target\":{\"@type\":\"EntryPoint\",\"urlTemplate\":\"https:\/\/tourtravelandmore.com\/es\/?s={search_term_string}\"},\"query-input\":{\"@type\":\"PropertyValueSpecification\",\"valueRequired\":true,\"valueName\":\"search_term_string\"}}],\"inLanguage\":\"es\"},{\"@type\":\"Organization\",\"@id\":\"https:\/\/tourtravelandmore.com\/es\/#organization\",\"name\":\"Tour Travel And More\",\"url\":\"https:\/\/tourtravelandmore.com\/es\/\",\"logo\":{\"@type\":\"ImageObject\",\"inLanguage\":\"es\",\"@id\":\"https:\/\/tourtravelandmore.com\/es\/#\/schema\/logo\/image\/\",\"url\":\"https:\/\/tourtravelandmore.com\/wp-content\/uploads\/2022\/12\/cropped-logo-cabecera-new.png\",\"contentUrl\":\"https:\/\/tourtravelandmore.com\/wp-content\/uploads\/2022\/12\/cropped-logo-cabecera-new.png\",\"width\":430,\"height\":61,\"caption\":\"Tour Travel And More\"},\"image\":{\"@id\":\"https:\/\/tourtravelandmore.com\/es\/#\/schema\/logo\/image\/\"},\"sameAs\":[\"https:\/\/www.facebook.com\/tourtravelandmore\/\",\"https:\/\/x.com\/TourTravel_More\"]}]}<\/script>\n<!-- \/ Yoast SEO Premium plugin. -->","yoast_head_json":{"title":"\u27a1\ufe0f Tour Privado a la Isla Ixtapa con gu\u00eda oficial y tickets de ferry | Tour Travel & More","description":"Acomp\u00e1\u00f1enos en este Tour Privado a la Isla Ixtapa junto a un gu\u00eda oficial local y descubra los maravillosos rincones de este para\u00edso \u2705","robots":{"index":"index","follow":"follow","max-snippet":"max-snippet:-1","max-image-preview":"max-image-preview:large","max-video-preview":"max-video-preview:-1"},"canonical":"https:\/\/tourtravelandmore.com\/es\/tours\/mexico-es\/ixtapa-es\/ixtapa-actividades-es\/tour-privado-a-la-isla-ixtapa\/","og_locale":"es_ES","og_type":"article","og_title":"Tour Privado a la Isla Ixtapa","og_description":"Acomp\u00e1\u00f1enos en este Tour Privado a la Isla Ixtapa junto a un gu\u00eda oficial local y descubra los maravillosos rincones de este para\u00edso \u2705","og_url":"https:\/\/tourtravelandmore.com\/es\/tours\/mexico-es\/ixtapa-es\/ixtapa-actividades-es\/tour-privado-a-la-isla-ixtapa\/","og_site_name":"Tour Travel And More","article_publisher":"https:\/\/www.facebook.com\/tourtravelandmore\/","article_modified_time":"2023-12-01T10:12:04+00:00","og_image":[{"width":2560,"height":1920,"url":"https:\/\/tourtravelandmore.com\/wp-content\/uploads\/2020\/12\/ixtapa-island-2-scaled.jpg","type":"image\/jpeg"}],"twitter_card":"summary_large_image","twitter_site":"@TourTravel_More","twitter_misc":{"Tiempo de lectura":"2 minutos"},"schema":{"@context":"https:\/\/schema.org","@graph":[{"@type":"WebPage","@id":"https:\/\/tourtravelandmore.com\/es\/tours\/mexico-es\/ixtapa-es\/ixtapa-actividades-es\/tour-privado-a-la-isla-ixtapa\/","url":"https:\/\/tourtravelandmore.com\/es\/tours\/mexico-es\/ixtapa-es\/ixtapa-actividades-es\/tour-privado-a-la-isla-ixtapa\/","name":"\u27a1\ufe0f Tour Privado a la Isla Ixtapa con gu\u00eda oficial y tickets de ferry | Tour Travel & More","isPartOf":{"@id":"https:\/\/tourtravelandmore.com\/es\/#website"},"primaryImageOfPage":{"@id":"https:\/\/tourtravelandmore.com\/es\/tours\/mexico-es\/ixtapa-es\/ixtapa-actividades-es\/tour-privado-a-la-isla-ixtapa\/#primaryimage"},"image":{"@id":"https:\/\/tourtravelandmore.com\/es\/tours\/mexico-es\/ixtapa-es\/ixtapa-actividades-es\/tour-privado-a-la-isla-ixtapa\/#primaryimage"},"thumbnailUrl":"https:\/\/tourtravelandmore.com\/wp-content\/uploads\/2020\/12\/ixtapa-island-2-scaled.jpg","datePublished":"2020-12-15T09:58:49+00:00","dateModified":"2023-12-01T10:12:04+00:00","description":"Acomp\u00e1\u00f1enos en este Tour Privado a la Isla Ixtapa junto a un gu\u00eda oficial local y descubra los maravillosos rincones de este para\u00edso \u2705","breadcrumb":{"@id":"https:\/\/tourtravelandmore.com\/es\/tours\/mexico-es\/ixtapa-es\/ixtapa-actividades-es\/tour-privado-a-la-isla-ixtapa\/#breadcrumb"},"inLanguage":"es","potentialAction":[{"@type":"ReadAction","target":["https:\/\/tourtravelandmore.com\/es\/tours\/mexico-es\/ixtapa-es\/ixtapa-actividades-es\/tour-privado-a-la-isla-ixtapa\/"]}]},{"@type":"ImageObject","inLanguage":"es","@id":"https:\/\/tourtravelandmore.com\/es\/tours\/mexico-es\/ixtapa-es\/ixtapa-actividades-es\/tour-privado-a-la-isla-ixtapa\/#primaryimage","url":"https:\/\/tourtravelandmore.com\/wp-content\/uploads\/2020\/12\/ixtapa-island-2-scaled.jpg","contentUrl":"https:\/\/tourtravelandmore.com\/wp-content\/uploads\/2020\/12\/ixtapa-island-2-scaled.jpg","width":2560,"height":1920},{"@type":"BreadcrumbList","@id":"https:\/\/tourtravelandmore.com\/es\/tours\/mexico-es\/ixtapa-es\/ixtapa-actividades-es\/tour-privado-a-la-isla-ixtapa\/#breadcrumb","itemListElement":[{"@type":"ListItem","position":1,"name":"Home","item":"https:\/\/tourtravelandmore.com\/es\/"},{"@type":"ListItem","position":2,"name":"Tours","item":"https:\/\/tourtravelandmore.com\/es\/tours\/"},{"@type":"ListItem","position":3,"name":"Tour Privado a la Isla Ixtapa"}]},{"@type":"WebSite","@id":"https:\/\/tourtravelandmore.com\/es\/#website","url":"https:\/\/tourtravelandmore.com\/es\/","name":"Tour Travel And More","description":"Private sightseeing tours and luxury transfers in Spain","publisher":{"@id":"https:\/\/tourtravelandmore.com\/es\/#organization"},"potentialAction":[{"@type":"SearchAction","target":{"@type":"EntryPoint","urlTemplate":"https:\/\/tourtravelandmore.com\/es\/?s={search_term_string}"},"query-input":{"@type":"PropertyValueSpecification","valueRequired":true,"valueName":"search_term_string"}}],"inLanguage":"es"},{"@type":"Organization","@id":"https:\/\/tourtravelandmore.com\/es\/#organization","name":"Tour Travel And More","url":"https:\/\/tourtravelandmore.com\/es\/","logo":{"@type":"ImageObject","inLanguage":"es","@id":"https:\/\/tourtravelandmore.com\/es\/#\/schema\/logo\/image\/","url":"https:\/\/tourtravelandmore.com\/wp-content\/uploads\/2022\/12\/cropped-logo-cabecera-new.png","contentUrl":"https:\/\/tourtravelandmore.com\/wp-content\/uploads\/2022\/12\/cropped-logo-cabecera-new.png","width":430,"height":61,"caption":"Tour Travel And More"},"image":{"@id":"https:\/\/tourtravelandmore.com\/es\/#\/schema\/logo\/image\/"},"sameAs":["https:\/\/www.facebook.com\/tourtravelandmore\/","https:\/\/x.com\/TourTravel_More"]}]}},"_links":{"self":[{"href":"https:\/\/tourtravelandmore.com\/es\/wp-json\/wp\/v2\/product\/89574","targetHints":{"allow":["GET"]}}],"collection":[{"href":"https:\/\/tourtravelandmore.com\/es\/wp-json\/wp\/v2\/product"}],"about":[{"href":"https:\/\/tourtravelandmore.com\/es\/wp-json\/wp\/v2\/types\/product"}],"replies":[{"embeddable":true,"href":"https:\/\/tourtravelandmore.com\/es\/wp-json\/wp\/v2\/comments?post=89574"}],"wp:featuredmedia":[{"embeddable":true,"href":"https:\/\/tourtravelandmore.com\/es\/wp-json\/wp\/v2\/media\/89661"}],"wp:attachment":[{"href":"https:\/\/tourtravelandmore.com\/es\/wp-json\/wp\/v2\/media?parent=89574"}],"wp:term":[{"taxonomy":"product_brand","embeddable":true,"href":"https:\/\/tourtravelandmore.com\/es\/wp-json\/wp\/v2\/product_brand?post=89574"},{"taxonomy":"product_cat","embeddable":true,"href":"https:\/\/tourtravelandmore.com\/es\/wp-json\/wp\/v2\/product_cat?post=89574"},{"taxonomy":"product_tag","embeddable":true,"href":"https:\/\/tourtravelandmore.com\/es\/wp-json\/wp\/v2\/product_tag?post=89574"}],"curies":[{"name":"wp","href":"https:\/\/api.w.org\/{rel}","templated":true}]}}