{"id":89284,"date":"2020-12-11T10:08:31","date_gmt":"2020-12-11T09:08:33","guid":{"rendered":"https:\/\/tourtravelandmore.com\/?post_type=product&#038;p=89284"},"modified":"2023-11-27T08:59:52","modified_gmt":"2023-11-27T07:59:52","slug":"tour-privado-a-pie-por-san-miguel-de-cozumel","status":"publish","type":"product","link":"https:\/\/tourtravelandmore.com\/es\/tours\/mexico-es\/cozumel-es\/cozumel-actividades-es\/tour-privado-a-pie-por-san-miguel-de-cozumel\/","title":{"rendered":"Tour Privado a pie por San Miguel de Cozumel"},"content":{"rendered":"<h2 id=\"tw-target-text\" class=\"tw-data-text tw-text-large XcVN5d tw-ta\" dir=\"ltr\" data-placeholder=\"Traducci\u00f3n\"><span lang=\"es\">Descripci\u00f3n del Tour Privado a pie por San Miguel de Cozumel<\/span><\/h2>\n<p><strong>Cozumel<\/strong> no es solo una isla con playas hermosas, sino que tambi\u00e9n ofrece ruinas antiguas, historia y una cultura muy interesante. Aprovecha esta oportunidad y ven con nosotros en este <strong>tour privado a pie por San Miguel de Cozumel<\/strong>. Tendr\u00e1 un <strong>gu\u00eda tur\u00edstico oficial privado<\/strong> disponible para una visita guiada de 3 horas.<\/p>\n<p>Se reunir\u00e1 con su gu\u00eda tur\u00edstico oficial privado en un lugar del centro hist\u00f3rico de San Miguel de Cozumel. En caso de que se est\u00e9 hospedando lejos del casco antiguo, podemos organizar un traslado privado. \u00a1Simplemente, contacte a <strong>Tour Travel &amp; More<\/strong> y haremos su sue\u00f1o realidad!<\/p>\n<p><strong>San Miguel de Cozumel<\/strong> es la ciudad m\u00e1s grande y principal de la isla de Cozumel. Cuenta con un puerto muy importante que recibe miles de cruceros por d\u00eda con millones de personas de todas partes del mundo. Esta incre\u00edble ciudad ofrece una gran variedad de atractivos, como importantes resorts, restaurantes, museos, teatros y fiestas en la playa.<\/p>\n<p>No pierda la oportunidad de visitar la ciudad m\u00e1s importante de Cozumel con nuestro tour privado a pie por San Miguel de Cozumel. Es un lugar que definitivamente debes explorar en profundidad.<\/p>\n<h2>Puntos emblem\u00e1ticos y de inter\u00e9s en el Tour Privado a pie por San Miguel de Cozumel<\/h2>\n<p>En primer lugar, se reunir\u00e1 con su gu\u00eda tur\u00edstico oficial privado en un lugar c\u00e9ntrico de la ciudad. <span class=\"JLqJ4b ChMk0b\" data-language-for-alternatives=\"es\" data-language-to-translate-into=\"en\" data-phrase-index=\"1\">Como se trata de un tour privado y personalizado, puede determinar la hora de inicio de su experiencia. <\/span><\/p>\n<p><span class=\"JLqJ4b ChMk0b\" data-language-for-alternatives=\"es\" data-language-to-translate-into=\"en\" data-phrase-index=\"1\"><span class=\"JLqJ4b\" data-language-for-alternatives=\"es\" data-language-to-translate-into=\"en\" data-phrase-index=\"2\">Durante este recorrido a pie privado, aprender\u00e1s sobre la historia y la cultura de San Miguel de Cozumel. Explorar\u00e1s sus tradiciones y aprender\u00e1s sobre las personas que vive en esta isla. Entre otros monumentos y lugares podr\u00e1s visitar:<\/span><\/span><\/p>\n<ul>\n<li><strong>El Mercado Principal<\/strong><\/li>\n<li><a href=\"https:\/\/missioncoz.com\/free-tequila-tour\/description-tequila-free\/\">Museo de Tequila<\/a>: dentro puedes degustar el tequila org\u00e1nico.<\/li>\n<li><strong>Museo de la Isla\u00a0<\/strong><\/li>\n<li><strong>Monumento al Buceo<\/strong><\/li>\n<li><strong>Fuente Ixchel<\/strong><\/li>\n<li><strong>Monumento Coral Reef<\/strong><\/li>\n<li><strong>y mucho m\u00e1s!<\/strong><\/li>\n<\/ul>\n<p>En caso de que est\u00e9 interesado, podemos incluir la entrada a cualquier monumento o museo que desee visitar. <span class=\"JLqJ4b ChMk0b\" data-language-for-alternatives=\"es\" data-language-to-translate-into=\"en\" data-phrase-index=\"1\">Si tiene algo en mente, h\u00e1ganoslo saber y haremos todo lo posible para cumplir sus deseos. <\/span><\/p>\n<p><span class=\"JLqJ4b ChMk0b\" data-language-for-alternatives=\"es\" data-language-to-translate-into=\"en\" data-phrase-index=\"1\"><span class=\"JLqJ4b\" data-language-for-alternatives=\"es\" data-language-to-translate-into=\"en\" data-phrase-index=\"2\">Finalmente, al finalizar la visita, su gu\u00eda privado lo dejar\u00e1 en un lugar c\u00e9ntrico de San Miguel de Cozumel. <\/span><\/span><\/p>\n<p><span class=\"JLqJ4b ChMk0b\" data-language-for-alternatives=\"es\" data-language-to-translate-into=\"en\" data-phrase-index=\"1\"><span class=\"JLqJ4b\" data-language-for-alternatives=\"es\" data-language-to-translate-into=\"en\" data-phrase-index=\"2\">Tambi\u00e9n ofrecemos tours privados por la isla de Cozumel, \u00a1mira <a href=\"https:\/\/tourtravelandmore.com\/es\/ciudad\/mexico-es\/cozumel-es\/\">aqu\u00ed<\/a>!<\/span><\/span><\/p>\n","protected":false},"excerpt":{"rendered":"<p id=\"tw-target-text\" class=\"tw-data-text tw-text-large XcVN5d tw-ta\" dir=\"ltr\" data-placeholder=\"Traducci\u00f3n\">Disfrute al m\u00e1ximo tus d\u00edas en Cozumel y \u00fanete a nosotros en este tour privado a pie por San Miguel de Cozumel con un profesional local que te mostrar\u00e1 todos los rincones de esta incre\u00edble ciudad.<\/p>\n","protected":false},"featured_media":89301,"comment_status":"open","ping_status":"closed","template":"","meta":{"_acf_changed":false},"product_brand":[],"product_cat":[3203,3230,3233,3236,3239],"product_tag":[],"class_list":{"0":"post-89284","1":"product","2":"type-product","3":"status-publish","4":"has-post-thumbnail","6":"product_cat-mexico-es","7":"product_cat-cozumel-es","8":"product_cat-cozumel-actividades-es","9":"product_cat-cozumel-tours-es","10":"product_cat-cozumel-excursion-puerto-es","12":"first","13":"instock","14":"shipping-taxable","15":"purchasable","16":"product-type-simple"},"acf":[],"yoast_head":"<!-- This site is optimized with the Yoast SEO Premium plugin v25.3.1 (Yoast SEO v25.3.1) - https:\/\/yoast.com\/wordpress\/plugins\/seo\/ -->\n<title>\u27a1\ufe0f Tour Privado a pie por San Miguel de Cozumel con gu\u00eda oficial | Tour Travel &amp; More<\/title>\n<meta name=\"description\" content=\"Disfrute de este Tour Privado a pie por San Miguel de Cozumel con un gu\u00eda oficial local. \u00a1Conozca lo mejor de San Miguel con un profesional! \u2705\" \/>\n<meta name=\"robots\" content=\"index, follow, max-snippet:-1, max-image-preview:large, max-video-preview:-1\" \/>\n<link rel=\"canonical\" href=\"https:\/\/tourtravelandmore.com\/es\/tours\/mexico-es\/cozumel-es\/cozumel-actividades-es\/tour-privado-a-pie-por-san-miguel-de-cozumel\/\" \/>\n<meta property=\"og:locale\" content=\"es_ES\" \/>\n<meta property=\"og:type\" content=\"article\" \/>\n<meta property=\"og:title\" content=\"Tour Privado a pie por San Miguel de Cozumel\" \/>\n<meta property=\"og:description\" content=\"Disfrute de este Tour Privado a pie por San Miguel de Cozumel con un gu\u00eda oficial local. \u00a1Conozca lo mejor de San Miguel con un profesional! \u2705\" \/>\n<meta property=\"og:url\" content=\"https:\/\/tourtravelandmore.com\/es\/tours\/mexico-es\/cozumel-es\/cozumel-actividades-es\/tour-privado-a-pie-por-san-miguel-de-cozumel\/\" \/>\n<meta property=\"og:site_name\" content=\"Tour Travel And More\" \/>\n<meta property=\"article:publisher\" content=\"https:\/\/www.facebook.com\/tourtravelandmore\/\" \/>\n<meta property=\"article:modified_time\" content=\"2023-11-27T07:59:52+00:00\" \/>\n<meta property=\"og:image\" content=\"https:\/\/tourtravelandmore.com\/wp-content\/uploads\/2020\/12\/san-miguel-3-scaled.jpg\" \/>\n\t<meta property=\"og:image:width\" content=\"2560\" \/>\n\t<meta property=\"og:image:height\" content=\"1707\" \/>\n\t<meta property=\"og:image:type\" content=\"image\/jpeg\" \/>\n<meta name=\"twitter:card\" content=\"summary_large_image\" \/>\n<meta name=\"twitter:site\" content=\"@TourTravel_More\" \/>\n<meta name=\"twitter:label1\" content=\"Tiempo de lectura\" \/>\n\t<meta name=\"twitter:data1\" content=\"2 minutos\" \/>\n<script type=\"application\/ld+json\" class=\"yoast-schema-graph\">{\"@context\":\"https:\/\/schema.org\",\"@graph\":[{\"@type\":\"WebPage\",\"@id\":\"https:\/\/tourtravelandmore.com\/es\/tours\/mexico-es\/cozumel-es\/cozumel-actividades-es\/tour-privado-a-pie-por-san-miguel-de-cozumel\/\",\"url\":\"https:\/\/tourtravelandmore.com\/es\/tours\/mexico-es\/cozumel-es\/cozumel-actividades-es\/tour-privado-a-pie-por-san-miguel-de-cozumel\/\",\"name\":\"\u27a1\ufe0f Tour Privado a pie por San Miguel de Cozumel con gu\u00eda oficial | Tour Travel & More\",\"isPartOf\":{\"@id\":\"https:\/\/tourtravelandmore.com\/es\/#website\"},\"primaryImageOfPage\":{\"@id\":\"https:\/\/tourtravelandmore.com\/es\/tours\/mexico-es\/cozumel-es\/cozumel-actividades-es\/tour-privado-a-pie-por-san-miguel-de-cozumel\/#primaryimage\"},\"image\":{\"@id\":\"https:\/\/tourtravelandmore.com\/es\/tours\/mexico-es\/cozumel-es\/cozumel-actividades-es\/tour-privado-a-pie-por-san-miguel-de-cozumel\/#primaryimage\"},\"thumbnailUrl\":\"https:\/\/tourtravelandmore.com\/wp-content\/uploads\/2020\/12\/san-miguel-3-scaled.jpg\",\"datePublished\":\"2020-12-11T09:08:33+00:00\",\"dateModified\":\"2023-11-27T07:59:52+00:00\",\"description\":\"Disfrute de este Tour Privado a pie por San Miguel de Cozumel con un gu\u00eda oficial local. \u00a1Conozca lo mejor de San Miguel con un profesional! \u2705\",\"breadcrumb\":{\"@id\":\"https:\/\/tourtravelandmore.com\/es\/tours\/mexico-es\/cozumel-es\/cozumel-actividades-es\/tour-privado-a-pie-por-san-miguel-de-cozumel\/#breadcrumb\"},\"inLanguage\":\"es\",\"potentialAction\":[{\"@type\":\"ReadAction\",\"target\":[\"https:\/\/tourtravelandmore.com\/es\/tours\/mexico-es\/cozumel-es\/cozumel-actividades-es\/tour-privado-a-pie-por-san-miguel-de-cozumel\/\"]}]},{\"@type\":\"ImageObject\",\"inLanguage\":\"es\",\"@id\":\"https:\/\/tourtravelandmore.com\/es\/tours\/mexico-es\/cozumel-es\/cozumel-actividades-es\/tour-privado-a-pie-por-san-miguel-de-cozumel\/#primaryimage\",\"url\":\"https:\/\/tourtravelandmore.com\/wp-content\/uploads\/2020\/12\/san-miguel-3-scaled.jpg\",\"contentUrl\":\"https:\/\/tourtravelandmore.com\/wp-content\/uploads\/2020\/12\/san-miguel-3-scaled.jpg\",\"width\":2560,\"height\":1707},{\"@type\":\"BreadcrumbList\",\"@id\":\"https:\/\/tourtravelandmore.com\/es\/tours\/mexico-es\/cozumel-es\/cozumel-actividades-es\/tour-privado-a-pie-por-san-miguel-de-cozumel\/#breadcrumb\",\"itemListElement\":[{\"@type\":\"ListItem\",\"position\":1,\"name\":\"Home\",\"item\":\"https:\/\/tourtravelandmore.com\/es\/\"},{\"@type\":\"ListItem\",\"position\":2,\"name\":\"Tours\",\"item\":\"https:\/\/tourtravelandmore.com\/es\/tours\/\"},{\"@type\":\"ListItem\",\"position\":3,\"name\":\"Tour Privado a pie por San Miguel de Cozumel\"}]},{\"@type\":\"WebSite\",\"@id\":\"https:\/\/tourtravelandmore.com\/es\/#website\",\"url\":\"https:\/\/tourtravelandmore.com\/es\/\",\"name\":\"Tour Travel And More\",\"description\":\"Private sightseeing tours and luxury transfers in Spain\",\"publisher\":{\"@id\":\"https:\/\/tourtravelandmore.com\/es\/#organization\"},\"potentialAction\":[{\"@type\":\"SearchAction\",\"target\":{\"@type\":\"EntryPoint\",\"urlTemplate\":\"https:\/\/tourtravelandmore.com\/es\/?s={search_term_string}\"},\"query-input\":{\"@type\":\"PropertyValueSpecification\",\"valueRequired\":true,\"valueName\":\"search_term_string\"}}],\"inLanguage\":\"es\"},{\"@type\":\"Organization\",\"@id\":\"https:\/\/tourtravelandmore.com\/es\/#organization\",\"name\":\"Tour Travel And More\",\"url\":\"https:\/\/tourtravelandmore.com\/es\/\",\"logo\":{\"@type\":\"ImageObject\",\"inLanguage\":\"es\",\"@id\":\"https:\/\/tourtravelandmore.com\/es\/#\/schema\/logo\/image\/\",\"url\":\"https:\/\/tourtravelandmore.com\/wp-content\/uploads\/2022\/12\/cropped-logo-cabecera-new.png\",\"contentUrl\":\"https:\/\/tourtravelandmore.com\/wp-content\/uploads\/2022\/12\/cropped-logo-cabecera-new.png\",\"width\":430,\"height\":61,\"caption\":\"Tour Travel And More\"},\"image\":{\"@id\":\"https:\/\/tourtravelandmore.com\/es\/#\/schema\/logo\/image\/\"},\"sameAs\":[\"https:\/\/www.facebook.com\/tourtravelandmore\/\",\"https:\/\/x.com\/TourTravel_More\"]}]}<\/script>\n<!-- \/ Yoast SEO Premium plugin. -->","yoast_head_json":{"title":"\u27a1\ufe0f Tour Privado a pie por San Miguel de Cozumel con gu\u00eda oficial | Tour Travel & More","description":"Disfrute de este Tour Privado a pie por San Miguel de Cozumel con un gu\u00eda oficial local. \u00a1Conozca lo mejor de San Miguel con un profesional! \u2705","robots":{"index":"index","follow":"follow","max-snippet":"max-snippet:-1","max-image-preview":"max-image-preview:large","max-video-preview":"max-video-preview:-1"},"canonical":"https:\/\/tourtravelandmore.com\/es\/tours\/mexico-es\/cozumel-es\/cozumel-actividades-es\/tour-privado-a-pie-por-san-miguel-de-cozumel\/","og_locale":"es_ES","og_type":"article","og_title":"Tour Privado a pie por San Miguel de Cozumel","og_description":"Disfrute de este Tour Privado a pie por San Miguel de Cozumel con un gu\u00eda oficial local. \u00a1Conozca lo mejor de San Miguel con un profesional! \u2705","og_url":"https:\/\/tourtravelandmore.com\/es\/tours\/mexico-es\/cozumel-es\/cozumel-actividades-es\/tour-privado-a-pie-por-san-miguel-de-cozumel\/","og_site_name":"Tour Travel And More","article_publisher":"https:\/\/www.facebook.com\/tourtravelandmore\/","article_modified_time":"2023-11-27T07:59:52+00:00","og_image":[{"width":2560,"height":1707,"url":"https:\/\/tourtravelandmore.com\/wp-content\/uploads\/2020\/12\/san-miguel-3-scaled.jpg","type":"image\/jpeg"}],"twitter_card":"summary_large_image","twitter_site":"@TourTravel_More","twitter_misc":{"Tiempo de lectura":"2 minutos"},"schema":{"@context":"https:\/\/schema.org","@graph":[{"@type":"WebPage","@id":"https:\/\/tourtravelandmore.com\/es\/tours\/mexico-es\/cozumel-es\/cozumel-actividades-es\/tour-privado-a-pie-por-san-miguel-de-cozumel\/","url":"https:\/\/tourtravelandmore.com\/es\/tours\/mexico-es\/cozumel-es\/cozumel-actividades-es\/tour-privado-a-pie-por-san-miguel-de-cozumel\/","name":"\u27a1\ufe0f Tour Privado a pie por San Miguel de Cozumel con gu\u00eda oficial | Tour Travel & More","isPartOf":{"@id":"https:\/\/tourtravelandmore.com\/es\/#website"},"primaryImageOfPage":{"@id":"https:\/\/tourtravelandmore.com\/es\/tours\/mexico-es\/cozumel-es\/cozumel-actividades-es\/tour-privado-a-pie-por-san-miguel-de-cozumel\/#primaryimage"},"image":{"@id":"https:\/\/tourtravelandmore.com\/es\/tours\/mexico-es\/cozumel-es\/cozumel-actividades-es\/tour-privado-a-pie-por-san-miguel-de-cozumel\/#primaryimage"},"thumbnailUrl":"https:\/\/tourtravelandmore.com\/wp-content\/uploads\/2020\/12\/san-miguel-3-scaled.jpg","datePublished":"2020-12-11T09:08:33+00:00","dateModified":"2023-11-27T07:59:52+00:00","description":"Disfrute de este Tour Privado a pie por San Miguel de Cozumel con un gu\u00eda oficial local. \u00a1Conozca lo mejor de San Miguel con un profesional! \u2705","breadcrumb":{"@id":"https:\/\/tourtravelandmore.com\/es\/tours\/mexico-es\/cozumel-es\/cozumel-actividades-es\/tour-privado-a-pie-por-san-miguel-de-cozumel\/#breadcrumb"},"inLanguage":"es","potentialAction":[{"@type":"ReadAction","target":["https:\/\/tourtravelandmore.com\/es\/tours\/mexico-es\/cozumel-es\/cozumel-actividades-es\/tour-privado-a-pie-por-san-miguel-de-cozumel\/"]}]},{"@type":"ImageObject","inLanguage":"es","@id":"https:\/\/tourtravelandmore.com\/es\/tours\/mexico-es\/cozumel-es\/cozumel-actividades-es\/tour-privado-a-pie-por-san-miguel-de-cozumel\/#primaryimage","url":"https:\/\/tourtravelandmore.com\/wp-content\/uploads\/2020\/12\/san-miguel-3-scaled.jpg","contentUrl":"https:\/\/tourtravelandmore.com\/wp-content\/uploads\/2020\/12\/san-miguel-3-scaled.jpg","width":2560,"height":1707},{"@type":"BreadcrumbList","@id":"https:\/\/tourtravelandmore.com\/es\/tours\/mexico-es\/cozumel-es\/cozumel-actividades-es\/tour-privado-a-pie-por-san-miguel-de-cozumel\/#breadcrumb","itemListElement":[{"@type":"ListItem","position":1,"name":"Home","item":"https:\/\/tourtravelandmore.com\/es\/"},{"@type":"ListItem","position":2,"name":"Tours","item":"https:\/\/tourtravelandmore.com\/es\/tours\/"},{"@type":"ListItem","position":3,"name":"Tour Privado a pie por San Miguel de Cozumel"}]},{"@type":"WebSite","@id":"https:\/\/tourtravelandmore.com\/es\/#website","url":"https:\/\/tourtravelandmore.com\/es\/","name":"Tour Travel And More","description":"Private sightseeing tours and luxury transfers in Spain","publisher":{"@id":"https:\/\/tourtravelandmore.com\/es\/#organization"},"potentialAction":[{"@type":"SearchAction","target":{"@type":"EntryPoint","urlTemplate":"https:\/\/tourtravelandmore.com\/es\/?s={search_term_string}"},"query-input":{"@type":"PropertyValueSpecification","valueRequired":true,"valueName":"search_term_string"}}],"inLanguage":"es"},{"@type":"Organization","@id":"https:\/\/tourtravelandmore.com\/es\/#organization","name":"Tour Travel And More","url":"https:\/\/tourtravelandmore.com\/es\/","logo":{"@type":"ImageObject","inLanguage":"es","@id":"https:\/\/tourtravelandmore.com\/es\/#\/schema\/logo\/image\/","url":"https:\/\/tourtravelandmore.com\/wp-content\/uploads\/2022\/12\/cropped-logo-cabecera-new.png","contentUrl":"https:\/\/tourtravelandmore.com\/wp-content\/uploads\/2022\/12\/cropped-logo-cabecera-new.png","width":430,"height":61,"caption":"Tour Travel And More"},"image":{"@id":"https:\/\/tourtravelandmore.com\/es\/#\/schema\/logo\/image\/"},"sameAs":["https:\/\/www.facebook.com\/tourtravelandmore\/","https:\/\/x.com\/TourTravel_More"]}]}},"_links":{"self":[{"href":"https:\/\/tourtravelandmore.com\/es\/wp-json\/wp\/v2\/product\/89284","targetHints":{"allow":["GET"]}}],"collection":[{"href":"https:\/\/tourtravelandmore.com\/es\/wp-json\/wp\/v2\/product"}],"about":[{"href":"https:\/\/tourtravelandmore.com\/es\/wp-json\/wp\/v2\/types\/product"}],"replies":[{"embeddable":true,"href":"https:\/\/tourtravelandmore.com\/es\/wp-json\/wp\/v2\/comments?post=89284"}],"wp:featuredmedia":[{"embeddable":true,"href":"https:\/\/tourtravelandmore.com\/es\/wp-json\/wp\/v2\/media\/89301"}],"wp:attachment":[{"href":"https:\/\/tourtravelandmore.com\/es\/wp-json\/wp\/v2\/media?parent=89284"}],"wp:term":[{"taxonomy":"product_brand","embeddable":true,"href":"https:\/\/tourtravelandmore.com\/es\/wp-json\/wp\/v2\/product_brand?post=89284"},{"taxonomy":"product_cat","embeddable":true,"href":"https:\/\/tourtravelandmore.com\/es\/wp-json\/wp\/v2\/product_cat?post=89284"},{"taxonomy":"product_tag","embeddable":true,"href":"https:\/\/tourtravelandmore.com\/es\/wp-json\/wp\/v2\/product_tag?post=89284"}],"curies":[{"name":"wp","href":"https:\/\/api.w.org\/{rel}","templated":true}]}}