{"id":89224,"date":"2020-12-10T11:22:50","date_gmt":"2020-12-10T10:22:53","guid":{"rendered":"https:\/\/tourtravelandmore.com\/?post_type=product&#038;p=89224"},"modified":"2023-11-27T09:01:27","modified_gmt":"2023-11-27T08:01:27","slug":"tour-privado-por-la-isla-cozumel","status":"publish","type":"product","link":"https:\/\/tourtravelandmore.com\/es\/tours\/mexico-es\/cozumel-es\/cozumel-actividades-es\/tour-privado-por-la-isla-cozumel\/","title":{"rendered":"Tour Privado por la Isla Cozumel"},"content":{"rendered":"<h2 id=\"tw-target-text\" class=\"tw-data-text tw-text-large XcVN5d tw-ta\" dir=\"ltr\" data-placeholder=\"Traducci\u00f3n\"><span lang=\"es\">Descripci\u00f3n del Tour Privado por la Isla Cozumel<\/span><\/h2>\n<p><strong>Cozumel<\/strong> es uno de los destinos m\u00e1s visitados de M\u00e9xico debido a sus incre\u00edbles playas, aguas turquesas y atardeceres incre\u00edbles. Te invitamos a este <strong>Tour Privado por la Isla Cozumel<\/strong> para que puedas corroborar, con tus propios ojos, este magn\u00edfico lugar.<\/p>\n<p>Organizaremos una recogida privada desde su hotel o lugar de elecci\u00f3n en Cozumel. El servicio se llevar\u00e1 a cabo en un <strong>veh\u00edculo privado con conductor<\/strong> y un <strong>gu\u00eda tur\u00edstico oficial<\/strong>. Como se trata de un recorrido privado y personalizado, usted decidir\u00e1 la duraci\u00f3n total del recorrido. Podemos organizar un recorrido de 4, 6 o incluso 8 horas por la isla.<\/p>\n<p><strong>Cozumel<\/strong> es una isla mexicana en el Caribe. Tiene un puerto muy importante, ya que es donde desembarcan muchos de los cruceros m\u00e1s importantes. Esta isla es muy famosa por sus lugares de buceo. Recibe millones de turistas de todo el mundo durante el a\u00f1o ya que es el lugar perfecto para relajarse y pasar sus vacaciones.<\/p>\n<p>Comun\u00edquese con <strong>Tour Travel &amp; More<\/strong> para obtener m\u00e1s informaci\u00f3n y c\u00f3mo personalizar su propia experiencia. Disfruta al m\u00e1ximo tu tour privado por la isla de Cozumel con un equipo profesional local.<\/p>\n<h2 id=\"tw-target-text\" class=\"tw-data-text tw-text-large XcVN5d tw-ta\" dir=\"ltr\" data-placeholder=\"Traducci\u00f3n\">Puntos de inter\u00e9s en el Tour Privado por la Isla Cozumel<\/h2>\n<p>En primer lugar, lo recogeremos de su hotel o lugar de elecci\u00f3n en <a href=\"https:\/\/es.wikipedia.org\/wiki\/Cozumel\">Cozumel<\/a>. <span class=\"JLqJ4b ChMk0b\" data-language-for-alternatives=\"es\" data-language-to-translate-into=\"en\" data-phrase-index=\"1\">El itinerario depender\u00e1 del lugar de recogida y la duraci\u00f3n total que haya elegido. De todos modos, a continuaci\u00f3n encontrar\u00e1 los lugares y sitios que definitivamente no puede perderse durante este tour privado:<\/span><\/p>\n<ul>\n<li><strong>Punta Sur Eco Beach Park:<\/strong> es uno de los grandes parques ecol\u00f3gicos de la isla.<\/li>\n<li><span class=\"JLqJ4b\" data-language-for-alternatives=\"es\" data-language-to-translate-into=\"en\" data-phrase-index=\"1\"><span class=\"JLqJ4b ChMk0b\" data-language-for-alternatives=\"es\" data-language-to-translate-into=\"en\" data-phrase-index=\"2\"><strong>Faro de Celarain:<\/strong> fue construido en 1901 y luego se convirti\u00f3 en museo. <\/span><\/span><\/li>\n<li><strong><span class=\"JLqJ4b\" data-language-for-alternatives=\"es\" data-language-to-translate-into=\"en\" data-phrase-index=\"1\"><span class=\"JLqJ4b ChMk0b\" data-language-for-alternatives=\"es\" data-language-to-translate-into=\"en\" data-phrase-index=\"2\">Playa Para\u00edso <\/span><\/span><\/strong><\/li>\n<li><strong><span class=\"JLqJ4b\" data-language-for-alternatives=\"es\" data-language-to-translate-into=\"en\" data-phrase-index=\"1\"><span class=\"JLqJ4b ChMk0b\" data-language-for-alternatives=\"es\" data-language-to-translate-into=\"en\" data-phrase-index=\"2\">Palancar <\/span><\/span><\/strong><\/li>\n<li><strong><span class=\"JLqJ4b\" data-language-for-alternatives=\"es\" data-language-to-translate-into=\"en\" data-phrase-index=\"1\"><span class=\"JLqJ4b ChMk0b\" data-language-for-alternatives=\"es\" data-language-to-translate-into=\"en\" data-phrase-index=\"2\">Playa de San Francisco <\/span><\/span><\/strong><\/li>\n<li><span class=\"JLqJ4b\" data-language-for-alternatives=\"es\" data-language-to-translate-into=\"en\" data-phrase-index=\"1\"><span class=\"JLqJ4b ChMk0b\" data-language-for-alternatives=\"es\" data-language-to-translate-into=\"en\" data-phrase-index=\"2\"><strong>Playa Money:<\/strong> la playa preferida para los amantes del buceo<\/span><\/span><\/li>\n<li><strong><span class=\"JLqJ4b\" data-language-for-alternatives=\"es\" data-language-to-translate-into=\"en\" data-phrase-index=\"1\"><span class=\"JLqJ4b ChMk0b\" data-language-for-alternatives=\"es\" data-language-to-translate-into=\"en\" data-phrase-index=\"2\">Mercado de Cozumel <\/span><\/span><\/strong><\/li>\n<li><span class=\"JLqJ4b\" data-language-for-alternatives=\"es\" data-language-to-translate-into=\"en\" data-phrase-index=\"1\"><span class=\"JLqJ4b ChMk0b\" data-language-for-alternatives=\"es\" data-language-to-translate-into=\"en\" data-phrase-index=\"2\"><strong>Cedral:<\/strong> es una de las ruinas mayas m\u00e1s emblem\u00e1ticas y llena de tradiciones <\/span><\/span><\/li>\n<li><strong><span class=\"JLqJ4b\" data-language-for-alternatives=\"es\" data-language-to-translate-into=\"en\" data-phrase-index=\"1\"><span class=\"JLqJ4b ChMk0b\" data-language-for-alternatives=\"es\" data-language-to-translate-into=\"en\" data-phrase-index=\"2\">\u00a1y mucho m\u00e1s!<\/span><\/span><\/strong><\/li>\n<\/ul>\n<p>Su conductor privado y gu\u00eda tur\u00edstico oficial estar\u00e1n a su total disposici\u00f3n durante todo el recorrido. <span class=\"JLqJ4b ChMk0b\" data-language-for-alternatives=\"es\" data-language-to-translate-into=\"en\" data-phrase-index=\"1\">Son expertos locales y tienen un gran conocimiento sobre la historia, la naturaleza y la cultura de la isla. <\/span><\/p>\n<p><span class=\"JLqJ4b ChMk0b\" data-language-for-alternatives=\"es\" data-language-to-translate-into=\"en\" data-phrase-index=\"1\"><span class=\"JLqJ4b\" data-language-for-alternatives=\"es\" data-language-to-translate-into=\"en\" data-phrase-index=\"2\">Finalmente, al finalizar el recorrido, lo llevar\u00e1n de regreso a su punto de partida en Cozumel. <\/span><\/span><\/p>\n<p><span class=\"JLqJ4b ChMk0b\" data-language-for-alternatives=\"es\" data-language-to-translate-into=\"en\" data-phrase-index=\"1\"><span class=\"JLqJ4b\" data-language-for-alternatives=\"es\" data-language-to-translate-into=\"en\" data-phrase-index=\"2\">Tambi\u00e9n ofrecemos tours privados y excursiones en cualquier ciudad mexicana, \u00a1mira <a href=\"https:\/\/tourtravelandmore.com\/es\/ciudad\/mexico-es\/\">aqu\u00ed<\/a>!<\/span><\/span><\/p>\n","protected":false},"excerpt":{"rendered":"<p id=\"tw-target-text\" class=\"tw-data-text tw-text-large XcVN5d tw-ta\" dir=\"ltr\" data-placeholder=\"Traducci\u00f3n\">\u00bfSue\u00f1as con tus vacaciones en el para\u00edso?. <span class=\"JLqJ4b ChMk0b\" data-language-for-alternatives=\"es\" data-language-to-translate-into=\"en\" data-phrase-index=\"1\">Esta es la ocasi\u00f3n perfecta para ti y tu grupo. \u00danase a nosotros en este tour privado de la isla de Cozumel y admire sus incre\u00edbles playas y lugares.<\/span><\/p>\n","protected":false},"featured_media":89237,"comment_status":"open","ping_status":"closed","template":"","meta":{"_acf_changed":false},"product_brand":[],"product_cat":[3203,3230,3233,3236,3239],"product_tag":[],"class_list":{"0":"post-89224","1":"product","2":"type-product","3":"status-publish","4":"has-post-thumbnail","6":"product_cat-mexico-es","7":"product_cat-cozumel-es","8":"product_cat-cozumel-actividades-es","9":"product_cat-cozumel-tours-es","10":"product_cat-cozumel-excursion-puerto-es","12":"first","13":"instock","14":"shipping-taxable","15":"purchasable","16":"product-type-simple"},"acf":[],"yoast_head":"<!-- This site is optimized with the Yoast SEO Premium plugin v25.3.1 (Yoast SEO v25.3.1) - https:\/\/yoast.com\/wordpress\/plugins\/seo\/ -->\n<title>\u27a1\ufe0f Tour Privado por la Isla Cozumel con chofer y gu\u00eda oficial local | Tour Travel &amp; More<\/title>\n<meta name=\"description\" content=\"Acomp\u00e1\u00f1enos en este Tour Privado por la Isla Cozumel y descubra sus maravillosas islas y lugares mas emblem\u00e1ticos \u2705\" \/>\n<meta name=\"robots\" content=\"index, follow, max-snippet:-1, max-image-preview:large, max-video-preview:-1\" \/>\n<link rel=\"canonical\" href=\"https:\/\/tourtravelandmore.com\/es\/tours\/mexico-es\/cozumel-es\/cozumel-actividades-es\/tour-privado-por-la-isla-cozumel\/\" \/>\n<meta property=\"og:locale\" content=\"es_ES\" \/>\n<meta property=\"og:type\" content=\"article\" \/>\n<meta property=\"og:title\" content=\"Tour Privado por la Isla Cozumel\" \/>\n<meta property=\"og:description\" content=\"Acomp\u00e1\u00f1enos en este Tour Privado por la Isla Cozumel y descubra sus maravillosas islas y lugares mas emblem\u00e1ticos \u2705\" \/>\n<meta property=\"og:url\" content=\"https:\/\/tourtravelandmore.com\/es\/tours\/mexico-es\/cozumel-es\/cozumel-actividades-es\/tour-privado-por-la-isla-cozumel\/\" \/>\n<meta property=\"og:site_name\" content=\"Tour Travel And More\" \/>\n<meta property=\"article:publisher\" content=\"https:\/\/www.facebook.com\/tourtravelandmore\/\" \/>\n<meta property=\"article:modified_time\" content=\"2023-11-27T08:01:27+00:00\" \/>\n<meta property=\"og:image\" content=\"https:\/\/tourtravelandmore.com\/wp-content\/uploads\/2020\/12\/cozumel-1.jpg\" \/>\n\t<meta property=\"og:image:width\" content=\"1280\" \/>\n\t<meta property=\"og:image:height\" content=\"853\" \/>\n\t<meta property=\"og:image:type\" content=\"image\/jpeg\" \/>\n<meta name=\"twitter:card\" content=\"summary_large_image\" \/>\n<meta name=\"twitter:site\" content=\"@TourTravel_More\" \/>\n<meta name=\"twitter:label1\" content=\"Tiempo de lectura\" \/>\n\t<meta name=\"twitter:data1\" content=\"2 minutos\" \/>\n<script type=\"application\/ld+json\" class=\"yoast-schema-graph\">{\"@context\":\"https:\/\/schema.org\",\"@graph\":[{\"@type\":\"WebPage\",\"@id\":\"https:\/\/tourtravelandmore.com\/es\/tours\/mexico-es\/cozumel-es\/cozumel-actividades-es\/tour-privado-por-la-isla-cozumel\/\",\"url\":\"https:\/\/tourtravelandmore.com\/es\/tours\/mexico-es\/cozumel-es\/cozumel-actividades-es\/tour-privado-por-la-isla-cozumel\/\",\"name\":\"\u27a1\ufe0f Tour Privado por la Isla Cozumel con chofer y gu\u00eda oficial local | Tour Travel & More\",\"isPartOf\":{\"@id\":\"https:\/\/tourtravelandmore.com\/es\/#website\"},\"primaryImageOfPage\":{\"@id\":\"https:\/\/tourtravelandmore.com\/es\/tours\/mexico-es\/cozumel-es\/cozumel-actividades-es\/tour-privado-por-la-isla-cozumel\/#primaryimage\"},\"image\":{\"@id\":\"https:\/\/tourtravelandmore.com\/es\/tours\/mexico-es\/cozumel-es\/cozumel-actividades-es\/tour-privado-por-la-isla-cozumel\/#primaryimage\"},\"thumbnailUrl\":\"https:\/\/tourtravelandmore.com\/wp-content\/uploads\/2020\/12\/cozumel-1.jpg\",\"datePublished\":\"2020-12-10T10:22:53+00:00\",\"dateModified\":\"2023-11-27T08:01:27+00:00\",\"description\":\"Acomp\u00e1\u00f1enos en este Tour Privado por la Isla Cozumel y descubra sus maravillosas islas y lugares mas emblem\u00e1ticos \u2705\",\"breadcrumb\":{\"@id\":\"https:\/\/tourtravelandmore.com\/es\/tours\/mexico-es\/cozumel-es\/cozumel-actividades-es\/tour-privado-por-la-isla-cozumel\/#breadcrumb\"},\"inLanguage\":\"es\",\"potentialAction\":[{\"@type\":\"ReadAction\",\"target\":[\"https:\/\/tourtravelandmore.com\/es\/tours\/mexico-es\/cozumel-es\/cozumel-actividades-es\/tour-privado-por-la-isla-cozumel\/\"]}]},{\"@type\":\"ImageObject\",\"inLanguage\":\"es\",\"@id\":\"https:\/\/tourtravelandmore.com\/es\/tours\/mexico-es\/cozumel-es\/cozumel-actividades-es\/tour-privado-por-la-isla-cozumel\/#primaryimage\",\"url\":\"https:\/\/tourtravelandmore.com\/wp-content\/uploads\/2020\/12\/cozumel-1.jpg\",\"contentUrl\":\"https:\/\/tourtravelandmore.com\/wp-content\/uploads\/2020\/12\/cozumel-1.jpg\",\"width\":1280,\"height\":853},{\"@type\":\"BreadcrumbList\",\"@id\":\"https:\/\/tourtravelandmore.com\/es\/tours\/mexico-es\/cozumel-es\/cozumel-actividades-es\/tour-privado-por-la-isla-cozumel\/#breadcrumb\",\"itemListElement\":[{\"@type\":\"ListItem\",\"position\":1,\"name\":\"Home\",\"item\":\"https:\/\/tourtravelandmore.com\/es\/\"},{\"@type\":\"ListItem\",\"position\":2,\"name\":\"Tours\",\"item\":\"https:\/\/tourtravelandmore.com\/es\/tours\/\"},{\"@type\":\"ListItem\",\"position\":3,\"name\":\"Tour Privado por la Isla Cozumel\"}]},{\"@type\":\"WebSite\",\"@id\":\"https:\/\/tourtravelandmore.com\/es\/#website\",\"url\":\"https:\/\/tourtravelandmore.com\/es\/\",\"name\":\"Tour Travel And More\",\"description\":\"Private sightseeing tours and luxury transfers in Spain\",\"publisher\":{\"@id\":\"https:\/\/tourtravelandmore.com\/es\/#organization\"},\"potentialAction\":[{\"@type\":\"SearchAction\",\"target\":{\"@type\":\"EntryPoint\",\"urlTemplate\":\"https:\/\/tourtravelandmore.com\/es\/?s={search_term_string}\"},\"query-input\":{\"@type\":\"PropertyValueSpecification\",\"valueRequired\":true,\"valueName\":\"search_term_string\"}}],\"inLanguage\":\"es\"},{\"@type\":\"Organization\",\"@id\":\"https:\/\/tourtravelandmore.com\/es\/#organization\",\"name\":\"Tour Travel And More\",\"url\":\"https:\/\/tourtravelandmore.com\/es\/\",\"logo\":{\"@type\":\"ImageObject\",\"inLanguage\":\"es\",\"@id\":\"https:\/\/tourtravelandmore.com\/es\/#\/schema\/logo\/image\/\",\"url\":\"https:\/\/tourtravelandmore.com\/wp-content\/uploads\/2022\/12\/cropped-logo-cabecera-new.png\",\"contentUrl\":\"https:\/\/tourtravelandmore.com\/wp-content\/uploads\/2022\/12\/cropped-logo-cabecera-new.png\",\"width\":430,\"height\":61,\"caption\":\"Tour Travel And More\"},\"image\":{\"@id\":\"https:\/\/tourtravelandmore.com\/es\/#\/schema\/logo\/image\/\"},\"sameAs\":[\"https:\/\/www.facebook.com\/tourtravelandmore\/\",\"https:\/\/x.com\/TourTravel_More\"]}]}<\/script>\n<!-- \/ Yoast SEO Premium plugin. -->","yoast_head_json":{"title":"\u27a1\ufe0f Tour Privado por la Isla Cozumel con chofer y gu\u00eda oficial local | Tour Travel & More","description":"Acomp\u00e1\u00f1enos en este Tour Privado por la Isla Cozumel y descubra sus maravillosas islas y lugares mas emblem\u00e1ticos \u2705","robots":{"index":"index","follow":"follow","max-snippet":"max-snippet:-1","max-image-preview":"max-image-preview:large","max-video-preview":"max-video-preview:-1"},"canonical":"https:\/\/tourtravelandmore.com\/es\/tours\/mexico-es\/cozumel-es\/cozumel-actividades-es\/tour-privado-por-la-isla-cozumel\/","og_locale":"es_ES","og_type":"article","og_title":"Tour Privado por la Isla Cozumel","og_description":"Acomp\u00e1\u00f1enos en este Tour Privado por la Isla Cozumel y descubra sus maravillosas islas y lugares mas emblem\u00e1ticos \u2705","og_url":"https:\/\/tourtravelandmore.com\/es\/tours\/mexico-es\/cozumel-es\/cozumel-actividades-es\/tour-privado-por-la-isla-cozumel\/","og_site_name":"Tour Travel And More","article_publisher":"https:\/\/www.facebook.com\/tourtravelandmore\/","article_modified_time":"2023-11-27T08:01:27+00:00","og_image":[{"width":1280,"height":853,"url":"https:\/\/tourtravelandmore.com\/wp-content\/uploads\/2020\/12\/cozumel-1.jpg","type":"image\/jpeg"}],"twitter_card":"summary_large_image","twitter_site":"@TourTravel_More","twitter_misc":{"Tiempo de lectura":"2 minutos"},"schema":{"@context":"https:\/\/schema.org","@graph":[{"@type":"WebPage","@id":"https:\/\/tourtravelandmore.com\/es\/tours\/mexico-es\/cozumel-es\/cozumel-actividades-es\/tour-privado-por-la-isla-cozumel\/","url":"https:\/\/tourtravelandmore.com\/es\/tours\/mexico-es\/cozumel-es\/cozumel-actividades-es\/tour-privado-por-la-isla-cozumel\/","name":"\u27a1\ufe0f Tour Privado por la Isla Cozumel con chofer y gu\u00eda oficial local | Tour Travel & More","isPartOf":{"@id":"https:\/\/tourtravelandmore.com\/es\/#website"},"primaryImageOfPage":{"@id":"https:\/\/tourtravelandmore.com\/es\/tours\/mexico-es\/cozumel-es\/cozumel-actividades-es\/tour-privado-por-la-isla-cozumel\/#primaryimage"},"image":{"@id":"https:\/\/tourtravelandmore.com\/es\/tours\/mexico-es\/cozumel-es\/cozumel-actividades-es\/tour-privado-por-la-isla-cozumel\/#primaryimage"},"thumbnailUrl":"https:\/\/tourtravelandmore.com\/wp-content\/uploads\/2020\/12\/cozumel-1.jpg","datePublished":"2020-12-10T10:22:53+00:00","dateModified":"2023-11-27T08:01:27+00:00","description":"Acomp\u00e1\u00f1enos en este Tour Privado por la Isla Cozumel y descubra sus maravillosas islas y lugares mas emblem\u00e1ticos \u2705","breadcrumb":{"@id":"https:\/\/tourtravelandmore.com\/es\/tours\/mexico-es\/cozumel-es\/cozumel-actividades-es\/tour-privado-por-la-isla-cozumel\/#breadcrumb"},"inLanguage":"es","potentialAction":[{"@type":"ReadAction","target":["https:\/\/tourtravelandmore.com\/es\/tours\/mexico-es\/cozumel-es\/cozumel-actividades-es\/tour-privado-por-la-isla-cozumel\/"]}]},{"@type":"ImageObject","inLanguage":"es","@id":"https:\/\/tourtravelandmore.com\/es\/tours\/mexico-es\/cozumel-es\/cozumel-actividades-es\/tour-privado-por-la-isla-cozumel\/#primaryimage","url":"https:\/\/tourtravelandmore.com\/wp-content\/uploads\/2020\/12\/cozumel-1.jpg","contentUrl":"https:\/\/tourtravelandmore.com\/wp-content\/uploads\/2020\/12\/cozumel-1.jpg","width":1280,"height":853},{"@type":"BreadcrumbList","@id":"https:\/\/tourtravelandmore.com\/es\/tours\/mexico-es\/cozumel-es\/cozumel-actividades-es\/tour-privado-por-la-isla-cozumel\/#breadcrumb","itemListElement":[{"@type":"ListItem","position":1,"name":"Home","item":"https:\/\/tourtravelandmore.com\/es\/"},{"@type":"ListItem","position":2,"name":"Tours","item":"https:\/\/tourtravelandmore.com\/es\/tours\/"},{"@type":"ListItem","position":3,"name":"Tour Privado por la Isla Cozumel"}]},{"@type":"WebSite","@id":"https:\/\/tourtravelandmore.com\/es\/#website","url":"https:\/\/tourtravelandmore.com\/es\/","name":"Tour Travel And More","description":"Private sightseeing tours and luxury transfers in Spain","publisher":{"@id":"https:\/\/tourtravelandmore.com\/es\/#organization"},"potentialAction":[{"@type":"SearchAction","target":{"@type":"EntryPoint","urlTemplate":"https:\/\/tourtravelandmore.com\/es\/?s={search_term_string}"},"query-input":{"@type":"PropertyValueSpecification","valueRequired":true,"valueName":"search_term_string"}}],"inLanguage":"es"},{"@type":"Organization","@id":"https:\/\/tourtravelandmore.com\/es\/#organization","name":"Tour Travel And More","url":"https:\/\/tourtravelandmore.com\/es\/","logo":{"@type":"ImageObject","inLanguage":"es","@id":"https:\/\/tourtravelandmore.com\/es\/#\/schema\/logo\/image\/","url":"https:\/\/tourtravelandmore.com\/wp-content\/uploads\/2022\/12\/cropped-logo-cabecera-new.png","contentUrl":"https:\/\/tourtravelandmore.com\/wp-content\/uploads\/2022\/12\/cropped-logo-cabecera-new.png","width":430,"height":61,"caption":"Tour Travel And More"},"image":{"@id":"https:\/\/tourtravelandmore.com\/es\/#\/schema\/logo\/image\/"},"sameAs":["https:\/\/www.facebook.com\/tourtravelandmore\/","https:\/\/x.com\/TourTravel_More"]}]}},"_links":{"self":[{"href":"https:\/\/tourtravelandmore.com\/es\/wp-json\/wp\/v2\/product\/89224","targetHints":{"allow":["GET"]}}],"collection":[{"href":"https:\/\/tourtravelandmore.com\/es\/wp-json\/wp\/v2\/product"}],"about":[{"href":"https:\/\/tourtravelandmore.com\/es\/wp-json\/wp\/v2\/types\/product"}],"replies":[{"embeddable":true,"href":"https:\/\/tourtravelandmore.com\/es\/wp-json\/wp\/v2\/comments?post=89224"}],"wp:featuredmedia":[{"embeddable":true,"href":"https:\/\/tourtravelandmore.com\/es\/wp-json\/wp\/v2\/media\/89237"}],"wp:attachment":[{"href":"https:\/\/tourtravelandmore.com\/es\/wp-json\/wp\/v2\/media?parent=89224"}],"wp:term":[{"taxonomy":"product_brand","embeddable":true,"href":"https:\/\/tourtravelandmore.com\/es\/wp-json\/wp\/v2\/product_brand?post=89224"},{"taxonomy":"product_cat","embeddable":true,"href":"https:\/\/tourtravelandmore.com\/es\/wp-json\/wp\/v2\/product_cat?post=89224"},{"taxonomy":"product_tag","embeddable":true,"href":"https:\/\/tourtravelandmore.com\/es\/wp-json\/wp\/v2\/product_tag?post=89224"}],"curies":[{"name":"wp","href":"https:\/\/api.w.org\/{rel}","templated":true}]}}