{"id":89212,"date":"2020-12-10T11:00:15","date_gmt":"2020-12-10T10:00:16","guid":{"rendered":"https:\/\/tourtravelandmore.com\/?post_type=product&#038;p=89212"},"modified":"2022-12-10T01:30:14","modified_gmt":"2022-12-10T00:30:14","slug":"traslado-privado-en-ibiza","status":"publish","type":"product","link":"https:\/\/tourtravelandmore.com\/es\/tours\/espana-es\/ibiza-es\/ibiza-actividades-es\/traslado-privado-en-ibiza\/","title":{"rendered":"Traslados privados en Ibiza"},"content":{"rendered":"<h2><strong>Descripci\u00f3n de los Traslados\u00a0privados en Ibiza<\/strong><\/h2>\n<p>Perm\u00edtanos coordinar sus traslados privados en Ibiza en nuestros <strong>veh\u00edculos privados de lujo<\/strong>. Nuestros choferes profesionales est\u00e1n a su entera disposici\u00f3n para facilitarle su llegada o salida de la isla.<\/p>\n<p>Ofrecemos <strong>todo tipo de traslados<\/strong> en Ibiza. Traslados privados hacia o desde el <a href=\"http:\/\/aena.mobi\/m\/es\/aeropuerto-ibiza\/ibiza.html\">aeropuerto<\/a> o puerto, como tambi\u00e9n traslados o disposiciones privadas dentro de la isla.<\/p>\n<p>Una vez que llegue a su parada, nuestro personal lo estar\u00e1 esperando con un cartel en la terminal de arribos. En el caso de traslados de salida, nuestros choferes le recoger\u00e1n en el sitio deseado al horario acordado, con tiempo suficiente para llegar sin apuros al destino final.<\/p>\n<p>Adem\u00e1s, disponemos de una amplia variedad de tours privados en y desde Ibiza, aqu\u00ed puede ver <a href=\"https:\/\/tourtravelandmore.com\/es\/ciudad\/espana-es\/ibiza-es\/\">nuestra lista de tours privados<\/a>.<\/p>\n<h2><strong>Puntos de inter\u00e9s en los Traslados privados en Ibiza<\/strong><\/h2>\n<p>Ibiza es la tercera isla m\u00e1s grande de las Baleares, luego de Mallorca y Menorca. Se encuentra a tan solo 1 hora en avi\u00f3n desde Barcelona, y es uno de los sitios m\u00e1s visitados en Europa. La versatilidad de la isla; su naturaleza y playas, gastronom\u00eda y vida nocturna, hace de esta uno de los mejores destinos vacacionales del mundo.<\/p>\n<p>Ofrecemos servicio de traslado y ofrecemos un <strong>servicio personalizado y privad<\/strong>o para todos los grupos. Todos nuestros veh\u00edculos son de alta gama.<\/p>\n<p>Todo lo que necesita hacer es contactarnos y organizaremos su traslado del modo m\u00e1s c\u00f3modo para usted.<\/p>\n<p>Para su traslado privado en Ibiza no limitamos la cantidad de equipaje. Pero le rogamos que informe con cu\u00e1nto equipaje viajar\u00e1, solo por cuestiones de log\u00edstica. Podr\u00eda ser necesario un veh\u00edculo m\u00e1s grande y en ese caso tarifas adicionales aplicar\u00edan.<\/p>\n<p>En caso de necesitar un asiento para beb\u00e9 o un asiento para ni\u00f1os, p\u00f3ngase en contacto con nosotros antes de su vuelo o traslado privado para organizarlo correctamente.<\/p>\n","protected":false},"excerpt":{"rendered":"<p>Disfrute una experiencia personalizada y sin preocupaciones. Perm\u00edtanos coordinar su traslado privado en Ibiza. Nuestros choferes est\u00e1n a su entera disposici\u00f3n.<\/p>\n","protected":false},"featured_media":7738,"comment_status":"open","ping_status":"closed","template":"","meta":{"_acf_changed":false},"product_brand":[],"product_cat":[1596,3291,3294,3306],"product_tag":[],"class_list":{"0":"post-89212","1":"product","2":"type-product","3":"status-publish","4":"has-post-thumbnail","6":"product_cat-espana-es","7":"product_cat-ibiza-es","8":"product_cat-ibiza-actividades-es","9":"product_cat-ibiza-traslados-es","11":"first","12":"instock","13":"shipping-taxable","14":"purchasable","15":"product-type-simple"},"acf":[],"yoast_head":"<!-- This site is optimized with the Yoast SEO Premium plugin v25.3.1 (Yoast SEO v25.3.1) - https:\/\/yoast.com\/wordpress\/plugins\/seo\/ -->\n<title>\u27a1\ufe0f Traslado privado en Ibiza. Choferes profesionales y veh\u00edculos de lujo | Tour Travel &amp; More<\/title>\n<meta name=\"description\" content=\"Disfrute una experiencia personalizada y sin preocupaciones. Perm\u00edtanos coordinar su traslado privado en Ibiza \u2705\" \/>\n<meta name=\"robots\" content=\"index, follow, max-snippet:-1, max-image-preview:large, max-video-preview:-1\" \/>\n<link rel=\"canonical\" href=\"https:\/\/tourtravelandmore.com\/es\/tours\/espana-es\/ibiza-es\/ibiza-actividades-es\/traslado-privado-en-ibiza\/\" \/>\n<meta property=\"og:locale\" content=\"es_ES\" \/>\n<meta property=\"og:type\" content=\"article\" \/>\n<meta property=\"og:title\" content=\"Traslados privados en Ibiza\" \/>\n<meta property=\"og:description\" content=\"Disfrute una experiencia personalizada y sin preocupaciones. Perm\u00edtanos coordinar su traslado privado en Ibiza \u2705\" \/>\n<meta property=\"og:url\" content=\"https:\/\/tourtravelandmore.com\/es\/tours\/espana-es\/ibiza-es\/ibiza-actividades-es\/traslado-privado-en-ibiza\/\" \/>\n<meta property=\"og:site_name\" content=\"Tour Travel And More\" \/>\n<meta property=\"article:publisher\" content=\"https:\/\/www.facebook.com\/tourtravelandmore\/\" \/>\n<meta property=\"article:modified_time\" content=\"2022-12-10T00:30:14+00:00\" \/>\n<meta property=\"og:image\" content=\"https:\/\/tourtravelandmore.com\/wp-content\/uploads\/2016\/10\/barcelona-wedding-transfer-3.jpg\" \/>\n\t<meta property=\"og:image:width\" content=\"1920\" \/>\n\t<meta property=\"og:image:height\" content=\"891\" \/>\n\t<meta property=\"og:image:type\" content=\"image\/jpeg\" \/>\n<meta name=\"twitter:card\" content=\"summary_large_image\" \/>\n<meta name=\"twitter:site\" content=\"@TourTravel_More\" \/>\n<meta name=\"twitter:label1\" content=\"Tiempo de lectura\" \/>\n\t<meta name=\"twitter:data1\" content=\"2 minutos\" \/>\n<script type=\"application\/ld+json\" class=\"yoast-schema-graph\">{\"@context\":\"https:\/\/schema.org\",\"@graph\":[{\"@type\":\"WebPage\",\"@id\":\"https:\/\/tourtravelandmore.com\/es\/tours\/espana-es\/ibiza-es\/ibiza-actividades-es\/traslado-privado-en-ibiza\/\",\"url\":\"https:\/\/tourtravelandmore.com\/es\/tours\/espana-es\/ibiza-es\/ibiza-actividades-es\/traslado-privado-en-ibiza\/\",\"name\":\"\u27a1\ufe0f Traslado privado en Ibiza. Choferes profesionales y veh\u00edculos de lujo | Tour Travel & More\",\"isPartOf\":{\"@id\":\"https:\/\/tourtravelandmore.com\/es\/#website\"},\"primaryImageOfPage\":{\"@id\":\"https:\/\/tourtravelandmore.com\/es\/tours\/espana-es\/ibiza-es\/ibiza-actividades-es\/traslado-privado-en-ibiza\/#primaryimage\"},\"image\":{\"@id\":\"https:\/\/tourtravelandmore.com\/es\/tours\/espana-es\/ibiza-es\/ibiza-actividades-es\/traslado-privado-en-ibiza\/#primaryimage\"},\"thumbnailUrl\":\"https:\/\/tourtravelandmore.com\/wp-content\/uploads\/2016\/10\/barcelona-wedding-transfer-3.jpg\",\"datePublished\":\"2020-12-10T10:00:16+00:00\",\"dateModified\":\"2022-12-10T00:30:14+00:00\",\"description\":\"Disfrute una experiencia personalizada y sin preocupaciones. Perm\u00edtanos coordinar su traslado privado en Ibiza \u2705\",\"breadcrumb\":{\"@id\":\"https:\/\/tourtravelandmore.com\/es\/tours\/espana-es\/ibiza-es\/ibiza-actividades-es\/traslado-privado-en-ibiza\/#breadcrumb\"},\"inLanguage\":\"es\",\"potentialAction\":[{\"@type\":\"ReadAction\",\"target\":[\"https:\/\/tourtravelandmore.com\/es\/tours\/espana-es\/ibiza-es\/ibiza-actividades-es\/traslado-privado-en-ibiza\/\"]}]},{\"@type\":\"ImageObject\",\"inLanguage\":\"es\",\"@id\":\"https:\/\/tourtravelandmore.com\/es\/tours\/espana-es\/ibiza-es\/ibiza-actividades-es\/traslado-privado-en-ibiza\/#primaryimage\",\"url\":\"https:\/\/tourtravelandmore.com\/wp-content\/uploads\/2016\/10\/barcelona-wedding-transfer-3.jpg\",\"contentUrl\":\"https:\/\/tourtravelandmore.com\/wp-content\/uploads\/2016\/10\/barcelona-wedding-transfer-3.jpg\",\"width\":1920,\"height\":891,\"caption\":\"BRABUS Upgrades - Mercedes AMG S-Class\"},{\"@type\":\"BreadcrumbList\",\"@id\":\"https:\/\/tourtravelandmore.com\/es\/tours\/espana-es\/ibiza-es\/ibiza-actividades-es\/traslado-privado-en-ibiza\/#breadcrumb\",\"itemListElement\":[{\"@type\":\"ListItem\",\"position\":1,\"name\":\"Home\",\"item\":\"https:\/\/tourtravelandmore.com\/es\/\"},{\"@type\":\"ListItem\",\"position\":2,\"name\":\"Tours\",\"item\":\"https:\/\/tourtravelandmore.com\/es\/tours\/\"},{\"@type\":\"ListItem\",\"position\":3,\"name\":\"Traslados privados en Ibiza\"}]},{\"@type\":\"WebSite\",\"@id\":\"https:\/\/tourtravelandmore.com\/es\/#website\",\"url\":\"https:\/\/tourtravelandmore.com\/es\/\",\"name\":\"Tour Travel And More\",\"description\":\"Private sightseeing tours and luxury transfers in Spain\",\"publisher\":{\"@id\":\"https:\/\/tourtravelandmore.com\/es\/#organization\"},\"potentialAction\":[{\"@type\":\"SearchAction\",\"target\":{\"@type\":\"EntryPoint\",\"urlTemplate\":\"https:\/\/tourtravelandmore.com\/es\/?s={search_term_string}\"},\"query-input\":{\"@type\":\"PropertyValueSpecification\",\"valueRequired\":true,\"valueName\":\"search_term_string\"}}],\"inLanguage\":\"es\"},{\"@type\":\"Organization\",\"@id\":\"https:\/\/tourtravelandmore.com\/es\/#organization\",\"name\":\"Tour Travel And More\",\"url\":\"https:\/\/tourtravelandmore.com\/es\/\",\"logo\":{\"@type\":\"ImageObject\",\"inLanguage\":\"es\",\"@id\":\"https:\/\/tourtravelandmore.com\/es\/#\/schema\/logo\/image\/\",\"url\":\"https:\/\/tourtravelandmore.com\/wp-content\/uploads\/2022\/12\/cropped-logo-cabecera-new.png\",\"contentUrl\":\"https:\/\/tourtravelandmore.com\/wp-content\/uploads\/2022\/12\/cropped-logo-cabecera-new.png\",\"width\":430,\"height\":61,\"caption\":\"Tour Travel And More\"},\"image\":{\"@id\":\"https:\/\/tourtravelandmore.com\/es\/#\/schema\/logo\/image\/\"},\"sameAs\":[\"https:\/\/www.facebook.com\/tourtravelandmore\/\",\"https:\/\/x.com\/TourTravel_More\"]}]}<\/script>\n<!-- \/ Yoast SEO Premium plugin. -->","yoast_head_json":{"title":"\u27a1\ufe0f Traslado privado en Ibiza. Choferes profesionales y veh\u00edculos de lujo | Tour Travel & More","description":"Disfrute una experiencia personalizada y sin preocupaciones. Perm\u00edtanos coordinar su traslado privado en Ibiza \u2705","robots":{"index":"index","follow":"follow","max-snippet":"max-snippet:-1","max-image-preview":"max-image-preview:large","max-video-preview":"max-video-preview:-1"},"canonical":"https:\/\/tourtravelandmore.com\/es\/tours\/espana-es\/ibiza-es\/ibiza-actividades-es\/traslado-privado-en-ibiza\/","og_locale":"es_ES","og_type":"article","og_title":"Traslados privados en Ibiza","og_description":"Disfrute una experiencia personalizada y sin preocupaciones. Perm\u00edtanos coordinar su traslado privado en Ibiza \u2705","og_url":"https:\/\/tourtravelandmore.com\/es\/tours\/espana-es\/ibiza-es\/ibiza-actividades-es\/traslado-privado-en-ibiza\/","og_site_name":"Tour Travel And More","article_publisher":"https:\/\/www.facebook.com\/tourtravelandmore\/","article_modified_time":"2022-12-10T00:30:14+00:00","og_image":[{"width":1920,"height":891,"url":"https:\/\/tourtravelandmore.com\/wp-content\/uploads\/2016\/10\/barcelona-wedding-transfer-3.jpg","type":"image\/jpeg"}],"twitter_card":"summary_large_image","twitter_site":"@TourTravel_More","twitter_misc":{"Tiempo de lectura":"2 minutos"},"schema":{"@context":"https:\/\/schema.org","@graph":[{"@type":"WebPage","@id":"https:\/\/tourtravelandmore.com\/es\/tours\/espana-es\/ibiza-es\/ibiza-actividades-es\/traslado-privado-en-ibiza\/","url":"https:\/\/tourtravelandmore.com\/es\/tours\/espana-es\/ibiza-es\/ibiza-actividades-es\/traslado-privado-en-ibiza\/","name":"\u27a1\ufe0f Traslado privado en Ibiza. Choferes profesionales y veh\u00edculos de lujo | Tour Travel & More","isPartOf":{"@id":"https:\/\/tourtravelandmore.com\/es\/#website"},"primaryImageOfPage":{"@id":"https:\/\/tourtravelandmore.com\/es\/tours\/espana-es\/ibiza-es\/ibiza-actividades-es\/traslado-privado-en-ibiza\/#primaryimage"},"image":{"@id":"https:\/\/tourtravelandmore.com\/es\/tours\/espana-es\/ibiza-es\/ibiza-actividades-es\/traslado-privado-en-ibiza\/#primaryimage"},"thumbnailUrl":"https:\/\/tourtravelandmore.com\/wp-content\/uploads\/2016\/10\/barcelona-wedding-transfer-3.jpg","datePublished":"2020-12-10T10:00:16+00:00","dateModified":"2022-12-10T00:30:14+00:00","description":"Disfrute una experiencia personalizada y sin preocupaciones. Perm\u00edtanos coordinar su traslado privado en Ibiza \u2705","breadcrumb":{"@id":"https:\/\/tourtravelandmore.com\/es\/tours\/espana-es\/ibiza-es\/ibiza-actividades-es\/traslado-privado-en-ibiza\/#breadcrumb"},"inLanguage":"es","potentialAction":[{"@type":"ReadAction","target":["https:\/\/tourtravelandmore.com\/es\/tours\/espana-es\/ibiza-es\/ibiza-actividades-es\/traslado-privado-en-ibiza\/"]}]},{"@type":"ImageObject","inLanguage":"es","@id":"https:\/\/tourtravelandmore.com\/es\/tours\/espana-es\/ibiza-es\/ibiza-actividades-es\/traslado-privado-en-ibiza\/#primaryimage","url":"https:\/\/tourtravelandmore.com\/wp-content\/uploads\/2016\/10\/barcelona-wedding-transfer-3.jpg","contentUrl":"https:\/\/tourtravelandmore.com\/wp-content\/uploads\/2016\/10\/barcelona-wedding-transfer-3.jpg","width":1920,"height":891,"caption":"BRABUS Upgrades - Mercedes AMG S-Class"},{"@type":"BreadcrumbList","@id":"https:\/\/tourtravelandmore.com\/es\/tours\/espana-es\/ibiza-es\/ibiza-actividades-es\/traslado-privado-en-ibiza\/#breadcrumb","itemListElement":[{"@type":"ListItem","position":1,"name":"Home","item":"https:\/\/tourtravelandmore.com\/es\/"},{"@type":"ListItem","position":2,"name":"Tours","item":"https:\/\/tourtravelandmore.com\/es\/tours\/"},{"@type":"ListItem","position":3,"name":"Traslados privados en Ibiza"}]},{"@type":"WebSite","@id":"https:\/\/tourtravelandmore.com\/es\/#website","url":"https:\/\/tourtravelandmore.com\/es\/","name":"Tour Travel And More","description":"Private sightseeing tours and luxury transfers in Spain","publisher":{"@id":"https:\/\/tourtravelandmore.com\/es\/#organization"},"potentialAction":[{"@type":"SearchAction","target":{"@type":"EntryPoint","urlTemplate":"https:\/\/tourtravelandmore.com\/es\/?s={search_term_string}"},"query-input":{"@type":"PropertyValueSpecification","valueRequired":true,"valueName":"search_term_string"}}],"inLanguage":"es"},{"@type":"Organization","@id":"https:\/\/tourtravelandmore.com\/es\/#organization","name":"Tour Travel And More","url":"https:\/\/tourtravelandmore.com\/es\/","logo":{"@type":"ImageObject","inLanguage":"es","@id":"https:\/\/tourtravelandmore.com\/es\/#\/schema\/logo\/image\/","url":"https:\/\/tourtravelandmore.com\/wp-content\/uploads\/2022\/12\/cropped-logo-cabecera-new.png","contentUrl":"https:\/\/tourtravelandmore.com\/wp-content\/uploads\/2022\/12\/cropped-logo-cabecera-new.png","width":430,"height":61,"caption":"Tour Travel And More"},"image":{"@id":"https:\/\/tourtravelandmore.com\/es\/#\/schema\/logo\/image\/"},"sameAs":["https:\/\/www.facebook.com\/tourtravelandmore\/","https:\/\/x.com\/TourTravel_More"]}]}},"_links":{"self":[{"href":"https:\/\/tourtravelandmore.com\/es\/wp-json\/wp\/v2\/product\/89212","targetHints":{"allow":["GET"]}}],"collection":[{"href":"https:\/\/tourtravelandmore.com\/es\/wp-json\/wp\/v2\/product"}],"about":[{"href":"https:\/\/tourtravelandmore.com\/es\/wp-json\/wp\/v2\/types\/product"}],"replies":[{"embeddable":true,"href":"https:\/\/tourtravelandmore.com\/es\/wp-json\/wp\/v2\/comments?post=89212"}],"wp:featuredmedia":[{"embeddable":true,"href":"https:\/\/tourtravelandmore.com\/es\/wp-json\/wp\/v2\/media\/7738"}],"wp:attachment":[{"href":"https:\/\/tourtravelandmore.com\/es\/wp-json\/wp\/v2\/media?parent=89212"}],"wp:term":[{"taxonomy":"product_brand","embeddable":true,"href":"https:\/\/tourtravelandmore.com\/es\/wp-json\/wp\/v2\/product_brand?post=89212"},{"taxonomy":"product_cat","embeddable":true,"href":"https:\/\/tourtravelandmore.com\/es\/wp-json\/wp\/v2\/product_cat?post=89212"},{"taxonomy":"product_tag","embeddable":true,"href":"https:\/\/tourtravelandmore.com\/es\/wp-json\/wp\/v2\/product_tag?post=89212"}],"curies":[{"name":"wp","href":"https:\/\/api.w.org\/{rel}","templated":true}]}}