{"id":892,"date":"2016-03-08T20:05:53","date_gmt":"2016-04-15T17:04:50","guid":{"rendered":"http:\/\/tourtravelandmore.com\/?post_type=product&#038;p=892&#038;lang=es"},"modified":"2023-01-21T01:49:55","modified_gmt":"2023-01-21T00:49:55","slug":"tour-privado-alhambra-incluye-guia-oficial-y-entradas","status":"publish","type":"product","link":"https:\/\/tourtravelandmore.com\/es\/tours\/espana-es\/granada-es\/tour-privado-alhambra-incluye-guia-oficial-y-entradas\/","title":{"rendered":"Tour Privado de La Alhambra"},"content":{"rendered":"<h2>Descripci\u00f3n del Tour Privado de La Alhambra<\/h2>\n<p>Descubre uno de los monumentos m\u00e1s importantes y m\u00e1s espectaculares del mundo, gracias a este tour privado Alhambra, junto a su gu\u00eda oficial privado.<\/p>\n<p>Descubre la Alhambra y todo su historia y leyendas.<\/p>\n<p>La duraci\u00f3n del tour privado Alhambra son 3 horas.<\/p>\n<p>Las entradas a la Alhambra est\u00e1n incluidas, incluye todo el recinto, los Jardines y Palacios. Por la conservaci\u00f3n del monumento hay muy poca disponibilidad de entradas, ya que dispone de un aforo limitado. Es relevante decidir r\u00e1pido y confirmar lo antes posible para no perder la disponibilidad.<\/p>\n<p>El Transporte para subir a la Alhambra no est\u00e1 incluido, el gu\u00eda esperar\u00e1 directamente en el Mapa de la Alhambra, es un lugar de encuentro muy conocido, en el momento de la reserva os enviaremos una foto para que poda\u00eds localizar al gu\u00eda. Si desean pueden contratar los Traslados para subir y bajar a la Alhambra, solo lo tienen que indicar en el formulario de contacto del tour.<\/p>\n<h2>Puntos de inter\u00e9s en el Tour Privado de La Alhambra<\/h2>\n<p>La Alhambra es uno de los monumentos m\u00e1s visitados de toda Espa\u00f1a. S\u00edmbolo de la \u00e9poca \u00e1rabe en Andaluc\u00eda, la Alhambra deslumbra por su estilo e historia.<\/p>\n<p>Fue comenzada a construir en el Siglo VIII, pero no fue hasta 1342 que la familia real \u00e1rabe decidi\u00f3 comenzar a vivir all\u00ed.<\/p>\n<p>Se encuentra en un punto muy estrat\u00e9gico, ya que desde all\u00ed se puede apreciar panor\u00e1micamente todo el valle de la ciudad de Granada.<br \/>\nPodr\u00e1n disfrutar de las maravillas de la Alhambra y Generalife y conocerlo a fondo con su gu\u00eda privado oficial.<\/p>\n<p>A continuaci\u00f3n os detallamos un ejemplo de itinerario, en funci\u00f3n de la hora de los Tickets puede cambiar el orden. Descubriremos <strong>La Alcazaba, Palacios Nazar\u00edes y Generalife. <\/strong><\/p>\n<p><strong>Alcazaba:<\/strong> zona militar del recinto, en ella puede visitarse la terraza de la Torre del Cubo, el Adarve de la muralla norte, la Plaza de las Armas, con el Barrio Castrense, la Terraza de la Puerta de las Armas, la Torre de la Vela y el Jard\u00edn de los Adarves.<\/p>\n<h3><strong>Palacios Nazar\u00edes: <\/strong><\/h3>\n<ul>\n<li><strong>Mexuar:<\/strong> Sala, Oratorio, Cuarto Dorado y Patio.<\/li>\n<li><strong>Palacio de Comares:<\/strong> Patio de los Arrayanes, Sala de la Barca, Sal\u00f3n de Embajadores.<\/li>\n<li><strong>Palacio de los Leones:<\/strong> Sala de Moc\u00e1rabes, Patio, Sala de los Abencerrajes, Sala de los Reyes, Sala de Dos Hermanas, Habitaciones del Emperador, Mirador, Patio de la Reja, Jard\u00edn de Lindarja.<\/li>\n<li><strong>El Partal:<\/strong> P\u00f3rtico del Palacio, Jardines y paseos, Rauda, Palacio de Yusuf III, Paseo de las Torres.<\/li>\n<\/ul>\n<p><strong>El Generalife:<\/strong> En esta zona se encuentra: Jardines Nuevos, Patio de Descabalgamiento, Patio de Acceso, Patio de la Acequia, Patio de la Sultana, Jardines Altos, Paseo de las Adelfas.<\/p>\n<p>Para reservar el tour solo tiene que completar el formulario de contacto y nuestro equipo le enviar\u00e1 la informaci\u00f3n con detalle.<\/p>\n<p>Puede consultar <a href=\"https:\/\/tourtravelandmore.com\/es\/ciudad\/espana-es\/granada-es\/\"><strong>aqu\u00ed<\/strong><\/a>, el resto de nuestros tours privados de Granada.<\/p>\n","protected":false},"excerpt":{"rendered":"<p>Disfrute de este tour privado personalizable de La Alhambra y Generalife. Tome esta oportunidad para conocer y disfrutar de La Alhambra y Generalife durante este tour con su guia oficial privado. Podr\u00e1 conocer La Alcazaba, Palacios Nazar\u00edes y Generalife.<\/p>\n<p>&nbsp;<\/p>\n","protected":false},"featured_media":636,"comment_status":"open","ping_status":"closed","template":"","meta":{"_acf_changed":false},"product_brand":[],"product_cat":[82,83,85,86],"product_tag":[],"class_list":{"0":"post-892","1":"product","2":"type-product","3":"status-publish","4":"has-post-thumbnail","6":"product_cat-granada-es","7":"product_cat-granada-actividades-es","8":"product_cat-granada-rutas-turisticas-privadas-es","9":"product_cat-granada-tours-privados-pie-es","11":"first","12":"instock","13":"shipping-taxable","14":"purchasable","15":"product-type-simple"},"acf":[],"yoast_head":"<!-- This site is optimized with the Yoast SEO Premium plugin v25.3.1 (Yoast SEO v25.3.1) - https:\/\/yoast.com\/wordpress\/plugins\/seo\/ -->\n<title>\u27a1\ufe0f Tour Privado Alhambra | Tour Travel &amp; More<\/title>\n<meta name=\"description\" content=\"Descubre uno de los principales monumentos de Europa, gracias a este tour privado Alhambra. El Tour incluye Guia y entradas \u2705\" \/>\n<meta name=\"robots\" content=\"index, follow, max-snippet:-1, max-image-preview:large, max-video-preview:-1\" \/>\n<link rel=\"canonical\" href=\"https:\/\/tourtravelandmore.com\/es\/tours\/espana-es\/granada-es\/tour-privado-alhambra-incluye-guia-oficial-y-entradas\/\" \/>\n<meta property=\"og:locale\" content=\"es_ES\" \/>\n<meta property=\"og:type\" content=\"article\" \/>\n<meta property=\"og:title\" content=\"Tour Privado de La Alhambra\" \/>\n<meta property=\"og:description\" content=\"Descubre uno de los principales monumentos de Europa, gracias a este tour privado Alhambra. El Tour incluye Guia y entradas \u2705\" \/>\n<meta property=\"og:url\" content=\"https:\/\/tourtravelandmore.com\/es\/tours\/espana-es\/granada-es\/tour-privado-alhambra-incluye-guia-oficial-y-entradas\/\" \/>\n<meta property=\"og:site_name\" content=\"Tour Travel And More\" \/>\n<meta property=\"article:publisher\" content=\"https:\/\/www.facebook.com\/tourtravelandmore\/\" \/>\n<meta property=\"article:modified_time\" content=\"2023-01-21T00:49:55+00:00\" \/>\n<meta property=\"og:image\" content=\"https:\/\/tourtravelandmore.com\/wp-content\/uploads\/2016\/03\/Granada-3.jpg\" \/>\n\t<meta property=\"og:image:width\" content=\"1440\" \/>\n\t<meta property=\"og:image:height\" content=\"1080\" \/>\n\t<meta property=\"og:image:type\" content=\"image\/jpeg\" \/>\n<meta name=\"twitter:card\" content=\"summary_large_image\" \/>\n<meta name=\"twitter:site\" content=\"@TourTravel_More\" \/>\n<meta name=\"twitter:label1\" content=\"Tiempo de lectura\" \/>\n\t<meta name=\"twitter:data1\" content=\"3 minutos\" \/>\n<script type=\"application\/ld+json\" class=\"yoast-schema-graph\">{\"@context\":\"https:\/\/schema.org\",\"@graph\":[{\"@type\":\"WebPage\",\"@id\":\"https:\/\/tourtravelandmore.com\/es\/tours\/espana-es\/granada-es\/tour-privado-alhambra-incluye-guia-oficial-y-entradas\/\",\"url\":\"https:\/\/tourtravelandmore.com\/es\/tours\/espana-es\/granada-es\/tour-privado-alhambra-incluye-guia-oficial-y-entradas\/\",\"name\":\"\u27a1\ufe0f Tour Privado Alhambra | Tour Travel & More\",\"isPartOf\":{\"@id\":\"https:\/\/tourtravelandmore.com\/es\/#website\"},\"primaryImageOfPage\":{\"@id\":\"https:\/\/tourtravelandmore.com\/es\/tours\/espana-es\/granada-es\/tour-privado-alhambra-incluye-guia-oficial-y-entradas\/#primaryimage\"},\"image\":{\"@id\":\"https:\/\/tourtravelandmore.com\/es\/tours\/espana-es\/granada-es\/tour-privado-alhambra-incluye-guia-oficial-y-entradas\/#primaryimage\"},\"thumbnailUrl\":\"https:\/\/tourtravelandmore.com\/wp-content\/uploads\/2016\/03\/Granada-3.jpg\",\"datePublished\":\"2016-04-15T17:04:50+00:00\",\"dateModified\":\"2023-01-21T00:49:55+00:00\",\"description\":\"Descubre uno de los principales monumentos de Europa, gracias a este tour privado Alhambra. El Tour incluye Guia y entradas \u2705\",\"breadcrumb\":{\"@id\":\"https:\/\/tourtravelandmore.com\/es\/tours\/espana-es\/granada-es\/tour-privado-alhambra-incluye-guia-oficial-y-entradas\/#breadcrumb\"},\"inLanguage\":\"es\",\"potentialAction\":[{\"@type\":\"ReadAction\",\"target\":[\"https:\/\/tourtravelandmore.com\/es\/tours\/espana-es\/granada-es\/tour-privado-alhambra-incluye-guia-oficial-y-entradas\/\"]}]},{\"@type\":\"ImageObject\",\"inLanguage\":\"es\",\"@id\":\"https:\/\/tourtravelandmore.com\/es\/tours\/espana-es\/granada-es\/tour-privado-alhambra-incluye-guia-oficial-y-entradas\/#primaryimage\",\"url\":\"https:\/\/tourtravelandmore.com\/wp-content\/uploads\/2016\/03\/Granada-3.jpg\",\"contentUrl\":\"https:\/\/tourtravelandmore.com\/wp-content\/uploads\/2016\/03\/Granada-3.jpg\",\"width\":1440,\"height\":1080},{\"@type\":\"BreadcrumbList\",\"@id\":\"https:\/\/tourtravelandmore.com\/es\/tours\/espana-es\/granada-es\/tour-privado-alhambra-incluye-guia-oficial-y-entradas\/#breadcrumb\",\"itemListElement\":[{\"@type\":\"ListItem\",\"position\":1,\"name\":\"Home\",\"item\":\"https:\/\/tourtravelandmore.com\/es\/\"},{\"@type\":\"ListItem\",\"position\":2,\"name\":\"Tours\",\"item\":\"https:\/\/tourtravelandmore.com\/es\/tours\/\"},{\"@type\":\"ListItem\",\"position\":3,\"name\":\"Tour Privado de La Alhambra\"}]},{\"@type\":\"WebSite\",\"@id\":\"https:\/\/tourtravelandmore.com\/es\/#website\",\"url\":\"https:\/\/tourtravelandmore.com\/es\/\",\"name\":\"Tour Travel And More\",\"description\":\"Private sightseeing tours and luxury transfers in Spain\",\"publisher\":{\"@id\":\"https:\/\/tourtravelandmore.com\/es\/#organization\"},\"potentialAction\":[{\"@type\":\"SearchAction\",\"target\":{\"@type\":\"EntryPoint\",\"urlTemplate\":\"https:\/\/tourtravelandmore.com\/es\/?s={search_term_string}\"},\"query-input\":{\"@type\":\"PropertyValueSpecification\",\"valueRequired\":true,\"valueName\":\"search_term_string\"}}],\"inLanguage\":\"es\"},{\"@type\":\"Organization\",\"@id\":\"https:\/\/tourtravelandmore.com\/es\/#organization\",\"name\":\"Tour Travel And More\",\"url\":\"https:\/\/tourtravelandmore.com\/es\/\",\"logo\":{\"@type\":\"ImageObject\",\"inLanguage\":\"es\",\"@id\":\"https:\/\/tourtravelandmore.com\/es\/#\/schema\/logo\/image\/\",\"url\":\"https:\/\/tourtravelandmore.com\/wp-content\/uploads\/2022\/12\/cropped-logo-cabecera-new.png\",\"contentUrl\":\"https:\/\/tourtravelandmore.com\/wp-content\/uploads\/2022\/12\/cropped-logo-cabecera-new.png\",\"width\":430,\"height\":61,\"caption\":\"Tour Travel And More\"},\"image\":{\"@id\":\"https:\/\/tourtravelandmore.com\/es\/#\/schema\/logo\/image\/\"},\"sameAs\":[\"https:\/\/www.facebook.com\/tourtravelandmore\/\",\"https:\/\/x.com\/TourTravel_More\"]}]}<\/script>\n<!-- \/ Yoast SEO Premium plugin. -->","yoast_head_json":{"title":"\u27a1\ufe0f Tour Privado Alhambra | Tour Travel & More","description":"Descubre uno de los principales monumentos de Europa, gracias a este tour privado Alhambra. El Tour incluye Guia y entradas \u2705","robots":{"index":"index","follow":"follow","max-snippet":"max-snippet:-1","max-image-preview":"max-image-preview:large","max-video-preview":"max-video-preview:-1"},"canonical":"https:\/\/tourtravelandmore.com\/es\/tours\/espana-es\/granada-es\/tour-privado-alhambra-incluye-guia-oficial-y-entradas\/","og_locale":"es_ES","og_type":"article","og_title":"Tour Privado de La Alhambra","og_description":"Descubre uno de los principales monumentos de Europa, gracias a este tour privado Alhambra. El Tour incluye Guia y entradas \u2705","og_url":"https:\/\/tourtravelandmore.com\/es\/tours\/espana-es\/granada-es\/tour-privado-alhambra-incluye-guia-oficial-y-entradas\/","og_site_name":"Tour Travel And More","article_publisher":"https:\/\/www.facebook.com\/tourtravelandmore\/","article_modified_time":"2023-01-21T00:49:55+00:00","og_image":[{"width":1440,"height":1080,"url":"https:\/\/tourtravelandmore.com\/wp-content\/uploads\/2016\/03\/Granada-3.jpg","type":"image\/jpeg"}],"twitter_card":"summary_large_image","twitter_site":"@TourTravel_More","twitter_misc":{"Tiempo de lectura":"3 minutos"},"schema":{"@context":"https:\/\/schema.org","@graph":[{"@type":"WebPage","@id":"https:\/\/tourtravelandmore.com\/es\/tours\/espana-es\/granada-es\/tour-privado-alhambra-incluye-guia-oficial-y-entradas\/","url":"https:\/\/tourtravelandmore.com\/es\/tours\/espana-es\/granada-es\/tour-privado-alhambra-incluye-guia-oficial-y-entradas\/","name":"\u27a1\ufe0f Tour Privado Alhambra | Tour Travel & More","isPartOf":{"@id":"https:\/\/tourtravelandmore.com\/es\/#website"},"primaryImageOfPage":{"@id":"https:\/\/tourtravelandmore.com\/es\/tours\/espana-es\/granada-es\/tour-privado-alhambra-incluye-guia-oficial-y-entradas\/#primaryimage"},"image":{"@id":"https:\/\/tourtravelandmore.com\/es\/tours\/espana-es\/granada-es\/tour-privado-alhambra-incluye-guia-oficial-y-entradas\/#primaryimage"},"thumbnailUrl":"https:\/\/tourtravelandmore.com\/wp-content\/uploads\/2016\/03\/Granada-3.jpg","datePublished":"2016-04-15T17:04:50+00:00","dateModified":"2023-01-21T00:49:55+00:00","description":"Descubre uno de los principales monumentos de Europa, gracias a este tour privado Alhambra. El Tour incluye Guia y entradas \u2705","breadcrumb":{"@id":"https:\/\/tourtravelandmore.com\/es\/tours\/espana-es\/granada-es\/tour-privado-alhambra-incluye-guia-oficial-y-entradas\/#breadcrumb"},"inLanguage":"es","potentialAction":[{"@type":"ReadAction","target":["https:\/\/tourtravelandmore.com\/es\/tours\/espana-es\/granada-es\/tour-privado-alhambra-incluye-guia-oficial-y-entradas\/"]}]},{"@type":"ImageObject","inLanguage":"es","@id":"https:\/\/tourtravelandmore.com\/es\/tours\/espana-es\/granada-es\/tour-privado-alhambra-incluye-guia-oficial-y-entradas\/#primaryimage","url":"https:\/\/tourtravelandmore.com\/wp-content\/uploads\/2016\/03\/Granada-3.jpg","contentUrl":"https:\/\/tourtravelandmore.com\/wp-content\/uploads\/2016\/03\/Granada-3.jpg","width":1440,"height":1080},{"@type":"BreadcrumbList","@id":"https:\/\/tourtravelandmore.com\/es\/tours\/espana-es\/granada-es\/tour-privado-alhambra-incluye-guia-oficial-y-entradas\/#breadcrumb","itemListElement":[{"@type":"ListItem","position":1,"name":"Home","item":"https:\/\/tourtravelandmore.com\/es\/"},{"@type":"ListItem","position":2,"name":"Tours","item":"https:\/\/tourtravelandmore.com\/es\/tours\/"},{"@type":"ListItem","position":3,"name":"Tour Privado de La Alhambra"}]},{"@type":"WebSite","@id":"https:\/\/tourtravelandmore.com\/es\/#website","url":"https:\/\/tourtravelandmore.com\/es\/","name":"Tour Travel And More","description":"Private sightseeing tours and luxury transfers in Spain","publisher":{"@id":"https:\/\/tourtravelandmore.com\/es\/#organization"},"potentialAction":[{"@type":"SearchAction","target":{"@type":"EntryPoint","urlTemplate":"https:\/\/tourtravelandmore.com\/es\/?s={search_term_string}"},"query-input":{"@type":"PropertyValueSpecification","valueRequired":true,"valueName":"search_term_string"}}],"inLanguage":"es"},{"@type":"Organization","@id":"https:\/\/tourtravelandmore.com\/es\/#organization","name":"Tour Travel And More","url":"https:\/\/tourtravelandmore.com\/es\/","logo":{"@type":"ImageObject","inLanguage":"es","@id":"https:\/\/tourtravelandmore.com\/es\/#\/schema\/logo\/image\/","url":"https:\/\/tourtravelandmore.com\/wp-content\/uploads\/2022\/12\/cropped-logo-cabecera-new.png","contentUrl":"https:\/\/tourtravelandmore.com\/wp-content\/uploads\/2022\/12\/cropped-logo-cabecera-new.png","width":430,"height":61,"caption":"Tour Travel And More"},"image":{"@id":"https:\/\/tourtravelandmore.com\/es\/#\/schema\/logo\/image\/"},"sameAs":["https:\/\/www.facebook.com\/tourtravelandmore\/","https:\/\/x.com\/TourTravel_More"]}]}},"_links":{"self":[{"href":"https:\/\/tourtravelandmore.com\/es\/wp-json\/wp\/v2\/product\/892","targetHints":{"allow":["GET"]}}],"collection":[{"href":"https:\/\/tourtravelandmore.com\/es\/wp-json\/wp\/v2\/product"}],"about":[{"href":"https:\/\/tourtravelandmore.com\/es\/wp-json\/wp\/v2\/types\/product"}],"replies":[{"embeddable":true,"href":"https:\/\/tourtravelandmore.com\/es\/wp-json\/wp\/v2\/comments?post=892"}],"wp:featuredmedia":[{"embeddable":true,"href":"https:\/\/tourtravelandmore.com\/es\/wp-json\/wp\/v2\/media\/636"}],"wp:attachment":[{"href":"https:\/\/tourtravelandmore.com\/es\/wp-json\/wp\/v2\/media?parent=892"}],"wp:term":[{"taxonomy":"product_brand","embeddable":true,"href":"https:\/\/tourtravelandmore.com\/es\/wp-json\/wp\/v2\/product_brand?post=892"},{"taxonomy":"product_cat","embeddable":true,"href":"https:\/\/tourtravelandmore.com\/es\/wp-json\/wp\/v2\/product_cat?post=892"},{"taxonomy":"product_tag","embeddable":true,"href":"https:\/\/tourtravelandmore.com\/es\/wp-json\/wp\/v2\/product_tag?post=892"}],"curies":[{"name":"wp","href":"https:\/\/api.w.org\/{rel}","templated":true}]}}