{"id":89167,"date":"2020-12-09T14:08:14","date_gmt":"2020-12-09T13:08:16","guid":{"rendered":"https:\/\/tourtravelandmore.com\/?post_type=product&#038;p=89167"},"modified":"2022-12-10T01:27:52","modified_gmt":"2022-12-10T00:27:52","slug":"tour-privado-de-ibiza-pueblos-playas","status":"publish","type":"product","link":"https:\/\/tourtravelandmore.com\/es\/tours\/espana-es\/ibiza-es\/ibiza-actividades-es\/tour-privado-de-ibiza-pueblos-playas\/","title":{"rendered":"Tour privado de pueblos y miradores de Ibiza"},"content":{"rendered":"<h2><strong>Descripci\u00f3n del Tour privado de pueblos y miradores de Ibiza<\/strong><\/h2>\n<p>Explora los sitios m\u00e1s maravillosos de <strong>Ibiza<\/strong> junto a un gu\u00eda local experto. Durante este tour privado de Ibiza visitar\u00e1s sus pueblos, playas y miradores m\u00e1s bonitos.<\/p>\n<p>Para comenzar su tour, su chofer y gu\u00eda oficial privado le recoger\u00e1n en su sitio deseado en Ibiza. Es posible recogerle en su hotel o en el puerto de Ibiza. A continuaci\u00f3n comenzar\u00e1n su tour personalizado de la isla.<\/p>\n<p>Le ayudaremos a coordinar una experiencia privada personalizada. Contacte a<strong>\u00a0Tour Travel &amp; More<\/strong> para m\u00e1s informaci\u00f3n y perm\u00edtanos ayudarle a coordinar una experiencia privada a medida.<\/p>\n<h2><strong>Puntos de inter\u00e9s en el Tour privado de pueblos y miradores de Ibiza<\/strong><\/h2>\n<p>Ibiza es la tercera isla m\u00e1s grande de las baleares. La isla es reconocida mundialmente por sus diversas opciones. La maleabilidad de actividades que ofrece la isla la hace el destino perfecto para diversas personas. Podr\u00e1s descubrir la naturaleza de la isla, su cultura y maravillosos pueblos y tambi\u00e9n disfrutar de su gastronom\u00eda y vida nocturna. Para todas las actividades podemos ayudarle a disfrutar al m\u00e1ximo su visita a la isla.<\/p>\n<p>La propuesta para esta experiencia personalizada es que pueda visitar los pueblos, miradores y playas de la isla junto a un gu\u00eda local. Algunos de los sitios que podr\u00e1 visitar en Ibiza son:<\/p>\n<ul>\n<li><strong>Sant Josep: Alrededor de Sant Josep se encuentran algunas de las playas m\u00e1s bonitas de la isla. Podr\u00e1s visitar el antiguo asentamiento fenicio declarado por UNESCO como patrimonio de la humanidad, el parque nacional Ses Salines y mucho m\u00e1s!<\/strong><\/li>\n<li><strong>Es Cubells: Uno de los \u00faltimo pueblo que a\u00fan mantiene la belleza, tranquilidad y estilo de los antiguos pueblos de la isla.<\/strong><\/li>\n<li><strong>Mirador Vedra: Uno de los miradores m\u00e1s espectaculares de la isla.<\/strong><\/li>\n<li><strong>Cala Vedalla: Situada cerca de San Josep, esta es reconocida como una de las playas m\u00e1s bonitas de Ibiza.<\/strong><\/li>\n<li><strong>Disfrutar\u00e1s de tiempo libre para almorzar en Ibiza<\/strong><\/li>\n<li><strong>Dalt Vila: Luego del almuerzo tendr\u00e1s tiempo libre para caminar el centro hist\u00f3rico de Ibiza, sitio declarado por UNESCO como patrimonio en 1999.<\/strong><\/li>\n<li><strong>Cala D\u2019hort: Este es el sitio m\u00e1s visitado en la isla para la puesta de sol. Antes de finalizar su tour nos aseguraremos de que puedas disfrutar este maravilloso momento para culminar su experiencia.<\/strong><\/li>\n<\/ul>\n<p>Si est\u00e1 interesado en visitar alg\u00fan sitio puntual en Ibiza, no dude en contactarnos. Nuestro tour privado de Ibiza es privado y organizado a medida, de acuerdo a sus deseos e intereses.<\/p>\n<p>Finalmente, su chofer le llevar\u00e1 de vuelta a su sitio deseado en la isla.<\/p>\n<p><span class=\"JLqJ4b ChMk0b\" data-language-for-alternatives=\"es\" data-language-to-translate-into=\"en\" data-phrase-index=\"1\"><span class=\"JLqJ4b\" data-language-for-alternatives=\"es\" data-language-to-translate-into=\"en\" data-phrase-index=\"2\">Echa un vistazo a nuestra <a href=\"https:\/\/tourtravelandmore.com\/es\/tours\/espana-es\/ibiza-es\/ibiza-actividades-es\/excursion-en-barco-privado-desde-ibiza\/\">excursi\u00f3n en barco privado desde Ibiza<\/a>, es otro de nuestros posibles tours privados.<\/span><\/span><\/p>\n","protected":false},"excerpt":{"rendered":"<p>Descubra los sitios m\u00e1s bonitos de la isla junto a un gu\u00eda local experto y c\u00f3modo en un veh\u00edculo privado.<\/p>\n","protected":false},"featured_media":89192,"comment_status":"open","ping_status":"closed","template":"","meta":{"_acf_changed":false},"product_brand":[],"product_cat":[1596,3291,3294,3297,3300],"product_tag":[],"class_list":{"0":"post-89167","1":"product","2":"type-product","3":"status-publish","4":"has-post-thumbnail","6":"product_cat-espana-es","7":"product_cat-ibiza-es","8":"product_cat-ibiza-actividades-es","9":"product_cat-ibiza-tours-es","10":"product_cat-ibiza-puerto-tours-es","12":"first","13":"instock","14":"shipping-taxable","15":"purchasable","16":"product-type-simple"},"acf":[],"yoast_head":"<!-- This site is optimized with the Yoast SEO Premium plugin v25.3.1 (Yoast SEO v25.3.1) - https:\/\/yoast.com\/wordpress\/plugins\/seo\/ -->\n<title>\u27a1\ufe0f Tour privado de Ibiza con chofer y gu\u00eda local. Visita los pueblos y playas! | Tour Travel &amp; More<\/title>\n<meta name=\"description\" content=\"Acomp\u00e1\u00f1enos en este Tour Privado de Ibiza junto un equipo profesional que lo llevar\u00e1 a recorrer los lugares mas bonitos de la isla \u2705\" \/>\n<meta name=\"robots\" content=\"index, follow, max-snippet:-1, max-image-preview:large, max-video-preview:-1\" \/>\n<link rel=\"canonical\" href=\"https:\/\/tourtravelandmore.com\/es\/tours\/espana-es\/ibiza-es\/ibiza-actividades-es\/tour-privado-de-ibiza-pueblos-playas\/\" \/>\n<meta property=\"og:locale\" content=\"es_ES\" \/>\n<meta property=\"og:type\" content=\"article\" \/>\n<meta property=\"og:title\" content=\"Tour privado de pueblos y miradores de Ibiza\" \/>\n<meta property=\"og:description\" content=\"Acomp\u00e1\u00f1enos en este Tour Privado de Ibiza junto un equipo profesional que lo llevar\u00e1 a recorrer los lugares mas bonitos de la isla \u2705\" \/>\n<meta property=\"og:url\" content=\"https:\/\/tourtravelandmore.com\/es\/tours\/espana-es\/ibiza-es\/ibiza-actividades-es\/tour-privado-de-ibiza-pueblos-playas\/\" \/>\n<meta property=\"og:site_name\" content=\"Tour Travel And More\" \/>\n<meta property=\"article:publisher\" content=\"https:\/\/www.facebook.com\/tourtravelandmore\/\" \/>\n<meta property=\"article:modified_time\" content=\"2022-12-10T00:27:52+00:00\" \/>\n<meta property=\"og:image\" content=\"https:\/\/tourtravelandmore.com\/wp-content\/uploads\/2020\/12\/Ibiza-sunset.jpeg\" \/>\n\t<meta property=\"og:image:width\" content=\"1349\" \/>\n\t<meta property=\"og:image:height\" content=\"901\" \/>\n\t<meta property=\"og:image:type\" content=\"image\/jpeg\" \/>\n<meta name=\"twitter:card\" content=\"summary_large_image\" \/>\n<meta name=\"twitter:site\" content=\"@TourTravel_More\" \/>\n<meta name=\"twitter:label1\" content=\"Tiempo de lectura\" \/>\n\t<meta name=\"twitter:data1\" content=\"2 minutos\" \/>\n<script type=\"application\/ld+json\" class=\"yoast-schema-graph\">{\"@context\":\"https:\/\/schema.org\",\"@graph\":[{\"@type\":\"WebPage\",\"@id\":\"https:\/\/tourtravelandmore.com\/es\/tours\/espana-es\/ibiza-es\/ibiza-actividades-es\/tour-privado-de-ibiza-pueblos-playas\/\",\"url\":\"https:\/\/tourtravelandmore.com\/es\/tours\/espana-es\/ibiza-es\/ibiza-actividades-es\/tour-privado-de-ibiza-pueblos-playas\/\",\"name\":\"\u27a1\ufe0f Tour privado de Ibiza con chofer y gu\u00eda local. Visita los pueblos y playas! | Tour Travel & More\",\"isPartOf\":{\"@id\":\"https:\/\/tourtravelandmore.com\/es\/#website\"},\"primaryImageOfPage\":{\"@id\":\"https:\/\/tourtravelandmore.com\/es\/tours\/espana-es\/ibiza-es\/ibiza-actividades-es\/tour-privado-de-ibiza-pueblos-playas\/#primaryimage\"},\"image\":{\"@id\":\"https:\/\/tourtravelandmore.com\/es\/tours\/espana-es\/ibiza-es\/ibiza-actividades-es\/tour-privado-de-ibiza-pueblos-playas\/#primaryimage\"},\"thumbnailUrl\":\"https:\/\/tourtravelandmore.com\/wp-content\/uploads\/2020\/12\/Ibiza-sunset.jpeg\",\"datePublished\":\"2020-12-09T13:08:16+00:00\",\"dateModified\":\"2022-12-10T00:27:52+00:00\",\"description\":\"Acomp\u00e1\u00f1enos en este Tour Privado de Ibiza junto un equipo profesional que lo llevar\u00e1 a recorrer los lugares mas bonitos de la isla \u2705\",\"breadcrumb\":{\"@id\":\"https:\/\/tourtravelandmore.com\/es\/tours\/espana-es\/ibiza-es\/ibiza-actividades-es\/tour-privado-de-ibiza-pueblos-playas\/#breadcrumb\"},\"inLanguage\":\"es\",\"potentialAction\":[{\"@type\":\"ReadAction\",\"target\":[\"https:\/\/tourtravelandmore.com\/es\/tours\/espana-es\/ibiza-es\/ibiza-actividades-es\/tour-privado-de-ibiza-pueblos-playas\/\"]}]},{\"@type\":\"ImageObject\",\"inLanguage\":\"es\",\"@id\":\"https:\/\/tourtravelandmore.com\/es\/tours\/espana-es\/ibiza-es\/ibiza-actividades-es\/tour-privado-de-ibiza-pueblos-playas\/#primaryimage\",\"url\":\"https:\/\/tourtravelandmore.com\/wp-content\/uploads\/2020\/12\/Ibiza-sunset.jpeg\",\"contentUrl\":\"https:\/\/tourtravelandmore.com\/wp-content\/uploads\/2020\/12\/Ibiza-sunset.jpeg\",\"width\":1349,\"height\":901,\"caption\":\"ibiza sunset\"},{\"@type\":\"BreadcrumbList\",\"@id\":\"https:\/\/tourtravelandmore.com\/es\/tours\/espana-es\/ibiza-es\/ibiza-actividades-es\/tour-privado-de-ibiza-pueblos-playas\/#breadcrumb\",\"itemListElement\":[{\"@type\":\"ListItem\",\"position\":1,\"name\":\"Home\",\"item\":\"https:\/\/tourtravelandmore.com\/es\/\"},{\"@type\":\"ListItem\",\"position\":2,\"name\":\"Tours\",\"item\":\"https:\/\/tourtravelandmore.com\/es\/tours\/\"},{\"@type\":\"ListItem\",\"position\":3,\"name\":\"Tour privado de pueblos y miradores de Ibiza\"}]},{\"@type\":\"WebSite\",\"@id\":\"https:\/\/tourtravelandmore.com\/es\/#website\",\"url\":\"https:\/\/tourtravelandmore.com\/es\/\",\"name\":\"Tour Travel And More\",\"description\":\"Private sightseeing tours and luxury transfers in Spain\",\"publisher\":{\"@id\":\"https:\/\/tourtravelandmore.com\/es\/#organization\"},\"potentialAction\":[{\"@type\":\"SearchAction\",\"target\":{\"@type\":\"EntryPoint\",\"urlTemplate\":\"https:\/\/tourtravelandmore.com\/es\/?s={search_term_string}\"},\"query-input\":{\"@type\":\"PropertyValueSpecification\",\"valueRequired\":true,\"valueName\":\"search_term_string\"}}],\"inLanguage\":\"es\"},{\"@type\":\"Organization\",\"@id\":\"https:\/\/tourtravelandmore.com\/es\/#organization\",\"name\":\"Tour Travel And More\",\"url\":\"https:\/\/tourtravelandmore.com\/es\/\",\"logo\":{\"@type\":\"ImageObject\",\"inLanguage\":\"es\",\"@id\":\"https:\/\/tourtravelandmore.com\/es\/#\/schema\/logo\/image\/\",\"url\":\"https:\/\/tourtravelandmore.com\/wp-content\/uploads\/2022\/12\/cropped-logo-cabecera-new.png\",\"contentUrl\":\"https:\/\/tourtravelandmore.com\/wp-content\/uploads\/2022\/12\/cropped-logo-cabecera-new.png\",\"width\":430,\"height\":61,\"caption\":\"Tour Travel And More\"},\"image\":{\"@id\":\"https:\/\/tourtravelandmore.com\/es\/#\/schema\/logo\/image\/\"},\"sameAs\":[\"https:\/\/www.facebook.com\/tourtravelandmore\/\",\"https:\/\/x.com\/TourTravel_More\"]}]}<\/script>\n<!-- \/ Yoast SEO Premium plugin. -->","yoast_head_json":{"title":"\u27a1\ufe0f Tour privado de Ibiza con chofer y gu\u00eda local. Visita los pueblos y playas! | Tour Travel & More","description":"Acomp\u00e1\u00f1enos en este Tour Privado de Ibiza junto un equipo profesional que lo llevar\u00e1 a recorrer los lugares mas bonitos de la isla \u2705","robots":{"index":"index","follow":"follow","max-snippet":"max-snippet:-1","max-image-preview":"max-image-preview:large","max-video-preview":"max-video-preview:-1"},"canonical":"https:\/\/tourtravelandmore.com\/es\/tours\/espana-es\/ibiza-es\/ibiza-actividades-es\/tour-privado-de-ibiza-pueblos-playas\/","og_locale":"es_ES","og_type":"article","og_title":"Tour privado de pueblos y miradores de Ibiza","og_description":"Acomp\u00e1\u00f1enos en este Tour Privado de Ibiza junto un equipo profesional que lo llevar\u00e1 a recorrer los lugares mas bonitos de la isla \u2705","og_url":"https:\/\/tourtravelandmore.com\/es\/tours\/espana-es\/ibiza-es\/ibiza-actividades-es\/tour-privado-de-ibiza-pueblos-playas\/","og_site_name":"Tour Travel And More","article_publisher":"https:\/\/www.facebook.com\/tourtravelandmore\/","article_modified_time":"2022-12-10T00:27:52+00:00","og_image":[{"width":1349,"height":901,"url":"https:\/\/tourtravelandmore.com\/wp-content\/uploads\/2020\/12\/Ibiza-sunset.jpeg","type":"image\/jpeg"}],"twitter_card":"summary_large_image","twitter_site":"@TourTravel_More","twitter_misc":{"Tiempo de lectura":"2 minutos"},"schema":{"@context":"https:\/\/schema.org","@graph":[{"@type":"WebPage","@id":"https:\/\/tourtravelandmore.com\/es\/tours\/espana-es\/ibiza-es\/ibiza-actividades-es\/tour-privado-de-ibiza-pueblos-playas\/","url":"https:\/\/tourtravelandmore.com\/es\/tours\/espana-es\/ibiza-es\/ibiza-actividades-es\/tour-privado-de-ibiza-pueblos-playas\/","name":"\u27a1\ufe0f Tour privado de Ibiza con chofer y gu\u00eda local. Visita los pueblos y playas! | Tour Travel & More","isPartOf":{"@id":"https:\/\/tourtravelandmore.com\/es\/#website"},"primaryImageOfPage":{"@id":"https:\/\/tourtravelandmore.com\/es\/tours\/espana-es\/ibiza-es\/ibiza-actividades-es\/tour-privado-de-ibiza-pueblos-playas\/#primaryimage"},"image":{"@id":"https:\/\/tourtravelandmore.com\/es\/tours\/espana-es\/ibiza-es\/ibiza-actividades-es\/tour-privado-de-ibiza-pueblos-playas\/#primaryimage"},"thumbnailUrl":"https:\/\/tourtravelandmore.com\/wp-content\/uploads\/2020\/12\/Ibiza-sunset.jpeg","datePublished":"2020-12-09T13:08:16+00:00","dateModified":"2022-12-10T00:27:52+00:00","description":"Acomp\u00e1\u00f1enos en este Tour Privado de Ibiza junto un equipo profesional que lo llevar\u00e1 a recorrer los lugares mas bonitos de la isla \u2705","breadcrumb":{"@id":"https:\/\/tourtravelandmore.com\/es\/tours\/espana-es\/ibiza-es\/ibiza-actividades-es\/tour-privado-de-ibiza-pueblos-playas\/#breadcrumb"},"inLanguage":"es","potentialAction":[{"@type":"ReadAction","target":["https:\/\/tourtravelandmore.com\/es\/tours\/espana-es\/ibiza-es\/ibiza-actividades-es\/tour-privado-de-ibiza-pueblos-playas\/"]}]},{"@type":"ImageObject","inLanguage":"es","@id":"https:\/\/tourtravelandmore.com\/es\/tours\/espana-es\/ibiza-es\/ibiza-actividades-es\/tour-privado-de-ibiza-pueblos-playas\/#primaryimage","url":"https:\/\/tourtravelandmore.com\/wp-content\/uploads\/2020\/12\/Ibiza-sunset.jpeg","contentUrl":"https:\/\/tourtravelandmore.com\/wp-content\/uploads\/2020\/12\/Ibiza-sunset.jpeg","width":1349,"height":901,"caption":"ibiza sunset"},{"@type":"BreadcrumbList","@id":"https:\/\/tourtravelandmore.com\/es\/tours\/espana-es\/ibiza-es\/ibiza-actividades-es\/tour-privado-de-ibiza-pueblos-playas\/#breadcrumb","itemListElement":[{"@type":"ListItem","position":1,"name":"Home","item":"https:\/\/tourtravelandmore.com\/es\/"},{"@type":"ListItem","position":2,"name":"Tours","item":"https:\/\/tourtravelandmore.com\/es\/tours\/"},{"@type":"ListItem","position":3,"name":"Tour privado de pueblos y miradores de Ibiza"}]},{"@type":"WebSite","@id":"https:\/\/tourtravelandmore.com\/es\/#website","url":"https:\/\/tourtravelandmore.com\/es\/","name":"Tour Travel And More","description":"Private sightseeing tours and luxury transfers in Spain","publisher":{"@id":"https:\/\/tourtravelandmore.com\/es\/#organization"},"potentialAction":[{"@type":"SearchAction","target":{"@type":"EntryPoint","urlTemplate":"https:\/\/tourtravelandmore.com\/es\/?s={search_term_string}"},"query-input":{"@type":"PropertyValueSpecification","valueRequired":true,"valueName":"search_term_string"}}],"inLanguage":"es"},{"@type":"Organization","@id":"https:\/\/tourtravelandmore.com\/es\/#organization","name":"Tour Travel And More","url":"https:\/\/tourtravelandmore.com\/es\/","logo":{"@type":"ImageObject","inLanguage":"es","@id":"https:\/\/tourtravelandmore.com\/es\/#\/schema\/logo\/image\/","url":"https:\/\/tourtravelandmore.com\/wp-content\/uploads\/2022\/12\/cropped-logo-cabecera-new.png","contentUrl":"https:\/\/tourtravelandmore.com\/wp-content\/uploads\/2022\/12\/cropped-logo-cabecera-new.png","width":430,"height":61,"caption":"Tour Travel And More"},"image":{"@id":"https:\/\/tourtravelandmore.com\/es\/#\/schema\/logo\/image\/"},"sameAs":["https:\/\/www.facebook.com\/tourtravelandmore\/","https:\/\/x.com\/TourTravel_More"]}]}},"_links":{"self":[{"href":"https:\/\/tourtravelandmore.com\/es\/wp-json\/wp\/v2\/product\/89167","targetHints":{"allow":["GET"]}}],"collection":[{"href":"https:\/\/tourtravelandmore.com\/es\/wp-json\/wp\/v2\/product"}],"about":[{"href":"https:\/\/tourtravelandmore.com\/es\/wp-json\/wp\/v2\/types\/product"}],"replies":[{"embeddable":true,"href":"https:\/\/tourtravelandmore.com\/es\/wp-json\/wp\/v2\/comments?post=89167"}],"wp:featuredmedia":[{"embeddable":true,"href":"https:\/\/tourtravelandmore.com\/es\/wp-json\/wp\/v2\/media\/89192"}],"wp:attachment":[{"href":"https:\/\/tourtravelandmore.com\/es\/wp-json\/wp\/v2\/media?parent=89167"}],"wp:term":[{"taxonomy":"product_brand","embeddable":true,"href":"https:\/\/tourtravelandmore.com\/es\/wp-json\/wp\/v2\/product_brand?post=89167"},{"taxonomy":"product_cat","embeddable":true,"href":"https:\/\/tourtravelandmore.com\/es\/wp-json\/wp\/v2\/product_cat?post=89167"},{"taxonomy":"product_tag","embeddable":true,"href":"https:\/\/tourtravelandmore.com\/es\/wp-json\/wp\/v2\/product_tag?post=89167"}],"curies":[{"name":"wp","href":"https:\/\/api.w.org\/{rel}","templated":true}]}}