{"id":89130,"date":"2020-12-09T11:44:44","date_gmt":"2020-12-09T10:44:45","guid":{"rendered":"https:\/\/tourtravelandmore.com\/?post_type=product&#038;p=89130"},"modified":"2022-12-10T01:26:39","modified_gmt":"2022-12-10T00:26:39","slug":"tour-privado-a-formentera-desde-ibiza","status":"publish","type":"product","link":"https:\/\/tourtravelandmore.com\/es\/tours\/espana-es\/ibiza-es\/ibiza-actividades-es\/tour-privado-a-formentera-desde-ibiza\/","title":{"rendered":"Tour Privado a Formentera desde Ibiza"},"content":{"rendered":"<h2><strong>Descripci\u00f3n del Tour Privado a Formentera desde Ibiza<\/strong><\/h2>\n<p>\u00danase a nosotros en este <strong>Tour Privado a Formentera desde Ibiza<\/strong> y tenga la oportunidad de visitar otro destino incre\u00edble de las <strong>Islas Baleares<\/strong>. <span class=\"JLqJ4b ChMk0b\" data-language-for-alternatives=\"es\" data-language-to-translate-into=\"en\" data-phrase-index=\"1\">Estar\u00e1 acompa\u00f1ado por un <strong>gu\u00eda tur\u00edstico oficial privado<\/strong> durante toda la excursi\u00f3n. <\/span><\/p>\n<p><span class=\"JLqJ4b ChMk0b\" data-language-for-alternatives=\"es\" data-language-to-translate-into=\"en\" data-phrase-index=\"1\"><span class=\"JLqJ4b\" data-language-for-alternatives=\"es\" data-language-to-translate-into=\"en\" data-phrase-index=\"2\">Este tour privado comenzar\u00e1 en el puerto de Ibiza donde se encontrar\u00e1 con su gu\u00eda privado. En caso de que lo necesite, tambi\u00e9n podemos organizar un traslado privado desde su hotel o lugar de elecci\u00f3n hasta el puerto. Una vez en Formentera, tendr\u00e1 un <strong>veh\u00edculo privado de lujo con conductor<\/strong> disponible para un recorrido de 6\/7 horas.<\/span><\/span><\/p>\n<p><strong>Formentera<\/strong> es una de las islas m\u00e1s peque\u00f1as de las Islas Baleares, en el mar Mediterr\u00e1neo. <span class=\"JLqJ4b ChMk0b\" data-language-for-alternatives=\"es\" data-language-to-translate-into=\"en\" data-phrase-index=\"8\">Es famosa por sus aguas transparentes y sus interminables playas con dunas y pinos. Esta isla ofrece la combinaci\u00f3n perfecta entre sol, playa, relax y diversi\u00f3n. <\/span><\/p>\n<p><span class=\"JLqJ4b ChMk0b\" data-language-for-alternatives=\"es\" data-language-to-translate-into=\"en\" data-phrase-index=\"8\"><span class=\"JLqJ4b\" data-language-for-alternatives=\"es\" data-language-to-translate-into=\"en\" data-phrase-index=\"10\">Disfruta al m\u00e1ximo tus d\u00edas en Ibiza con nuestro tour privado a Formentera desde Ibiza. Cont\u00e1ctenos a\u00a0<strong>Tour Travel &amp; More<\/strong> para obtener m\u00e1s informaci\u00f3n y c\u00f3mo personalizar su propia experiencia.<\/span><\/span><\/p>\n<h2><strong>Puntos de inter\u00e9s en el Tour Privado a Formentera desde Ibiza<\/strong><\/h2>\n<p>Despu\u00e9s de reunirse con su gu\u00eda tur\u00edstico oficial privado en el puerto de Ibiza, tomar\u00e1 el ferry r\u00e1pido hasta Formentera. <span class=\"JLqJ4b ChMk0b\" data-language-for-alternatives=\"es\" data-language-to-translate-into=\"en\" data-phrase-index=\"1\">El viaje es de aproximadamente 30 minutos y lo mismo para regresar. Los billetes de ferry est\u00e1n incluidos en el precio del tour. En caso de que lo prefiera, tambi\u00e9n podemos organizar un traslado en barco privado solo para usted y su grupo. <\/span><\/p>\n<p><span class=\"JLqJ4b ChMk0b\" data-language-for-alternatives=\"es\" data-language-to-translate-into=\"en\" data-phrase-index=\"1\"><span class=\"JLqJ4b\" data-language-for-alternatives=\"es\" data-language-to-translate-into=\"en\" data-phrase-index=\"4\">Una vez que sus pies est\u00e9n en el suelo de <strong>Formentera<\/strong>, su conductor privado y gu\u00eda tur\u00edstico oficial lo llevar\u00e1n a explorar esta maravillosa isla. <\/span><\/span><\/p>\n<p><span class=\"JLqJ4b ChMk0b\" data-language-for-alternatives=\"es\" data-language-to-translate-into=\"en\" data-phrase-index=\"1\"><span class=\"JLqJ4b\" data-language-for-alternatives=\"es\" data-language-to-translate-into=\"en\" data-phrase-index=\"4\">Durante este tour privado, podr\u00e1 visitar:<\/span><\/span><\/p>\n<ul>\n<li><strong>San Francisco Javier o el mirador<\/strong>: desde aqu\u00ed admirar\u00e1s las vistas panor\u00e1micas m\u00e1s bonitas de Formentera.<\/li>\n<li><span class=\"JLqJ4b\" data-language-for-alternatives=\"es\" data-language-to-translate-into=\"en\" data-phrase-index=\"1\"><span class=\"JLqJ4b ChMk0b\" data-language-for-alternatives=\"es\" data-language-to-translate-into=\"en\" data-phrase-index=\"2\"><strong>La Mola:<\/strong> aqu\u00ed encontrar\u00e1s el <a href=\"https:\/\/farsdebalears.com\/en\/moscarter-lighthouse\">Faro de Mola<\/a> que ofrece incre\u00edbles vistas de los acantilados. <\/span><\/span><\/li>\n<li><span class=\"JLqJ4b\" data-language-for-alternatives=\"es\" data-language-to-translate-into=\"en\" data-phrase-index=\"1\"><span class=\"JLqJ4b ChMk0b\" data-language-for-alternatives=\"es\" data-language-to-translate-into=\"en\" data-phrase-index=\"2\"><strong>Cala Saona y Ses Illetes:<\/strong> es el lugar perfecto para degustar una t\u00edpica \u201cPaella espa\u00f1ola\u201d. <\/span><\/span><\/li>\n<li><strong><span class=\"JLqJ4b\" data-language-for-alternatives=\"es\" data-language-to-translate-into=\"en\" data-phrase-index=\"1\"><span class=\"JLqJ4b ChMk0b\" data-language-for-alternatives=\"es\" data-language-to-translate-into=\"en\" data-phrase-index=\"2\">Playa de Migjorn <\/span><\/span><\/strong><\/li>\n<li><strong><span class=\"JLqJ4b\" data-language-for-alternatives=\"es\" data-language-to-translate-into=\"en\" data-phrase-index=\"1\"><span class=\"JLqJ4b ChMk0b\" data-language-for-alternatives=\"es\" data-language-to-translate-into=\"en\" data-phrase-index=\"2\">Cal\u00f3 d&#8217;Es Mort <\/span><\/span><\/strong><\/li>\n<li><span class=\"JLqJ4b\" data-language-for-alternatives=\"es\" data-language-to-translate-into=\"en\" data-phrase-index=\"1\"><span class=\"JLqJ4b ChMk0b\" data-language-for-alternatives=\"es\" data-language-to-translate-into=\"en\" data-phrase-index=\"2\"><strong>La Sabina:<\/strong> aqu\u00ed puedes hacer algunas compras y comprar recuerdos de tu viaje a Formentera.<\/span><\/span><\/li>\n<\/ul>\n<p>Si est\u00e1 interesado en visitar algunos lugares en espec\u00edficos, h\u00e1ganoslo saber y organizaremos todo para usted. <span class=\"JLqJ4b ChMk0b\" data-language-for-alternatives=\"es\" data-language-to-translate-into=\"en\" data-phrase-index=\"1\">\u00a1Nuestro trabajo es organizar una experiencia perfecta en tus vacaciones!. <\/span><\/p>\n<p><span class=\"JLqJ4b ChMk0b\" data-language-for-alternatives=\"es\" data-language-to-translate-into=\"en\" data-phrase-index=\"1\"><span class=\"JLqJ4b\" data-language-for-alternatives=\"es\" data-language-to-translate-into=\"en\" data-phrase-index=\"2\">Finalmente, su conductor privado lo llevar\u00e1 de regreso al puerto de Formentera para tomar el ferry de regreso a Ibiza con su gu\u00eda tur\u00edstico oficial. <\/span><\/span><\/p>\n<p><span class=\"JLqJ4b ChMk0b\" data-language-for-alternatives=\"es\" data-language-to-translate-into=\"en\" data-phrase-index=\"1\"><span class=\"JLqJ4b\" data-language-for-alternatives=\"es\" data-language-to-translate-into=\"en\" data-phrase-index=\"2\">Echa un vistazo a nuestra <a href=\"https:\/\/tourtravelandmore.com\/es\/tours\/espana-es\/ibiza-es\/ibiza-actividades-es\/excursion-en-barco-privado-desde-ibiza\/\">excursi\u00f3n en barco privado desde Ibiza<\/a>, es otro de nuestros posibles tours privados.<\/span><\/span><\/p>\n","protected":false},"excerpt":{"rendered":"<p>Ven con nosotros en este Tour Privado a Formentera desde Ibiza y admire las incre\u00edbles playas y vistas que ofrece esta isla. <span class=\"JLqJ4b ChMk0b\" data-language-for-alternatives=\"es\" data-language-to-translate-into=\"en\" data-phrase-index=\"1\">Tendr\u00e1s un equipo profesional disponible para todo el recorrido.<\/span><\/p>\n","protected":false},"featured_media":89144,"comment_status":"open","ping_status":"closed","template":"","meta":{"_acf_changed":false},"product_brand":[],"product_cat":[1596,3291,3294,3297,3300],"product_tag":[],"class_list":{"0":"post-89130","1":"product","2":"type-product","3":"status-publish","4":"has-post-thumbnail","6":"product_cat-espana-es","7":"product_cat-ibiza-es","8":"product_cat-ibiza-actividades-es","9":"product_cat-ibiza-tours-es","10":"product_cat-ibiza-puerto-tours-es","12":"first","13":"instock","14":"shipping-taxable","15":"purchasable","16":"product-type-simple"},"acf":[],"yoast_head":"<!-- This site is optimized with the Yoast SEO Premium plugin v25.3.1 (Yoast SEO v25.3.1) - https:\/\/yoast.com\/wordpress\/plugins\/seo\/ -->\n<title>\u27a1\ufe0f Tour Privado a Formentera desde Ibiza con gu\u00eda oficial local | Tour Travel &amp; More<\/title>\n<meta name=\"description\" content=\"Acomp\u00e1\u00f1enos en este Tour Privado a Formentera desde Ibiza junto un equipo profesional que lo llevar\u00e1 a recorrer los lugares mas bonitos \u2705\" \/>\n<meta name=\"robots\" content=\"index, follow, max-snippet:-1, max-image-preview:large, max-video-preview:-1\" \/>\n<link rel=\"canonical\" href=\"https:\/\/tourtravelandmore.com\/es\/tours\/espana-es\/ibiza-es\/ibiza-actividades-es\/tour-privado-a-formentera-desde-ibiza\/\" \/>\n<meta property=\"og:locale\" content=\"es_ES\" \/>\n<meta property=\"og:type\" content=\"article\" \/>\n<meta property=\"og:title\" content=\"Tour Privado a Formentera desde Ibiza\" \/>\n<meta property=\"og:description\" content=\"Acomp\u00e1\u00f1enos en este Tour Privado a Formentera desde Ibiza junto un equipo profesional que lo llevar\u00e1 a recorrer los lugares mas bonitos \u2705\" \/>\n<meta property=\"og:url\" content=\"https:\/\/tourtravelandmore.com\/es\/tours\/espana-es\/ibiza-es\/ibiza-actividades-es\/tour-privado-a-formentera-desde-ibiza\/\" \/>\n<meta property=\"og:site_name\" content=\"Tour Travel And More\" \/>\n<meta property=\"article:publisher\" content=\"https:\/\/www.facebook.com\/tourtravelandmore\/\" \/>\n<meta property=\"article:modified_time\" content=\"2022-12-10T00:26:39+00:00\" \/>\n<meta property=\"og:image\" content=\"https:\/\/tourtravelandmore.com\/wp-content\/uploads\/2020\/12\/formentera-1.3.jpg\" \/>\n\t<meta property=\"og:image:width\" content=\"1300\" \/>\n\t<meta property=\"og:image:height\" content=\"867\" \/>\n\t<meta property=\"og:image:type\" content=\"image\/jpeg\" \/>\n<meta name=\"twitter:card\" content=\"summary_large_image\" \/>\n<meta name=\"twitter:site\" content=\"@TourTravel_More\" \/>\n<meta name=\"twitter:label1\" content=\"Tiempo de lectura\" \/>\n\t<meta name=\"twitter:data1\" content=\"2 minutos\" \/>\n<script type=\"application\/ld+json\" class=\"yoast-schema-graph\">{\"@context\":\"https:\/\/schema.org\",\"@graph\":[{\"@type\":\"WebPage\",\"@id\":\"https:\/\/tourtravelandmore.com\/es\/tours\/espana-es\/ibiza-es\/ibiza-actividades-es\/tour-privado-a-formentera-desde-ibiza\/\",\"url\":\"https:\/\/tourtravelandmore.com\/es\/tours\/espana-es\/ibiza-es\/ibiza-actividades-es\/tour-privado-a-formentera-desde-ibiza\/\",\"name\":\"\u27a1\ufe0f Tour Privado a Formentera desde Ibiza con gu\u00eda oficial local | Tour Travel & More\",\"isPartOf\":{\"@id\":\"https:\/\/tourtravelandmore.com\/es\/#website\"},\"primaryImageOfPage\":{\"@id\":\"https:\/\/tourtravelandmore.com\/es\/tours\/espana-es\/ibiza-es\/ibiza-actividades-es\/tour-privado-a-formentera-desde-ibiza\/#primaryimage\"},\"image\":{\"@id\":\"https:\/\/tourtravelandmore.com\/es\/tours\/espana-es\/ibiza-es\/ibiza-actividades-es\/tour-privado-a-formentera-desde-ibiza\/#primaryimage\"},\"thumbnailUrl\":\"https:\/\/tourtravelandmore.com\/wp-content\/uploads\/2020\/12\/formentera-1.3.jpg\",\"datePublished\":\"2020-12-09T10:44:45+00:00\",\"dateModified\":\"2022-12-10T00:26:39+00:00\",\"description\":\"Acomp\u00e1\u00f1enos en este Tour Privado a Formentera desde Ibiza junto un equipo profesional que lo llevar\u00e1 a recorrer los lugares mas bonitos \u2705\",\"breadcrumb\":{\"@id\":\"https:\/\/tourtravelandmore.com\/es\/tours\/espana-es\/ibiza-es\/ibiza-actividades-es\/tour-privado-a-formentera-desde-ibiza\/#breadcrumb\"},\"inLanguage\":\"es\",\"potentialAction\":[{\"@type\":\"ReadAction\",\"target\":[\"https:\/\/tourtravelandmore.com\/es\/tours\/espana-es\/ibiza-es\/ibiza-actividades-es\/tour-privado-a-formentera-desde-ibiza\/\"]}]},{\"@type\":\"ImageObject\",\"inLanguage\":\"es\",\"@id\":\"https:\/\/tourtravelandmore.com\/es\/tours\/espana-es\/ibiza-es\/ibiza-actividades-es\/tour-privado-a-formentera-desde-ibiza\/#primaryimage\",\"url\":\"https:\/\/tourtravelandmore.com\/wp-content\/uploads\/2020\/12\/formentera-1.3.jpg\",\"contentUrl\":\"https:\/\/tourtravelandmore.com\/wp-content\/uploads\/2020\/12\/formentera-1.3.jpg\",\"width\":1300,\"height\":867},{\"@type\":\"BreadcrumbList\",\"@id\":\"https:\/\/tourtravelandmore.com\/es\/tours\/espana-es\/ibiza-es\/ibiza-actividades-es\/tour-privado-a-formentera-desde-ibiza\/#breadcrumb\",\"itemListElement\":[{\"@type\":\"ListItem\",\"position\":1,\"name\":\"Home\",\"item\":\"https:\/\/tourtravelandmore.com\/es\/\"},{\"@type\":\"ListItem\",\"position\":2,\"name\":\"Tours\",\"item\":\"https:\/\/tourtravelandmore.com\/es\/tours\/\"},{\"@type\":\"ListItem\",\"position\":3,\"name\":\"Tour Privado a Formentera desde Ibiza\"}]},{\"@type\":\"WebSite\",\"@id\":\"https:\/\/tourtravelandmore.com\/es\/#website\",\"url\":\"https:\/\/tourtravelandmore.com\/es\/\",\"name\":\"Tour Travel And More\",\"description\":\"Private sightseeing tours and luxury transfers in Spain\",\"publisher\":{\"@id\":\"https:\/\/tourtravelandmore.com\/es\/#organization\"},\"potentialAction\":[{\"@type\":\"SearchAction\",\"target\":{\"@type\":\"EntryPoint\",\"urlTemplate\":\"https:\/\/tourtravelandmore.com\/es\/?s={search_term_string}\"},\"query-input\":{\"@type\":\"PropertyValueSpecification\",\"valueRequired\":true,\"valueName\":\"search_term_string\"}}],\"inLanguage\":\"es\"},{\"@type\":\"Organization\",\"@id\":\"https:\/\/tourtravelandmore.com\/es\/#organization\",\"name\":\"Tour Travel And More\",\"url\":\"https:\/\/tourtravelandmore.com\/es\/\",\"logo\":{\"@type\":\"ImageObject\",\"inLanguage\":\"es\",\"@id\":\"https:\/\/tourtravelandmore.com\/es\/#\/schema\/logo\/image\/\",\"url\":\"https:\/\/tourtravelandmore.com\/wp-content\/uploads\/2022\/12\/cropped-logo-cabecera-new.png\",\"contentUrl\":\"https:\/\/tourtravelandmore.com\/wp-content\/uploads\/2022\/12\/cropped-logo-cabecera-new.png\",\"width\":430,\"height\":61,\"caption\":\"Tour Travel And More\"},\"image\":{\"@id\":\"https:\/\/tourtravelandmore.com\/es\/#\/schema\/logo\/image\/\"},\"sameAs\":[\"https:\/\/www.facebook.com\/tourtravelandmore\/\",\"https:\/\/x.com\/TourTravel_More\"]}]}<\/script>\n<!-- \/ Yoast SEO Premium plugin. -->","yoast_head_json":{"title":"\u27a1\ufe0f Tour Privado a Formentera desde Ibiza con gu\u00eda oficial local | Tour Travel & More","description":"Acomp\u00e1\u00f1enos en este Tour Privado a Formentera desde Ibiza junto un equipo profesional que lo llevar\u00e1 a recorrer los lugares mas bonitos \u2705","robots":{"index":"index","follow":"follow","max-snippet":"max-snippet:-1","max-image-preview":"max-image-preview:large","max-video-preview":"max-video-preview:-1"},"canonical":"https:\/\/tourtravelandmore.com\/es\/tours\/espana-es\/ibiza-es\/ibiza-actividades-es\/tour-privado-a-formentera-desde-ibiza\/","og_locale":"es_ES","og_type":"article","og_title":"Tour Privado a Formentera desde Ibiza","og_description":"Acomp\u00e1\u00f1enos en este Tour Privado a Formentera desde Ibiza junto un equipo profesional que lo llevar\u00e1 a recorrer los lugares mas bonitos \u2705","og_url":"https:\/\/tourtravelandmore.com\/es\/tours\/espana-es\/ibiza-es\/ibiza-actividades-es\/tour-privado-a-formentera-desde-ibiza\/","og_site_name":"Tour Travel And More","article_publisher":"https:\/\/www.facebook.com\/tourtravelandmore\/","article_modified_time":"2022-12-10T00:26:39+00:00","og_image":[{"width":1300,"height":867,"url":"https:\/\/tourtravelandmore.com\/wp-content\/uploads\/2020\/12\/formentera-1.3.jpg","type":"image\/jpeg"}],"twitter_card":"summary_large_image","twitter_site":"@TourTravel_More","twitter_misc":{"Tiempo de lectura":"2 minutos"},"schema":{"@context":"https:\/\/schema.org","@graph":[{"@type":"WebPage","@id":"https:\/\/tourtravelandmore.com\/es\/tours\/espana-es\/ibiza-es\/ibiza-actividades-es\/tour-privado-a-formentera-desde-ibiza\/","url":"https:\/\/tourtravelandmore.com\/es\/tours\/espana-es\/ibiza-es\/ibiza-actividades-es\/tour-privado-a-formentera-desde-ibiza\/","name":"\u27a1\ufe0f Tour Privado a Formentera desde Ibiza con gu\u00eda oficial local | Tour Travel & More","isPartOf":{"@id":"https:\/\/tourtravelandmore.com\/es\/#website"},"primaryImageOfPage":{"@id":"https:\/\/tourtravelandmore.com\/es\/tours\/espana-es\/ibiza-es\/ibiza-actividades-es\/tour-privado-a-formentera-desde-ibiza\/#primaryimage"},"image":{"@id":"https:\/\/tourtravelandmore.com\/es\/tours\/espana-es\/ibiza-es\/ibiza-actividades-es\/tour-privado-a-formentera-desde-ibiza\/#primaryimage"},"thumbnailUrl":"https:\/\/tourtravelandmore.com\/wp-content\/uploads\/2020\/12\/formentera-1.3.jpg","datePublished":"2020-12-09T10:44:45+00:00","dateModified":"2022-12-10T00:26:39+00:00","description":"Acomp\u00e1\u00f1enos en este Tour Privado a Formentera desde Ibiza junto un equipo profesional que lo llevar\u00e1 a recorrer los lugares mas bonitos \u2705","breadcrumb":{"@id":"https:\/\/tourtravelandmore.com\/es\/tours\/espana-es\/ibiza-es\/ibiza-actividades-es\/tour-privado-a-formentera-desde-ibiza\/#breadcrumb"},"inLanguage":"es","potentialAction":[{"@type":"ReadAction","target":["https:\/\/tourtravelandmore.com\/es\/tours\/espana-es\/ibiza-es\/ibiza-actividades-es\/tour-privado-a-formentera-desde-ibiza\/"]}]},{"@type":"ImageObject","inLanguage":"es","@id":"https:\/\/tourtravelandmore.com\/es\/tours\/espana-es\/ibiza-es\/ibiza-actividades-es\/tour-privado-a-formentera-desde-ibiza\/#primaryimage","url":"https:\/\/tourtravelandmore.com\/wp-content\/uploads\/2020\/12\/formentera-1.3.jpg","contentUrl":"https:\/\/tourtravelandmore.com\/wp-content\/uploads\/2020\/12\/formentera-1.3.jpg","width":1300,"height":867},{"@type":"BreadcrumbList","@id":"https:\/\/tourtravelandmore.com\/es\/tours\/espana-es\/ibiza-es\/ibiza-actividades-es\/tour-privado-a-formentera-desde-ibiza\/#breadcrumb","itemListElement":[{"@type":"ListItem","position":1,"name":"Home","item":"https:\/\/tourtravelandmore.com\/es\/"},{"@type":"ListItem","position":2,"name":"Tours","item":"https:\/\/tourtravelandmore.com\/es\/tours\/"},{"@type":"ListItem","position":3,"name":"Tour Privado a Formentera desde Ibiza"}]},{"@type":"WebSite","@id":"https:\/\/tourtravelandmore.com\/es\/#website","url":"https:\/\/tourtravelandmore.com\/es\/","name":"Tour Travel And More","description":"Private sightseeing tours and luxury transfers in Spain","publisher":{"@id":"https:\/\/tourtravelandmore.com\/es\/#organization"},"potentialAction":[{"@type":"SearchAction","target":{"@type":"EntryPoint","urlTemplate":"https:\/\/tourtravelandmore.com\/es\/?s={search_term_string}"},"query-input":{"@type":"PropertyValueSpecification","valueRequired":true,"valueName":"search_term_string"}}],"inLanguage":"es"},{"@type":"Organization","@id":"https:\/\/tourtravelandmore.com\/es\/#organization","name":"Tour Travel And More","url":"https:\/\/tourtravelandmore.com\/es\/","logo":{"@type":"ImageObject","inLanguage":"es","@id":"https:\/\/tourtravelandmore.com\/es\/#\/schema\/logo\/image\/","url":"https:\/\/tourtravelandmore.com\/wp-content\/uploads\/2022\/12\/cropped-logo-cabecera-new.png","contentUrl":"https:\/\/tourtravelandmore.com\/wp-content\/uploads\/2022\/12\/cropped-logo-cabecera-new.png","width":430,"height":61,"caption":"Tour Travel And More"},"image":{"@id":"https:\/\/tourtravelandmore.com\/es\/#\/schema\/logo\/image\/"},"sameAs":["https:\/\/www.facebook.com\/tourtravelandmore\/","https:\/\/x.com\/TourTravel_More"]}]}},"_links":{"self":[{"href":"https:\/\/tourtravelandmore.com\/es\/wp-json\/wp\/v2\/product\/89130","targetHints":{"allow":["GET"]}}],"collection":[{"href":"https:\/\/tourtravelandmore.com\/es\/wp-json\/wp\/v2\/product"}],"about":[{"href":"https:\/\/tourtravelandmore.com\/es\/wp-json\/wp\/v2\/types\/product"}],"replies":[{"embeddable":true,"href":"https:\/\/tourtravelandmore.com\/es\/wp-json\/wp\/v2\/comments?post=89130"}],"wp:featuredmedia":[{"embeddable":true,"href":"https:\/\/tourtravelandmore.com\/es\/wp-json\/wp\/v2\/media\/89144"}],"wp:attachment":[{"href":"https:\/\/tourtravelandmore.com\/es\/wp-json\/wp\/v2\/media?parent=89130"}],"wp:term":[{"taxonomy":"product_brand","embeddable":true,"href":"https:\/\/tourtravelandmore.com\/es\/wp-json\/wp\/v2\/product_brand?post=89130"},{"taxonomy":"product_cat","embeddable":true,"href":"https:\/\/tourtravelandmore.com\/es\/wp-json\/wp\/v2\/product_cat?post=89130"},{"taxonomy":"product_tag","embeddable":true,"href":"https:\/\/tourtravelandmore.com\/es\/wp-json\/wp\/v2\/product_tag?post=89130"}],"curies":[{"name":"wp","href":"https:\/\/api.w.org\/{rel}","templated":true}]}}