{"id":89093,"date":"2020-12-09T10:37:27","date_gmt":"2020-12-09T09:37:28","guid":{"rendered":"https:\/\/tourtravelandmore.com\/?post_type=product&#038;p=89093"},"modified":"2022-12-10T01:29:08","modified_gmt":"2022-12-10T00:29:08","slug":"excursion-en-barco-privado-desde-ibiza","status":"publish","type":"product","link":"https:\/\/tourtravelandmore.com\/es\/tours\/espana-es\/ibiza-es\/ibiza-actividades-es\/excursion-en-barco-privado-desde-ibiza\/","title":{"rendered":"Excursi\u00f3n en barco privado desde Ibiza"},"content":{"rendered":"<h2><strong>Descripci\u00f3n de la Excursi\u00f3n\u00a0en barco privado desde Ibiza<\/strong><\/h2>\n<p>Si est\u00e1s pasando tus vacaciones en Ibiza, no puedes perderte nuestra <strong>disposici\u00f3n en barco privado desde Ibiza<\/strong>. Podr\u00e1 explorar los alrededores de la Isla de Ibiza, incluida la hermosa isla de Formentera. No hay mejor manera de descubrir las <strong>Islas Baleares<\/strong> que con un barco privado con tripulaci\u00f3n profesional.<\/p>\n<p>Podemos organizar disposiciones de medio d\u00eda o d\u00eda completo desde Ibiza. El itinerario final es completamente adaptable a su inter\u00e9s personal. Solo tienes que contactarnos y te ayudaremos a organizar un itinerario personalizado. Tambi\u00e9n te damos la opci\u00f3n de incluir un gu\u00eda tur\u00edstico oficial privado a tu experiencia en caso de que est\u00e9s dispuesto a conocer algunos datos interesantes de las islas.<\/p>\n<p>Otra posible opci\u00f3n tambi\u00e9n podr\u00eda ser un traslado privado en barco desde Ibiza a Formentera o al rev\u00e9s. Ponte en contacto con nosotros y d\u00e9janos ayudarte a organizar la disposici\u00f3n en barco privado desde Ibiza.<\/p>\n<p>En caso de que desee otro tipo de excursi\u00f3n privada en o desde Ibiza, consulte <a href=\"https:\/\/tourtravelandmore.com\/es\/ciudad\/espana-es\/ibiza-es\/\">nuestra lista de excursiones privadas<\/a>.<\/p>\n<h2><strong>Puntos de inter\u00e9s en la Excursi\u00f3n\u00a0en barco privado desde Ibiza<\/strong><\/h2>\n<p><strong>Ibiza<\/strong> es una de las Islas Baleares, un archipi\u00e9lago de Espa\u00f1a en el mar Mediterr\u00e1neo. Esta incre\u00edble isla es famosa por sus incre\u00edbles playas, paisajes, atardeceres y vida nocturna. \u00a1Es un verdadero para\u00edso!. Es uno de los destinos m\u00e1s visitados de Europa tanto en verano como en invierno.<\/p>\n<p>En esta excursi\u00f3n en barco privado, no solo admirar\u00e1s Ibiza desde otra perspectiva, tambi\u00e9n disfrutar\u00e1s de un d\u00eda lleno de aventuras en el mar. Las <strong>Islas Baleares<\/strong> se caracterizan por tener diferentes tonalidades de colores en el agua. Encontrar\u00e1s playas de arena blanca y agua cristalina, as\u00ed como calas de aguas turquesas. \u00a1Es un lugar que te dejar\u00e1 sin aliento!.<\/p>\n<p>Podr\u00e1s visitar las playas m\u00e1s bellas como: <strong>Playa D \u2019en Bossa<\/strong>, <strong>Sa Caleta<\/strong>, <strong>Cala Mol\u00ed<\/strong>,<strong> Cala Jondal<\/strong>, <strong>Es Cavallate<\/strong> y mucho m\u00e1s. Por supuesto, tambi\u00e9n visitar\u00e1s las playas y la costa de la <a href=\"https:\/\/es.wikipedia.org\/wiki\/Formentera\">Isla de Formentera<\/a>.<\/p>\n<p>Durante nuestra disposici\u00f3n en barco privado desde Ibiza podr\u00e1 visitar los sitios y playas que desee. Tendr\u00e1s un equipo profesional y un barco privado a tu entera disposici\u00f3n. La duraci\u00f3n de la disposici\u00f3n tambi\u00e9n se puede ajustar a su inter\u00e9s personal.<\/p>\n<p>Con <strong>Tour Travel &amp; More<\/strong>, tendr\u00e1 la oportunidad de disfrutar de un d\u00eda completo de aventura. En caso de que lo necesite, tambi\u00e9n podemos organizar un picnic o almuerzo completo en su barco, para que no tenga que preocuparse por nada.<\/p>\n<p>Podemos organizar lanchas r\u00e1pidas, yates o el tipo de embarcaci\u00f3n que prefiera. \u00a1Ponte en contacto con nosotros para una experiencia personalizada!<\/p>\n","protected":false},"excerpt":{"rendered":"<p>Disfrute de una experiencia de lujo privada en <strong>Ibiza<\/strong>. Aproveche al m\u00e1ximo su visita a Espa\u00f1a y goce de la disposici\u00f3n de un <strong>bote privado<\/strong> para visitar las hermosas playas desde Ibiza. Disfrute de la magn\u00edfica naturaleza durante esta <strong>hermosa experiencia privada.<\/strong><\/p>\n","protected":false},"featured_media":89113,"comment_status":"open","ping_status":"closed","template":"","meta":{"_acf_changed":false},"product_brand":[],"product_cat":[1596,3291,3294,3297,3300],"product_tag":[],"class_list":{"0":"post-89093","1":"product","2":"type-product","3":"status-publish","4":"has-post-thumbnail","6":"product_cat-espana-es","7":"product_cat-ibiza-es","8":"product_cat-ibiza-actividades-es","9":"product_cat-ibiza-tours-es","10":"product_cat-ibiza-puerto-tours-es","12":"first","13":"instock","14":"shipping-taxable","15":"purchasable","16":"product-type-simple"},"acf":[],"yoast_head":"<!-- This site is optimized with the Yoast SEO Premium plugin v25.3.1 (Yoast SEO v25.3.1) - https:\/\/yoast.com\/wordpress\/plugins\/seo\/ -->\n<title>\u27a1\ufe0f Excursi\u00f3n en barco privado desde Ibiza - \u00a1una verdadera aventura! | Tour Travel &amp; More<\/title>\n<meta name=\"description\" content=\"Disfrute de una experiencia de lujo privada. Permitannos coordinar su barco privado desde Ibiza y descubra sus hermosas playas \u2705\" \/>\n<meta name=\"robots\" content=\"index, follow, max-snippet:-1, max-image-preview:large, max-video-preview:-1\" \/>\n<link rel=\"canonical\" href=\"https:\/\/tourtravelandmore.com\/es\/tours\/espana-es\/ibiza-es\/ibiza-actividades-es\/excursion-en-barco-privado-desde-ibiza\/\" \/>\n<meta property=\"og:locale\" content=\"es_ES\" \/>\n<meta property=\"og:type\" content=\"article\" \/>\n<meta property=\"og:title\" content=\"Excursi\u00f3n en barco privado desde Ibiza\" \/>\n<meta property=\"og:description\" content=\"Disfrute de una experiencia de lujo privada. Permitannos coordinar su barco privado desde Ibiza y descubra sus hermosas playas \u2705\" \/>\n<meta property=\"og:url\" content=\"https:\/\/tourtravelandmore.com\/es\/tours\/espana-es\/ibiza-es\/ibiza-actividades-es\/excursion-en-barco-privado-desde-ibiza\/\" \/>\n<meta property=\"og:site_name\" content=\"Tour Travel And More\" \/>\n<meta property=\"article:publisher\" content=\"https:\/\/www.facebook.com\/tourtravelandmore\/\" \/>\n<meta property=\"article:modified_time\" content=\"2022-12-10T00:29:08+00:00\" \/>\n<meta property=\"og:image\" content=\"https:\/\/tourtravelandmore.com\/wp-content\/uploads\/2020\/12\/playa-ibiza.jpg\" \/>\n\t<meta property=\"og:image:width\" content=\"1280\" \/>\n\t<meta property=\"og:image:height\" content=\"853\" \/>\n\t<meta property=\"og:image:type\" content=\"image\/jpeg\" \/>\n<meta name=\"twitter:card\" content=\"summary_large_image\" \/>\n<meta name=\"twitter:site\" content=\"@TourTravel_More\" \/>\n<meta name=\"twitter:label1\" content=\"Tiempo de lectura\" \/>\n\t<meta name=\"twitter:data1\" content=\"2 minutos\" \/>\n<script type=\"application\/ld+json\" class=\"yoast-schema-graph\">{\"@context\":\"https:\/\/schema.org\",\"@graph\":[{\"@type\":\"WebPage\",\"@id\":\"https:\/\/tourtravelandmore.com\/es\/tours\/espana-es\/ibiza-es\/ibiza-actividades-es\/excursion-en-barco-privado-desde-ibiza\/\",\"url\":\"https:\/\/tourtravelandmore.com\/es\/tours\/espana-es\/ibiza-es\/ibiza-actividades-es\/excursion-en-barco-privado-desde-ibiza\/\",\"name\":\"\u27a1\ufe0f Excursi\u00f3n en barco privado desde Ibiza - \u00a1una verdadera aventura! | Tour Travel & More\",\"isPartOf\":{\"@id\":\"https:\/\/tourtravelandmore.com\/es\/#website\"},\"primaryImageOfPage\":{\"@id\":\"https:\/\/tourtravelandmore.com\/es\/tours\/espana-es\/ibiza-es\/ibiza-actividades-es\/excursion-en-barco-privado-desde-ibiza\/#primaryimage\"},\"image\":{\"@id\":\"https:\/\/tourtravelandmore.com\/es\/tours\/espana-es\/ibiza-es\/ibiza-actividades-es\/excursion-en-barco-privado-desde-ibiza\/#primaryimage\"},\"thumbnailUrl\":\"https:\/\/tourtravelandmore.com\/wp-content\/uploads\/2020\/12\/playa-ibiza.jpg\",\"datePublished\":\"2020-12-09T09:37:28+00:00\",\"dateModified\":\"2022-12-10T00:29:08+00:00\",\"description\":\"Disfrute de una experiencia de lujo privada. Permitannos coordinar su barco privado desde Ibiza y descubra sus hermosas playas \u2705\",\"breadcrumb\":{\"@id\":\"https:\/\/tourtravelandmore.com\/es\/tours\/espana-es\/ibiza-es\/ibiza-actividades-es\/excursion-en-barco-privado-desde-ibiza\/#breadcrumb\"},\"inLanguage\":\"es\",\"potentialAction\":[{\"@type\":\"ReadAction\",\"target\":[\"https:\/\/tourtravelandmore.com\/es\/tours\/espana-es\/ibiza-es\/ibiza-actividades-es\/excursion-en-barco-privado-desde-ibiza\/\"]}]},{\"@type\":\"ImageObject\",\"inLanguage\":\"es\",\"@id\":\"https:\/\/tourtravelandmore.com\/es\/tours\/espana-es\/ibiza-es\/ibiza-actividades-es\/excursion-en-barco-privado-desde-ibiza\/#primaryimage\",\"url\":\"https:\/\/tourtravelandmore.com\/wp-content\/uploads\/2020\/12\/playa-ibiza.jpg\",\"contentUrl\":\"https:\/\/tourtravelandmore.com\/wp-content\/uploads\/2020\/12\/playa-ibiza.jpg\",\"width\":1280,\"height\":853},{\"@type\":\"BreadcrumbList\",\"@id\":\"https:\/\/tourtravelandmore.com\/es\/tours\/espana-es\/ibiza-es\/ibiza-actividades-es\/excursion-en-barco-privado-desde-ibiza\/#breadcrumb\",\"itemListElement\":[{\"@type\":\"ListItem\",\"position\":1,\"name\":\"Home\",\"item\":\"https:\/\/tourtravelandmore.com\/es\/\"},{\"@type\":\"ListItem\",\"position\":2,\"name\":\"Tours\",\"item\":\"https:\/\/tourtravelandmore.com\/es\/tours\/\"},{\"@type\":\"ListItem\",\"position\":3,\"name\":\"Excursi\u00f3n en barco privado desde Ibiza\"}]},{\"@type\":\"WebSite\",\"@id\":\"https:\/\/tourtravelandmore.com\/es\/#website\",\"url\":\"https:\/\/tourtravelandmore.com\/es\/\",\"name\":\"Tour Travel And More\",\"description\":\"Private sightseeing tours and luxury transfers in Spain\",\"publisher\":{\"@id\":\"https:\/\/tourtravelandmore.com\/es\/#organization\"},\"potentialAction\":[{\"@type\":\"SearchAction\",\"target\":{\"@type\":\"EntryPoint\",\"urlTemplate\":\"https:\/\/tourtravelandmore.com\/es\/?s={search_term_string}\"},\"query-input\":{\"@type\":\"PropertyValueSpecification\",\"valueRequired\":true,\"valueName\":\"search_term_string\"}}],\"inLanguage\":\"es\"},{\"@type\":\"Organization\",\"@id\":\"https:\/\/tourtravelandmore.com\/es\/#organization\",\"name\":\"Tour Travel And More\",\"url\":\"https:\/\/tourtravelandmore.com\/es\/\",\"logo\":{\"@type\":\"ImageObject\",\"inLanguage\":\"es\",\"@id\":\"https:\/\/tourtravelandmore.com\/es\/#\/schema\/logo\/image\/\",\"url\":\"https:\/\/tourtravelandmore.com\/wp-content\/uploads\/2022\/12\/cropped-logo-cabecera-new.png\",\"contentUrl\":\"https:\/\/tourtravelandmore.com\/wp-content\/uploads\/2022\/12\/cropped-logo-cabecera-new.png\",\"width\":430,\"height\":61,\"caption\":\"Tour Travel And More\"},\"image\":{\"@id\":\"https:\/\/tourtravelandmore.com\/es\/#\/schema\/logo\/image\/\"},\"sameAs\":[\"https:\/\/www.facebook.com\/tourtravelandmore\/\",\"https:\/\/x.com\/TourTravel_More\"]}]}<\/script>\n<!-- \/ Yoast SEO Premium plugin. -->","yoast_head_json":{"title":"\u27a1\ufe0f Excursi\u00f3n en barco privado desde Ibiza - \u00a1una verdadera aventura! | Tour Travel & More","description":"Disfrute de una experiencia de lujo privada. Permitannos coordinar su barco privado desde Ibiza y descubra sus hermosas playas \u2705","robots":{"index":"index","follow":"follow","max-snippet":"max-snippet:-1","max-image-preview":"max-image-preview:large","max-video-preview":"max-video-preview:-1"},"canonical":"https:\/\/tourtravelandmore.com\/es\/tours\/espana-es\/ibiza-es\/ibiza-actividades-es\/excursion-en-barco-privado-desde-ibiza\/","og_locale":"es_ES","og_type":"article","og_title":"Excursi\u00f3n en barco privado desde Ibiza","og_description":"Disfrute de una experiencia de lujo privada. Permitannos coordinar su barco privado desde Ibiza y descubra sus hermosas playas \u2705","og_url":"https:\/\/tourtravelandmore.com\/es\/tours\/espana-es\/ibiza-es\/ibiza-actividades-es\/excursion-en-barco-privado-desde-ibiza\/","og_site_name":"Tour Travel And More","article_publisher":"https:\/\/www.facebook.com\/tourtravelandmore\/","article_modified_time":"2022-12-10T00:29:08+00:00","og_image":[{"width":1280,"height":853,"url":"https:\/\/tourtravelandmore.com\/wp-content\/uploads\/2020\/12\/playa-ibiza.jpg","type":"image\/jpeg"}],"twitter_card":"summary_large_image","twitter_site":"@TourTravel_More","twitter_misc":{"Tiempo de lectura":"2 minutos"},"schema":{"@context":"https:\/\/schema.org","@graph":[{"@type":"WebPage","@id":"https:\/\/tourtravelandmore.com\/es\/tours\/espana-es\/ibiza-es\/ibiza-actividades-es\/excursion-en-barco-privado-desde-ibiza\/","url":"https:\/\/tourtravelandmore.com\/es\/tours\/espana-es\/ibiza-es\/ibiza-actividades-es\/excursion-en-barco-privado-desde-ibiza\/","name":"\u27a1\ufe0f Excursi\u00f3n en barco privado desde Ibiza - \u00a1una verdadera aventura! | Tour Travel & More","isPartOf":{"@id":"https:\/\/tourtravelandmore.com\/es\/#website"},"primaryImageOfPage":{"@id":"https:\/\/tourtravelandmore.com\/es\/tours\/espana-es\/ibiza-es\/ibiza-actividades-es\/excursion-en-barco-privado-desde-ibiza\/#primaryimage"},"image":{"@id":"https:\/\/tourtravelandmore.com\/es\/tours\/espana-es\/ibiza-es\/ibiza-actividades-es\/excursion-en-barco-privado-desde-ibiza\/#primaryimage"},"thumbnailUrl":"https:\/\/tourtravelandmore.com\/wp-content\/uploads\/2020\/12\/playa-ibiza.jpg","datePublished":"2020-12-09T09:37:28+00:00","dateModified":"2022-12-10T00:29:08+00:00","description":"Disfrute de una experiencia de lujo privada. Permitannos coordinar su barco privado desde Ibiza y descubra sus hermosas playas \u2705","breadcrumb":{"@id":"https:\/\/tourtravelandmore.com\/es\/tours\/espana-es\/ibiza-es\/ibiza-actividades-es\/excursion-en-barco-privado-desde-ibiza\/#breadcrumb"},"inLanguage":"es","potentialAction":[{"@type":"ReadAction","target":["https:\/\/tourtravelandmore.com\/es\/tours\/espana-es\/ibiza-es\/ibiza-actividades-es\/excursion-en-barco-privado-desde-ibiza\/"]}]},{"@type":"ImageObject","inLanguage":"es","@id":"https:\/\/tourtravelandmore.com\/es\/tours\/espana-es\/ibiza-es\/ibiza-actividades-es\/excursion-en-barco-privado-desde-ibiza\/#primaryimage","url":"https:\/\/tourtravelandmore.com\/wp-content\/uploads\/2020\/12\/playa-ibiza.jpg","contentUrl":"https:\/\/tourtravelandmore.com\/wp-content\/uploads\/2020\/12\/playa-ibiza.jpg","width":1280,"height":853},{"@type":"BreadcrumbList","@id":"https:\/\/tourtravelandmore.com\/es\/tours\/espana-es\/ibiza-es\/ibiza-actividades-es\/excursion-en-barco-privado-desde-ibiza\/#breadcrumb","itemListElement":[{"@type":"ListItem","position":1,"name":"Home","item":"https:\/\/tourtravelandmore.com\/es\/"},{"@type":"ListItem","position":2,"name":"Tours","item":"https:\/\/tourtravelandmore.com\/es\/tours\/"},{"@type":"ListItem","position":3,"name":"Excursi\u00f3n en barco privado desde Ibiza"}]},{"@type":"WebSite","@id":"https:\/\/tourtravelandmore.com\/es\/#website","url":"https:\/\/tourtravelandmore.com\/es\/","name":"Tour Travel And More","description":"Private sightseeing tours and luxury transfers in Spain","publisher":{"@id":"https:\/\/tourtravelandmore.com\/es\/#organization"},"potentialAction":[{"@type":"SearchAction","target":{"@type":"EntryPoint","urlTemplate":"https:\/\/tourtravelandmore.com\/es\/?s={search_term_string}"},"query-input":{"@type":"PropertyValueSpecification","valueRequired":true,"valueName":"search_term_string"}}],"inLanguage":"es"},{"@type":"Organization","@id":"https:\/\/tourtravelandmore.com\/es\/#organization","name":"Tour Travel And More","url":"https:\/\/tourtravelandmore.com\/es\/","logo":{"@type":"ImageObject","inLanguage":"es","@id":"https:\/\/tourtravelandmore.com\/es\/#\/schema\/logo\/image\/","url":"https:\/\/tourtravelandmore.com\/wp-content\/uploads\/2022\/12\/cropped-logo-cabecera-new.png","contentUrl":"https:\/\/tourtravelandmore.com\/wp-content\/uploads\/2022\/12\/cropped-logo-cabecera-new.png","width":430,"height":61,"caption":"Tour Travel And More"},"image":{"@id":"https:\/\/tourtravelandmore.com\/es\/#\/schema\/logo\/image\/"},"sameAs":["https:\/\/www.facebook.com\/tourtravelandmore\/","https:\/\/x.com\/TourTravel_More"]}]}},"_links":{"self":[{"href":"https:\/\/tourtravelandmore.com\/es\/wp-json\/wp\/v2\/product\/89093","targetHints":{"allow":["GET"]}}],"collection":[{"href":"https:\/\/tourtravelandmore.com\/es\/wp-json\/wp\/v2\/product"}],"about":[{"href":"https:\/\/tourtravelandmore.com\/es\/wp-json\/wp\/v2\/types\/product"}],"replies":[{"embeddable":true,"href":"https:\/\/tourtravelandmore.com\/es\/wp-json\/wp\/v2\/comments?post=89093"}],"wp:featuredmedia":[{"embeddable":true,"href":"https:\/\/tourtravelandmore.com\/es\/wp-json\/wp\/v2\/media\/89113"}],"wp:attachment":[{"href":"https:\/\/tourtravelandmore.com\/es\/wp-json\/wp\/v2\/media?parent=89093"}],"wp:term":[{"taxonomy":"product_brand","embeddable":true,"href":"https:\/\/tourtravelandmore.com\/es\/wp-json\/wp\/v2\/product_brand?post=89093"},{"taxonomy":"product_cat","embeddable":true,"href":"https:\/\/tourtravelandmore.com\/es\/wp-json\/wp\/v2\/product_cat?post=89093"},{"taxonomy":"product_tag","embeddable":true,"href":"https:\/\/tourtravelandmore.com\/es\/wp-json\/wp\/v2\/product_tag?post=89093"}],"curies":[{"name":"wp","href":"https:\/\/api.w.org\/{rel}","templated":true}]}}