{"id":8902,"date":"2016-11-07T13:53:09","date_gmt":"2016-11-07T16:32:03","guid":{"rendered":"http:\/\/tourtravelandmore.com\/es\/?post_type=product&#038;p=8902"},"modified":"2022-11-05T04:12:24","modified_gmt":"2022-11-05T03:12:24","slug":"tour-privado-alicante-con-guia-oficial-y-vehiculo-privado","status":"publish","type":"product","link":"https:\/\/tourtravelandmore.com\/es\/tours\/espana-es\/alicante-es\/tour-privado-alicante-con-guia-oficial-y-vehiculo-privado\/","title":{"rendered":"Tour Privado de Alicante con gu\u00eda y veh\u00edculo"},"content":{"rendered":"<h2><strong>Descripci\u00f3n del Tour Privado de Alicante con gu\u00eda y veh\u00edculo<\/strong><\/h2>\n<p>Reserve este tour privado Alicante con gu\u00eda y veh\u00edculo para descubrir la ciudad.<\/p>\n<p>La duraci\u00f3n de este tour privado Alicante es de 4, 6 u 8 horas. Pueden escoger la duraci\u00f3n. Al ser un tour completamente privado, pueden escoger tambi\u00e9n el lugar de recogida y hora.<\/p>\n<p>En todo momento dispondr\u00e1n de un gu\u00eda y veh\u00edculo con ch\u00f3fer a su disposici\u00f3n.<\/p>\n<p>La entrada al Castillo de Santa Barbar\u00e1 est\u00e1 incluido, son entradas sin colas.<\/p>\n<h2>Puntos de inter\u00e9s en el Tour Privado de Alicante con gu\u00eda y veh\u00edculo<\/h2>\n<p>Empezaremos el tour privado Alicante por el <strong>Castillo de Santa Barbar\u00e1<\/strong>, en lo alto del monte Benantil, se trata de uno de los sitios ic\u00f3nicos de Alicante. Es un castillo \u00e1rabe, construido en el siglo IX, que durante la Guerra Civil se utiliz\u00f3 como centro de detenci\u00f3n. La entrada al Castillo est\u00e1 incluida en el precio del tour.<\/p>\n<p>Cuando finalicemos la visita del Castillo de Santa Barbar\u00e1 nos dirigiremos hacia el <strong>Casco Historico<\/strong> de la ciudad de Alicante. Recorremos el Casco historico, descubriendo la Historia y sus principales monumentos: <strong>Concatedral de San Nicolas, Bas\u00edlica de Santa Mar\u00eda, Ayuntamiento y Plaza del Ayuntamiento, Calle Labradores y mucho m\u00e1s!<\/strong><\/p>\n<p>Una vez conozcamos el casco Hist\u00f3rico, seguiremos hacia el <strong>Barrio Santa Cruz.<\/strong> Se celebran las \u201cCruces de Mayo\u201d. Es una fiesta en la que el barrio entero se llena de cruces hechas de flores. Tiene lugar cada a\u00f1o, del 2 al 5 de Mayo, y se recuerda el momento en que Santa Elena encontr\u00f3 la cruz en la que Jes\u00fas fue crucificado.<\/p>\n<p>Despu\u00e9s de conocer el Barrio de Santa Cruz, seguiremos hacia el <strong>Puerto de Alicante y pasearemos por la famosa explanada de Espa\u00f1a, <\/strong>con sus mosaicos con formas de olas y la bonita<strong> Casa Carbonell.<\/strong><\/p>\n<p>Al finalizar le devolveremos a su hotel o sitio de su elecci\u00f3n.<\/p>\n<p>Si dispones de m\u00e1s d\u00edas en Alicante puedes consultar <a href=\"https:\/\/tourtravelandmore.com\/es\/ciudad\/espana-es\/alicante-es\/\"><strong>aqu\u00ed<\/strong><\/a> \u00e9l esto de tour privado que ofrecemos en la ciudad.<\/p>\n","protected":false},"excerpt":{"rendered":"<p>Aproveche esta oportunidad para conocer y disfrutar de <strong>Alicante<\/strong>, en la Comunidad Valenciana, gracias a un <strong>tour privado<\/strong> a cargo de un gu\u00eda oficial privado. Podr\u00e1 conocer lo mejor de Alicante de forma c\u00f3moda gracias a un veh\u00edculo privado con chofer que le acompa\u00f1ar\u00e1 durante todo su tour privado, en el que recorrer\u00e1 algunas de las principales atracciones de Alicante como la Puerto de Alicante, Bas\u00edlica de Santa Mar\u00eda, o Castillo de Santa B\u00e1rbara.<\/p>\n<p>&nbsp;<\/p>\n","protected":false},"featured_media":59388,"comment_status":"open","ping_status":"closed","template":"","meta":{"_acf_changed":false},"product_brand":[],"product_cat":[309,310,311,312],"product_tag":[],"class_list":{"0":"post-8902","1":"product","2":"type-product","3":"status-publish","4":"has-post-thumbnail","6":"product_cat-alicante-es","7":"product_cat-alicante-actividades-es","8":"product_cat-alicante-rutas-turisticas-privadas-es","9":"product_cat-alicante-excursiones-es","11":"first","12":"instock","13":"shipping-taxable","14":"purchasable","15":"product-type-simple"},"acf":[],"yoast_head":"<!-- This site is optimized with the Yoast SEO Premium plugin v25.3.1 (Yoast SEO v25.3.1) - https:\/\/yoast.com\/wordpress\/plugins\/seo\/ -->\n<title>\u27a1\ufe0f Tour Privado Alicante con gu\u00eda oficial y vehiculo privado | Tour Travel &amp; More<\/title>\n<meta name=\"description\" content=\"Disfruta de este tour privado Alicante con gu\u00eda oficial y vehiculo privado con ch\u00f3fer. Descubre la ciudad, la Historia, su casco historico y mucho mas! \u2705\" \/>\n<meta name=\"robots\" content=\"index, follow, max-snippet:-1, max-image-preview:large, max-video-preview:-1\" \/>\n<link rel=\"canonical\" href=\"https:\/\/tourtravelandmore.com\/es\/tours\/espana-es\/alicante-es\/tour-privado-alicante-con-guia-oficial-y-vehiculo-privado\/\" \/>\n<meta property=\"og:locale\" content=\"es_ES\" \/>\n<meta property=\"og:type\" content=\"article\" \/>\n<meta property=\"og:title\" content=\"Tour Privado de Alicante con gu\u00eda y veh\u00edculo\" \/>\n<meta property=\"og:description\" content=\"Disfruta de este tour privado Alicante con gu\u00eda oficial y vehiculo privado con ch\u00f3fer. Descubre la ciudad, la Historia, su casco historico y mucho mas! \u2705\" \/>\n<meta property=\"og:url\" content=\"https:\/\/tourtravelandmore.com\/es\/tours\/espana-es\/alicante-es\/tour-privado-alicante-con-guia-oficial-y-vehiculo-privado\/\" \/>\n<meta property=\"og:site_name\" content=\"Tour Travel And More\" \/>\n<meta property=\"article:publisher\" content=\"https:\/\/www.facebook.com\/tourtravelandmore\/\" \/>\n<meta property=\"article:modified_time\" content=\"2022-11-05T03:12:24+00:00\" \/>\n<meta property=\"og:image\" content=\"https:\/\/tourtravelandmore.com\/wp-content\/uploads\/2016\/11\/Alicante2.jpg\" \/>\n\t<meta property=\"og:image:width\" content=\"800\" \/>\n\t<meta property=\"og:image:height\" content=\"600\" \/>\n\t<meta property=\"og:image:type\" content=\"image\/jpeg\" \/>\n<meta name=\"twitter:card\" content=\"summary_large_image\" \/>\n<meta name=\"twitter:site\" content=\"@TourTravel_More\" \/>\n<meta name=\"twitter:label1\" content=\"Tiempo de lectura\" \/>\n\t<meta name=\"twitter:data1\" content=\"2 minutos\" \/>\n<script type=\"application\/ld+json\" class=\"yoast-schema-graph\">{\"@context\":\"https:\/\/schema.org\",\"@graph\":[{\"@type\":\"WebPage\",\"@id\":\"https:\/\/tourtravelandmore.com\/es\/tours\/espana-es\/alicante-es\/tour-privado-alicante-con-guia-oficial-y-vehiculo-privado\/\",\"url\":\"https:\/\/tourtravelandmore.com\/es\/tours\/espana-es\/alicante-es\/tour-privado-alicante-con-guia-oficial-y-vehiculo-privado\/\",\"name\":\"\u27a1\ufe0f Tour Privado Alicante con gu\u00eda oficial y vehiculo privado | Tour Travel & More\",\"isPartOf\":{\"@id\":\"https:\/\/tourtravelandmore.com\/es\/#website\"},\"primaryImageOfPage\":{\"@id\":\"https:\/\/tourtravelandmore.com\/es\/tours\/espana-es\/alicante-es\/tour-privado-alicante-con-guia-oficial-y-vehiculo-privado\/#primaryimage\"},\"image\":{\"@id\":\"https:\/\/tourtravelandmore.com\/es\/tours\/espana-es\/alicante-es\/tour-privado-alicante-con-guia-oficial-y-vehiculo-privado\/#primaryimage\"},\"thumbnailUrl\":\"https:\/\/tourtravelandmore.com\/wp-content\/uploads\/2016\/11\/Alicante2.jpg\",\"datePublished\":\"2016-11-07T16:32:03+00:00\",\"dateModified\":\"2022-11-05T03:12:24+00:00\",\"description\":\"Disfruta de este tour privado Alicante con gu\u00eda oficial y vehiculo privado con ch\u00f3fer. Descubre la ciudad, la Historia, su casco historico y mucho mas! \u2705\",\"breadcrumb\":{\"@id\":\"https:\/\/tourtravelandmore.com\/es\/tours\/espana-es\/alicante-es\/tour-privado-alicante-con-guia-oficial-y-vehiculo-privado\/#breadcrumb\"},\"inLanguage\":\"es\",\"potentialAction\":[{\"@type\":\"ReadAction\",\"target\":[\"https:\/\/tourtravelandmore.com\/es\/tours\/espana-es\/alicante-es\/tour-privado-alicante-con-guia-oficial-y-vehiculo-privado\/\"]}]},{\"@type\":\"ImageObject\",\"inLanguage\":\"es\",\"@id\":\"https:\/\/tourtravelandmore.com\/es\/tours\/espana-es\/alicante-es\/tour-privado-alicante-con-guia-oficial-y-vehiculo-privado\/#primaryimage\",\"url\":\"https:\/\/tourtravelandmore.com\/wp-content\/uploads\/2016\/11\/Alicante2.jpg\",\"contentUrl\":\"https:\/\/tourtravelandmore.com\/wp-content\/uploads\/2016\/11\/Alicante2.jpg\",\"width\":800,\"height\":600},{\"@type\":\"BreadcrumbList\",\"@id\":\"https:\/\/tourtravelandmore.com\/es\/tours\/espana-es\/alicante-es\/tour-privado-alicante-con-guia-oficial-y-vehiculo-privado\/#breadcrumb\",\"itemListElement\":[{\"@type\":\"ListItem\",\"position\":1,\"name\":\"Home\",\"item\":\"https:\/\/tourtravelandmore.com\/es\/\"},{\"@type\":\"ListItem\",\"position\":2,\"name\":\"Tours\",\"item\":\"https:\/\/tourtravelandmore.com\/es\/tours\/\"},{\"@type\":\"ListItem\",\"position\":3,\"name\":\"Tour Privado de Alicante con gu\u00eda y veh\u00edculo\"}]},{\"@type\":\"WebSite\",\"@id\":\"https:\/\/tourtravelandmore.com\/es\/#website\",\"url\":\"https:\/\/tourtravelandmore.com\/es\/\",\"name\":\"Tour Travel And More\",\"description\":\"Private sightseeing tours and luxury transfers in Spain\",\"publisher\":{\"@id\":\"https:\/\/tourtravelandmore.com\/es\/#organization\"},\"potentialAction\":[{\"@type\":\"SearchAction\",\"target\":{\"@type\":\"EntryPoint\",\"urlTemplate\":\"https:\/\/tourtravelandmore.com\/es\/?s={search_term_string}\"},\"query-input\":{\"@type\":\"PropertyValueSpecification\",\"valueRequired\":true,\"valueName\":\"search_term_string\"}}],\"inLanguage\":\"es\"},{\"@type\":\"Organization\",\"@id\":\"https:\/\/tourtravelandmore.com\/es\/#organization\",\"name\":\"Tour Travel And More\",\"url\":\"https:\/\/tourtravelandmore.com\/es\/\",\"logo\":{\"@type\":\"ImageObject\",\"inLanguage\":\"es\",\"@id\":\"https:\/\/tourtravelandmore.com\/es\/#\/schema\/logo\/image\/\",\"url\":\"https:\/\/tourtravelandmore.com\/wp-content\/uploads\/2022\/12\/cropped-logo-cabecera-new.png\",\"contentUrl\":\"https:\/\/tourtravelandmore.com\/wp-content\/uploads\/2022\/12\/cropped-logo-cabecera-new.png\",\"width\":430,\"height\":61,\"caption\":\"Tour Travel And More\"},\"image\":{\"@id\":\"https:\/\/tourtravelandmore.com\/es\/#\/schema\/logo\/image\/\"},\"sameAs\":[\"https:\/\/www.facebook.com\/tourtravelandmore\/\",\"https:\/\/x.com\/TourTravel_More\"]}]}<\/script>\n<!-- \/ Yoast SEO Premium plugin. -->","yoast_head_json":{"title":"\u27a1\ufe0f Tour Privado Alicante con gu\u00eda oficial y vehiculo privado | Tour Travel & More","description":"Disfruta de este tour privado Alicante con gu\u00eda oficial y vehiculo privado con ch\u00f3fer. Descubre la ciudad, la Historia, su casco historico y mucho mas! \u2705","robots":{"index":"index","follow":"follow","max-snippet":"max-snippet:-1","max-image-preview":"max-image-preview:large","max-video-preview":"max-video-preview:-1"},"canonical":"https:\/\/tourtravelandmore.com\/es\/tours\/espana-es\/alicante-es\/tour-privado-alicante-con-guia-oficial-y-vehiculo-privado\/","og_locale":"es_ES","og_type":"article","og_title":"Tour Privado de Alicante con gu\u00eda y veh\u00edculo","og_description":"Disfruta de este tour privado Alicante con gu\u00eda oficial y vehiculo privado con ch\u00f3fer. Descubre la ciudad, la Historia, su casco historico y mucho mas! \u2705","og_url":"https:\/\/tourtravelandmore.com\/es\/tours\/espana-es\/alicante-es\/tour-privado-alicante-con-guia-oficial-y-vehiculo-privado\/","og_site_name":"Tour Travel And More","article_publisher":"https:\/\/www.facebook.com\/tourtravelandmore\/","article_modified_time":"2022-11-05T03:12:24+00:00","og_image":[{"width":800,"height":600,"url":"https:\/\/tourtravelandmore.com\/wp-content\/uploads\/2016\/11\/Alicante2.jpg","type":"image\/jpeg"}],"twitter_card":"summary_large_image","twitter_site":"@TourTravel_More","twitter_misc":{"Tiempo de lectura":"2 minutos"},"schema":{"@context":"https:\/\/schema.org","@graph":[{"@type":"WebPage","@id":"https:\/\/tourtravelandmore.com\/es\/tours\/espana-es\/alicante-es\/tour-privado-alicante-con-guia-oficial-y-vehiculo-privado\/","url":"https:\/\/tourtravelandmore.com\/es\/tours\/espana-es\/alicante-es\/tour-privado-alicante-con-guia-oficial-y-vehiculo-privado\/","name":"\u27a1\ufe0f Tour Privado Alicante con gu\u00eda oficial y vehiculo privado | Tour Travel & More","isPartOf":{"@id":"https:\/\/tourtravelandmore.com\/es\/#website"},"primaryImageOfPage":{"@id":"https:\/\/tourtravelandmore.com\/es\/tours\/espana-es\/alicante-es\/tour-privado-alicante-con-guia-oficial-y-vehiculo-privado\/#primaryimage"},"image":{"@id":"https:\/\/tourtravelandmore.com\/es\/tours\/espana-es\/alicante-es\/tour-privado-alicante-con-guia-oficial-y-vehiculo-privado\/#primaryimage"},"thumbnailUrl":"https:\/\/tourtravelandmore.com\/wp-content\/uploads\/2016\/11\/Alicante2.jpg","datePublished":"2016-11-07T16:32:03+00:00","dateModified":"2022-11-05T03:12:24+00:00","description":"Disfruta de este tour privado Alicante con gu\u00eda oficial y vehiculo privado con ch\u00f3fer. Descubre la ciudad, la Historia, su casco historico y mucho mas! \u2705","breadcrumb":{"@id":"https:\/\/tourtravelandmore.com\/es\/tours\/espana-es\/alicante-es\/tour-privado-alicante-con-guia-oficial-y-vehiculo-privado\/#breadcrumb"},"inLanguage":"es","potentialAction":[{"@type":"ReadAction","target":["https:\/\/tourtravelandmore.com\/es\/tours\/espana-es\/alicante-es\/tour-privado-alicante-con-guia-oficial-y-vehiculo-privado\/"]}]},{"@type":"ImageObject","inLanguage":"es","@id":"https:\/\/tourtravelandmore.com\/es\/tours\/espana-es\/alicante-es\/tour-privado-alicante-con-guia-oficial-y-vehiculo-privado\/#primaryimage","url":"https:\/\/tourtravelandmore.com\/wp-content\/uploads\/2016\/11\/Alicante2.jpg","contentUrl":"https:\/\/tourtravelandmore.com\/wp-content\/uploads\/2016\/11\/Alicante2.jpg","width":800,"height":600},{"@type":"BreadcrumbList","@id":"https:\/\/tourtravelandmore.com\/es\/tours\/espana-es\/alicante-es\/tour-privado-alicante-con-guia-oficial-y-vehiculo-privado\/#breadcrumb","itemListElement":[{"@type":"ListItem","position":1,"name":"Home","item":"https:\/\/tourtravelandmore.com\/es\/"},{"@type":"ListItem","position":2,"name":"Tours","item":"https:\/\/tourtravelandmore.com\/es\/tours\/"},{"@type":"ListItem","position":3,"name":"Tour Privado de Alicante con gu\u00eda y veh\u00edculo"}]},{"@type":"WebSite","@id":"https:\/\/tourtravelandmore.com\/es\/#website","url":"https:\/\/tourtravelandmore.com\/es\/","name":"Tour Travel And More","description":"Private sightseeing tours and luxury transfers in Spain","publisher":{"@id":"https:\/\/tourtravelandmore.com\/es\/#organization"},"potentialAction":[{"@type":"SearchAction","target":{"@type":"EntryPoint","urlTemplate":"https:\/\/tourtravelandmore.com\/es\/?s={search_term_string}"},"query-input":{"@type":"PropertyValueSpecification","valueRequired":true,"valueName":"search_term_string"}}],"inLanguage":"es"},{"@type":"Organization","@id":"https:\/\/tourtravelandmore.com\/es\/#organization","name":"Tour Travel And More","url":"https:\/\/tourtravelandmore.com\/es\/","logo":{"@type":"ImageObject","inLanguage":"es","@id":"https:\/\/tourtravelandmore.com\/es\/#\/schema\/logo\/image\/","url":"https:\/\/tourtravelandmore.com\/wp-content\/uploads\/2022\/12\/cropped-logo-cabecera-new.png","contentUrl":"https:\/\/tourtravelandmore.com\/wp-content\/uploads\/2022\/12\/cropped-logo-cabecera-new.png","width":430,"height":61,"caption":"Tour Travel And More"},"image":{"@id":"https:\/\/tourtravelandmore.com\/es\/#\/schema\/logo\/image\/"},"sameAs":["https:\/\/www.facebook.com\/tourtravelandmore\/","https:\/\/x.com\/TourTravel_More"]}]}},"_links":{"self":[{"href":"https:\/\/tourtravelandmore.com\/es\/wp-json\/wp\/v2\/product\/8902","targetHints":{"allow":["GET"]}}],"collection":[{"href":"https:\/\/tourtravelandmore.com\/es\/wp-json\/wp\/v2\/product"}],"about":[{"href":"https:\/\/tourtravelandmore.com\/es\/wp-json\/wp\/v2\/types\/product"}],"replies":[{"embeddable":true,"href":"https:\/\/tourtravelandmore.com\/es\/wp-json\/wp\/v2\/comments?post=8902"}],"wp:featuredmedia":[{"embeddable":true,"href":"https:\/\/tourtravelandmore.com\/es\/wp-json\/wp\/v2\/media\/59388"}],"wp:attachment":[{"href":"https:\/\/tourtravelandmore.com\/es\/wp-json\/wp\/v2\/media?parent=8902"}],"wp:term":[{"taxonomy":"product_brand","embeddable":true,"href":"https:\/\/tourtravelandmore.com\/es\/wp-json\/wp\/v2\/product_brand?post=8902"},{"taxonomy":"product_cat","embeddable":true,"href":"https:\/\/tourtravelandmore.com\/es\/wp-json\/wp\/v2\/product_cat?post=8902"},{"taxonomy":"product_tag","embeddable":true,"href":"https:\/\/tourtravelandmore.com\/es\/wp-json\/wp\/v2\/product_tag?post=8902"}],"curies":[{"name":"wp","href":"https:\/\/api.w.org\/{rel}","templated":true}]}}