{"id":89011,"date":"2020-12-07T10:22:32","date_gmt":"2020-12-07T09:22:34","guid":{"rendered":"https:\/\/tourtravelandmore.com\/?post_type=product&#038;p=89011"},"modified":"2024-11-05T13:16:20","modified_gmt":"2024-11-05T12:16:20","slug":"tour-privado-a-pie-del-casco-antiguo","status":"publish","type":"product","link":"https:\/\/tourtravelandmore.com\/es\/tours\/espana-es\/ibiza-es\/ibiza-actividades-es\/tour-privado-a-pie-del-casco-antiguo\/","title":{"rendered":"Tour Privado a pie del Casco Antiguo de Ibiza"},"content":{"rendered":"<h2 id=\"tw-target-text\" class=\"tw-data-text tw-text-large XcVN5d tw-ta\" dir=\"ltr\" data-placeholder=\"Traducci\u00f3n\"><span lang=\"es\">Descripci\u00f3n del Tour Privado a pie del Casco Antiguo<\/span><\/h2>\n<p>Disfrute de nuestro <strong>Tour privado a pie del Casco Antiguo de Ibiza<\/strong> y conozca los mejores lugares del centro de Ibiza.\u00a0<span class=\"JLqJ4b ChMk0b\" data-language-for-alternatives=\"es\" data-language-to-translate-into=\"en\" data-phrase-index=\"1\">Estar\u00e1 acompa\u00f1ado por un <strong>gu\u00eda tur\u00edstico oficial privado<\/strong> para un recorrido de 3 horas. Si desea disfrutar de otra parte de la isla para un recorrido a pie, no dude en contactarnos. <\/span><\/p>\n<p><span class=\"JLqJ4b ChMk0b\" data-language-for-alternatives=\"es\" data-language-to-translate-into=\"en\" data-phrase-index=\"1\"><span class=\"JLqJ4b\" data-language-for-alternatives=\"es\" data-language-to-translate-into=\"en\" data-phrase-index=\"3\">Nuestro tour privado comenzar\u00e1 desde un sitio central en el casco antiguo de Ibiza. Si su hotel se encuentra fuera del casco antiguo, tambi\u00e9n podemos organizar una recogida privada desde all\u00ed. Si no es as\u00ed, no hay problema, podemos organizar un punto de encuentro c\u00e9ntrico.<\/span><\/span><\/p>\n<p><strong>Ibiza<\/strong> es una de las Islas Baleares, un archipi\u00e9lago de Espa\u00f1a en el mar Mediterr\u00e1neo. <span class=\"JLqJ4b ChMk0b\" data-language-for-alternatives=\"es\" data-language-to-translate-into=\"en\" data-phrase-index=\"9\">Es uno de los destinos favoritos tanto de espa\u00f1oles como de extranjeros. Esta incre\u00edble isla es famosa por sus hermas playas, paisajes, atardeceres y vida nocturna. \u00a1Es un verdadero para\u00edso!. <\/span><\/p>\n<p><span class=\"JLqJ4b ChMk0b\" data-language-for-alternatives=\"es\" data-language-to-translate-into=\"en\" data-phrase-index=\"9\"><span class=\"JLqJ4b\" data-language-for-alternatives=\"es\" data-language-to-translate-into=\"en\" data-phrase-index=\"12\">Disfrutar de un recorrido a pie es una de las mejores formas de conocer una ciudad. Es por eso que no puedes perderte esta oportunidad de disfrutar al m\u00e1ximo con este tour privado a pie del casco antiguo de Ibiza.<\/span><\/span><\/p>\n<h2>Puntos emblem\u00e1ticos y de inter\u00e9s en el Tour Privado a pie del Casco Antiguo<\/h2>\n<p>En primer lugar, se reunir\u00e1 con su gu\u00eda tur\u00edstico oficial privado en el casco antiguo de Ibiza. <span class=\"JLqJ4b ChMk0b\" data-language-for-alternatives=\"es\" data-language-to-translate-into=\"en\" data-phrase-index=\"1\">Como se trata de un recorrido privado y personalizado, puede decidir la hora de inicio de su experiencia. <\/span><\/p>\n<p><span class=\"JLqJ4b ChMk0b\" data-language-for-alternatives=\"es\" data-language-to-translate-into=\"en\" data-phrase-index=\"1\"><span class=\"JLqJ4b\" data-language-for-alternatives=\"es\" data-language-to-translate-into=\"en\" data-phrase-index=\"2\">El Casco Antiguo de Ibiza llamado <strong>\u201cDalt Vila\u201d<\/strong>, es sin duda una de las zonas m\u00e1s emblem\u00e1ticas de Ibiza. Sus murallas fueron declaradas <strong>Patrimonio de la Humanidad por la Unesco<\/strong> en 1999 con el t\u00edtulo <em>\u201cIbiza, biodiversidad y cultura\u201d<\/em>. <\/span><\/span><\/p>\n<p><span class=\"JLqJ4b ChMk0b\" data-language-for-alternatives=\"es\" data-language-to-translate-into=\"en\" data-phrase-index=\"1\"><span class=\"JLqJ4b\" data-language-for-alternatives=\"es\" data-language-to-translate-into=\"en\" data-phrase-index=\"2\">Durante un recorrido a pie de 3 horas, podr\u00e1 visitar los siguientes lugares:<\/span><\/span><\/p>\n<ul>\n<li><a href=\"https:\/\/turismo.eivissa.es\/compras\/mercados\/mercat-nou\/\">Mercat Nou de Ibiza<\/a><\/li>\n<li><strong>Catedral de Ibiza<\/strong><\/li>\n<li><strong>Pasaje de Rey Vara<\/strong><\/li>\n<li><strong>El Puerto<\/strong><\/li>\n<li><strong>Barrio de la Marina<\/strong><\/li>\n<li><strong>Castillo de Ibiza<\/strong><\/li>\n<li><strong>Plaza Reyna Sofia<\/strong><\/li>\n<li><strong>Portal de ses Taules<\/strong><\/li>\n<li><strong>Ayuntamiento de Ibiza<\/strong><\/li>\n<li><strong>y mucho m\u00e1s!<\/strong><\/li>\n<\/ul>\n<p>Finalmente, al final de la visita, su gu\u00eda tur\u00edstico oficial privado lo dejar\u00e1 en un sitio c\u00e9ntrico del casco antiguo.<\/p>\n<p><span class=\"JLqJ4b\" data-language-for-alternatives=\"es\" data-language-to-translate-into=\"en\" data-phrase-index=\"1\"><span class=\"JLqJ4b ChMk0b\" data-language-for-alternatives=\"es\" data-language-to-translate-into=\"en\" data-phrase-index=\"2\"><strong>Tour Travel &amp; More<\/strong> ofrece una experiencia privada y \u00fanica en sus vacaciones. \u00a1Echa un vistazo a <a href=\"https:\/\/tourtravelandmore.com\/es\/ciudad\/espana-es\/ibiza-es\/#shop\/\">nuestra lista de tours privados en Ibiza<\/a>!.<\/span><\/span><\/p>\n","protected":false},"excerpt":{"rendered":"<p id=\"tw-target-text\" class=\"tw-data-text tw-text-large XcVN5d tw-ta\" dir=\"ltr\" data-placeholder=\"Traducci\u00f3n\">Realice este recorrido privado a pie por el Casco Antiguo y tenga la oportunidad de disfrutar de lo mejor de la ciudad de Ibiza. Un gran recorrido privado por la ciudad con un gu\u00eda oficial local.<\/p>\n","protected":false},"featured_media":89025,"comment_status":"open","ping_status":"closed","template":"","meta":{"_acf_changed":false},"product_brand":[],"product_cat":[1596,3291,3294,3303],"product_tag":[],"class_list":{"0":"post-89011","1":"product","2":"type-product","3":"status-publish","4":"has-post-thumbnail","6":"product_cat-espana-es","7":"product_cat-ibiza-es","8":"product_cat-ibiza-actividades-es","9":"product_cat-ibiza-a-pie-es","11":"first","12":"instock","13":"shipping-taxable","14":"purchasable","15":"product-type-simple"},"acf":[],"yoast_head":"<!-- This site is optimized with the Yoast SEO Premium plugin v25.3.1 (Yoast SEO v25.3.1) - https:\/\/yoast.com\/wordpress\/plugins\/seo\/ -->\n<title>\u27a1\ufe0f Tour Privado a pie del Casco Antiguo de Ibiza con gu\u00eda oficial | Tour Travel &amp; More<\/title>\n<meta name=\"description\" content=\"Disfrute de este Tour Privado a pie del Casco Antiguo de Ibiza con un gu\u00eda oficial local. \u00a1Conozca lo mejor de Ibiza con un profesional! \u2705\" \/>\n<meta name=\"robots\" content=\"index, follow, max-snippet:-1, max-image-preview:large, max-video-preview:-1\" \/>\n<link rel=\"canonical\" href=\"https:\/\/tourtravelandmore.com\/es\/tours\/espana-es\/ibiza-es\/ibiza-actividades-es\/tour-privado-a-pie-del-casco-antiguo\/\" \/>\n<meta property=\"og:locale\" content=\"es_ES\" \/>\n<meta property=\"og:type\" content=\"article\" \/>\n<meta property=\"og:title\" content=\"Tour Privado a pie del Casco Antiguo de Ibiza\" \/>\n<meta property=\"og:description\" content=\"Disfrute de este Tour Privado a pie del Casco Antiguo de Ibiza con un gu\u00eda oficial local. \u00a1Conozca lo mejor de Ibiza con un profesional! \u2705\" \/>\n<meta property=\"og:url\" content=\"https:\/\/tourtravelandmore.com\/es\/tours\/espana-es\/ibiza-es\/ibiza-actividades-es\/tour-privado-a-pie-del-casco-antiguo\/\" \/>\n<meta property=\"og:site_name\" content=\"Tour Travel And More\" \/>\n<meta property=\"article:publisher\" content=\"https:\/\/www.facebook.com\/tourtravelandmore\/\" \/>\n<meta property=\"article:modified_time\" content=\"2024-11-05T12:16:20+00:00\" \/>\n<meta property=\"og:image\" content=\"https:\/\/tourtravelandmore.com\/wp-content\/uploads\/2020\/12\/ibiza-3.jpg\" \/>\n\t<meta property=\"og:image:width\" content=\"2560\" \/>\n\t<meta property=\"og:image:height\" content=\"1920\" \/>\n\t<meta property=\"og:image:type\" content=\"image\/jpeg\" \/>\n<meta name=\"twitter:card\" content=\"summary_large_image\" \/>\n<meta name=\"twitter:site\" content=\"@TourTravel_More\" \/>\n<meta name=\"twitter:label1\" content=\"Tiempo de lectura\" \/>\n\t<meta name=\"twitter:data1\" content=\"2 minutos\" \/>\n<script type=\"application\/ld+json\" class=\"yoast-schema-graph\">{\"@context\":\"https:\/\/schema.org\",\"@graph\":[{\"@type\":\"WebPage\",\"@id\":\"https:\/\/tourtravelandmore.com\/es\/tours\/espana-es\/ibiza-es\/ibiza-actividades-es\/tour-privado-a-pie-del-casco-antiguo\/\",\"url\":\"https:\/\/tourtravelandmore.com\/es\/tours\/espana-es\/ibiza-es\/ibiza-actividades-es\/tour-privado-a-pie-del-casco-antiguo\/\",\"name\":\"\u27a1\ufe0f Tour Privado a pie del Casco Antiguo de Ibiza con gu\u00eda oficial | Tour Travel & More\",\"isPartOf\":{\"@id\":\"https:\/\/tourtravelandmore.com\/es\/#website\"},\"primaryImageOfPage\":{\"@id\":\"https:\/\/tourtravelandmore.com\/es\/tours\/espana-es\/ibiza-es\/ibiza-actividades-es\/tour-privado-a-pie-del-casco-antiguo\/#primaryimage\"},\"image\":{\"@id\":\"https:\/\/tourtravelandmore.com\/es\/tours\/espana-es\/ibiza-es\/ibiza-actividades-es\/tour-privado-a-pie-del-casco-antiguo\/#primaryimage\"},\"thumbnailUrl\":\"https:\/\/tourtravelandmore.com\/wp-content\/uploads\/2020\/12\/ibiza-3.jpg\",\"datePublished\":\"2020-12-07T09:22:34+00:00\",\"dateModified\":\"2024-11-05T12:16:20+00:00\",\"description\":\"Disfrute de este Tour Privado a pie del Casco Antiguo de Ibiza con un gu\u00eda oficial local. \u00a1Conozca lo mejor de Ibiza con un profesional! \u2705\",\"breadcrumb\":{\"@id\":\"https:\/\/tourtravelandmore.com\/es\/tours\/espana-es\/ibiza-es\/ibiza-actividades-es\/tour-privado-a-pie-del-casco-antiguo\/#breadcrumb\"},\"inLanguage\":\"es\",\"potentialAction\":[{\"@type\":\"ReadAction\",\"target\":[\"https:\/\/tourtravelandmore.com\/es\/tours\/espana-es\/ibiza-es\/ibiza-actividades-es\/tour-privado-a-pie-del-casco-antiguo\/\"]}]},{\"@type\":\"ImageObject\",\"inLanguage\":\"es\",\"@id\":\"https:\/\/tourtravelandmore.com\/es\/tours\/espana-es\/ibiza-es\/ibiza-actividades-es\/tour-privado-a-pie-del-casco-antiguo\/#primaryimage\",\"url\":\"https:\/\/tourtravelandmore.com\/wp-content\/uploads\/2020\/12\/ibiza-3.jpg\",\"contentUrl\":\"https:\/\/tourtravelandmore.com\/wp-content\/uploads\/2020\/12\/ibiza-3.jpg\",\"width\":2560,\"height\":1920},{\"@type\":\"BreadcrumbList\",\"@id\":\"https:\/\/tourtravelandmore.com\/es\/tours\/espana-es\/ibiza-es\/ibiza-actividades-es\/tour-privado-a-pie-del-casco-antiguo\/#breadcrumb\",\"itemListElement\":[{\"@type\":\"ListItem\",\"position\":1,\"name\":\"Home\",\"item\":\"https:\/\/tourtravelandmore.com\/es\/\"},{\"@type\":\"ListItem\",\"position\":2,\"name\":\"Tours\",\"item\":\"https:\/\/tourtravelandmore.com\/es\/tours\/\"},{\"@type\":\"ListItem\",\"position\":3,\"name\":\"Tour Privado a pie del Casco Antiguo de Ibiza\"}]},{\"@type\":\"WebSite\",\"@id\":\"https:\/\/tourtravelandmore.com\/es\/#website\",\"url\":\"https:\/\/tourtravelandmore.com\/es\/\",\"name\":\"Tour Travel And More\",\"description\":\"Private sightseeing tours and luxury transfers in Spain\",\"publisher\":{\"@id\":\"https:\/\/tourtravelandmore.com\/es\/#organization\"},\"potentialAction\":[{\"@type\":\"SearchAction\",\"target\":{\"@type\":\"EntryPoint\",\"urlTemplate\":\"https:\/\/tourtravelandmore.com\/es\/?s={search_term_string}\"},\"query-input\":{\"@type\":\"PropertyValueSpecification\",\"valueRequired\":true,\"valueName\":\"search_term_string\"}}],\"inLanguage\":\"es\"},{\"@type\":\"Organization\",\"@id\":\"https:\/\/tourtravelandmore.com\/es\/#organization\",\"name\":\"Tour Travel And More\",\"url\":\"https:\/\/tourtravelandmore.com\/es\/\",\"logo\":{\"@type\":\"ImageObject\",\"inLanguage\":\"es\",\"@id\":\"https:\/\/tourtravelandmore.com\/es\/#\/schema\/logo\/image\/\",\"url\":\"https:\/\/tourtravelandmore.com\/wp-content\/uploads\/2022\/12\/cropped-logo-cabecera-new.png\",\"contentUrl\":\"https:\/\/tourtravelandmore.com\/wp-content\/uploads\/2022\/12\/cropped-logo-cabecera-new.png\",\"width\":430,\"height\":61,\"caption\":\"Tour Travel And More\"},\"image\":{\"@id\":\"https:\/\/tourtravelandmore.com\/es\/#\/schema\/logo\/image\/\"},\"sameAs\":[\"https:\/\/www.facebook.com\/tourtravelandmore\/\",\"https:\/\/x.com\/TourTravel_More\"]}]}<\/script>\n<!-- \/ Yoast SEO Premium plugin. -->","yoast_head_json":{"title":"\u27a1\ufe0f Tour Privado a pie del Casco Antiguo de Ibiza con gu\u00eda oficial | Tour Travel & More","description":"Disfrute de este Tour Privado a pie del Casco Antiguo de Ibiza con un gu\u00eda oficial local. \u00a1Conozca lo mejor de Ibiza con un profesional! \u2705","robots":{"index":"index","follow":"follow","max-snippet":"max-snippet:-1","max-image-preview":"max-image-preview:large","max-video-preview":"max-video-preview:-1"},"canonical":"https:\/\/tourtravelandmore.com\/es\/tours\/espana-es\/ibiza-es\/ibiza-actividades-es\/tour-privado-a-pie-del-casco-antiguo\/","og_locale":"es_ES","og_type":"article","og_title":"Tour Privado a pie del Casco Antiguo de Ibiza","og_description":"Disfrute de este Tour Privado a pie del Casco Antiguo de Ibiza con un gu\u00eda oficial local. \u00a1Conozca lo mejor de Ibiza con un profesional! \u2705","og_url":"https:\/\/tourtravelandmore.com\/es\/tours\/espana-es\/ibiza-es\/ibiza-actividades-es\/tour-privado-a-pie-del-casco-antiguo\/","og_site_name":"Tour Travel And More","article_publisher":"https:\/\/www.facebook.com\/tourtravelandmore\/","article_modified_time":"2024-11-05T12:16:20+00:00","og_image":[{"width":2560,"height":1920,"url":"https:\/\/tourtravelandmore.com\/wp-content\/uploads\/2020\/12\/ibiza-3.jpg","type":"image\/jpeg"}],"twitter_card":"summary_large_image","twitter_site":"@TourTravel_More","twitter_misc":{"Tiempo de lectura":"2 minutos"},"schema":{"@context":"https:\/\/schema.org","@graph":[{"@type":"WebPage","@id":"https:\/\/tourtravelandmore.com\/es\/tours\/espana-es\/ibiza-es\/ibiza-actividades-es\/tour-privado-a-pie-del-casco-antiguo\/","url":"https:\/\/tourtravelandmore.com\/es\/tours\/espana-es\/ibiza-es\/ibiza-actividades-es\/tour-privado-a-pie-del-casco-antiguo\/","name":"\u27a1\ufe0f Tour Privado a pie del Casco Antiguo de Ibiza con gu\u00eda oficial | Tour Travel & More","isPartOf":{"@id":"https:\/\/tourtravelandmore.com\/es\/#website"},"primaryImageOfPage":{"@id":"https:\/\/tourtravelandmore.com\/es\/tours\/espana-es\/ibiza-es\/ibiza-actividades-es\/tour-privado-a-pie-del-casco-antiguo\/#primaryimage"},"image":{"@id":"https:\/\/tourtravelandmore.com\/es\/tours\/espana-es\/ibiza-es\/ibiza-actividades-es\/tour-privado-a-pie-del-casco-antiguo\/#primaryimage"},"thumbnailUrl":"https:\/\/tourtravelandmore.com\/wp-content\/uploads\/2020\/12\/ibiza-3.jpg","datePublished":"2020-12-07T09:22:34+00:00","dateModified":"2024-11-05T12:16:20+00:00","description":"Disfrute de este Tour Privado a pie del Casco Antiguo de Ibiza con un gu\u00eda oficial local. \u00a1Conozca lo mejor de Ibiza con un profesional! \u2705","breadcrumb":{"@id":"https:\/\/tourtravelandmore.com\/es\/tours\/espana-es\/ibiza-es\/ibiza-actividades-es\/tour-privado-a-pie-del-casco-antiguo\/#breadcrumb"},"inLanguage":"es","potentialAction":[{"@type":"ReadAction","target":["https:\/\/tourtravelandmore.com\/es\/tours\/espana-es\/ibiza-es\/ibiza-actividades-es\/tour-privado-a-pie-del-casco-antiguo\/"]}]},{"@type":"ImageObject","inLanguage":"es","@id":"https:\/\/tourtravelandmore.com\/es\/tours\/espana-es\/ibiza-es\/ibiza-actividades-es\/tour-privado-a-pie-del-casco-antiguo\/#primaryimage","url":"https:\/\/tourtravelandmore.com\/wp-content\/uploads\/2020\/12\/ibiza-3.jpg","contentUrl":"https:\/\/tourtravelandmore.com\/wp-content\/uploads\/2020\/12\/ibiza-3.jpg","width":2560,"height":1920},{"@type":"BreadcrumbList","@id":"https:\/\/tourtravelandmore.com\/es\/tours\/espana-es\/ibiza-es\/ibiza-actividades-es\/tour-privado-a-pie-del-casco-antiguo\/#breadcrumb","itemListElement":[{"@type":"ListItem","position":1,"name":"Home","item":"https:\/\/tourtravelandmore.com\/es\/"},{"@type":"ListItem","position":2,"name":"Tours","item":"https:\/\/tourtravelandmore.com\/es\/tours\/"},{"@type":"ListItem","position":3,"name":"Tour Privado a pie del Casco Antiguo de Ibiza"}]},{"@type":"WebSite","@id":"https:\/\/tourtravelandmore.com\/es\/#website","url":"https:\/\/tourtravelandmore.com\/es\/","name":"Tour Travel And More","description":"Private sightseeing tours and luxury transfers in Spain","publisher":{"@id":"https:\/\/tourtravelandmore.com\/es\/#organization"},"potentialAction":[{"@type":"SearchAction","target":{"@type":"EntryPoint","urlTemplate":"https:\/\/tourtravelandmore.com\/es\/?s={search_term_string}"},"query-input":{"@type":"PropertyValueSpecification","valueRequired":true,"valueName":"search_term_string"}}],"inLanguage":"es"},{"@type":"Organization","@id":"https:\/\/tourtravelandmore.com\/es\/#organization","name":"Tour Travel And More","url":"https:\/\/tourtravelandmore.com\/es\/","logo":{"@type":"ImageObject","inLanguage":"es","@id":"https:\/\/tourtravelandmore.com\/es\/#\/schema\/logo\/image\/","url":"https:\/\/tourtravelandmore.com\/wp-content\/uploads\/2022\/12\/cropped-logo-cabecera-new.png","contentUrl":"https:\/\/tourtravelandmore.com\/wp-content\/uploads\/2022\/12\/cropped-logo-cabecera-new.png","width":430,"height":61,"caption":"Tour Travel And More"},"image":{"@id":"https:\/\/tourtravelandmore.com\/es\/#\/schema\/logo\/image\/"},"sameAs":["https:\/\/www.facebook.com\/tourtravelandmore\/","https:\/\/x.com\/TourTravel_More"]}]}},"_links":{"self":[{"href":"https:\/\/tourtravelandmore.com\/es\/wp-json\/wp\/v2\/product\/89011","targetHints":{"allow":["GET"]}}],"collection":[{"href":"https:\/\/tourtravelandmore.com\/es\/wp-json\/wp\/v2\/product"}],"about":[{"href":"https:\/\/tourtravelandmore.com\/es\/wp-json\/wp\/v2\/types\/product"}],"replies":[{"embeddable":true,"href":"https:\/\/tourtravelandmore.com\/es\/wp-json\/wp\/v2\/comments?post=89011"}],"wp:featuredmedia":[{"embeddable":true,"href":"https:\/\/tourtravelandmore.com\/es\/wp-json\/wp\/v2\/media\/89025"}],"wp:attachment":[{"href":"https:\/\/tourtravelandmore.com\/es\/wp-json\/wp\/v2\/media?parent=89011"}],"wp:term":[{"taxonomy":"product_brand","embeddable":true,"href":"https:\/\/tourtravelandmore.com\/es\/wp-json\/wp\/v2\/product_brand?post=89011"},{"taxonomy":"product_cat","embeddable":true,"href":"https:\/\/tourtravelandmore.com\/es\/wp-json\/wp\/v2\/product_cat?post=89011"},{"taxonomy":"product_tag","embeddable":true,"href":"https:\/\/tourtravelandmore.com\/es\/wp-json\/wp\/v2\/product_tag?post=89011"}],"curies":[{"name":"wp","href":"https:\/\/api.w.org\/{rel}","templated":true}]}}