{"id":8891,"date":"2016-11-07T13:32:50","date_gmt":"2016-11-07T16:20:54","guid":{"rendered":"http:\/\/tourtravelandmore.com\/es\/?post_type=product&#038;p=8891"},"modified":"2023-02-28T07:21:12","modified_gmt":"2023-02-28T06:21:12","slug":"tour-alicante-desde-valencia-tour-privado-con-guia-y-vehiculo","status":"publish","type":"product","link":"https:\/\/tourtravelandmore.com\/es\/tours\/espana-es\/valencia-es\/tour-alicante-desde-valencia-tour-privado-con-guia-y-vehiculo\/","title":{"rendered":"Tour Privado de Alicante desde Valencia"},"content":{"rendered":"<h2>Descripci\u00f3n del Tour Privado de Alicante desde Valencia<\/h2>\n<p>Disfruta de este tour Alicante desde Valencia con gu\u00eda oficial privado y veh\u00edculo privado con ch\u00f3fer. Descubrir\u00e1s la ciudad de Alicante junto a nuestro gu\u00eda oficial, la historia, principales monumentos, calles y mucho m\u00e1s!<\/p>\n<p>La duraci\u00f3n de este tour Alicante desde Valencia es de 8 horas. Nuestro conductor le recoger\u00e1 en Valencia y nos dirigiremos hacia Alicante, d\u00f3nde estar\u00e1 esperando nuestro gu\u00eda para empezar un tour de 4 horas de la ciudad.<\/p>\n<p>Este tour es completamente privado, pueden escoger la hora de recogida y lugar de comienzo.<\/p>\n<h2>Puntos de inter\u00e9s del Tour Privado de Alicante desde Valencia<\/h2>\n<p>A la hora escogida nuestro conductor le recoger\u00e1 en Valencia desde su Hotel, Aeropuerto, Terminal de cruceros o cualquier sitio de Valencia. Una vez lleguemos a Alicante, estar\u00e1 esperando nuestro gu\u00eda para empezar el recorrido de 4 horas de la ciudad.<\/p>\n<p>Empezaremos por el <strong>Castillo de Santa B\u00e1rbara<\/strong>, esta fortaleza medieval tiene sus or\u00edgenes a finales del siglo IX, durante la ocupaci\u00f3n musulmana, aunque fue reconquistada por Alfonso de Castilla el d\u00eda de la festividad de Santa B\u00e1rbara y de ah\u00ed su nombre. Si lo desea podemos gestionar el acceso al monumento, solo lo tiene que indicar en el formulario de contacto.<\/p>\n<p>Despu\u00e9s nos dirigiremos al casco hist\u00f3rico de la ciudad. Empezaremos por la\u00a0<strong> Plaza del Ayuntamiento<\/strong>, punto de reuni\u00f3n de la ciudad, en la que merece la pena entrar en el Ayuntamiento para ver el <strong>Sal\u00f3n Azul<\/strong>, una estancia decorada para acoger a la Reina Isabel.<\/p>\n<p>Al salir de la plaza veremos, la <strong>Concatedral de San Nicol\u00e1<\/strong>s del siglo XVII y su bonito claustro, para despu\u00e9s subir por la<strong> Calle Labradores<\/strong>, llena de bares y restaurantes.<\/p>\n<p>Finalizaremos el recorrido desde casco hist\u00f3rico visitando la <strong>Bas\u00edlica de Santa Mar\u00eda<\/strong> que mezcla el estilo g\u00f3tico y barroco, y terminar dando un paseo por la comercial <strong>Calle Mayor<\/strong>.<\/p>\n<p>Por \u00faltimo visitaremos el famoso <strong>Puerto de Alicante<\/strong> y lo recorremos a pie.<\/p>\n<p>A lo largo de su tour podr\u00e1n parar a comer en un lugar t\u00edpico de la zona y disfrutar de la Gastronom\u00eda.<\/p>\n<p>Si dispone de m\u00e1s d\u00edas, puedes consultar <strong><a href=\"https:\/\/tourtravelandmore.com\/es\/ciudad\/espana-es\/valencia-es\/\">aqu\u00ed<\/a><\/strong>, el resto de tours privados que ofrecemos en Valencia.<\/p>\n<p>&nbsp;<\/p>\n","protected":false},"excerpt":{"rendered":"<p>Descubre la ciudad de <strong>Alicante, desde Valencia,<\/strong> gracias a este tour privado con gu\u00eda oficial y veh\u00edculo. Descubre sus monumentos, calles e historia. Podr\u00e1s conocer el famoso Castillo de Santa B\u00e1rbara y el casco Hist\u00f3rico de la ciudad, siempre junto a su gu\u00eda oficial.<\/p>\n<p>&nbsp;<\/p>\n","protected":false},"featured_media":59398,"comment_status":"open","ping_status":"closed","template":"","meta":{"_acf_changed":false},"product_brand":[],"product_cat":[321,322,324,323,545],"product_tag":[],"class_list":{"0":"post-8891","1":"product","2":"type-product","3":"status-publish","4":"has-post-thumbnail","6":"product_cat-valencia-es","7":"product_cat-valencia-actividades-es","8":"product_cat-valencia-rutas-turisticas-privadas-es","9":"product_cat-valencia-excursiones-es","10":"product_cat-valencia-excursiones-privadas-cruceros-es","12":"first","13":"instock","14":"shipping-taxable","15":"purchasable","16":"product-type-simple"},"acf":[],"yoast_head":"<!-- This site is optimized with the Yoast SEO Premium plugin v25.3.1 (Yoast SEO v25.3.1) - https:\/\/yoast.com\/wordpress\/plugins\/seo\/ -->\n<title>Tour Alicante desde Valencia con guia y vehiculo | Tour Travel and More<\/title>\n<meta name=\"description\" content=\"Disfruta de Alicante, en la Comunidad Valenciana, gracias a un tour privado desde Valencia a cargo de un gu\u00eda oficial privado y su vehiculo con chofer \u2705\" \/>\n<meta name=\"robots\" content=\"index, follow, max-snippet:-1, max-image-preview:large, max-video-preview:-1\" \/>\n<link rel=\"canonical\" href=\"https:\/\/tourtravelandmore.com\/es\/tours\/espana-es\/valencia-es\/tour-alicante-desde-valencia-tour-privado-con-guia-y-vehiculo\/\" \/>\n<meta property=\"og:locale\" content=\"es_ES\" \/>\n<meta property=\"og:type\" content=\"article\" \/>\n<meta property=\"og:title\" content=\"Tour Privado de Alicante desde Valencia\" \/>\n<meta property=\"og:description\" content=\"Disfruta de Alicante, en la Comunidad Valenciana, gracias a un tour privado desde Valencia a cargo de un gu\u00eda oficial privado y su vehiculo con chofer \u2705\" \/>\n<meta property=\"og:url\" content=\"https:\/\/tourtravelandmore.com\/es\/tours\/espana-es\/valencia-es\/tour-alicante-desde-valencia-tour-privado-con-guia-y-vehiculo\/\" \/>\n<meta property=\"og:site_name\" content=\"Tour Travel And More\" \/>\n<meta property=\"article:publisher\" content=\"https:\/\/www.facebook.com\/tourtravelandmore\/\" \/>\n<meta property=\"article:modified_time\" content=\"2023-02-28T06:21:12+00:00\" \/>\n<meta property=\"og:image\" content=\"https:\/\/tourtravelandmore.com\/wp-content\/uploads\/2016\/11\/alicante-provincia.jpg\" \/>\n\t<meta property=\"og:image:width\" content=\"1760\" \/>\n\t<meta property=\"og:image:height\" content=\"600\" \/>\n\t<meta property=\"og:image:type\" content=\"image\/jpeg\" \/>\n<meta name=\"twitter:card\" content=\"summary_large_image\" \/>\n<meta name=\"twitter:site\" content=\"@TourTravel_More\" \/>\n<meta name=\"twitter:label1\" content=\"Tiempo de lectura\" \/>\n\t<meta name=\"twitter:data1\" content=\"2 minutos\" \/>\n<script type=\"application\/ld+json\" class=\"yoast-schema-graph\">{\"@context\":\"https:\/\/schema.org\",\"@graph\":[{\"@type\":\"WebPage\",\"@id\":\"https:\/\/tourtravelandmore.com\/es\/tours\/espana-es\/valencia-es\/tour-alicante-desde-valencia-tour-privado-con-guia-y-vehiculo\/\",\"url\":\"https:\/\/tourtravelandmore.com\/es\/tours\/espana-es\/valencia-es\/tour-alicante-desde-valencia-tour-privado-con-guia-y-vehiculo\/\",\"name\":\"Tour Alicante desde Valencia con guia y vehiculo | Tour Travel and More\",\"isPartOf\":{\"@id\":\"https:\/\/tourtravelandmore.com\/es\/#website\"},\"primaryImageOfPage\":{\"@id\":\"https:\/\/tourtravelandmore.com\/es\/tours\/espana-es\/valencia-es\/tour-alicante-desde-valencia-tour-privado-con-guia-y-vehiculo\/#primaryimage\"},\"image\":{\"@id\":\"https:\/\/tourtravelandmore.com\/es\/tours\/espana-es\/valencia-es\/tour-alicante-desde-valencia-tour-privado-con-guia-y-vehiculo\/#primaryimage\"},\"thumbnailUrl\":\"https:\/\/tourtravelandmore.com\/wp-content\/uploads\/2016\/11\/alicante-provincia.jpg\",\"datePublished\":\"2016-11-07T16:20:54+00:00\",\"dateModified\":\"2023-02-28T06:21:12+00:00\",\"description\":\"Disfruta de Alicante, en la Comunidad Valenciana, gracias a un tour privado desde Valencia a cargo de un gu\u00eda oficial privado y su vehiculo con chofer \u2705\",\"breadcrumb\":{\"@id\":\"https:\/\/tourtravelandmore.com\/es\/tours\/espana-es\/valencia-es\/tour-alicante-desde-valencia-tour-privado-con-guia-y-vehiculo\/#breadcrumb\"},\"inLanguage\":\"es\",\"potentialAction\":[{\"@type\":\"ReadAction\",\"target\":[\"https:\/\/tourtravelandmore.com\/es\/tours\/espana-es\/valencia-es\/tour-alicante-desde-valencia-tour-privado-con-guia-y-vehiculo\/\"]}]},{\"@type\":\"ImageObject\",\"inLanguage\":\"es\",\"@id\":\"https:\/\/tourtravelandmore.com\/es\/tours\/espana-es\/valencia-es\/tour-alicante-desde-valencia-tour-privado-con-guia-y-vehiculo\/#primaryimage\",\"url\":\"https:\/\/tourtravelandmore.com\/wp-content\/uploads\/2016\/11\/alicante-provincia.jpg\",\"contentUrl\":\"https:\/\/tourtravelandmore.com\/wp-content\/uploads\/2016\/11\/alicante-provincia.jpg\",\"width\":1760,\"height\":600},{\"@type\":\"BreadcrumbList\",\"@id\":\"https:\/\/tourtravelandmore.com\/es\/tours\/espana-es\/valencia-es\/tour-alicante-desde-valencia-tour-privado-con-guia-y-vehiculo\/#breadcrumb\",\"itemListElement\":[{\"@type\":\"ListItem\",\"position\":1,\"name\":\"Home\",\"item\":\"https:\/\/tourtravelandmore.com\/es\/\"},{\"@type\":\"ListItem\",\"position\":2,\"name\":\"Tours\",\"item\":\"https:\/\/tourtravelandmore.com\/es\/tours\/\"},{\"@type\":\"ListItem\",\"position\":3,\"name\":\"Tour Privado de Alicante desde Valencia\"}]},{\"@type\":\"WebSite\",\"@id\":\"https:\/\/tourtravelandmore.com\/es\/#website\",\"url\":\"https:\/\/tourtravelandmore.com\/es\/\",\"name\":\"Tour Travel And More\",\"description\":\"Private sightseeing tours and luxury transfers in Spain\",\"publisher\":{\"@id\":\"https:\/\/tourtravelandmore.com\/es\/#organization\"},\"potentialAction\":[{\"@type\":\"SearchAction\",\"target\":{\"@type\":\"EntryPoint\",\"urlTemplate\":\"https:\/\/tourtravelandmore.com\/es\/?s={search_term_string}\"},\"query-input\":{\"@type\":\"PropertyValueSpecification\",\"valueRequired\":true,\"valueName\":\"search_term_string\"}}],\"inLanguage\":\"es\"},{\"@type\":\"Organization\",\"@id\":\"https:\/\/tourtravelandmore.com\/es\/#organization\",\"name\":\"Tour Travel And More\",\"url\":\"https:\/\/tourtravelandmore.com\/es\/\",\"logo\":{\"@type\":\"ImageObject\",\"inLanguage\":\"es\",\"@id\":\"https:\/\/tourtravelandmore.com\/es\/#\/schema\/logo\/image\/\",\"url\":\"https:\/\/tourtravelandmore.com\/wp-content\/uploads\/2022\/12\/cropped-logo-cabecera-new.png\",\"contentUrl\":\"https:\/\/tourtravelandmore.com\/wp-content\/uploads\/2022\/12\/cropped-logo-cabecera-new.png\",\"width\":430,\"height\":61,\"caption\":\"Tour Travel And More\"},\"image\":{\"@id\":\"https:\/\/tourtravelandmore.com\/es\/#\/schema\/logo\/image\/\"},\"sameAs\":[\"https:\/\/www.facebook.com\/tourtravelandmore\/\",\"https:\/\/x.com\/TourTravel_More\"]}]}<\/script>\n<!-- \/ Yoast SEO Premium plugin. -->","yoast_head_json":{"title":"Tour Alicante desde Valencia con guia y vehiculo | Tour Travel and More","description":"Disfruta de Alicante, en la Comunidad Valenciana, gracias a un tour privado desde Valencia a cargo de un gu\u00eda oficial privado y su vehiculo con chofer \u2705","robots":{"index":"index","follow":"follow","max-snippet":"max-snippet:-1","max-image-preview":"max-image-preview:large","max-video-preview":"max-video-preview:-1"},"canonical":"https:\/\/tourtravelandmore.com\/es\/tours\/espana-es\/valencia-es\/tour-alicante-desde-valencia-tour-privado-con-guia-y-vehiculo\/","og_locale":"es_ES","og_type":"article","og_title":"Tour Privado de Alicante desde Valencia","og_description":"Disfruta de Alicante, en la Comunidad Valenciana, gracias a un tour privado desde Valencia a cargo de un gu\u00eda oficial privado y su vehiculo con chofer \u2705","og_url":"https:\/\/tourtravelandmore.com\/es\/tours\/espana-es\/valencia-es\/tour-alicante-desde-valencia-tour-privado-con-guia-y-vehiculo\/","og_site_name":"Tour Travel And More","article_publisher":"https:\/\/www.facebook.com\/tourtravelandmore\/","article_modified_time":"2023-02-28T06:21:12+00:00","og_image":[{"width":1760,"height":600,"url":"https:\/\/tourtravelandmore.com\/wp-content\/uploads\/2016\/11\/alicante-provincia.jpg","type":"image\/jpeg"}],"twitter_card":"summary_large_image","twitter_site":"@TourTravel_More","twitter_misc":{"Tiempo de lectura":"2 minutos"},"schema":{"@context":"https:\/\/schema.org","@graph":[{"@type":"WebPage","@id":"https:\/\/tourtravelandmore.com\/es\/tours\/espana-es\/valencia-es\/tour-alicante-desde-valencia-tour-privado-con-guia-y-vehiculo\/","url":"https:\/\/tourtravelandmore.com\/es\/tours\/espana-es\/valencia-es\/tour-alicante-desde-valencia-tour-privado-con-guia-y-vehiculo\/","name":"Tour Alicante desde Valencia con guia y vehiculo | Tour Travel and More","isPartOf":{"@id":"https:\/\/tourtravelandmore.com\/es\/#website"},"primaryImageOfPage":{"@id":"https:\/\/tourtravelandmore.com\/es\/tours\/espana-es\/valencia-es\/tour-alicante-desde-valencia-tour-privado-con-guia-y-vehiculo\/#primaryimage"},"image":{"@id":"https:\/\/tourtravelandmore.com\/es\/tours\/espana-es\/valencia-es\/tour-alicante-desde-valencia-tour-privado-con-guia-y-vehiculo\/#primaryimage"},"thumbnailUrl":"https:\/\/tourtravelandmore.com\/wp-content\/uploads\/2016\/11\/alicante-provincia.jpg","datePublished":"2016-11-07T16:20:54+00:00","dateModified":"2023-02-28T06:21:12+00:00","description":"Disfruta de Alicante, en la Comunidad Valenciana, gracias a un tour privado desde Valencia a cargo de un gu\u00eda oficial privado y su vehiculo con chofer \u2705","breadcrumb":{"@id":"https:\/\/tourtravelandmore.com\/es\/tours\/espana-es\/valencia-es\/tour-alicante-desde-valencia-tour-privado-con-guia-y-vehiculo\/#breadcrumb"},"inLanguage":"es","potentialAction":[{"@type":"ReadAction","target":["https:\/\/tourtravelandmore.com\/es\/tours\/espana-es\/valencia-es\/tour-alicante-desde-valencia-tour-privado-con-guia-y-vehiculo\/"]}]},{"@type":"ImageObject","inLanguage":"es","@id":"https:\/\/tourtravelandmore.com\/es\/tours\/espana-es\/valencia-es\/tour-alicante-desde-valencia-tour-privado-con-guia-y-vehiculo\/#primaryimage","url":"https:\/\/tourtravelandmore.com\/wp-content\/uploads\/2016\/11\/alicante-provincia.jpg","contentUrl":"https:\/\/tourtravelandmore.com\/wp-content\/uploads\/2016\/11\/alicante-provincia.jpg","width":1760,"height":600},{"@type":"BreadcrumbList","@id":"https:\/\/tourtravelandmore.com\/es\/tours\/espana-es\/valencia-es\/tour-alicante-desde-valencia-tour-privado-con-guia-y-vehiculo\/#breadcrumb","itemListElement":[{"@type":"ListItem","position":1,"name":"Home","item":"https:\/\/tourtravelandmore.com\/es\/"},{"@type":"ListItem","position":2,"name":"Tours","item":"https:\/\/tourtravelandmore.com\/es\/tours\/"},{"@type":"ListItem","position":3,"name":"Tour Privado de Alicante desde Valencia"}]},{"@type":"WebSite","@id":"https:\/\/tourtravelandmore.com\/es\/#website","url":"https:\/\/tourtravelandmore.com\/es\/","name":"Tour Travel And More","description":"Private sightseeing tours and luxury transfers in Spain","publisher":{"@id":"https:\/\/tourtravelandmore.com\/es\/#organization"},"potentialAction":[{"@type":"SearchAction","target":{"@type":"EntryPoint","urlTemplate":"https:\/\/tourtravelandmore.com\/es\/?s={search_term_string}"},"query-input":{"@type":"PropertyValueSpecification","valueRequired":true,"valueName":"search_term_string"}}],"inLanguage":"es"},{"@type":"Organization","@id":"https:\/\/tourtravelandmore.com\/es\/#organization","name":"Tour Travel And More","url":"https:\/\/tourtravelandmore.com\/es\/","logo":{"@type":"ImageObject","inLanguage":"es","@id":"https:\/\/tourtravelandmore.com\/es\/#\/schema\/logo\/image\/","url":"https:\/\/tourtravelandmore.com\/wp-content\/uploads\/2022\/12\/cropped-logo-cabecera-new.png","contentUrl":"https:\/\/tourtravelandmore.com\/wp-content\/uploads\/2022\/12\/cropped-logo-cabecera-new.png","width":430,"height":61,"caption":"Tour Travel And More"},"image":{"@id":"https:\/\/tourtravelandmore.com\/es\/#\/schema\/logo\/image\/"},"sameAs":["https:\/\/www.facebook.com\/tourtravelandmore\/","https:\/\/x.com\/TourTravel_More"]}]}},"_links":{"self":[{"href":"https:\/\/tourtravelandmore.com\/es\/wp-json\/wp\/v2\/product\/8891","targetHints":{"allow":["GET"]}}],"collection":[{"href":"https:\/\/tourtravelandmore.com\/es\/wp-json\/wp\/v2\/product"}],"about":[{"href":"https:\/\/tourtravelandmore.com\/es\/wp-json\/wp\/v2\/types\/product"}],"replies":[{"embeddable":true,"href":"https:\/\/tourtravelandmore.com\/es\/wp-json\/wp\/v2\/comments?post=8891"}],"wp:featuredmedia":[{"embeddable":true,"href":"https:\/\/tourtravelandmore.com\/es\/wp-json\/wp\/v2\/media\/59398"}],"wp:attachment":[{"href":"https:\/\/tourtravelandmore.com\/es\/wp-json\/wp\/v2\/media?parent=8891"}],"wp:term":[{"taxonomy":"product_brand","embeddable":true,"href":"https:\/\/tourtravelandmore.com\/es\/wp-json\/wp\/v2\/product_brand?post=8891"},{"taxonomy":"product_cat","embeddable":true,"href":"https:\/\/tourtravelandmore.com\/es\/wp-json\/wp\/v2\/product_cat?post=8891"},{"taxonomy":"product_tag","embeddable":true,"href":"https:\/\/tourtravelandmore.com\/es\/wp-json\/wp\/v2\/product_tag?post=8891"}],"curies":[{"name":"wp","href":"https:\/\/api.w.org\/{rel}","templated":true}]}}