{"id":88868,"date":"2020-12-03T11:07:39","date_gmt":"2020-12-03T10:07:43","guid":{"rendered":"https:\/\/tourtravelandmore.com\/?post_type=product&#038;p=88868"},"modified":"2024-08-30T16:54:43","modified_gmt":"2024-08-30T14:54:43","slug":"tour-privado-de-toronto-desde-las-cataratas-del-niagara","status":"publish","type":"product","link":"https:\/\/tourtravelandmore.com\/es\/tours\/canada-es\/cataratas-niagara-canada-es\/cataratas-niagara-canada-actividades-es\/tour-privado-de-toronto-desde-las-cataratas-del-niagara\/","title":{"rendered":"Tour privado a Toronto desde las cataratas del Ni\u00e1gara"},"content":{"rendered":"<h2 id=\"tw-target-text\" class=\"tw-data-text tw-text-large XcVN5d tw-ta\" dir=\"ltr\" data-placeholder=\"Traducci\u00f3n\"><span lang=\"es\">Descripci\u00f3n del Tour privado a Toronto desde las cataratas del Ni\u00e1gara<\/span><\/h2>\n<p>Realice nuestro tour privado de Toronto desde las Cataratas del Ni\u00e1gara y conozca la incre\u00edble ciudad de Toronto. \u00a1Es una manera maravillosa de conocer la ciudad! Esta es una manera maravillosa de aprender el interior y los secretos que tiene Toronto. Nuestro veh\u00edculo privado y gu\u00eda tur\u00edstico estar\u00e1n all\u00ed a su disposici\u00f3n.<\/p>\n<p><em><strong>En primer lugar, lo recogeremos de su hotel o lugar de elecci\u00f3n en las Cataratas del Ni\u00e1gara.<\/strong><\/em><\/p>\n<p>Nuestro tour privado de Toronto comenzar\u00e1 una vez que lleguemos a Toronto. Disfrute de las mejores zonas de la ciudad de Toronto. Toronto es una ciudad asombrosa. Canad\u00e1 es una ciudad multicultural incre\u00edble y, por supuesto, \u00a1Toronto no es diferente!<\/p>\n<p>Aproveche nuestro conductor y un gu\u00eda tur\u00edstico independiente lo acompa\u00f1ar\u00e1 durante la experiencia de d\u00eda compleo.<\/p>\n<h2>Puntos emblem\u00e1ticos y de inter\u00e9s en el Tour Privado<\/h2>\n<p>Este tour privado de Toronto desde las Cataratas del Ni\u00e1gara comenzar\u00e1 en su hotel en las Cataratas del Ni\u00e1gara. Es genial conocer la ciudad de Toronto. Luego conoceremos lo mejor de la ciudad de Toronto y comenzaremos este recorrido.<\/p>\n<p>Nuestro conductor privado y gu\u00eda tur\u00edstico estar\u00e1n all\u00ed para llevarlo a los lugares y sitios m\u00e1s emblem\u00e1ticos de Toronto.<\/p>\n<p>Eche un vistazo a lo que puede esperar durante este recorrido por la ciudad de Toronto:<\/p>\n<ul>\n<li><strong>Museo Real de Ontario. \u00a1Vuelve a la historia!<\/strong><\/li>\n<li><strong>Mercado de Kensington<\/strong><\/li>\n<li><strong>Torre CN. Tomemos un momento para disfrutar de una vista de Toronto desde arriba. Si te atreves, \u00a1haz una parada en el paseo Edge! \u00a1No te preocupes, estar\u00e1s muy cansado con un arn\u00e9s!<\/strong><\/li>\n<li><strong>Distrito de la destiler\u00eda<\/strong><\/li>\n<li><strong>Parque alto<\/strong><\/li>\n<li><strong>Casa Loma. Este es un incre\u00edble castillo de renacimiento g\u00f3tico<\/strong><\/li>\n<li><strong>Sal\u00f3n de la fama del hockey<\/strong><\/li>\n<li><strong>Rogers Center<\/strong><\/li>\n<li><strong>\u00a1Mucho m\u00e1s!<\/strong><\/li>\n<\/ul>\n<p>Despu\u00e9s de ver los mejores sitios de Toronto, lo llevaremos de regreso a su hotel en las Cataratas del Ni\u00e1gara.<\/p>\n<p>Nuestros expertos en viajes est\u00e1n siempre a su disposici\u00f3n para una gran experiencia. Tenga una vista en muchos otros tours privados que ofrecemos en Toronto.<\/p>\n","protected":false},"excerpt":{"rendered":"<p id=\"tw-target-text\" class=\"tw-data-text tw-text-large XcVN5d tw-ta\" dir=\"ltr\" data-placeholder=\"Traducci\u00f3n\"><span lang=\"es\">\u00a1Realice este <strong>tour privado a Toronto desde las cataratas del Ni\u00e1gara<\/strong> y tenga la oportunidad de disfrutar de lo mejor de la ciudad de Toronto! \u00a1Este es un gran tour privado!<\/span><\/p>\n","protected":false},"featured_media":87022,"comment_status":"open","ping_status":"closed","template":"","meta":{"_acf_changed":false},"product_brand":[],"product_cat":[2789,2896,2898,1602,2891,2894],"product_tag":[],"class_list":{"0":"post-88868","1":"product","2":"type-product","3":"status-publish","4":"has-post-thumbnail","6":"product_cat-canada-es","7":"product_cat-cataratas-niagara-canada-es","8":"product_cat-cataratas-niagara-canada-actividades-es","9":"product_cat-eeuu-es","10":"product_cat-cataratas-niagara-eeuu-es","11":"product_cat-cataratas-del-niagara-eeuu-es","13":"first","14":"instock","15":"shipping-taxable","16":"purchasable","17":"product-type-simple"},"acf":[],"yoast_head":"<!-- This site is optimized with the Yoast SEO Premium plugin v25.3.1 (Yoast SEO v25.3.1) - https:\/\/yoast.com\/wordpress\/plugins\/seo\/ -->\n<title>Tour privado a Toronto desde las Cataratas del Ni\u00e1gara | TTM<\/title>\n<meta name=\"description\" content=\"Reserve este tour privado de Toronto desde las cataratas del Ni\u00e1gara y tenga la oportunidad de disfrutar de lo mejor de la ciudad de Toronto! \u2705\" \/>\n<meta name=\"robots\" content=\"index, follow, max-snippet:-1, max-image-preview:large, max-video-preview:-1\" \/>\n<link rel=\"canonical\" href=\"https:\/\/tourtravelandmore.com\/es\/tours\/canada-es\/cataratas-niagara-canada-es\/cataratas-niagara-canada-actividades-es\/tour-privado-de-toronto-desde-las-cataratas-del-niagara\/\" \/>\n<meta property=\"og:locale\" content=\"es_ES\" \/>\n<meta property=\"og:type\" content=\"article\" \/>\n<meta property=\"og:title\" content=\"Tour privado a Toronto desde las cataratas del Ni\u00e1gara\" \/>\n<meta property=\"og:description\" content=\"Reserve este tour privado de Toronto desde las cataratas del Ni\u00e1gara y tenga la oportunidad de disfrutar de lo mejor de la ciudad de Toronto! \u2705\" \/>\n<meta property=\"og:url\" content=\"https:\/\/tourtravelandmore.com\/es\/tours\/canada-es\/cataratas-niagara-canada-es\/cataratas-niagara-canada-actividades-es\/tour-privado-de-toronto-desde-las-cataratas-del-niagara\/\" \/>\n<meta property=\"og:site_name\" content=\"Tour Travel And More\" \/>\n<meta property=\"article:publisher\" content=\"https:\/\/www.facebook.com\/tourtravelandmore\/\" \/>\n<meta property=\"article:modified_time\" content=\"2024-08-30T14:54:43+00:00\" \/>\n<meta property=\"og:image\" content=\"https:\/\/tourtravelandmore.com\/wp-content\/uploads\/2020\/11\/Toronto-4-scaled.jpg\" \/>\n\t<meta property=\"og:image:width\" content=\"2560\" \/>\n\t<meta property=\"og:image:height\" content=\"1707\" \/>\n\t<meta property=\"og:image:type\" content=\"image\/jpeg\" \/>\n<meta name=\"twitter:card\" content=\"summary_large_image\" \/>\n<meta name=\"twitter:site\" content=\"@TourTravel_More\" \/>\n<meta name=\"twitter:label1\" content=\"Tiempo de lectura\" \/>\n\t<meta name=\"twitter:data1\" content=\"2 minutos\" \/>\n<script type=\"application\/ld+json\" class=\"yoast-schema-graph\">{\"@context\":\"https:\/\/schema.org\",\"@graph\":[{\"@type\":\"WebPage\",\"@id\":\"https:\/\/tourtravelandmore.com\/es\/tours\/canada-es\/cataratas-niagara-canada-es\/cataratas-niagara-canada-actividades-es\/tour-privado-de-toronto-desde-las-cataratas-del-niagara\/\",\"url\":\"https:\/\/tourtravelandmore.com\/es\/tours\/canada-es\/cataratas-niagara-canada-es\/cataratas-niagara-canada-actividades-es\/tour-privado-de-toronto-desde-las-cataratas-del-niagara\/\",\"name\":\"Tour privado a Toronto desde las Cataratas del Ni\u00e1gara | TTM\",\"isPartOf\":{\"@id\":\"https:\/\/tourtravelandmore.com\/es\/#website\"},\"primaryImageOfPage\":{\"@id\":\"https:\/\/tourtravelandmore.com\/es\/tours\/canada-es\/cataratas-niagara-canada-es\/cataratas-niagara-canada-actividades-es\/tour-privado-de-toronto-desde-las-cataratas-del-niagara\/#primaryimage\"},\"image\":{\"@id\":\"https:\/\/tourtravelandmore.com\/es\/tours\/canada-es\/cataratas-niagara-canada-es\/cataratas-niagara-canada-actividades-es\/tour-privado-de-toronto-desde-las-cataratas-del-niagara\/#primaryimage\"},\"thumbnailUrl\":\"https:\/\/tourtravelandmore.com\/wp-content\/uploads\/2020\/11\/Toronto-4-scaled.jpg\",\"datePublished\":\"2020-12-03T10:07:43+00:00\",\"dateModified\":\"2024-08-30T14:54:43+00:00\",\"description\":\"Reserve este tour privado de Toronto desde las cataratas del Ni\u00e1gara y tenga la oportunidad de disfrutar de lo mejor de la ciudad de Toronto! \u2705\",\"breadcrumb\":{\"@id\":\"https:\/\/tourtravelandmore.com\/es\/tours\/canada-es\/cataratas-niagara-canada-es\/cataratas-niagara-canada-actividades-es\/tour-privado-de-toronto-desde-las-cataratas-del-niagara\/#breadcrumb\"},\"inLanguage\":\"es\",\"potentialAction\":[{\"@type\":\"ReadAction\",\"target\":[\"https:\/\/tourtravelandmore.com\/es\/tours\/canada-es\/cataratas-niagara-canada-es\/cataratas-niagara-canada-actividades-es\/tour-privado-de-toronto-desde-las-cataratas-del-niagara\/\"]}]},{\"@type\":\"ImageObject\",\"inLanguage\":\"es\",\"@id\":\"https:\/\/tourtravelandmore.com\/es\/tours\/canada-es\/cataratas-niagara-canada-es\/cataratas-niagara-canada-actividades-es\/tour-privado-de-toronto-desde-las-cataratas-del-niagara\/#primaryimage\",\"url\":\"https:\/\/tourtravelandmore.com\/wp-content\/uploads\/2020\/11\/Toronto-4-scaled.jpg\",\"contentUrl\":\"https:\/\/tourtravelandmore.com\/wp-content\/uploads\/2020\/11\/Toronto-4-scaled.jpg\",\"width\":2560,\"height\":1707},{\"@type\":\"BreadcrumbList\",\"@id\":\"https:\/\/tourtravelandmore.com\/es\/tours\/canada-es\/cataratas-niagara-canada-es\/cataratas-niagara-canada-actividades-es\/tour-privado-de-toronto-desde-las-cataratas-del-niagara\/#breadcrumb\",\"itemListElement\":[{\"@type\":\"ListItem\",\"position\":1,\"name\":\"Home\",\"item\":\"https:\/\/tourtravelandmore.com\/es\/\"},{\"@type\":\"ListItem\",\"position\":2,\"name\":\"Tours\",\"item\":\"https:\/\/tourtravelandmore.com\/es\/tours\/\"},{\"@type\":\"ListItem\",\"position\":3,\"name\":\"Tour privado a Toronto desde las cataratas del Ni\u00e1gara\"}]},{\"@type\":\"WebSite\",\"@id\":\"https:\/\/tourtravelandmore.com\/es\/#website\",\"url\":\"https:\/\/tourtravelandmore.com\/es\/\",\"name\":\"Tour Travel And More\",\"description\":\"Private sightseeing tours and luxury transfers in Spain\",\"publisher\":{\"@id\":\"https:\/\/tourtravelandmore.com\/es\/#organization\"},\"potentialAction\":[{\"@type\":\"SearchAction\",\"target\":{\"@type\":\"EntryPoint\",\"urlTemplate\":\"https:\/\/tourtravelandmore.com\/es\/?s={search_term_string}\"},\"query-input\":{\"@type\":\"PropertyValueSpecification\",\"valueRequired\":true,\"valueName\":\"search_term_string\"}}],\"inLanguage\":\"es\"},{\"@type\":\"Organization\",\"@id\":\"https:\/\/tourtravelandmore.com\/es\/#organization\",\"name\":\"Tour Travel And More\",\"url\":\"https:\/\/tourtravelandmore.com\/es\/\",\"logo\":{\"@type\":\"ImageObject\",\"inLanguage\":\"es\",\"@id\":\"https:\/\/tourtravelandmore.com\/es\/#\/schema\/logo\/image\/\",\"url\":\"https:\/\/tourtravelandmore.com\/wp-content\/uploads\/2022\/12\/cropped-logo-cabecera-new.png\",\"contentUrl\":\"https:\/\/tourtravelandmore.com\/wp-content\/uploads\/2022\/12\/cropped-logo-cabecera-new.png\",\"width\":430,\"height\":61,\"caption\":\"Tour Travel And More\"},\"image\":{\"@id\":\"https:\/\/tourtravelandmore.com\/es\/#\/schema\/logo\/image\/\"},\"sameAs\":[\"https:\/\/www.facebook.com\/tourtravelandmore\/\",\"https:\/\/x.com\/TourTravel_More\"]}]}<\/script>\n<!-- \/ Yoast SEO Premium plugin. -->","yoast_head_json":{"title":"Tour privado a Toronto desde las Cataratas del Ni\u00e1gara | TTM","description":"Reserve este tour privado de Toronto desde las cataratas del Ni\u00e1gara y tenga la oportunidad de disfrutar de lo mejor de la ciudad de Toronto! \u2705","robots":{"index":"index","follow":"follow","max-snippet":"max-snippet:-1","max-image-preview":"max-image-preview:large","max-video-preview":"max-video-preview:-1"},"canonical":"https:\/\/tourtravelandmore.com\/es\/tours\/canada-es\/cataratas-niagara-canada-es\/cataratas-niagara-canada-actividades-es\/tour-privado-de-toronto-desde-las-cataratas-del-niagara\/","og_locale":"es_ES","og_type":"article","og_title":"Tour privado a Toronto desde las cataratas del Ni\u00e1gara","og_description":"Reserve este tour privado de Toronto desde las cataratas del Ni\u00e1gara y tenga la oportunidad de disfrutar de lo mejor de la ciudad de Toronto! \u2705","og_url":"https:\/\/tourtravelandmore.com\/es\/tours\/canada-es\/cataratas-niagara-canada-es\/cataratas-niagara-canada-actividades-es\/tour-privado-de-toronto-desde-las-cataratas-del-niagara\/","og_site_name":"Tour Travel And More","article_publisher":"https:\/\/www.facebook.com\/tourtravelandmore\/","article_modified_time":"2024-08-30T14:54:43+00:00","og_image":[{"width":2560,"height":1707,"url":"https:\/\/tourtravelandmore.com\/wp-content\/uploads\/2020\/11\/Toronto-4-scaled.jpg","type":"image\/jpeg"}],"twitter_card":"summary_large_image","twitter_site":"@TourTravel_More","twitter_misc":{"Tiempo de lectura":"2 minutos"},"schema":{"@context":"https:\/\/schema.org","@graph":[{"@type":"WebPage","@id":"https:\/\/tourtravelandmore.com\/es\/tours\/canada-es\/cataratas-niagara-canada-es\/cataratas-niagara-canada-actividades-es\/tour-privado-de-toronto-desde-las-cataratas-del-niagara\/","url":"https:\/\/tourtravelandmore.com\/es\/tours\/canada-es\/cataratas-niagara-canada-es\/cataratas-niagara-canada-actividades-es\/tour-privado-de-toronto-desde-las-cataratas-del-niagara\/","name":"Tour privado a Toronto desde las Cataratas del Ni\u00e1gara | TTM","isPartOf":{"@id":"https:\/\/tourtravelandmore.com\/es\/#website"},"primaryImageOfPage":{"@id":"https:\/\/tourtravelandmore.com\/es\/tours\/canada-es\/cataratas-niagara-canada-es\/cataratas-niagara-canada-actividades-es\/tour-privado-de-toronto-desde-las-cataratas-del-niagara\/#primaryimage"},"image":{"@id":"https:\/\/tourtravelandmore.com\/es\/tours\/canada-es\/cataratas-niagara-canada-es\/cataratas-niagara-canada-actividades-es\/tour-privado-de-toronto-desde-las-cataratas-del-niagara\/#primaryimage"},"thumbnailUrl":"https:\/\/tourtravelandmore.com\/wp-content\/uploads\/2020\/11\/Toronto-4-scaled.jpg","datePublished":"2020-12-03T10:07:43+00:00","dateModified":"2024-08-30T14:54:43+00:00","description":"Reserve este tour privado de Toronto desde las cataratas del Ni\u00e1gara y tenga la oportunidad de disfrutar de lo mejor de la ciudad de Toronto! \u2705","breadcrumb":{"@id":"https:\/\/tourtravelandmore.com\/es\/tours\/canada-es\/cataratas-niagara-canada-es\/cataratas-niagara-canada-actividades-es\/tour-privado-de-toronto-desde-las-cataratas-del-niagara\/#breadcrumb"},"inLanguage":"es","potentialAction":[{"@type":"ReadAction","target":["https:\/\/tourtravelandmore.com\/es\/tours\/canada-es\/cataratas-niagara-canada-es\/cataratas-niagara-canada-actividades-es\/tour-privado-de-toronto-desde-las-cataratas-del-niagara\/"]}]},{"@type":"ImageObject","inLanguage":"es","@id":"https:\/\/tourtravelandmore.com\/es\/tours\/canada-es\/cataratas-niagara-canada-es\/cataratas-niagara-canada-actividades-es\/tour-privado-de-toronto-desde-las-cataratas-del-niagara\/#primaryimage","url":"https:\/\/tourtravelandmore.com\/wp-content\/uploads\/2020\/11\/Toronto-4-scaled.jpg","contentUrl":"https:\/\/tourtravelandmore.com\/wp-content\/uploads\/2020\/11\/Toronto-4-scaled.jpg","width":2560,"height":1707},{"@type":"BreadcrumbList","@id":"https:\/\/tourtravelandmore.com\/es\/tours\/canada-es\/cataratas-niagara-canada-es\/cataratas-niagara-canada-actividades-es\/tour-privado-de-toronto-desde-las-cataratas-del-niagara\/#breadcrumb","itemListElement":[{"@type":"ListItem","position":1,"name":"Home","item":"https:\/\/tourtravelandmore.com\/es\/"},{"@type":"ListItem","position":2,"name":"Tours","item":"https:\/\/tourtravelandmore.com\/es\/tours\/"},{"@type":"ListItem","position":3,"name":"Tour privado a Toronto desde las cataratas del Ni\u00e1gara"}]},{"@type":"WebSite","@id":"https:\/\/tourtravelandmore.com\/es\/#website","url":"https:\/\/tourtravelandmore.com\/es\/","name":"Tour Travel And More","description":"Private sightseeing tours and luxury transfers in Spain","publisher":{"@id":"https:\/\/tourtravelandmore.com\/es\/#organization"},"potentialAction":[{"@type":"SearchAction","target":{"@type":"EntryPoint","urlTemplate":"https:\/\/tourtravelandmore.com\/es\/?s={search_term_string}"},"query-input":{"@type":"PropertyValueSpecification","valueRequired":true,"valueName":"search_term_string"}}],"inLanguage":"es"},{"@type":"Organization","@id":"https:\/\/tourtravelandmore.com\/es\/#organization","name":"Tour Travel And More","url":"https:\/\/tourtravelandmore.com\/es\/","logo":{"@type":"ImageObject","inLanguage":"es","@id":"https:\/\/tourtravelandmore.com\/es\/#\/schema\/logo\/image\/","url":"https:\/\/tourtravelandmore.com\/wp-content\/uploads\/2022\/12\/cropped-logo-cabecera-new.png","contentUrl":"https:\/\/tourtravelandmore.com\/wp-content\/uploads\/2022\/12\/cropped-logo-cabecera-new.png","width":430,"height":61,"caption":"Tour Travel And More"},"image":{"@id":"https:\/\/tourtravelandmore.com\/es\/#\/schema\/logo\/image\/"},"sameAs":["https:\/\/www.facebook.com\/tourtravelandmore\/","https:\/\/x.com\/TourTravel_More"]}]}},"_links":{"self":[{"href":"https:\/\/tourtravelandmore.com\/es\/wp-json\/wp\/v2\/product\/88868","targetHints":{"allow":["GET"]}}],"collection":[{"href":"https:\/\/tourtravelandmore.com\/es\/wp-json\/wp\/v2\/product"}],"about":[{"href":"https:\/\/tourtravelandmore.com\/es\/wp-json\/wp\/v2\/types\/product"}],"replies":[{"embeddable":true,"href":"https:\/\/tourtravelandmore.com\/es\/wp-json\/wp\/v2\/comments?post=88868"}],"wp:featuredmedia":[{"embeddable":true,"href":"https:\/\/tourtravelandmore.com\/es\/wp-json\/wp\/v2\/media\/87022"}],"wp:attachment":[{"href":"https:\/\/tourtravelandmore.com\/es\/wp-json\/wp\/v2\/media?parent=88868"}],"wp:term":[{"taxonomy":"product_brand","embeddable":true,"href":"https:\/\/tourtravelandmore.com\/es\/wp-json\/wp\/v2\/product_brand?post=88868"},{"taxonomy":"product_cat","embeddable":true,"href":"https:\/\/tourtravelandmore.com\/es\/wp-json\/wp\/v2\/product_cat?post=88868"},{"taxonomy":"product_tag","embeddable":true,"href":"https:\/\/tourtravelandmore.com\/es\/wp-json\/wp\/v2\/product_tag?post=88868"}],"curies":[{"name":"wp","href":"https:\/\/api.w.org\/{rel}","templated":true}]}}