{"id":88832,"date":"2020-12-03T09:53:35","date_gmt":"2020-12-03T08:53:37","guid":{"rendered":"https:\/\/tourtravelandmore.com\/?post_type=product&#038;p=88832"},"modified":"2023-11-13T08:39:43","modified_gmt":"2023-11-13T07:39:43","slug":"excursion-en-barco-privado-desde-cabo-san-lucas","status":"publish","type":"product","link":"https:\/\/tourtravelandmore.com\/es\/tours\/mexico-es\/cabo-san-lucas-es\/cabo-san-lucas-actividades-es\/excursion-en-barco-privado-desde-cabo-san-lucas\/","title":{"rendered":"Excursi\u00f3n en barco privado desde Cabo San Lucas"},"content":{"rendered":"<h2><strong>Descripci\u00f3n de la Excursi\u00f3n\u00a0en barco privado desde Cabo San Lucas<\/strong><\/h2>\n<p>Aproveche sus d\u00edas en M\u00e9xico y disfrute de una <strong>Excursion en barco privado desde Cabo San Lucas<\/strong>. <span class=\"JLqJ4b ChMk0b\" data-language-for-alternatives=\"es\" data-language-to-translate-into=\"en\" data-phrase-index=\"1\">Visite las incre\u00edbles playas que rodean la ciudad y admire las incre\u00edbles vistas. No hay mejor manera de descubrir la costa de Baja California que con un bote privado con tripulaci\u00f3n profesional. <\/span><\/p>\n<p><span class=\"JLqJ4b ChMk0b\" data-language-for-alternatives=\"es\" data-language-to-translate-into=\"en\" data-phrase-index=\"1\"><span class=\"JLqJ4b\" data-language-for-alternatives=\"es\" data-language-to-translate-into=\"en\" data-phrase-index=\"3\">P\u00f3ngase en contacto con nosotros y perm\u00edtanos ayudarlo a organizar la disposici\u00f3n de su bote privado desde Cabo San Lucas.<\/span><\/span><\/p>\n<p>Podemos organizar disposiciones de medio d\u00eda o d\u00eda completo desde <strong>Cabo San Lucas<\/strong>. <span class=\"JLqJ4b ChMk0b\" data-language-for-alternatives=\"es\" data-language-to-translate-into=\"en\" data-phrase-index=\"7\">El itinerario final es completamente adaptable a su inter\u00e9s personal. Ponte en contacto con nosotros y te ayudaremos a organizar un itinerario personalizado. Tambi\u00e9n te damos la opci\u00f3n de incluir un gu\u00eda tur\u00edstico oficial privado a tu experiencia en caso de que est\u00e9s dispuesto a conocer algunos datos interesantes de las islas. <\/span><\/p>\n<p><span class=\"JLqJ4b ChMk0b\" data-language-for-alternatives=\"es\" data-language-to-translate-into=\"en\" data-phrase-index=\"7\"><span class=\"JLqJ4b\" data-language-for-alternatives=\"es\" data-language-to-translate-into=\"en\" data-phrase-index=\"10\">En caso de que desee otro tipo de excursi\u00f3n privada en o desde Cabo San Lucas, consulte <a href=\"https:\/\/tourtravelandmore.com\/es\/ciudad\/mexico-es\/cabo-san-lucas-es\/\">nuestra lista de excursiones privadas<\/a>.<\/span><\/span><\/p>\n<h2><strong>Puntos de inter\u00e9s en la Excursi\u00f3n en barco privado desde Cabo San Lucas<\/strong><\/h2>\n<p><strong>Cabo San Lucas<\/strong> es un balneario en el extremo sur de la pen\u00ednsula de Baja California, en M\u00e9xico. Esta ciudad es muy conocida por sus incre\u00edbles playas, sus deportes acu\u00e1ticos y su vida nocturna. \u00a1Definitivamente, es el destino perfecto para tus vacaciones!.<\/p>\n<p>En esta excursi\u00f3n en bote privado, no solo admirar\u00e1s <strong>Cabo San Lucas<\/strong> desde otra perspectiva, sino que tambi\u00e9n disfrutar\u00e1s de un d\u00eda lleno de aventuras en el oc\u00e9ano. Aqu\u00ed el agua es tan cristalina que se pueden ver peces de colores y otras especies marinas nadando debajo del bote. \u00a1Es algo que definitivamente tienes que experimentar!<\/p>\n<p>\u00a1Podr\u00e1s admirar el famoso <a href=\"https:\/\/es.wikipedia.org\/wiki\/Arco_del_Cabo_San_Lucas\">Arco de Cabo San Lucas<\/a> y su <strong>Playa de los Amantes<\/strong>, <strong>Pelican Rock<\/strong>, <strong>Punta Lobos<\/strong> y mucho m\u00e1s!.<\/p>\n<p>Durante nuestra excursi\u00f3n en barco privado desde Cabo San Lucas, podr\u00e1 visitar los sitios e islas que desee. Tendr\u00e1s un equipo profesional y un barco privado a tu entera disposici\u00f3n. La duraci\u00f3n de la disposici\u00f3n tambi\u00e9n se puede ajustar a su inter\u00e9s personal.<\/p>\n<p>Con <strong>Tour Travel &amp; More<\/strong>, tendr\u00e1 la oportunidad de disfrutar de un d\u00eda completo de aventura. Explorar\u00e1s las hermosas playas de Cabo San Lucas, donde podr\u00e1s nadar en el incre\u00edble mar de Cort\u00e9s. En caso de que lo necesite, tambi\u00e9n podemos organizar un p\u00edcnic o almuerzo completo en su barco, para que no tenga que preocuparse por nada.<\/p>\n<p>Podemos organizar lanchas r\u00e1pidas, yates o el tipo de embarcaci\u00f3n que prefiera. \u00a1Ponte en contacto con nosotros para una experiencia personalizada!<\/p>\n","protected":false},"excerpt":{"rendered":"<p>Disfrute de una experiencia de lujo privada en <strong>Cabo San Lucas<\/strong>. Aproveche al m\u00e1ximo su visita a Mexico y goce de la disposici\u00f3n de un <strong>bote privado<\/strong> para visitar las hermosas playas desde Cabo San Lucas. Disfrute de la magn\u00edfica naturaleza durante esta <strong>hermosa experiencia privada desde Cabo San Lucas. <\/strong><\/p>\n","protected":false},"featured_media":88844,"comment_status":"open","ping_status":"closed","template":"","meta":{"_acf_changed":false},"product_brand":[],"product_cat":[3203,3210,3213,3216],"product_tag":[],"class_list":{"0":"post-88832","1":"product","2":"type-product","3":"status-publish","4":"has-post-thumbnail","6":"product_cat-mexico-es","7":"product_cat-cabo-san-lucas-es","8":"product_cat-cabo-san-lucas-actividades-es","9":"product_cat-cabo-san-lucas-tours-es","11":"first","12":"instock","13":"shipping-taxable","14":"purchasable","15":"product-type-simple"},"acf":[],"yoast_head":"<!-- This site is optimized with the Yoast SEO Premium plugin v25.3.1 (Yoast SEO v25.3.1) - https:\/\/yoast.com\/wordpress\/plugins\/seo\/ -->\n<title>Excursi\u00f3n en barco privado desde Cabo San Lucas | TTM<\/title>\n<meta name=\"description\" content=\"Disfrute de una experiencia de lujo privada. Permitannos coordinar su barco privado desde Cabo San Lucas y descubra hermosas playas \u2705\" \/>\n<meta name=\"robots\" content=\"index, follow, max-snippet:-1, max-image-preview:large, max-video-preview:-1\" \/>\n<link rel=\"canonical\" href=\"https:\/\/tourtravelandmore.com\/es\/tours\/mexico-es\/cabo-san-lucas-es\/cabo-san-lucas-actividades-es\/excursion-en-barco-privado-desde-cabo-san-lucas\/\" \/>\n<meta property=\"og:locale\" content=\"es_ES\" \/>\n<meta property=\"og:type\" content=\"article\" \/>\n<meta property=\"og:title\" content=\"Excursi\u00f3n en barco privado desde Cabo San Lucas\" \/>\n<meta property=\"og:description\" content=\"Disfrute de una experiencia de lujo privada. Permitannos coordinar su barco privado desde Cabo San Lucas y descubra hermosas playas \u2705\" \/>\n<meta property=\"og:url\" content=\"https:\/\/tourtravelandmore.com\/es\/tours\/mexico-es\/cabo-san-lucas-es\/cabo-san-lucas-actividades-es\/excursion-en-barco-privado-desde-cabo-san-lucas\/\" \/>\n<meta property=\"og:site_name\" content=\"Tour Travel And More\" \/>\n<meta property=\"article:publisher\" content=\"https:\/\/www.facebook.com\/tourtravelandmore\/\" \/>\n<meta property=\"article:modified_time\" content=\"2023-11-13T07:39:43+00:00\" \/>\n<meta property=\"og:image\" content=\"https:\/\/tourtravelandmore.com\/wp-content\/uploads\/2020\/12\/cabo-2.jpg\" \/>\n\t<meta property=\"og:image:width\" content=\"940\" \/>\n\t<meta property=\"og:image:height\" content=\"628\" \/>\n\t<meta property=\"og:image:type\" content=\"image\/jpeg\" \/>\n<meta name=\"twitter:card\" content=\"summary_large_image\" \/>\n<meta name=\"twitter:site\" content=\"@TourTravel_More\" \/>\n<meta name=\"twitter:label1\" content=\"Tiempo de lectura\" \/>\n\t<meta name=\"twitter:data1\" content=\"2 minutos\" \/>\n<script type=\"application\/ld+json\" class=\"yoast-schema-graph\">{\"@context\":\"https:\/\/schema.org\",\"@graph\":[{\"@type\":\"WebPage\",\"@id\":\"https:\/\/tourtravelandmore.com\/es\/tours\/mexico-es\/cabo-san-lucas-es\/cabo-san-lucas-actividades-es\/excursion-en-barco-privado-desde-cabo-san-lucas\/\",\"url\":\"https:\/\/tourtravelandmore.com\/es\/tours\/mexico-es\/cabo-san-lucas-es\/cabo-san-lucas-actividades-es\/excursion-en-barco-privado-desde-cabo-san-lucas\/\",\"name\":\"Excursi\u00f3n en barco privado desde Cabo San Lucas | TTM\",\"isPartOf\":{\"@id\":\"https:\/\/tourtravelandmore.com\/es\/#website\"},\"primaryImageOfPage\":{\"@id\":\"https:\/\/tourtravelandmore.com\/es\/tours\/mexico-es\/cabo-san-lucas-es\/cabo-san-lucas-actividades-es\/excursion-en-barco-privado-desde-cabo-san-lucas\/#primaryimage\"},\"image\":{\"@id\":\"https:\/\/tourtravelandmore.com\/es\/tours\/mexico-es\/cabo-san-lucas-es\/cabo-san-lucas-actividades-es\/excursion-en-barco-privado-desde-cabo-san-lucas\/#primaryimage\"},\"thumbnailUrl\":\"https:\/\/tourtravelandmore.com\/wp-content\/uploads\/2020\/12\/cabo-2.jpg\",\"datePublished\":\"2020-12-03T08:53:37+00:00\",\"dateModified\":\"2023-11-13T07:39:43+00:00\",\"description\":\"Disfrute de una experiencia de lujo privada. Permitannos coordinar su barco privado desde Cabo San Lucas y descubra hermosas playas \u2705\",\"breadcrumb\":{\"@id\":\"https:\/\/tourtravelandmore.com\/es\/tours\/mexico-es\/cabo-san-lucas-es\/cabo-san-lucas-actividades-es\/excursion-en-barco-privado-desde-cabo-san-lucas\/#breadcrumb\"},\"inLanguage\":\"es\",\"potentialAction\":[{\"@type\":\"ReadAction\",\"target\":[\"https:\/\/tourtravelandmore.com\/es\/tours\/mexico-es\/cabo-san-lucas-es\/cabo-san-lucas-actividades-es\/excursion-en-barco-privado-desde-cabo-san-lucas\/\"]}]},{\"@type\":\"ImageObject\",\"inLanguage\":\"es\",\"@id\":\"https:\/\/tourtravelandmore.com\/es\/tours\/mexico-es\/cabo-san-lucas-es\/cabo-san-lucas-actividades-es\/excursion-en-barco-privado-desde-cabo-san-lucas\/#primaryimage\",\"url\":\"https:\/\/tourtravelandmore.com\/wp-content\/uploads\/2020\/12\/cabo-2.jpg\",\"contentUrl\":\"https:\/\/tourtravelandmore.com\/wp-content\/uploads\/2020\/12\/cabo-2.jpg\",\"width\":940,\"height\":628},{\"@type\":\"BreadcrumbList\",\"@id\":\"https:\/\/tourtravelandmore.com\/es\/tours\/mexico-es\/cabo-san-lucas-es\/cabo-san-lucas-actividades-es\/excursion-en-barco-privado-desde-cabo-san-lucas\/#breadcrumb\",\"itemListElement\":[{\"@type\":\"ListItem\",\"position\":1,\"name\":\"Home\",\"item\":\"https:\/\/tourtravelandmore.com\/es\/\"},{\"@type\":\"ListItem\",\"position\":2,\"name\":\"Tours\",\"item\":\"https:\/\/tourtravelandmore.com\/es\/tours\/\"},{\"@type\":\"ListItem\",\"position\":3,\"name\":\"Excursi\u00f3n en barco privado desde Cabo San Lucas\"}]},{\"@type\":\"WebSite\",\"@id\":\"https:\/\/tourtravelandmore.com\/es\/#website\",\"url\":\"https:\/\/tourtravelandmore.com\/es\/\",\"name\":\"Tour Travel And More\",\"description\":\"Private sightseeing tours and luxury transfers in Spain\",\"publisher\":{\"@id\":\"https:\/\/tourtravelandmore.com\/es\/#organization\"},\"potentialAction\":[{\"@type\":\"SearchAction\",\"target\":{\"@type\":\"EntryPoint\",\"urlTemplate\":\"https:\/\/tourtravelandmore.com\/es\/?s={search_term_string}\"},\"query-input\":{\"@type\":\"PropertyValueSpecification\",\"valueRequired\":true,\"valueName\":\"search_term_string\"}}],\"inLanguage\":\"es\"},{\"@type\":\"Organization\",\"@id\":\"https:\/\/tourtravelandmore.com\/es\/#organization\",\"name\":\"Tour Travel And More\",\"url\":\"https:\/\/tourtravelandmore.com\/es\/\",\"logo\":{\"@type\":\"ImageObject\",\"inLanguage\":\"es\",\"@id\":\"https:\/\/tourtravelandmore.com\/es\/#\/schema\/logo\/image\/\",\"url\":\"https:\/\/tourtravelandmore.com\/wp-content\/uploads\/2022\/12\/cropped-logo-cabecera-new.png\",\"contentUrl\":\"https:\/\/tourtravelandmore.com\/wp-content\/uploads\/2022\/12\/cropped-logo-cabecera-new.png\",\"width\":430,\"height\":61,\"caption\":\"Tour Travel And More\"},\"image\":{\"@id\":\"https:\/\/tourtravelandmore.com\/es\/#\/schema\/logo\/image\/\"},\"sameAs\":[\"https:\/\/www.facebook.com\/tourtravelandmore\/\",\"https:\/\/x.com\/TourTravel_More\"]}]}<\/script>\n<!-- \/ Yoast SEO Premium plugin. -->","yoast_head_json":{"title":"Excursi\u00f3n en barco privado desde Cabo San Lucas | TTM","description":"Disfrute de una experiencia de lujo privada. Permitannos coordinar su barco privado desde Cabo San Lucas y descubra hermosas playas \u2705","robots":{"index":"index","follow":"follow","max-snippet":"max-snippet:-1","max-image-preview":"max-image-preview:large","max-video-preview":"max-video-preview:-1"},"canonical":"https:\/\/tourtravelandmore.com\/es\/tours\/mexico-es\/cabo-san-lucas-es\/cabo-san-lucas-actividades-es\/excursion-en-barco-privado-desde-cabo-san-lucas\/","og_locale":"es_ES","og_type":"article","og_title":"Excursi\u00f3n en barco privado desde Cabo San Lucas","og_description":"Disfrute de una experiencia de lujo privada. Permitannos coordinar su barco privado desde Cabo San Lucas y descubra hermosas playas \u2705","og_url":"https:\/\/tourtravelandmore.com\/es\/tours\/mexico-es\/cabo-san-lucas-es\/cabo-san-lucas-actividades-es\/excursion-en-barco-privado-desde-cabo-san-lucas\/","og_site_name":"Tour Travel And More","article_publisher":"https:\/\/www.facebook.com\/tourtravelandmore\/","article_modified_time":"2023-11-13T07:39:43+00:00","og_image":[{"width":940,"height":628,"url":"https:\/\/tourtravelandmore.com\/wp-content\/uploads\/2020\/12\/cabo-2.jpg","type":"image\/jpeg"}],"twitter_card":"summary_large_image","twitter_site":"@TourTravel_More","twitter_misc":{"Tiempo de lectura":"2 minutos"},"schema":{"@context":"https:\/\/schema.org","@graph":[{"@type":"WebPage","@id":"https:\/\/tourtravelandmore.com\/es\/tours\/mexico-es\/cabo-san-lucas-es\/cabo-san-lucas-actividades-es\/excursion-en-barco-privado-desde-cabo-san-lucas\/","url":"https:\/\/tourtravelandmore.com\/es\/tours\/mexico-es\/cabo-san-lucas-es\/cabo-san-lucas-actividades-es\/excursion-en-barco-privado-desde-cabo-san-lucas\/","name":"Excursi\u00f3n en barco privado desde Cabo San Lucas | TTM","isPartOf":{"@id":"https:\/\/tourtravelandmore.com\/es\/#website"},"primaryImageOfPage":{"@id":"https:\/\/tourtravelandmore.com\/es\/tours\/mexico-es\/cabo-san-lucas-es\/cabo-san-lucas-actividades-es\/excursion-en-barco-privado-desde-cabo-san-lucas\/#primaryimage"},"image":{"@id":"https:\/\/tourtravelandmore.com\/es\/tours\/mexico-es\/cabo-san-lucas-es\/cabo-san-lucas-actividades-es\/excursion-en-barco-privado-desde-cabo-san-lucas\/#primaryimage"},"thumbnailUrl":"https:\/\/tourtravelandmore.com\/wp-content\/uploads\/2020\/12\/cabo-2.jpg","datePublished":"2020-12-03T08:53:37+00:00","dateModified":"2023-11-13T07:39:43+00:00","description":"Disfrute de una experiencia de lujo privada. Permitannos coordinar su barco privado desde Cabo San Lucas y descubra hermosas playas \u2705","breadcrumb":{"@id":"https:\/\/tourtravelandmore.com\/es\/tours\/mexico-es\/cabo-san-lucas-es\/cabo-san-lucas-actividades-es\/excursion-en-barco-privado-desde-cabo-san-lucas\/#breadcrumb"},"inLanguage":"es","potentialAction":[{"@type":"ReadAction","target":["https:\/\/tourtravelandmore.com\/es\/tours\/mexico-es\/cabo-san-lucas-es\/cabo-san-lucas-actividades-es\/excursion-en-barco-privado-desde-cabo-san-lucas\/"]}]},{"@type":"ImageObject","inLanguage":"es","@id":"https:\/\/tourtravelandmore.com\/es\/tours\/mexico-es\/cabo-san-lucas-es\/cabo-san-lucas-actividades-es\/excursion-en-barco-privado-desde-cabo-san-lucas\/#primaryimage","url":"https:\/\/tourtravelandmore.com\/wp-content\/uploads\/2020\/12\/cabo-2.jpg","contentUrl":"https:\/\/tourtravelandmore.com\/wp-content\/uploads\/2020\/12\/cabo-2.jpg","width":940,"height":628},{"@type":"BreadcrumbList","@id":"https:\/\/tourtravelandmore.com\/es\/tours\/mexico-es\/cabo-san-lucas-es\/cabo-san-lucas-actividades-es\/excursion-en-barco-privado-desde-cabo-san-lucas\/#breadcrumb","itemListElement":[{"@type":"ListItem","position":1,"name":"Home","item":"https:\/\/tourtravelandmore.com\/es\/"},{"@type":"ListItem","position":2,"name":"Tours","item":"https:\/\/tourtravelandmore.com\/es\/tours\/"},{"@type":"ListItem","position":3,"name":"Excursi\u00f3n en barco privado desde Cabo San Lucas"}]},{"@type":"WebSite","@id":"https:\/\/tourtravelandmore.com\/es\/#website","url":"https:\/\/tourtravelandmore.com\/es\/","name":"Tour Travel And More","description":"Private sightseeing tours and luxury transfers in Spain","publisher":{"@id":"https:\/\/tourtravelandmore.com\/es\/#organization"},"potentialAction":[{"@type":"SearchAction","target":{"@type":"EntryPoint","urlTemplate":"https:\/\/tourtravelandmore.com\/es\/?s={search_term_string}"},"query-input":{"@type":"PropertyValueSpecification","valueRequired":true,"valueName":"search_term_string"}}],"inLanguage":"es"},{"@type":"Organization","@id":"https:\/\/tourtravelandmore.com\/es\/#organization","name":"Tour Travel And More","url":"https:\/\/tourtravelandmore.com\/es\/","logo":{"@type":"ImageObject","inLanguage":"es","@id":"https:\/\/tourtravelandmore.com\/es\/#\/schema\/logo\/image\/","url":"https:\/\/tourtravelandmore.com\/wp-content\/uploads\/2022\/12\/cropped-logo-cabecera-new.png","contentUrl":"https:\/\/tourtravelandmore.com\/wp-content\/uploads\/2022\/12\/cropped-logo-cabecera-new.png","width":430,"height":61,"caption":"Tour Travel And More"},"image":{"@id":"https:\/\/tourtravelandmore.com\/es\/#\/schema\/logo\/image\/"},"sameAs":["https:\/\/www.facebook.com\/tourtravelandmore\/","https:\/\/x.com\/TourTravel_More"]}]}},"_links":{"self":[{"href":"https:\/\/tourtravelandmore.com\/es\/wp-json\/wp\/v2\/product\/88832","targetHints":{"allow":["GET"]}}],"collection":[{"href":"https:\/\/tourtravelandmore.com\/es\/wp-json\/wp\/v2\/product"}],"about":[{"href":"https:\/\/tourtravelandmore.com\/es\/wp-json\/wp\/v2\/types\/product"}],"replies":[{"embeddable":true,"href":"https:\/\/tourtravelandmore.com\/es\/wp-json\/wp\/v2\/comments?post=88832"}],"wp:featuredmedia":[{"embeddable":true,"href":"https:\/\/tourtravelandmore.com\/es\/wp-json\/wp\/v2\/media\/88844"}],"wp:attachment":[{"href":"https:\/\/tourtravelandmore.com\/es\/wp-json\/wp\/v2\/media?parent=88832"}],"wp:term":[{"taxonomy":"product_brand","embeddable":true,"href":"https:\/\/tourtravelandmore.com\/es\/wp-json\/wp\/v2\/product_brand?post=88832"},{"taxonomy":"product_cat","embeddable":true,"href":"https:\/\/tourtravelandmore.com\/es\/wp-json\/wp\/v2\/product_cat?post=88832"},{"taxonomy":"product_tag","embeddable":true,"href":"https:\/\/tourtravelandmore.com\/es\/wp-json\/wp\/v2\/product_tag?post=88832"}],"curies":[{"name":"wp","href":"https:\/\/api.w.org\/{rel}","templated":true}]}}