{"id":88788,"date":"2020-12-02T10:23:47","date_gmt":"2020-12-02T09:23:48","guid":{"rendered":"https:\/\/tourtravelandmore.com\/?post_type=product&#038;p=88788"},"modified":"2023-11-13T08:38:20","modified_gmt":"2023-11-13T07:38:20","slug":"tour-privado-por-cabo-san-lucas","status":"publish","type":"product","link":"https:\/\/tourtravelandmore.com\/es\/tours\/mexico-es\/cabo-san-lucas-es\/cabo-san-lucas-actividades-es\/tour-privado-por-cabo-san-lucas\/","title":{"rendered":"Tour Privado por Cabo San Lucas"},"content":{"rendered":"<h2 id=\"tw-target-text\" class=\"tw-data-text tw-text-large XcVN5d tw-ta\" dir=\"ltr\" data-placeholder=\"Traducci\u00f3n\"><span lang=\"es\">Descripci\u00f3n del Tour Privado por Cabo San Lucas<\/span><\/h2>\n<p>\u00bfQu\u00e9 es lo primero que nos imaginamos cuando pensamos en M\u00e9xico?, seguro que pensamos en playas hermosas, arena blanca y el sol rozando nuestro rostro. <span class=\"JLqJ4b ChMk0b\" data-language-for-alternatives=\"es\" data-language-to-translate-into=\"en\" data-phrase-index=\"1\">Por esa raz\u00f3n y muchas m\u00e1s, tienes que unirte a nosotros en este <strong>tour privado por Cabo San Lucas<\/strong>. Ser\u00e1 asistido por un <strong>conductor privado<\/strong> y un <strong>gu\u00eda tur\u00edstico oficial<\/strong>\u00a0c\u00f3modamente en un <strong>veh\u00edculo de lujo privado<\/strong>. <\/span><\/p>\n<p><span class=\"JLqJ4b ChMk0b\" data-language-for-alternatives=\"es\" data-language-to-translate-into=\"en\" data-phrase-index=\"1\"><span class=\"JLqJ4b\" data-language-for-alternatives=\"es\" data-language-to-translate-into=\"en\" data-phrase-index=\"3\">La recogida puede realizarse en su hotel o lugar de elecci\u00f3n en Cabo San Lucas. Como se trata de un tour privado, podr\u00e1 personalizar su propia experiencia, por ejemplo, tambi\u00e9n puede elegir la hora de inicio de su tour.<\/span><\/span><\/p>\n<p><strong>Cabo San Lucas<\/strong> es un balneario en el extremo sur de la pen\u00ednsula de Baja California, en M\u00e9xico. <span class=\"JLqJ4b ChMk0b\" data-language-for-alternatives=\"es\" data-language-to-translate-into=\"en\" data-phrase-index=\"8\">Esta ciudad es muy conocida por sus incre\u00edbles playas, sus deportes acu\u00e1ticos y su vida nocturna. <\/span><span class=\"JLqJ4b ChMk0b\" data-language-for-alternatives=\"es\" data-language-to-translate-into=\"en\" data-phrase-index=\"8\">\u00a1Definitivamente, es el destino perfecto para tus vacaciones!. <\/span><\/p>\n<p><span class=\"JLqJ4b ChMk0b\" data-language-for-alternatives=\"es\" data-language-to-translate-into=\"en\" data-phrase-index=\"8\"><span class=\"JLqJ4b\" data-language-for-alternatives=\"es\" data-language-to-translate-into=\"en\" data-phrase-index=\"10\">Disfruta al m\u00e1ximo tus vacaciones y ven con nosotros en este tour privado por Cabo San Lucas. \u00a1Experimente una verdadera aventura con <strong>Tour Travel &amp; More<\/strong>!.<\/span><\/span><\/p>\n<h2 id=\"tw-target-text\" class=\"tw-data-text tw-text-large XcVN5d tw-ta\" dir=\"ltr\" data-placeholder=\"Traducci\u00f3n\">Puntos de inter\u00e9s en el Tour Privado por Cabo San Lucas<\/h2>\n<p><span class=\"JLqJ4b ChMk0b\" data-language-for-alternatives=\"es\" data-language-to-translate-into=\"en\" data-phrase-index=\"1\"><span class=\"JLqJ4b\" data-language-for-alternatives=\"es\" data-language-to-translate-into=\"en\" data-phrase-index=\"2\">En primer lugar, su conductor privado y gu\u00eda tur\u00edstico oficial lo recoger\u00e1n en el lugar que elija en Cabo San Lucas. A continuaci\u00f3n encontrar\u00e1 un itinerario para un recorrido de 4 horas, pero en caso de que est\u00e9 interesado en visitar m\u00e1s lugares, tambi\u00e9n podemos organizar un recorrido de 6 horas. Luego, el itinerario se ajustar\u00e1 a la duraci\u00f3n total del recorrido. <\/span><\/span><\/p>\n<p><span class=\"JLqJ4b ChMk0b\" data-language-for-alternatives=\"es\" data-language-to-translate-into=\"en\" data-phrase-index=\"1\"><span class=\"JLqJ4b\" data-language-for-alternatives=\"es\" data-language-to-translate-into=\"en\" data-phrase-index=\"2\">Como ya mencionamos,<strong> Cabo San Lucas<\/strong> es un verdadero para\u00edso. Durante nuestro tour privado podr\u00e1 visitar los lugares m\u00e1s destacados de este destino \u00fanico. Entre otros lugares y sitios podr\u00e1s visitar:<\/span><\/span><\/p>\n<ul>\n<li><strong>El Arco de Cabo San Lucas:<\/strong> paseo al Arco en barco con fondo de cristal incluido en todos los itinerarios<\/li>\n<li><strong>Playa Coral Negra<\/strong><\/li>\n<li><strong>Muelle de la Marina<\/strong><\/li>\n<li><strong>Playa Chileno<\/strong><\/li>\n<li><strong>Marina Cabo San Lucas <\/strong><\/li>\n<li><strong>Playa de los Amantes<\/strong><\/li>\n<li><strong>Playa Medano<\/strong><\/li>\n<li><strong>Mt. Solmar<\/strong><\/li>\n<li><strong>Playa Santa Maria\u00a0<\/strong><\/li>\n<li><a href=\"https:\/\/www.ivanguaderrama.com\">Paseo del Arte y Galer\u00edas, San Jos\u00e9 del Cabo<\/a><\/li>\n<\/ul>\n<p>En caso de que elija la opci\u00f3n de 8 horas, puede visitar los alrededores de Cabo San Lucas tales como:<\/p>\n<ul>\n<li><strong>La Ribera<\/strong><\/li>\n<li><strong>Miraflores<\/strong><\/li>\n<li><strong>Wild Canyon Adventures<\/strong><\/li>\n<li><strong>Santiago<\/strong><\/li>\n<li><strong>Playa Palmilla<\/strong><\/li>\n<li><strong>Estero San Jose\u00a0<\/strong><\/li>\n<li>y mucho m\u00e1s!<\/li>\n<\/ul>\n<p>Como se trata de un tour privado, determinar\u00e1s los lugares y monumentos que desees visitar.<\/p>\n<p><span class=\"JLqJ4b\" data-language-for-alternatives=\"es\" data-language-to-translate-into=\"en\" data-phrase-index=\"1\"><span class=\"JLqJ4b ChMk0b\" data-language-for-alternatives=\"es\" data-language-to-translate-into=\"en\" data-phrase-index=\"2\">Finalmente, al final del recorrido, su conductor privado y gu\u00eda tur\u00edstico oficial lo dejar\u00e1n en su hotel en Cabo San Lucas.<\/span><\/span><\/p>\n","protected":false},"excerpt":{"rendered":"<p id=\"tw-target-text\" class=\"tw-data-text tw-text-large XcVN5d tw-ta\" dir=\"ltr\" data-placeholder=\"Traducci\u00f3n\">\u00a1Cabo San Lucas es un lugar incre\u00edble esper\u00e1ndote!, aqu\u00ed pasar\u00e1s unas vacaciones como ninguna otra. <span class=\"JLqJ4b ChMk0b\" data-language-for-alternatives=\"es\" data-language-to-translate-into=\"en\" data-phrase-index=\"1\">Disfruta de las playas, su naturaleza y paisajes con un equipo local profesional. \u00a1No pierdas tu oportunidad!.<\/span><\/p>\n","protected":false},"featured_media":88801,"comment_status":"open","ping_status":"closed","template":"","meta":{"_acf_changed":false},"product_brand":[],"product_cat":[3203,3210,3213,3216],"product_tag":[],"class_list":{"0":"post-88788","1":"product","2":"type-product","3":"status-publish","4":"has-post-thumbnail","6":"product_cat-mexico-es","7":"product_cat-cabo-san-lucas-es","8":"product_cat-cabo-san-lucas-actividades-es","9":"product_cat-cabo-san-lucas-tours-es","11":"first","12":"instock","13":"shipping-taxable","14":"purchasable","15":"product-type-simple"},"acf":[],"yoast_head":"<!-- This site is optimized with the Yoast SEO Premium plugin v25.3.1 (Yoast SEO v25.3.1) - https:\/\/yoast.com\/wordpress\/plugins\/seo\/ -->\n<title>\u27a1\ufe0f Tour Privado por Cabo San Lucas con chofer y gu\u00eda oficial local | TTM<\/title>\n<meta name=\"description\" content=\"Disfrute de esta hermosa ciudad con nuestro Tour Privado por Cabo San Lucas. Conozca las mejores playas y lugares que tiene para ofrecer \u2705\" \/>\n<meta name=\"robots\" content=\"index, follow, max-snippet:-1, max-image-preview:large, max-video-preview:-1\" \/>\n<link rel=\"canonical\" href=\"https:\/\/tourtravelandmore.com\/es\/tours\/mexico-es\/cabo-san-lucas-es\/cabo-san-lucas-actividades-es\/tour-privado-por-cabo-san-lucas\/\" \/>\n<meta property=\"og:locale\" content=\"es_ES\" \/>\n<meta property=\"og:type\" content=\"article\" \/>\n<meta property=\"og:title\" content=\"Tour Privado por Cabo San Lucas\" \/>\n<meta property=\"og:description\" content=\"Disfrute de esta hermosa ciudad con nuestro Tour Privado por Cabo San Lucas. Conozca las mejores playas y lugares que tiene para ofrecer \u2705\" \/>\n<meta property=\"og:url\" content=\"https:\/\/tourtravelandmore.com\/es\/tours\/mexico-es\/cabo-san-lucas-es\/cabo-san-lucas-actividades-es\/tour-privado-por-cabo-san-lucas\/\" \/>\n<meta property=\"og:site_name\" content=\"Tour Travel And More\" \/>\n<meta property=\"article:publisher\" content=\"https:\/\/www.facebook.com\/tourtravelandmore\/\" \/>\n<meta property=\"article:modified_time\" content=\"2023-11-13T07:38:20+00:00\" \/>\n<meta property=\"og:image\" content=\"https:\/\/tourtravelandmore.com\/wp-content\/uploads\/2020\/12\/cabo-san-lucas-1-scaled.jpg\" \/>\n\t<meta property=\"og:image:width\" content=\"2560\" \/>\n\t<meta property=\"og:image:height\" content=\"1920\" \/>\n\t<meta property=\"og:image:type\" content=\"image\/jpeg\" \/>\n<meta name=\"twitter:card\" content=\"summary_large_image\" \/>\n<meta name=\"twitter:site\" content=\"@TourTravel_More\" \/>\n<meta name=\"twitter:label1\" content=\"Tiempo de lectura\" \/>\n\t<meta name=\"twitter:data1\" content=\"2 minutos\" \/>\n<script type=\"application\/ld+json\" class=\"yoast-schema-graph\">{\"@context\":\"https:\/\/schema.org\",\"@graph\":[{\"@type\":\"WebPage\",\"@id\":\"https:\/\/tourtravelandmore.com\/es\/tours\/mexico-es\/cabo-san-lucas-es\/cabo-san-lucas-actividades-es\/tour-privado-por-cabo-san-lucas\/\",\"url\":\"https:\/\/tourtravelandmore.com\/es\/tours\/mexico-es\/cabo-san-lucas-es\/cabo-san-lucas-actividades-es\/tour-privado-por-cabo-san-lucas\/\",\"name\":\"\u27a1\ufe0f Tour Privado por Cabo San Lucas con chofer y gu\u00eda oficial local | TTM\",\"isPartOf\":{\"@id\":\"https:\/\/tourtravelandmore.com\/es\/#website\"},\"primaryImageOfPage\":{\"@id\":\"https:\/\/tourtravelandmore.com\/es\/tours\/mexico-es\/cabo-san-lucas-es\/cabo-san-lucas-actividades-es\/tour-privado-por-cabo-san-lucas\/#primaryimage\"},\"image\":{\"@id\":\"https:\/\/tourtravelandmore.com\/es\/tours\/mexico-es\/cabo-san-lucas-es\/cabo-san-lucas-actividades-es\/tour-privado-por-cabo-san-lucas\/#primaryimage\"},\"thumbnailUrl\":\"https:\/\/tourtravelandmore.com\/wp-content\/uploads\/2020\/12\/cabo-san-lucas-1-scaled.jpg\",\"datePublished\":\"2020-12-02T09:23:48+00:00\",\"dateModified\":\"2023-11-13T07:38:20+00:00\",\"description\":\"Disfrute de esta hermosa ciudad con nuestro Tour Privado por Cabo San Lucas. Conozca las mejores playas y lugares que tiene para ofrecer \u2705\",\"breadcrumb\":{\"@id\":\"https:\/\/tourtravelandmore.com\/es\/tours\/mexico-es\/cabo-san-lucas-es\/cabo-san-lucas-actividades-es\/tour-privado-por-cabo-san-lucas\/#breadcrumb\"},\"inLanguage\":\"es\",\"potentialAction\":[{\"@type\":\"ReadAction\",\"target\":[\"https:\/\/tourtravelandmore.com\/es\/tours\/mexico-es\/cabo-san-lucas-es\/cabo-san-lucas-actividades-es\/tour-privado-por-cabo-san-lucas\/\"]}]},{\"@type\":\"ImageObject\",\"inLanguage\":\"es\",\"@id\":\"https:\/\/tourtravelandmore.com\/es\/tours\/mexico-es\/cabo-san-lucas-es\/cabo-san-lucas-actividades-es\/tour-privado-por-cabo-san-lucas\/#primaryimage\",\"url\":\"https:\/\/tourtravelandmore.com\/wp-content\/uploads\/2020\/12\/cabo-san-lucas-1-scaled.jpg\",\"contentUrl\":\"https:\/\/tourtravelandmore.com\/wp-content\/uploads\/2020\/12\/cabo-san-lucas-1-scaled.jpg\",\"width\":2560,\"height\":1920},{\"@type\":\"BreadcrumbList\",\"@id\":\"https:\/\/tourtravelandmore.com\/es\/tours\/mexico-es\/cabo-san-lucas-es\/cabo-san-lucas-actividades-es\/tour-privado-por-cabo-san-lucas\/#breadcrumb\",\"itemListElement\":[{\"@type\":\"ListItem\",\"position\":1,\"name\":\"Home\",\"item\":\"https:\/\/tourtravelandmore.com\/es\/\"},{\"@type\":\"ListItem\",\"position\":2,\"name\":\"Tours\",\"item\":\"https:\/\/tourtravelandmore.com\/es\/tours\/\"},{\"@type\":\"ListItem\",\"position\":3,\"name\":\"Tour Privado por Cabo San Lucas\"}]},{\"@type\":\"WebSite\",\"@id\":\"https:\/\/tourtravelandmore.com\/es\/#website\",\"url\":\"https:\/\/tourtravelandmore.com\/es\/\",\"name\":\"Tour Travel And More\",\"description\":\"Private sightseeing tours and luxury transfers in Spain\",\"publisher\":{\"@id\":\"https:\/\/tourtravelandmore.com\/es\/#organization\"},\"potentialAction\":[{\"@type\":\"SearchAction\",\"target\":{\"@type\":\"EntryPoint\",\"urlTemplate\":\"https:\/\/tourtravelandmore.com\/es\/?s={search_term_string}\"},\"query-input\":{\"@type\":\"PropertyValueSpecification\",\"valueRequired\":true,\"valueName\":\"search_term_string\"}}],\"inLanguage\":\"es\"},{\"@type\":\"Organization\",\"@id\":\"https:\/\/tourtravelandmore.com\/es\/#organization\",\"name\":\"Tour Travel And More\",\"url\":\"https:\/\/tourtravelandmore.com\/es\/\",\"logo\":{\"@type\":\"ImageObject\",\"inLanguage\":\"es\",\"@id\":\"https:\/\/tourtravelandmore.com\/es\/#\/schema\/logo\/image\/\",\"url\":\"https:\/\/tourtravelandmore.com\/wp-content\/uploads\/2022\/12\/cropped-logo-cabecera-new.png\",\"contentUrl\":\"https:\/\/tourtravelandmore.com\/wp-content\/uploads\/2022\/12\/cropped-logo-cabecera-new.png\",\"width\":430,\"height\":61,\"caption\":\"Tour Travel And More\"},\"image\":{\"@id\":\"https:\/\/tourtravelandmore.com\/es\/#\/schema\/logo\/image\/\"},\"sameAs\":[\"https:\/\/www.facebook.com\/tourtravelandmore\/\",\"https:\/\/x.com\/TourTravel_More\"]}]}<\/script>\n<!-- \/ Yoast SEO Premium plugin. -->","yoast_head_json":{"title":"\u27a1\ufe0f Tour Privado por Cabo San Lucas con chofer y gu\u00eda oficial local | TTM","description":"Disfrute de esta hermosa ciudad con nuestro Tour Privado por Cabo San Lucas. Conozca las mejores playas y lugares que tiene para ofrecer \u2705","robots":{"index":"index","follow":"follow","max-snippet":"max-snippet:-1","max-image-preview":"max-image-preview:large","max-video-preview":"max-video-preview:-1"},"canonical":"https:\/\/tourtravelandmore.com\/es\/tours\/mexico-es\/cabo-san-lucas-es\/cabo-san-lucas-actividades-es\/tour-privado-por-cabo-san-lucas\/","og_locale":"es_ES","og_type":"article","og_title":"Tour Privado por Cabo San Lucas","og_description":"Disfrute de esta hermosa ciudad con nuestro Tour Privado por Cabo San Lucas. Conozca las mejores playas y lugares que tiene para ofrecer \u2705","og_url":"https:\/\/tourtravelandmore.com\/es\/tours\/mexico-es\/cabo-san-lucas-es\/cabo-san-lucas-actividades-es\/tour-privado-por-cabo-san-lucas\/","og_site_name":"Tour Travel And More","article_publisher":"https:\/\/www.facebook.com\/tourtravelandmore\/","article_modified_time":"2023-11-13T07:38:20+00:00","og_image":[{"width":2560,"height":1920,"url":"https:\/\/tourtravelandmore.com\/wp-content\/uploads\/2020\/12\/cabo-san-lucas-1-scaled.jpg","type":"image\/jpeg"}],"twitter_card":"summary_large_image","twitter_site":"@TourTravel_More","twitter_misc":{"Tiempo de lectura":"2 minutos"},"schema":{"@context":"https:\/\/schema.org","@graph":[{"@type":"WebPage","@id":"https:\/\/tourtravelandmore.com\/es\/tours\/mexico-es\/cabo-san-lucas-es\/cabo-san-lucas-actividades-es\/tour-privado-por-cabo-san-lucas\/","url":"https:\/\/tourtravelandmore.com\/es\/tours\/mexico-es\/cabo-san-lucas-es\/cabo-san-lucas-actividades-es\/tour-privado-por-cabo-san-lucas\/","name":"\u27a1\ufe0f Tour Privado por Cabo San Lucas con chofer y gu\u00eda oficial local | TTM","isPartOf":{"@id":"https:\/\/tourtravelandmore.com\/es\/#website"},"primaryImageOfPage":{"@id":"https:\/\/tourtravelandmore.com\/es\/tours\/mexico-es\/cabo-san-lucas-es\/cabo-san-lucas-actividades-es\/tour-privado-por-cabo-san-lucas\/#primaryimage"},"image":{"@id":"https:\/\/tourtravelandmore.com\/es\/tours\/mexico-es\/cabo-san-lucas-es\/cabo-san-lucas-actividades-es\/tour-privado-por-cabo-san-lucas\/#primaryimage"},"thumbnailUrl":"https:\/\/tourtravelandmore.com\/wp-content\/uploads\/2020\/12\/cabo-san-lucas-1-scaled.jpg","datePublished":"2020-12-02T09:23:48+00:00","dateModified":"2023-11-13T07:38:20+00:00","description":"Disfrute de esta hermosa ciudad con nuestro Tour Privado por Cabo San Lucas. Conozca las mejores playas y lugares que tiene para ofrecer \u2705","breadcrumb":{"@id":"https:\/\/tourtravelandmore.com\/es\/tours\/mexico-es\/cabo-san-lucas-es\/cabo-san-lucas-actividades-es\/tour-privado-por-cabo-san-lucas\/#breadcrumb"},"inLanguage":"es","potentialAction":[{"@type":"ReadAction","target":["https:\/\/tourtravelandmore.com\/es\/tours\/mexico-es\/cabo-san-lucas-es\/cabo-san-lucas-actividades-es\/tour-privado-por-cabo-san-lucas\/"]}]},{"@type":"ImageObject","inLanguage":"es","@id":"https:\/\/tourtravelandmore.com\/es\/tours\/mexico-es\/cabo-san-lucas-es\/cabo-san-lucas-actividades-es\/tour-privado-por-cabo-san-lucas\/#primaryimage","url":"https:\/\/tourtravelandmore.com\/wp-content\/uploads\/2020\/12\/cabo-san-lucas-1-scaled.jpg","contentUrl":"https:\/\/tourtravelandmore.com\/wp-content\/uploads\/2020\/12\/cabo-san-lucas-1-scaled.jpg","width":2560,"height":1920},{"@type":"BreadcrumbList","@id":"https:\/\/tourtravelandmore.com\/es\/tours\/mexico-es\/cabo-san-lucas-es\/cabo-san-lucas-actividades-es\/tour-privado-por-cabo-san-lucas\/#breadcrumb","itemListElement":[{"@type":"ListItem","position":1,"name":"Home","item":"https:\/\/tourtravelandmore.com\/es\/"},{"@type":"ListItem","position":2,"name":"Tours","item":"https:\/\/tourtravelandmore.com\/es\/tours\/"},{"@type":"ListItem","position":3,"name":"Tour Privado por Cabo San Lucas"}]},{"@type":"WebSite","@id":"https:\/\/tourtravelandmore.com\/es\/#website","url":"https:\/\/tourtravelandmore.com\/es\/","name":"Tour Travel And More","description":"Private sightseeing tours and luxury transfers in Spain","publisher":{"@id":"https:\/\/tourtravelandmore.com\/es\/#organization"},"potentialAction":[{"@type":"SearchAction","target":{"@type":"EntryPoint","urlTemplate":"https:\/\/tourtravelandmore.com\/es\/?s={search_term_string}"},"query-input":{"@type":"PropertyValueSpecification","valueRequired":true,"valueName":"search_term_string"}}],"inLanguage":"es"},{"@type":"Organization","@id":"https:\/\/tourtravelandmore.com\/es\/#organization","name":"Tour Travel And More","url":"https:\/\/tourtravelandmore.com\/es\/","logo":{"@type":"ImageObject","inLanguage":"es","@id":"https:\/\/tourtravelandmore.com\/es\/#\/schema\/logo\/image\/","url":"https:\/\/tourtravelandmore.com\/wp-content\/uploads\/2022\/12\/cropped-logo-cabecera-new.png","contentUrl":"https:\/\/tourtravelandmore.com\/wp-content\/uploads\/2022\/12\/cropped-logo-cabecera-new.png","width":430,"height":61,"caption":"Tour Travel And More"},"image":{"@id":"https:\/\/tourtravelandmore.com\/es\/#\/schema\/logo\/image\/"},"sameAs":["https:\/\/www.facebook.com\/tourtravelandmore\/","https:\/\/x.com\/TourTravel_More"]}]}},"_links":{"self":[{"href":"https:\/\/tourtravelandmore.com\/es\/wp-json\/wp\/v2\/product\/88788","targetHints":{"allow":["GET"]}}],"collection":[{"href":"https:\/\/tourtravelandmore.com\/es\/wp-json\/wp\/v2\/product"}],"about":[{"href":"https:\/\/tourtravelandmore.com\/es\/wp-json\/wp\/v2\/types\/product"}],"replies":[{"embeddable":true,"href":"https:\/\/tourtravelandmore.com\/es\/wp-json\/wp\/v2\/comments?post=88788"}],"wp:featuredmedia":[{"embeddable":true,"href":"https:\/\/tourtravelandmore.com\/es\/wp-json\/wp\/v2\/media\/88801"}],"wp:attachment":[{"href":"https:\/\/tourtravelandmore.com\/es\/wp-json\/wp\/v2\/media?parent=88788"}],"wp:term":[{"taxonomy":"product_brand","embeddable":true,"href":"https:\/\/tourtravelandmore.com\/es\/wp-json\/wp\/v2\/product_brand?post=88788"},{"taxonomy":"product_cat","embeddable":true,"href":"https:\/\/tourtravelandmore.com\/es\/wp-json\/wp\/v2\/product_cat?post=88788"},{"taxonomy":"product_tag","embeddable":true,"href":"https:\/\/tourtravelandmore.com\/es\/wp-json\/wp\/v2\/product_tag?post=88788"}],"curies":[{"name":"wp","href":"https:\/\/api.w.org\/{rel}","templated":true}]}}