{"id":88704,"date":"2020-12-01T12:49:04","date_gmt":"2020-12-01T11:49:05","guid":{"rendered":"https:\/\/tourtravelandmore.com\/?post_type=product&#038;p=88704"},"modified":"2021-09-10T14:30:23","modified_gmt":"2021-09-10T12:30:23","slug":"tour-privado-de-portland","status":"publish","type":"product","link":"https:\/\/tourtravelandmore.com\/es\/tours\/eeuu-es\/portland-es\/portland-actividades-es\/tour-privado-de-portland\/","title":{"rendered":"Tour privado de Portland"},"content":{"rendered":"<h2 id=\"tw-target-text\" class=\"tw-data-text tw-text-large XcVN5d tw-ta\" dir=\"ltr\" data-placeholder=\"Traducci\u00f3n\"><span lang=\"es\">Descripci\u00f3n del Tour privado de Portland<\/span><\/h2>\n<p>Este tour privado de Portland es una gran experiencia de 4 horas para disfrutar de lo mejor de la ciudad de Portland.<\/p>\n<p>Para este tour privado, organizaremos una c\u00f3moda recogida r\u00e1pida en su hotel o lugar de elecci\u00f3n en Portland. Luego comenzaremos este tour privado.<\/p>\n<p>Portland es la ciudad m\u00e1s grande del estado de Oregon. Tambi\u00e9n es la ciudad m\u00e1s poblada de Oregon. Es una ciudad asombrosa en el noroeste de los Estados Unidos. Tambi\u00e9n puede disfrutar de excelentes excursiones de un d\u00eda a Mt Hood, incre\u00edbles cascadas y, por supuesto, la incre\u00edble costa de Oregon. Realmente es un lugar extraordinario para visitar.<\/p>\n<p>\u00a1Deje que nuestro gu\u00eda tur\u00edstico lo lleve por la ciudad que le encanta para crear recuerdos incre\u00edbles para usted!<\/p>\n<h2>Puntos emblem\u00e1ticos y de inter\u00e9s en nuestro tour privado<\/h2>\n<p>En primer lugar, organizaremos una recogida r\u00e1pida. Luego comenzaremos este Tour Privado de Portland. Lo llevaremos a los mejores sitios que puede encontrar en Portland.<\/p>\n<p>Entre otros tienen una vista en:<\/p>\n<ul>\n<li><strong>Parque Washignton<\/strong><\/li>\n<li><strong>Mansi\u00f3n Pittock<\/strong><\/li>\n<li><strong>Vista exterior del zool\u00f3gico de Oregon. Podemos organizar entradas si lo prefiere<\/strong><\/li>\n<li><strong>Jard\u00edn chino Lan Su<\/strong><\/li>\n<li><strong>Sala de estar de Porland<\/strong><\/li>\n<li><strong>El jard\u00edn japon\u00e9s de Portland<\/strong><\/li>\n<li><strong>Parque Tom McCall Waterfront<\/strong><\/li>\n<li><strong>La gruta en Portland<\/strong><\/li>\n<li><strong>\u00a1Mucho m\u00e1s!<\/strong><\/li>\n<\/ul>\n<p>Consulte nuestros <a href=\"https:\/\/tourtravelandmore.com\/es\/ciudad\/eeuu-es\/portland-es\/\">otros tours privados que ofrecemos en Portland<\/a>.<\/p>\n<p><strong>En Tour Travel &amp; More,<\/strong> tambi\u00e9n ofrecemos tours privados en otros lugares. \u00a1P\u00f3ngase en contacto con nuestros expertos en viajes para obtener m\u00e1s informaci\u00f3n! Estamos aqu\u00ed para organizar la experiencia perfecta para usted. Podemos organizar excursiones de un d\u00eda como se mencion\u00f3 anteriormente y tambi\u00e9n podemos organizar un recorrido a pie para usted.<\/p>\n","protected":false},"excerpt":{"rendered":"<p id=\"tw-target-text\" class=\"tw-data-text tw-text-large XcVN5d tw-ta\" dir=\"ltr\" data-placeholder=\"Traducci\u00f3n\"><strong>Tour privado de Portland<\/strong> con gu\u00eda tur\u00edstico y conductor privado. <span class=\"JLqJ4b ChMk0b\" data-language-for-alternatives=\"es\" data-language-to-translate-into=\"auto\" data-phrase-index=\"1\">Una gran experiencia de 4 horas para conocer lo mejor del centro de la ciudad de Portland.<\/span><\/p>\n","protected":false},"featured_media":88733,"comment_status":"open","ping_status":"closed","template":"","meta":{"_acf_changed":false},"product_brand":[],"product_cat":[1602,2918,2921,2924],"product_tag":[],"class_list":{"0":"post-88704","1":"product","2":"type-product","3":"status-publish","4":"has-post-thumbnail","6":"product_cat-eeuu-es","7":"product_cat-portland-es","8":"product_cat-portland-actividades-es","9":"product_cat-portland-tours-privados-es","11":"first","12":"instock","13":"shipping-taxable","14":"purchasable","15":"product-type-simple"},"acf":[],"yoast_head":"<!-- This site is optimized with the Yoast SEO Premium plugin v25.3.1 (Yoast SEO v25.3.1) - https:\/\/yoast.com\/wordpress\/plugins\/seo\/ -->\n<title>Tour privado de Portland con gu\u00eda tur\u00edstico y veh\u00edculo privado | TTM<\/title>\n<meta name=\"description\" content=\"\u2192 Tour privado de Portland desde Portland con gu\u00eda y conductor. Tour privado desde Portland. \u00a1Cont\u00e1ctenos para m\u00e1s informaci\u00f3n! \u2705\" \/>\n<meta name=\"robots\" content=\"index, follow, max-snippet:-1, max-image-preview:large, max-video-preview:-1\" \/>\n<link rel=\"canonical\" href=\"https:\/\/tourtravelandmore.com\/es\/tours\/eeuu-es\/portland-es\/portland-actividades-es\/tour-privado-de-portland\/\" \/>\n<meta property=\"og:locale\" content=\"es_ES\" \/>\n<meta property=\"og:type\" content=\"article\" \/>\n<meta property=\"og:title\" content=\"Tour privado de Portland\" \/>\n<meta property=\"og:description\" content=\"\u2192 Tour privado de Portland desde Portland con gu\u00eda y conductor. Tour privado desde Portland. \u00a1Cont\u00e1ctenos para m\u00e1s informaci\u00f3n! \u2705\" \/>\n<meta property=\"og:url\" content=\"https:\/\/tourtravelandmore.com\/es\/tours\/eeuu-es\/portland-es\/portland-actividades-es\/tour-privado-de-portland\/\" \/>\n<meta property=\"og:site_name\" content=\"Tour Travel And More\" \/>\n<meta property=\"article:publisher\" content=\"https:\/\/www.facebook.com\/tourtravelandmore\/\" \/>\n<meta property=\"article:modified_time\" content=\"2021-09-10T12:30:23+00:00\" \/>\n<meta property=\"og:image\" content=\"https:\/\/tourtravelandmore.com\/wp-content\/uploads\/2020\/12\/Portland-6-scaled.jpg\" \/>\n\t<meta property=\"og:image:width\" content=\"2560\" \/>\n\t<meta property=\"og:image:height\" content=\"1707\" \/>\n\t<meta property=\"og:image:type\" content=\"image\/jpeg\" \/>\n<meta name=\"twitter:card\" content=\"summary_large_image\" \/>\n<meta name=\"twitter:site\" content=\"@TourTravel_More\" \/>\n<meta name=\"twitter:label1\" content=\"Tiempo de lectura\" \/>\n\t<meta name=\"twitter:data1\" content=\"1 minuto\" \/>\n<script type=\"application\/ld+json\" class=\"yoast-schema-graph\">{\"@context\":\"https:\/\/schema.org\",\"@graph\":[{\"@type\":\"WebPage\",\"@id\":\"https:\/\/tourtravelandmore.com\/es\/tours\/eeuu-es\/portland-es\/portland-actividades-es\/tour-privado-de-portland\/\",\"url\":\"https:\/\/tourtravelandmore.com\/es\/tours\/eeuu-es\/portland-es\/portland-actividades-es\/tour-privado-de-portland\/\",\"name\":\"Tour privado de Portland con gu\u00eda tur\u00edstico y veh\u00edculo privado | TTM\",\"isPartOf\":{\"@id\":\"https:\/\/tourtravelandmore.com\/es\/#website\"},\"primaryImageOfPage\":{\"@id\":\"https:\/\/tourtravelandmore.com\/es\/tours\/eeuu-es\/portland-es\/portland-actividades-es\/tour-privado-de-portland\/#primaryimage\"},\"image\":{\"@id\":\"https:\/\/tourtravelandmore.com\/es\/tours\/eeuu-es\/portland-es\/portland-actividades-es\/tour-privado-de-portland\/#primaryimage\"},\"thumbnailUrl\":\"https:\/\/tourtravelandmore.com\/wp-content\/uploads\/2020\/12\/Portland-6-scaled.jpg\",\"datePublished\":\"2020-12-01T11:49:05+00:00\",\"dateModified\":\"2021-09-10T12:30:23+00:00\",\"description\":\"\u2192 Tour privado de Portland desde Portland con gu\u00eda y conductor. Tour privado desde Portland. \u00a1Cont\u00e1ctenos para m\u00e1s informaci\u00f3n! \u2705\",\"breadcrumb\":{\"@id\":\"https:\/\/tourtravelandmore.com\/es\/tours\/eeuu-es\/portland-es\/portland-actividades-es\/tour-privado-de-portland\/#breadcrumb\"},\"inLanguage\":\"es\",\"potentialAction\":[{\"@type\":\"ReadAction\",\"target\":[\"https:\/\/tourtravelandmore.com\/es\/tours\/eeuu-es\/portland-es\/portland-actividades-es\/tour-privado-de-portland\/\"]}]},{\"@type\":\"ImageObject\",\"inLanguage\":\"es\",\"@id\":\"https:\/\/tourtravelandmore.com\/es\/tours\/eeuu-es\/portland-es\/portland-actividades-es\/tour-privado-de-portland\/#primaryimage\",\"url\":\"https:\/\/tourtravelandmore.com\/wp-content\/uploads\/2020\/12\/Portland-6-scaled.jpg\",\"contentUrl\":\"https:\/\/tourtravelandmore.com\/wp-content\/uploads\/2020\/12\/Portland-6-scaled.jpg\",\"width\":2560,\"height\":1707},{\"@type\":\"BreadcrumbList\",\"@id\":\"https:\/\/tourtravelandmore.com\/es\/tours\/eeuu-es\/portland-es\/portland-actividades-es\/tour-privado-de-portland\/#breadcrumb\",\"itemListElement\":[{\"@type\":\"ListItem\",\"position\":1,\"name\":\"Home\",\"item\":\"https:\/\/tourtravelandmore.com\/es\/\"},{\"@type\":\"ListItem\",\"position\":2,\"name\":\"Tours\",\"item\":\"https:\/\/tourtravelandmore.com\/es\/tours\/\"},{\"@type\":\"ListItem\",\"position\":3,\"name\":\"Tour privado de Portland\"}]},{\"@type\":\"WebSite\",\"@id\":\"https:\/\/tourtravelandmore.com\/es\/#website\",\"url\":\"https:\/\/tourtravelandmore.com\/es\/\",\"name\":\"Tour Travel And More\",\"description\":\"Private sightseeing tours and luxury transfers in Spain\",\"publisher\":{\"@id\":\"https:\/\/tourtravelandmore.com\/es\/#organization\"},\"potentialAction\":[{\"@type\":\"SearchAction\",\"target\":{\"@type\":\"EntryPoint\",\"urlTemplate\":\"https:\/\/tourtravelandmore.com\/es\/?s={search_term_string}\"},\"query-input\":{\"@type\":\"PropertyValueSpecification\",\"valueRequired\":true,\"valueName\":\"search_term_string\"}}],\"inLanguage\":\"es\"},{\"@type\":\"Organization\",\"@id\":\"https:\/\/tourtravelandmore.com\/es\/#organization\",\"name\":\"Tour Travel And More\",\"url\":\"https:\/\/tourtravelandmore.com\/es\/\",\"logo\":{\"@type\":\"ImageObject\",\"inLanguage\":\"es\",\"@id\":\"https:\/\/tourtravelandmore.com\/es\/#\/schema\/logo\/image\/\",\"url\":\"https:\/\/tourtravelandmore.com\/wp-content\/uploads\/2022\/12\/cropped-logo-cabecera-new.png\",\"contentUrl\":\"https:\/\/tourtravelandmore.com\/wp-content\/uploads\/2022\/12\/cropped-logo-cabecera-new.png\",\"width\":430,\"height\":61,\"caption\":\"Tour Travel And More\"},\"image\":{\"@id\":\"https:\/\/tourtravelandmore.com\/es\/#\/schema\/logo\/image\/\"},\"sameAs\":[\"https:\/\/www.facebook.com\/tourtravelandmore\/\",\"https:\/\/x.com\/TourTravel_More\"]}]}<\/script>\n<!-- \/ Yoast SEO Premium plugin. -->","yoast_head_json":{"title":"Tour privado de Portland con gu\u00eda tur\u00edstico y veh\u00edculo privado | TTM","description":"\u2192 Tour privado de Portland desde Portland con gu\u00eda y conductor. Tour privado desde Portland. \u00a1Cont\u00e1ctenos para m\u00e1s informaci\u00f3n! \u2705","robots":{"index":"index","follow":"follow","max-snippet":"max-snippet:-1","max-image-preview":"max-image-preview:large","max-video-preview":"max-video-preview:-1"},"canonical":"https:\/\/tourtravelandmore.com\/es\/tours\/eeuu-es\/portland-es\/portland-actividades-es\/tour-privado-de-portland\/","og_locale":"es_ES","og_type":"article","og_title":"Tour privado de Portland","og_description":"\u2192 Tour privado de Portland desde Portland con gu\u00eda y conductor. Tour privado desde Portland. \u00a1Cont\u00e1ctenos para m\u00e1s informaci\u00f3n! \u2705","og_url":"https:\/\/tourtravelandmore.com\/es\/tours\/eeuu-es\/portland-es\/portland-actividades-es\/tour-privado-de-portland\/","og_site_name":"Tour Travel And More","article_publisher":"https:\/\/www.facebook.com\/tourtravelandmore\/","article_modified_time":"2021-09-10T12:30:23+00:00","og_image":[{"width":2560,"height":1707,"url":"https:\/\/tourtravelandmore.com\/wp-content\/uploads\/2020\/12\/Portland-6-scaled.jpg","type":"image\/jpeg"}],"twitter_card":"summary_large_image","twitter_site":"@TourTravel_More","twitter_misc":{"Tiempo de lectura":"1 minuto"},"schema":{"@context":"https:\/\/schema.org","@graph":[{"@type":"WebPage","@id":"https:\/\/tourtravelandmore.com\/es\/tours\/eeuu-es\/portland-es\/portland-actividades-es\/tour-privado-de-portland\/","url":"https:\/\/tourtravelandmore.com\/es\/tours\/eeuu-es\/portland-es\/portland-actividades-es\/tour-privado-de-portland\/","name":"Tour privado de Portland con gu\u00eda tur\u00edstico y veh\u00edculo privado | TTM","isPartOf":{"@id":"https:\/\/tourtravelandmore.com\/es\/#website"},"primaryImageOfPage":{"@id":"https:\/\/tourtravelandmore.com\/es\/tours\/eeuu-es\/portland-es\/portland-actividades-es\/tour-privado-de-portland\/#primaryimage"},"image":{"@id":"https:\/\/tourtravelandmore.com\/es\/tours\/eeuu-es\/portland-es\/portland-actividades-es\/tour-privado-de-portland\/#primaryimage"},"thumbnailUrl":"https:\/\/tourtravelandmore.com\/wp-content\/uploads\/2020\/12\/Portland-6-scaled.jpg","datePublished":"2020-12-01T11:49:05+00:00","dateModified":"2021-09-10T12:30:23+00:00","description":"\u2192 Tour privado de Portland desde Portland con gu\u00eda y conductor. Tour privado desde Portland. \u00a1Cont\u00e1ctenos para m\u00e1s informaci\u00f3n! \u2705","breadcrumb":{"@id":"https:\/\/tourtravelandmore.com\/es\/tours\/eeuu-es\/portland-es\/portland-actividades-es\/tour-privado-de-portland\/#breadcrumb"},"inLanguage":"es","potentialAction":[{"@type":"ReadAction","target":["https:\/\/tourtravelandmore.com\/es\/tours\/eeuu-es\/portland-es\/portland-actividades-es\/tour-privado-de-portland\/"]}]},{"@type":"ImageObject","inLanguage":"es","@id":"https:\/\/tourtravelandmore.com\/es\/tours\/eeuu-es\/portland-es\/portland-actividades-es\/tour-privado-de-portland\/#primaryimage","url":"https:\/\/tourtravelandmore.com\/wp-content\/uploads\/2020\/12\/Portland-6-scaled.jpg","contentUrl":"https:\/\/tourtravelandmore.com\/wp-content\/uploads\/2020\/12\/Portland-6-scaled.jpg","width":2560,"height":1707},{"@type":"BreadcrumbList","@id":"https:\/\/tourtravelandmore.com\/es\/tours\/eeuu-es\/portland-es\/portland-actividades-es\/tour-privado-de-portland\/#breadcrumb","itemListElement":[{"@type":"ListItem","position":1,"name":"Home","item":"https:\/\/tourtravelandmore.com\/es\/"},{"@type":"ListItem","position":2,"name":"Tours","item":"https:\/\/tourtravelandmore.com\/es\/tours\/"},{"@type":"ListItem","position":3,"name":"Tour privado de Portland"}]},{"@type":"WebSite","@id":"https:\/\/tourtravelandmore.com\/es\/#website","url":"https:\/\/tourtravelandmore.com\/es\/","name":"Tour Travel And More","description":"Private sightseeing tours and luxury transfers in Spain","publisher":{"@id":"https:\/\/tourtravelandmore.com\/es\/#organization"},"potentialAction":[{"@type":"SearchAction","target":{"@type":"EntryPoint","urlTemplate":"https:\/\/tourtravelandmore.com\/es\/?s={search_term_string}"},"query-input":{"@type":"PropertyValueSpecification","valueRequired":true,"valueName":"search_term_string"}}],"inLanguage":"es"},{"@type":"Organization","@id":"https:\/\/tourtravelandmore.com\/es\/#organization","name":"Tour Travel And More","url":"https:\/\/tourtravelandmore.com\/es\/","logo":{"@type":"ImageObject","inLanguage":"es","@id":"https:\/\/tourtravelandmore.com\/es\/#\/schema\/logo\/image\/","url":"https:\/\/tourtravelandmore.com\/wp-content\/uploads\/2022\/12\/cropped-logo-cabecera-new.png","contentUrl":"https:\/\/tourtravelandmore.com\/wp-content\/uploads\/2022\/12\/cropped-logo-cabecera-new.png","width":430,"height":61,"caption":"Tour Travel And More"},"image":{"@id":"https:\/\/tourtravelandmore.com\/es\/#\/schema\/logo\/image\/"},"sameAs":["https:\/\/www.facebook.com\/tourtravelandmore\/","https:\/\/x.com\/TourTravel_More"]}]}},"_links":{"self":[{"href":"https:\/\/tourtravelandmore.com\/es\/wp-json\/wp\/v2\/product\/88704","targetHints":{"allow":["GET"]}}],"collection":[{"href":"https:\/\/tourtravelandmore.com\/es\/wp-json\/wp\/v2\/product"}],"about":[{"href":"https:\/\/tourtravelandmore.com\/es\/wp-json\/wp\/v2\/types\/product"}],"replies":[{"embeddable":true,"href":"https:\/\/tourtravelandmore.com\/es\/wp-json\/wp\/v2\/comments?post=88704"}],"wp:featuredmedia":[{"embeddable":true,"href":"https:\/\/tourtravelandmore.com\/es\/wp-json\/wp\/v2\/media\/88733"}],"wp:attachment":[{"href":"https:\/\/tourtravelandmore.com\/es\/wp-json\/wp\/v2\/media?parent=88704"}],"wp:term":[{"taxonomy":"product_brand","embeddable":true,"href":"https:\/\/tourtravelandmore.com\/es\/wp-json\/wp\/v2\/product_brand?post=88704"},{"taxonomy":"product_cat","embeddable":true,"href":"https:\/\/tourtravelandmore.com\/es\/wp-json\/wp\/v2\/product_cat?post=88704"},{"taxonomy":"product_tag","embeddable":true,"href":"https:\/\/tourtravelandmore.com\/es\/wp-json\/wp\/v2\/product_tag?post=88704"}],"curies":[{"name":"wp","href":"https:\/\/api.w.org\/{rel}","templated":true}]}}