{"id":88675,"date":"2020-12-01T12:35:54","date_gmt":"2020-12-01T11:35:56","guid":{"rendered":"https:\/\/tourtravelandmore.com\/?post_type=product&#038;p=88675"},"modified":"2021-09-10T14:34:21","modified_gmt":"2021-09-10T12:34:21","slug":"tour-de-mt-hood-desde-portland","status":"publish","type":"product","link":"https:\/\/tourtravelandmore.com\/es\/tours\/eeuu-es\/portland-es\/portland-actividades-es\/tour-de-mt-hood-desde-portland\/","title":{"rendered":"Tour de Mt Hood desde Portland"},"content":{"rendered":"<h2 id=\"tw-target-text\" class=\"tw-data-text tw-text-large XcVN5d tw-ta\" dir=\"ltr\" data-placeholder=\"Traducci\u00f3n\"><span lang=\"es\">Descripci\u00f3n del Tour de Mt Hood desde Portland<\/span><\/h2>\n<p>Mt Hood es un sitio maravilloso que no podemos perdernos. Es por eso que nuestro tour Mt Hood desde Portland es perfecto para ti.<\/p>\n<p>Para que este recorrido sea m\u00e1s c\u00f3modo, en primer lugar organizaremos una recogida privada para usted. Esta recogida privada puede ser desde el centro de Portland. Esto puede ser desde su hotel o lugar de elecci\u00f3n. Luego nos dirigiremos hacia Mt Hood.<\/p>\n<p>Cuando visite Portland, este tour debe estar en su lista de deseos. El hermoso paisaje es completamente \u00fanico y una visita obligada.<\/p>\n<p>Para este tour privado, nuestro gu\u00eda tur\u00edstico y conductor estar\u00e1n a su disposici\u00f3n durante esta experiencia de d\u00eda completo. <strong>\u00a1Estamos aqu\u00ed para hacer que el tour y la actividad sean \u00fanicos para usted!<\/strong><\/p>\n<p>P\u00f3ngase en contacto con nuestros expertos en viajes para obtener m\u00e1s informaci\u00f3n. \u00a1A nuestros gu\u00edas tur\u00edsticos les encanta el noroeste y estamos seguros de que a usted tambi\u00e9n lo har\u00e1 una vez que finalice el recorrido!<\/p>\n<h2 id=\"tw-target-text\" class=\"tw-data-text tw-text-large XcVN5d tw-ta\" dir=\"ltr\" data-placeholder=\"Traducci\u00f3n\">Puntos de inter\u00e9s en nuestro tour privado<\/h2>\n<p>Aproveche nuestro tour de Mt Hood desde Portland. Tenga en cuenta que Mt Hood es el pico m\u00e1s alto de Oregon. Este es un pico volc\u00e1nico y, por supuesto, un \u00edcono de Oregon. Aqu\u00ed encontrar\u00e1 incre\u00edbles lugares y vistas impresionantes en todo el oeste. \u00a1Por supuesto, ser\u00e1 una excelente ubicaci\u00f3n para tomar fotos! Este tour privado le brindar\u00e1 las mejores partes de la regi\u00f3n y lo que Mt Hood tiene para ofrecer.<\/p>\n<p>Despu\u00e9s de que lo recojamos de su hotel, nos dirigiremos hacia Mt Hood. Aprenda sobre la historia, incluida la historia de la era de la Gran Depresi\u00f3n.<\/p>\n<p>Disfrute de las impresionantes vistas de las cascadas. \u00a1Estas vistas ser\u00e1n un escenario natural que no te puedes perder!<\/p>\n<p>Explore el \u00e1rea del hist\u00f3rico Hood River. Organizaremos el almuerzo en un pueblo cerca de Mt Hood. Para este tour tambi\u00e9n incluiremos visitar algunas de nuestras cascadas favoritas. Por supuesto, esto depender\u00e1 de cu\u00e1nto tiempo quede. Intentaremos incluir las cataratas del desfiladero del r\u00edo Columbia durante esta experiencia.<\/p>\n<p>Este tour privado terminar\u00e1 en su hotel o lugar de elecci\u00f3n en Portland. \u00a1Eche un vistazo a <a href=\"https:\/\/tourtravelandmore.com\/es\/ciudad\/eeuu-es\/portland-es\/#shop\/\">nuestras otras vistas en Portland<\/a> y no olvide que podemos organizar recorridos privados en cualquier lugar!<\/p>\n","protected":false},"excerpt":{"rendered":"<p id=\"tw-target-text\" class=\"tw-data-text tw-text-large XcVN5d tw-ta\" dir=\"ltr\" data-placeholder=\"Traducci\u00f3n\"><strong>Mt Hood Tour desde Portland<\/strong> con gu\u00eda tur\u00edstico y conductor privado.<\/p>\n","protected":false},"featured_media":88692,"comment_status":"open","ping_status":"closed","template":"","meta":{"_acf_changed":false},"product_brand":[],"product_cat":[1602,2918,2921,2924],"product_tag":[],"class_list":{"0":"post-88675","1":"product","2":"type-product","3":"status-publish","4":"has-post-thumbnail","6":"product_cat-eeuu-es","7":"product_cat-portland-es","8":"product_cat-portland-actividades-es","9":"product_cat-portland-tours-privados-es","11":"first","12":"instock","13":"shipping-taxable","14":"purchasable","15":"product-type-simple"},"acf":[],"yoast_head":"<!-- This site is optimized with the Yoast SEO Premium plugin v25.3.1 (Yoast SEO v25.3.1) - https:\/\/yoast.com\/wordpress\/plugins\/seo\/ -->\n<title>Tour de Mt Hood desde Portland con gu\u00eda tur\u00edstico y veh\u00edculo privado<\/title>\n<meta name=\"description\" content=\"\u2192 Tour de Mt Hood desde Portland con gu\u00eda oficial y conductor. Tour privado desde Portland. \u00a1Cont\u00e1ctenos para m\u00e1s informaci\u00f3n! \u2705\" \/>\n<meta name=\"robots\" content=\"index, follow, max-snippet:-1, max-image-preview:large, max-video-preview:-1\" \/>\n<link rel=\"canonical\" href=\"https:\/\/tourtravelandmore.com\/es\/tours\/eeuu-es\/portland-es\/portland-actividades-es\/tour-de-mt-hood-desde-portland\/\" \/>\n<meta property=\"og:locale\" content=\"es_ES\" \/>\n<meta property=\"og:type\" content=\"article\" \/>\n<meta property=\"og:title\" content=\"Tour de Mt Hood desde Portland\" \/>\n<meta property=\"og:description\" content=\"\u2192 Tour de Mt Hood desde Portland con gu\u00eda oficial y conductor. Tour privado desde Portland. \u00a1Cont\u00e1ctenos para m\u00e1s informaci\u00f3n! \u2705\" \/>\n<meta property=\"og:url\" content=\"https:\/\/tourtravelandmore.com\/es\/tours\/eeuu-es\/portland-es\/portland-actividades-es\/tour-de-mt-hood-desde-portland\/\" \/>\n<meta property=\"og:site_name\" content=\"Tour Travel And More\" \/>\n<meta property=\"article:publisher\" content=\"https:\/\/www.facebook.com\/tourtravelandmore\/\" \/>\n<meta property=\"article:modified_time\" content=\"2021-09-10T12:34:21+00:00\" \/>\n<meta property=\"og:image\" content=\"https:\/\/tourtravelandmore.com\/wp-content\/uploads\/2020\/12\/Mt-hood-2-scaled.jpg\" \/>\n\t<meta property=\"og:image:width\" content=\"2560\" \/>\n\t<meta property=\"og:image:height\" content=\"1344\" \/>\n\t<meta property=\"og:image:type\" content=\"image\/jpeg\" \/>\n<meta name=\"twitter:card\" content=\"summary_large_image\" \/>\n<meta name=\"twitter:site\" content=\"@TourTravel_More\" \/>\n<meta name=\"twitter:label1\" content=\"Tiempo de lectura\" \/>\n\t<meta name=\"twitter:data1\" content=\"2 minutos\" \/>\n<script type=\"application\/ld+json\" class=\"yoast-schema-graph\">{\"@context\":\"https:\/\/schema.org\",\"@graph\":[{\"@type\":\"WebPage\",\"@id\":\"https:\/\/tourtravelandmore.com\/es\/tours\/eeuu-es\/portland-es\/portland-actividades-es\/tour-de-mt-hood-desde-portland\/\",\"url\":\"https:\/\/tourtravelandmore.com\/es\/tours\/eeuu-es\/portland-es\/portland-actividades-es\/tour-de-mt-hood-desde-portland\/\",\"name\":\"Tour de Mt Hood desde Portland con gu\u00eda tur\u00edstico y veh\u00edculo privado\",\"isPartOf\":{\"@id\":\"https:\/\/tourtravelandmore.com\/es\/#website\"},\"primaryImageOfPage\":{\"@id\":\"https:\/\/tourtravelandmore.com\/es\/tours\/eeuu-es\/portland-es\/portland-actividades-es\/tour-de-mt-hood-desde-portland\/#primaryimage\"},\"image\":{\"@id\":\"https:\/\/tourtravelandmore.com\/es\/tours\/eeuu-es\/portland-es\/portland-actividades-es\/tour-de-mt-hood-desde-portland\/#primaryimage\"},\"thumbnailUrl\":\"https:\/\/tourtravelandmore.com\/wp-content\/uploads\/2020\/12\/Mt-hood-2-scaled.jpg\",\"datePublished\":\"2020-12-01T11:35:56+00:00\",\"dateModified\":\"2021-09-10T12:34:21+00:00\",\"description\":\"\u2192 Tour de Mt Hood desde Portland con gu\u00eda oficial y conductor. Tour privado desde Portland. \u00a1Cont\u00e1ctenos para m\u00e1s informaci\u00f3n! \u2705\",\"breadcrumb\":{\"@id\":\"https:\/\/tourtravelandmore.com\/es\/tours\/eeuu-es\/portland-es\/portland-actividades-es\/tour-de-mt-hood-desde-portland\/#breadcrumb\"},\"inLanguage\":\"es\",\"potentialAction\":[{\"@type\":\"ReadAction\",\"target\":[\"https:\/\/tourtravelandmore.com\/es\/tours\/eeuu-es\/portland-es\/portland-actividades-es\/tour-de-mt-hood-desde-portland\/\"]}]},{\"@type\":\"ImageObject\",\"inLanguage\":\"es\",\"@id\":\"https:\/\/tourtravelandmore.com\/es\/tours\/eeuu-es\/portland-es\/portland-actividades-es\/tour-de-mt-hood-desde-portland\/#primaryimage\",\"url\":\"https:\/\/tourtravelandmore.com\/wp-content\/uploads\/2020\/12\/Mt-hood-2-scaled.jpg\",\"contentUrl\":\"https:\/\/tourtravelandmore.com\/wp-content\/uploads\/2020\/12\/Mt-hood-2-scaled.jpg\",\"width\":2560,\"height\":1344},{\"@type\":\"BreadcrumbList\",\"@id\":\"https:\/\/tourtravelandmore.com\/es\/tours\/eeuu-es\/portland-es\/portland-actividades-es\/tour-de-mt-hood-desde-portland\/#breadcrumb\",\"itemListElement\":[{\"@type\":\"ListItem\",\"position\":1,\"name\":\"Home\",\"item\":\"https:\/\/tourtravelandmore.com\/es\/\"},{\"@type\":\"ListItem\",\"position\":2,\"name\":\"Tours\",\"item\":\"https:\/\/tourtravelandmore.com\/es\/tours\/\"},{\"@type\":\"ListItem\",\"position\":3,\"name\":\"Tour de Mt Hood desde Portland\"}]},{\"@type\":\"WebSite\",\"@id\":\"https:\/\/tourtravelandmore.com\/es\/#website\",\"url\":\"https:\/\/tourtravelandmore.com\/es\/\",\"name\":\"Tour Travel And More\",\"description\":\"Private sightseeing tours and luxury transfers in Spain\",\"publisher\":{\"@id\":\"https:\/\/tourtravelandmore.com\/es\/#organization\"},\"potentialAction\":[{\"@type\":\"SearchAction\",\"target\":{\"@type\":\"EntryPoint\",\"urlTemplate\":\"https:\/\/tourtravelandmore.com\/es\/?s={search_term_string}\"},\"query-input\":{\"@type\":\"PropertyValueSpecification\",\"valueRequired\":true,\"valueName\":\"search_term_string\"}}],\"inLanguage\":\"es\"},{\"@type\":\"Organization\",\"@id\":\"https:\/\/tourtravelandmore.com\/es\/#organization\",\"name\":\"Tour Travel And More\",\"url\":\"https:\/\/tourtravelandmore.com\/es\/\",\"logo\":{\"@type\":\"ImageObject\",\"inLanguage\":\"es\",\"@id\":\"https:\/\/tourtravelandmore.com\/es\/#\/schema\/logo\/image\/\",\"url\":\"https:\/\/tourtravelandmore.com\/wp-content\/uploads\/2022\/12\/cropped-logo-cabecera-new.png\",\"contentUrl\":\"https:\/\/tourtravelandmore.com\/wp-content\/uploads\/2022\/12\/cropped-logo-cabecera-new.png\",\"width\":430,\"height\":61,\"caption\":\"Tour Travel And More\"},\"image\":{\"@id\":\"https:\/\/tourtravelandmore.com\/es\/#\/schema\/logo\/image\/\"},\"sameAs\":[\"https:\/\/www.facebook.com\/tourtravelandmore\/\",\"https:\/\/x.com\/TourTravel_More\"]}]}<\/script>\n<!-- \/ Yoast SEO Premium plugin. -->","yoast_head_json":{"title":"Tour de Mt Hood desde Portland con gu\u00eda tur\u00edstico y veh\u00edculo privado","description":"\u2192 Tour de Mt Hood desde Portland con gu\u00eda oficial y conductor. Tour privado desde Portland. \u00a1Cont\u00e1ctenos para m\u00e1s informaci\u00f3n! \u2705","robots":{"index":"index","follow":"follow","max-snippet":"max-snippet:-1","max-image-preview":"max-image-preview:large","max-video-preview":"max-video-preview:-1"},"canonical":"https:\/\/tourtravelandmore.com\/es\/tours\/eeuu-es\/portland-es\/portland-actividades-es\/tour-de-mt-hood-desde-portland\/","og_locale":"es_ES","og_type":"article","og_title":"Tour de Mt Hood desde Portland","og_description":"\u2192 Tour de Mt Hood desde Portland con gu\u00eda oficial y conductor. Tour privado desde Portland. \u00a1Cont\u00e1ctenos para m\u00e1s informaci\u00f3n! \u2705","og_url":"https:\/\/tourtravelandmore.com\/es\/tours\/eeuu-es\/portland-es\/portland-actividades-es\/tour-de-mt-hood-desde-portland\/","og_site_name":"Tour Travel And More","article_publisher":"https:\/\/www.facebook.com\/tourtravelandmore\/","article_modified_time":"2021-09-10T12:34:21+00:00","og_image":[{"width":2560,"height":1344,"url":"https:\/\/tourtravelandmore.com\/wp-content\/uploads\/2020\/12\/Mt-hood-2-scaled.jpg","type":"image\/jpeg"}],"twitter_card":"summary_large_image","twitter_site":"@TourTravel_More","twitter_misc":{"Tiempo de lectura":"2 minutos"},"schema":{"@context":"https:\/\/schema.org","@graph":[{"@type":"WebPage","@id":"https:\/\/tourtravelandmore.com\/es\/tours\/eeuu-es\/portland-es\/portland-actividades-es\/tour-de-mt-hood-desde-portland\/","url":"https:\/\/tourtravelandmore.com\/es\/tours\/eeuu-es\/portland-es\/portland-actividades-es\/tour-de-mt-hood-desde-portland\/","name":"Tour de Mt Hood desde Portland con gu\u00eda tur\u00edstico y veh\u00edculo privado","isPartOf":{"@id":"https:\/\/tourtravelandmore.com\/es\/#website"},"primaryImageOfPage":{"@id":"https:\/\/tourtravelandmore.com\/es\/tours\/eeuu-es\/portland-es\/portland-actividades-es\/tour-de-mt-hood-desde-portland\/#primaryimage"},"image":{"@id":"https:\/\/tourtravelandmore.com\/es\/tours\/eeuu-es\/portland-es\/portland-actividades-es\/tour-de-mt-hood-desde-portland\/#primaryimage"},"thumbnailUrl":"https:\/\/tourtravelandmore.com\/wp-content\/uploads\/2020\/12\/Mt-hood-2-scaled.jpg","datePublished":"2020-12-01T11:35:56+00:00","dateModified":"2021-09-10T12:34:21+00:00","description":"\u2192 Tour de Mt Hood desde Portland con gu\u00eda oficial y conductor. Tour privado desde Portland. \u00a1Cont\u00e1ctenos para m\u00e1s informaci\u00f3n! \u2705","breadcrumb":{"@id":"https:\/\/tourtravelandmore.com\/es\/tours\/eeuu-es\/portland-es\/portland-actividades-es\/tour-de-mt-hood-desde-portland\/#breadcrumb"},"inLanguage":"es","potentialAction":[{"@type":"ReadAction","target":["https:\/\/tourtravelandmore.com\/es\/tours\/eeuu-es\/portland-es\/portland-actividades-es\/tour-de-mt-hood-desde-portland\/"]}]},{"@type":"ImageObject","inLanguage":"es","@id":"https:\/\/tourtravelandmore.com\/es\/tours\/eeuu-es\/portland-es\/portland-actividades-es\/tour-de-mt-hood-desde-portland\/#primaryimage","url":"https:\/\/tourtravelandmore.com\/wp-content\/uploads\/2020\/12\/Mt-hood-2-scaled.jpg","contentUrl":"https:\/\/tourtravelandmore.com\/wp-content\/uploads\/2020\/12\/Mt-hood-2-scaled.jpg","width":2560,"height":1344},{"@type":"BreadcrumbList","@id":"https:\/\/tourtravelandmore.com\/es\/tours\/eeuu-es\/portland-es\/portland-actividades-es\/tour-de-mt-hood-desde-portland\/#breadcrumb","itemListElement":[{"@type":"ListItem","position":1,"name":"Home","item":"https:\/\/tourtravelandmore.com\/es\/"},{"@type":"ListItem","position":2,"name":"Tours","item":"https:\/\/tourtravelandmore.com\/es\/tours\/"},{"@type":"ListItem","position":3,"name":"Tour de Mt Hood desde Portland"}]},{"@type":"WebSite","@id":"https:\/\/tourtravelandmore.com\/es\/#website","url":"https:\/\/tourtravelandmore.com\/es\/","name":"Tour Travel And More","description":"Private sightseeing tours and luxury transfers in Spain","publisher":{"@id":"https:\/\/tourtravelandmore.com\/es\/#organization"},"potentialAction":[{"@type":"SearchAction","target":{"@type":"EntryPoint","urlTemplate":"https:\/\/tourtravelandmore.com\/es\/?s={search_term_string}"},"query-input":{"@type":"PropertyValueSpecification","valueRequired":true,"valueName":"search_term_string"}}],"inLanguage":"es"},{"@type":"Organization","@id":"https:\/\/tourtravelandmore.com\/es\/#organization","name":"Tour Travel And More","url":"https:\/\/tourtravelandmore.com\/es\/","logo":{"@type":"ImageObject","inLanguage":"es","@id":"https:\/\/tourtravelandmore.com\/es\/#\/schema\/logo\/image\/","url":"https:\/\/tourtravelandmore.com\/wp-content\/uploads\/2022\/12\/cropped-logo-cabecera-new.png","contentUrl":"https:\/\/tourtravelandmore.com\/wp-content\/uploads\/2022\/12\/cropped-logo-cabecera-new.png","width":430,"height":61,"caption":"Tour Travel And More"},"image":{"@id":"https:\/\/tourtravelandmore.com\/es\/#\/schema\/logo\/image\/"},"sameAs":["https:\/\/www.facebook.com\/tourtravelandmore\/","https:\/\/x.com\/TourTravel_More"]}]}},"_links":{"self":[{"href":"https:\/\/tourtravelandmore.com\/es\/wp-json\/wp\/v2\/product\/88675","targetHints":{"allow":["GET"]}}],"collection":[{"href":"https:\/\/tourtravelandmore.com\/es\/wp-json\/wp\/v2\/product"}],"about":[{"href":"https:\/\/tourtravelandmore.com\/es\/wp-json\/wp\/v2\/types\/product"}],"replies":[{"embeddable":true,"href":"https:\/\/tourtravelandmore.com\/es\/wp-json\/wp\/v2\/comments?post=88675"}],"wp:featuredmedia":[{"embeddable":true,"href":"https:\/\/tourtravelandmore.com\/es\/wp-json\/wp\/v2\/media\/88692"}],"wp:attachment":[{"href":"https:\/\/tourtravelandmore.com\/es\/wp-json\/wp\/v2\/media?parent=88675"}],"wp:term":[{"taxonomy":"product_brand","embeddable":true,"href":"https:\/\/tourtravelandmore.com\/es\/wp-json\/wp\/v2\/product_brand?post=88675"},{"taxonomy":"product_cat","embeddable":true,"href":"https:\/\/tourtravelandmore.com\/es\/wp-json\/wp\/v2\/product_cat?post=88675"},{"taxonomy":"product_tag","embeddable":true,"href":"https:\/\/tourtravelandmore.com\/es\/wp-json\/wp\/v2\/product_tag?post=88675"}],"curies":[{"name":"wp","href":"https:\/\/api.w.org\/{rel}","templated":true}]}}