{"id":88622,"date":"2020-12-01T12:01:15","date_gmt":"2020-12-01T11:01:17","guid":{"rendered":"https:\/\/tourtravelandmore.com\/?post_type=product&#038;p=88622"},"modified":"2021-09-10T14:36:00","modified_gmt":"2021-09-10T12:36:00","slug":"tour-por-la-costa-de-oregon-desde-portland","status":"publish","type":"product","link":"https:\/\/tourtravelandmore.com\/es\/tours\/eeuu-es\/portland-es\/portland-actividades-es\/tour-por-la-costa-de-oregon-desde-portland\/","title":{"rendered":"Tour por la costa de Oreg\u00f3n desde Portland"},"content":{"rendered":"<h2 id=\"tw-target-text\" class=\"tw-data-text tw-text-large XcVN5d tw-ta\" dir=\"ltr\" data-placeholder=\"Traducci\u00f3n\"><span lang=\"es\">Descripci\u00f3n del Tour por la costa de Oreg\u00f3n desde Portland<\/span><\/h2>\n<p>Este es un gran viaje de un d\u00eda para tener una vista de la costa de Oreg\u00f3n. Este tour por la costa de Oreg\u00f3n desde Portland es una experiencia de d\u00eda perfecta.<\/p>\n<p>La costa de Oreg\u00f3n tiene m\u00e1s de 300 millas de costa p\u00fablica. Las playas son incre\u00edbles y la formaci\u00f3n rocosa. Esto le brindar\u00e1 una vista del paisaje incre\u00edble, as\u00ed como tambi\u00e9n paradas para tomar fotograf\u00edas de la costa de Oreg\u00f3n.<\/p>\n<p>Este tour privado puede incluir peque\u00f1as caminatas si lo desea o podemos adaptar el tour para satisfacer sus propias necesidades.<\/p>\n<p>En primer lugar, este tour privado comenzar\u00e1 desde su hotel en el centro de Portland. \u00a1Entonces comenzaremos este recorrido por la costa de Oreg\u00f3n! \u00a1Nuestro conductor privado estar\u00e1 a su disposici\u00f3n durante todo este d\u00eda de viaje! Adaptaremos el recorrido para satisfacer sus propias necesidades y crear una experiencia incre\u00edble.<\/p>\n<h2>Puntos emblem\u00e1ticos y de inter\u00e9s en nuestro tour privado<\/h2>\n<p>En primer lugar, como se dijo anteriormente, lo recogeremos de su hotel en Portland. Esto puede ser en el centro de Portland y puede ser en un hotel o en el lugar que elijas. Luego comenzaremos este recorrido por la costa de Oreg\u00f3n desde Portland.<\/p>\n<p>Luego nos dirigiremos hacia las m\u00e1s de 300 millas de costa en Oreg\u00f3n. Nos dirigiremos hacia la Sunset Highway. Podemos organizar paradas en el camino, por ejemplo, al bosque de abetos de Sitka. Aqu\u00ed podemos encontrar el primer vistazo de la costa de Oreg\u00f3n. Esto incluir\u00e1 pasar por Ecola State Park.<\/p>\n<p>Dependiendo del tiempo que tengamos, tambi\u00e9n podemos regresar a la playa del Indio a trav\u00e9s del bosque.<\/p>\n<p>Luego pasaremos por Cannon Beach. Aqu\u00ed tenga una vista de las hermosas formaciones rocosas. Hay una playa de arena donde se pueden observar hermosas aves que rodean la roca. Tambi\u00e9n podemos tener una vista de la fauna marina.<\/p>\n<p>Aqu\u00ed en Cannon Beach podemos organizar la parada para almorzar.<\/p>\n<p>Despu\u00e9s de eso, nos dirigiremos hacia el famoso Pacific Coast Scenic Byway. Esta es la carretera 101. Con esta carretera disfrutaremos de vistas m\u00e1s impresionantes de las costas costeras.<\/p>\n<p>Tambi\u00e9n podemos incluir otras ubicaciones en el camino. Estamos aqu\u00ed para organizar una experiencia perfecta para ti. P\u00f3ngase en contacto con nuestros expertos en viajes para obtener m\u00e1s informaci\u00f3n.<\/p>\n<p><strong>\u00a1Eche un vistazo a <a href=\"https:\/\/tourtravelandmore.com\/es\/ciudad\/eeuu-es\/portland-es\/#shop\/\">nuestros otros tours privados en Portland<\/a> y en todo el mundo!<\/strong><\/p>\n","protected":false},"excerpt":{"rendered":"<p id=\"tw-target-text\" class=\"tw-data-text tw-text-large XcVN5d tw-ta\" dir=\"ltr\" data-placeholder=\"Traducci\u00f3n\">Recorrido por la <strong>costa de Oreg\u00f3n desde Portland<\/strong>\u00a0con gu\u00eda tur\u00edstico y conductor privado.<\/p>\n","protected":false},"featured_media":88668,"comment_status":"open","ping_status":"closed","template":"","meta":{"_acf_changed":false},"product_brand":[],"product_cat":[1602,2918,2921,2924],"product_tag":[],"class_list":{"0":"post-88622","1":"product","2":"type-product","3":"status-publish","4":"has-post-thumbnail","6":"product_cat-eeuu-es","7":"product_cat-portland-es","8":"product_cat-portland-actividades-es","9":"product_cat-portland-tours-privados-es","11":"first","12":"instock","13":"shipping-taxable","14":"purchasable","15":"product-type-simple"},"acf":[],"yoast_head":"<!-- This site is optimized with the Yoast SEO Premium plugin v25.3.1 (Yoast SEO v25.3.1) - https:\/\/yoast.com\/wordpress\/plugins\/seo\/ -->\n<title>Tour por la costa de Oreg\u00f3n desde Portland con gu\u00eda y chofer | TTM<\/title>\n<meta name=\"description\" content=\"\u2192 Tour por la costa de Oreg\u00f3n desde Portland con gu\u00eda y conductor. Tour privado desde Portland. \u00a1Cont\u00e1ctenos para m\u00e1s informaci\u00f3n! \u2705\" \/>\n<meta name=\"robots\" content=\"index, follow, max-snippet:-1, max-image-preview:large, max-video-preview:-1\" \/>\n<link rel=\"canonical\" href=\"https:\/\/tourtravelandmore.com\/es\/tours\/eeuu-es\/portland-es\/portland-actividades-es\/tour-por-la-costa-de-oregon-desde-portland\/\" \/>\n<meta property=\"og:locale\" content=\"es_ES\" \/>\n<meta property=\"og:type\" content=\"article\" \/>\n<meta property=\"og:title\" content=\"Tour por la costa de Oreg\u00f3n desde Portland\" \/>\n<meta property=\"og:description\" content=\"\u2192 Tour por la costa de Oreg\u00f3n desde Portland con gu\u00eda y conductor. Tour privado desde Portland. \u00a1Cont\u00e1ctenos para m\u00e1s informaci\u00f3n! \u2705\" \/>\n<meta property=\"og:url\" content=\"https:\/\/tourtravelandmore.com\/es\/tours\/eeuu-es\/portland-es\/portland-actividades-es\/tour-por-la-costa-de-oregon-desde-portland\/\" \/>\n<meta property=\"og:site_name\" content=\"Tour Travel And More\" \/>\n<meta property=\"article:publisher\" content=\"https:\/\/www.facebook.com\/tourtravelandmore\/\" \/>\n<meta property=\"article:modified_time\" content=\"2021-09-10T12:36:00+00:00\" \/>\n<meta property=\"og:image\" content=\"https:\/\/tourtravelandmore.com\/wp-content\/uploads\/2020\/12\/Orgeon-Coast-1.jpg\" \/>\n\t<meta property=\"og:image:width\" content=\"1607\" \/>\n\t<meta property=\"og:image:height\" content=\"2409\" \/>\n\t<meta property=\"og:image:type\" content=\"image\/jpeg\" \/>\n<meta name=\"twitter:card\" content=\"summary_large_image\" \/>\n<meta name=\"twitter:site\" content=\"@TourTravel_More\" \/>\n<meta name=\"twitter:label1\" content=\"Tiempo de lectura\" \/>\n\t<meta name=\"twitter:data1\" content=\"2 minutos\" \/>\n<script type=\"application\/ld+json\" class=\"yoast-schema-graph\">{\"@context\":\"https:\/\/schema.org\",\"@graph\":[{\"@type\":\"WebPage\",\"@id\":\"https:\/\/tourtravelandmore.com\/es\/tours\/eeuu-es\/portland-es\/portland-actividades-es\/tour-por-la-costa-de-oregon-desde-portland\/\",\"url\":\"https:\/\/tourtravelandmore.com\/es\/tours\/eeuu-es\/portland-es\/portland-actividades-es\/tour-por-la-costa-de-oregon-desde-portland\/\",\"name\":\"Tour por la costa de Oreg\u00f3n desde Portland con gu\u00eda y chofer | TTM\",\"isPartOf\":{\"@id\":\"https:\/\/tourtravelandmore.com\/es\/#website\"},\"primaryImageOfPage\":{\"@id\":\"https:\/\/tourtravelandmore.com\/es\/tours\/eeuu-es\/portland-es\/portland-actividades-es\/tour-por-la-costa-de-oregon-desde-portland\/#primaryimage\"},\"image\":{\"@id\":\"https:\/\/tourtravelandmore.com\/es\/tours\/eeuu-es\/portland-es\/portland-actividades-es\/tour-por-la-costa-de-oregon-desde-portland\/#primaryimage\"},\"thumbnailUrl\":\"https:\/\/tourtravelandmore.com\/wp-content\/uploads\/2020\/12\/Orgeon-Coast-1.jpg\",\"datePublished\":\"2020-12-01T11:01:17+00:00\",\"dateModified\":\"2021-09-10T12:36:00+00:00\",\"description\":\"\u2192 Tour por la costa de Oreg\u00f3n desde Portland con gu\u00eda y conductor. Tour privado desde Portland. \u00a1Cont\u00e1ctenos para m\u00e1s informaci\u00f3n! \u2705\",\"breadcrumb\":{\"@id\":\"https:\/\/tourtravelandmore.com\/es\/tours\/eeuu-es\/portland-es\/portland-actividades-es\/tour-por-la-costa-de-oregon-desde-portland\/#breadcrumb\"},\"inLanguage\":\"es\",\"potentialAction\":[{\"@type\":\"ReadAction\",\"target\":[\"https:\/\/tourtravelandmore.com\/es\/tours\/eeuu-es\/portland-es\/portland-actividades-es\/tour-por-la-costa-de-oregon-desde-portland\/\"]}]},{\"@type\":\"ImageObject\",\"inLanguage\":\"es\",\"@id\":\"https:\/\/tourtravelandmore.com\/es\/tours\/eeuu-es\/portland-es\/portland-actividades-es\/tour-por-la-costa-de-oregon-desde-portland\/#primaryimage\",\"url\":\"https:\/\/tourtravelandmore.com\/wp-content\/uploads\/2020\/12\/Orgeon-Coast-1.jpg\",\"contentUrl\":\"https:\/\/tourtravelandmore.com\/wp-content\/uploads\/2020\/12\/Orgeon-Coast-1.jpg\",\"width\":1607,\"height\":2409},{\"@type\":\"BreadcrumbList\",\"@id\":\"https:\/\/tourtravelandmore.com\/es\/tours\/eeuu-es\/portland-es\/portland-actividades-es\/tour-por-la-costa-de-oregon-desde-portland\/#breadcrumb\",\"itemListElement\":[{\"@type\":\"ListItem\",\"position\":1,\"name\":\"Home\",\"item\":\"https:\/\/tourtravelandmore.com\/es\/\"},{\"@type\":\"ListItem\",\"position\":2,\"name\":\"Tours\",\"item\":\"https:\/\/tourtravelandmore.com\/es\/tours\/\"},{\"@type\":\"ListItem\",\"position\":3,\"name\":\"Tour por la costa de Oreg\u00f3n desde Portland\"}]},{\"@type\":\"WebSite\",\"@id\":\"https:\/\/tourtravelandmore.com\/es\/#website\",\"url\":\"https:\/\/tourtravelandmore.com\/es\/\",\"name\":\"Tour Travel And More\",\"description\":\"Private sightseeing tours and luxury transfers in Spain\",\"publisher\":{\"@id\":\"https:\/\/tourtravelandmore.com\/es\/#organization\"},\"potentialAction\":[{\"@type\":\"SearchAction\",\"target\":{\"@type\":\"EntryPoint\",\"urlTemplate\":\"https:\/\/tourtravelandmore.com\/es\/?s={search_term_string}\"},\"query-input\":{\"@type\":\"PropertyValueSpecification\",\"valueRequired\":true,\"valueName\":\"search_term_string\"}}],\"inLanguage\":\"es\"},{\"@type\":\"Organization\",\"@id\":\"https:\/\/tourtravelandmore.com\/es\/#organization\",\"name\":\"Tour Travel And More\",\"url\":\"https:\/\/tourtravelandmore.com\/es\/\",\"logo\":{\"@type\":\"ImageObject\",\"inLanguage\":\"es\",\"@id\":\"https:\/\/tourtravelandmore.com\/es\/#\/schema\/logo\/image\/\",\"url\":\"https:\/\/tourtravelandmore.com\/wp-content\/uploads\/2022\/12\/cropped-logo-cabecera-new.png\",\"contentUrl\":\"https:\/\/tourtravelandmore.com\/wp-content\/uploads\/2022\/12\/cropped-logo-cabecera-new.png\",\"width\":430,\"height\":61,\"caption\":\"Tour Travel And More\"},\"image\":{\"@id\":\"https:\/\/tourtravelandmore.com\/es\/#\/schema\/logo\/image\/\"},\"sameAs\":[\"https:\/\/www.facebook.com\/tourtravelandmore\/\",\"https:\/\/x.com\/TourTravel_More\"]}]}<\/script>\n<!-- \/ Yoast SEO Premium plugin. -->","yoast_head_json":{"title":"Tour por la costa de Oreg\u00f3n desde Portland con gu\u00eda y chofer | TTM","description":"\u2192 Tour por la costa de Oreg\u00f3n desde Portland con gu\u00eda y conductor. Tour privado desde Portland. \u00a1Cont\u00e1ctenos para m\u00e1s informaci\u00f3n! \u2705","robots":{"index":"index","follow":"follow","max-snippet":"max-snippet:-1","max-image-preview":"max-image-preview:large","max-video-preview":"max-video-preview:-1"},"canonical":"https:\/\/tourtravelandmore.com\/es\/tours\/eeuu-es\/portland-es\/portland-actividades-es\/tour-por-la-costa-de-oregon-desde-portland\/","og_locale":"es_ES","og_type":"article","og_title":"Tour por la costa de Oreg\u00f3n desde Portland","og_description":"\u2192 Tour por la costa de Oreg\u00f3n desde Portland con gu\u00eda y conductor. Tour privado desde Portland. \u00a1Cont\u00e1ctenos para m\u00e1s informaci\u00f3n! \u2705","og_url":"https:\/\/tourtravelandmore.com\/es\/tours\/eeuu-es\/portland-es\/portland-actividades-es\/tour-por-la-costa-de-oregon-desde-portland\/","og_site_name":"Tour Travel And More","article_publisher":"https:\/\/www.facebook.com\/tourtravelandmore\/","article_modified_time":"2021-09-10T12:36:00+00:00","og_image":[{"width":1607,"height":2409,"url":"https:\/\/tourtravelandmore.com\/wp-content\/uploads\/2020\/12\/Orgeon-Coast-1.jpg","type":"image\/jpeg"}],"twitter_card":"summary_large_image","twitter_site":"@TourTravel_More","twitter_misc":{"Tiempo de lectura":"2 minutos"},"schema":{"@context":"https:\/\/schema.org","@graph":[{"@type":"WebPage","@id":"https:\/\/tourtravelandmore.com\/es\/tours\/eeuu-es\/portland-es\/portland-actividades-es\/tour-por-la-costa-de-oregon-desde-portland\/","url":"https:\/\/tourtravelandmore.com\/es\/tours\/eeuu-es\/portland-es\/portland-actividades-es\/tour-por-la-costa-de-oregon-desde-portland\/","name":"Tour por la costa de Oreg\u00f3n desde Portland con gu\u00eda y chofer | TTM","isPartOf":{"@id":"https:\/\/tourtravelandmore.com\/es\/#website"},"primaryImageOfPage":{"@id":"https:\/\/tourtravelandmore.com\/es\/tours\/eeuu-es\/portland-es\/portland-actividades-es\/tour-por-la-costa-de-oregon-desde-portland\/#primaryimage"},"image":{"@id":"https:\/\/tourtravelandmore.com\/es\/tours\/eeuu-es\/portland-es\/portland-actividades-es\/tour-por-la-costa-de-oregon-desde-portland\/#primaryimage"},"thumbnailUrl":"https:\/\/tourtravelandmore.com\/wp-content\/uploads\/2020\/12\/Orgeon-Coast-1.jpg","datePublished":"2020-12-01T11:01:17+00:00","dateModified":"2021-09-10T12:36:00+00:00","description":"\u2192 Tour por la costa de Oreg\u00f3n desde Portland con gu\u00eda y conductor. Tour privado desde Portland. \u00a1Cont\u00e1ctenos para m\u00e1s informaci\u00f3n! \u2705","breadcrumb":{"@id":"https:\/\/tourtravelandmore.com\/es\/tours\/eeuu-es\/portland-es\/portland-actividades-es\/tour-por-la-costa-de-oregon-desde-portland\/#breadcrumb"},"inLanguage":"es","potentialAction":[{"@type":"ReadAction","target":["https:\/\/tourtravelandmore.com\/es\/tours\/eeuu-es\/portland-es\/portland-actividades-es\/tour-por-la-costa-de-oregon-desde-portland\/"]}]},{"@type":"ImageObject","inLanguage":"es","@id":"https:\/\/tourtravelandmore.com\/es\/tours\/eeuu-es\/portland-es\/portland-actividades-es\/tour-por-la-costa-de-oregon-desde-portland\/#primaryimage","url":"https:\/\/tourtravelandmore.com\/wp-content\/uploads\/2020\/12\/Orgeon-Coast-1.jpg","contentUrl":"https:\/\/tourtravelandmore.com\/wp-content\/uploads\/2020\/12\/Orgeon-Coast-1.jpg","width":1607,"height":2409},{"@type":"BreadcrumbList","@id":"https:\/\/tourtravelandmore.com\/es\/tours\/eeuu-es\/portland-es\/portland-actividades-es\/tour-por-la-costa-de-oregon-desde-portland\/#breadcrumb","itemListElement":[{"@type":"ListItem","position":1,"name":"Home","item":"https:\/\/tourtravelandmore.com\/es\/"},{"@type":"ListItem","position":2,"name":"Tours","item":"https:\/\/tourtravelandmore.com\/es\/tours\/"},{"@type":"ListItem","position":3,"name":"Tour por la costa de Oreg\u00f3n desde Portland"}]},{"@type":"WebSite","@id":"https:\/\/tourtravelandmore.com\/es\/#website","url":"https:\/\/tourtravelandmore.com\/es\/","name":"Tour Travel And More","description":"Private sightseeing tours and luxury transfers in Spain","publisher":{"@id":"https:\/\/tourtravelandmore.com\/es\/#organization"},"potentialAction":[{"@type":"SearchAction","target":{"@type":"EntryPoint","urlTemplate":"https:\/\/tourtravelandmore.com\/es\/?s={search_term_string}"},"query-input":{"@type":"PropertyValueSpecification","valueRequired":true,"valueName":"search_term_string"}}],"inLanguage":"es"},{"@type":"Organization","@id":"https:\/\/tourtravelandmore.com\/es\/#organization","name":"Tour Travel And More","url":"https:\/\/tourtravelandmore.com\/es\/","logo":{"@type":"ImageObject","inLanguage":"es","@id":"https:\/\/tourtravelandmore.com\/es\/#\/schema\/logo\/image\/","url":"https:\/\/tourtravelandmore.com\/wp-content\/uploads\/2022\/12\/cropped-logo-cabecera-new.png","contentUrl":"https:\/\/tourtravelandmore.com\/wp-content\/uploads\/2022\/12\/cropped-logo-cabecera-new.png","width":430,"height":61,"caption":"Tour Travel And More"},"image":{"@id":"https:\/\/tourtravelandmore.com\/es\/#\/schema\/logo\/image\/"},"sameAs":["https:\/\/www.facebook.com\/tourtravelandmore\/","https:\/\/x.com\/TourTravel_More"]}]}},"_links":{"self":[{"href":"https:\/\/tourtravelandmore.com\/es\/wp-json\/wp\/v2\/product\/88622","targetHints":{"allow":["GET"]}}],"collection":[{"href":"https:\/\/tourtravelandmore.com\/es\/wp-json\/wp\/v2\/product"}],"about":[{"href":"https:\/\/tourtravelandmore.com\/es\/wp-json\/wp\/v2\/types\/product"}],"replies":[{"embeddable":true,"href":"https:\/\/tourtravelandmore.com\/es\/wp-json\/wp\/v2\/comments?post=88622"}],"wp:featuredmedia":[{"embeddable":true,"href":"https:\/\/tourtravelandmore.com\/es\/wp-json\/wp\/v2\/media\/88668"}],"wp:attachment":[{"href":"https:\/\/tourtravelandmore.com\/es\/wp-json\/wp\/v2\/media?parent=88622"}],"wp:term":[{"taxonomy":"product_brand","embeddable":true,"href":"https:\/\/tourtravelandmore.com\/es\/wp-json\/wp\/v2\/product_brand?post=88622"},{"taxonomy":"product_cat","embeddable":true,"href":"https:\/\/tourtravelandmore.com\/es\/wp-json\/wp\/v2\/product_cat?post=88622"},{"taxonomy":"product_tag","embeddable":true,"href":"https:\/\/tourtravelandmore.com\/es\/wp-json\/wp\/v2\/product_tag?post=88622"}],"curies":[{"name":"wp","href":"https:\/\/api.w.org\/{rel}","templated":true}]}}