{"id":886,"date":"2016-03-10T18:23:06","date_gmt":"2016-04-15T17:02:16","guid":{"rendered":"http:\/\/tourtravelandmore.com\/?post_type=product&#038;p=886&#038;lang=es"},"modified":"2023-01-21T02:02:18","modified_gmt":"2023-01-21T01:02:18","slug":"tour-privado-granada-tour-privado-a-pie-con-guia-oficial-y-entradas","status":"publish","type":"product","link":"https:\/\/tourtravelandmore.com\/es\/tours\/espana-es\/granada-es\/tour-privado-granada-tour-privado-a-pie-con-guia-oficial-y-entradas\/","title":{"rendered":"Tour Privado a pie de Granada"},"content":{"rendered":"<h2>Descripci\u00f3n del Tour Privado a pie de Granada<\/h2>\n<p>Descubre la ciudad de Granada, gracias a este tour privado Granada, junto a su gu\u00eda privado oficial.<\/p>\n<p>El punto de encuentro ser\u00e1 un lugar c\u00e9ntrico de la ciudad, si su hotel est\u00e1 en el centro, podemos recogerle desde ah\u00ed.<\/p>\n<p>La duraci\u00f3n del tour privado Granada es de 3 horas.<\/p>\n<p>Las entradas a los principales monumentos de la ciudad est\u00e1n incluidos: <strong>Capilla Real y Catedral de Granada.<\/strong><\/p>\n<h2>Puntos de inter\u00e9s en el Tour Privado a pie de Granada<\/h2>\n<p>La <strong>Catedral de Granada<\/strong> es otro de los <strong>monumentos imprescindibles que ver en Granada, <\/strong>es una de las obras m\u00e1s top del renacimiento espa\u00f1ol. <strong>Justo al lado de la Catedral se encuentra la Capilla Real.<\/strong> Ah\u00ed est\u00e1n enterrados los Reyes Cat\u00f3licos (Fernando II de Arag\u00f3n e Isabel I de Castilla, soberanos de la Corona de Castilla y de la Corona de Arag\u00f3n)<\/p>\n<p>Subiremos andado hasta el Mirador de San Nicol\u00e1s, d\u00f3nde descubrir\u00e1s unas vistas \u00fanicas hacia la Alhambra.<\/p>\n<p>Junto a nuestro gu\u00eda privado oficial recorremos el Barrio m\u00e1s famoso de la ciudad, <strong>el Barrio del Albaic\u00edn, <\/strong>all\u00ed encontrar\u00e1s rinconcitos muy especiales.<\/p>\n<p>Tambi\u00e9n recorremos a pie otro de los Barrios m\u00e1s famosos de la ciudad,\u00a0<strong>el Barrio de Sacromonte, e<\/strong>s famoso por sus t\u00edpicas casas andaluzas, sus miradores y sus ra\u00edces gitanas.<\/p>\n<p>A lo largo del recorrido a pie conoceremos mucho lugar \u00fanicos: casas moriscas m\u00e1s importantes como la <strong>Casa del Chapiz o la Casa de Zafra, Calle Alcaicer\u00eda, Barrio del\u00a0Realejo, el barrio jud\u00edo de Granada.<\/strong><\/p>\n<p>Este tour privado Granada es perfecto para conocer la ciudad, sus principales calles, historia y rincones \u00fanicos. Nuestro gu\u00eda en todo momento os explicar\u00e1 la historia y leyendas de la ciudad.<\/p>\n<p>Si dispone de m\u00e1s d\u00edas en la ciudad de Granada, puede consultar<strong><a href=\"https:\/\/tourtravelandmore.com\/es\/ciudad\/espana-es\/granada-es\/#shop\/\"> aqu\u00ed<\/a> <\/strong>nuestro listado de tours privados de Granada. Por ejemplo, el Tour privado de la Alhambra. Para visitar la Alhambra os recomendamos reservar con antelaci\u00f3n para asegurar la disponibilidad, ya que el monumento tiene muy poca disponibilidad.<\/p>\n","protected":false},"excerpt":{"rendered":"<p>Descubre la ciudad de Granada a pie junto a nuestro gu\u00eda oficial. Conoce los principales barrios: Sacromento y el Albaicin. Recorremos las principales calles del centro de la ciudad y descubrir\u00e1s dos monumentos \u00fanicos: La Catedral y La Capilla Real. Subiremos hasta el mirador de San Nicol\u00e1s para ver las vistas a la ciudad y la Alhambra.<\/p>\n","protected":false},"featured_media":16609,"comment_status":"open","ping_status":"closed","template":"","meta":{"_acf_changed":false},"product_brand":[],"product_cat":[82,83,86],"product_tag":[],"class_list":{"0":"post-886","1":"product","2":"type-product","3":"status-publish","4":"has-post-thumbnail","6":"product_cat-granada-es","7":"product_cat-granada-actividades-es","8":"product_cat-granada-tours-privados-pie-es","10":"first","11":"instock","12":"shipping-taxable","13":"purchasable","14":"product-type-simple"},"acf":[],"yoast_head":"<!-- This site is optimized with the Yoast SEO Premium plugin v25.3.1 (Yoast SEO v25.3.1) - https:\/\/yoast.com\/wordpress\/plugins\/seo\/ -->\n<title>\u27a1\ufe0f Tour Privado Granada | Tour Travel &amp; More<\/title>\n<meta name=\"description\" content=\"Descubre la ciudad gracias a este tour privado Granada, junto a su gu\u00eda oficial. Conocer\u00e1 los principales barrios: Sacromonte y Albaic\u00edn y los monumentos \u2705\" \/>\n<meta name=\"robots\" content=\"index, follow, max-snippet:-1, max-image-preview:large, max-video-preview:-1\" \/>\n<link rel=\"canonical\" href=\"https:\/\/tourtravelandmore.com\/es\/tours\/espana-es\/granada-es\/tour-privado-granada-tour-privado-a-pie-con-guia-oficial-y-entradas\/\" \/>\n<meta property=\"og:locale\" content=\"es_ES\" \/>\n<meta property=\"og:type\" content=\"article\" \/>\n<meta property=\"og:title\" content=\"Tour Privado a pie de Granada\" \/>\n<meta property=\"og:description\" content=\"Descubre la ciudad gracias a este tour privado Granada, junto a su gu\u00eda oficial. Conocer\u00e1 los principales barrios: Sacromonte y Albaic\u00edn y los monumentos \u2705\" \/>\n<meta property=\"og:url\" content=\"https:\/\/tourtravelandmore.com\/es\/tours\/espana-es\/granada-es\/tour-privado-granada-tour-privado-a-pie-con-guia-oficial-y-entradas\/\" \/>\n<meta property=\"og:site_name\" content=\"Tour Travel And More\" \/>\n<meta property=\"article:publisher\" content=\"https:\/\/www.facebook.com\/tourtravelandmore\/\" \/>\n<meta property=\"article:modified_time\" content=\"2023-01-21T01:02:18+00:00\" \/>\n<meta property=\"og:image\" content=\"https:\/\/tourtravelandmore.com\/wp-content\/uploads\/2016\/03\/albaicin.jpg\" \/>\n\t<meta property=\"og:image:width\" content=\"1024\" \/>\n\t<meta property=\"og:image:height\" content=\"683\" \/>\n\t<meta property=\"og:image:type\" content=\"image\/jpeg\" \/>\n<meta name=\"twitter:card\" content=\"summary_large_image\" \/>\n<meta name=\"twitter:site\" content=\"@TourTravel_More\" \/>\n<meta name=\"twitter:label1\" content=\"Tiempo de lectura\" \/>\n\t<meta name=\"twitter:data1\" content=\"2 minutos\" \/>\n<script type=\"application\/ld+json\" class=\"yoast-schema-graph\">{\"@context\":\"https:\/\/schema.org\",\"@graph\":[{\"@type\":\"WebPage\",\"@id\":\"https:\/\/tourtravelandmore.com\/es\/tours\/espana-es\/granada-es\/tour-privado-granada-tour-privado-a-pie-con-guia-oficial-y-entradas\/\",\"url\":\"https:\/\/tourtravelandmore.com\/es\/tours\/espana-es\/granada-es\/tour-privado-granada-tour-privado-a-pie-con-guia-oficial-y-entradas\/\",\"name\":\"\u27a1\ufe0f Tour Privado Granada | Tour Travel & More\",\"isPartOf\":{\"@id\":\"https:\/\/tourtravelandmore.com\/es\/#website\"},\"primaryImageOfPage\":{\"@id\":\"https:\/\/tourtravelandmore.com\/es\/tours\/espana-es\/granada-es\/tour-privado-granada-tour-privado-a-pie-con-guia-oficial-y-entradas\/#primaryimage\"},\"image\":{\"@id\":\"https:\/\/tourtravelandmore.com\/es\/tours\/espana-es\/granada-es\/tour-privado-granada-tour-privado-a-pie-con-guia-oficial-y-entradas\/#primaryimage\"},\"thumbnailUrl\":\"https:\/\/tourtravelandmore.com\/wp-content\/uploads\/2016\/03\/albaicin.jpg\",\"datePublished\":\"2016-04-15T17:02:16+00:00\",\"dateModified\":\"2023-01-21T01:02:18+00:00\",\"description\":\"Descubre la ciudad gracias a este tour privado Granada, junto a su gu\u00eda oficial. Conocer\u00e1 los principales barrios: Sacromonte y Albaic\u00edn y los monumentos \u2705\",\"breadcrumb\":{\"@id\":\"https:\/\/tourtravelandmore.com\/es\/tours\/espana-es\/granada-es\/tour-privado-granada-tour-privado-a-pie-con-guia-oficial-y-entradas\/#breadcrumb\"},\"inLanguage\":\"es\",\"potentialAction\":[{\"@type\":\"ReadAction\",\"target\":[\"https:\/\/tourtravelandmore.com\/es\/tours\/espana-es\/granada-es\/tour-privado-granada-tour-privado-a-pie-con-guia-oficial-y-entradas\/\"]}]},{\"@type\":\"ImageObject\",\"inLanguage\":\"es\",\"@id\":\"https:\/\/tourtravelandmore.com\/es\/tours\/espana-es\/granada-es\/tour-privado-granada-tour-privado-a-pie-con-guia-oficial-y-entradas\/#primaryimage\",\"url\":\"https:\/\/tourtravelandmore.com\/wp-content\/uploads\/2016\/03\/albaicin.jpg\",\"contentUrl\":\"https:\/\/tourtravelandmore.com\/wp-content\/uploads\/2016\/03\/albaicin.jpg\",\"width\":1024,\"height\":683},{\"@type\":\"BreadcrumbList\",\"@id\":\"https:\/\/tourtravelandmore.com\/es\/tours\/espana-es\/granada-es\/tour-privado-granada-tour-privado-a-pie-con-guia-oficial-y-entradas\/#breadcrumb\",\"itemListElement\":[{\"@type\":\"ListItem\",\"position\":1,\"name\":\"Home\",\"item\":\"https:\/\/tourtravelandmore.com\/es\/\"},{\"@type\":\"ListItem\",\"position\":2,\"name\":\"Tours\",\"item\":\"https:\/\/tourtravelandmore.com\/es\/tours\/\"},{\"@type\":\"ListItem\",\"position\":3,\"name\":\"Tour Privado a pie de Granada\"}]},{\"@type\":\"WebSite\",\"@id\":\"https:\/\/tourtravelandmore.com\/es\/#website\",\"url\":\"https:\/\/tourtravelandmore.com\/es\/\",\"name\":\"Tour Travel And More\",\"description\":\"Private sightseeing tours and luxury transfers in Spain\",\"publisher\":{\"@id\":\"https:\/\/tourtravelandmore.com\/es\/#organization\"},\"potentialAction\":[{\"@type\":\"SearchAction\",\"target\":{\"@type\":\"EntryPoint\",\"urlTemplate\":\"https:\/\/tourtravelandmore.com\/es\/?s={search_term_string}\"},\"query-input\":{\"@type\":\"PropertyValueSpecification\",\"valueRequired\":true,\"valueName\":\"search_term_string\"}}],\"inLanguage\":\"es\"},{\"@type\":\"Organization\",\"@id\":\"https:\/\/tourtravelandmore.com\/es\/#organization\",\"name\":\"Tour Travel And More\",\"url\":\"https:\/\/tourtravelandmore.com\/es\/\",\"logo\":{\"@type\":\"ImageObject\",\"inLanguage\":\"es\",\"@id\":\"https:\/\/tourtravelandmore.com\/es\/#\/schema\/logo\/image\/\",\"url\":\"https:\/\/tourtravelandmore.com\/wp-content\/uploads\/2022\/12\/cropped-logo-cabecera-new.png\",\"contentUrl\":\"https:\/\/tourtravelandmore.com\/wp-content\/uploads\/2022\/12\/cropped-logo-cabecera-new.png\",\"width\":430,\"height\":61,\"caption\":\"Tour Travel And More\"},\"image\":{\"@id\":\"https:\/\/tourtravelandmore.com\/es\/#\/schema\/logo\/image\/\"},\"sameAs\":[\"https:\/\/www.facebook.com\/tourtravelandmore\/\",\"https:\/\/x.com\/TourTravel_More\"]}]}<\/script>\n<!-- \/ Yoast SEO Premium plugin. -->","yoast_head_json":{"title":"\u27a1\ufe0f Tour Privado Granada | Tour Travel & More","description":"Descubre la ciudad gracias a este tour privado Granada, junto a su gu\u00eda oficial. Conocer\u00e1 los principales barrios: Sacromonte y Albaic\u00edn y los monumentos \u2705","robots":{"index":"index","follow":"follow","max-snippet":"max-snippet:-1","max-image-preview":"max-image-preview:large","max-video-preview":"max-video-preview:-1"},"canonical":"https:\/\/tourtravelandmore.com\/es\/tours\/espana-es\/granada-es\/tour-privado-granada-tour-privado-a-pie-con-guia-oficial-y-entradas\/","og_locale":"es_ES","og_type":"article","og_title":"Tour Privado a pie de Granada","og_description":"Descubre la ciudad gracias a este tour privado Granada, junto a su gu\u00eda oficial. Conocer\u00e1 los principales barrios: Sacromonte y Albaic\u00edn y los monumentos \u2705","og_url":"https:\/\/tourtravelandmore.com\/es\/tours\/espana-es\/granada-es\/tour-privado-granada-tour-privado-a-pie-con-guia-oficial-y-entradas\/","og_site_name":"Tour Travel And More","article_publisher":"https:\/\/www.facebook.com\/tourtravelandmore\/","article_modified_time":"2023-01-21T01:02:18+00:00","og_image":[{"width":1024,"height":683,"url":"https:\/\/tourtravelandmore.com\/wp-content\/uploads\/2016\/03\/albaicin.jpg","type":"image\/jpeg"}],"twitter_card":"summary_large_image","twitter_site":"@TourTravel_More","twitter_misc":{"Tiempo de lectura":"2 minutos"},"schema":{"@context":"https:\/\/schema.org","@graph":[{"@type":"WebPage","@id":"https:\/\/tourtravelandmore.com\/es\/tours\/espana-es\/granada-es\/tour-privado-granada-tour-privado-a-pie-con-guia-oficial-y-entradas\/","url":"https:\/\/tourtravelandmore.com\/es\/tours\/espana-es\/granada-es\/tour-privado-granada-tour-privado-a-pie-con-guia-oficial-y-entradas\/","name":"\u27a1\ufe0f Tour Privado Granada | Tour Travel & More","isPartOf":{"@id":"https:\/\/tourtravelandmore.com\/es\/#website"},"primaryImageOfPage":{"@id":"https:\/\/tourtravelandmore.com\/es\/tours\/espana-es\/granada-es\/tour-privado-granada-tour-privado-a-pie-con-guia-oficial-y-entradas\/#primaryimage"},"image":{"@id":"https:\/\/tourtravelandmore.com\/es\/tours\/espana-es\/granada-es\/tour-privado-granada-tour-privado-a-pie-con-guia-oficial-y-entradas\/#primaryimage"},"thumbnailUrl":"https:\/\/tourtravelandmore.com\/wp-content\/uploads\/2016\/03\/albaicin.jpg","datePublished":"2016-04-15T17:02:16+00:00","dateModified":"2023-01-21T01:02:18+00:00","description":"Descubre la ciudad gracias a este tour privado Granada, junto a su gu\u00eda oficial. Conocer\u00e1 los principales barrios: Sacromonte y Albaic\u00edn y los monumentos \u2705","breadcrumb":{"@id":"https:\/\/tourtravelandmore.com\/es\/tours\/espana-es\/granada-es\/tour-privado-granada-tour-privado-a-pie-con-guia-oficial-y-entradas\/#breadcrumb"},"inLanguage":"es","potentialAction":[{"@type":"ReadAction","target":["https:\/\/tourtravelandmore.com\/es\/tours\/espana-es\/granada-es\/tour-privado-granada-tour-privado-a-pie-con-guia-oficial-y-entradas\/"]}]},{"@type":"ImageObject","inLanguage":"es","@id":"https:\/\/tourtravelandmore.com\/es\/tours\/espana-es\/granada-es\/tour-privado-granada-tour-privado-a-pie-con-guia-oficial-y-entradas\/#primaryimage","url":"https:\/\/tourtravelandmore.com\/wp-content\/uploads\/2016\/03\/albaicin.jpg","contentUrl":"https:\/\/tourtravelandmore.com\/wp-content\/uploads\/2016\/03\/albaicin.jpg","width":1024,"height":683},{"@type":"BreadcrumbList","@id":"https:\/\/tourtravelandmore.com\/es\/tours\/espana-es\/granada-es\/tour-privado-granada-tour-privado-a-pie-con-guia-oficial-y-entradas\/#breadcrumb","itemListElement":[{"@type":"ListItem","position":1,"name":"Home","item":"https:\/\/tourtravelandmore.com\/es\/"},{"@type":"ListItem","position":2,"name":"Tours","item":"https:\/\/tourtravelandmore.com\/es\/tours\/"},{"@type":"ListItem","position":3,"name":"Tour Privado a pie de Granada"}]},{"@type":"WebSite","@id":"https:\/\/tourtravelandmore.com\/es\/#website","url":"https:\/\/tourtravelandmore.com\/es\/","name":"Tour Travel And More","description":"Private sightseeing tours and luxury transfers in Spain","publisher":{"@id":"https:\/\/tourtravelandmore.com\/es\/#organization"},"potentialAction":[{"@type":"SearchAction","target":{"@type":"EntryPoint","urlTemplate":"https:\/\/tourtravelandmore.com\/es\/?s={search_term_string}"},"query-input":{"@type":"PropertyValueSpecification","valueRequired":true,"valueName":"search_term_string"}}],"inLanguage":"es"},{"@type":"Organization","@id":"https:\/\/tourtravelandmore.com\/es\/#organization","name":"Tour Travel And More","url":"https:\/\/tourtravelandmore.com\/es\/","logo":{"@type":"ImageObject","inLanguage":"es","@id":"https:\/\/tourtravelandmore.com\/es\/#\/schema\/logo\/image\/","url":"https:\/\/tourtravelandmore.com\/wp-content\/uploads\/2022\/12\/cropped-logo-cabecera-new.png","contentUrl":"https:\/\/tourtravelandmore.com\/wp-content\/uploads\/2022\/12\/cropped-logo-cabecera-new.png","width":430,"height":61,"caption":"Tour Travel And More"},"image":{"@id":"https:\/\/tourtravelandmore.com\/es\/#\/schema\/logo\/image\/"},"sameAs":["https:\/\/www.facebook.com\/tourtravelandmore\/","https:\/\/x.com\/TourTravel_More"]}]}},"_links":{"self":[{"href":"https:\/\/tourtravelandmore.com\/es\/wp-json\/wp\/v2\/product\/886","targetHints":{"allow":["GET"]}}],"collection":[{"href":"https:\/\/tourtravelandmore.com\/es\/wp-json\/wp\/v2\/product"}],"about":[{"href":"https:\/\/tourtravelandmore.com\/es\/wp-json\/wp\/v2\/types\/product"}],"replies":[{"embeddable":true,"href":"https:\/\/tourtravelandmore.com\/es\/wp-json\/wp\/v2\/comments?post=886"}],"wp:featuredmedia":[{"embeddable":true,"href":"https:\/\/tourtravelandmore.com\/es\/wp-json\/wp\/v2\/media\/16609"}],"wp:attachment":[{"href":"https:\/\/tourtravelandmore.com\/es\/wp-json\/wp\/v2\/media?parent=886"}],"wp:term":[{"taxonomy":"product_brand","embeddable":true,"href":"https:\/\/tourtravelandmore.com\/es\/wp-json\/wp\/v2\/product_brand?post=886"},{"taxonomy":"product_cat","embeddable":true,"href":"https:\/\/tourtravelandmore.com\/es\/wp-json\/wp\/v2\/product_cat?post=886"},{"taxonomy":"product_tag","embeddable":true,"href":"https:\/\/tourtravelandmore.com\/es\/wp-json\/wp\/v2\/product_tag?post=886"}],"curies":[{"name":"wp","href":"https:\/\/api.w.org\/{rel}","templated":true}]}}