{"id":88556,"date":"2020-12-01T11:42:59","date_gmt":"2020-12-01T10:43:01","guid":{"rendered":"https:\/\/tourtravelandmore.com\/?post_type=product&#038;p=88556"},"modified":"2022-01-31T12:20:58","modified_gmt":"2022-01-31T11:20:58","slug":"tour-privado-a-santa-monica-y-long-beach","status":"publish","type":"product","link":"https:\/\/tourtravelandmore.com\/es\/tours\/eeuu-es\/anaheim-en-es\/anaheim-actividades-es\/tour-privado-a-santa-monica-y-long-beach\/","title":{"rendered":"Tour Privado a Santa M\u00f3nica y Long Beach"},"content":{"rendered":"<h2 id=\"tw-target-text\" class=\"tw-data-text tw-text-large XcVN5d tw-ta\" dir=\"ltr\" data-placeholder=\"Traducci\u00f3n\"><span lang=\"es\">Descripci\u00f3n del Tour<\/span><\/h2>\n<h2>\u00bfEst\u00e1 buscando un Tour privado costero de Santa M\u00f3nica y Long Beach?<\/h2>\n<p>En <strong>Tour Travel &amp; More<\/strong> ofrecemos un tour privado de d\u00eda completo para que pueda ver todos los lugares de gran inter\u00e9s que se encuentran en el Condado de Los Angeles, sin embargo le recomendamos que tome este tour privado \u00fanicamente si est\u00e1 seguro de tener un viaje memorable ya sea solo o en compa\u00f1\u00eda de las personas que usted quiera.<\/p>\n<h2>\u00bfQu\u00e9 hay para ver en LA?<\/h2>\n<p>Este Condado en los Estados Unidos es \u00fanico y muy grande, pero si no tiene mucho tiempo para visitar todo, le vamos a llevar de manera privada y exclusiva en un tour privado con vehiculo y guia privados a los lugares m\u00e1s ic\u00f3nicos que ninguna persona con buen gusto se puede perder, estamos hablando de: Santa M\u00f3nica y Long Beach<\/p>\n<h2>\u00bfD\u00f3nde empieza el tour privado?<\/h2>\n<p>En cualquier parte que usted nos indique en el \u00e1rea de Anaheim, as\u00ed que le recomendamos que se relaje y nos diga donde pasemos a recogerle en nuestro veh\u00edculo privado con ch\u00f3fer. Nuestro gu\u00eda oficial lo estar\u00e1 esperando en Los Angeles para empezar ah\u00ed el tour de Santa M\u00f3nica y Long Beach.<\/p>\n<p id=\"productTitle\" class=\"font-weight-bold mb-0 \" lang=\"es-x-mtfrom-en\"><img fetchpriority=\"high\" decoding=\"async\" class=\"alignnone wp-image-104296\" src=\"https:\/\/tourtravelandmore.com\/wp-content\/uploads\/2020\/12\/Untitled-design-1-300x169.png\" alt=\"recogida en anaheim\" width=\"403\" height=\"227\" srcset=\"https:\/\/tourtravelandmore.com\/wp-content\/uploads\/2020\/12\/Untitled-design-1-300x169.png 300w, https:\/\/tourtravelandmore.com\/wp-content\/uploads\/2020\/12\/Untitled-design-1-1024x577.png 1024w, https:\/\/tourtravelandmore.com\/wp-content\/uploads\/2020\/12\/Untitled-design-1-768x433.png 768w, https:\/\/tourtravelandmore.com\/wp-content\/uploads\/2020\/12\/Untitled-design-1-1536x865.png 1536w, https:\/\/tourtravelandmore.com\/wp-content\/uploads\/2020\/12\/Untitled-design-1-680x383.png 680w, https:\/\/tourtravelandmore.com\/wp-content\/uploads\/2020\/12\/Untitled-design-1-595x335.png 595w, https:\/\/tourtravelandmore.com\/wp-content\/uploads\/2020\/12\/Untitled-design-1.png 1640w\" sizes=\"(max-width: 403px) 100vw, 403px\" \/><\/p>\n<h3 lang=\"es-x-mtfrom-en\">Actividades dentro del tour privado<\/h3>\n<ul>\n<li lang=\"es-x-mtfrom-en\">Visitas a las Playas m\u00e1s famosas del Condado de LA<\/li>\n<li lang=\"es-x-mtfrom-en\">Avistamiento de las Casas de Algunos Famosos<\/li>\n<li lang=\"es-x-mtfrom-en\">Visitas a restaurantes famosos<\/li>\n<li lang=\"es-x-mtfrom-en\">Recogida y De vuelta el mismo d\u00eda<\/li>\n<li lang=\"es-x-mtfrom-en\">Podr\u00e1 disfrutar de la hermosa vista de un atardecer californiano en la orilla del muelle m\u00e1s famoso de Estados Unidos<\/li>\n<\/ul>\n<h3>\u00bfQu\u00e9 m\u00e1s ofrece esta experiencia de turismo exclusivo?<\/h3>\n<p>California ofrece una gran variedad de ciudades que vale la pena visitar. Lo invitamos a este <strong>tour privado a Santa M\u00f3nica y Long Beach desde Anaheim<\/strong> con <strong>chofer\/gu\u00eda privado<\/strong>. Disfrutar\u00e1 de un tour de un d\u00eda completo a dos hermosas ciudades a bordo de un v<strong>eh\u00edculo privado de lujo<\/strong>.<\/p>\n<p>Como <strong>Tour Travel &amp; More<\/strong> solo ofrece recorridos privados y personalizados, usted determinar\u00e1 el lugar de recogida. Una vez que est\u00e9 en el veh\u00edculo, comenzar\u00e1 esta experiencia \u00fanica en California.<\/p>\n<p><strong>Long Beach<\/strong> es una ciudad costera y un puerto en el sur de California. Es un lugar que ofrece hermosas vistas de la costa y el mar, es decir, \u00a1es como un para\u00edso!<\/p>\n<p>Por otro lado, tenemos a <strong>Santa M\u00f3nica<\/strong>, otra ciudad costera ubicada al oeste de Los \u00c1ngeles. Este incre\u00edble lugar tiene muchas atracciones, restaurantes y hermosas playas. La combinaci\u00f3n de estas dos hermosas ciudades le dejar\u00e1 sin aliento y volver\u00e1 de sus vacaciones lleno de energ\u00eda.<\/p>\n<p>Cr\u00e9anos cuando le decimos que este Tour Privado a Santa M\u00f3nica y Long Beach es algo que definitivamente no querr\u00e1 perderse. Aproveche y personalice su experiencia privada, \u00a1este es un tour que nunca olvidar\u00e1s!.<\/p>\n<h2 id=\"tw-target-text\" class=\"tw-data-text tw-text-large XcVN5d tw-ta\" dir=\"ltr\" data-placeholder=\"Traducci\u00f3n\">Puntos de inter\u00e9s en nuestro Tour en Santa M\u00f3nica y Long Beach<\/h2>\n<p>Despu\u00e9s de una recogida privada y c\u00f3moda en su hotel en Anaheim, comenzar\u00e1 este tour privado de un d\u00eda completo a la costa de California.<\/p>\n<p><span class=\"JLqJ4b\" data-language-for-alternatives=\"es\" data-language-to-translate-into=\"en\" data-phrase-index=\"1\"><span class=\"JLqJ4b ChMk0b\" data-language-for-alternatives=\"es\" data-language-to-translate-into=\"en\" data-phrase-index=\"2\">En primer lugar, visitar\u00e1 <strong>Santa M\u00f3nica<\/strong>. <\/span><\/span><span class=\"JLqJ4b\" data-language-for-alternatives=\"es\" data-language-to-translate-into=\"en\" data-phrase-index=\"1\"><span class=\"JLqJ4b ChMk0b\" data-language-for-alternatives=\"es\" data-language-to-translate-into=\"en\" data-phrase-index=\"2\">Su conductor\/gu\u00eda privado lo guiar\u00e1 a los lugares m\u00e1s emblem\u00e1ticos de este destino \u00fanico.\u00a0 Usted se sentir\u00e1 como en una pel\u00edcula, ya que no creer\u00e1 lo que ver\u00e1n sus ojos. <\/span><\/span><\/p>\n<p><span class=\"JLqJ4b\" data-language-for-alternatives=\"es\" data-language-to-translate-into=\"en\" data-phrase-index=\"1\"><span class=\"JLqJ4b ChMk0b\" data-language-for-alternatives=\"es\" data-language-to-translate-into=\"en\" data-phrase-index=\"2\">En Santa M\u00f3nica podr\u00e1 visitar los siguientes lugares:<\/span><\/span><\/p>\n<ul>\n<li><a href=\"https:\/\/pacpark.com\">Parque Pac\u00edfico<\/a><\/li>\n<li><strong>Muelle de Santa Monica<\/strong><\/li>\n<li><strong>Ocean Drive<\/strong><\/li>\n<li><strong>Parque Palisades<\/strong><\/li>\n<li><strong>Playa Venecia<\/strong><\/li>\n<li><strong>Playa\u00a0<\/strong><b>M\u00fasculo<\/b><\/li>\n<li><strong>Paseo de la calle Third<\/strong><\/li>\n<li><strong>Escalinata de Santa M\u00f3nica<\/strong><\/li>\n<\/ul>\n<p>Antes de continuar hacia Long Beach, le recomendamos probar la comida en el paso costero de Santa M\u00f3nica. <span class=\"JLqJ4b ChMk0b\" data-language-for-alternatives=\"es\" data-language-to-translate-into=\"en\" data-phrase-index=\"1\">\u00bfQu\u00e9 mejor que comerse un rico bocadillo mientras disfruta de las vistas al mar?<\/span><\/p>\n<p><span class=\"JLqJ4b ChMk0b\" data-language-for-alternatives=\"es\" data-language-to-translate-into=\"en\" data-phrase-index=\"1\"><span class=\"JLqJ4b\" data-language-for-alternatives=\"es\" data-language-to-translate-into=\"en\" data-phrase-index=\"2\">En segundo lugar, continuar\u00e1 hacia <strong>Long Beach<\/strong>. Aqu\u00ed descubrir\u00e1 una ciudad llena de actividades y eventos interesantes, adem\u00e1s de sus famosas playas. Durante este tour privado podr\u00e1 visitar:<\/span><\/span><\/p>\n<ul>\n<li><strong>Acuario Pac\u00edfico<\/strong><\/li>\n<li><strong>Reina Mary<\/strong><\/li>\n<li><strong>N\u00e1poles<\/strong><\/li>\n<li><strong>Playa de Long Beach<\/strong><\/li>\n<li><strong>Villa Shoreline<\/strong><\/li>\n<\/ul>\n<p>El itinerario del tour se adaptar\u00e1 a sus propios intereses. <span class=\"JLqJ4b ChMk0b\" data-language-for-alternatives=\"es\" data-language-to-translate-into=\"en\" data-phrase-index=\"1\">Usted decidir\u00e1 en qu\u00e9 ciudad le gustar\u00eda pasar m\u00e1s tiempo de su recorrido.<\/span><\/p>\n<p><span class=\"JLqJ4b ChMk0b\" data-language-for-alternatives=\"es\" data-language-to-translate-into=\"en\" data-phrase-index=\"1\"><span class=\"JLqJ4b\" data-language-for-alternatives=\"es\" data-language-to-translate-into=\"en\" data-phrase-index=\"2\"> Finalmente, su conductor\/gu\u00eda privado lo llevar\u00e1 de regreso a su <strong>hotel en Anaheim.<\/strong><\/span><\/span><\/p>\n","protected":false},"excerpt":{"rendered":"<p>Descubra\u00a0 las incre\u00edbles atracciones, vistas y la zona costera que Santa M\u00f3nica y Long Beach tienen para ofrecer. <span class=\"JLqJ4b ChMk0b\" data-language-for-alternatives=\"es\" data-language-to-translate-into=\"en\" data-phrase-index=\"1\">Disfrute de un tour privado de un d\u00eda completo a la costa de California c\u00f3modamente en un veh\u00edculo privado de lujo con conductor\/gu\u00eda. El Turismo Exclusivo y de lujo que est\u00e1 buscando lo tenemos en Tour Travel &amp; More!.<\/span><\/p>\n","protected":false},"featured_media":88635,"comment_status":"open","ping_status":"closed","template":"","meta":{"_acf_changed":false},"product_brand":[],"product_cat":[1602,3144,3174,3177],"product_tag":[],"class_list":{"0":"post-88556","1":"product","2":"type-product","3":"status-publish","4":"has-post-thumbnail","6":"product_cat-eeuu-es","7":"product_cat-anaheim-en-es","8":"product_cat-anaheim-actividades-es","9":"product_cat-anaheim-tours-es","11":"first","12":"instock","13":"shipping-taxable","14":"purchasable","15":"product-type-simple"},"acf":[],"yoast_head":"<!-- This site is optimized with the Yoast SEO Premium plugin v25.3.1 (Yoast SEO v25.3.1) - https:\/\/yoast.com\/wordpress\/plugins\/seo\/ -->\n<title>Tour Privado a Santa M\u00f3nica y Long Beach desde Anaheim<\/title>\n<meta name=\"description\" content=\"Acomp\u00e1\u00f1enos en este Tour Privado a Santa M\u00f3nica y Long Beach junto a un chofer\/gu\u00eda oficial que le mostrar\u00e1 estos incre\u00edbles lugares.\" \/>\n<meta name=\"robots\" content=\"index, follow, max-snippet:-1, max-image-preview:large, max-video-preview:-1\" \/>\n<link rel=\"canonical\" href=\"https:\/\/tourtravelandmore.com\/es\/tours\/eeuu-es\/anaheim-en-es\/anaheim-actividades-es\/tour-privado-a-santa-monica-y-long-beach\/\" \/>\n<meta property=\"og:locale\" content=\"es_ES\" \/>\n<meta property=\"og:type\" content=\"article\" \/>\n<meta property=\"og:title\" content=\"Tour Privado a Santa M\u00f3nica y Long Beach\" \/>\n<meta property=\"og:description\" content=\"Acomp\u00e1\u00f1enos en este Tour Privado a Santa M\u00f3nica y Long Beach junto a un chofer\/gu\u00eda oficial que le mostrar\u00e1 estos incre\u00edbles lugares.\" \/>\n<meta property=\"og:url\" content=\"https:\/\/tourtravelandmore.com\/es\/tours\/eeuu-es\/anaheim-en-es\/anaheim-actividades-es\/tour-privado-a-santa-monica-y-long-beach\/\" \/>\n<meta property=\"og:site_name\" content=\"Tour Travel And More\" \/>\n<meta property=\"article:publisher\" content=\"https:\/\/www.facebook.com\/tourtravelandmore\/\" \/>\n<meta property=\"article:modified_time\" content=\"2022-01-31T11:20:58+00:00\" \/>\n<meta property=\"og:image\" content=\"https:\/\/tourtravelandmore.com\/wp-content\/uploads\/2020\/12\/santa-monica.jpg\" \/>\n\t<meta property=\"og:image:width\" content=\"1280\" \/>\n\t<meta property=\"og:image:height\" content=\"853\" \/>\n\t<meta property=\"og:image:type\" content=\"image\/jpeg\" \/>\n<meta name=\"twitter:card\" content=\"summary_large_image\" \/>\n<meta name=\"twitter:site\" content=\"@TourTravel_More\" \/>\n<meta name=\"twitter:label1\" content=\"Tiempo de lectura\" \/>\n\t<meta name=\"twitter:data1\" content=\"4 minutos\" \/>\n<script type=\"application\/ld+json\" class=\"yoast-schema-graph\">{\"@context\":\"https:\/\/schema.org\",\"@graph\":[{\"@type\":\"WebPage\",\"@id\":\"https:\/\/tourtravelandmore.com\/es\/tours\/eeuu-es\/anaheim-en-es\/anaheim-actividades-es\/tour-privado-a-santa-monica-y-long-beach\/\",\"url\":\"https:\/\/tourtravelandmore.com\/es\/tours\/eeuu-es\/anaheim-en-es\/anaheim-actividades-es\/tour-privado-a-santa-monica-y-long-beach\/\",\"name\":\"Tour Privado a Santa M\u00f3nica y Long Beach desde Anaheim\",\"isPartOf\":{\"@id\":\"https:\/\/tourtravelandmore.com\/es\/#website\"},\"primaryImageOfPage\":{\"@id\":\"https:\/\/tourtravelandmore.com\/es\/tours\/eeuu-es\/anaheim-en-es\/anaheim-actividades-es\/tour-privado-a-santa-monica-y-long-beach\/#primaryimage\"},\"image\":{\"@id\":\"https:\/\/tourtravelandmore.com\/es\/tours\/eeuu-es\/anaheim-en-es\/anaheim-actividades-es\/tour-privado-a-santa-monica-y-long-beach\/#primaryimage\"},\"thumbnailUrl\":\"https:\/\/tourtravelandmore.com\/wp-content\/uploads\/2020\/12\/santa-monica.jpg\",\"datePublished\":\"2020-12-01T10:43:01+00:00\",\"dateModified\":\"2022-01-31T11:20:58+00:00\",\"description\":\"Acomp\u00e1\u00f1enos en este Tour Privado a Santa M\u00f3nica y Long Beach junto a un chofer\/gu\u00eda oficial que le mostrar\u00e1 estos incre\u00edbles lugares.\",\"breadcrumb\":{\"@id\":\"https:\/\/tourtravelandmore.com\/es\/tours\/eeuu-es\/anaheim-en-es\/anaheim-actividades-es\/tour-privado-a-santa-monica-y-long-beach\/#breadcrumb\"},\"inLanguage\":\"es\",\"potentialAction\":[{\"@type\":\"ReadAction\",\"target\":[\"https:\/\/tourtravelandmore.com\/es\/tours\/eeuu-es\/anaheim-en-es\/anaheim-actividades-es\/tour-privado-a-santa-monica-y-long-beach\/\"]}]},{\"@type\":\"ImageObject\",\"inLanguage\":\"es\",\"@id\":\"https:\/\/tourtravelandmore.com\/es\/tours\/eeuu-es\/anaheim-en-es\/anaheim-actividades-es\/tour-privado-a-santa-monica-y-long-beach\/#primaryimage\",\"url\":\"https:\/\/tourtravelandmore.com\/wp-content\/uploads\/2020\/12\/santa-monica.jpg\",\"contentUrl\":\"https:\/\/tourtravelandmore.com\/wp-content\/uploads\/2020\/12\/santa-monica.jpg\",\"width\":1280,\"height\":853},{\"@type\":\"BreadcrumbList\",\"@id\":\"https:\/\/tourtravelandmore.com\/es\/tours\/eeuu-es\/anaheim-en-es\/anaheim-actividades-es\/tour-privado-a-santa-monica-y-long-beach\/#breadcrumb\",\"itemListElement\":[{\"@type\":\"ListItem\",\"position\":1,\"name\":\"Home\",\"item\":\"https:\/\/tourtravelandmore.com\/es\/\"},{\"@type\":\"ListItem\",\"position\":2,\"name\":\"Tours\",\"item\":\"https:\/\/tourtravelandmore.com\/es\/tours\/\"},{\"@type\":\"ListItem\",\"position\":3,\"name\":\"Tour Privado a Santa M\u00f3nica y Long Beach\"}]},{\"@type\":\"WebSite\",\"@id\":\"https:\/\/tourtravelandmore.com\/es\/#website\",\"url\":\"https:\/\/tourtravelandmore.com\/es\/\",\"name\":\"Tour Travel And More\",\"description\":\"Private sightseeing tours and luxury transfers in Spain\",\"publisher\":{\"@id\":\"https:\/\/tourtravelandmore.com\/es\/#organization\"},\"potentialAction\":[{\"@type\":\"SearchAction\",\"target\":{\"@type\":\"EntryPoint\",\"urlTemplate\":\"https:\/\/tourtravelandmore.com\/es\/?s={search_term_string}\"},\"query-input\":{\"@type\":\"PropertyValueSpecification\",\"valueRequired\":true,\"valueName\":\"search_term_string\"}}],\"inLanguage\":\"es\"},{\"@type\":\"Organization\",\"@id\":\"https:\/\/tourtravelandmore.com\/es\/#organization\",\"name\":\"Tour Travel And More\",\"url\":\"https:\/\/tourtravelandmore.com\/es\/\",\"logo\":{\"@type\":\"ImageObject\",\"inLanguage\":\"es\",\"@id\":\"https:\/\/tourtravelandmore.com\/es\/#\/schema\/logo\/image\/\",\"url\":\"https:\/\/tourtravelandmore.com\/wp-content\/uploads\/2022\/12\/cropped-logo-cabecera-new.png\",\"contentUrl\":\"https:\/\/tourtravelandmore.com\/wp-content\/uploads\/2022\/12\/cropped-logo-cabecera-new.png\",\"width\":430,\"height\":61,\"caption\":\"Tour Travel And More\"},\"image\":{\"@id\":\"https:\/\/tourtravelandmore.com\/es\/#\/schema\/logo\/image\/\"},\"sameAs\":[\"https:\/\/www.facebook.com\/tourtravelandmore\/\",\"https:\/\/x.com\/TourTravel_More\"]}]}<\/script>\n<!-- \/ Yoast SEO Premium plugin. -->","yoast_head_json":{"title":"Tour Privado a Santa M\u00f3nica y Long Beach desde Anaheim","description":"Acomp\u00e1\u00f1enos en este Tour Privado a Santa M\u00f3nica y Long Beach junto a un chofer\/gu\u00eda oficial que le mostrar\u00e1 estos incre\u00edbles lugares.","robots":{"index":"index","follow":"follow","max-snippet":"max-snippet:-1","max-image-preview":"max-image-preview:large","max-video-preview":"max-video-preview:-1"},"canonical":"https:\/\/tourtravelandmore.com\/es\/tours\/eeuu-es\/anaheim-en-es\/anaheim-actividades-es\/tour-privado-a-santa-monica-y-long-beach\/","og_locale":"es_ES","og_type":"article","og_title":"Tour Privado a Santa M\u00f3nica y Long Beach","og_description":"Acomp\u00e1\u00f1enos en este Tour Privado a Santa M\u00f3nica y Long Beach junto a un chofer\/gu\u00eda oficial que le mostrar\u00e1 estos incre\u00edbles lugares.","og_url":"https:\/\/tourtravelandmore.com\/es\/tours\/eeuu-es\/anaheim-en-es\/anaheim-actividades-es\/tour-privado-a-santa-monica-y-long-beach\/","og_site_name":"Tour Travel And More","article_publisher":"https:\/\/www.facebook.com\/tourtravelandmore\/","article_modified_time":"2022-01-31T11:20:58+00:00","og_image":[{"width":1280,"height":853,"url":"https:\/\/tourtravelandmore.com\/wp-content\/uploads\/2020\/12\/santa-monica.jpg","type":"image\/jpeg"}],"twitter_card":"summary_large_image","twitter_site":"@TourTravel_More","twitter_misc":{"Tiempo de lectura":"4 minutos"},"schema":{"@context":"https:\/\/schema.org","@graph":[{"@type":"WebPage","@id":"https:\/\/tourtravelandmore.com\/es\/tours\/eeuu-es\/anaheim-en-es\/anaheim-actividades-es\/tour-privado-a-santa-monica-y-long-beach\/","url":"https:\/\/tourtravelandmore.com\/es\/tours\/eeuu-es\/anaheim-en-es\/anaheim-actividades-es\/tour-privado-a-santa-monica-y-long-beach\/","name":"Tour Privado a Santa M\u00f3nica y Long Beach desde Anaheim","isPartOf":{"@id":"https:\/\/tourtravelandmore.com\/es\/#website"},"primaryImageOfPage":{"@id":"https:\/\/tourtravelandmore.com\/es\/tours\/eeuu-es\/anaheim-en-es\/anaheim-actividades-es\/tour-privado-a-santa-monica-y-long-beach\/#primaryimage"},"image":{"@id":"https:\/\/tourtravelandmore.com\/es\/tours\/eeuu-es\/anaheim-en-es\/anaheim-actividades-es\/tour-privado-a-santa-monica-y-long-beach\/#primaryimage"},"thumbnailUrl":"https:\/\/tourtravelandmore.com\/wp-content\/uploads\/2020\/12\/santa-monica.jpg","datePublished":"2020-12-01T10:43:01+00:00","dateModified":"2022-01-31T11:20:58+00:00","description":"Acomp\u00e1\u00f1enos en este Tour Privado a Santa M\u00f3nica y Long Beach junto a un chofer\/gu\u00eda oficial que le mostrar\u00e1 estos incre\u00edbles lugares.","breadcrumb":{"@id":"https:\/\/tourtravelandmore.com\/es\/tours\/eeuu-es\/anaheim-en-es\/anaheim-actividades-es\/tour-privado-a-santa-monica-y-long-beach\/#breadcrumb"},"inLanguage":"es","potentialAction":[{"@type":"ReadAction","target":["https:\/\/tourtravelandmore.com\/es\/tours\/eeuu-es\/anaheim-en-es\/anaheim-actividades-es\/tour-privado-a-santa-monica-y-long-beach\/"]}]},{"@type":"ImageObject","inLanguage":"es","@id":"https:\/\/tourtravelandmore.com\/es\/tours\/eeuu-es\/anaheim-en-es\/anaheim-actividades-es\/tour-privado-a-santa-monica-y-long-beach\/#primaryimage","url":"https:\/\/tourtravelandmore.com\/wp-content\/uploads\/2020\/12\/santa-monica.jpg","contentUrl":"https:\/\/tourtravelandmore.com\/wp-content\/uploads\/2020\/12\/santa-monica.jpg","width":1280,"height":853},{"@type":"BreadcrumbList","@id":"https:\/\/tourtravelandmore.com\/es\/tours\/eeuu-es\/anaheim-en-es\/anaheim-actividades-es\/tour-privado-a-santa-monica-y-long-beach\/#breadcrumb","itemListElement":[{"@type":"ListItem","position":1,"name":"Home","item":"https:\/\/tourtravelandmore.com\/es\/"},{"@type":"ListItem","position":2,"name":"Tours","item":"https:\/\/tourtravelandmore.com\/es\/tours\/"},{"@type":"ListItem","position":3,"name":"Tour Privado a Santa M\u00f3nica y Long Beach"}]},{"@type":"WebSite","@id":"https:\/\/tourtravelandmore.com\/es\/#website","url":"https:\/\/tourtravelandmore.com\/es\/","name":"Tour Travel And More","description":"Private sightseeing tours and luxury transfers in Spain","publisher":{"@id":"https:\/\/tourtravelandmore.com\/es\/#organization"},"potentialAction":[{"@type":"SearchAction","target":{"@type":"EntryPoint","urlTemplate":"https:\/\/tourtravelandmore.com\/es\/?s={search_term_string}"},"query-input":{"@type":"PropertyValueSpecification","valueRequired":true,"valueName":"search_term_string"}}],"inLanguage":"es"},{"@type":"Organization","@id":"https:\/\/tourtravelandmore.com\/es\/#organization","name":"Tour Travel And More","url":"https:\/\/tourtravelandmore.com\/es\/","logo":{"@type":"ImageObject","inLanguage":"es","@id":"https:\/\/tourtravelandmore.com\/es\/#\/schema\/logo\/image\/","url":"https:\/\/tourtravelandmore.com\/wp-content\/uploads\/2022\/12\/cropped-logo-cabecera-new.png","contentUrl":"https:\/\/tourtravelandmore.com\/wp-content\/uploads\/2022\/12\/cropped-logo-cabecera-new.png","width":430,"height":61,"caption":"Tour Travel And More"},"image":{"@id":"https:\/\/tourtravelandmore.com\/es\/#\/schema\/logo\/image\/"},"sameAs":["https:\/\/www.facebook.com\/tourtravelandmore\/","https:\/\/x.com\/TourTravel_More"]}]}},"_links":{"self":[{"href":"https:\/\/tourtravelandmore.com\/es\/wp-json\/wp\/v2\/product\/88556","targetHints":{"allow":["GET"]}}],"collection":[{"href":"https:\/\/tourtravelandmore.com\/es\/wp-json\/wp\/v2\/product"}],"about":[{"href":"https:\/\/tourtravelandmore.com\/es\/wp-json\/wp\/v2\/types\/product"}],"replies":[{"embeddable":true,"href":"https:\/\/tourtravelandmore.com\/es\/wp-json\/wp\/v2\/comments?post=88556"}],"wp:featuredmedia":[{"embeddable":true,"href":"https:\/\/tourtravelandmore.com\/es\/wp-json\/wp\/v2\/media\/88635"}],"wp:attachment":[{"href":"https:\/\/tourtravelandmore.com\/es\/wp-json\/wp\/v2\/media?parent=88556"}],"wp:term":[{"taxonomy":"product_brand","embeddable":true,"href":"https:\/\/tourtravelandmore.com\/es\/wp-json\/wp\/v2\/product_brand?post=88556"},{"taxonomy":"product_cat","embeddable":true,"href":"https:\/\/tourtravelandmore.com\/es\/wp-json\/wp\/v2\/product_cat?post=88556"},{"taxonomy":"product_tag","embeddable":true,"href":"https:\/\/tourtravelandmore.com\/es\/wp-json\/wp\/v2\/product_tag?post=88556"}],"curies":[{"name":"wp","href":"https:\/\/api.w.org\/{rel}","templated":true}]}}