{"id":88544,"date":"2020-12-01T11:10:47","date_gmt":"2020-12-01T10:10:49","guid":{"rendered":"https:\/\/tourtravelandmore.com\/?post_type=product&#038;p=88544"},"modified":"2021-09-10T14:33:06","modified_gmt":"2021-09-10T12:33:06","slug":"tour-a-la-cascada-del-desfiladero-del-rio-columbia-desde-portland","status":"publish","type":"product","link":"https:\/\/tourtravelandmore.com\/es\/tours\/eeuu-es\/portland-es\/portland-actividades-es\/tour-a-la-cascada-del-desfiladero-del-rio-columbia-desde-portland\/","title":{"rendered":"Tour a la cascada del desfiladero del r\u00edo Columbia desde Portland"},"content":{"rendered":"<h2 id=\"tw-target-text\" class=\"tw-data-text tw-text-large XcVN5d tw-ta\" dir=\"ltr\" data-placeholder=\"Traducci\u00f3n\"><span lang=\"es\">Descripci\u00f3n del Tour a la cascada del desfiladero del r\u00edo Columbia desde Portland<\/span><\/h2>\n<p>Realice nuestro recorrido por las cataratas Columbia River Gorge desde Portland y disfrute de una experiencia de d\u00eda completo para conocer las cascadas cerca de Portland.<\/p>\n<p>Portland es la ciudad m\u00e1s grande de Oregon, pero no es una ciudad enorme. Es por eso que despu\u00e9s de visitar el centro de la ciudad con un recorrido o recorrido a pie, aproveche la oportunidad de conocer el exterior de Portland en Oreg\u00f3n.<\/p>\n<p>Esto le dar\u00e1 una gran vista panor\u00e1mica y panor\u00e1mica de algunos de los lugares m\u00e1s impresionantes. Hemos organizado este ejemplo de una experiencia para una experiencia de 8 horas. Pero esto tambi\u00e9n se puede hacer en un recorrido de 4 horas si lo prefiere.<\/p>\n<p>Para este tour privado, organizaremos una recogida privada en su hotel o lugar de elecci\u00f3n en Portland. Luego nos dirigiremos hacia las cataratas del desfiladero del r\u00edo Columbia.<\/p>\n<p><em>\u00a1Nuestro tour privado ser\u00e1 una gran experiencia para ti!<\/em><\/p>\n<h2>Puntos emblem\u00e1ticos y de inter\u00e9s en nuestro tour privado<\/h2>\n<p>En primer lugar, organizaremos una recogida privada en su hotel o lugar de elecci\u00f3n en Portland. Luego disfrutaremos de un tour privado de la cascada del r\u00edo Columbia desde Portland.<\/p>\n<p>Disfrutaremos de los mejores sitios incluyendo los siguientes:<\/p>\n<ul>\n<li><strong>El \u00e1rea esc\u00e9nica nacional de la garganta del r\u00edo Columbia.<\/strong><\/li>\n<li><strong>Puente de los Dioses<\/strong><\/li>\n<li><strong>Carretera hist\u00f3rica del r\u00edo Columbia<\/strong><\/li>\n<li><strong>Garganta de Oneonta<\/strong><\/li>\n<li><strong>\u00a1Mucho m\u00e1s!<\/strong><\/li>\n<\/ul>\n<p>Estamos aqu\u00ed para hacer que su experiencia sea memorable. Este tour privado se puede adaptar a sus propias necesidades. Estamos aqu\u00ed para hacer que esta experiencia sea perfecta para ti.<\/p>\n<p>A continuaci\u00f3n, se muestran algunos ejemplos de lo que puede disfrutar. Este tour privado terminar\u00e1 desde su hotel o lugar de elecci\u00f3n en Portland.<\/p>\n<p>Ofrecemos <a href=\"https:\/\/tourtravelandmore.com\/es\/ciudad\/eeuu-es\/portland-es\/#shop\/\">tours privados a cualquier lugar de Portland<\/a> y por supuesto en los Estados Unidos. Tour Travel &amp; More ofrece recorridos alrededor del mundo. \u00a1Estamos aqu\u00ed para hacer que la experiencia sea \u00fanica!<\/p>\n","protected":false},"excerpt":{"rendered":"<p id=\"tw-target-text\" class=\"tw-data-text tw-text-large XcVN5d tw-ta\" dir=\"ltr\" data-placeholder=\"Traducci\u00f3n\">Excursi\u00f3n a la cascada de la garganta del <strong>r\u00edo Columbia desde Portland<\/strong> con gu\u00eda y conductor. Tour privado desde Portland.<\/p>\n","protected":false},"featured_media":88602,"comment_status":"open","ping_status":"closed","template":"","meta":{"_acf_changed":false},"product_brand":[],"product_cat":[1602,2918,2921,2924],"product_tag":[],"class_list":{"0":"post-88544","1":"product","2":"type-product","3":"status-publish","4":"has-post-thumbnail","6":"product_cat-eeuu-es","7":"product_cat-portland-es","8":"product_cat-portland-actividades-es","9":"product_cat-portland-tours-privados-es","11":"first","12":"instock","13":"shipping-taxable","14":"purchasable","15":"product-type-simple"},"acf":[],"yoast_head":"<!-- This site is optimized with the Yoast SEO Premium plugin v25.3.1 (Yoast SEO v25.3.1) - https:\/\/yoast.com\/wordpress\/plugins\/seo\/ -->\n<title>Tour a la cascada del desfiladero del r\u00edo Columbia desde Portland | TTM<\/title>\n<meta name=\"description\" content=\"\u2192 Tour a la cascada del desfiladero del r\u00edo Columbia desde Portland con gu\u00eda y conductor. \u00a1Cont\u00e1ctenos para m\u00e1s informaci\u00f3n! \u2705\" \/>\n<meta name=\"robots\" content=\"index, follow, max-snippet:-1, max-image-preview:large, max-video-preview:-1\" \/>\n<link rel=\"canonical\" href=\"https:\/\/tourtravelandmore.com\/es\/tours\/eeuu-es\/portland-es\/portland-actividades-es\/tour-a-la-cascada-del-desfiladero-del-rio-columbia-desde-portland\/\" \/>\n<meta property=\"og:locale\" content=\"es_ES\" \/>\n<meta property=\"og:type\" content=\"article\" \/>\n<meta property=\"og:title\" content=\"Tour a la cascada del desfiladero del r\u00edo Columbia desde Portland\" \/>\n<meta property=\"og:description\" content=\"\u2192 Tour a la cascada del desfiladero del r\u00edo Columbia desde Portland con gu\u00eda y conductor. \u00a1Cont\u00e1ctenos para m\u00e1s informaci\u00f3n! \u2705\" \/>\n<meta property=\"og:url\" content=\"https:\/\/tourtravelandmore.com\/es\/tours\/eeuu-es\/portland-es\/portland-actividades-es\/tour-a-la-cascada-del-desfiladero-del-rio-columbia-desde-portland\/\" \/>\n<meta property=\"og:site_name\" content=\"Tour Travel And More\" \/>\n<meta property=\"article:publisher\" content=\"https:\/\/www.facebook.com\/tourtravelandmore\/\" \/>\n<meta property=\"article:modified_time\" content=\"2021-09-10T12:33:06+00:00\" \/>\n<meta property=\"og:image\" content=\"https:\/\/tourtravelandmore.com\/wp-content\/uploads\/2020\/12\/Rabat.jpeg\" \/>\n\t<meta property=\"og:image:width\" content=\"1352\" \/>\n\t<meta property=\"og:image:height\" content=\"899\" \/>\n\t<meta property=\"og:image:type\" content=\"image\/jpeg\" \/>\n<meta name=\"twitter:card\" content=\"summary_large_image\" \/>\n<meta name=\"twitter:site\" content=\"@TourTravel_More\" \/>\n<meta name=\"twitter:label1\" content=\"Tiempo de lectura\" \/>\n\t<meta name=\"twitter:data1\" content=\"2 minutos\" \/>\n<script type=\"application\/ld+json\" class=\"yoast-schema-graph\">{\"@context\":\"https:\/\/schema.org\",\"@graph\":[{\"@type\":\"WebPage\",\"@id\":\"https:\/\/tourtravelandmore.com\/es\/tours\/eeuu-es\/portland-es\/portland-actividades-es\/tour-a-la-cascada-del-desfiladero-del-rio-columbia-desde-portland\/\",\"url\":\"https:\/\/tourtravelandmore.com\/es\/tours\/eeuu-es\/portland-es\/portland-actividades-es\/tour-a-la-cascada-del-desfiladero-del-rio-columbia-desde-portland\/\",\"name\":\"Tour a la cascada del desfiladero del r\u00edo Columbia desde Portland | TTM\",\"isPartOf\":{\"@id\":\"https:\/\/tourtravelandmore.com\/es\/#website\"},\"primaryImageOfPage\":{\"@id\":\"https:\/\/tourtravelandmore.com\/es\/tours\/eeuu-es\/portland-es\/portland-actividades-es\/tour-a-la-cascada-del-desfiladero-del-rio-columbia-desde-portland\/#primaryimage\"},\"image\":{\"@id\":\"https:\/\/tourtravelandmore.com\/es\/tours\/eeuu-es\/portland-es\/portland-actividades-es\/tour-a-la-cascada-del-desfiladero-del-rio-columbia-desde-portland\/#primaryimage\"},\"thumbnailUrl\":\"https:\/\/tourtravelandmore.com\/wp-content\/uploads\/2020\/12\/Rabat.jpeg\",\"datePublished\":\"2020-12-01T10:10:49+00:00\",\"dateModified\":\"2021-09-10T12:33:06+00:00\",\"description\":\"\u2192 Tour a la cascada del desfiladero del r\u00edo Columbia desde Portland con gu\u00eda y conductor. \u00a1Cont\u00e1ctenos para m\u00e1s informaci\u00f3n! \u2705\",\"breadcrumb\":{\"@id\":\"https:\/\/tourtravelandmore.com\/es\/tours\/eeuu-es\/portland-es\/portland-actividades-es\/tour-a-la-cascada-del-desfiladero-del-rio-columbia-desde-portland\/#breadcrumb\"},\"inLanguage\":\"es\",\"potentialAction\":[{\"@type\":\"ReadAction\",\"target\":[\"https:\/\/tourtravelandmore.com\/es\/tours\/eeuu-es\/portland-es\/portland-actividades-es\/tour-a-la-cascada-del-desfiladero-del-rio-columbia-desde-portland\/\"]}]},{\"@type\":\"ImageObject\",\"inLanguage\":\"es\",\"@id\":\"https:\/\/tourtravelandmore.com\/es\/tours\/eeuu-es\/portland-es\/portland-actividades-es\/tour-a-la-cascada-del-desfiladero-del-rio-columbia-desde-portland\/#primaryimage\",\"url\":\"https:\/\/tourtravelandmore.com\/wp-content\/uploads\/2020\/12\/Rabat.jpeg\",\"contentUrl\":\"https:\/\/tourtravelandmore.com\/wp-content\/uploads\/2020\/12\/Rabat.jpeg\",\"width\":1352,\"height\":899,\"caption\":\"Rabat\"},{\"@type\":\"BreadcrumbList\",\"@id\":\"https:\/\/tourtravelandmore.com\/es\/tours\/eeuu-es\/portland-es\/portland-actividades-es\/tour-a-la-cascada-del-desfiladero-del-rio-columbia-desde-portland\/#breadcrumb\",\"itemListElement\":[{\"@type\":\"ListItem\",\"position\":1,\"name\":\"Home\",\"item\":\"https:\/\/tourtravelandmore.com\/es\/\"},{\"@type\":\"ListItem\",\"position\":2,\"name\":\"Tours\",\"item\":\"https:\/\/tourtravelandmore.com\/es\/tours\/\"},{\"@type\":\"ListItem\",\"position\":3,\"name\":\"Tour a la cascada del desfiladero del r\u00edo Columbia desde Portland\"}]},{\"@type\":\"WebSite\",\"@id\":\"https:\/\/tourtravelandmore.com\/es\/#website\",\"url\":\"https:\/\/tourtravelandmore.com\/es\/\",\"name\":\"Tour Travel And More\",\"description\":\"Private sightseeing tours and luxury transfers in Spain\",\"publisher\":{\"@id\":\"https:\/\/tourtravelandmore.com\/es\/#organization\"},\"potentialAction\":[{\"@type\":\"SearchAction\",\"target\":{\"@type\":\"EntryPoint\",\"urlTemplate\":\"https:\/\/tourtravelandmore.com\/es\/?s={search_term_string}\"},\"query-input\":{\"@type\":\"PropertyValueSpecification\",\"valueRequired\":true,\"valueName\":\"search_term_string\"}}],\"inLanguage\":\"es\"},{\"@type\":\"Organization\",\"@id\":\"https:\/\/tourtravelandmore.com\/es\/#organization\",\"name\":\"Tour Travel And More\",\"url\":\"https:\/\/tourtravelandmore.com\/es\/\",\"logo\":{\"@type\":\"ImageObject\",\"inLanguage\":\"es\",\"@id\":\"https:\/\/tourtravelandmore.com\/es\/#\/schema\/logo\/image\/\",\"url\":\"https:\/\/tourtravelandmore.com\/wp-content\/uploads\/2022\/12\/cropped-logo-cabecera-new.png\",\"contentUrl\":\"https:\/\/tourtravelandmore.com\/wp-content\/uploads\/2022\/12\/cropped-logo-cabecera-new.png\",\"width\":430,\"height\":61,\"caption\":\"Tour Travel And More\"},\"image\":{\"@id\":\"https:\/\/tourtravelandmore.com\/es\/#\/schema\/logo\/image\/\"},\"sameAs\":[\"https:\/\/www.facebook.com\/tourtravelandmore\/\",\"https:\/\/x.com\/TourTravel_More\"]}]}<\/script>\n<!-- \/ Yoast SEO Premium plugin. -->","yoast_head_json":{"title":"Tour a la cascada del desfiladero del r\u00edo Columbia desde Portland | TTM","description":"\u2192 Tour a la cascada del desfiladero del r\u00edo Columbia desde Portland con gu\u00eda y conductor. \u00a1Cont\u00e1ctenos para m\u00e1s informaci\u00f3n! \u2705","robots":{"index":"index","follow":"follow","max-snippet":"max-snippet:-1","max-image-preview":"max-image-preview:large","max-video-preview":"max-video-preview:-1"},"canonical":"https:\/\/tourtravelandmore.com\/es\/tours\/eeuu-es\/portland-es\/portland-actividades-es\/tour-a-la-cascada-del-desfiladero-del-rio-columbia-desde-portland\/","og_locale":"es_ES","og_type":"article","og_title":"Tour a la cascada del desfiladero del r\u00edo Columbia desde Portland","og_description":"\u2192 Tour a la cascada del desfiladero del r\u00edo Columbia desde Portland con gu\u00eda y conductor. \u00a1Cont\u00e1ctenos para m\u00e1s informaci\u00f3n! \u2705","og_url":"https:\/\/tourtravelandmore.com\/es\/tours\/eeuu-es\/portland-es\/portland-actividades-es\/tour-a-la-cascada-del-desfiladero-del-rio-columbia-desde-portland\/","og_site_name":"Tour Travel And More","article_publisher":"https:\/\/www.facebook.com\/tourtravelandmore\/","article_modified_time":"2021-09-10T12:33:06+00:00","og_image":[{"width":1352,"height":899,"url":"https:\/\/tourtravelandmore.com\/wp-content\/uploads\/2020\/12\/Rabat.jpeg","type":"image\/jpeg"}],"twitter_card":"summary_large_image","twitter_site":"@TourTravel_More","twitter_misc":{"Tiempo de lectura":"2 minutos"},"schema":{"@context":"https:\/\/schema.org","@graph":[{"@type":"WebPage","@id":"https:\/\/tourtravelandmore.com\/es\/tours\/eeuu-es\/portland-es\/portland-actividades-es\/tour-a-la-cascada-del-desfiladero-del-rio-columbia-desde-portland\/","url":"https:\/\/tourtravelandmore.com\/es\/tours\/eeuu-es\/portland-es\/portland-actividades-es\/tour-a-la-cascada-del-desfiladero-del-rio-columbia-desde-portland\/","name":"Tour a la cascada del desfiladero del r\u00edo Columbia desde Portland | TTM","isPartOf":{"@id":"https:\/\/tourtravelandmore.com\/es\/#website"},"primaryImageOfPage":{"@id":"https:\/\/tourtravelandmore.com\/es\/tours\/eeuu-es\/portland-es\/portland-actividades-es\/tour-a-la-cascada-del-desfiladero-del-rio-columbia-desde-portland\/#primaryimage"},"image":{"@id":"https:\/\/tourtravelandmore.com\/es\/tours\/eeuu-es\/portland-es\/portland-actividades-es\/tour-a-la-cascada-del-desfiladero-del-rio-columbia-desde-portland\/#primaryimage"},"thumbnailUrl":"https:\/\/tourtravelandmore.com\/wp-content\/uploads\/2020\/12\/Rabat.jpeg","datePublished":"2020-12-01T10:10:49+00:00","dateModified":"2021-09-10T12:33:06+00:00","description":"\u2192 Tour a la cascada del desfiladero del r\u00edo Columbia desde Portland con gu\u00eda y conductor. \u00a1Cont\u00e1ctenos para m\u00e1s informaci\u00f3n! \u2705","breadcrumb":{"@id":"https:\/\/tourtravelandmore.com\/es\/tours\/eeuu-es\/portland-es\/portland-actividades-es\/tour-a-la-cascada-del-desfiladero-del-rio-columbia-desde-portland\/#breadcrumb"},"inLanguage":"es","potentialAction":[{"@type":"ReadAction","target":["https:\/\/tourtravelandmore.com\/es\/tours\/eeuu-es\/portland-es\/portland-actividades-es\/tour-a-la-cascada-del-desfiladero-del-rio-columbia-desde-portland\/"]}]},{"@type":"ImageObject","inLanguage":"es","@id":"https:\/\/tourtravelandmore.com\/es\/tours\/eeuu-es\/portland-es\/portland-actividades-es\/tour-a-la-cascada-del-desfiladero-del-rio-columbia-desde-portland\/#primaryimage","url":"https:\/\/tourtravelandmore.com\/wp-content\/uploads\/2020\/12\/Rabat.jpeg","contentUrl":"https:\/\/tourtravelandmore.com\/wp-content\/uploads\/2020\/12\/Rabat.jpeg","width":1352,"height":899,"caption":"Rabat"},{"@type":"BreadcrumbList","@id":"https:\/\/tourtravelandmore.com\/es\/tours\/eeuu-es\/portland-es\/portland-actividades-es\/tour-a-la-cascada-del-desfiladero-del-rio-columbia-desde-portland\/#breadcrumb","itemListElement":[{"@type":"ListItem","position":1,"name":"Home","item":"https:\/\/tourtravelandmore.com\/es\/"},{"@type":"ListItem","position":2,"name":"Tours","item":"https:\/\/tourtravelandmore.com\/es\/tours\/"},{"@type":"ListItem","position":3,"name":"Tour a la cascada del desfiladero del r\u00edo Columbia desde Portland"}]},{"@type":"WebSite","@id":"https:\/\/tourtravelandmore.com\/es\/#website","url":"https:\/\/tourtravelandmore.com\/es\/","name":"Tour Travel And More","description":"Private sightseeing tours and luxury transfers in Spain","publisher":{"@id":"https:\/\/tourtravelandmore.com\/es\/#organization"},"potentialAction":[{"@type":"SearchAction","target":{"@type":"EntryPoint","urlTemplate":"https:\/\/tourtravelandmore.com\/es\/?s={search_term_string}"},"query-input":{"@type":"PropertyValueSpecification","valueRequired":true,"valueName":"search_term_string"}}],"inLanguage":"es"},{"@type":"Organization","@id":"https:\/\/tourtravelandmore.com\/es\/#organization","name":"Tour Travel And More","url":"https:\/\/tourtravelandmore.com\/es\/","logo":{"@type":"ImageObject","inLanguage":"es","@id":"https:\/\/tourtravelandmore.com\/es\/#\/schema\/logo\/image\/","url":"https:\/\/tourtravelandmore.com\/wp-content\/uploads\/2022\/12\/cropped-logo-cabecera-new.png","contentUrl":"https:\/\/tourtravelandmore.com\/wp-content\/uploads\/2022\/12\/cropped-logo-cabecera-new.png","width":430,"height":61,"caption":"Tour Travel And More"},"image":{"@id":"https:\/\/tourtravelandmore.com\/es\/#\/schema\/logo\/image\/"},"sameAs":["https:\/\/www.facebook.com\/tourtravelandmore\/","https:\/\/x.com\/TourTravel_More"]}]}},"_links":{"self":[{"href":"https:\/\/tourtravelandmore.com\/es\/wp-json\/wp\/v2\/product\/88544","targetHints":{"allow":["GET"]}}],"collection":[{"href":"https:\/\/tourtravelandmore.com\/es\/wp-json\/wp\/v2\/product"}],"about":[{"href":"https:\/\/tourtravelandmore.com\/es\/wp-json\/wp\/v2\/types\/product"}],"replies":[{"embeddable":true,"href":"https:\/\/tourtravelandmore.com\/es\/wp-json\/wp\/v2\/comments?post=88544"}],"wp:featuredmedia":[{"embeddable":true,"href":"https:\/\/tourtravelandmore.com\/es\/wp-json\/wp\/v2\/media\/88602"}],"wp:attachment":[{"href":"https:\/\/tourtravelandmore.com\/es\/wp-json\/wp\/v2\/media?parent=88544"}],"wp:term":[{"taxonomy":"product_brand","embeddable":true,"href":"https:\/\/tourtravelandmore.com\/es\/wp-json\/wp\/v2\/product_brand?post=88544"},{"taxonomy":"product_cat","embeddable":true,"href":"https:\/\/tourtravelandmore.com\/es\/wp-json\/wp\/v2\/product_cat?post=88544"},{"taxonomy":"product_tag","embeddable":true,"href":"https:\/\/tourtravelandmore.com\/es\/wp-json\/wp\/v2\/product_tag?post=88544"}],"curies":[{"name":"wp","href":"https:\/\/api.w.org\/{rel}","templated":true}]}}