{"id":88412,"date":"2020-11-30T11:57:41","date_gmt":"2020-11-30T10:57:43","guid":{"rendered":"https:\/\/tourtravelandmore.com\/?post_type=product&#038;p=88412"},"modified":"2021-09-13T10:48:35","modified_gmt":"2021-09-13T08:48:35","slug":"tour-privado-de-fantasmas-de-savannah","status":"publish","type":"product","link":"https:\/\/tourtravelandmore.com\/es\/tours\/eeuu-es\/savannah-es\/savannah-actividades-es\/tour-privado-de-fantasmas-de-savannah\/","title":{"rendered":"Tour privado de fantasmas de Savannah"},"content":{"rendered":"<h2 id=\"tw-target-text\" class=\"tw-data-text tw-text-large XcVN5d tw-ta\" dir=\"ltr\" data-placeholder=\"Traducci\u00f3n\"><span lang=\"es\">Descripci\u00f3n del Tour Privado de fantasmas de Savannah<\/span><\/h2>\n<p>Realice nuestro tour privado de fantasmas de Savannah para vivir una experiencia real en la ciudad de Savannah. Uno de los recorridos m\u00e1s populares en Savannah es disfrutar de un recorrido fantasma. Por eso no puedes perderte esta experiencia privada.<\/p>\n<p>Conocer la ciudad m\u00e1s embrujada de Estados Unidos es una experiencia divertida, especialmente con nosotros. Esto puede incluir conocer antiguas experiencias que han ocurrido en la ciudad. Un ejemplo de esto puede ser la trata de esclavos, los piratas, los ronroneos, el hermano en abundancia, el embotamiento, la fiebre amarilla y mucho m\u00e1s, incluido el asesinato en masa.<\/p>\n<p><strong>Cuando visite Savannah, debemos llevarlo hacia el mejor tour de fantasmas de la ciudad.<\/strong><\/p>\n<p>\u00a1Este es un gran recorrido para los amantes de las emociones fuertes! Es por eso que Savannah es una gran ciudad para visitar y nuestro tour fantasma es perfecto. \u00a1Savannah es conocida como la ciudad encantada! Pase por las hermosas casas encantadas que ahora han sido restauradas.<\/p>\n<p>Todos nuestros recorridos son privados, por eso podemos organizar un recorrido fantasma privado para usted. Si viaja con ni\u00f1os, podemos organizarle un tour m\u00e1s adecuado para ellos. Si solo son adultos, lo adaptaremos a sus propias necesidades.<\/p>\n<h2>Puntos emblem\u00e1ticos y de inter\u00e9s en Tour Privado de fantasmas de Savannah<\/h2>\n<p>En primer lugar, nos encontraremos en el centro de Savannah. Luego comenzaremos este tour privado. Si por casualidad se hospeda en un hotel ubicado en el centro, podemos recogerlo desde all\u00ed. De lo contrario, organizaremos la recogida en el punto de encuentro ubicado en el centro. Luego comenzaremos este Tour privado de fantasmas de Savannah.<\/p>\n<p><em>Durante este recorrido fantasma, lo llevaremos a lugares excelentes. Entre otros, tenga una vista en:<\/em><\/p>\n<ul>\n<li><strong>Mansiones encantadas de Savannah<\/strong><\/li>\n<li><strong>Las casas hist\u00f3ricas de Savannah<\/strong><\/li>\n<li><strong>Los cementerios encantados<\/strong><\/li>\n<li><strong>Cementerios<\/strong><\/li>\n<li><strong>Campo de batalla de la guerra revolucionaria<\/strong><\/li>\n<li><strong>\u00a1Mucho m\u00e1s!<\/strong><\/li>\n<\/ul>\n<p>Este tour privado terminar\u00e1 en el centro de la ciudad. Eche un vistazo a nuestros otros tours privados en Savannah haciendo clic aqu\u00ed. Nuestros expertos en viajes est\u00e1n aqu\u00ed para hacer que su experiencia sea memorable.<\/p>\n","protected":false},"excerpt":{"rendered":"<p id=\"tw-target-text\" class=\"tw-data-text tw-text-large XcVN5d tw-ta\" dir=\"ltr\" data-placeholder=\"Traducci\u00f3n\">Realice este <strong>tour privado de los fantasmas de Savannah<\/strong> y tenga la oportunidad de disfrutar de lo mejor de la ciudad de Savannah. Un gran recorrido privado por la ciudad.<\/p>\n","protected":false},"featured_media":88351,"comment_status":"open","ping_status":"closed","template":"","meta":{"_acf_changed":false},"product_brand":[],"product_cat":[1602,2938,2941,2944],"product_tag":[],"class_list":{"0":"post-88412","1":"product","2":"type-product","3":"status-publish","4":"has-post-thumbnail","6":"product_cat-eeuu-es","7":"product_cat-savannah-es","8":"product_cat-savannah-actividades-es","9":"product_cat-savannah-a-pie-es","11":"first","12":"instock","13":"shipping-taxable","14":"purchasable","15":"product-type-simple"},"acf":[],"yoast_head":"<!-- This site is optimized with the Yoast SEO Premium plugin v25.3.1 (Yoast SEO v25.3.1) - https:\/\/yoast.com\/wordpress\/plugins\/seo\/ -->\n<title>Tour privado de fantasmas de Savannah con un gu\u00eda tur\u00edstico privado | TTM<\/title>\n<meta name=\"description\" content=\"\u2192 Realice este tour privado de los fantasmas de Savannah y tenga la oportunidad de disfrutar de lo mejor de la ciudad de Savannah \u2705\" \/>\n<meta name=\"robots\" content=\"index, follow, max-snippet:-1, max-image-preview:large, max-video-preview:-1\" \/>\n<link rel=\"canonical\" href=\"https:\/\/tourtravelandmore.com\/es\/tours\/eeuu-es\/savannah-es\/savannah-actividades-es\/tour-privado-de-fantasmas-de-savannah\/\" \/>\n<meta property=\"og:locale\" content=\"es_ES\" \/>\n<meta property=\"og:type\" content=\"article\" \/>\n<meta property=\"og:title\" content=\"Tour privado de fantasmas de Savannah\" \/>\n<meta property=\"og:description\" content=\"\u2192 Realice este tour privado de los fantasmas de Savannah y tenga la oportunidad de disfrutar de lo mejor de la ciudad de Savannah \u2705\" \/>\n<meta property=\"og:url\" content=\"https:\/\/tourtravelandmore.com\/es\/tours\/eeuu-es\/savannah-es\/savannah-actividades-es\/tour-privado-de-fantasmas-de-savannah\/\" \/>\n<meta property=\"og:site_name\" content=\"Tour Travel And More\" \/>\n<meta property=\"article:publisher\" content=\"https:\/\/www.facebook.com\/tourtravelandmore\/\" \/>\n<meta property=\"article:modified_time\" content=\"2021-09-13T08:48:35+00:00\" \/>\n<meta property=\"og:image\" content=\"https:\/\/tourtravelandmore.com\/wp-content\/uploads\/2020\/11\/Savannah-5-scaled.jpg\" \/>\n\t<meta property=\"og:image:width\" content=\"1920\" \/>\n\t<meta property=\"og:image:height\" content=\"2560\" \/>\n\t<meta property=\"og:image:type\" content=\"image\/jpeg\" \/>\n<meta name=\"twitter:card\" content=\"summary_large_image\" \/>\n<meta name=\"twitter:site\" content=\"@TourTravel_More\" \/>\n<meta name=\"twitter:label1\" content=\"Tiempo de lectura\" \/>\n\t<meta name=\"twitter:data1\" content=\"2 minutos\" \/>\n<script type=\"application\/ld+json\" class=\"yoast-schema-graph\">{\"@context\":\"https:\/\/schema.org\",\"@graph\":[{\"@type\":\"WebPage\",\"@id\":\"https:\/\/tourtravelandmore.com\/es\/tours\/eeuu-es\/savannah-es\/savannah-actividades-es\/tour-privado-de-fantasmas-de-savannah\/\",\"url\":\"https:\/\/tourtravelandmore.com\/es\/tours\/eeuu-es\/savannah-es\/savannah-actividades-es\/tour-privado-de-fantasmas-de-savannah\/\",\"name\":\"Tour privado de fantasmas de Savannah con un gu\u00eda tur\u00edstico privado | TTM\",\"isPartOf\":{\"@id\":\"https:\/\/tourtravelandmore.com\/es\/#website\"},\"primaryImageOfPage\":{\"@id\":\"https:\/\/tourtravelandmore.com\/es\/tours\/eeuu-es\/savannah-es\/savannah-actividades-es\/tour-privado-de-fantasmas-de-savannah\/#primaryimage\"},\"image\":{\"@id\":\"https:\/\/tourtravelandmore.com\/es\/tours\/eeuu-es\/savannah-es\/savannah-actividades-es\/tour-privado-de-fantasmas-de-savannah\/#primaryimage\"},\"thumbnailUrl\":\"https:\/\/tourtravelandmore.com\/wp-content\/uploads\/2020\/11\/Savannah-5-scaled.jpg\",\"datePublished\":\"2020-11-30T10:57:43+00:00\",\"dateModified\":\"2021-09-13T08:48:35+00:00\",\"description\":\"\u2192 Realice este tour privado de los fantasmas de Savannah y tenga la oportunidad de disfrutar de lo mejor de la ciudad de Savannah \u2705\",\"breadcrumb\":{\"@id\":\"https:\/\/tourtravelandmore.com\/es\/tours\/eeuu-es\/savannah-es\/savannah-actividades-es\/tour-privado-de-fantasmas-de-savannah\/#breadcrumb\"},\"inLanguage\":\"es\",\"potentialAction\":[{\"@type\":\"ReadAction\",\"target\":[\"https:\/\/tourtravelandmore.com\/es\/tours\/eeuu-es\/savannah-es\/savannah-actividades-es\/tour-privado-de-fantasmas-de-savannah\/\"]}]},{\"@type\":\"ImageObject\",\"inLanguage\":\"es\",\"@id\":\"https:\/\/tourtravelandmore.com\/es\/tours\/eeuu-es\/savannah-es\/savannah-actividades-es\/tour-privado-de-fantasmas-de-savannah\/#primaryimage\",\"url\":\"https:\/\/tourtravelandmore.com\/wp-content\/uploads\/2020\/11\/Savannah-5-scaled.jpg\",\"contentUrl\":\"https:\/\/tourtravelandmore.com\/wp-content\/uploads\/2020\/11\/Savannah-5-scaled.jpg\",\"width\":1920,\"height\":2560},{\"@type\":\"BreadcrumbList\",\"@id\":\"https:\/\/tourtravelandmore.com\/es\/tours\/eeuu-es\/savannah-es\/savannah-actividades-es\/tour-privado-de-fantasmas-de-savannah\/#breadcrumb\",\"itemListElement\":[{\"@type\":\"ListItem\",\"position\":1,\"name\":\"Home\",\"item\":\"https:\/\/tourtravelandmore.com\/es\/\"},{\"@type\":\"ListItem\",\"position\":2,\"name\":\"Tours\",\"item\":\"https:\/\/tourtravelandmore.com\/es\/tours\/\"},{\"@type\":\"ListItem\",\"position\":3,\"name\":\"Tour privado de fantasmas de Savannah\"}]},{\"@type\":\"WebSite\",\"@id\":\"https:\/\/tourtravelandmore.com\/es\/#website\",\"url\":\"https:\/\/tourtravelandmore.com\/es\/\",\"name\":\"Tour Travel And More\",\"description\":\"Private sightseeing tours and luxury transfers in Spain\",\"publisher\":{\"@id\":\"https:\/\/tourtravelandmore.com\/es\/#organization\"},\"potentialAction\":[{\"@type\":\"SearchAction\",\"target\":{\"@type\":\"EntryPoint\",\"urlTemplate\":\"https:\/\/tourtravelandmore.com\/es\/?s={search_term_string}\"},\"query-input\":{\"@type\":\"PropertyValueSpecification\",\"valueRequired\":true,\"valueName\":\"search_term_string\"}}],\"inLanguage\":\"es\"},{\"@type\":\"Organization\",\"@id\":\"https:\/\/tourtravelandmore.com\/es\/#organization\",\"name\":\"Tour Travel And More\",\"url\":\"https:\/\/tourtravelandmore.com\/es\/\",\"logo\":{\"@type\":\"ImageObject\",\"inLanguage\":\"es\",\"@id\":\"https:\/\/tourtravelandmore.com\/es\/#\/schema\/logo\/image\/\",\"url\":\"https:\/\/tourtravelandmore.com\/wp-content\/uploads\/2022\/12\/cropped-logo-cabecera-new.png\",\"contentUrl\":\"https:\/\/tourtravelandmore.com\/wp-content\/uploads\/2022\/12\/cropped-logo-cabecera-new.png\",\"width\":430,\"height\":61,\"caption\":\"Tour Travel And More\"},\"image\":{\"@id\":\"https:\/\/tourtravelandmore.com\/es\/#\/schema\/logo\/image\/\"},\"sameAs\":[\"https:\/\/www.facebook.com\/tourtravelandmore\/\",\"https:\/\/x.com\/TourTravel_More\"]}]}<\/script>\n<!-- \/ Yoast SEO Premium plugin. -->","yoast_head_json":{"title":"Tour privado de fantasmas de Savannah con un gu\u00eda tur\u00edstico privado | TTM","description":"\u2192 Realice este tour privado de los fantasmas de Savannah y tenga la oportunidad de disfrutar de lo mejor de la ciudad de Savannah \u2705","robots":{"index":"index","follow":"follow","max-snippet":"max-snippet:-1","max-image-preview":"max-image-preview:large","max-video-preview":"max-video-preview:-1"},"canonical":"https:\/\/tourtravelandmore.com\/es\/tours\/eeuu-es\/savannah-es\/savannah-actividades-es\/tour-privado-de-fantasmas-de-savannah\/","og_locale":"es_ES","og_type":"article","og_title":"Tour privado de fantasmas de Savannah","og_description":"\u2192 Realice este tour privado de los fantasmas de Savannah y tenga la oportunidad de disfrutar de lo mejor de la ciudad de Savannah \u2705","og_url":"https:\/\/tourtravelandmore.com\/es\/tours\/eeuu-es\/savannah-es\/savannah-actividades-es\/tour-privado-de-fantasmas-de-savannah\/","og_site_name":"Tour Travel And More","article_publisher":"https:\/\/www.facebook.com\/tourtravelandmore\/","article_modified_time":"2021-09-13T08:48:35+00:00","og_image":[{"width":1920,"height":2560,"url":"https:\/\/tourtravelandmore.com\/wp-content\/uploads\/2020\/11\/Savannah-5-scaled.jpg","type":"image\/jpeg"}],"twitter_card":"summary_large_image","twitter_site":"@TourTravel_More","twitter_misc":{"Tiempo de lectura":"2 minutos"},"schema":{"@context":"https:\/\/schema.org","@graph":[{"@type":"WebPage","@id":"https:\/\/tourtravelandmore.com\/es\/tours\/eeuu-es\/savannah-es\/savannah-actividades-es\/tour-privado-de-fantasmas-de-savannah\/","url":"https:\/\/tourtravelandmore.com\/es\/tours\/eeuu-es\/savannah-es\/savannah-actividades-es\/tour-privado-de-fantasmas-de-savannah\/","name":"Tour privado de fantasmas de Savannah con un gu\u00eda tur\u00edstico privado | TTM","isPartOf":{"@id":"https:\/\/tourtravelandmore.com\/es\/#website"},"primaryImageOfPage":{"@id":"https:\/\/tourtravelandmore.com\/es\/tours\/eeuu-es\/savannah-es\/savannah-actividades-es\/tour-privado-de-fantasmas-de-savannah\/#primaryimage"},"image":{"@id":"https:\/\/tourtravelandmore.com\/es\/tours\/eeuu-es\/savannah-es\/savannah-actividades-es\/tour-privado-de-fantasmas-de-savannah\/#primaryimage"},"thumbnailUrl":"https:\/\/tourtravelandmore.com\/wp-content\/uploads\/2020\/11\/Savannah-5-scaled.jpg","datePublished":"2020-11-30T10:57:43+00:00","dateModified":"2021-09-13T08:48:35+00:00","description":"\u2192 Realice este tour privado de los fantasmas de Savannah y tenga la oportunidad de disfrutar de lo mejor de la ciudad de Savannah \u2705","breadcrumb":{"@id":"https:\/\/tourtravelandmore.com\/es\/tours\/eeuu-es\/savannah-es\/savannah-actividades-es\/tour-privado-de-fantasmas-de-savannah\/#breadcrumb"},"inLanguage":"es","potentialAction":[{"@type":"ReadAction","target":["https:\/\/tourtravelandmore.com\/es\/tours\/eeuu-es\/savannah-es\/savannah-actividades-es\/tour-privado-de-fantasmas-de-savannah\/"]}]},{"@type":"ImageObject","inLanguage":"es","@id":"https:\/\/tourtravelandmore.com\/es\/tours\/eeuu-es\/savannah-es\/savannah-actividades-es\/tour-privado-de-fantasmas-de-savannah\/#primaryimage","url":"https:\/\/tourtravelandmore.com\/wp-content\/uploads\/2020\/11\/Savannah-5-scaled.jpg","contentUrl":"https:\/\/tourtravelandmore.com\/wp-content\/uploads\/2020\/11\/Savannah-5-scaled.jpg","width":1920,"height":2560},{"@type":"BreadcrumbList","@id":"https:\/\/tourtravelandmore.com\/es\/tours\/eeuu-es\/savannah-es\/savannah-actividades-es\/tour-privado-de-fantasmas-de-savannah\/#breadcrumb","itemListElement":[{"@type":"ListItem","position":1,"name":"Home","item":"https:\/\/tourtravelandmore.com\/es\/"},{"@type":"ListItem","position":2,"name":"Tours","item":"https:\/\/tourtravelandmore.com\/es\/tours\/"},{"@type":"ListItem","position":3,"name":"Tour privado de fantasmas de Savannah"}]},{"@type":"WebSite","@id":"https:\/\/tourtravelandmore.com\/es\/#website","url":"https:\/\/tourtravelandmore.com\/es\/","name":"Tour Travel And More","description":"Private sightseeing tours and luxury transfers in Spain","publisher":{"@id":"https:\/\/tourtravelandmore.com\/es\/#organization"},"potentialAction":[{"@type":"SearchAction","target":{"@type":"EntryPoint","urlTemplate":"https:\/\/tourtravelandmore.com\/es\/?s={search_term_string}"},"query-input":{"@type":"PropertyValueSpecification","valueRequired":true,"valueName":"search_term_string"}}],"inLanguage":"es"},{"@type":"Organization","@id":"https:\/\/tourtravelandmore.com\/es\/#organization","name":"Tour Travel And More","url":"https:\/\/tourtravelandmore.com\/es\/","logo":{"@type":"ImageObject","inLanguage":"es","@id":"https:\/\/tourtravelandmore.com\/es\/#\/schema\/logo\/image\/","url":"https:\/\/tourtravelandmore.com\/wp-content\/uploads\/2022\/12\/cropped-logo-cabecera-new.png","contentUrl":"https:\/\/tourtravelandmore.com\/wp-content\/uploads\/2022\/12\/cropped-logo-cabecera-new.png","width":430,"height":61,"caption":"Tour Travel And More"},"image":{"@id":"https:\/\/tourtravelandmore.com\/es\/#\/schema\/logo\/image\/"},"sameAs":["https:\/\/www.facebook.com\/tourtravelandmore\/","https:\/\/x.com\/TourTravel_More"]}]}},"_links":{"self":[{"href":"https:\/\/tourtravelandmore.com\/es\/wp-json\/wp\/v2\/product\/88412","targetHints":{"allow":["GET"]}}],"collection":[{"href":"https:\/\/tourtravelandmore.com\/es\/wp-json\/wp\/v2\/product"}],"about":[{"href":"https:\/\/tourtravelandmore.com\/es\/wp-json\/wp\/v2\/types\/product"}],"replies":[{"embeddable":true,"href":"https:\/\/tourtravelandmore.com\/es\/wp-json\/wp\/v2\/comments?post=88412"}],"wp:featuredmedia":[{"embeddable":true,"href":"https:\/\/tourtravelandmore.com\/es\/wp-json\/wp\/v2\/media\/88351"}],"wp:attachment":[{"href":"https:\/\/tourtravelandmore.com\/es\/wp-json\/wp\/v2\/media?parent=88412"}],"wp:term":[{"taxonomy":"product_brand","embeddable":true,"href":"https:\/\/tourtravelandmore.com\/es\/wp-json\/wp\/v2\/product_brand?post=88412"},{"taxonomy":"product_cat","embeddable":true,"href":"https:\/\/tourtravelandmore.com\/es\/wp-json\/wp\/v2\/product_cat?post=88412"},{"taxonomy":"product_tag","embeddable":true,"href":"https:\/\/tourtravelandmore.com\/es\/wp-json\/wp\/v2\/product_tag?post=88412"}],"curies":[{"name":"wp","href":"https:\/\/api.w.org\/{rel}","templated":true}]}}