{"id":88370,"date":"2020-11-30T11:23:36","date_gmt":"2020-11-30T10:23:37","guid":{"rendered":"https:\/\/tourtravelandmore.com\/?post_type=product&#038;p=88370"},"modified":"2021-09-13T10:55:15","modified_gmt":"2021-09-13T08:55:15","slug":"tour-a-pie-privado-de-savannah","status":"publish","type":"product","link":"https:\/\/tourtravelandmore.com\/es\/tours\/eeuu-es\/savannah-es\/savannah-actividades-es\/tour-a-pie-privado-de-savannah\/","title":{"rendered":"Tour a pie privado de Savannah"},"content":{"rendered":"<h2 id=\"tw-target-text\" class=\"tw-data-text tw-text-large XcVN5d tw-ta\" dir=\"ltr\" data-placeholder=\"Traducci\u00f3n\"><span lang=\"es\">Descripci\u00f3n del Tour a Pie Privado de Savannah<\/span><\/h2>\n<p>Disfrute de nuestro recorrido a pie privado por Savannah y conozca los mejores sitios del hist\u00f3rico distrito Landmark. Si desea disfrutar de otra parte de la ciudad para un recorrido a pie, no dude en contactarnos. Este ser\u00eda, por ejemplo, el distrito victoriano, el centro de la ciudad u otros barrios.<\/p>\n<p>Disfrutar de un recorrido a pie es una de las mejores formas de conocer una ciudad. Es por eso que no puede perder esta oportunidad de disfrutar lo mejor con este Tour privado a pie por Savannah.<\/p>\n<p>Nuestro tour privado comenzar\u00e1 desde el centro de Savannah en el hist\u00f3rico Landmark District. Si su hotel se encuentra en el centro de la ciudad, tambi\u00e9n podemos organizar una recogida privada desde all\u00ed. Si no es as\u00ed, no hay problema, podemos organizar un punto de encuentro c\u00e9ntrico.<\/p>\n<p>Aqu\u00ed en Tour Travel &amp; More estamos especializados en hacer que su tour privado sea \u00fanico.<\/p>\n<h2>Puntos emblem\u00e1ticos y de inter\u00e9s en Tour a pie privado de Savannah<\/h2>\n<p>Despu\u00e9s de reunirse con su gu\u00eda tur\u00edstico privado, comenzaremos nuestro Tour privado a pie por Savannah.<\/p>\n<p>Durante este recorrido, conocer\u00e1 las mejores partes de la ciudad de Savannah.<\/p>\n<p>Aqu\u00ed hay algunos ejemplos de lo que tendr\u00e1 la oportunidad de visitar:<\/p>\n<ul>\n<li><strong>Centro hist\u00f3rico<\/strong><\/li>\n<li><strong>22 plazas de parque<\/strong><\/li>\n<li><strong>Casas restauradas del siglo XVIII<\/strong><\/li>\n<li><strong>Mercado de la ciudad<\/strong><\/li>\n<li><strong>Waterfront<\/strong><\/li>\n<li><strong>Mucho m\u00e1s<\/strong><\/li>\n<\/ul>\n<p>Eche un vistazo a nuestros tours privados en Savannah. Tenga en cuenta que tambi\u00e9n ofrecemos recorridos privados en cualquier otro lugar que desee. Nuestros expertos en viajes est\u00e1n a su disposici\u00f3n para organizar la mejor experiencia posible para usted.<\/p>\n","protected":false},"excerpt":{"rendered":"<p id=\"tw-target-text\" class=\"tw-data-text tw-text-large XcVN5d tw-ta\" dir=\"ltr\" data-placeholder=\"Traducci\u00f3n\">Realice este <strong>recorrido privado a pie por Savannah<\/strong> y tenga la oportunidad de disfrutar de lo mejor de la ciudad de Savannah. Un gran recorrido privado por la ciudad.<\/p>\n","protected":false},"featured_media":88348,"comment_status":"open","ping_status":"closed","template":"","meta":{"_acf_changed":false},"product_brand":[],"product_cat":[1602,2938,2941,2944],"product_tag":[],"class_list":{"0":"post-88370","1":"product","2":"type-product","3":"status-publish","4":"has-post-thumbnail","6":"product_cat-eeuu-es","7":"product_cat-savannah-es","8":"product_cat-savannah-actividades-es","9":"product_cat-savannah-a-pie-es","11":"first","12":"instock","13":"shipping-taxable","14":"purchasable","15":"product-type-simple"},"acf":[],"yoast_head":"<!-- This site is optimized with the Yoast SEO Premium plugin v25.3.1 (Yoast SEO v25.3.1) - https:\/\/yoast.com\/wordpress\/plugins\/seo\/ -->\n<title>Tour privado a pie por Savannah con un gu\u00eda tur\u00edstico privado | TTM<\/title>\n<meta name=\"description\" content=\"\u2192 Realice este recorrido privado a pie por Savannah y tenga la oportunidad de disfrutar de lo mejor de la ciudad de Savannah \u2705\" \/>\n<meta name=\"robots\" content=\"index, follow, max-snippet:-1, max-image-preview:large, max-video-preview:-1\" \/>\n<link rel=\"canonical\" href=\"https:\/\/tourtravelandmore.com\/es\/tours\/eeuu-es\/savannah-es\/savannah-actividades-es\/tour-a-pie-privado-de-savannah\/\" \/>\n<meta property=\"og:locale\" content=\"es_ES\" \/>\n<meta property=\"og:type\" content=\"article\" \/>\n<meta property=\"og:title\" content=\"Tour a pie privado de Savannah\" \/>\n<meta property=\"og:description\" content=\"\u2192 Realice este recorrido privado a pie por Savannah y tenga la oportunidad de disfrutar de lo mejor de la ciudad de Savannah \u2705\" \/>\n<meta property=\"og:url\" content=\"https:\/\/tourtravelandmore.com\/es\/tours\/eeuu-es\/savannah-es\/savannah-actividades-es\/tour-a-pie-privado-de-savannah\/\" \/>\n<meta property=\"og:site_name\" content=\"Tour Travel And More\" \/>\n<meta property=\"article:publisher\" content=\"https:\/\/www.facebook.com\/tourtravelandmore\/\" \/>\n<meta property=\"article:modified_time\" content=\"2021-09-13T08:55:15+00:00\" \/>\n<meta property=\"og:image\" content=\"https:\/\/tourtravelandmore.com\/wp-content\/uploads\/2020\/11\/Savannah-4-scaled.jpg\" \/>\n\t<meta property=\"og:image:width\" content=\"1707\" \/>\n\t<meta property=\"og:image:height\" content=\"2560\" \/>\n\t<meta property=\"og:image:type\" content=\"image\/jpeg\" \/>\n<meta name=\"twitter:card\" content=\"summary_large_image\" \/>\n<meta name=\"twitter:site\" content=\"@TourTravel_More\" \/>\n<meta name=\"twitter:label1\" content=\"Tiempo de lectura\" \/>\n\t<meta name=\"twitter:data1\" content=\"1 minuto\" \/>\n<script type=\"application\/ld+json\" class=\"yoast-schema-graph\">{\"@context\":\"https:\/\/schema.org\",\"@graph\":[{\"@type\":\"WebPage\",\"@id\":\"https:\/\/tourtravelandmore.com\/es\/tours\/eeuu-es\/savannah-es\/savannah-actividades-es\/tour-a-pie-privado-de-savannah\/\",\"url\":\"https:\/\/tourtravelandmore.com\/es\/tours\/eeuu-es\/savannah-es\/savannah-actividades-es\/tour-a-pie-privado-de-savannah\/\",\"name\":\"Tour privado a pie por Savannah con un gu\u00eda tur\u00edstico privado | TTM\",\"isPartOf\":{\"@id\":\"https:\/\/tourtravelandmore.com\/es\/#website\"},\"primaryImageOfPage\":{\"@id\":\"https:\/\/tourtravelandmore.com\/es\/tours\/eeuu-es\/savannah-es\/savannah-actividades-es\/tour-a-pie-privado-de-savannah\/#primaryimage\"},\"image\":{\"@id\":\"https:\/\/tourtravelandmore.com\/es\/tours\/eeuu-es\/savannah-es\/savannah-actividades-es\/tour-a-pie-privado-de-savannah\/#primaryimage\"},\"thumbnailUrl\":\"https:\/\/tourtravelandmore.com\/wp-content\/uploads\/2020\/11\/Savannah-4-scaled.jpg\",\"datePublished\":\"2020-11-30T10:23:37+00:00\",\"dateModified\":\"2021-09-13T08:55:15+00:00\",\"description\":\"\u2192 Realice este recorrido privado a pie por Savannah y tenga la oportunidad de disfrutar de lo mejor de la ciudad de Savannah \u2705\",\"breadcrumb\":{\"@id\":\"https:\/\/tourtravelandmore.com\/es\/tours\/eeuu-es\/savannah-es\/savannah-actividades-es\/tour-a-pie-privado-de-savannah\/#breadcrumb\"},\"inLanguage\":\"es\",\"potentialAction\":[{\"@type\":\"ReadAction\",\"target\":[\"https:\/\/tourtravelandmore.com\/es\/tours\/eeuu-es\/savannah-es\/savannah-actividades-es\/tour-a-pie-privado-de-savannah\/\"]}]},{\"@type\":\"ImageObject\",\"inLanguage\":\"es\",\"@id\":\"https:\/\/tourtravelandmore.com\/es\/tours\/eeuu-es\/savannah-es\/savannah-actividades-es\/tour-a-pie-privado-de-savannah\/#primaryimage\",\"url\":\"https:\/\/tourtravelandmore.com\/wp-content\/uploads\/2020\/11\/Savannah-4-scaled.jpg\",\"contentUrl\":\"https:\/\/tourtravelandmore.com\/wp-content\/uploads\/2020\/11\/Savannah-4-scaled.jpg\",\"width\":1707,\"height\":2560},{\"@type\":\"BreadcrumbList\",\"@id\":\"https:\/\/tourtravelandmore.com\/es\/tours\/eeuu-es\/savannah-es\/savannah-actividades-es\/tour-a-pie-privado-de-savannah\/#breadcrumb\",\"itemListElement\":[{\"@type\":\"ListItem\",\"position\":1,\"name\":\"Home\",\"item\":\"https:\/\/tourtravelandmore.com\/es\/\"},{\"@type\":\"ListItem\",\"position\":2,\"name\":\"Tours\",\"item\":\"https:\/\/tourtravelandmore.com\/es\/tours\/\"},{\"@type\":\"ListItem\",\"position\":3,\"name\":\"Tour a pie privado de Savannah\"}]},{\"@type\":\"WebSite\",\"@id\":\"https:\/\/tourtravelandmore.com\/es\/#website\",\"url\":\"https:\/\/tourtravelandmore.com\/es\/\",\"name\":\"Tour Travel And More\",\"description\":\"Private sightseeing tours and luxury transfers in Spain\",\"publisher\":{\"@id\":\"https:\/\/tourtravelandmore.com\/es\/#organization\"},\"potentialAction\":[{\"@type\":\"SearchAction\",\"target\":{\"@type\":\"EntryPoint\",\"urlTemplate\":\"https:\/\/tourtravelandmore.com\/es\/?s={search_term_string}\"},\"query-input\":{\"@type\":\"PropertyValueSpecification\",\"valueRequired\":true,\"valueName\":\"search_term_string\"}}],\"inLanguage\":\"es\"},{\"@type\":\"Organization\",\"@id\":\"https:\/\/tourtravelandmore.com\/es\/#organization\",\"name\":\"Tour Travel And More\",\"url\":\"https:\/\/tourtravelandmore.com\/es\/\",\"logo\":{\"@type\":\"ImageObject\",\"inLanguage\":\"es\",\"@id\":\"https:\/\/tourtravelandmore.com\/es\/#\/schema\/logo\/image\/\",\"url\":\"https:\/\/tourtravelandmore.com\/wp-content\/uploads\/2022\/12\/cropped-logo-cabecera-new.png\",\"contentUrl\":\"https:\/\/tourtravelandmore.com\/wp-content\/uploads\/2022\/12\/cropped-logo-cabecera-new.png\",\"width\":430,\"height\":61,\"caption\":\"Tour Travel And More\"},\"image\":{\"@id\":\"https:\/\/tourtravelandmore.com\/es\/#\/schema\/logo\/image\/\"},\"sameAs\":[\"https:\/\/www.facebook.com\/tourtravelandmore\/\",\"https:\/\/x.com\/TourTravel_More\"]}]}<\/script>\n<!-- \/ Yoast SEO Premium plugin. -->","yoast_head_json":{"title":"Tour privado a pie por Savannah con un gu\u00eda tur\u00edstico privado | TTM","description":"\u2192 Realice este recorrido privado a pie por Savannah y tenga la oportunidad de disfrutar de lo mejor de la ciudad de Savannah \u2705","robots":{"index":"index","follow":"follow","max-snippet":"max-snippet:-1","max-image-preview":"max-image-preview:large","max-video-preview":"max-video-preview:-1"},"canonical":"https:\/\/tourtravelandmore.com\/es\/tours\/eeuu-es\/savannah-es\/savannah-actividades-es\/tour-a-pie-privado-de-savannah\/","og_locale":"es_ES","og_type":"article","og_title":"Tour a pie privado de Savannah","og_description":"\u2192 Realice este recorrido privado a pie por Savannah y tenga la oportunidad de disfrutar de lo mejor de la ciudad de Savannah \u2705","og_url":"https:\/\/tourtravelandmore.com\/es\/tours\/eeuu-es\/savannah-es\/savannah-actividades-es\/tour-a-pie-privado-de-savannah\/","og_site_name":"Tour Travel And More","article_publisher":"https:\/\/www.facebook.com\/tourtravelandmore\/","article_modified_time":"2021-09-13T08:55:15+00:00","og_image":[{"width":1707,"height":2560,"url":"https:\/\/tourtravelandmore.com\/wp-content\/uploads\/2020\/11\/Savannah-4-scaled.jpg","type":"image\/jpeg"}],"twitter_card":"summary_large_image","twitter_site":"@TourTravel_More","twitter_misc":{"Tiempo de lectura":"1 minuto"},"schema":{"@context":"https:\/\/schema.org","@graph":[{"@type":"WebPage","@id":"https:\/\/tourtravelandmore.com\/es\/tours\/eeuu-es\/savannah-es\/savannah-actividades-es\/tour-a-pie-privado-de-savannah\/","url":"https:\/\/tourtravelandmore.com\/es\/tours\/eeuu-es\/savannah-es\/savannah-actividades-es\/tour-a-pie-privado-de-savannah\/","name":"Tour privado a pie por Savannah con un gu\u00eda tur\u00edstico privado | TTM","isPartOf":{"@id":"https:\/\/tourtravelandmore.com\/es\/#website"},"primaryImageOfPage":{"@id":"https:\/\/tourtravelandmore.com\/es\/tours\/eeuu-es\/savannah-es\/savannah-actividades-es\/tour-a-pie-privado-de-savannah\/#primaryimage"},"image":{"@id":"https:\/\/tourtravelandmore.com\/es\/tours\/eeuu-es\/savannah-es\/savannah-actividades-es\/tour-a-pie-privado-de-savannah\/#primaryimage"},"thumbnailUrl":"https:\/\/tourtravelandmore.com\/wp-content\/uploads\/2020\/11\/Savannah-4-scaled.jpg","datePublished":"2020-11-30T10:23:37+00:00","dateModified":"2021-09-13T08:55:15+00:00","description":"\u2192 Realice este recorrido privado a pie por Savannah y tenga la oportunidad de disfrutar de lo mejor de la ciudad de Savannah \u2705","breadcrumb":{"@id":"https:\/\/tourtravelandmore.com\/es\/tours\/eeuu-es\/savannah-es\/savannah-actividades-es\/tour-a-pie-privado-de-savannah\/#breadcrumb"},"inLanguage":"es","potentialAction":[{"@type":"ReadAction","target":["https:\/\/tourtravelandmore.com\/es\/tours\/eeuu-es\/savannah-es\/savannah-actividades-es\/tour-a-pie-privado-de-savannah\/"]}]},{"@type":"ImageObject","inLanguage":"es","@id":"https:\/\/tourtravelandmore.com\/es\/tours\/eeuu-es\/savannah-es\/savannah-actividades-es\/tour-a-pie-privado-de-savannah\/#primaryimage","url":"https:\/\/tourtravelandmore.com\/wp-content\/uploads\/2020\/11\/Savannah-4-scaled.jpg","contentUrl":"https:\/\/tourtravelandmore.com\/wp-content\/uploads\/2020\/11\/Savannah-4-scaled.jpg","width":1707,"height":2560},{"@type":"BreadcrumbList","@id":"https:\/\/tourtravelandmore.com\/es\/tours\/eeuu-es\/savannah-es\/savannah-actividades-es\/tour-a-pie-privado-de-savannah\/#breadcrumb","itemListElement":[{"@type":"ListItem","position":1,"name":"Home","item":"https:\/\/tourtravelandmore.com\/es\/"},{"@type":"ListItem","position":2,"name":"Tours","item":"https:\/\/tourtravelandmore.com\/es\/tours\/"},{"@type":"ListItem","position":3,"name":"Tour a pie privado de Savannah"}]},{"@type":"WebSite","@id":"https:\/\/tourtravelandmore.com\/es\/#website","url":"https:\/\/tourtravelandmore.com\/es\/","name":"Tour Travel And More","description":"Private sightseeing tours and luxury transfers in Spain","publisher":{"@id":"https:\/\/tourtravelandmore.com\/es\/#organization"},"potentialAction":[{"@type":"SearchAction","target":{"@type":"EntryPoint","urlTemplate":"https:\/\/tourtravelandmore.com\/es\/?s={search_term_string}"},"query-input":{"@type":"PropertyValueSpecification","valueRequired":true,"valueName":"search_term_string"}}],"inLanguage":"es"},{"@type":"Organization","@id":"https:\/\/tourtravelandmore.com\/es\/#organization","name":"Tour Travel And More","url":"https:\/\/tourtravelandmore.com\/es\/","logo":{"@type":"ImageObject","inLanguage":"es","@id":"https:\/\/tourtravelandmore.com\/es\/#\/schema\/logo\/image\/","url":"https:\/\/tourtravelandmore.com\/wp-content\/uploads\/2022\/12\/cropped-logo-cabecera-new.png","contentUrl":"https:\/\/tourtravelandmore.com\/wp-content\/uploads\/2022\/12\/cropped-logo-cabecera-new.png","width":430,"height":61,"caption":"Tour Travel And More"},"image":{"@id":"https:\/\/tourtravelandmore.com\/es\/#\/schema\/logo\/image\/"},"sameAs":["https:\/\/www.facebook.com\/tourtravelandmore\/","https:\/\/x.com\/TourTravel_More"]}]}},"_links":{"self":[{"href":"https:\/\/tourtravelandmore.com\/es\/wp-json\/wp\/v2\/product\/88370","targetHints":{"allow":["GET"]}}],"collection":[{"href":"https:\/\/tourtravelandmore.com\/es\/wp-json\/wp\/v2\/product"}],"about":[{"href":"https:\/\/tourtravelandmore.com\/es\/wp-json\/wp\/v2\/types\/product"}],"replies":[{"embeddable":true,"href":"https:\/\/tourtravelandmore.com\/es\/wp-json\/wp\/v2\/comments?post=88370"}],"wp:featuredmedia":[{"embeddable":true,"href":"https:\/\/tourtravelandmore.com\/es\/wp-json\/wp\/v2\/media\/88348"}],"wp:attachment":[{"href":"https:\/\/tourtravelandmore.com\/es\/wp-json\/wp\/v2\/media?parent=88370"}],"wp:term":[{"taxonomy":"product_brand","embeddable":true,"href":"https:\/\/tourtravelandmore.com\/es\/wp-json\/wp\/v2\/product_brand?post=88370"},{"taxonomy":"product_cat","embeddable":true,"href":"https:\/\/tourtravelandmore.com\/es\/wp-json\/wp\/v2\/product_cat?post=88370"},{"taxonomy":"product_tag","embeddable":true,"href":"https:\/\/tourtravelandmore.com\/es\/wp-json\/wp\/v2\/product_tag?post=88370"}],"curies":[{"name":"wp","href":"https:\/\/api.w.org\/{rel}","templated":true}]}}