{"id":88323,"date":"2020-11-30T10:56:33","date_gmt":"2020-11-30T09:56:35","guid":{"rendered":"https:\/\/tourtravelandmore.com\/?post_type=product&#038;p=88323"},"modified":"2021-09-13T10:50:59","modified_gmt":"2021-09-13T08:50:59","slug":"tour-privado-de-savannah","status":"publish","type":"product","link":"https:\/\/tourtravelandmore.com\/es\/tours\/eeuu-es\/savannah-es\/savannah-actividades-es\/tour-privado-de-savannah\/","title":{"rendered":"Tour privado de Savannah"},"content":{"rendered":"<h2 id=\"tw-target-text\" class=\"tw-data-text tw-text-large XcVN5d tw-ta\" dir=\"ltr\" data-placeholder=\"Traducci\u00f3n\"><span lang=\"es\">Descripci\u00f3n del Tour privado de Savannah<\/span><\/h2>\n<p>Disfruta de nuestro Tour Privado a Savannah para conocer lo mejor de la ciudad de Savannah. Savannah es mucho m\u00e1s que calles adoquinadas. Deje que nuestro gu\u00eda tur\u00edstico privado lo lleve a esta gran experiencia.<\/p>\n<p>En primer lugar, organizaremos una recogida c\u00f3moda en el lugar que elija en Savannah. Comenzaremos este tour privado de 4 horas y tendr\u00e1 la oportunidad de tener una vista de la experiencia m\u00e1s incre\u00edble.<\/p>\n<p>Podemos organizar una recogida privada desde cualquier lugar de su elecci\u00f3n en Savannah. Nuestro chofer privado lo llevar\u00e1 a los mejores sitios de Savannah. Savannah es la ciudad m\u00e1s antigua del estado de Georgia. Era una ciudad establecida en el r\u00edo Savannah.<\/p>\n<p>Gracias a los edificios hist\u00f3ricos, las calles adoquinadas y los parques, Savannah es una ciudad hermosa que atrae a muchos turistas cada a\u00f1o.<\/p>\n<p>Deje que nuestro conductor y gu\u00eda tur\u00edstico oficial privado lo lleve en este tour privado para una gran experiencia en Savannah.<\/p>\n<h2>Puntos emblem\u00e1ticos y de inter\u00e9s del Tour Privado de Savannah<\/h2>\n<p>Despu\u00e9s de que lo recojamos de su hotel, comenzaremos nuestro Tour privado de Savannah. Conozca tambi\u00e9n el centro de la ciudad de Savannah, que tambi\u00e9n incluir\u00e1 el distrito hist\u00f3rico, la plaza 22 en forma de parque y el distrito hist\u00f3rico victoriano de Savannah.<\/p>\n<p>Disfrute de los mejores sitios de Savannah que incluyen:<\/p>\n<ul>\n<li><strong>Parque Foryth<\/strong><\/li>\n<li><strong>Vista del tranv\u00eda Old Savannah<\/strong><\/li>\n<li><strong>Mercado de la ciudad<\/strong><\/li>\n<li><strong>La casa de Owens-Thomas<\/strong><\/li>\n<li><strong>Vista del Museo de Arte Telfair<\/strong><\/li>\n<li><strong>Catedral de San Juan Bautista<\/strong><\/li>\n<li><strong>El hist\u00f3rico teatro de Savannah<\/strong><\/li>\n<li><strong>Sitio hist\u00f3rico de Wormsloe<\/strong><\/li>\n<li><strong>El paseo mar\u00edtimo de Savannah<\/strong><\/li>\n<li><strong>La casa de Wilkes<\/strong><\/li>\n<li><strong>El Mercer &#8211; Williams House<\/strong><\/li>\n<li><strong>Calle del r\u00edo<\/strong><\/li>\n<li><strong>\u00a1Mucho m\u00e1s!<\/strong><\/li>\n<\/ul>\n<p><strong>Este tour privado finalizar\u00e1 en su hotel o lugar de elecci\u00f3n en la ciudad.<\/strong><\/p>\n<p>No se pierda nuestras experiencias privadas que ofrecemos en todos los Estados Unidos y en cualquier ciudad del mundo. Podemos ofrecer cualquier tipo de tour privado que desee en Savannah o en cualquier ciudad. \u00a1Mira nuestros tours aqu\u00ed!<\/p>\n","protected":false},"excerpt":{"rendered":"<p id=\"tw-target-text\" class=\"tw-data-text tw-text-large XcVN5d tw-ta\" dir=\"ltr\" data-placeholder=\"Traducci\u00f3n\">Realice este <strong>tour privado de Savannah<\/strong> y tenga la oportunidad de disfrutar de lo mejor de la ciudad de Savannah. Un gran recorrido privado por la ciudad.<\/p>\n","protected":false},"featured_media":88345,"comment_status":"open","ping_status":"closed","template":"","meta":{"_acf_changed":false},"product_brand":[],"product_cat":[1602,2938,2941],"product_tag":[],"class_list":{"0":"post-88323","1":"product","2":"type-product","3":"status-publish","4":"has-post-thumbnail","6":"product_cat-eeuu-es","7":"product_cat-savannah-es","8":"product_cat-savannah-actividades-es","10":"first","11":"instock","12":"shipping-taxable","13":"purchasable","14":"product-type-simple"},"acf":[],"yoast_head":"<!-- This site is optimized with the Yoast SEO Premium plugin v25.3.1 (Yoast SEO v25.3.1) - https:\/\/yoast.com\/wordpress\/plugins\/seo\/ -->\n<title>Tour privado de Savannah con conductor y gu\u00eda tur\u00edstico | TTM<\/title>\n<meta name=\"description\" content=\"\u2192 Realice este tour privado de Savannah y tenga la oportunidad de disfrutar de lo mejor de la ciudad de Savannah \u2705\" \/>\n<meta name=\"robots\" content=\"index, follow, max-snippet:-1, max-image-preview:large, max-video-preview:-1\" \/>\n<link rel=\"canonical\" href=\"https:\/\/tourtravelandmore.com\/es\/tours\/eeuu-es\/savannah-es\/savannah-actividades-es\/tour-privado-de-savannah\/\" \/>\n<meta property=\"og:locale\" content=\"es_ES\" \/>\n<meta property=\"og:type\" content=\"article\" \/>\n<meta property=\"og:title\" content=\"Tour privado de Savannah\" \/>\n<meta property=\"og:description\" content=\"\u2192 Realice este tour privado de Savannah y tenga la oportunidad de disfrutar de lo mejor de la ciudad de Savannah \u2705\" \/>\n<meta property=\"og:url\" content=\"https:\/\/tourtravelandmore.com\/es\/tours\/eeuu-es\/savannah-es\/savannah-actividades-es\/tour-privado-de-savannah\/\" \/>\n<meta property=\"og:site_name\" content=\"Tour Travel And More\" \/>\n<meta property=\"article:publisher\" content=\"https:\/\/www.facebook.com\/tourtravelandmore\/\" \/>\n<meta property=\"article:modified_time\" content=\"2021-09-13T08:50:59+00:00\" \/>\n<meta property=\"og:image\" content=\"https:\/\/tourtravelandmore.com\/wp-content\/uploads\/2020\/11\/Savannah-3-scaled.jpg\" \/>\n\t<meta property=\"og:image:width\" content=\"2560\" \/>\n\t<meta property=\"og:image:height\" content=\"1700\" \/>\n\t<meta property=\"og:image:type\" content=\"image\/jpeg\" \/>\n<meta name=\"twitter:card\" content=\"summary_large_image\" \/>\n<meta name=\"twitter:site\" content=\"@TourTravel_More\" \/>\n<meta name=\"twitter:label1\" content=\"Tiempo de lectura\" \/>\n\t<meta name=\"twitter:data1\" content=\"2 minutos\" \/>\n<script type=\"application\/ld+json\" class=\"yoast-schema-graph\">{\"@context\":\"https:\/\/schema.org\",\"@graph\":[{\"@type\":\"WebPage\",\"@id\":\"https:\/\/tourtravelandmore.com\/es\/tours\/eeuu-es\/savannah-es\/savannah-actividades-es\/tour-privado-de-savannah\/\",\"url\":\"https:\/\/tourtravelandmore.com\/es\/tours\/eeuu-es\/savannah-es\/savannah-actividades-es\/tour-privado-de-savannah\/\",\"name\":\"Tour privado de Savannah con conductor y gu\u00eda tur\u00edstico | TTM\",\"isPartOf\":{\"@id\":\"https:\/\/tourtravelandmore.com\/es\/#website\"},\"primaryImageOfPage\":{\"@id\":\"https:\/\/tourtravelandmore.com\/es\/tours\/eeuu-es\/savannah-es\/savannah-actividades-es\/tour-privado-de-savannah\/#primaryimage\"},\"image\":{\"@id\":\"https:\/\/tourtravelandmore.com\/es\/tours\/eeuu-es\/savannah-es\/savannah-actividades-es\/tour-privado-de-savannah\/#primaryimage\"},\"thumbnailUrl\":\"https:\/\/tourtravelandmore.com\/wp-content\/uploads\/2020\/11\/Savannah-3-scaled.jpg\",\"datePublished\":\"2020-11-30T09:56:35+00:00\",\"dateModified\":\"2021-09-13T08:50:59+00:00\",\"description\":\"\u2192 Realice este tour privado de Savannah y tenga la oportunidad de disfrutar de lo mejor de la ciudad de Savannah \u2705\",\"breadcrumb\":{\"@id\":\"https:\/\/tourtravelandmore.com\/es\/tours\/eeuu-es\/savannah-es\/savannah-actividades-es\/tour-privado-de-savannah\/#breadcrumb\"},\"inLanguage\":\"es\",\"potentialAction\":[{\"@type\":\"ReadAction\",\"target\":[\"https:\/\/tourtravelandmore.com\/es\/tours\/eeuu-es\/savannah-es\/savannah-actividades-es\/tour-privado-de-savannah\/\"]}]},{\"@type\":\"ImageObject\",\"inLanguage\":\"es\",\"@id\":\"https:\/\/tourtravelandmore.com\/es\/tours\/eeuu-es\/savannah-es\/savannah-actividades-es\/tour-privado-de-savannah\/#primaryimage\",\"url\":\"https:\/\/tourtravelandmore.com\/wp-content\/uploads\/2020\/11\/Savannah-3-scaled.jpg\",\"contentUrl\":\"https:\/\/tourtravelandmore.com\/wp-content\/uploads\/2020\/11\/Savannah-3-scaled.jpg\",\"width\":2560,\"height\":1700},{\"@type\":\"BreadcrumbList\",\"@id\":\"https:\/\/tourtravelandmore.com\/es\/tours\/eeuu-es\/savannah-es\/savannah-actividades-es\/tour-privado-de-savannah\/#breadcrumb\",\"itemListElement\":[{\"@type\":\"ListItem\",\"position\":1,\"name\":\"Home\",\"item\":\"https:\/\/tourtravelandmore.com\/es\/\"},{\"@type\":\"ListItem\",\"position\":2,\"name\":\"Tours\",\"item\":\"https:\/\/tourtravelandmore.com\/es\/tours\/\"},{\"@type\":\"ListItem\",\"position\":3,\"name\":\"Tour privado de Savannah\"}]},{\"@type\":\"WebSite\",\"@id\":\"https:\/\/tourtravelandmore.com\/es\/#website\",\"url\":\"https:\/\/tourtravelandmore.com\/es\/\",\"name\":\"Tour Travel And More\",\"description\":\"Private sightseeing tours and luxury transfers in Spain\",\"publisher\":{\"@id\":\"https:\/\/tourtravelandmore.com\/es\/#organization\"},\"potentialAction\":[{\"@type\":\"SearchAction\",\"target\":{\"@type\":\"EntryPoint\",\"urlTemplate\":\"https:\/\/tourtravelandmore.com\/es\/?s={search_term_string}\"},\"query-input\":{\"@type\":\"PropertyValueSpecification\",\"valueRequired\":true,\"valueName\":\"search_term_string\"}}],\"inLanguage\":\"es\"},{\"@type\":\"Organization\",\"@id\":\"https:\/\/tourtravelandmore.com\/es\/#organization\",\"name\":\"Tour Travel And More\",\"url\":\"https:\/\/tourtravelandmore.com\/es\/\",\"logo\":{\"@type\":\"ImageObject\",\"inLanguage\":\"es\",\"@id\":\"https:\/\/tourtravelandmore.com\/es\/#\/schema\/logo\/image\/\",\"url\":\"https:\/\/tourtravelandmore.com\/wp-content\/uploads\/2022\/12\/cropped-logo-cabecera-new.png\",\"contentUrl\":\"https:\/\/tourtravelandmore.com\/wp-content\/uploads\/2022\/12\/cropped-logo-cabecera-new.png\",\"width\":430,\"height\":61,\"caption\":\"Tour Travel And More\"},\"image\":{\"@id\":\"https:\/\/tourtravelandmore.com\/es\/#\/schema\/logo\/image\/\"},\"sameAs\":[\"https:\/\/www.facebook.com\/tourtravelandmore\/\",\"https:\/\/x.com\/TourTravel_More\"]}]}<\/script>\n<!-- \/ Yoast SEO Premium plugin. -->","yoast_head_json":{"title":"Tour privado de Savannah con conductor y gu\u00eda tur\u00edstico | TTM","description":"\u2192 Realice este tour privado de Savannah y tenga la oportunidad de disfrutar de lo mejor de la ciudad de Savannah \u2705","robots":{"index":"index","follow":"follow","max-snippet":"max-snippet:-1","max-image-preview":"max-image-preview:large","max-video-preview":"max-video-preview:-1"},"canonical":"https:\/\/tourtravelandmore.com\/es\/tours\/eeuu-es\/savannah-es\/savannah-actividades-es\/tour-privado-de-savannah\/","og_locale":"es_ES","og_type":"article","og_title":"Tour privado de Savannah","og_description":"\u2192 Realice este tour privado de Savannah y tenga la oportunidad de disfrutar de lo mejor de la ciudad de Savannah \u2705","og_url":"https:\/\/tourtravelandmore.com\/es\/tours\/eeuu-es\/savannah-es\/savannah-actividades-es\/tour-privado-de-savannah\/","og_site_name":"Tour Travel And More","article_publisher":"https:\/\/www.facebook.com\/tourtravelandmore\/","article_modified_time":"2021-09-13T08:50:59+00:00","og_image":[{"width":2560,"height":1700,"url":"https:\/\/tourtravelandmore.com\/wp-content\/uploads\/2020\/11\/Savannah-3-scaled.jpg","type":"image\/jpeg"}],"twitter_card":"summary_large_image","twitter_site":"@TourTravel_More","twitter_misc":{"Tiempo de lectura":"2 minutos"},"schema":{"@context":"https:\/\/schema.org","@graph":[{"@type":"WebPage","@id":"https:\/\/tourtravelandmore.com\/es\/tours\/eeuu-es\/savannah-es\/savannah-actividades-es\/tour-privado-de-savannah\/","url":"https:\/\/tourtravelandmore.com\/es\/tours\/eeuu-es\/savannah-es\/savannah-actividades-es\/tour-privado-de-savannah\/","name":"Tour privado de Savannah con conductor y gu\u00eda tur\u00edstico | TTM","isPartOf":{"@id":"https:\/\/tourtravelandmore.com\/es\/#website"},"primaryImageOfPage":{"@id":"https:\/\/tourtravelandmore.com\/es\/tours\/eeuu-es\/savannah-es\/savannah-actividades-es\/tour-privado-de-savannah\/#primaryimage"},"image":{"@id":"https:\/\/tourtravelandmore.com\/es\/tours\/eeuu-es\/savannah-es\/savannah-actividades-es\/tour-privado-de-savannah\/#primaryimage"},"thumbnailUrl":"https:\/\/tourtravelandmore.com\/wp-content\/uploads\/2020\/11\/Savannah-3-scaled.jpg","datePublished":"2020-11-30T09:56:35+00:00","dateModified":"2021-09-13T08:50:59+00:00","description":"\u2192 Realice este tour privado de Savannah y tenga la oportunidad de disfrutar de lo mejor de la ciudad de Savannah \u2705","breadcrumb":{"@id":"https:\/\/tourtravelandmore.com\/es\/tours\/eeuu-es\/savannah-es\/savannah-actividades-es\/tour-privado-de-savannah\/#breadcrumb"},"inLanguage":"es","potentialAction":[{"@type":"ReadAction","target":["https:\/\/tourtravelandmore.com\/es\/tours\/eeuu-es\/savannah-es\/savannah-actividades-es\/tour-privado-de-savannah\/"]}]},{"@type":"ImageObject","inLanguage":"es","@id":"https:\/\/tourtravelandmore.com\/es\/tours\/eeuu-es\/savannah-es\/savannah-actividades-es\/tour-privado-de-savannah\/#primaryimage","url":"https:\/\/tourtravelandmore.com\/wp-content\/uploads\/2020\/11\/Savannah-3-scaled.jpg","contentUrl":"https:\/\/tourtravelandmore.com\/wp-content\/uploads\/2020\/11\/Savannah-3-scaled.jpg","width":2560,"height":1700},{"@type":"BreadcrumbList","@id":"https:\/\/tourtravelandmore.com\/es\/tours\/eeuu-es\/savannah-es\/savannah-actividades-es\/tour-privado-de-savannah\/#breadcrumb","itemListElement":[{"@type":"ListItem","position":1,"name":"Home","item":"https:\/\/tourtravelandmore.com\/es\/"},{"@type":"ListItem","position":2,"name":"Tours","item":"https:\/\/tourtravelandmore.com\/es\/tours\/"},{"@type":"ListItem","position":3,"name":"Tour privado de Savannah"}]},{"@type":"WebSite","@id":"https:\/\/tourtravelandmore.com\/es\/#website","url":"https:\/\/tourtravelandmore.com\/es\/","name":"Tour Travel And More","description":"Private sightseeing tours and luxury transfers in Spain","publisher":{"@id":"https:\/\/tourtravelandmore.com\/es\/#organization"},"potentialAction":[{"@type":"SearchAction","target":{"@type":"EntryPoint","urlTemplate":"https:\/\/tourtravelandmore.com\/es\/?s={search_term_string}"},"query-input":{"@type":"PropertyValueSpecification","valueRequired":true,"valueName":"search_term_string"}}],"inLanguage":"es"},{"@type":"Organization","@id":"https:\/\/tourtravelandmore.com\/es\/#organization","name":"Tour Travel And More","url":"https:\/\/tourtravelandmore.com\/es\/","logo":{"@type":"ImageObject","inLanguage":"es","@id":"https:\/\/tourtravelandmore.com\/es\/#\/schema\/logo\/image\/","url":"https:\/\/tourtravelandmore.com\/wp-content\/uploads\/2022\/12\/cropped-logo-cabecera-new.png","contentUrl":"https:\/\/tourtravelandmore.com\/wp-content\/uploads\/2022\/12\/cropped-logo-cabecera-new.png","width":430,"height":61,"caption":"Tour Travel And More"},"image":{"@id":"https:\/\/tourtravelandmore.com\/es\/#\/schema\/logo\/image\/"},"sameAs":["https:\/\/www.facebook.com\/tourtravelandmore\/","https:\/\/x.com\/TourTravel_More"]}]}},"_links":{"self":[{"href":"https:\/\/tourtravelandmore.com\/es\/wp-json\/wp\/v2\/product\/88323","targetHints":{"allow":["GET"]}}],"collection":[{"href":"https:\/\/tourtravelandmore.com\/es\/wp-json\/wp\/v2\/product"}],"about":[{"href":"https:\/\/tourtravelandmore.com\/es\/wp-json\/wp\/v2\/types\/product"}],"replies":[{"embeddable":true,"href":"https:\/\/tourtravelandmore.com\/es\/wp-json\/wp\/v2\/comments?post=88323"}],"wp:featuredmedia":[{"embeddable":true,"href":"https:\/\/tourtravelandmore.com\/es\/wp-json\/wp\/v2\/media\/88345"}],"wp:attachment":[{"href":"https:\/\/tourtravelandmore.com\/es\/wp-json\/wp\/v2\/media?parent=88323"}],"wp:term":[{"taxonomy":"product_brand","embeddable":true,"href":"https:\/\/tourtravelandmore.com\/es\/wp-json\/wp\/v2\/product_brand?post=88323"},{"taxonomy":"product_cat","embeddable":true,"href":"https:\/\/tourtravelandmore.com\/es\/wp-json\/wp\/v2\/product_cat?post=88323"},{"taxonomy":"product_tag","embeddable":true,"href":"https:\/\/tourtravelandmore.com\/es\/wp-json\/wp\/v2\/product_tag?post=88323"}],"curies":[{"name":"wp","href":"https:\/\/api.w.org\/{rel}","templated":true}]}}