{"id":88311,"date":"2020-11-30T10:34:28","date_gmt":"2020-11-30T09:34:29","guid":{"rendered":"https:\/\/tourtravelandmore.com\/?post_type=product&#038;p=88311"},"modified":"2023-10-03T20:19:04","modified_gmt":"2023-10-03T18:19:04","slug":"tour-privado-al-parque-disneyland-anaheim","status":"publish","type":"product","link":"https:\/\/tourtravelandmore.com\/es\/tours\/eeuu-es\/anaheim-en-es\/anaheim-actividades-es\/tour-privado-al-parque-disneyland-anaheim\/","title":{"rendered":"Tour Privado al Parque Disneyland Anaheim"},"content":{"rendered":"<h2 id=\"tw-target-text\" class=\"tw-data-text tw-text-large XcVN5d tw-ta\" dir=\"ltr\" data-placeholder=\"Traducci\u00f3n\"><span lang=\"es\">Descripci\u00f3n<\/span><\/h2>\n<p>En <strong>Tour Travel &amp; More<\/strong> tenemos el tour que usted est\u00e1 buscando para disfrutar de una experiencia inolvidable y exclusiva para ir a uno de los lugares m\u00e1s so\u00f1ados de los ni\u00f1os y adultos, <strong>Disneyland<\/strong>.<\/p>\n<p>\u00bfQu\u00e9 hace a Anaheim tan especial?, \u00a1s\u00ed!, \u00a1sus Parques de Disneyland!, as\u00ed que definitivamente debe unirse a nosotros en este <strong>tour privado al Parque Disneyland Anaheim<\/strong>. <span class=\"JLqJ4b ChMk0b\" data-language-for-alternatives=\"es\" data-language-to-translate-into=\"en\" data-phrase-index=\"1\">Tendr\u00e1 un <strong>veh\u00edculo privado de lujo con conductor\/gu\u00eda<\/strong> disponible para un tour de d\u00eda completo a este incre\u00edble parque. \u00bfEst\u00e1 listo para un d\u00eda lleno de diversi\u00f3n?.<\/span><\/p>\n<p><span class=\"JLqJ4b ChMk0b\" data-language-for-alternatives=\"es\" data-language-to-translate-into=\"en\" data-phrase-index=\"1\"><span class=\"JLqJ4b\" data-language-for-alternatives=\"es\" data-language-to-translate-into=\"en\" data-phrase-index=\"3\">Organizaremos una recogida privada en su hotel o lugar de elecci\u00f3n en Anaheim. La hora de inicio la determinar\u00e1 usted, pero le recomendamos llegar temprano por la ma\u00f1ana para que pueda disfrutar todo el d\u00eda.<\/span><\/span><\/p>\n<p>El <strong>parque Disneyland Anaheim<\/strong> fu\u00e9 un parque construido por The Walt Disney Company en 1955. Fu\u00e9 el \u00fanico parque que fu\u00e9\u00a0dise\u00f1ado y construido bajo la supervisi\u00f3n del productor y cineasta estadounidense Walt Disney.<\/p>\n<p><span class=\"JLqJ4b\" data-language-for-alternatives=\"es\" data-language-to-translate-into=\"en\" data-phrase-index=\"8\"><span class=\"JLqJ4b ChMk0b\" data-language-for-alternatives=\"es\" data-language-to-translate-into=\"en\" data-phrase-index=\"9\">Aproveche la oportunidad de disfrutar de este incre\u00edble tour privado al Parque Disneyland Anaheim de la mano de <strong>Tour Travel &amp; More<\/strong>.\u00a0 No tiene que preocuparse por nada, ya que nosotros lo organizaremos todo para usted.<\/span><\/span><\/p>\n<h2 id=\"tw-target-text\" class=\"tw-data-text tw-text-large XcVN5d tw-ta\" dir=\"ltr\" data-placeholder=\"Traducci\u00f3n\">Puntos de inter\u00e9s<\/h2>\n<p>En primer lugar, nuestro conductor\/gu\u00eda privado lo recoger\u00e1 y lo llevar\u00e1 a esta experiencia privada. Despu\u00e9s de una c\u00f3moda recogida, conducir\u00e1 hasta el <a href=\"https:\/\/disneyland.disney.go.com\/destinations\/disneyland\/?CMP=OKC-330339_GM_DLR_destination_disneylandpark_NA\">parque Disneyland Anaheim<\/a>.<\/p>\n<p>WALT DISNEY WORLD es un tributo a la filosof\u00eda y la vida de Walter Elias Disney y al talento, la dedicaci\u00f3n y la lealtad de toda la organizaci\u00f3n Disney que hizo realidad el sue\u00f1o de Walt Disney. Que Walt Disney World traiga alegr\u00eda, inspiraci\u00f3n y nuevos conocimientos a todos los que vienen a este lugar feliz &#8230; Un Reino M\u00e1gico donde los j\u00f3venes de todas las edades pueden re\u00edr, jugar y aprender juntos&#8221;.<\/p>\n<p>En este parque usted y su familia o amigos pueden explorar los siguientes lugares:<\/p>\n<ul>\n<li><strong>Adventureland<\/strong><\/li>\n<li><strong>Main Street USA<\/strong><\/li>\n<li><strong>Frontierland<\/strong><\/li>\n<li><strong>Fantasyland<\/strong><\/li>\n<li><strong>Tomorrowland<\/strong><\/li>\n<li><strong>New Orleands Square<\/strong><\/li>\n<li><strong>Critter Country<\/strong><\/li>\n<li><strong>Mickey\u2019s Town<\/strong><\/li>\n<\/ul>\n<p><strong>\u00a1El mejor Tour Privado hacia Disneyland de todos!<\/strong><\/p>\n<p><img fetchpriority=\"high\" decoding=\"async\" class=\"alignnone wp-image-104522\" src=\"https:\/\/tourtravelandmore.com\/wp-content\/uploads\/2020\/11\/Untitled-design-1-300x169.png\" alt=\"\" width=\"449\" height=\"253\" srcset=\"https:\/\/tourtravelandmore.com\/wp-content\/uploads\/2020\/11\/Untitled-design-1-300x169.png 300w, https:\/\/tourtravelandmore.com\/wp-content\/uploads\/2020\/11\/Untitled-design-1-1024x577.png 1024w, https:\/\/tourtravelandmore.com\/wp-content\/uploads\/2020\/11\/Untitled-design-1-768x433.png 768w, https:\/\/tourtravelandmore.com\/wp-content\/uploads\/2020\/11\/Untitled-design-1-1536x865.png 1536w, https:\/\/tourtravelandmore.com\/wp-content\/uploads\/2020\/11\/Untitled-design-1-680x383.png 680w, https:\/\/tourtravelandmore.com\/wp-content\/uploads\/2020\/11\/Untitled-design-1-595x335.png 595w, https:\/\/tourtravelandmore.com\/wp-content\/uploads\/2020\/11\/Untitled-design-1.png 1640w\" sizes=\"(max-width: 449px) 100vw, 449px\" \/><\/p>\n<p>\u00a1Disfrute de nuestro tour privado al parque Disneyland Anaheim y aproveche su visita al m\u00e1ximo!.<\/p>\n<p>Finalmente, al final de la visita, su conductor\/gu\u00eda privado lo llevar\u00e1 de regreso a su hotel en Anaheim.<\/p>\n<p>\u00a1No olvide visitar nuestro tour privado a Disney California Adventure <a href=\"https:\/\/tourtravelandmore.com\/es\/tours\/eeuu-es\/anaheim-en-es\/anaheim-actividades-es\/tour-privado-a-disney-california-adventure\/\">aqu\u00ed<\/a>!.<\/p>\n","protected":false},"excerpt":{"rendered":"<p id=\"tw-target-text\" class=\"tw-data-text tw-text-large XcVN5d tw-ta\" dir=\"ltr\" data-placeholder=\"Traducci\u00f3n\">\u00bfQui\u00e9n no ama Disneyland?, esta es la ocasi\u00f3n perfecta para visitar el parque m\u00e1s famoso de Estados Unidos. <span class=\"JLqJ4b ChMk0b\" data-language-for-alternatives=\"es\" data-language-to-translate-into=\"en\" data-phrase-index=\"1\">Venga con nosotros en este tour privado de d\u00eda completo y viva un d\u00eda lleno de diversi\u00f3n, aventura y magia.<\/span><\/p>\n","protected":false},"featured_media":88383,"comment_status":"open","ping_status":"closed","template":"","meta":{"_acf_changed":false},"product_brand":[],"product_cat":[1602,3144,3174,3177],"product_tag":[],"class_list":{"0":"post-88311","1":"product","2":"type-product","3":"status-publish","4":"has-post-thumbnail","6":"product_cat-eeuu-es","7":"product_cat-anaheim-en-es","8":"product_cat-anaheim-actividades-es","9":"product_cat-anaheim-tours-es","11":"first","12":"instock","13":"shipping-taxable","14":"purchasable","15":"product-type-simple"},"acf":[],"yoast_head":"<!-- This site is optimized with the Yoast SEO Premium plugin v25.3.1 (Yoast SEO v25.3.1) - https:\/\/yoast.com\/wordpress\/plugins\/seo\/ -->\n<title>Tour Privado al Parque Disneyland Anaheim en veh\u00edculo privado<\/title>\n<meta name=\"description\" content=\"\u2192 Acomp\u00e1\u00f1enos en este Tour Privado al Parque Disneyland Anaheim y disfrute de un d\u00eda lleno de diversion en Anaheim con su familia. \u2705\" \/>\n<meta name=\"robots\" content=\"index, follow, max-snippet:-1, max-image-preview:large, max-video-preview:-1\" \/>\n<link rel=\"canonical\" href=\"https:\/\/tourtravelandmore.com\/es\/tours\/eeuu-es\/anaheim-en-es\/anaheim-actividades-es\/tour-privado-al-parque-disneyland-anaheim\/\" \/>\n<meta property=\"og:locale\" content=\"es_ES\" \/>\n<meta property=\"og:type\" content=\"article\" \/>\n<meta property=\"og:title\" content=\"Tour Privado al Parque Disneyland Anaheim\" \/>\n<meta property=\"og:description\" content=\"\u2192 Acomp\u00e1\u00f1enos en este Tour Privado al Parque Disneyland Anaheim y disfrute de un d\u00eda lleno de diversion en Anaheim con su familia. \u2705\" \/>\n<meta property=\"og:url\" content=\"https:\/\/tourtravelandmore.com\/es\/tours\/eeuu-es\/anaheim-en-es\/anaheim-actividades-es\/tour-privado-al-parque-disneyland-anaheim\/\" \/>\n<meta property=\"og:site_name\" content=\"Tour Travel And More\" \/>\n<meta property=\"article:publisher\" content=\"https:\/\/www.facebook.com\/tourtravelandmore\/\" \/>\n<meta property=\"article:modified_time\" content=\"2023-10-03T18:19:04+00:00\" \/>\n<meta property=\"og:image\" content=\"https:\/\/tourtravelandmore.com\/wp-content\/uploads\/2020\/11\/disney-ana-1.jpg\" \/>\n\t<meta property=\"og:image:width\" content=\"1280\" \/>\n\t<meta property=\"og:image:height\" content=\"960\" \/>\n\t<meta property=\"og:image:type\" content=\"image\/jpeg\" \/>\n<meta name=\"twitter:card\" content=\"summary_large_image\" \/>\n<meta name=\"twitter:site\" content=\"@TourTravel_More\" \/>\n<meta name=\"twitter:label1\" content=\"Tiempo de lectura\" \/>\n\t<meta name=\"twitter:data1\" content=\"2 minutos\" \/>\n<script type=\"application\/ld+json\" class=\"yoast-schema-graph\">{\"@context\":\"https:\/\/schema.org\",\"@graph\":[{\"@type\":\"WebPage\",\"@id\":\"https:\/\/tourtravelandmore.com\/es\/tours\/eeuu-es\/anaheim-en-es\/anaheim-actividades-es\/tour-privado-al-parque-disneyland-anaheim\/\",\"url\":\"https:\/\/tourtravelandmore.com\/es\/tours\/eeuu-es\/anaheim-en-es\/anaheim-actividades-es\/tour-privado-al-parque-disneyland-anaheim\/\",\"name\":\"Tour Privado al Parque Disneyland Anaheim en veh\u00edculo privado\",\"isPartOf\":{\"@id\":\"https:\/\/tourtravelandmore.com\/es\/#website\"},\"primaryImageOfPage\":{\"@id\":\"https:\/\/tourtravelandmore.com\/es\/tours\/eeuu-es\/anaheim-en-es\/anaheim-actividades-es\/tour-privado-al-parque-disneyland-anaheim\/#primaryimage\"},\"image\":{\"@id\":\"https:\/\/tourtravelandmore.com\/es\/tours\/eeuu-es\/anaheim-en-es\/anaheim-actividades-es\/tour-privado-al-parque-disneyland-anaheim\/#primaryimage\"},\"thumbnailUrl\":\"https:\/\/tourtravelandmore.com\/wp-content\/uploads\/2020\/11\/disney-ana-1.jpg\",\"datePublished\":\"2020-11-30T09:34:29+00:00\",\"dateModified\":\"2023-10-03T18:19:04+00:00\",\"description\":\"\u2192 Acomp\u00e1\u00f1enos en este Tour Privado al Parque Disneyland Anaheim y disfrute de un d\u00eda lleno de diversion en Anaheim con su familia. \u2705\",\"breadcrumb\":{\"@id\":\"https:\/\/tourtravelandmore.com\/es\/tours\/eeuu-es\/anaheim-en-es\/anaheim-actividades-es\/tour-privado-al-parque-disneyland-anaheim\/#breadcrumb\"},\"inLanguage\":\"es\",\"potentialAction\":[{\"@type\":\"ReadAction\",\"target\":[\"https:\/\/tourtravelandmore.com\/es\/tours\/eeuu-es\/anaheim-en-es\/anaheim-actividades-es\/tour-privado-al-parque-disneyland-anaheim\/\"]}]},{\"@type\":\"ImageObject\",\"inLanguage\":\"es\",\"@id\":\"https:\/\/tourtravelandmore.com\/es\/tours\/eeuu-es\/anaheim-en-es\/anaheim-actividades-es\/tour-privado-al-parque-disneyland-anaheim\/#primaryimage\",\"url\":\"https:\/\/tourtravelandmore.com\/wp-content\/uploads\/2020\/11\/disney-ana-1.jpg\",\"contentUrl\":\"https:\/\/tourtravelandmore.com\/wp-content\/uploads\/2020\/11\/disney-ana-1.jpg\",\"width\":1280,\"height\":960},{\"@type\":\"BreadcrumbList\",\"@id\":\"https:\/\/tourtravelandmore.com\/es\/tours\/eeuu-es\/anaheim-en-es\/anaheim-actividades-es\/tour-privado-al-parque-disneyland-anaheim\/#breadcrumb\",\"itemListElement\":[{\"@type\":\"ListItem\",\"position\":1,\"name\":\"Home\",\"item\":\"https:\/\/tourtravelandmore.com\/es\/\"},{\"@type\":\"ListItem\",\"position\":2,\"name\":\"Tours\",\"item\":\"https:\/\/tourtravelandmore.com\/es\/tours\/\"},{\"@type\":\"ListItem\",\"position\":3,\"name\":\"Tour Privado al Parque Disneyland Anaheim\"}]},{\"@type\":\"WebSite\",\"@id\":\"https:\/\/tourtravelandmore.com\/es\/#website\",\"url\":\"https:\/\/tourtravelandmore.com\/es\/\",\"name\":\"Tour Travel And More\",\"description\":\"Private sightseeing tours and luxury transfers in Spain\",\"publisher\":{\"@id\":\"https:\/\/tourtravelandmore.com\/es\/#organization\"},\"potentialAction\":[{\"@type\":\"SearchAction\",\"target\":{\"@type\":\"EntryPoint\",\"urlTemplate\":\"https:\/\/tourtravelandmore.com\/es\/?s={search_term_string}\"},\"query-input\":{\"@type\":\"PropertyValueSpecification\",\"valueRequired\":true,\"valueName\":\"search_term_string\"}}],\"inLanguage\":\"es\"},{\"@type\":\"Organization\",\"@id\":\"https:\/\/tourtravelandmore.com\/es\/#organization\",\"name\":\"Tour Travel And More\",\"url\":\"https:\/\/tourtravelandmore.com\/es\/\",\"logo\":{\"@type\":\"ImageObject\",\"inLanguage\":\"es\",\"@id\":\"https:\/\/tourtravelandmore.com\/es\/#\/schema\/logo\/image\/\",\"url\":\"https:\/\/tourtravelandmore.com\/wp-content\/uploads\/2022\/12\/cropped-logo-cabecera-new.png\",\"contentUrl\":\"https:\/\/tourtravelandmore.com\/wp-content\/uploads\/2022\/12\/cropped-logo-cabecera-new.png\",\"width\":430,\"height\":61,\"caption\":\"Tour Travel And More\"},\"image\":{\"@id\":\"https:\/\/tourtravelandmore.com\/es\/#\/schema\/logo\/image\/\"},\"sameAs\":[\"https:\/\/www.facebook.com\/tourtravelandmore\/\",\"https:\/\/x.com\/TourTravel_More\"]}]}<\/script>\n<!-- \/ Yoast SEO Premium plugin. -->","yoast_head_json":{"title":"Tour Privado al Parque Disneyland Anaheim en veh\u00edculo privado","description":"\u2192 Acomp\u00e1\u00f1enos en este Tour Privado al Parque Disneyland Anaheim y disfrute de un d\u00eda lleno de diversion en Anaheim con su familia. \u2705","robots":{"index":"index","follow":"follow","max-snippet":"max-snippet:-1","max-image-preview":"max-image-preview:large","max-video-preview":"max-video-preview:-1"},"canonical":"https:\/\/tourtravelandmore.com\/es\/tours\/eeuu-es\/anaheim-en-es\/anaheim-actividades-es\/tour-privado-al-parque-disneyland-anaheim\/","og_locale":"es_ES","og_type":"article","og_title":"Tour Privado al Parque Disneyland Anaheim","og_description":"\u2192 Acomp\u00e1\u00f1enos en este Tour Privado al Parque Disneyland Anaheim y disfrute de un d\u00eda lleno de diversion en Anaheim con su familia. \u2705","og_url":"https:\/\/tourtravelandmore.com\/es\/tours\/eeuu-es\/anaheim-en-es\/anaheim-actividades-es\/tour-privado-al-parque-disneyland-anaheim\/","og_site_name":"Tour Travel And More","article_publisher":"https:\/\/www.facebook.com\/tourtravelandmore\/","article_modified_time":"2023-10-03T18:19:04+00:00","og_image":[{"width":1280,"height":960,"url":"https:\/\/tourtravelandmore.com\/wp-content\/uploads\/2020\/11\/disney-ana-1.jpg","type":"image\/jpeg"}],"twitter_card":"summary_large_image","twitter_site":"@TourTravel_More","twitter_misc":{"Tiempo de lectura":"2 minutos"},"schema":{"@context":"https:\/\/schema.org","@graph":[{"@type":"WebPage","@id":"https:\/\/tourtravelandmore.com\/es\/tours\/eeuu-es\/anaheim-en-es\/anaheim-actividades-es\/tour-privado-al-parque-disneyland-anaheim\/","url":"https:\/\/tourtravelandmore.com\/es\/tours\/eeuu-es\/anaheim-en-es\/anaheim-actividades-es\/tour-privado-al-parque-disneyland-anaheim\/","name":"Tour Privado al Parque Disneyland Anaheim en veh\u00edculo privado","isPartOf":{"@id":"https:\/\/tourtravelandmore.com\/es\/#website"},"primaryImageOfPage":{"@id":"https:\/\/tourtravelandmore.com\/es\/tours\/eeuu-es\/anaheim-en-es\/anaheim-actividades-es\/tour-privado-al-parque-disneyland-anaheim\/#primaryimage"},"image":{"@id":"https:\/\/tourtravelandmore.com\/es\/tours\/eeuu-es\/anaheim-en-es\/anaheim-actividades-es\/tour-privado-al-parque-disneyland-anaheim\/#primaryimage"},"thumbnailUrl":"https:\/\/tourtravelandmore.com\/wp-content\/uploads\/2020\/11\/disney-ana-1.jpg","datePublished":"2020-11-30T09:34:29+00:00","dateModified":"2023-10-03T18:19:04+00:00","description":"\u2192 Acomp\u00e1\u00f1enos en este Tour Privado al Parque Disneyland Anaheim y disfrute de un d\u00eda lleno de diversion en Anaheim con su familia. \u2705","breadcrumb":{"@id":"https:\/\/tourtravelandmore.com\/es\/tours\/eeuu-es\/anaheim-en-es\/anaheim-actividades-es\/tour-privado-al-parque-disneyland-anaheim\/#breadcrumb"},"inLanguage":"es","potentialAction":[{"@type":"ReadAction","target":["https:\/\/tourtravelandmore.com\/es\/tours\/eeuu-es\/anaheim-en-es\/anaheim-actividades-es\/tour-privado-al-parque-disneyland-anaheim\/"]}]},{"@type":"ImageObject","inLanguage":"es","@id":"https:\/\/tourtravelandmore.com\/es\/tours\/eeuu-es\/anaheim-en-es\/anaheim-actividades-es\/tour-privado-al-parque-disneyland-anaheim\/#primaryimage","url":"https:\/\/tourtravelandmore.com\/wp-content\/uploads\/2020\/11\/disney-ana-1.jpg","contentUrl":"https:\/\/tourtravelandmore.com\/wp-content\/uploads\/2020\/11\/disney-ana-1.jpg","width":1280,"height":960},{"@type":"BreadcrumbList","@id":"https:\/\/tourtravelandmore.com\/es\/tours\/eeuu-es\/anaheim-en-es\/anaheim-actividades-es\/tour-privado-al-parque-disneyland-anaheim\/#breadcrumb","itemListElement":[{"@type":"ListItem","position":1,"name":"Home","item":"https:\/\/tourtravelandmore.com\/es\/"},{"@type":"ListItem","position":2,"name":"Tours","item":"https:\/\/tourtravelandmore.com\/es\/tours\/"},{"@type":"ListItem","position":3,"name":"Tour Privado al Parque Disneyland Anaheim"}]},{"@type":"WebSite","@id":"https:\/\/tourtravelandmore.com\/es\/#website","url":"https:\/\/tourtravelandmore.com\/es\/","name":"Tour Travel And More","description":"Private sightseeing tours and luxury transfers in Spain","publisher":{"@id":"https:\/\/tourtravelandmore.com\/es\/#organization"},"potentialAction":[{"@type":"SearchAction","target":{"@type":"EntryPoint","urlTemplate":"https:\/\/tourtravelandmore.com\/es\/?s={search_term_string}"},"query-input":{"@type":"PropertyValueSpecification","valueRequired":true,"valueName":"search_term_string"}}],"inLanguage":"es"},{"@type":"Organization","@id":"https:\/\/tourtravelandmore.com\/es\/#organization","name":"Tour Travel And More","url":"https:\/\/tourtravelandmore.com\/es\/","logo":{"@type":"ImageObject","inLanguage":"es","@id":"https:\/\/tourtravelandmore.com\/es\/#\/schema\/logo\/image\/","url":"https:\/\/tourtravelandmore.com\/wp-content\/uploads\/2022\/12\/cropped-logo-cabecera-new.png","contentUrl":"https:\/\/tourtravelandmore.com\/wp-content\/uploads\/2022\/12\/cropped-logo-cabecera-new.png","width":430,"height":61,"caption":"Tour Travel And More"},"image":{"@id":"https:\/\/tourtravelandmore.com\/es\/#\/schema\/logo\/image\/"},"sameAs":["https:\/\/www.facebook.com\/tourtravelandmore\/","https:\/\/x.com\/TourTravel_More"]}]}},"_links":{"self":[{"href":"https:\/\/tourtravelandmore.com\/es\/wp-json\/wp\/v2\/product\/88311","targetHints":{"allow":["GET"]}}],"collection":[{"href":"https:\/\/tourtravelandmore.com\/es\/wp-json\/wp\/v2\/product"}],"about":[{"href":"https:\/\/tourtravelandmore.com\/es\/wp-json\/wp\/v2\/types\/product"}],"replies":[{"embeddable":true,"href":"https:\/\/tourtravelandmore.com\/es\/wp-json\/wp\/v2\/comments?post=88311"}],"wp:featuredmedia":[{"embeddable":true,"href":"https:\/\/tourtravelandmore.com\/es\/wp-json\/wp\/v2\/media\/88383"}],"wp:attachment":[{"href":"https:\/\/tourtravelandmore.com\/es\/wp-json\/wp\/v2\/media?parent=88311"}],"wp:term":[{"taxonomy":"product_brand","embeddable":true,"href":"https:\/\/tourtravelandmore.com\/es\/wp-json\/wp\/v2\/product_brand?post=88311"},{"taxonomy":"product_cat","embeddable":true,"href":"https:\/\/tourtravelandmore.com\/es\/wp-json\/wp\/v2\/product_cat?post=88311"},{"taxonomy":"product_tag","embeddable":true,"href":"https:\/\/tourtravelandmore.com\/es\/wp-json\/wp\/v2\/product_tag?post=88311"}],"curies":[{"name":"wp","href":"https:\/\/api.w.org\/{rel}","templated":true}]}}