{"id":88258,"date":"2020-11-27T11:30:58","date_gmt":"2020-11-27T10:31:00","guid":{"rendered":"https:\/\/tourtravelandmore.com\/?post_type=product&#038;p=88258"},"modified":"2023-09-19T18:43:59","modified_gmt":"2023-09-19T16:43:59","slug":"tour-privado-por-anaheim","status":"publish","type":"product","link":"https:\/\/tourtravelandmore.com\/es\/tours\/eeuu-es\/anaheim-en-es\/anaheim-actividades-es\/tour-privado-por-anaheim\/","title":{"rendered":"Tour Privado por Anaheim"},"content":{"rendered":"<h2 id=\"tw-target-text\" class=\"tw-data-text tw-text-large XcVN5d tw-ta\" dir=\"ltr\" data-placeholder=\"Traducci\u00f3n\"><span lang=\"es\">Descripci\u00f3n del Tour <\/span><\/h2>\n<p>Aunque Anaheim es famosa por sus incre\u00edbles parques de Disneyland, perm\u00edtanos decirle que hay muchas m\u00e1s cosas que ver en esta ciudad \u00fanica. \u00danase a nosotros en este <strong>tour privado por Anaheim<\/strong> y tenga la oportunidad de visitar la ciudad a trav\u00e9s de los ojos de un residente local. Lo acompa\u00f1ar\u00e1 un <strong>chofer\/gu\u00eda privado<\/strong> y un <strong>gu\u00eda tur\u00edstico oficial en un veh\u00edculo de lujo<\/strong>.<\/p>\n<h2>\u00bfQu\u00e9 hay para ver en Anaheim?<\/h2>\n<p>Anaheim es una ciudad ubicada en las afueras de Los \u00c1ngeles, en el sur de California. Sorpr\u00e9ndase con lo mucho que tiene para ofrecer. Adem\u00e1s de los Parques de Disneyland, Anaheim tambi\u00e9n cuenta con equipos deportivos profesionales, centros de convenciones, centros comerciales y restaurantes incre\u00edbles. Es una ciudad que tiene tanto que ofrecer como cualquiera de las ciudad mas populares de Estados Unidos.<br \/>\nDisfrute de esta oportunidad \u00fanica y descubra una ciudad que a\u00fan est\u00e1 en crecimiento. Comun\u00edquese con <strong>Tour Travel &amp; More<\/strong> para obtener m\u00e1s informaci\u00f3n y personalizar su propia experiencia.<\/p>\n<h2>\u00bfD\u00f3nde empieza el tour privado?<\/h2>\n<p>En cualquier parte que usted nos indiques en el \u00e1rea de Anaheim, as\u00ed que le recomendamos que se relaje y nos diga donde pasemos a recogerle en nuestro lujoso y privado transporte.<\/p>\n<h2>Puntos de inter\u00e9s en Anaheim<\/h2>\n<p><img fetchpriority=\"high\" decoding=\"async\" class=\"alignnone wp-image-104673\" src=\"https:\/\/tourtravelandmore.com\/wp-content\/uploads\/2020\/11\/Untitled-design-300x169.png\" alt=\"tour privado en anaheim\" width=\"398\" height=\"224\" srcset=\"https:\/\/tourtravelandmore.com\/wp-content\/uploads\/2020\/11\/Untitled-design-300x169.png 300w, https:\/\/tourtravelandmore.com\/wp-content\/uploads\/2020\/11\/Untitled-design-1024x576.png 1024w, https:\/\/tourtravelandmore.com\/wp-content\/uploads\/2020\/11\/Untitled-design-768x432.png 768w, https:\/\/tourtravelandmore.com\/wp-content\/uploads\/2020\/11\/Untitled-design-1536x864.png 1536w, https:\/\/tourtravelandmore.com\/wp-content\/uploads\/2020\/11\/Untitled-design-680x383.png 680w, https:\/\/tourtravelandmore.com\/wp-content\/uploads\/2020\/11\/Untitled-design-595x335.png 595w, https:\/\/tourtravelandmore.com\/wp-content\/uploads\/2020\/11\/Untitled-design.png 1920w\" sizes=\"(max-width: 398px) 100vw, 398px\" \/><\/p>\n<p>Despu\u00e9s de una c\u00f3moda recogida privada en su hotel o lugar de elecci\u00f3n en Anaheim, estar\u00e1 listo para comenzar este <strong>tour privado de 4 horas.<\/strong>\u00a0 Todos nuestros gu\u00edas son gu\u00edas tur\u00edsticos con licencia, expertos en historia, patrimonio y secretos de la ciudad.<\/p>\n<h2>Durante este tour privado por Anaheim usted podr\u00e1 visitar los siguientes lugares:<\/h2>\n<ul>\n<li><a href=\"https:\/\/www.anaheim.net\/1117\/Anaheim-Convention-Center\" target=\"_blank\" rel=\"noopener\">Anaheim Convention Center<\/a><\/li>\n<li><a href=\"https:\/\/www.mlb.com\/angels\/ballpark\" target=\"_blank\" rel=\"noopener\">Angel Stadium of Anaheim<\/a><\/li>\n<li><a href=\"http:\/\/anaheimmarketplace.com\/\" target=\"_blank\" rel=\"noopener\">Anaheim Marketplace<\/a><\/li>\n<li><a href=\"https:\/\/www.hondacenter.com\/\" target=\"_blank\" rel=\"noopener\">Honda Center<\/a><\/li>\n<li><a href=\"https:\/\/www.anaheim.net\/facilities\/facility\/details\/Citrus-Park-96\" target=\"_blank\" rel=\"noopener\">Citrus Park<\/a><\/li>\n<li><a href=\"https:\/\/anaheimplaza.shopkimco.com\/\" target=\"_blank\" rel=\"noopener\">Anaheim Plaza<\/a><\/li>\n<li><a href=\"http:\/\/www.citynationalgroveofanaheim.com\/\" target=\"_blank\" rel=\"noopener\">City National Grove of Anaheim<\/a><\/li>\n<li><a href=\"https:\/\/www.anaheim.net\/Facilities\/Facility\/Details\/Boysen-Park-100\" target=\"_blank\" rel=\"noopener\">Boysen Park<\/a><\/li>\n<li>The Rock Church Anaheim \u2013 The Word Center<\/li>\n<li>\u00a1Y mucho m\u00e1s!<\/li>\n<\/ul>\n<p>Su conductor privado y gu\u00eda tur\u00edstico oficial estar\u00e1n a su completa disposici\u00f3n para un recorrido de 4 horas. En caso de que est\u00e9 interesado, podemos incluir m\u00e1s horas a su experiencia o incluso hacer que sea un tour de d\u00eda completo.<br \/>\nFinalmente, despu\u00e9s de un recorrido de medio d\u00eda, su conductor y gu\u00eda privados lo llevar\u00e1n de regreso a su hotel en Anaheim.<br \/>\nConf\u00ede en nosotros cuando le decimos que este Tour Privado a Anaheim es algo que definitivamente no querr\u00e1 perderse. Aproveche y personalice su experiencia privada, <strong>\u00a1este es un tour que nunca olvidar\u00e1!<\/strong><\/p>\n","protected":false},"excerpt":{"rendered":"<p id=\"tw-target-text\" class=\"tw-data-text tw-text-large XcVN5d tw-ta\" dir=\"ltr\" data-placeholder=\"Traducci\u00f3n\">Aproveche la oportunidad no solo de visitar los parques de Disneyland, sino tambi\u00e9n de explorar todo lo que\u00a0 la ciudad de Anaheim, California\u00a0 tiene que ofrecer como centros comerciales, centros de entretenimiento, centro de convenciones etc.\u00a0 Usted s<span class=\"JLqJ4b ChMk0b\" data-language-for-alternatives=\"es\" data-language-to-translate-into=\"en\" data-phrase-index=\"1\">er\u00e1 acompa\u00f1ado por un conductor privado y un gu\u00eda tur\u00edstico local profesional durante toda su experiencia.<\/span><\/p>\n","protected":false},"featured_media":88280,"comment_status":"open","ping_status":"closed","template":"","meta":{"_acf_changed":false},"product_brand":[],"product_cat":[1602,3144,3174,3177],"product_tag":[],"class_list":{"0":"post-88258","1":"product","2":"type-product","3":"status-publish","4":"has-post-thumbnail","6":"product_cat-eeuu-es","7":"product_cat-anaheim-en-es","8":"product_cat-anaheim-actividades-es","9":"product_cat-anaheim-tours-es","11":"first","12":"instock","13":"shipping-taxable","14":"purchasable","15":"product-type-simple"},"acf":[],"yoast_head":"<!-- This site is optimized with the Yoast SEO Premium plugin v25.3.1 (Yoast SEO v25.3.1) - https:\/\/yoast.com\/wordpress\/plugins\/seo\/ -->\n<title>Tour Privado por Anaheim con chofer y gu\u00eda oficial local privados<\/title>\n<meta name=\"description\" content=\"Conozca la ciudad de una manera diferente con nuestro Tour Privado por Anaheim. Veh\u00edculo de lujo con chofer para una experiencia m\u00e1s c\u00f3moda.\" \/>\n<meta name=\"robots\" content=\"index, follow, max-snippet:-1, max-image-preview:large, max-video-preview:-1\" \/>\n<link rel=\"canonical\" href=\"https:\/\/tourtravelandmore.com\/es\/tours\/eeuu-es\/anaheim-en-es\/anaheim-actividades-es\/tour-privado-por-anaheim\/\" \/>\n<meta property=\"og:locale\" content=\"es_ES\" \/>\n<meta property=\"og:type\" content=\"article\" \/>\n<meta property=\"og:title\" content=\"Tour Privado por Anaheim\" \/>\n<meta property=\"og:description\" content=\"Conozca la ciudad de una manera diferente con nuestro Tour Privado por Anaheim. Veh\u00edculo de lujo con chofer para una experiencia m\u00e1s c\u00f3moda.\" \/>\n<meta property=\"og:url\" content=\"https:\/\/tourtravelandmore.com\/es\/tours\/eeuu-es\/anaheim-en-es\/anaheim-actividades-es\/tour-privado-por-anaheim\/\" \/>\n<meta property=\"og:site_name\" content=\"Tour Travel And More\" \/>\n<meta property=\"article:publisher\" content=\"https:\/\/www.facebook.com\/tourtravelandmore\/\" \/>\n<meta property=\"article:modified_time\" content=\"2023-09-19T16:43:59+00:00\" \/>\n<meta property=\"og:image\" content=\"https:\/\/tourtravelandmore.com\/wp-content\/uploads\/2020\/11\/anaheim-2-scaled.jpg\" \/>\n\t<meta property=\"og:image:width\" content=\"2560\" \/>\n\t<meta property=\"og:image:height\" content=\"1920\" \/>\n\t<meta property=\"og:image:type\" content=\"image\/jpeg\" \/>\n<meta name=\"twitter:card\" content=\"summary_large_image\" \/>\n<meta name=\"twitter:site\" content=\"@TourTravel_More\" \/>\n<meta name=\"twitter:label1\" content=\"Tiempo de lectura\" \/>\n\t<meta name=\"twitter:data1\" content=\"2 minutos\" \/>\n<script type=\"application\/ld+json\" class=\"yoast-schema-graph\">{\"@context\":\"https:\/\/schema.org\",\"@graph\":[{\"@type\":\"WebPage\",\"@id\":\"https:\/\/tourtravelandmore.com\/es\/tours\/eeuu-es\/anaheim-en-es\/anaheim-actividades-es\/tour-privado-por-anaheim\/\",\"url\":\"https:\/\/tourtravelandmore.com\/es\/tours\/eeuu-es\/anaheim-en-es\/anaheim-actividades-es\/tour-privado-por-anaheim\/\",\"name\":\"Tour Privado por Anaheim con chofer y gu\u00eda oficial local privados\",\"isPartOf\":{\"@id\":\"https:\/\/tourtravelandmore.com\/es\/#website\"},\"primaryImageOfPage\":{\"@id\":\"https:\/\/tourtravelandmore.com\/es\/tours\/eeuu-es\/anaheim-en-es\/anaheim-actividades-es\/tour-privado-por-anaheim\/#primaryimage\"},\"image\":{\"@id\":\"https:\/\/tourtravelandmore.com\/es\/tours\/eeuu-es\/anaheim-en-es\/anaheim-actividades-es\/tour-privado-por-anaheim\/#primaryimage\"},\"thumbnailUrl\":\"https:\/\/tourtravelandmore.com\/wp-content\/uploads\/2020\/11\/anaheim-2-scaled.jpg\",\"datePublished\":\"2020-11-27T10:31:00+00:00\",\"dateModified\":\"2023-09-19T16:43:59+00:00\",\"description\":\"Conozca la ciudad de una manera diferente con nuestro Tour Privado por Anaheim. Veh\u00edculo de lujo con chofer para una experiencia m\u00e1s c\u00f3moda.\",\"breadcrumb\":{\"@id\":\"https:\/\/tourtravelandmore.com\/es\/tours\/eeuu-es\/anaheim-en-es\/anaheim-actividades-es\/tour-privado-por-anaheim\/#breadcrumb\"},\"inLanguage\":\"es\",\"potentialAction\":[{\"@type\":\"ReadAction\",\"target\":[\"https:\/\/tourtravelandmore.com\/es\/tours\/eeuu-es\/anaheim-en-es\/anaheim-actividades-es\/tour-privado-por-anaheim\/\"]}]},{\"@type\":\"ImageObject\",\"inLanguage\":\"es\",\"@id\":\"https:\/\/tourtravelandmore.com\/es\/tours\/eeuu-es\/anaheim-en-es\/anaheim-actividades-es\/tour-privado-por-anaheim\/#primaryimage\",\"url\":\"https:\/\/tourtravelandmore.com\/wp-content\/uploads\/2020\/11\/anaheim-2-scaled.jpg\",\"contentUrl\":\"https:\/\/tourtravelandmore.com\/wp-content\/uploads\/2020\/11\/anaheim-2-scaled.jpg\",\"width\":2560,\"height\":1920,\"caption\":\"OLYMPUS DIGITAL CAMERA\"},{\"@type\":\"BreadcrumbList\",\"@id\":\"https:\/\/tourtravelandmore.com\/es\/tours\/eeuu-es\/anaheim-en-es\/anaheim-actividades-es\/tour-privado-por-anaheim\/#breadcrumb\",\"itemListElement\":[{\"@type\":\"ListItem\",\"position\":1,\"name\":\"Home\",\"item\":\"https:\/\/tourtravelandmore.com\/es\/\"},{\"@type\":\"ListItem\",\"position\":2,\"name\":\"Tours\",\"item\":\"https:\/\/tourtravelandmore.com\/es\/tours\/\"},{\"@type\":\"ListItem\",\"position\":3,\"name\":\"Tour Privado por Anaheim\"}]},{\"@type\":\"WebSite\",\"@id\":\"https:\/\/tourtravelandmore.com\/es\/#website\",\"url\":\"https:\/\/tourtravelandmore.com\/es\/\",\"name\":\"Tour Travel And More\",\"description\":\"Private sightseeing tours and luxury transfers in Spain\",\"publisher\":{\"@id\":\"https:\/\/tourtravelandmore.com\/es\/#organization\"},\"potentialAction\":[{\"@type\":\"SearchAction\",\"target\":{\"@type\":\"EntryPoint\",\"urlTemplate\":\"https:\/\/tourtravelandmore.com\/es\/?s={search_term_string}\"},\"query-input\":{\"@type\":\"PropertyValueSpecification\",\"valueRequired\":true,\"valueName\":\"search_term_string\"}}],\"inLanguage\":\"es\"},{\"@type\":\"Organization\",\"@id\":\"https:\/\/tourtravelandmore.com\/es\/#organization\",\"name\":\"Tour Travel And More\",\"url\":\"https:\/\/tourtravelandmore.com\/es\/\",\"logo\":{\"@type\":\"ImageObject\",\"inLanguage\":\"es\",\"@id\":\"https:\/\/tourtravelandmore.com\/es\/#\/schema\/logo\/image\/\",\"url\":\"https:\/\/tourtravelandmore.com\/wp-content\/uploads\/2022\/12\/cropped-logo-cabecera-new.png\",\"contentUrl\":\"https:\/\/tourtravelandmore.com\/wp-content\/uploads\/2022\/12\/cropped-logo-cabecera-new.png\",\"width\":430,\"height\":61,\"caption\":\"Tour Travel And More\"},\"image\":{\"@id\":\"https:\/\/tourtravelandmore.com\/es\/#\/schema\/logo\/image\/\"},\"sameAs\":[\"https:\/\/www.facebook.com\/tourtravelandmore\/\",\"https:\/\/x.com\/TourTravel_More\"]}]}<\/script>\n<!-- \/ Yoast SEO Premium plugin. -->","yoast_head_json":{"title":"Tour Privado por Anaheim con chofer y gu\u00eda oficial local privados","description":"Conozca la ciudad de una manera diferente con nuestro Tour Privado por Anaheim. Veh\u00edculo de lujo con chofer para una experiencia m\u00e1s c\u00f3moda.","robots":{"index":"index","follow":"follow","max-snippet":"max-snippet:-1","max-image-preview":"max-image-preview:large","max-video-preview":"max-video-preview:-1"},"canonical":"https:\/\/tourtravelandmore.com\/es\/tours\/eeuu-es\/anaheim-en-es\/anaheim-actividades-es\/tour-privado-por-anaheim\/","og_locale":"es_ES","og_type":"article","og_title":"Tour Privado por Anaheim","og_description":"Conozca la ciudad de una manera diferente con nuestro Tour Privado por Anaheim. Veh\u00edculo de lujo con chofer para una experiencia m\u00e1s c\u00f3moda.","og_url":"https:\/\/tourtravelandmore.com\/es\/tours\/eeuu-es\/anaheim-en-es\/anaheim-actividades-es\/tour-privado-por-anaheim\/","og_site_name":"Tour Travel And More","article_publisher":"https:\/\/www.facebook.com\/tourtravelandmore\/","article_modified_time":"2023-09-19T16:43:59+00:00","og_image":[{"width":2560,"height":1920,"url":"https:\/\/tourtravelandmore.com\/wp-content\/uploads\/2020\/11\/anaheim-2-scaled.jpg","type":"image\/jpeg"}],"twitter_card":"summary_large_image","twitter_site":"@TourTravel_More","twitter_misc":{"Tiempo de lectura":"2 minutos"},"schema":{"@context":"https:\/\/schema.org","@graph":[{"@type":"WebPage","@id":"https:\/\/tourtravelandmore.com\/es\/tours\/eeuu-es\/anaheim-en-es\/anaheim-actividades-es\/tour-privado-por-anaheim\/","url":"https:\/\/tourtravelandmore.com\/es\/tours\/eeuu-es\/anaheim-en-es\/anaheim-actividades-es\/tour-privado-por-anaheim\/","name":"Tour Privado por Anaheim con chofer y gu\u00eda oficial local privados","isPartOf":{"@id":"https:\/\/tourtravelandmore.com\/es\/#website"},"primaryImageOfPage":{"@id":"https:\/\/tourtravelandmore.com\/es\/tours\/eeuu-es\/anaheim-en-es\/anaheim-actividades-es\/tour-privado-por-anaheim\/#primaryimage"},"image":{"@id":"https:\/\/tourtravelandmore.com\/es\/tours\/eeuu-es\/anaheim-en-es\/anaheim-actividades-es\/tour-privado-por-anaheim\/#primaryimage"},"thumbnailUrl":"https:\/\/tourtravelandmore.com\/wp-content\/uploads\/2020\/11\/anaheim-2-scaled.jpg","datePublished":"2020-11-27T10:31:00+00:00","dateModified":"2023-09-19T16:43:59+00:00","description":"Conozca la ciudad de una manera diferente con nuestro Tour Privado por Anaheim. Veh\u00edculo de lujo con chofer para una experiencia m\u00e1s c\u00f3moda.","breadcrumb":{"@id":"https:\/\/tourtravelandmore.com\/es\/tours\/eeuu-es\/anaheim-en-es\/anaheim-actividades-es\/tour-privado-por-anaheim\/#breadcrumb"},"inLanguage":"es","potentialAction":[{"@type":"ReadAction","target":["https:\/\/tourtravelandmore.com\/es\/tours\/eeuu-es\/anaheim-en-es\/anaheim-actividades-es\/tour-privado-por-anaheim\/"]}]},{"@type":"ImageObject","inLanguage":"es","@id":"https:\/\/tourtravelandmore.com\/es\/tours\/eeuu-es\/anaheim-en-es\/anaheim-actividades-es\/tour-privado-por-anaheim\/#primaryimage","url":"https:\/\/tourtravelandmore.com\/wp-content\/uploads\/2020\/11\/anaheim-2-scaled.jpg","contentUrl":"https:\/\/tourtravelandmore.com\/wp-content\/uploads\/2020\/11\/anaheim-2-scaled.jpg","width":2560,"height":1920,"caption":"OLYMPUS DIGITAL CAMERA"},{"@type":"BreadcrumbList","@id":"https:\/\/tourtravelandmore.com\/es\/tours\/eeuu-es\/anaheim-en-es\/anaheim-actividades-es\/tour-privado-por-anaheim\/#breadcrumb","itemListElement":[{"@type":"ListItem","position":1,"name":"Home","item":"https:\/\/tourtravelandmore.com\/es\/"},{"@type":"ListItem","position":2,"name":"Tours","item":"https:\/\/tourtravelandmore.com\/es\/tours\/"},{"@type":"ListItem","position":3,"name":"Tour Privado por Anaheim"}]},{"@type":"WebSite","@id":"https:\/\/tourtravelandmore.com\/es\/#website","url":"https:\/\/tourtravelandmore.com\/es\/","name":"Tour Travel And More","description":"Private sightseeing tours and luxury transfers in Spain","publisher":{"@id":"https:\/\/tourtravelandmore.com\/es\/#organization"},"potentialAction":[{"@type":"SearchAction","target":{"@type":"EntryPoint","urlTemplate":"https:\/\/tourtravelandmore.com\/es\/?s={search_term_string}"},"query-input":{"@type":"PropertyValueSpecification","valueRequired":true,"valueName":"search_term_string"}}],"inLanguage":"es"},{"@type":"Organization","@id":"https:\/\/tourtravelandmore.com\/es\/#organization","name":"Tour Travel And More","url":"https:\/\/tourtravelandmore.com\/es\/","logo":{"@type":"ImageObject","inLanguage":"es","@id":"https:\/\/tourtravelandmore.com\/es\/#\/schema\/logo\/image\/","url":"https:\/\/tourtravelandmore.com\/wp-content\/uploads\/2022\/12\/cropped-logo-cabecera-new.png","contentUrl":"https:\/\/tourtravelandmore.com\/wp-content\/uploads\/2022\/12\/cropped-logo-cabecera-new.png","width":430,"height":61,"caption":"Tour Travel And More"},"image":{"@id":"https:\/\/tourtravelandmore.com\/es\/#\/schema\/logo\/image\/"},"sameAs":["https:\/\/www.facebook.com\/tourtravelandmore\/","https:\/\/x.com\/TourTravel_More"]}]}},"_links":{"self":[{"href":"https:\/\/tourtravelandmore.com\/es\/wp-json\/wp\/v2\/product\/88258","targetHints":{"allow":["GET"]}}],"collection":[{"href":"https:\/\/tourtravelandmore.com\/es\/wp-json\/wp\/v2\/product"}],"about":[{"href":"https:\/\/tourtravelandmore.com\/es\/wp-json\/wp\/v2\/types\/product"}],"replies":[{"embeddable":true,"href":"https:\/\/tourtravelandmore.com\/es\/wp-json\/wp\/v2\/comments?post=88258"}],"wp:featuredmedia":[{"embeddable":true,"href":"https:\/\/tourtravelandmore.com\/es\/wp-json\/wp\/v2\/media\/88280"}],"wp:attachment":[{"href":"https:\/\/tourtravelandmore.com\/es\/wp-json\/wp\/v2\/media?parent=88258"}],"wp:term":[{"taxonomy":"product_brand","embeddable":true,"href":"https:\/\/tourtravelandmore.com\/es\/wp-json\/wp\/v2\/product_brand?post=88258"},{"taxonomy":"product_cat","embeddable":true,"href":"https:\/\/tourtravelandmore.com\/es\/wp-json\/wp\/v2\/product_cat?post=88258"},{"taxonomy":"product_tag","embeddable":true,"href":"https:\/\/tourtravelandmore.com\/es\/wp-json\/wp\/v2\/product_tag?post=88258"}],"curies":[{"name":"wp","href":"https:\/\/api.w.org\/{rel}","templated":true}]}}