{"id":8824,"date":"2016-05-03T13:58:42","date_gmt":"2016-11-04T11:33:22","guid":{"rendered":"http:\/\/tourtravelandmore.com\/es\/?post_type=product&#038;p=8824"},"modified":"2023-03-23T19:06:56","modified_gmt":"2023-03-23T18:06:56","slug":"tour-privado-de-gibraltar","status":"publish","type":"product","link":"https:\/\/tourtravelandmore.com\/es\/tours\/espana-es\/marbella-puerto-banus-es\/tour-privado-de-gibraltar\/","title":{"rendered":"Tour Privado de Gibraltar desde M\u00e1laga"},"content":{"rendered":"<h2>Descripci\u00f3n del Tour Privado de Gibraltar desde M\u00e1laga<\/h2>\n<p>El <strong>Tour Privado de Gibraltar desde M\u00e1laga<\/strong> es con <strong>gu\u00eda<\/strong> y <strong>veh\u00edculo privado,<\/strong> le permitir\u00e1 conocer una ciudad y una colonia <strong>Brit\u00e1nica<\/strong> a muy pocos <strong>kil\u00f3metros<\/strong> de <strong>Espa\u00f1a.<\/strong><\/p>\n<p>Si est\u00e1 en otra ciudad de <strong>Andaluc\u00eda,<\/strong> solo lo ha de indicar desde el formulario de tour, operamos en toda <strong>Andaluc\u00eda<\/strong> y podemos realizar <strong>recogidas<\/strong> y <strong>devoluciones<\/strong> desde cualquier <strong>ciudad.<\/strong><\/p>\n<p>Esta <strong>peque\u00f1a<\/strong> localidad <strong>brit\u00e1nica<\/strong> est\u00e1 ubicada dentro de la <strong>pen\u00ednsula Ib\u00e9rica,<\/strong> si est\u00e1s en <strong>M\u00e1laga<\/strong>\u00a0merece la pena planificar una visita a la <strong>ciudad.<\/strong><\/p>\n<p>Su ubicaci\u00f3n estrat\u00e9gica en las puertas del <strong>Mediterr\u00e1neo,<\/strong> su famoso pe\u00f1\u00f3n, su <strong>gobierno brit\u00e1nico,<\/strong> su idioma conocido como <strong>llanito<\/strong> (mezcla de ingl\u00e9s y espa\u00f1ol) y su arquitectura <strong>brit\u00e1nica<\/strong> en plena <strong>Andaluc\u00eda,<\/strong> convierten a <strong>Gibraltar<\/strong> en un sitio \u00fanico.<\/p>\n<p>Nuestros veh\u00edculos no puede acceder a la ciudad de <strong>Gibraltar,<\/strong> ya que son <strong>pa\u00edses diferentes.<\/strong> Nuestro conductor esperar\u00e1 en un parking autorizado y desde ahi cogeremos un autob\u00fas que en 10 minutos nos dejar\u00e1 en el centro para recorrer las calles principales y la ciudad junto a nuestro gu\u00eda privado oficial.<\/p>\n<p>La duraci\u00f3n del tour a Gibraltar desde M\u00e1laga o cualquier ciudad de Andaluc\u00eda son 8 horas y es completamente privado, podemos escoger la hora y lugar de comienzo.<\/p>\n<h2>Puntos de inter\u00e9s<\/h2>\n<p>Solamente cruzar las fronteras nos dar\u00e1 la sensaci\u00f3n de estar en una peque\u00f1a ciudad de <strong>Londres<\/strong> con sus <strong>t\u00edpicos buzones, Autobuses<\/strong> y <strong>cabinas<\/strong> de <strong>tel\u00e9fono.<\/strong><\/p>\n<p>Para acceder al centro pasaremos por el <strong>aeropuerto,<\/strong> pisaremos la pista, y tendremos que esperar a que los aviones aterricen o despeguen para poder cruzar.<\/p>\n<p>Una vez crucemos ya estaremos a punto de llegar al centro de la ciudad, y llegaremos a su calle m\u00e1s famosa, <span id=\"Main_Street\" class=\"ez-toc-section\"><strong>Main Street,<\/strong> es la calle principal, d\u00f3nde se encuentran la mayor parte de los comercios.<strong><br \/>\n<\/strong><\/span><\/p>\n<p>Desde el centro veremos <strong>El pe\u00f1\u00f3n de Gibraltar,<\/strong> conocido anteriormente como una de las Columnas de H\u00e9rcules, un s\u00edmbolo que a\u00fan aparece a ambos lados del escudo espa\u00f1ol. En la antig\u00fcedad, las columnas de H\u00e9rcules eran conocidas como el fin del mundo. A lo largo de los \u00fatlimos siglos el pe\u00f1on ha sido muy conocido por su importante posici\u00f3n estrat\u00e9gica.<\/p>\n<p>Podemos subir a trav\u00e9s del un <strong>Tel\u00e9ferico<\/strong>, y ir a un Mirador para ver la ciudad y los alrededores y contemplar las fabulosas vistas. Es una actividad que siempre recomendamos hacer, si ese d\u00eda el tiempo es favorable.<\/p>\n<p>Las vistas desde arriba son impresionantes, podremos ver si hace buen tiempo:<strong> Algeciras, toda la zona del Campo de Gibraltar, Marruecos, la entrada al Mediterr\u00e1neo y la salida al Oc\u00e9ano.<\/strong><\/p>\n<p>Si desean entrar a las <strong>Cuevas de San Miguel<\/strong> lo podemos gestionar y organizar.<\/p>\n<p>Despu\u00e9s del tour pararemos para comer y volveremos a la frontera d\u00f3nde estar\u00e1 esperando el veh\u00edculo para volver a M\u00e1laga o Marbella.<\/p>\n<p>Si desea organizar otro tour privado desde M\u00e1laga, puede consultar el listado de <a href=\"https:\/\/tourtravelandmore.com\/es\/ciudad\/espana-es\/malaga-es\/\">tours privados de M\u00e1laga.<\/a><\/p>\n<p>A trav\u00e9s del formulario de contacto, nos puede solicitar el tour, y nuestro equipo le enviar\u00e1 la informaci\u00f3n detallada.<\/p>\n","protected":false},"excerpt":{"rendered":"<p>Disfrute de este <strong>Tour Privado de Gibraltar desde M\u00e1laga<\/strong>. Durante este tour privado con su gu\u00eda oficial privado y su veh\u00edculo de lujo con chofer, disfrute de los monumentos y zonas m\u00e1s emblem\u00e1ticas de Gibraltar y Punta de Europa en lo alto del Pe\u00f1on de Gibraltar.<\/p>\n","protected":false},"featured_media":1061,"comment_status":"open","ping_status":"closed","template":"","meta":{"_acf_changed":false},"product_brand":[],"product_cat":[94,95,96,97,88,89,91,90],"product_tag":[],"class_list":{"0":"post-8824","1":"product","2":"type-product","3":"status-publish","4":"has-post-thumbnail","6":"product_cat-malaga-es","7":"product_cat-malaga-actividades-es","8":"product_cat-malaga-excursiones-es","9":"product_cat-malaga-rutas-turisticas-privadas-es","10":"product_cat-marbella-puerto-banus-es","11":"product_cat-marbella-puerto-banus-actividades-es","12":"product_cat-marbella-puerto-banus-rutas-turisticas-es","13":"product_cat-marbella-puerto-banus-excursiones-es","15":"first","16":"instock","17":"shipping-taxable","18":"purchasable","19":"product-type-simple"},"acf":[],"yoast_head":"<!-- This site is optimized with the Yoast SEO Premium plugin v25.3.1 (Yoast SEO v25.3.1) - https:\/\/yoast.com\/wordpress\/plugins\/seo\/ -->\n<title>\u27a1\ufe0f Tour Privado de Gibraltar desde M\u00e1laga | Tour Travel &amp; More<\/title>\n<meta name=\"description\" content=\"Gracias a este tour a Gibraltar desde Malaga, conoceras una ciudad \u00fanica y las fabulosas vistas del Pe\u00f1on. Gracias a este tour privado con guia y vehiculo \u2705\" \/>\n<meta name=\"robots\" content=\"index, follow, max-snippet:-1, max-image-preview:large, max-video-preview:-1\" \/>\n<link rel=\"canonical\" href=\"https:\/\/tourtravelandmore.com\/es\/tours\/espana-es\/marbella-puerto-banus-es\/tour-privado-de-gibraltar\/\" \/>\n<meta property=\"og:locale\" content=\"es_ES\" \/>\n<meta property=\"og:type\" content=\"article\" \/>\n<meta property=\"og:title\" content=\"Tour Privado de Gibraltar desde M\u00e1laga\" \/>\n<meta property=\"og:description\" content=\"Gracias a este tour a Gibraltar desde Malaga, conoceras una ciudad \u00fanica y las fabulosas vistas del Pe\u00f1on. Gracias a este tour privado con guia y vehiculo \u2705\" \/>\n<meta property=\"og:url\" content=\"https:\/\/tourtravelandmore.com\/es\/tours\/espana-es\/marbella-puerto-banus-es\/tour-privado-de-gibraltar\/\" \/>\n<meta property=\"og:site_name\" content=\"Tour Travel And More\" \/>\n<meta property=\"article:publisher\" content=\"https:\/\/www.facebook.com\/tourtravelandmore\/\" \/>\n<meta property=\"article:modified_time\" content=\"2023-03-23T18:06:56+00:00\" \/>\n<meta property=\"og:image\" content=\"https:\/\/tourtravelandmore.com\/wp-content\/uploads\/2016\/05\/portada86.jpg\" \/>\n\t<meta property=\"og:image:width\" content=\"1605\" \/>\n\t<meta property=\"og:image:height\" content=\"642\" \/>\n\t<meta property=\"og:image:type\" content=\"image\/jpeg\" \/>\n<meta name=\"twitter:card\" content=\"summary_large_image\" \/>\n<meta name=\"twitter:site\" content=\"@TourTravel_More\" \/>\n<meta name=\"twitter:label1\" content=\"Tiempo de lectura\" \/>\n\t<meta name=\"twitter:data1\" content=\"3 minutos\" \/>\n<script type=\"application\/ld+json\" class=\"yoast-schema-graph\">{\"@context\":\"https:\/\/schema.org\",\"@graph\":[{\"@type\":\"WebPage\",\"@id\":\"https:\/\/tourtravelandmore.com\/es\/tours\/espana-es\/marbella-puerto-banus-es\/tour-privado-de-gibraltar\/\",\"url\":\"https:\/\/tourtravelandmore.com\/es\/tours\/espana-es\/marbella-puerto-banus-es\/tour-privado-de-gibraltar\/\",\"name\":\"\u27a1\ufe0f Tour Privado de Gibraltar desde M\u00e1laga | Tour Travel & More\",\"isPartOf\":{\"@id\":\"https:\/\/tourtravelandmore.com\/es\/#website\"},\"primaryImageOfPage\":{\"@id\":\"https:\/\/tourtravelandmore.com\/es\/tours\/espana-es\/marbella-puerto-banus-es\/tour-privado-de-gibraltar\/#primaryimage\"},\"image\":{\"@id\":\"https:\/\/tourtravelandmore.com\/es\/tours\/espana-es\/marbella-puerto-banus-es\/tour-privado-de-gibraltar\/#primaryimage\"},\"thumbnailUrl\":\"https:\/\/tourtravelandmore.com\/wp-content\/uploads\/2016\/05\/portada86.jpg\",\"datePublished\":\"2016-11-04T11:33:22+00:00\",\"dateModified\":\"2023-03-23T18:06:56+00:00\",\"description\":\"Gracias a este tour a Gibraltar desde Malaga, conoceras una ciudad \u00fanica y las fabulosas vistas del Pe\u00f1on. Gracias a este tour privado con guia y vehiculo \u2705\",\"breadcrumb\":{\"@id\":\"https:\/\/tourtravelandmore.com\/es\/tours\/espana-es\/marbella-puerto-banus-es\/tour-privado-de-gibraltar\/#breadcrumb\"},\"inLanguage\":\"es\",\"potentialAction\":[{\"@type\":\"ReadAction\",\"target\":[\"https:\/\/tourtravelandmore.com\/es\/tours\/espana-es\/marbella-puerto-banus-es\/tour-privado-de-gibraltar\/\"]}]},{\"@type\":\"ImageObject\",\"inLanguage\":\"es\",\"@id\":\"https:\/\/tourtravelandmore.com\/es\/tours\/espana-es\/marbella-puerto-banus-es\/tour-privado-de-gibraltar\/#primaryimage\",\"url\":\"https:\/\/tourtravelandmore.com\/wp-content\/uploads\/2016\/05\/portada86.jpg\",\"contentUrl\":\"https:\/\/tourtravelandmore.com\/wp-content\/uploads\/2016\/05\/portada86.jpg\",\"width\":1605,\"height\":642},{\"@type\":\"BreadcrumbList\",\"@id\":\"https:\/\/tourtravelandmore.com\/es\/tours\/espana-es\/marbella-puerto-banus-es\/tour-privado-de-gibraltar\/#breadcrumb\",\"itemListElement\":[{\"@type\":\"ListItem\",\"position\":1,\"name\":\"Home\",\"item\":\"https:\/\/tourtravelandmore.com\/es\/\"},{\"@type\":\"ListItem\",\"position\":2,\"name\":\"Tours\",\"item\":\"https:\/\/tourtravelandmore.com\/es\/tours\/\"},{\"@type\":\"ListItem\",\"position\":3,\"name\":\"Tour Privado de Gibraltar desde M\u00e1laga\"}]},{\"@type\":\"WebSite\",\"@id\":\"https:\/\/tourtravelandmore.com\/es\/#website\",\"url\":\"https:\/\/tourtravelandmore.com\/es\/\",\"name\":\"Tour Travel And More\",\"description\":\"Private sightseeing tours and luxury transfers in Spain\",\"publisher\":{\"@id\":\"https:\/\/tourtravelandmore.com\/es\/#organization\"},\"potentialAction\":[{\"@type\":\"SearchAction\",\"target\":{\"@type\":\"EntryPoint\",\"urlTemplate\":\"https:\/\/tourtravelandmore.com\/es\/?s={search_term_string}\"},\"query-input\":{\"@type\":\"PropertyValueSpecification\",\"valueRequired\":true,\"valueName\":\"search_term_string\"}}],\"inLanguage\":\"es\"},{\"@type\":\"Organization\",\"@id\":\"https:\/\/tourtravelandmore.com\/es\/#organization\",\"name\":\"Tour Travel And More\",\"url\":\"https:\/\/tourtravelandmore.com\/es\/\",\"logo\":{\"@type\":\"ImageObject\",\"inLanguage\":\"es\",\"@id\":\"https:\/\/tourtravelandmore.com\/es\/#\/schema\/logo\/image\/\",\"url\":\"https:\/\/tourtravelandmore.com\/wp-content\/uploads\/2022\/12\/cropped-logo-cabecera-new.png\",\"contentUrl\":\"https:\/\/tourtravelandmore.com\/wp-content\/uploads\/2022\/12\/cropped-logo-cabecera-new.png\",\"width\":430,\"height\":61,\"caption\":\"Tour Travel And More\"},\"image\":{\"@id\":\"https:\/\/tourtravelandmore.com\/es\/#\/schema\/logo\/image\/\"},\"sameAs\":[\"https:\/\/www.facebook.com\/tourtravelandmore\/\",\"https:\/\/x.com\/TourTravel_More\"]}]}<\/script>\n<!-- \/ Yoast SEO Premium plugin. -->","yoast_head_json":{"title":"\u27a1\ufe0f Tour Privado de Gibraltar desde M\u00e1laga | Tour Travel & More","description":"Gracias a este tour a Gibraltar desde Malaga, conoceras una ciudad \u00fanica y las fabulosas vistas del Pe\u00f1on. Gracias a este tour privado con guia y vehiculo \u2705","robots":{"index":"index","follow":"follow","max-snippet":"max-snippet:-1","max-image-preview":"max-image-preview:large","max-video-preview":"max-video-preview:-1"},"canonical":"https:\/\/tourtravelandmore.com\/es\/tours\/espana-es\/marbella-puerto-banus-es\/tour-privado-de-gibraltar\/","og_locale":"es_ES","og_type":"article","og_title":"Tour Privado de Gibraltar desde M\u00e1laga","og_description":"Gracias a este tour a Gibraltar desde Malaga, conoceras una ciudad \u00fanica y las fabulosas vistas del Pe\u00f1on. Gracias a este tour privado con guia y vehiculo \u2705","og_url":"https:\/\/tourtravelandmore.com\/es\/tours\/espana-es\/marbella-puerto-banus-es\/tour-privado-de-gibraltar\/","og_site_name":"Tour Travel And More","article_publisher":"https:\/\/www.facebook.com\/tourtravelandmore\/","article_modified_time":"2023-03-23T18:06:56+00:00","og_image":[{"width":1605,"height":642,"url":"https:\/\/tourtravelandmore.com\/wp-content\/uploads\/2016\/05\/portada86.jpg","type":"image\/jpeg"}],"twitter_card":"summary_large_image","twitter_site":"@TourTravel_More","twitter_misc":{"Tiempo de lectura":"3 minutos"},"schema":{"@context":"https:\/\/schema.org","@graph":[{"@type":"WebPage","@id":"https:\/\/tourtravelandmore.com\/es\/tours\/espana-es\/marbella-puerto-banus-es\/tour-privado-de-gibraltar\/","url":"https:\/\/tourtravelandmore.com\/es\/tours\/espana-es\/marbella-puerto-banus-es\/tour-privado-de-gibraltar\/","name":"\u27a1\ufe0f Tour Privado de Gibraltar desde M\u00e1laga | Tour Travel & More","isPartOf":{"@id":"https:\/\/tourtravelandmore.com\/es\/#website"},"primaryImageOfPage":{"@id":"https:\/\/tourtravelandmore.com\/es\/tours\/espana-es\/marbella-puerto-banus-es\/tour-privado-de-gibraltar\/#primaryimage"},"image":{"@id":"https:\/\/tourtravelandmore.com\/es\/tours\/espana-es\/marbella-puerto-banus-es\/tour-privado-de-gibraltar\/#primaryimage"},"thumbnailUrl":"https:\/\/tourtravelandmore.com\/wp-content\/uploads\/2016\/05\/portada86.jpg","datePublished":"2016-11-04T11:33:22+00:00","dateModified":"2023-03-23T18:06:56+00:00","description":"Gracias a este tour a Gibraltar desde Malaga, conoceras una ciudad \u00fanica y las fabulosas vistas del Pe\u00f1on. Gracias a este tour privado con guia y vehiculo \u2705","breadcrumb":{"@id":"https:\/\/tourtravelandmore.com\/es\/tours\/espana-es\/marbella-puerto-banus-es\/tour-privado-de-gibraltar\/#breadcrumb"},"inLanguage":"es","potentialAction":[{"@type":"ReadAction","target":["https:\/\/tourtravelandmore.com\/es\/tours\/espana-es\/marbella-puerto-banus-es\/tour-privado-de-gibraltar\/"]}]},{"@type":"ImageObject","inLanguage":"es","@id":"https:\/\/tourtravelandmore.com\/es\/tours\/espana-es\/marbella-puerto-banus-es\/tour-privado-de-gibraltar\/#primaryimage","url":"https:\/\/tourtravelandmore.com\/wp-content\/uploads\/2016\/05\/portada86.jpg","contentUrl":"https:\/\/tourtravelandmore.com\/wp-content\/uploads\/2016\/05\/portada86.jpg","width":1605,"height":642},{"@type":"BreadcrumbList","@id":"https:\/\/tourtravelandmore.com\/es\/tours\/espana-es\/marbella-puerto-banus-es\/tour-privado-de-gibraltar\/#breadcrumb","itemListElement":[{"@type":"ListItem","position":1,"name":"Home","item":"https:\/\/tourtravelandmore.com\/es\/"},{"@type":"ListItem","position":2,"name":"Tours","item":"https:\/\/tourtravelandmore.com\/es\/tours\/"},{"@type":"ListItem","position":3,"name":"Tour Privado de Gibraltar desde M\u00e1laga"}]},{"@type":"WebSite","@id":"https:\/\/tourtravelandmore.com\/es\/#website","url":"https:\/\/tourtravelandmore.com\/es\/","name":"Tour Travel And More","description":"Private sightseeing tours and luxury transfers in Spain","publisher":{"@id":"https:\/\/tourtravelandmore.com\/es\/#organization"},"potentialAction":[{"@type":"SearchAction","target":{"@type":"EntryPoint","urlTemplate":"https:\/\/tourtravelandmore.com\/es\/?s={search_term_string}"},"query-input":{"@type":"PropertyValueSpecification","valueRequired":true,"valueName":"search_term_string"}}],"inLanguage":"es"},{"@type":"Organization","@id":"https:\/\/tourtravelandmore.com\/es\/#organization","name":"Tour Travel And More","url":"https:\/\/tourtravelandmore.com\/es\/","logo":{"@type":"ImageObject","inLanguage":"es","@id":"https:\/\/tourtravelandmore.com\/es\/#\/schema\/logo\/image\/","url":"https:\/\/tourtravelandmore.com\/wp-content\/uploads\/2022\/12\/cropped-logo-cabecera-new.png","contentUrl":"https:\/\/tourtravelandmore.com\/wp-content\/uploads\/2022\/12\/cropped-logo-cabecera-new.png","width":430,"height":61,"caption":"Tour Travel And More"},"image":{"@id":"https:\/\/tourtravelandmore.com\/es\/#\/schema\/logo\/image\/"},"sameAs":["https:\/\/www.facebook.com\/tourtravelandmore\/","https:\/\/x.com\/TourTravel_More"]}]}},"_links":{"self":[{"href":"https:\/\/tourtravelandmore.com\/es\/wp-json\/wp\/v2\/product\/8824","targetHints":{"allow":["GET"]}}],"collection":[{"href":"https:\/\/tourtravelandmore.com\/es\/wp-json\/wp\/v2\/product"}],"about":[{"href":"https:\/\/tourtravelandmore.com\/es\/wp-json\/wp\/v2\/types\/product"}],"replies":[{"embeddable":true,"href":"https:\/\/tourtravelandmore.com\/es\/wp-json\/wp\/v2\/comments?post=8824"}],"wp:featuredmedia":[{"embeddable":true,"href":"https:\/\/tourtravelandmore.com\/es\/wp-json\/wp\/v2\/media\/1061"}],"wp:attachment":[{"href":"https:\/\/tourtravelandmore.com\/es\/wp-json\/wp\/v2\/media?parent=8824"}],"wp:term":[{"taxonomy":"product_brand","embeddable":true,"href":"https:\/\/tourtravelandmore.com\/es\/wp-json\/wp\/v2\/product_brand?post=8824"},{"taxonomy":"product_cat","embeddable":true,"href":"https:\/\/tourtravelandmore.com\/es\/wp-json\/wp\/v2\/product_cat?post=8824"},{"taxonomy":"product_tag","embeddable":true,"href":"https:\/\/tourtravelandmore.com\/es\/wp-json\/wp\/v2\/product_tag?post=8824"}],"curies":[{"name":"wp","href":"https:\/\/api.w.org\/{rel}","templated":true}]}}