{"id":88232,"date":"2020-11-27T10:29:57","date_gmt":"2020-11-27T09:29:57","guid":{"rendered":"https:\/\/tourtravelandmore.com\/?post_type=product&#038;p=88232"},"modified":"2022-11-15T19:23:34","modified_gmt":"2022-11-15T18:23:34","slug":"traslados-privados-en-el-cairo","status":"publish","type":"product","link":"https:\/\/tourtravelandmore.com\/es\/tours\/egipto-es\/cairo-es\/cairo-actividades-es\/traslados-privados-en-el-cairo\/","title":{"rendered":"Traslados Privados en El Cairo"},"content":{"rendered":"<h2><strong>Descripci\u00f3n de los Traslados\u00a0Privados en El Cairo<\/strong><\/h2>\n<p>Disfrute de una experiencia relajante en uno de nuestros <strong>veh\u00edculos privados<\/strong>\u00a0con nuestros <strong>traslados privados en El Cairo<\/strong>. Experimente el modo m\u00e1s c\u00f3modo y veloz de llegar a su destino final.<\/p>\n<p>Ofrecemos traslados desde y hacia el <a href=\"https:\/\/www.cairo-airport.com\/en-us\/\">aeropuerto<\/a>, como as\u00ed tambi\u00e9n traslados dentro de Egipto, <a href=\"https:\/\/tourtravelandmore.com\/es\/ciudad\/egipto-es\/cairo-es\/cairo-tours-privados-es\/\">excursiones privadas<\/a> e <a href=\"https:\/\/tourtravelandmore.com\/es\/ciudad\/egipto-es\/cairo-es\/cairo-rutas-es\/\">itinerarios privados<\/a>.<\/p>\n<p>En caso de solicitar un traslado de arribo, nuestro chofer le estar\u00e1 esperando con un cartel a su nombre en la terminal de arribos. Tambi\u00e9n disfrute de <strong>traslados privados en El Cairo<\/strong> desde su hotel o apartamento hacia cualquier restaurante en la ciudad, o a otras ciudades como Alexandria o el puerto Said.<\/p>\n<h2><strong>Puntos de inter\u00e9s en los Traslados Privados en El Cairo<\/strong><\/h2>\n<p>Fundada en el a\u00f1o 969DC, la ciudad moderna de El Cairo parece joven en comparaci\u00f3n a las pir\u00e1mides de m\u00e1s de 4,500 a\u00f1os junto al Nilo. <strong>El Cairo<\/strong> tiene las industrias de cine y m\u00fasica m\u00e1s grandes y antiguas del mundo \u00e1rabe, como tambi\u00e9n la segunda instituci\u00f3n de educaci\u00f3n superior m\u00e1s antigua del mundo, la universidad Al-Azhar.<\/p>\n<p>Ofrecemos servicio de traslado y ofrecemos un <strong>servicio personalizado y privad<\/strong>o para todos los grupos. Todos nuestros veh\u00edculos son de alta gama.<\/p>\n<p>Todo lo que necesita hacer es contactarnos y organizaremos su traslado privado de la mejor manera posible.<\/p>\n<p>No limitamos la cantidad de equipaje. Pero le rogamos que informe con cu\u00e1ntos equipajes viajar\u00e1 solo por cuestiones de log\u00edstica. A veces puede ser necesario un veh\u00edculo m\u00e1s grande y se pueden aplicar tarifas adicionales.<\/p>\n<p>Si necesita un asiento para beb\u00e9 o un asiento para ni\u00f1os, p\u00f3ngase en contacto con nosotros antes de su vuelo o traslado privado para organizarlo correctamente.<\/p>\n","protected":false},"excerpt":{"rendered":"<p>Disfrute de una experiencia relaj\u00e1nte y sin preocupaciones con nuestros<strong> traslados privados en El Cairo<\/strong>. Nuestros choferes est\u00e1n a su disposici\u00f3n<\/p>\n","protected":false},"featured_media":144329,"comment_status":"open","ping_status":"closed","template":"","meta":{"_acf_changed":false},"product_brand":[],"product_cat":[3031,3040,3043,3055],"product_tag":[],"class_list":{"0":"post-88232","1":"product","2":"type-product","3":"status-publish","4":"has-post-thumbnail","6":"product_cat-egipto-es","7":"product_cat-cairo-es","8":"product_cat-cairo-actividades-es","9":"product_cat-cairo-traslados-es","11":"first","12":"instock","13":"shipping-taxable","14":"purchasable","15":"product-type-simple"},"acf":[],"yoast_head":"<!-- This site is optimized with the Yoast SEO Premium plugin v25.3.1 (Yoast SEO v25.3.1) - https:\/\/yoast.com\/wordpress\/plugins\/seo\/ -->\n<title>Traslados Privados en El Cairo: veh\u00edculos privados con chofer<\/title>\n<meta name=\"description\" content=\"Disfrute de una experiencia relajante y sin preocupaciones con nuestros traslados privados en El Cairo. Nuestros choferes est\u00e1n a su disposici\u00f3n \u2705\" \/>\n<meta name=\"robots\" content=\"index, follow, max-snippet:-1, max-image-preview:large, max-video-preview:-1\" \/>\n<link rel=\"canonical\" href=\"https:\/\/tourtravelandmore.com\/es\/tours\/egipto-es\/cairo-es\/cairo-actividades-es\/traslados-privados-en-el-cairo\/\" \/>\n<meta property=\"og:locale\" content=\"es_ES\" \/>\n<meta property=\"og:type\" content=\"article\" \/>\n<meta property=\"og:title\" content=\"Traslados Privados en El Cairo\" \/>\n<meta property=\"og:description\" content=\"Disfrute de una experiencia relajante y sin preocupaciones con nuestros traslados privados en El Cairo. Nuestros choferes est\u00e1n a su disposici\u00f3n \u2705\" \/>\n<meta property=\"og:url\" content=\"https:\/\/tourtravelandmore.com\/es\/tours\/egipto-es\/cairo-es\/cairo-actividades-es\/traslados-privados-en-el-cairo\/\" \/>\n<meta property=\"og:site_name\" content=\"Tour Travel And More\" \/>\n<meta property=\"article:publisher\" content=\"https:\/\/www.facebook.com\/tourtravelandmore\/\" \/>\n<meta property=\"article:modified_time\" content=\"2022-11-15T18:23:34+00:00\" \/>\n<meta property=\"og:image\" content=\"https:\/\/tourtravelandmore.com\/wp-content\/uploads\/2022\/11\/RT_V_dea56daf0d1646619b18dbf555170ff7.jpg\" \/>\n\t<meta property=\"og:image:width\" content=\"480\" \/>\n\t<meta property=\"og:image:height\" content=\"360\" \/>\n\t<meta property=\"og:image:type\" content=\"image\/jpeg\" \/>\n<meta name=\"twitter:card\" content=\"summary_large_image\" \/>\n<meta name=\"twitter:site\" content=\"@TourTravel_More\" \/>\n<meta name=\"twitter:label1\" content=\"Tiempo de lectura\" \/>\n\t<meta name=\"twitter:data1\" content=\"2 minutos\" \/>\n<script type=\"application\/ld+json\" class=\"yoast-schema-graph\">{\"@context\":\"https:\/\/schema.org\",\"@graph\":[{\"@type\":\"WebPage\",\"@id\":\"https:\/\/tourtravelandmore.com\/es\/tours\/egipto-es\/cairo-es\/cairo-actividades-es\/traslados-privados-en-el-cairo\/\",\"url\":\"https:\/\/tourtravelandmore.com\/es\/tours\/egipto-es\/cairo-es\/cairo-actividades-es\/traslados-privados-en-el-cairo\/\",\"name\":\"Traslados Privados en El Cairo: veh\u00edculos privados con chofer\",\"isPartOf\":{\"@id\":\"https:\/\/tourtravelandmore.com\/es\/#website\"},\"primaryImageOfPage\":{\"@id\":\"https:\/\/tourtravelandmore.com\/es\/tours\/egipto-es\/cairo-es\/cairo-actividades-es\/traslados-privados-en-el-cairo\/#primaryimage\"},\"image\":{\"@id\":\"https:\/\/tourtravelandmore.com\/es\/tours\/egipto-es\/cairo-es\/cairo-actividades-es\/traslados-privados-en-el-cairo\/#primaryimage\"},\"thumbnailUrl\":\"https:\/\/tourtravelandmore.com\/wp-content\/uploads\/2022\/11\/RT_V_dea56daf0d1646619b18dbf555170ff7.jpg\",\"datePublished\":\"2020-11-27T09:29:57+00:00\",\"dateModified\":\"2022-11-15T18:23:34+00:00\",\"description\":\"Disfrute de una experiencia relajante y sin preocupaciones con nuestros traslados privados en El Cairo. Nuestros choferes est\u00e1n a su disposici\u00f3n \u2705\",\"breadcrumb\":{\"@id\":\"https:\/\/tourtravelandmore.com\/es\/tours\/egipto-es\/cairo-es\/cairo-actividades-es\/traslados-privados-en-el-cairo\/#breadcrumb\"},\"inLanguage\":\"es\",\"potentialAction\":[{\"@type\":\"ReadAction\",\"target\":[\"https:\/\/tourtravelandmore.com\/es\/tours\/egipto-es\/cairo-es\/cairo-actividades-es\/traslados-privados-en-el-cairo\/\"]}]},{\"@type\":\"ImageObject\",\"inLanguage\":\"es\",\"@id\":\"https:\/\/tourtravelandmore.com\/es\/tours\/egipto-es\/cairo-es\/cairo-actividades-es\/traslados-privados-en-el-cairo\/#primaryimage\",\"url\":\"https:\/\/tourtravelandmore.com\/wp-content\/uploads\/2022\/11\/RT_V_dea56daf0d1646619b18dbf555170ff7.jpg\",\"contentUrl\":\"https:\/\/tourtravelandmore.com\/wp-content\/uploads\/2022\/11\/RT_V_dea56daf0d1646619b18dbf555170ff7.jpg\",\"width\":480,\"height\":360,\"caption\":\"Private Transfers from Alexandria to Cairo\"},{\"@type\":\"BreadcrumbList\",\"@id\":\"https:\/\/tourtravelandmore.com\/es\/tours\/egipto-es\/cairo-es\/cairo-actividades-es\/traslados-privados-en-el-cairo\/#breadcrumb\",\"itemListElement\":[{\"@type\":\"ListItem\",\"position\":1,\"name\":\"Home\",\"item\":\"https:\/\/tourtravelandmore.com\/es\/\"},{\"@type\":\"ListItem\",\"position\":2,\"name\":\"Tours\",\"item\":\"https:\/\/tourtravelandmore.com\/es\/tours\/\"},{\"@type\":\"ListItem\",\"position\":3,\"name\":\"Traslados Privados en El Cairo\"}]},{\"@type\":\"WebSite\",\"@id\":\"https:\/\/tourtravelandmore.com\/es\/#website\",\"url\":\"https:\/\/tourtravelandmore.com\/es\/\",\"name\":\"Tour Travel And More\",\"description\":\"Private sightseeing tours and luxury transfers in Spain\",\"publisher\":{\"@id\":\"https:\/\/tourtravelandmore.com\/es\/#organization\"},\"potentialAction\":[{\"@type\":\"SearchAction\",\"target\":{\"@type\":\"EntryPoint\",\"urlTemplate\":\"https:\/\/tourtravelandmore.com\/es\/?s={search_term_string}\"},\"query-input\":{\"@type\":\"PropertyValueSpecification\",\"valueRequired\":true,\"valueName\":\"search_term_string\"}}],\"inLanguage\":\"es\"},{\"@type\":\"Organization\",\"@id\":\"https:\/\/tourtravelandmore.com\/es\/#organization\",\"name\":\"Tour Travel And More\",\"url\":\"https:\/\/tourtravelandmore.com\/es\/\",\"logo\":{\"@type\":\"ImageObject\",\"inLanguage\":\"es\",\"@id\":\"https:\/\/tourtravelandmore.com\/es\/#\/schema\/logo\/image\/\",\"url\":\"https:\/\/tourtravelandmore.com\/wp-content\/uploads\/2022\/12\/cropped-logo-cabecera-new.png\",\"contentUrl\":\"https:\/\/tourtravelandmore.com\/wp-content\/uploads\/2022\/12\/cropped-logo-cabecera-new.png\",\"width\":430,\"height\":61,\"caption\":\"Tour Travel And More\"},\"image\":{\"@id\":\"https:\/\/tourtravelandmore.com\/es\/#\/schema\/logo\/image\/\"},\"sameAs\":[\"https:\/\/www.facebook.com\/tourtravelandmore\/\",\"https:\/\/x.com\/TourTravel_More\"]}]}<\/script>\n<!-- \/ Yoast SEO Premium plugin. -->","yoast_head_json":{"title":"Traslados Privados en El Cairo: veh\u00edculos privados con chofer","description":"Disfrute de una experiencia relajante y sin preocupaciones con nuestros traslados privados en El Cairo. Nuestros choferes est\u00e1n a su disposici\u00f3n \u2705","robots":{"index":"index","follow":"follow","max-snippet":"max-snippet:-1","max-image-preview":"max-image-preview:large","max-video-preview":"max-video-preview:-1"},"canonical":"https:\/\/tourtravelandmore.com\/es\/tours\/egipto-es\/cairo-es\/cairo-actividades-es\/traslados-privados-en-el-cairo\/","og_locale":"es_ES","og_type":"article","og_title":"Traslados Privados en El Cairo","og_description":"Disfrute de una experiencia relajante y sin preocupaciones con nuestros traslados privados en El Cairo. Nuestros choferes est\u00e1n a su disposici\u00f3n \u2705","og_url":"https:\/\/tourtravelandmore.com\/es\/tours\/egipto-es\/cairo-es\/cairo-actividades-es\/traslados-privados-en-el-cairo\/","og_site_name":"Tour Travel And More","article_publisher":"https:\/\/www.facebook.com\/tourtravelandmore\/","article_modified_time":"2022-11-15T18:23:34+00:00","og_image":[{"width":480,"height":360,"url":"https:\/\/tourtravelandmore.com\/wp-content\/uploads\/2022\/11\/RT_V_dea56daf0d1646619b18dbf555170ff7.jpg","type":"image\/jpeg"}],"twitter_card":"summary_large_image","twitter_site":"@TourTravel_More","twitter_misc":{"Tiempo de lectura":"2 minutos"},"schema":{"@context":"https:\/\/schema.org","@graph":[{"@type":"WebPage","@id":"https:\/\/tourtravelandmore.com\/es\/tours\/egipto-es\/cairo-es\/cairo-actividades-es\/traslados-privados-en-el-cairo\/","url":"https:\/\/tourtravelandmore.com\/es\/tours\/egipto-es\/cairo-es\/cairo-actividades-es\/traslados-privados-en-el-cairo\/","name":"Traslados Privados en El Cairo: veh\u00edculos privados con chofer","isPartOf":{"@id":"https:\/\/tourtravelandmore.com\/es\/#website"},"primaryImageOfPage":{"@id":"https:\/\/tourtravelandmore.com\/es\/tours\/egipto-es\/cairo-es\/cairo-actividades-es\/traslados-privados-en-el-cairo\/#primaryimage"},"image":{"@id":"https:\/\/tourtravelandmore.com\/es\/tours\/egipto-es\/cairo-es\/cairo-actividades-es\/traslados-privados-en-el-cairo\/#primaryimage"},"thumbnailUrl":"https:\/\/tourtravelandmore.com\/wp-content\/uploads\/2022\/11\/RT_V_dea56daf0d1646619b18dbf555170ff7.jpg","datePublished":"2020-11-27T09:29:57+00:00","dateModified":"2022-11-15T18:23:34+00:00","description":"Disfrute de una experiencia relajante y sin preocupaciones con nuestros traslados privados en El Cairo. Nuestros choferes est\u00e1n a su disposici\u00f3n \u2705","breadcrumb":{"@id":"https:\/\/tourtravelandmore.com\/es\/tours\/egipto-es\/cairo-es\/cairo-actividades-es\/traslados-privados-en-el-cairo\/#breadcrumb"},"inLanguage":"es","potentialAction":[{"@type":"ReadAction","target":["https:\/\/tourtravelandmore.com\/es\/tours\/egipto-es\/cairo-es\/cairo-actividades-es\/traslados-privados-en-el-cairo\/"]}]},{"@type":"ImageObject","inLanguage":"es","@id":"https:\/\/tourtravelandmore.com\/es\/tours\/egipto-es\/cairo-es\/cairo-actividades-es\/traslados-privados-en-el-cairo\/#primaryimage","url":"https:\/\/tourtravelandmore.com\/wp-content\/uploads\/2022\/11\/RT_V_dea56daf0d1646619b18dbf555170ff7.jpg","contentUrl":"https:\/\/tourtravelandmore.com\/wp-content\/uploads\/2022\/11\/RT_V_dea56daf0d1646619b18dbf555170ff7.jpg","width":480,"height":360,"caption":"Private Transfers from Alexandria to Cairo"},{"@type":"BreadcrumbList","@id":"https:\/\/tourtravelandmore.com\/es\/tours\/egipto-es\/cairo-es\/cairo-actividades-es\/traslados-privados-en-el-cairo\/#breadcrumb","itemListElement":[{"@type":"ListItem","position":1,"name":"Home","item":"https:\/\/tourtravelandmore.com\/es\/"},{"@type":"ListItem","position":2,"name":"Tours","item":"https:\/\/tourtravelandmore.com\/es\/tours\/"},{"@type":"ListItem","position":3,"name":"Traslados Privados en El Cairo"}]},{"@type":"WebSite","@id":"https:\/\/tourtravelandmore.com\/es\/#website","url":"https:\/\/tourtravelandmore.com\/es\/","name":"Tour Travel And More","description":"Private sightseeing tours and luxury transfers in Spain","publisher":{"@id":"https:\/\/tourtravelandmore.com\/es\/#organization"},"potentialAction":[{"@type":"SearchAction","target":{"@type":"EntryPoint","urlTemplate":"https:\/\/tourtravelandmore.com\/es\/?s={search_term_string}"},"query-input":{"@type":"PropertyValueSpecification","valueRequired":true,"valueName":"search_term_string"}}],"inLanguage":"es"},{"@type":"Organization","@id":"https:\/\/tourtravelandmore.com\/es\/#organization","name":"Tour Travel And More","url":"https:\/\/tourtravelandmore.com\/es\/","logo":{"@type":"ImageObject","inLanguage":"es","@id":"https:\/\/tourtravelandmore.com\/es\/#\/schema\/logo\/image\/","url":"https:\/\/tourtravelandmore.com\/wp-content\/uploads\/2022\/12\/cropped-logo-cabecera-new.png","contentUrl":"https:\/\/tourtravelandmore.com\/wp-content\/uploads\/2022\/12\/cropped-logo-cabecera-new.png","width":430,"height":61,"caption":"Tour Travel And More"},"image":{"@id":"https:\/\/tourtravelandmore.com\/es\/#\/schema\/logo\/image\/"},"sameAs":["https:\/\/www.facebook.com\/tourtravelandmore\/","https:\/\/x.com\/TourTravel_More"]}]}},"_links":{"self":[{"href":"https:\/\/tourtravelandmore.com\/es\/wp-json\/wp\/v2\/product\/88232","targetHints":{"allow":["GET"]}}],"collection":[{"href":"https:\/\/tourtravelandmore.com\/es\/wp-json\/wp\/v2\/product"}],"about":[{"href":"https:\/\/tourtravelandmore.com\/es\/wp-json\/wp\/v2\/types\/product"}],"replies":[{"embeddable":true,"href":"https:\/\/tourtravelandmore.com\/es\/wp-json\/wp\/v2\/comments?post=88232"}],"wp:featuredmedia":[{"embeddable":true,"href":"https:\/\/tourtravelandmore.com\/es\/wp-json\/wp\/v2\/media\/144329"}],"wp:attachment":[{"href":"https:\/\/tourtravelandmore.com\/es\/wp-json\/wp\/v2\/media?parent=88232"}],"wp:term":[{"taxonomy":"product_brand","embeddable":true,"href":"https:\/\/tourtravelandmore.com\/es\/wp-json\/wp\/v2\/product_brand?post=88232"},{"taxonomy":"product_cat","embeddable":true,"href":"https:\/\/tourtravelandmore.com\/es\/wp-json\/wp\/v2\/product_cat?post=88232"},{"taxonomy":"product_tag","embeddable":true,"href":"https:\/\/tourtravelandmore.com\/es\/wp-json\/wp\/v2\/product_tag?post=88232"}],"curies":[{"name":"wp","href":"https:\/\/api.w.org\/{rel}","templated":true}]}}